{"id":39093,"date":"2024-04-29T13:41:44","date_gmt":"2024-04-29T11:41:44","guid":{"rendered":"https:\/\/antersystem.com\/nouvelles\/report-from-sawo-2024-trade-fair\/"},"modified":"2026-02-02T15:47:21","modified_gmt":"2026-02-02T14:47:21","slug":"report-from-sawo-2024-trade-fair","status":"publish","type":"page","link":"https:\/\/antersystem.com\/fr\/nouvelles\/report-from-sawo-2024-trade-fair\/","title":{"rendered":"Rapport du salon SAWO 2024"},"content":{"rendered":"\n<div class=\"wp-block-columns is-layout-flex wp-container-core-columns-is-layout-9d6595d7 wp-block-columns-is-layout-flex\">\n<div class=\"wp-block-column is-layout-flow wp-block-column-is-layout-flow\" style=\"flex-basis:10%\"><\/div>\n\n\n\n<div class=\"wp-block-column is-layout-flow wp-block-column-is-layout-flow\">\n<h2 class=\"wp-block-heading\">Rapport visuel du salon SAWO&rsquo;24<\/h2>\n\n\n\n<p>Le salon international de la s\u00e9curit\u00e9 au travail, de la protection contre l&rsquo;incendie et du sauvetage SAWO est le plus grand salon de la SST en Europe centrale et orientale. L&rsquo;\u00e9v\u00e9nement a lieu tous les deux ans. SAWO est un \u00e9v\u00e9nement unique en Pologne qui contribue directement \u00e0 la mise en \u0153uvre de technologies et de solutions avanc\u00e9es dans les entreprises, am\u00e9liorant ainsi la qualit\u00e9 du travail et la s\u00e9curit\u00e9 des employ\u00e9s.  <\/p>\n\n\n\n<p>Lors de l&rsquo;\u00e9dition de cette ann\u00e9e, nous avons re\u00e7u la M\u00e9daille d&rsquo;Or des organisateurs pour la <strong><a href=\"https:\/\/antersystem.com\/fr\/produits\/traffic-dock-gate\/bramka-dock-gate-3-2\/\">Porte de quai \u00e0 circulation automatique DOCK GATE<\/a><\/strong>. Cette solution innovante assure une manutention s\u00fbre et efficace des marchandises sur les quais de chargement, dans les zones de stockage et dans les entrep\u00f4ts. Notre \u00e9quipe a eu de nombreuses conversations et a pr\u00e9sent\u00e9 les solutions d&rsquo;Anter System \u00e0 des centaines de visiteurs, tous avec un objectif en t\u00eate : faire du travail en toute s\u00e9curit\u00e9 la norme.  <\/p>\n\n\n\n<p>Nous vous remercions de votre visite sur notre stand et de l&rsquo;opportunit\u00e9 de vous pr\u00e9senter les solutions propos\u00e9es par Anter System <a href=\"https:\/\/www.youtube.com\/channel\/UC1zGnGoW-aY0v1ZrDd3KHLA\">@antersystem_pl<\/a>.<\/p>\n\n\n\n<p>Nous vous invitons \u00e0 prendre contact avec nous et \u00e0 regarder les vid\u00e9os\/photos capturant l&rsquo;atmosph\u00e8re de l&rsquo;\u00e9v\u00e9nement !<\/p>\n\n\n\nngg_shortcode_0_placeholder\n\n\n\n<figure class=\"wp-block-embed aligncenter is-type-video is-provider-youtube wp-block-embed-youtube wp-embed-aspect-16-9 wp-has-aspect-ratio\"><div class=\"wp-block-embed__wrapper\">\n<iframe loading=\"lazy\" title=\"Relacja z targ\u00f3w SAWO 2024 Anter System. [Report from the SAWO 2024 Anter System fair.]\" width=\"500\" height=\"281\" src=\"https:\/\/www.youtube.com\/embed\/sRi9QEKJonk?feature=oembed\" frameborder=\"0\" allow=\"accelerometer; autoplay; clipboard-write; encrypted-media; gyroscope; picture-in-picture; web-share\" referrerpolicy=\"strict-origin-when-cross-origin\" allowfullscreen><\/iframe>\n<\/div><\/figure>\n\n\n\n<h3 class=\"wp-block-heading\"><\/h3>\n<\/div>\n\n\n\n<div class=\"wp-block-column is-layout-flow wp-block-column-is-layout-flow\" style=\"flex-basis:10%\"><\/div>\n<\/div>\n","protected":false},"excerpt":{"rendered":"<p>Rapport visuel du salon SAWO&rsquo;24 Le salon international de la s\u00e9curit\u00e9 au travail, de la protection contre l&rsquo;incendie et du sauvetage SAWO est le plus grand salon de la SST en Europe centrale et orientale. L&rsquo;\u00e9v\u00e9nement a lieu tous les deux ans. SAWO est un \u00e9v\u00e9nement unique en Pologne qui contribue directement \u00e0 la mise [&hellip;]<\/p>\n","protected":false},"author":1,"featured_media":0,"parent":30302,"menu_order":0,"comment_status":"closed","ping_status":"closed","template":"","meta":{"inline_featured_image":false,"ngg_post_thumbnail":0,"footnotes":""},"class_list":["post-39093","page","type-page","status-publish","hentry"],"acf":[],"yoast_head":"<!-- This site is optimized with the Yoast SEO plugin v27.0 - https:\/\/yoast.com\/product\/yoast-seo-wordpress\/ -->\n<title>Rapport du salon SAWO 2024 - Anter System<\/title>\n<meta name=\"description\" content=\"Rapport visuel du salon SAWO&#039;24 Le salon international de la s\u00e9curit\u00e9 au travail, de la protection contre l&#039;incendie et du sauvetage SAWO est le plus\" \/>\n<meta name=\"robots\" content=\"index, follow, max-snippet:-1, max-image-preview:large, max-video-preview:-1\" \/>\n<link rel=\"canonical\" href=\"https:\/\/antersystem.com\/fr\/nouvelles\/report-from-sawo-2024-trade-fair\/\" \/>\n<meta property=\"og:locale\" content=\"fr_FR\" \/>\n<meta property=\"og:type\" content=\"article\" \/>\n<meta property=\"og:title\" content=\"Rapport du salon SAWO 2024 - Anter System\" \/>\n<meta property=\"og:description\" content=\"Rapport visuel du salon SAWO&#039;24 Le salon international de la s\u00e9curit\u00e9 au travail, de la protection contre l&#039;incendie et du sauvetage SAWO est le plus\" \/>\n<meta property=\"og:url\" content=\"https:\/\/antersystem.com\/fr\/nouvelles\/report-from-sawo-2024-trade-fair\/\" \/>\n<meta property=\"og:site_name\" content=\"Anter System\" \/>\n<meta property=\"article:modified_time\" content=\"2026-02-02T14:47:21+00:00\" \/>\n<meta name=\"twitter:card\" content=\"summary_large_image\" \/>\n<meta name=\"twitter:label1\" content=\"Dur\u00e9e de lecture estim\u00e9e\" \/>\n\t<meta name=\"twitter:data1\" content=\"1 minute\" \/>\n<script type=\"application\/ld+json\" class=\"yoast-schema-graph\">{\"@context\":\"https:\/\/schema.org\",\"@graph\":[{\"@type\":\"WebPage\",\"@id\":\"https:\/\/antersystem.com\/fr\/nouvelles\/report-from-sawo-2024-trade-fair\/\",\"url\":\"https:\/\/antersystem.com\/fr\/nouvelles\/report-from-sawo-2024-trade-fair\/\",\"name\":\"Rapport du salon SAWO 2024 - Anter System\",\"isPartOf\":{\"@id\":\"https:\/\/antersystem.com\/fr\/#website\"},\"datePublished\":\"2024-04-29T11:41:44+00:00\",\"dateModified\":\"2026-02-02T14:47:21+00:00\",\"description\":\"Rapport visuel du salon SAWO'24 Le salon international de la s\u00e9curit\u00e9 au travail, de la protection contre l'incendie et du sauvetage SAWO est le plus\",\"breadcrumb\":{\"@id\":\"https:\/\/antersystem.com\/fr\/nouvelles\/report-from-sawo-2024-trade-fair\/#breadcrumb\"},\"inLanguage\":\"fr-FR\",\"potentialAction\":[{\"@type\":\"ReadAction\",\"target\":[\"https:\/\/antersystem.com\/fr\/nouvelles\/report-from-sawo-2024-trade-fair\/\"]}]},{\"@type\":\"BreadcrumbList\",\"@id\":\"https:\/\/antersystem.com\/fr\/nouvelles\/report-from-sawo-2024-trade-fair\/#breadcrumb\",\"itemListElement\":[{\"@type\":\"ListItem\",\"position\":1,\"name\":\"AnterSystem\",\"item\":\"https:\/\/antersystem.com\/fr\/\"},{\"@type\":\"ListItem\",\"position\":2,\"name\":\"Actualit\u00e9s\",\"item\":\"https:\/\/antersystem.com\/fr\/nouvelles\/\"},{\"@type\":\"ListItem\",\"position\":3,\"name\":\"Rapport du salon SAWO 2024\"}]},{\"@type\":\"WebSite\",\"@id\":\"https:\/\/antersystem.com\/fr\/#website\",\"url\":\"https:\/\/antersystem.com\/fr\/\",\"name\":\"Anter System\",\"description\":\"Jeste\u015bmy polskim producentem elastycznych barier ochronnych wykonywanych z polimerowych tworzyw sztucznych. Na rynku krajowym i zagranicznym dzia\u0142amy od ponad 15 lat dbaj\u0105c o zapewnienie bezpiecze\u0144stwa w zak\u0142adach produkcyjnych, magazynach oraz centrach logistycznych.\",\"potentialAction\":[{\"@type\":\"SearchAction\",\"target\":{\"@type\":\"EntryPoint\",\"urlTemplate\":\"https:\/\/antersystem.com\/fr\/?s={search_term_string}\"},\"query-input\":{\"@type\":\"PropertyValueSpecification\",\"valueRequired\":true,\"valueName\":\"search_term_string\"}}],\"inLanguage\":\"fr-FR\"}]}<\/script>\n<!-- \/ Yoast SEO plugin. -->","yoast_head_json":{"title":"Rapport du salon SAWO 2024 - Anter System","description":"Rapport visuel du salon SAWO'24 Le salon international de la s\u00e9curit\u00e9 au travail, de la protection contre l'incendie et du sauvetage SAWO est le plus","robots":{"index":"index","follow":"follow","max-snippet":"max-snippet:-1","max-image-preview":"max-image-preview:large","max-video-preview":"max-video-preview:-1"},"canonical":"https:\/\/antersystem.com\/fr\/nouvelles\/report-from-sawo-2024-trade-fair\/","og_locale":"fr_FR","og_type":"article","og_title":"Rapport du salon SAWO 2024 - Anter System","og_description":"Rapport visuel du salon SAWO'24 Le salon international de la s\u00e9curit\u00e9 au travail, de la protection contre l'incendie et du sauvetage SAWO est le plus","og_url":"https:\/\/antersystem.com\/fr\/nouvelles\/report-from-sawo-2024-trade-fair\/","og_site_name":"Anter System","article_modified_time":"2026-02-02T14:47:21+00:00","twitter_card":"summary_large_image","twitter_misc":{"Dur\u00e9e de lecture estim\u00e9e":"1 minute"},"schema":{"@context":"https:\/\/schema.org","@graph":[{"@type":"WebPage","@id":"https:\/\/antersystem.com\/fr\/nouvelles\/report-from-sawo-2024-trade-fair\/","url":"https:\/\/antersystem.com\/fr\/nouvelles\/report-from-sawo-2024-trade-fair\/","name":"Rapport du salon SAWO 2024 - Anter System","isPartOf":{"@id":"https:\/\/antersystem.com\/fr\/#website"},"datePublished":"2024-04-29T11:41:44+00:00","dateModified":"2026-02-02T14:47:21+00:00","description":"Rapport visuel du salon SAWO'24 Le salon international de la s\u00e9curit\u00e9 au travail, de la protection contre l'incendie et du sauvetage SAWO est le plus","breadcrumb":{"@id":"https:\/\/antersystem.com\/fr\/nouvelles\/report-from-sawo-2024-trade-fair\/#breadcrumb"},"inLanguage":"fr-FR","potentialAction":[{"@type":"ReadAction","target":["https:\/\/antersystem.com\/fr\/nouvelles\/report-from-sawo-2024-trade-fair\/"]}]},{"@type":"BreadcrumbList","@id":"https:\/\/antersystem.com\/fr\/nouvelles\/report-from-sawo-2024-trade-fair\/#breadcrumb","itemListElement":[{"@type":"ListItem","position":1,"name":"AnterSystem","item":"https:\/\/antersystem.com\/fr\/"},{"@type":"ListItem","position":2,"name":"Actualit\u00e9s","item":"https:\/\/antersystem.com\/fr\/nouvelles\/"},{"@type":"ListItem","position":3,"name":"Rapport du salon SAWO 2024"}]},{"@type":"WebSite","@id":"https:\/\/antersystem.com\/fr\/#website","url":"https:\/\/antersystem.com\/fr\/","name":"Anter System","description":"Jeste\u015bmy polskim producentem elastycznych barier ochronnych wykonywanych z polimerowych tworzyw sztucznych. Na rynku krajowym i zagranicznym dzia\u0142amy od ponad 15 lat dbaj\u0105c o zapewnienie bezpiecze\u0144stwa w zak\u0142adach produkcyjnych, magazynach oraz centrach logistycznych.","potentialAction":[{"@type":"SearchAction","target":{"@type":"EntryPoint","urlTemplate":"https:\/\/antersystem.com\/fr\/?s={search_term_string}"},"query-input":{"@type":"PropertyValueSpecification","valueRequired":true,"valueName":"search_term_string"}}],"inLanguage":"fr-FR"}]}},"_links":{"self":[{"href":"https:\/\/antersystem.com\/fr\/wp-json\/wp\/v2\/pages\/39093","targetHints":{"allow":["GET"]}}],"collection":[{"href":"https:\/\/antersystem.com\/fr\/wp-json\/wp\/v2\/pages"}],"about":[{"href":"https:\/\/antersystem.com\/fr\/wp-json\/wp\/v2\/types\/page"}],"author":[{"embeddable":true,"href":"https:\/\/antersystem.com\/fr\/wp-json\/wp\/v2\/users\/1"}],"replies":[{"embeddable":true,"href":"https:\/\/antersystem.com\/fr\/wp-json\/wp\/v2\/comments?post=39093"}],"version-history":[{"count":1,"href":"https:\/\/antersystem.com\/fr\/wp-json\/wp\/v2\/pages\/39093\/revisions"}],"predecessor-version":[{"id":39094,"href":"https:\/\/antersystem.com\/fr\/wp-json\/wp\/v2\/pages\/39093\/revisions\/39094"}],"up":[{"embeddable":true,"href":"https:\/\/antersystem.com\/fr\/wp-json\/wp\/v2\/pages\/30302"}],"wp:attachment":[{"href":"https:\/\/antersystem.com\/fr\/wp-json\/wp\/v2\/media?parent=39093"}],"curies":[{"name":"wp","href":"https:\/\/api.w.org\/{rel}","templated":true}]}}