{"id":39206,"date":"2024-02-08T14:55:05","date_gmt":"2024-02-08T13:55:05","guid":{"rendered":"https:\/\/antersystem.com\/nouvelles\/warehouse-logistics-at-the-trade-fair-intralogistica-2024\/"},"modified":"2026-02-04T11:22:27","modified_gmt":"2026-02-04T10:22:27","slug":"warehouse-logistics-at-the-trade-fair-intralogistica-2024","status":"publish","type":"page","link":"https:\/\/antersystem.com\/fr\/nouvelles\/warehouse-logistics-at-the-trade-fair-intralogistica-2024\/","title":{"rendered":"La logistique d&rsquo;entreposage au salon"},"content":{"rendered":"\n<div class=\"wp-block-columns is-layout-flex wp-container-core-columns-is-layout-9d6595d7 wp-block-columns-is-layout-flex\">\n  \n  <div class=\"wp-block-column is-layout-flow wp-block-column-is-layout-flow\">\n    \n    <h3 class=\"wp-block-heading\"><\/h3>\n    \n\n    \n    <div class=\"wp-block-columns is-layout-flex wp-container-core-columns-is-layout-9d6595d7 wp-block-columns-is-layout-flex\">\n      \n      <div class=\"wp-block-column is-layout-flow wp-block-column-is-layout-flow\" style=\"flex-basis:10%\"><\/div>\n      \n\n      \n      <div class=\"wp-block-column is-layout-flow wp-block-column-is-layout-flow\">\n        \n        <h3 class=\"wp-block-heading\"><strong> <\/strong>Intralogistica Poland EXPO &#8211; 24-26 janvier 2024<\/h3>\n        \n\n        \n        <p>L&rsquo;exp\u00e9rience est maintenant derri\u00e8re nous &#8211; et quelle exp\u00e9rience ! Nous tenons \u00e0 exprimer notre gratitude pour la visite de notre stand de <a href=\"https:\/\/antersystem.com\/kategorie_produktow\/bariery-bezpieczenstwa-dla-pieszych\/\">barri\u00e8res de s\u00e9curit\u00e9 souples<\/a> et pour l&rsquo;excellente ambiance que nous avons cr\u00e9\u00e9e avec les visiteurs et les organisateurs. Nous sommes particuli\u00e8rement satisfaits d&rsquo;avoir pr\u00e9sent\u00e9 nos <a href=\"https:\/\/antersystem.com\/kategorie_produktow\/technika-zaladunkowa\/\">solutions de technologie de chargement<\/a>, qui ne sont pas encore largement reconnues sur le march\u00e9 mais qui am\u00e9liorent consid\u00e9rablement les processus de transbordement. En tant que fabricant de supports de s\u00e9curit\u00e9 et de dispositifs de blocage manuel des roues, nous encourageons une culture de travail s\u00fbre et une utilisation intelligente des outils disponibles dans les syst\u00e8mes int\u00e9gr\u00e9s de gestion logistique.   <\/p>\n        \n\n        \n        <p>Les foires commerciales comme celle-ci offrent une vue d&rsquo;ensemble de ce qui se passe dans l&rsquo;industrie &#8211; elles nous inspirent, nous mettent en contact et nous permettent de rencontrer des leaders qui partagent leurs exp\u00e9riences et leurs r\u00e9ussites. Nous tenons \u00e0 exprimer notre gratitude \u00e0 l&rsquo;\u00e9gard de : <\/p>\n        \n\n        \n        <ul class=\"wp-block-list\"><li>Conversations sur les processus de travail difficiles qui exigent trop d&rsquo;efforts mentaux &#8211; une r\u00e9flexion inspir\u00e9e par un expert universitaire que nous avons rencontr\u00e9 lors de l&rsquo;\u00e9v\u00e9nement.<\/li>\n          <li>La curiosit\u00e9 et l&rsquo;approche \u00e9quitable des autres entreprises, m\u00eame concurrentes.<\/li>\n          <li>L&rsquo;ouverture d&rsquo;esprit n\u00e9cessaire pour aller au-del\u00e0 des r\u00f4les professionnels et nous rencontrer personnellement, en discutant des risques quotidiens sur le lieu de travail avec honn\u00eatet\u00e9 et perspicacit\u00e9.<\/li>\n          <li>Discussions engageantes et \u00e9changes de points de vue.<\/li>\n          <li>Le temps que vous avez consacr\u00e9 \u00e0 d\u00e9couvrir notre offre et \u00e0 voir nos barri\u00e8res de s\u00e9curit\u00e9 souples en action.<\/li>\n          <li>Vos aimables paroles et votre appr\u00e9ciation du design et de la valeur esth\u00e9tique de notre stand et de nos produits.<\/li>\n        <\/ul>\n\n        \n        <p>Nous vous assurons que nous ne vous contacterons qu&rsquo;avec des informations pertinentes. Nous sommes toujours dispos\u00e9s \u00e0 visiter votre entrep\u00f4t ou votre site de production pour vous conseiller sur les solutions de s\u00e9curit\u00e9 les plus efficaces pour votre installation. Vous trouverez nos coordonn\u00e9es sur notre site web.  <\/p>\n        \n\n      <\/div>\n      \n\n      \n      <div class=\"wp-block-column is-layout-flow wp-block-column-is-layout-flow\" style=\"flex-basis:10%\"><\/div>\n      \n    <\/div>\n    \n\n    \n    ngg_shortcode_0_placeholder\n    \n  <\/div>\n  \n<\/div>\n","protected":false},"excerpt":{"rendered":"<p>Intralogistica Poland EXPO &#8211; 24-26 janvier 2024 L&rsquo;exp\u00e9rience est maintenant derri\u00e8re nous &#8211; et quelle exp\u00e9rience ! Nous tenons \u00e0 exprimer notre gratitude pour la visite de notre stand de barri\u00e8res de s\u00e9curit\u00e9 souples et pour l&rsquo;excellente ambiance que nous avons cr\u00e9\u00e9e avec les visiteurs et les organisateurs. Nous sommes particuli\u00e8rement satisfaits d&rsquo;avoir pr\u00e9sent\u00e9 nos [&hellip;]<\/p>\n","protected":false},"author":1,"featured_media":0,"parent":30302,"menu_order":0,"comment_status":"closed","ping_status":"closed","template":"","meta":{"inline_featured_image":false,"ngg_post_thumbnail":0,"footnotes":""},"class_list":["post-39206","page","type-page","status-publish","hentry"],"acf":[],"yoast_head":"<!-- This site is optimized with the Yoast SEO plugin v27.0 - https:\/\/yoast.com\/product\/yoast-seo-wordpress\/ -->\n<title>La logistique d&#039;entreposage au salon - Anter System<\/title>\n<meta name=\"description\" content=\"Intralogistica Poland EXPO - 24-26 janvier 2024 L&#039;exp\u00e9rience est maintenant derri\u00e8re nous - et quelle exp\u00e9rience ! Nous tenons \u00e0 exprimer notre gratitude\" \/>\n<meta name=\"robots\" content=\"index, follow, max-snippet:-1, max-image-preview:large, max-video-preview:-1\" \/>\n<link rel=\"canonical\" href=\"https:\/\/antersystem.com\/fr\/nouvelles\/warehouse-logistics-at-the-trade-fair-intralogistica-2024\/\" \/>\n<meta property=\"og:locale\" content=\"fr_FR\" \/>\n<meta property=\"og:type\" content=\"article\" \/>\n<meta property=\"og:title\" content=\"La logistique d&#039;entreposage au salon - Anter System\" \/>\n<meta property=\"og:description\" content=\"Intralogistica Poland EXPO - 24-26 janvier 2024 L&#039;exp\u00e9rience est maintenant derri\u00e8re nous - et quelle exp\u00e9rience ! Nous tenons \u00e0 exprimer notre gratitude\" \/>\n<meta property=\"og:url\" content=\"https:\/\/antersystem.com\/fr\/nouvelles\/warehouse-logistics-at-the-trade-fair-intralogistica-2024\/\" \/>\n<meta property=\"og:site_name\" content=\"Anter System\" \/>\n<meta property=\"article:modified_time\" content=\"2026-02-04T10:22:27+00:00\" \/>\n<meta name=\"twitter:card\" content=\"summary_large_image\" \/>\n<meta name=\"twitter:label1\" content=\"Dur\u00e9e de lecture estim\u00e9e\" \/>\n\t<meta name=\"twitter:data1\" content=\"2 minutes\" \/>\n<script type=\"application\/ld+json\" class=\"yoast-schema-graph\">{\"@context\":\"https:\/\/schema.org\",\"@graph\":[{\"@type\":\"WebPage\",\"@id\":\"https:\/\/antersystem.com\/fr\/nouvelles\/warehouse-logistics-at-the-trade-fair-intralogistica-2024\/\",\"url\":\"https:\/\/antersystem.com\/fr\/nouvelles\/warehouse-logistics-at-the-trade-fair-intralogistica-2024\/\",\"name\":\"La logistique d'entreposage au salon - Anter System\",\"isPartOf\":{\"@id\":\"https:\/\/antersystem.com\/fr\/#website\"},\"datePublished\":\"2024-02-08T13:55:05+00:00\",\"dateModified\":\"2026-02-04T10:22:27+00:00\",\"description\":\"Intralogistica Poland EXPO - 24-26 janvier 2024 L'exp\u00e9rience est maintenant derri\u00e8re nous - et quelle exp\u00e9rience ! Nous tenons \u00e0 exprimer notre gratitude\",\"breadcrumb\":{\"@id\":\"https:\/\/antersystem.com\/fr\/nouvelles\/warehouse-logistics-at-the-trade-fair-intralogistica-2024\/#breadcrumb\"},\"inLanguage\":\"fr-FR\",\"potentialAction\":[{\"@type\":\"ReadAction\",\"target\":[\"https:\/\/antersystem.com\/fr\/nouvelles\/warehouse-logistics-at-the-trade-fair-intralogistica-2024\/\"]}]},{\"@type\":\"BreadcrumbList\",\"@id\":\"https:\/\/antersystem.com\/fr\/nouvelles\/warehouse-logistics-at-the-trade-fair-intralogistica-2024\/#breadcrumb\",\"itemListElement\":[{\"@type\":\"ListItem\",\"position\":1,\"name\":\"AnterSystem\",\"item\":\"https:\/\/antersystem.com\/fr\/\"},{\"@type\":\"ListItem\",\"position\":2,\"name\":\"Actualit\u00e9s\",\"item\":\"https:\/\/antersystem.com\/fr\/nouvelles\/\"},{\"@type\":\"ListItem\",\"position\":3,\"name\":\"La logistique d&#8217;entreposage au salon\"}]},{\"@type\":\"WebSite\",\"@id\":\"https:\/\/antersystem.com\/fr\/#website\",\"url\":\"https:\/\/antersystem.com\/fr\/\",\"name\":\"Anter System\",\"description\":\"Jeste\u015bmy polskim producentem elastycznych barier ochronnych wykonywanych z polimerowych tworzyw sztucznych. Na rynku krajowym i zagranicznym dzia\u0142amy od ponad 15 lat dbaj\u0105c o zapewnienie bezpiecze\u0144stwa w zak\u0142adach produkcyjnych, magazynach oraz centrach logistycznych.\",\"potentialAction\":[{\"@type\":\"SearchAction\",\"target\":{\"@type\":\"EntryPoint\",\"urlTemplate\":\"https:\/\/antersystem.com\/fr\/?s={search_term_string}\"},\"query-input\":{\"@type\":\"PropertyValueSpecification\",\"valueRequired\":true,\"valueName\":\"search_term_string\"}}],\"inLanguage\":\"fr-FR\"}]}<\/script>\n<!-- \/ Yoast SEO plugin. -->","yoast_head_json":{"title":"La logistique d'entreposage au salon - Anter System","description":"Intralogistica Poland EXPO - 24-26 janvier 2024 L'exp\u00e9rience est maintenant derri\u00e8re nous - et quelle exp\u00e9rience ! Nous tenons \u00e0 exprimer notre gratitude","robots":{"index":"index","follow":"follow","max-snippet":"max-snippet:-1","max-image-preview":"max-image-preview:large","max-video-preview":"max-video-preview:-1"},"canonical":"https:\/\/antersystem.com\/fr\/nouvelles\/warehouse-logistics-at-the-trade-fair-intralogistica-2024\/","og_locale":"fr_FR","og_type":"article","og_title":"La logistique d'entreposage au salon - Anter System","og_description":"Intralogistica Poland EXPO - 24-26 janvier 2024 L'exp\u00e9rience est maintenant derri\u00e8re nous - et quelle exp\u00e9rience ! Nous tenons \u00e0 exprimer notre gratitude","og_url":"https:\/\/antersystem.com\/fr\/nouvelles\/warehouse-logistics-at-the-trade-fair-intralogistica-2024\/","og_site_name":"Anter System","article_modified_time":"2026-02-04T10:22:27+00:00","twitter_card":"summary_large_image","twitter_misc":{"Dur\u00e9e de lecture estim\u00e9e":"2 minutes"},"schema":{"@context":"https:\/\/schema.org","@graph":[{"@type":"WebPage","@id":"https:\/\/antersystem.com\/fr\/nouvelles\/warehouse-logistics-at-the-trade-fair-intralogistica-2024\/","url":"https:\/\/antersystem.com\/fr\/nouvelles\/warehouse-logistics-at-the-trade-fair-intralogistica-2024\/","name":"La logistique d'entreposage au salon - Anter System","isPartOf":{"@id":"https:\/\/antersystem.com\/fr\/#website"},"datePublished":"2024-02-08T13:55:05+00:00","dateModified":"2026-02-04T10:22:27+00:00","description":"Intralogistica Poland EXPO - 24-26 janvier 2024 L'exp\u00e9rience est maintenant derri\u00e8re nous - et quelle exp\u00e9rience ! Nous tenons \u00e0 exprimer notre gratitude","breadcrumb":{"@id":"https:\/\/antersystem.com\/fr\/nouvelles\/warehouse-logistics-at-the-trade-fair-intralogistica-2024\/#breadcrumb"},"inLanguage":"fr-FR","potentialAction":[{"@type":"ReadAction","target":["https:\/\/antersystem.com\/fr\/nouvelles\/warehouse-logistics-at-the-trade-fair-intralogistica-2024\/"]}]},{"@type":"BreadcrumbList","@id":"https:\/\/antersystem.com\/fr\/nouvelles\/warehouse-logistics-at-the-trade-fair-intralogistica-2024\/#breadcrumb","itemListElement":[{"@type":"ListItem","position":1,"name":"AnterSystem","item":"https:\/\/antersystem.com\/fr\/"},{"@type":"ListItem","position":2,"name":"Actualit\u00e9s","item":"https:\/\/antersystem.com\/fr\/nouvelles\/"},{"@type":"ListItem","position":3,"name":"La logistique d&#8217;entreposage au salon"}]},{"@type":"WebSite","@id":"https:\/\/antersystem.com\/fr\/#website","url":"https:\/\/antersystem.com\/fr\/","name":"Anter System","description":"Jeste\u015bmy polskim producentem elastycznych barier ochronnych wykonywanych z polimerowych tworzyw sztucznych. Na rynku krajowym i zagranicznym dzia\u0142amy od ponad 15 lat dbaj\u0105c o zapewnienie bezpiecze\u0144stwa w zak\u0142adach produkcyjnych, magazynach oraz centrach logistycznych.","potentialAction":[{"@type":"SearchAction","target":{"@type":"EntryPoint","urlTemplate":"https:\/\/antersystem.com\/fr\/?s={search_term_string}"},"query-input":{"@type":"PropertyValueSpecification","valueRequired":true,"valueName":"search_term_string"}}],"inLanguage":"fr-FR"}]}},"_links":{"self":[{"href":"https:\/\/antersystem.com\/fr\/wp-json\/wp\/v2\/pages\/39206","targetHints":{"allow":["GET"]}}],"collection":[{"href":"https:\/\/antersystem.com\/fr\/wp-json\/wp\/v2\/pages"}],"about":[{"href":"https:\/\/antersystem.com\/fr\/wp-json\/wp\/v2\/types\/page"}],"author":[{"embeddable":true,"href":"https:\/\/antersystem.com\/fr\/wp-json\/wp\/v2\/users\/1"}],"replies":[{"embeddable":true,"href":"https:\/\/antersystem.com\/fr\/wp-json\/wp\/v2\/comments?post=39206"}],"version-history":[{"count":1,"href":"https:\/\/antersystem.com\/fr\/wp-json\/wp\/v2\/pages\/39206\/revisions"}],"predecessor-version":[{"id":39210,"href":"https:\/\/antersystem.com\/fr\/wp-json\/wp\/v2\/pages\/39206\/revisions\/39210"}],"up":[{"embeddable":true,"href":"https:\/\/antersystem.com\/fr\/wp-json\/wp\/v2\/pages\/30302"}],"wp:attachment":[{"href":"https:\/\/antersystem.com\/fr\/wp-json\/wp\/v2\/media?parent=39206"}],"curies":[{"name":"wp","href":"https:\/\/api.w.org\/{rel}","templated":true}]}}