{"id":39245,"date":"2023-10-24T15:40:36","date_gmt":"2023-10-24T13:40:36","guid":{"rendered":"https:\/\/antersystem.com\/nouvelles\/trade-fair-in-toronto-november-79-2023\/"},"modified":"2026-02-04T11:22:37","modified_gmt":"2026-02-04T10:22:37","slug":"trade-fair-in-toronto-november-79-2023","status":"publish","type":"page","link":"https:\/\/antersystem.com\/fr\/nouvelles\/trade-fair-in-toronto-november-79-2023\/","title":{"rendered":"Salon professionnel \u00e0 Toronto, du 7 au 9 novembre 2023"},"content":{"rendered":"\n<div class=\"wp-block-columns is-layout-flex wp-container-core-columns-is-layout-9d6595d7 wp-block-columns-is-layout-flex\">\n<div class=\"wp-block-column is-layout-flow wp-block-column-is-layout-flow\" style=\"flex-basis:10%\"><\/div>\n\n\n\n<div class=\"wp-block-column is-layout-flow wp-block-column-is-layout-flow\">\n<h3 class=\"wp-block-heading\">Foire commerciale \u00e0 Toronto, du 7 au 9 novembre 2023<\/h3>\n\n\n\n<p style=\"text-align: left;\"><strong>D\u00e9but novembre, nous nous plongeons dans les innovations du monde de la fabrication \u00e0 l&rsquo;occasion du salon PACK EX \u00e0 Toronto.<\/strong>  Anter System sera \u00e9galement pr\u00e9sent \u00e0 cet \u00e9v\u00e9nement. Du 7 au 9 novembre, vous pourrez nous rencontrer et voir nos produits, tels que les <a href=\"https:\/\/antersystem.com\/kategorie_produktow\/slupki-ochronne\/\">bornes PA<\/a>, les barri\u00e8res de protection KB et les <a href=\"https:\/\/antersystem.com\/fr\/elastyczna-bariera-pedestrian-r3-hd-flexi-2\/\">barri\u00e8res pi\u00e9tonnes flexibles R3<\/a> <strong>au stand : 2318.<\/strong> Toute personne int\u00e9ress\u00e9e par des syst\u00e8mes qui am\u00e9liorent la s\u00e9curit\u00e9 est invit\u00e9e \u00e0 nous rendre visite. <\/p>\n<h3><strong>Qu&rsquo;est-ce que PACK EX ?<\/strong><\/h3>\n<p>PACK EX fait partie des grands salons de l&rsquo;ing\u00e9nierie au sein d&rsquo;ADM Toronto, offrant des solutions de la conception \u00e0 la production \u00e0 chaque \u00e9tape du processus de fabrication. Il s&rsquo;agit du seul \u00e9v\u00e9nement de ce type au Canada consacr\u00e9 \u00e0 l&#8217;emballage. Dans le cadre de ce salon, les fournisseurs et les acheteurs peuvent d\u00e9couvrir les innovations de l&rsquo;industrie, d\u00e9velopper de nouvelles technologies et nouer des relations avec des experts. Avec nos barri\u00e8res de protection, nous nous inscrivons parfaitement dans le paysage industriel moderne ax\u00e9 sur la durabilit\u00e9.   <\/p>\n<h3><strong>Th\u00e8mes de cette \u00e9dition<\/strong><\/h3>\n<p>Les principaux th\u00e8mes de l&rsquo;\u00e9dition de cette ann\u00e9e sont les suivants :<\/p>\n<ul>\n<li style=\"text-align: left;\">des leaders de l&rsquo;industrie pr\u00e9sentant les derniers projets et solutions F&amp;B pour r\u00e9pondre aux d\u00e9fis d&rsquo;aujourd&rsquo;hui et aux r\u00e9glementations relatives aux d\u00e9chets<\/li>\n<li style=\"text-align: left;\">un contenu de pointe allant de la fabrication intelligente \u00e0 l&rsquo;automatisation de l&#8217;emballage dans les principaux secteurs de production : alimentation et boissons, \u00e9lectronique, machines, a\u00e9rospatiale et automobile<\/li>\n<\/ul>\n<p>Les \u00e9v\u00e9nements PACK EX s&rsquo;adressent aux fabricants, aux ing\u00e9nieurs, aux gestionnaires, aux \u00e9quipes de maintenance, aux fournisseurs et aux op\u00e9rateurs de machines. Des entreprises telles que DHL, Est\u00e9e Lauder, Ferrero Canada, Unilever Canada, Kellogg et bien d&rsquo;autres peuvent vous inspirer. <\/p>\n<p>&nbsp;<\/p>\n\n\n<div class=\"wp-block-image\">\n<figure class=\"aligncenter size-large is-resized\"><a href=\"https:\/\/amto23.mapyourshow.com\/8_0\/exhibitor\/exhibitor-details.cfm?exhid=974402\"><img loading=\"lazy\" decoding=\"async\" width=\"1024\" height=\"535\" src=\"https:\/\/antersystem.com\/wp-content\/uploads\/FLEXIBLE-SAFETY-BARIERS-1-1024x535.jpg\" alt=\"\" class=\"wp-image-3125\" style=\"aspect-ratio:1.9140186915887851;width:647px;height:auto\" srcset=\"https:\/\/antersystem.com\/wp-content\/uploads\/FLEXIBLE-SAFETY-BARIERS-1-1024x535.jpg 1024w, https:\/\/antersystem.com\/wp-content\/uploads\/FLEXIBLE-SAFETY-BARIERS-1-300x157.jpg 300w, https:\/\/antersystem.com\/wp-content\/uploads\/FLEXIBLE-SAFETY-BARIERS-1-768x401.jpg 768w, https:\/\/antersystem.com\/wp-content\/uploads\/FLEXIBLE-SAFETY-BARIERS-1-450x235.jpg 450w, https:\/\/antersystem.com\/wp-content\/uploads\/FLEXIBLE-SAFETY-BARIERS-1-330x172.jpg 330w, https:\/\/antersystem.com\/wp-content\/uploads\/FLEXIBLE-SAFETY-BARIERS-1.jpg 1200w\" sizes=\"auto, (max-width: 1024px) 100vw, 1024px\" \/><\/a><\/figure><\/div><\/div>\n\n\n\n<div class=\"wp-block-column is-layout-flow wp-block-column-is-layout-flow\" style=\"flex-basis:10%\"><\/div>\n<\/div>\n","protected":false},"excerpt":{"rendered":"<p>Foire commerciale \u00e0 Toronto, du 7 au 9 novembre 2023 D\u00e9but novembre, nous nous plongeons dans les innovations du monde de la fabrication \u00e0 l&rsquo;occasion du salon PACK EX \u00e0 Toronto. Anter System sera \u00e9galement pr\u00e9sent \u00e0 cet \u00e9v\u00e9nement. Du 7 au 9 novembre, vous pourrez nous rencontrer et voir nos produits, tels que les [&hellip;]<\/p>\n","protected":false},"author":1,"featured_media":0,"parent":30302,"menu_order":0,"comment_status":"closed","ping_status":"closed","template":"","meta":{"inline_featured_image":false,"ngg_post_thumbnail":0,"footnotes":""},"class_list":["post-39245","page","type-page","status-publish","hentry"],"acf":[],"yoast_head":"<!-- This site is optimized with the Yoast SEO plugin v27.0 - https:\/\/yoast.com\/product\/yoast-seo-wordpress\/ -->\n<title>Salon professionnel \u00e0 Toronto, du 7 au 9 novembre 2023 - Anter System<\/title>\n<meta name=\"description\" content=\"Foire commerciale \u00e0 Toronto, du 7 au 9 novembre 2023 D\u00e9but novembre, nous nous plongeons dans les innovations du monde de la fabrication \u00e0 l&#039;occasion du\" \/>\n<meta name=\"robots\" content=\"index, follow, max-snippet:-1, max-image-preview:large, max-video-preview:-1\" \/>\n<link rel=\"canonical\" href=\"https:\/\/antersystem.com\/fr\/nouvelles\/trade-fair-in-toronto-november-79-2023\/\" \/>\n<meta property=\"og:locale\" content=\"fr_FR\" \/>\n<meta property=\"og:type\" content=\"article\" \/>\n<meta property=\"og:title\" content=\"Salon professionnel \u00e0 Toronto, du 7 au 9 novembre 2023 - Anter System\" \/>\n<meta property=\"og:description\" content=\"Foire commerciale \u00e0 Toronto, du 7 au 9 novembre 2023 D\u00e9but novembre, nous nous plongeons dans les innovations du monde de la fabrication \u00e0 l&#039;occasion du\" \/>\n<meta property=\"og:url\" content=\"https:\/\/antersystem.com\/fr\/nouvelles\/trade-fair-in-toronto-november-79-2023\/\" \/>\n<meta property=\"og:site_name\" content=\"Anter System\" \/>\n<meta property=\"article:modified_time\" content=\"2026-02-04T10:22:37+00:00\" \/>\n<meta property=\"og:image\" content=\"https:\/\/antersystem.com\/wp-content\/uploads\/FLEXIBLE-SAFETY-BARIERS-1-1024x535.jpg\" \/>\n<meta name=\"twitter:card\" content=\"summary_large_image\" \/>\n<meta name=\"twitter:label1\" content=\"Dur\u00e9e de lecture estim\u00e9e\" \/>\n\t<meta name=\"twitter:data1\" content=\"2 minutes\" \/>\n<script type=\"application\/ld+json\" class=\"yoast-schema-graph\">{\"@context\":\"https:\/\/schema.org\",\"@graph\":[{\"@type\":\"WebPage\",\"@id\":\"https:\/\/antersystem.com\/fr\/nouvelles\/trade-fair-in-toronto-november-79-2023\/\",\"url\":\"https:\/\/antersystem.com\/fr\/nouvelles\/trade-fair-in-toronto-november-79-2023\/\",\"name\":\"Salon professionnel \u00e0 Toronto, du 7 au 9 novembre 2023 - Anter System\",\"isPartOf\":{\"@id\":\"https:\/\/antersystem.com\/fr\/#website\"},\"primaryImageOfPage\":{\"@id\":\"https:\/\/antersystem.com\/fr\/nouvelles\/trade-fair-in-toronto-november-79-2023\/#primaryimage\"},\"image\":{\"@id\":\"https:\/\/antersystem.com\/fr\/nouvelles\/trade-fair-in-toronto-november-79-2023\/#primaryimage\"},\"thumbnailUrl\":\"https:\/\/antersystem.com\/wp-content\/uploads\/FLEXIBLE-SAFETY-BARIERS-1-1024x535.jpg\",\"datePublished\":\"2023-10-24T13:40:36+00:00\",\"dateModified\":\"2026-02-04T10:22:37+00:00\",\"description\":\"Foire commerciale \u00e0 Toronto, du 7 au 9 novembre 2023 D\u00e9but novembre, nous nous plongeons dans les innovations du monde de la fabrication \u00e0 l'occasion du\",\"breadcrumb\":{\"@id\":\"https:\/\/antersystem.com\/fr\/nouvelles\/trade-fair-in-toronto-november-79-2023\/#breadcrumb\"},\"inLanguage\":\"fr-FR\",\"potentialAction\":[{\"@type\":\"ReadAction\",\"target\":[\"https:\/\/antersystem.com\/fr\/nouvelles\/trade-fair-in-toronto-november-79-2023\/\"]}]},{\"@type\":\"ImageObject\",\"inLanguage\":\"fr-FR\",\"@id\":\"https:\/\/antersystem.com\/fr\/nouvelles\/trade-fair-in-toronto-november-79-2023\/#primaryimage\",\"url\":\"https:\/\/antersystem.com\/wp-content\/uploads\/FLEXIBLE-SAFETY-BARIERS-1-1024x535.jpg\",\"contentUrl\":\"https:\/\/antersystem.com\/wp-content\/uploads\/FLEXIBLE-SAFETY-BARIERS-1-1024x535.jpg\"},{\"@type\":\"BreadcrumbList\",\"@id\":\"https:\/\/antersystem.com\/fr\/nouvelles\/trade-fair-in-toronto-november-79-2023\/#breadcrumb\",\"itemListElement\":[{\"@type\":\"ListItem\",\"position\":1,\"name\":\"AnterSystem\",\"item\":\"https:\/\/antersystem.com\/fr\/\"},{\"@type\":\"ListItem\",\"position\":2,\"name\":\"Actualit\u00e9s\",\"item\":\"https:\/\/antersystem.com\/fr\/nouvelles\/\"},{\"@type\":\"ListItem\",\"position\":3,\"name\":\"Salon professionnel \u00e0 Toronto, du 7 au 9 novembre 2023\"}]},{\"@type\":\"WebSite\",\"@id\":\"https:\/\/antersystem.com\/fr\/#website\",\"url\":\"https:\/\/antersystem.com\/fr\/\",\"name\":\"Anter System\",\"description\":\"Jeste\u015bmy polskim producentem elastycznych barier ochronnych wykonywanych z polimerowych tworzyw sztucznych. Na rynku krajowym i zagranicznym dzia\u0142amy od ponad 15 lat dbaj\u0105c o zapewnienie bezpiecze\u0144stwa w zak\u0142adach produkcyjnych, magazynach oraz centrach logistycznych.\",\"potentialAction\":[{\"@type\":\"SearchAction\",\"target\":{\"@type\":\"EntryPoint\",\"urlTemplate\":\"https:\/\/antersystem.com\/fr\/?s={search_term_string}\"},\"query-input\":{\"@type\":\"PropertyValueSpecification\",\"valueRequired\":true,\"valueName\":\"search_term_string\"}}],\"inLanguage\":\"fr-FR\"}]}<\/script>\n<!-- \/ Yoast SEO plugin. -->","yoast_head_json":{"title":"Salon professionnel \u00e0 Toronto, du 7 au 9 novembre 2023 - Anter System","description":"Foire commerciale \u00e0 Toronto, du 7 au 9 novembre 2023 D\u00e9but novembre, nous nous plongeons dans les innovations du monde de la fabrication \u00e0 l'occasion du","robots":{"index":"index","follow":"follow","max-snippet":"max-snippet:-1","max-image-preview":"max-image-preview:large","max-video-preview":"max-video-preview:-1"},"canonical":"https:\/\/antersystem.com\/fr\/nouvelles\/trade-fair-in-toronto-november-79-2023\/","og_locale":"fr_FR","og_type":"article","og_title":"Salon professionnel \u00e0 Toronto, du 7 au 9 novembre 2023 - Anter System","og_description":"Foire commerciale \u00e0 Toronto, du 7 au 9 novembre 2023 D\u00e9but novembre, nous nous plongeons dans les innovations du monde de la fabrication \u00e0 l'occasion du","og_url":"https:\/\/antersystem.com\/fr\/nouvelles\/trade-fair-in-toronto-november-79-2023\/","og_site_name":"Anter System","article_modified_time":"2026-02-04T10:22:37+00:00","og_image":[{"url":"https:\/\/antersystem.com\/wp-content\/uploads\/FLEXIBLE-SAFETY-BARIERS-1-1024x535.jpg","type":"","width":"","height":""}],"twitter_card":"summary_large_image","twitter_misc":{"Dur\u00e9e de lecture estim\u00e9e":"2 minutes"},"schema":{"@context":"https:\/\/schema.org","@graph":[{"@type":"WebPage","@id":"https:\/\/antersystem.com\/fr\/nouvelles\/trade-fair-in-toronto-november-79-2023\/","url":"https:\/\/antersystem.com\/fr\/nouvelles\/trade-fair-in-toronto-november-79-2023\/","name":"Salon professionnel \u00e0 Toronto, du 7 au 9 novembre 2023 - Anter System","isPartOf":{"@id":"https:\/\/antersystem.com\/fr\/#website"},"primaryImageOfPage":{"@id":"https:\/\/antersystem.com\/fr\/nouvelles\/trade-fair-in-toronto-november-79-2023\/#primaryimage"},"image":{"@id":"https:\/\/antersystem.com\/fr\/nouvelles\/trade-fair-in-toronto-november-79-2023\/#primaryimage"},"thumbnailUrl":"https:\/\/antersystem.com\/wp-content\/uploads\/FLEXIBLE-SAFETY-BARIERS-1-1024x535.jpg","datePublished":"2023-10-24T13:40:36+00:00","dateModified":"2026-02-04T10:22:37+00:00","description":"Foire commerciale \u00e0 Toronto, du 7 au 9 novembre 2023 D\u00e9but novembre, nous nous plongeons dans les innovations du monde de la fabrication \u00e0 l'occasion du","breadcrumb":{"@id":"https:\/\/antersystem.com\/fr\/nouvelles\/trade-fair-in-toronto-november-79-2023\/#breadcrumb"},"inLanguage":"fr-FR","potentialAction":[{"@type":"ReadAction","target":["https:\/\/antersystem.com\/fr\/nouvelles\/trade-fair-in-toronto-november-79-2023\/"]}]},{"@type":"ImageObject","inLanguage":"fr-FR","@id":"https:\/\/antersystem.com\/fr\/nouvelles\/trade-fair-in-toronto-november-79-2023\/#primaryimage","url":"https:\/\/antersystem.com\/wp-content\/uploads\/FLEXIBLE-SAFETY-BARIERS-1-1024x535.jpg","contentUrl":"https:\/\/antersystem.com\/wp-content\/uploads\/FLEXIBLE-SAFETY-BARIERS-1-1024x535.jpg"},{"@type":"BreadcrumbList","@id":"https:\/\/antersystem.com\/fr\/nouvelles\/trade-fair-in-toronto-november-79-2023\/#breadcrumb","itemListElement":[{"@type":"ListItem","position":1,"name":"AnterSystem","item":"https:\/\/antersystem.com\/fr\/"},{"@type":"ListItem","position":2,"name":"Actualit\u00e9s","item":"https:\/\/antersystem.com\/fr\/nouvelles\/"},{"@type":"ListItem","position":3,"name":"Salon professionnel \u00e0 Toronto, du 7 au 9 novembre 2023"}]},{"@type":"WebSite","@id":"https:\/\/antersystem.com\/fr\/#website","url":"https:\/\/antersystem.com\/fr\/","name":"Anter System","description":"Jeste\u015bmy polskim producentem elastycznych barier ochronnych wykonywanych z polimerowych tworzyw sztucznych. Na rynku krajowym i zagranicznym dzia\u0142amy od ponad 15 lat dbaj\u0105c o zapewnienie bezpiecze\u0144stwa w zak\u0142adach produkcyjnych, magazynach oraz centrach logistycznych.","potentialAction":[{"@type":"SearchAction","target":{"@type":"EntryPoint","urlTemplate":"https:\/\/antersystem.com\/fr\/?s={search_term_string}"},"query-input":{"@type":"PropertyValueSpecification","valueRequired":true,"valueName":"search_term_string"}}],"inLanguage":"fr-FR"}]}},"_links":{"self":[{"href":"https:\/\/antersystem.com\/fr\/wp-json\/wp\/v2\/pages\/39245","targetHints":{"allow":["GET"]}}],"collection":[{"href":"https:\/\/antersystem.com\/fr\/wp-json\/wp\/v2\/pages"}],"about":[{"href":"https:\/\/antersystem.com\/fr\/wp-json\/wp\/v2\/types\/page"}],"author":[{"embeddable":true,"href":"https:\/\/antersystem.com\/fr\/wp-json\/wp\/v2\/users\/1"}],"replies":[{"embeddable":true,"href":"https:\/\/antersystem.com\/fr\/wp-json\/wp\/v2\/comments?post=39245"}],"version-history":[{"count":1,"href":"https:\/\/antersystem.com\/fr\/wp-json\/wp\/v2\/pages\/39245\/revisions"}],"predecessor-version":[{"id":39248,"href":"https:\/\/antersystem.com\/fr\/wp-json\/wp\/v2\/pages\/39245\/revisions\/39248"}],"up":[{"embeddable":true,"href":"https:\/\/antersystem.com\/fr\/wp-json\/wp\/v2\/pages\/30302"}],"wp:attachment":[{"href":"https:\/\/antersystem.com\/fr\/wp-json\/wp\/v2\/media?parent=39245"}],"curies":[{"name":"wp","href":"https:\/\/api.w.org\/{rel}","templated":true}]}}