{"id":39370,"date":"2025-01-29T15:15:00","date_gmt":"2025-01-29T14:15:00","guid":{"rendered":"https:\/\/antersystem.com\/nouvelles\/interview-with-anter-system-representatives-in-monitor-rynkowy\/"},"modified":"2026-02-04T12:37:09","modified_gmt":"2026-02-04T11:37:09","slug":"interview-with-anter-system-representatives-in-monitor-rynkowy","status":"publish","type":"page","link":"https:\/\/antersystem.com\/fr\/nouvelles\/interview-with-anter-system-representatives-in-monitor-rynkowy\/","title":{"rendered":"Entretien avec des repr\u00e9sentants d&rsquo;Anter System \u00e0 Monitor Rynkowy"},"content":{"rendered":"\n<div class=\"wp-block-columns is-layout-flex wp-container-core-columns-is-layout-9d6595d7 wp-block-columns-is-layout-flex\">\n<div class=\"wp-block-column is-layout-flow wp-block-column-is-layout-flow\" style=\"flex-basis:10%\"><\/div>\n\n\n\n<div class=\"wp-block-column is-layout-flow wp-block-column-is-layout-flow\">\n<p>Nous avons le plaisir de vous annoncer qu&rsquo;une interview de repr\u00e9sentants de notre soci\u00e9t\u00e9 &#8211; <strong>Natalia Margatis<\/strong>, PDG d&rsquo;Anter System, et <strong>Tomasz Bary\u0142a<\/strong>, chef de produit &#8211; a \u00e9t\u00e9 publi\u00e9e sur le site web <em>Monitor Rynkowy<\/em>.<\/p>\n\n\n\n<p>La conversation a port\u00e9 sur les questions cl\u00e9s li\u00e9es \u00e0 la s\u00e9curit\u00e9 dans les environnements industriels et les entrep\u00f4ts, ainsi que sur le r\u00f4le crucial que jouent les barri\u00e8res flexibles en polym\u00e8re dans les espaces de production modernes. Nous avons r\u00e9pondu \u00e0 des questions telles que : <\/p>\n\n\n\n<ul class=\"wp-block-list\">\n<li>Quels sont les v\u00e9ritables d\u00e9fis en mati\u00e8re de s\u00e9curit\u00e9 auxquels le secteur industriel est actuellement confront\u00e9,<\/li>\n\n\n\n<li>Comment l&rsquo;automatisation et les technologies intelligentes int\u00e9gr\u00e9es dans nos produits am\u00e9liorent la s\u00e9curit\u00e9 sur le lieu de travail,<\/li>\n\n\n\n<li>Ce qui rend les barri\u00e8res flexibles techniquement uniques &#8211; y compris leurs propri\u00e9t\u00e9s d&rsquo;absorption de l&rsquo;\u00e9nergie d&rsquo;impact,<\/li>\n\n\n\n<li>Comment nos solutions contribuent \u00e0 la durabilit\u00e9 environnementale et \u00e0 la r\u00e9duction de l&#8217;empreinte carbone.<\/li>\n<\/ul>\n\n\n\n<p>Nous vous invitons \u00e0 lire l&rsquo;int\u00e9gralit\u00e9 de l&rsquo;interview, d\u00e9sormais disponible sur le site de <em>Monitor Rynkowy<\/em>: \ud83d\udc49 <a href=\"https:\/\/monitorrynkowy.pl\/polski-pomysl-na-globalne-potrzeby\/\"><strong>Lire l&rsquo;interview<\/strong><\/a><\/p>\n<\/div>\n\n\n\n<div class=\"wp-block-column is-layout-flow wp-block-column-is-layout-flow\" style=\"flex-basis:10%\"><\/div>\n<\/div>\n","protected":false},"excerpt":{"rendered":"<p>Nous avons le plaisir de vous annoncer qu&rsquo;une interview de repr\u00e9sentants de notre soci\u00e9t\u00e9 &#8211; Natalia Margatis, PDG d&rsquo;Anter System, et Tomasz Bary\u0142a, chef de produit &#8211; a \u00e9t\u00e9 publi\u00e9e sur le site web Monitor Rynkowy. La conversation a port\u00e9 sur les questions cl\u00e9s li\u00e9es \u00e0 la s\u00e9curit\u00e9 dans les environnements industriels et les entrep\u00f4ts, [&hellip;]<\/p>\n","protected":false},"author":11,"featured_media":0,"parent":30302,"menu_order":0,"comment_status":"closed","ping_status":"closed","template":"","meta":{"inline_featured_image":false,"ngg_post_thumbnail":0,"footnotes":""},"class_list":["post-39370","page","type-page","status-publish","hentry"],"acf":[],"yoast_head":"<!-- This site is optimized with the Yoast SEO plugin v27.0 - https:\/\/yoast.com\/product\/yoast-seo-wordpress\/ -->\n<title>Entretien avec des repr\u00e9sentants d&#039;Anter System \u00e0 Monitor Rynkowy - Anter System<\/title>\n<meta name=\"description\" content=\"Les r\u00e9sultats de l&#039;enqu\u00eate sur le magazine KAIZEN ont \u00e9t\u00e9 publi\u00e9s dans la revue Anter System, qui pr\u00e9sente les r\u00e9sultats de l&#039;enqu\u00eate.\" \/>\n<meta name=\"robots\" content=\"index, follow, max-snippet:-1, max-image-preview:large, max-video-preview:-1\" \/>\n<link rel=\"canonical\" href=\"https:\/\/antersystem.com\/fr\/nouvelles\/interview-with-anter-system-representatives-in-monitor-rynkowy\/\" \/>\n<meta property=\"og:locale\" content=\"fr_FR\" \/>\n<meta property=\"og:type\" content=\"article\" \/>\n<meta property=\"og:title\" content=\"Entretien avec des repr\u00e9sentants d&#039;Anter System \u00e0 Monitor Rynkowy - Anter System\" \/>\n<meta property=\"og:description\" content=\"Les r\u00e9sultats de l&#039;enqu\u00eate sur le magazine KAIZEN ont \u00e9t\u00e9 publi\u00e9s dans la revue Anter System, qui pr\u00e9sente les r\u00e9sultats de l&#039;enqu\u00eate.\" \/>\n<meta property=\"og:url\" content=\"https:\/\/antersystem.com\/fr\/nouvelles\/interview-with-anter-system-representatives-in-monitor-rynkowy\/\" \/>\n<meta property=\"og:site_name\" content=\"Anter System\" \/>\n<meta property=\"article:modified_time\" content=\"2026-02-04T11:37:09+00:00\" \/>\n<meta name=\"twitter:card\" content=\"summary_large_image\" \/>\n<meta name=\"twitter:label1\" content=\"Dur\u00e9e de lecture estim\u00e9e\" \/>\n\t<meta name=\"twitter:data1\" content=\"1 minute\" \/>\n<script type=\"application\/ld+json\" class=\"yoast-schema-graph\">{\"@context\":\"https:\/\/schema.org\",\"@graph\":[{\"@type\":\"WebPage\",\"@id\":\"https:\/\/antersystem.com\/fr\/nouvelles\/interview-with-anter-system-representatives-in-monitor-rynkowy\/\",\"url\":\"https:\/\/antersystem.com\/fr\/nouvelles\/interview-with-anter-system-representatives-in-monitor-rynkowy\/\",\"name\":\"Entretien avec des repr\u00e9sentants d'Anter System \u00e0 Monitor Rynkowy - Anter System\",\"isPartOf\":{\"@id\":\"https:\/\/antersystem.com\/fr\/#website\"},\"datePublished\":\"2025-01-29T14:15:00+00:00\",\"dateModified\":\"2026-02-04T11:37:09+00:00\",\"description\":\"Les r\u00e9sultats de l'enqu\u00eate sur le magazine KAIZEN ont \u00e9t\u00e9 publi\u00e9s dans la revue Anter System, qui pr\u00e9sente les r\u00e9sultats de l'enqu\u00eate.\",\"breadcrumb\":{\"@id\":\"https:\/\/antersystem.com\/fr\/nouvelles\/interview-with-anter-system-representatives-in-monitor-rynkowy\/#breadcrumb\"},\"inLanguage\":\"fr-FR\",\"potentialAction\":[{\"@type\":\"ReadAction\",\"target\":[\"https:\/\/antersystem.com\/fr\/nouvelles\/interview-with-anter-system-representatives-in-monitor-rynkowy\/\"]}]},{\"@type\":\"BreadcrumbList\",\"@id\":\"https:\/\/antersystem.com\/fr\/nouvelles\/interview-with-anter-system-representatives-in-monitor-rynkowy\/#breadcrumb\",\"itemListElement\":[{\"@type\":\"ListItem\",\"position\":1,\"name\":\"AnterSystem\",\"item\":\"https:\/\/antersystem.com\/fr\/\"},{\"@type\":\"ListItem\",\"position\":2,\"name\":\"Actualit\u00e9s\",\"item\":\"https:\/\/antersystem.com\/fr\/nouvelles\/\"},{\"@type\":\"ListItem\",\"position\":3,\"name\":\"Entretien avec des repr\u00e9sentants d&#8217;Anter System \u00e0 Monitor Rynkowy\"}]},{\"@type\":\"WebSite\",\"@id\":\"https:\/\/antersystem.com\/fr\/#website\",\"url\":\"https:\/\/antersystem.com\/fr\/\",\"name\":\"Anter System\",\"description\":\"Jeste\u015bmy polskim producentem elastycznych barier ochronnych wykonywanych z polimerowych tworzyw sztucznych. Na rynku krajowym i zagranicznym dzia\u0142amy od ponad 15 lat dbaj\u0105c o zapewnienie bezpiecze\u0144stwa w zak\u0142adach produkcyjnych, magazynach oraz centrach logistycznych.\",\"potentialAction\":[{\"@type\":\"SearchAction\",\"target\":{\"@type\":\"EntryPoint\",\"urlTemplate\":\"https:\/\/antersystem.com\/fr\/?s={search_term_string}\"},\"query-input\":{\"@type\":\"PropertyValueSpecification\",\"valueRequired\":true,\"valueName\":\"search_term_string\"}}],\"inLanguage\":\"fr-FR\"}]}<\/script>\n<!-- \/ Yoast SEO plugin. -->","yoast_head_json":{"title":"Entretien avec des repr\u00e9sentants d'Anter System \u00e0 Monitor Rynkowy - Anter System","description":"Les r\u00e9sultats de l'enqu\u00eate sur le magazine KAIZEN ont \u00e9t\u00e9 publi\u00e9s dans la revue Anter System, qui pr\u00e9sente les r\u00e9sultats de l'enqu\u00eate.","robots":{"index":"index","follow":"follow","max-snippet":"max-snippet:-1","max-image-preview":"max-image-preview:large","max-video-preview":"max-video-preview:-1"},"canonical":"https:\/\/antersystem.com\/fr\/nouvelles\/interview-with-anter-system-representatives-in-monitor-rynkowy\/","og_locale":"fr_FR","og_type":"article","og_title":"Entretien avec des repr\u00e9sentants d'Anter System \u00e0 Monitor Rynkowy - Anter System","og_description":"Les r\u00e9sultats de l'enqu\u00eate sur le magazine KAIZEN ont \u00e9t\u00e9 publi\u00e9s dans la revue Anter System, qui pr\u00e9sente les r\u00e9sultats de l'enqu\u00eate.","og_url":"https:\/\/antersystem.com\/fr\/nouvelles\/interview-with-anter-system-representatives-in-monitor-rynkowy\/","og_site_name":"Anter System","article_modified_time":"2026-02-04T11:37:09+00:00","twitter_card":"summary_large_image","twitter_misc":{"Dur\u00e9e de lecture estim\u00e9e":"1 minute"},"schema":{"@context":"https:\/\/schema.org","@graph":[{"@type":"WebPage","@id":"https:\/\/antersystem.com\/fr\/nouvelles\/interview-with-anter-system-representatives-in-monitor-rynkowy\/","url":"https:\/\/antersystem.com\/fr\/nouvelles\/interview-with-anter-system-representatives-in-monitor-rynkowy\/","name":"Entretien avec des repr\u00e9sentants d'Anter System \u00e0 Monitor Rynkowy - Anter System","isPartOf":{"@id":"https:\/\/antersystem.com\/fr\/#website"},"datePublished":"2025-01-29T14:15:00+00:00","dateModified":"2026-02-04T11:37:09+00:00","description":"Les r\u00e9sultats de l'enqu\u00eate sur le magazine KAIZEN ont \u00e9t\u00e9 publi\u00e9s dans la revue Anter System, qui pr\u00e9sente les r\u00e9sultats de l'enqu\u00eate.","breadcrumb":{"@id":"https:\/\/antersystem.com\/fr\/nouvelles\/interview-with-anter-system-representatives-in-monitor-rynkowy\/#breadcrumb"},"inLanguage":"fr-FR","potentialAction":[{"@type":"ReadAction","target":["https:\/\/antersystem.com\/fr\/nouvelles\/interview-with-anter-system-representatives-in-monitor-rynkowy\/"]}]},{"@type":"BreadcrumbList","@id":"https:\/\/antersystem.com\/fr\/nouvelles\/interview-with-anter-system-representatives-in-monitor-rynkowy\/#breadcrumb","itemListElement":[{"@type":"ListItem","position":1,"name":"AnterSystem","item":"https:\/\/antersystem.com\/fr\/"},{"@type":"ListItem","position":2,"name":"Actualit\u00e9s","item":"https:\/\/antersystem.com\/fr\/nouvelles\/"},{"@type":"ListItem","position":3,"name":"Entretien avec des repr\u00e9sentants d&#8217;Anter System \u00e0 Monitor Rynkowy"}]},{"@type":"WebSite","@id":"https:\/\/antersystem.com\/fr\/#website","url":"https:\/\/antersystem.com\/fr\/","name":"Anter System","description":"Jeste\u015bmy polskim producentem elastycznych barier ochronnych wykonywanych z polimerowych tworzyw sztucznych. Na rynku krajowym i zagranicznym dzia\u0142amy od ponad 15 lat dbaj\u0105c o zapewnienie bezpiecze\u0144stwa w zak\u0142adach produkcyjnych, magazynach oraz centrach logistycznych.","potentialAction":[{"@type":"SearchAction","target":{"@type":"EntryPoint","urlTemplate":"https:\/\/antersystem.com\/fr\/?s={search_term_string}"},"query-input":{"@type":"PropertyValueSpecification","valueRequired":true,"valueName":"search_term_string"}}],"inLanguage":"fr-FR"}]}},"_links":{"self":[{"href":"https:\/\/antersystem.com\/fr\/wp-json\/wp\/v2\/pages\/39370","targetHints":{"allow":["GET"]}}],"collection":[{"href":"https:\/\/antersystem.com\/fr\/wp-json\/wp\/v2\/pages"}],"about":[{"href":"https:\/\/antersystem.com\/fr\/wp-json\/wp\/v2\/types\/page"}],"author":[{"embeddable":true,"href":"https:\/\/antersystem.com\/fr\/wp-json\/wp\/v2\/users\/11"}],"replies":[{"embeddable":true,"href":"https:\/\/antersystem.com\/fr\/wp-json\/wp\/v2\/comments?post=39370"}],"version-history":[{"count":1,"href":"https:\/\/antersystem.com\/fr\/wp-json\/wp\/v2\/pages\/39370\/revisions"}],"predecessor-version":[{"id":39371,"href":"https:\/\/antersystem.com\/fr\/wp-json\/wp\/v2\/pages\/39370\/revisions\/39371"}],"up":[{"embeddable":true,"href":"https:\/\/antersystem.com\/fr\/wp-json\/wp\/v2\/pages\/30302"}],"wp:attachment":[{"href":"https:\/\/antersystem.com\/fr\/wp-json\/wp\/v2\/media?parent=39370"}],"curies":[{"name":"wp","href":"https:\/\/api.w.org\/{rel}","templated":true}]}}