{"id":39384,"date":"2024-12-10T10:04:39","date_gmt":"2024-12-10T09:04:39","guid":{"rendered":"https:\/\/antersystem.com\/nouvelles\/summary-of-the-technical-conference-in-swarzedz\/"},"modified":"2026-02-04T12:37:18","modified_gmt":"2026-02-04T11:37:18","slug":"summary-of-the-technical-conference-in-swarzedz","status":"publish","type":"page","link":"https:\/\/antersystem.com\/fr\/nouvelles\/summary-of-the-technical-conference-in-swarzedz\/","title":{"rendered":"R\u00e9sum\u00e9 de la conf\u00e9rence technique \u00e0 Swarz\u0119dz"},"content":{"rendered":"\n<div class=\"wp-block-columns is-layout-flex wp-container-core-columns-is-layout-9d6595d7 wp-block-columns-is-layout-flex\">\n<div class=\"wp-block-column is-layout-flow wp-block-column-is-layout-flow\">\n<h2 class=\"wp-block-heading\">R\u00e9sum\u00e9 de la conf\u00e9rence technique \u00e0 Swarz\u0119dz &#8211; 5 d\u00e9cembre 2024<\/h2>\n\n\n\n<div class=\"wp-block-columns is-layout-flex wp-container-core-columns-is-layout-9d6595d7 wp-block-columns-is-layout-flex\">\n<div class=\"wp-block-column is-layout-flow wp-block-column-is-layout-flow\" style=\"flex-basis:10%\"><\/div>\n\n\n\n<div class=\"wp-block-column is-layout-flow wp-block-column-is-layout-flow\">\n<p>Le 5 d\u00e9cembre \u00e0 Swarz\u0119dz, pr\u00e8s de Pozna\u0144, s&rsquo;est tenue la conf\u00e9rence technique intitul\u00e9e <strong>\u00ab\u00a0Optimisation des processus d&rsquo;intralogistique et d&rsquo;entreposage\u00a0\u00bb<\/strong>, organis\u00e9e par Axon Media, avec Anter System comme partenaire. L&rsquo;\u00e9v\u00e9nement a rassembl\u00e9 des sp\u00e9cialistes de l&rsquo;industrie logistique qui ont partag\u00e9 leurs connaissances et leur exp\u00e9rience en mati\u00e8re de technologies innovantes am\u00e9liorant les op\u00e9rations d&rsquo;entreposage. <\/p>\n\n\n\n<p><strong>Les th\u00e8mes abord\u00e9s ont \u00e9t\u00e9, entre autres, les suivants<\/strong><\/p>\n\n\n\n<p>1. <strong>Automatisation et robotisation des entrep\u00f4ts<\/strong> &#8211; au cours des pr\u00e9sentations, les participants ont pris connaissance de solutions telles que les syst\u00e8mes de stockage automatis\u00e9s, les robots d&rsquo;entrep\u00f4t et les syst\u00e8mes de transport autonomes.<\/p>\n\n\n\n<p>2. <strong>Technologies du futur<\/strong> &#8211; les orateurs ont discut\u00e9, entre autres, de l&rsquo;utilisation de l&rsquo;intelligence artificielle dans les syst\u00e8mes WMS, des technologies d&rsquo;identification avanc\u00e9es telles que la RFID, et des solutions mobiles intelligentes.<\/p>\n\n\n\n<p>3. <strong>Efficacit\u00e9 \u00e9nerg\u00e9tique et durabilit\u00e9<\/strong> &#8211; des solutions innovantes ont \u00e9t\u00e9 pr\u00e9sent\u00e9es, notamment la modernisation de l&rsquo;\u00e9clairage des entrep\u00f4ts et des processus de production respectueux de l&rsquo;environnement.<\/p>\n\n\n\n<p>4. <strong>Conception des entrep\u00f4ts et gestion des stocks<\/strong> &#8211; les pr\u00e9sentations ont port\u00e9 sur des sujets tels que la conception des espaces d&rsquo;entreposage, la gestion des stocks dans les entrep\u00f4ts de consignation et le conseil en mati\u00e8re de projets.<\/p>\n\n\n\n<ol class=\"wp-block-list\"><\/ol>\n\n\n<p>La conf\u00e9rence s&rsquo;est d\u00e9roul\u00e9e sous forme de conf\u00e9rences et de consultations, permettant aux participants d&rsquo;explorer de nombreuses \u00e9tudes de cas et de se familiariser avec des exemples pratiques de mise en \u0153uvre de technologies modernes adapt\u00e9es aux sp\u00e9cificit\u00e9s des entreprises manufacturi\u00e8res et \u00e0 leurs ressources.<\/p>\n\n\n\n<p><strong>R\u00e9unions et discussions sur l&rsquo;avenir du secteur<\/strong><\/p>\n\n\n\n<p>L&rsquo;\u00e9v\u00e9nement a \u00e9galement \u00e9t\u00e9 une <strong>excellente occasion d&rsquo;\u00e9changer des exp\u00e9riences<\/strong> et de nouer des relations d&rsquo;affaires, offrant une vue d&rsquo;ensemble des derni\u00e8res tendances en mati\u00e8re de logistique. Les conversations entre les sp\u00e9cialistes et les experts d&rsquo;Anter System dans une atmosph\u00e8re aussi propice sont toujours <strong>pr\u00e9cieuses dans le contexte du d\u00e9veloppement de notre offre de<\/strong> syst\u00e8mes de barri\u00e8res de s\u00e9curit\u00e9 modulaires et flexibles pour r\u00e9pondre aux besoins de l&rsquo;industrie intralogistique qui \u00e9volue rapidement. <\/p>\n\n\n\n<p>Nous vous remercions pour toutes les discussions sur les orientations et les attentes en mati\u00e8re de protection des entrep\u00f4ts. Nous vous donnons rendez-vous aux prochaines conf\u00e9rences de l&rsquo;industrie !   <\/p>\n\n\n\n<div class=\"wp-block-columns is-layout-flex wp-container-core-columns-is-layout-9d6595d7 wp-block-columns-is-layout-flex\">\n<div class=\"wp-block-column is-layout-flow wp-block-column-is-layout-flow\"><\/div>\n\n\n\n<div class=\"wp-block-column is-layout-flow wp-block-column-is-layout-flow\"><\/div>\n\n\n\n<div class=\"wp-block-column is-layout-flow wp-block-column-is-layout-flow\"><\/div>\n<\/div>\n<\/div>\n\n\n\n<div class=\"wp-block-column is-layout-flow wp-block-column-is-layout-flow\" style=\"flex-basis:10%\"><\/div>\n<\/div>\n\n\n\nngg_shortcode_0_placeholder\n<\/div>\n<\/div>\n","protected":false},"excerpt":{"rendered":"<p>R\u00e9sum\u00e9 de la conf\u00e9rence technique \u00e0 Swarz\u0119dz &#8211; 5 d\u00e9cembre 2024 Le 5 d\u00e9cembre \u00e0 Swarz\u0119dz, pr\u00e8s de Pozna\u0144, s&rsquo;est tenue la conf\u00e9rence technique intitul\u00e9e \u00ab\u00a0Optimisation des processus d&rsquo;intralogistique et d&rsquo;entreposage\u00a0\u00bb, organis\u00e9e par Axon Media, avec Anter System comme partenaire. L&rsquo;\u00e9v\u00e9nement a rassembl\u00e9 des sp\u00e9cialistes de l&rsquo;industrie logistique qui ont partag\u00e9 leurs connaissances et leur [&hellip;]<\/p>\n","protected":false},"author":1,"featured_media":0,"parent":30302,"menu_order":0,"comment_status":"closed","ping_status":"closed","template":"","meta":{"inline_featured_image":false,"ngg_post_thumbnail":0,"footnotes":""},"class_list":["post-39384","page","type-page","status-publish","hentry"],"acf":[],"yoast_head":"<!-- This site is optimized with the Yoast SEO plugin v27.0 - https:\/\/yoast.com\/product\/yoast-seo-wordpress\/ -->\n<title>R\u00e9sum\u00e9 de la conf\u00e9rence technique \u00e0 Swarz\u0119dz - Anter System<\/title>\n<meta name=\"description\" content=\"R\u00e9sum\u00e9 de la conf\u00e9rence technique \u00e0 Swarz\u0119dz - 5 d\u00e9cembre 2024 Le 5 d\u00e9cembre \u00e0 Swarz\u0119dz, pr\u00e8s de Pozna\u0144, s&#039;est tenue la conf\u00e9rence technique intitul\u00e9e\" \/>\n<meta name=\"robots\" content=\"index, follow, max-snippet:-1, max-image-preview:large, max-video-preview:-1\" \/>\n<link rel=\"canonical\" href=\"https:\/\/antersystem.com\/fr\/nouvelles\/summary-of-the-technical-conference-in-swarzedz\/\" \/>\n<meta property=\"og:locale\" content=\"fr_FR\" \/>\n<meta property=\"og:type\" content=\"article\" \/>\n<meta property=\"og:title\" content=\"R\u00e9sum\u00e9 de la conf\u00e9rence technique \u00e0 Swarz\u0119dz - Anter System\" \/>\n<meta property=\"og:description\" content=\"R\u00e9sum\u00e9 de la conf\u00e9rence technique \u00e0 Swarz\u0119dz - 5 d\u00e9cembre 2024 Le 5 d\u00e9cembre \u00e0 Swarz\u0119dz, pr\u00e8s de Pozna\u0144, s&#039;est tenue la conf\u00e9rence technique intitul\u00e9e\" \/>\n<meta property=\"og:url\" content=\"https:\/\/antersystem.com\/fr\/nouvelles\/summary-of-the-technical-conference-in-swarzedz\/\" \/>\n<meta property=\"og:site_name\" content=\"Anter System\" \/>\n<meta property=\"article:modified_time\" content=\"2026-02-04T11:37:18+00:00\" \/>\n<meta name=\"twitter:card\" content=\"summary_large_image\" \/>\n<meta name=\"twitter:label1\" content=\"Dur\u00e9e de lecture estim\u00e9e\" \/>\n\t<meta name=\"twitter:data1\" content=\"2 minutes\" \/>\n<script type=\"application\/ld+json\" class=\"yoast-schema-graph\">{\"@context\":\"https:\/\/schema.org\",\"@graph\":[{\"@type\":\"WebPage\",\"@id\":\"https:\/\/antersystem.com\/fr\/nouvelles\/summary-of-the-technical-conference-in-swarzedz\/\",\"url\":\"https:\/\/antersystem.com\/fr\/nouvelles\/summary-of-the-technical-conference-in-swarzedz\/\",\"name\":\"R\u00e9sum\u00e9 de la conf\u00e9rence technique \u00e0 Swarz\u0119dz - Anter System\",\"isPartOf\":{\"@id\":\"https:\/\/antersystem.com\/fr\/#website\"},\"datePublished\":\"2024-12-10T09:04:39+00:00\",\"dateModified\":\"2026-02-04T11:37:18+00:00\",\"description\":\"R\u00e9sum\u00e9 de la conf\u00e9rence technique \u00e0 Swarz\u0119dz - 5 d\u00e9cembre 2024 Le 5 d\u00e9cembre \u00e0 Swarz\u0119dz, pr\u00e8s de Pozna\u0144, s'est tenue la conf\u00e9rence technique intitul\u00e9e\",\"breadcrumb\":{\"@id\":\"https:\/\/antersystem.com\/fr\/nouvelles\/summary-of-the-technical-conference-in-swarzedz\/#breadcrumb\"},\"inLanguage\":\"fr-FR\",\"potentialAction\":[{\"@type\":\"ReadAction\",\"target\":[\"https:\/\/antersystem.com\/fr\/nouvelles\/summary-of-the-technical-conference-in-swarzedz\/\"]}]},{\"@type\":\"BreadcrumbList\",\"@id\":\"https:\/\/antersystem.com\/fr\/nouvelles\/summary-of-the-technical-conference-in-swarzedz\/#breadcrumb\",\"itemListElement\":[{\"@type\":\"ListItem\",\"position\":1,\"name\":\"AnterSystem\",\"item\":\"https:\/\/antersystem.com\/fr\/\"},{\"@type\":\"ListItem\",\"position\":2,\"name\":\"Actualit\u00e9s\",\"item\":\"https:\/\/antersystem.com\/fr\/nouvelles\/\"},{\"@type\":\"ListItem\",\"position\":3,\"name\":\"R\u00e9sum\u00e9 de la conf\u00e9rence technique \u00e0 Swarz\u0119dz\"}]},{\"@type\":\"WebSite\",\"@id\":\"https:\/\/antersystem.com\/fr\/#website\",\"url\":\"https:\/\/antersystem.com\/fr\/\",\"name\":\"Anter System\",\"description\":\"Jeste\u015bmy polskim producentem elastycznych barier ochronnych wykonywanych z polimerowych tworzyw sztucznych. Na rynku krajowym i zagranicznym dzia\u0142amy od ponad 15 lat dbaj\u0105c o zapewnienie bezpiecze\u0144stwa w zak\u0142adach produkcyjnych, magazynach oraz centrach logistycznych.\",\"potentialAction\":[{\"@type\":\"SearchAction\",\"target\":{\"@type\":\"EntryPoint\",\"urlTemplate\":\"https:\/\/antersystem.com\/fr\/?s={search_term_string}\"},\"query-input\":{\"@type\":\"PropertyValueSpecification\",\"valueRequired\":true,\"valueName\":\"search_term_string\"}}],\"inLanguage\":\"fr-FR\"}]}<\/script>\n<!-- \/ Yoast SEO plugin. -->","yoast_head_json":{"title":"R\u00e9sum\u00e9 de la conf\u00e9rence technique \u00e0 Swarz\u0119dz - Anter System","description":"R\u00e9sum\u00e9 de la conf\u00e9rence technique \u00e0 Swarz\u0119dz - 5 d\u00e9cembre 2024 Le 5 d\u00e9cembre \u00e0 Swarz\u0119dz, pr\u00e8s de Pozna\u0144, s'est tenue la conf\u00e9rence technique intitul\u00e9e","robots":{"index":"index","follow":"follow","max-snippet":"max-snippet:-1","max-image-preview":"max-image-preview:large","max-video-preview":"max-video-preview:-1"},"canonical":"https:\/\/antersystem.com\/fr\/nouvelles\/summary-of-the-technical-conference-in-swarzedz\/","og_locale":"fr_FR","og_type":"article","og_title":"R\u00e9sum\u00e9 de la conf\u00e9rence technique \u00e0 Swarz\u0119dz - Anter System","og_description":"R\u00e9sum\u00e9 de la conf\u00e9rence technique \u00e0 Swarz\u0119dz - 5 d\u00e9cembre 2024 Le 5 d\u00e9cembre \u00e0 Swarz\u0119dz, pr\u00e8s de Pozna\u0144, s'est tenue la conf\u00e9rence technique intitul\u00e9e","og_url":"https:\/\/antersystem.com\/fr\/nouvelles\/summary-of-the-technical-conference-in-swarzedz\/","og_site_name":"Anter System","article_modified_time":"2026-02-04T11:37:18+00:00","twitter_card":"summary_large_image","twitter_misc":{"Dur\u00e9e de lecture estim\u00e9e":"2 minutes"},"schema":{"@context":"https:\/\/schema.org","@graph":[{"@type":"WebPage","@id":"https:\/\/antersystem.com\/fr\/nouvelles\/summary-of-the-technical-conference-in-swarzedz\/","url":"https:\/\/antersystem.com\/fr\/nouvelles\/summary-of-the-technical-conference-in-swarzedz\/","name":"R\u00e9sum\u00e9 de la conf\u00e9rence technique \u00e0 Swarz\u0119dz - Anter System","isPartOf":{"@id":"https:\/\/antersystem.com\/fr\/#website"},"datePublished":"2024-12-10T09:04:39+00:00","dateModified":"2026-02-04T11:37:18+00:00","description":"R\u00e9sum\u00e9 de la conf\u00e9rence technique \u00e0 Swarz\u0119dz - 5 d\u00e9cembre 2024 Le 5 d\u00e9cembre \u00e0 Swarz\u0119dz, pr\u00e8s de Pozna\u0144, s'est tenue la conf\u00e9rence technique intitul\u00e9e","breadcrumb":{"@id":"https:\/\/antersystem.com\/fr\/nouvelles\/summary-of-the-technical-conference-in-swarzedz\/#breadcrumb"},"inLanguage":"fr-FR","potentialAction":[{"@type":"ReadAction","target":["https:\/\/antersystem.com\/fr\/nouvelles\/summary-of-the-technical-conference-in-swarzedz\/"]}]},{"@type":"BreadcrumbList","@id":"https:\/\/antersystem.com\/fr\/nouvelles\/summary-of-the-technical-conference-in-swarzedz\/#breadcrumb","itemListElement":[{"@type":"ListItem","position":1,"name":"AnterSystem","item":"https:\/\/antersystem.com\/fr\/"},{"@type":"ListItem","position":2,"name":"Actualit\u00e9s","item":"https:\/\/antersystem.com\/fr\/nouvelles\/"},{"@type":"ListItem","position":3,"name":"R\u00e9sum\u00e9 de la conf\u00e9rence technique \u00e0 Swarz\u0119dz"}]},{"@type":"WebSite","@id":"https:\/\/antersystem.com\/fr\/#website","url":"https:\/\/antersystem.com\/fr\/","name":"Anter System","description":"Jeste\u015bmy polskim producentem elastycznych barier ochronnych wykonywanych z polimerowych tworzyw sztucznych. Na rynku krajowym i zagranicznym dzia\u0142amy od ponad 15 lat dbaj\u0105c o zapewnienie bezpiecze\u0144stwa w zak\u0142adach produkcyjnych, magazynach oraz centrach logistycznych.","potentialAction":[{"@type":"SearchAction","target":{"@type":"EntryPoint","urlTemplate":"https:\/\/antersystem.com\/fr\/?s={search_term_string}"},"query-input":{"@type":"PropertyValueSpecification","valueRequired":true,"valueName":"search_term_string"}}],"inLanguage":"fr-FR"}]}},"_links":{"self":[{"href":"https:\/\/antersystem.com\/fr\/wp-json\/wp\/v2\/pages\/39384","targetHints":{"allow":["GET"]}}],"collection":[{"href":"https:\/\/antersystem.com\/fr\/wp-json\/wp\/v2\/pages"}],"about":[{"href":"https:\/\/antersystem.com\/fr\/wp-json\/wp\/v2\/types\/page"}],"author":[{"embeddable":true,"href":"https:\/\/antersystem.com\/fr\/wp-json\/wp\/v2\/users\/1"}],"replies":[{"embeddable":true,"href":"https:\/\/antersystem.com\/fr\/wp-json\/wp\/v2\/comments?post=39384"}],"version-history":[{"count":1,"href":"https:\/\/antersystem.com\/fr\/wp-json\/wp\/v2\/pages\/39384\/revisions"}],"predecessor-version":[{"id":39386,"href":"https:\/\/antersystem.com\/fr\/wp-json\/wp\/v2\/pages\/39384\/revisions\/39386"}],"up":[{"embeddable":true,"href":"https:\/\/antersystem.com\/fr\/wp-json\/wp\/v2\/pages\/30302"}],"wp:attachment":[{"href":"https:\/\/antersystem.com\/fr\/wp-json\/wp\/v2\/media?parent=39384"}],"curies":[{"name":"wp","href":"https:\/\/api.w.org\/{rel}","templated":true}]}}