{"id":39475,"date":"2024-03-27T16:28:30","date_gmt":"2024-03-27T15:28:30","guid":{"rendered":"https:\/\/antersystem.com\/nouvelles\/automotive-cee-day\/"},"modified":"2026-02-04T13:51:25","modified_gmt":"2026-02-04T12:51:25","slug":"automotive-cee-day","status":"publish","type":"page","link":"https:\/\/antersystem.com\/fr\/nouvelles\/automotive-cee-day\/","title":{"rendered":"Journ\u00e9e de l&rsquo;automobile dans les PECO"},"content":{"rendered":"\n<div class=\"wp-block-columns is-layout-flex wp-container-core-columns-is-layout-9d6595d7 wp-block-columns-is-layout-flex\">\n<div class=\"wp-block-column is-layout-flow wp-block-column-is-layout-flow\" style=\"flex-basis:10%\"><\/div>\n\n\n\n<div class=\"wp-block-column is-layout-flow wp-block-column-is-layout-flow\">\n<h3 class=\"wp-block-heading\">9e Rencontres de l&rsquo;achat automobile &#8211; 18-19 avril 2024<\/h3>\n\n\n\n<p><strong>Automotive CEE Day &#8211; un \u00e9v\u00e9nement organis\u00e9 par AutomotiveSuppliers.pl et la ville d&rsquo;Opole &#8211; est une excellente occasion de rencontrer des acteurs cl\u00e9s de l&rsquo;industrie automobile.<\/strong>  Les 18 et 19 avril \u00e0 Opole, l&rsquo;\u00e9v\u00e9nement r\u00e9unira des repr\u00e9sentants des principaux constructeurs automobiles et des fournisseurs de niveau 1.<\/p>\n\n\n\n<p>Pendant deux jours, les participants auront l&rsquo;occasion de rencontrer les clients qui comptent le plus pour eux et de pr\u00e9senter leurs capacit\u00e9s de production et de service. Comme le soulignent les organisateurs, l&rsquo;\u00e9v\u00e9nement utilise une plateforme avanc\u00e9e de mise en relation B2B qui permet un jumelage pr\u00e9cis des partenaires commerciaux. Il promet d&rsquo;\u00eatre un \u00e9v\u00e9nement dynamique dans le monde de l&rsquo;automobile &#8211; et nous esp\u00e9rons qu&rsquo;il donnera d&rsquo;excellents r\u00e9sultats. Un grand nombre de repr\u00e9sentants d&rsquo;entreprises mondiales et de march\u00e9s locaux sont attendus.   <\/p>\n\n\n\n<p>Nous nous r\u00e9jouissons \u00e9galement de rencontrer des partenaires commerciaux et technologiques potentiels afin d&rsquo;\u00e9changer des id\u00e9es, des impressions et du savoir-faire. Depuis 15 ans, nous avons acquis de l&rsquo;exp\u00e9rience <strong>dans le secteur automobile en fournissant aux principaux constructeurs des syst\u00e8mes qui am\u00e9liorent la s\u00e9curit\u00e9 et s&rsquo;adaptent aux changements dynamiques.<\/strong> Nos <a href=\"https:\/\/antersystem.com\/kategorie_produktow\/bariery-bezpieczenstwa-dla-pieszych\/\">produits garantissent une s\u00e9paration fiable des zones de production et de logistique<\/a> et assurent la s\u00e9curit\u00e9 des zones de chargement. <a href=\"https:\/\/antersystem.com\/kategorie_produktow\/technika-zaladunkowa\/\"><strong>Les b\u00e9quilles stabilisatrices de remorques avant et arri\u00e8re<\/strong><\/a> utilis\u00e9s lors des op\u00e9rations logistiques prot\u00e8gent les personnes, les marchandises et les infrastructures contre les dommages. Ils permettent \u00e9galement de r\u00e9duire les temps de chargement et d&rsquo;am\u00e9liorer l&rsquo;utilisation des v\u00e9hicules, en particulier ceux qui remplissent temporairement des fonctions de soutien.  <\/p>\n\n\n\n<p>Profitez de cette occasion pour \u00e9changer des id\u00e9es et des exp\u00e9riences avec d&rsquo;autres participants ! Rendez-nous visite au <strong>stand B<\/strong> pour voir les <strong>produits Anter System<\/strong> en action. <\/p>\n\n\n\n<p>Programme de l&rsquo;\u00e9v\u00e9nement : <strong><a href=\"https:\/\/www.automotiveceeday.eu\/page-3761\">automotiveceeday.eu<\/a><\/strong><\/p>\n\n\n\n<p><strong>#AutomotiveCEEDay #automotive #OHS #manufacturing #flexiblesafetybarriers<\/strong><\/p>\n<\/div>\n\n\n\n<div class=\"wp-block-column is-layout-flow wp-block-column-is-layout-flow\" style=\"flex-basis:10%\"><\/div>\n<\/div>\n<div class=\"wp-block-image\">\n<figure class=\"aligncenter size-large is-resized\"><img loading=\"lazy\" decoding=\"async\" width=\"1024\" height=\"535\" src=\"https:\/\/antersystem.com\/wp-content\/uploads\/CEE-DAY-18-19-kwieccien-Anter-System-3-1024x535.jpg\" alt=\"L'image est une invitation d'Anter System &#xE0; participer aux r&#xE9;unions d'achat de la Journ&#xE9;e de la CEE &#xE0; Opole, les 18 et 19 avril 2024.\" class=\"wp-image-4335\" style=\"width:720px;height:auto\" srcset=\"https:\/\/antersystem.com\/wp-content\/uploads\/CEE-DAY-18-19-kwieccien-Anter-System-3-1024x535.jpg 1024w, https:\/\/antersystem.com\/wp-content\/uploads\/CEE-DAY-18-19-kwieccien-Anter-System-3-300x157.jpg 300w, https:\/\/antersystem.com\/wp-content\/uploads\/CEE-DAY-18-19-kwieccien-Anter-System-3-768x401.jpg 768w, https:\/\/antersystem.com\/wp-content\/uploads\/CEE-DAY-18-19-kwieccien-Anter-System-3-450x235.jpg 450w, https:\/\/antersystem.com\/wp-content\/uploads\/CEE-DAY-18-19-kwieccien-Anter-System-3-330x172.jpg 330w, https:\/\/antersystem.com\/wp-content\/uploads\/CEE-DAY-18-19-kwieccien-Anter-System-3.jpg 1200w\" sizes=\"auto, (max-width: 1024px) 100vw, 1024px\" \/><\/figure><\/div>","protected":false},"excerpt":{"rendered":"<p>9e Rencontres de l&rsquo;achat automobile &#8211; 18-19 avril 2024 Automotive CEE Day &#8211; un \u00e9v\u00e9nement organis\u00e9 par AutomotiveSuppliers.pl et la ville d&rsquo;Opole &#8211; est une excellente occasion de rencontrer des acteurs cl\u00e9s de l&rsquo;industrie automobile. Les 18 et 19 avril \u00e0 Opole, l&rsquo;\u00e9v\u00e9nement r\u00e9unira des repr\u00e9sentants des principaux constructeurs automobiles et des fournisseurs de niveau [&hellip;]<\/p>\n","protected":false},"author":1,"featured_media":0,"parent":30302,"menu_order":0,"comment_status":"closed","ping_status":"closed","template":"","meta":{"inline_featured_image":false,"ngg_post_thumbnail":0,"footnotes":""},"class_list":["post-39475","page","type-page","status-publish","hentry"],"acf":[],"yoast_head":"<!-- This site is optimized with the Yoast SEO plugin v27.0 - https:\/\/yoast.com\/product\/yoast-seo-wordpress\/ -->\n<title>Journ\u00e9e de l&#039;automobile dans les PECO - Anter System<\/title>\n<meta name=\"description\" content=\"Automotive CEE Day - une journ\u00e9e d&#039;information organis\u00e9e par AutomotiveSuppliers.pl et la ville d&#039;Opole - \u00e0 ne pas manquer !\" \/>\n<meta name=\"robots\" content=\"index, follow, max-snippet:-1, max-image-preview:large, max-video-preview:-1\" \/>\n<link rel=\"canonical\" href=\"https:\/\/antersystem.com\/fr\/nouvelles\/automotive-cee-day\/\" \/>\n<meta property=\"og:locale\" content=\"fr_FR\" \/>\n<meta property=\"og:type\" content=\"article\" \/>\n<meta property=\"og:title\" content=\"Journ\u00e9e de l&#039;automobile dans les PECO - Anter System\" \/>\n<meta property=\"og:description\" content=\"Automotive CEE Day - une journ\u00e9e d&#039;information organis\u00e9e par AutomotiveSuppliers.pl et la ville d&#039;Opole - \u00e0 ne pas manquer !\" \/>\n<meta property=\"og:url\" content=\"https:\/\/antersystem.com\/fr\/nouvelles\/automotive-cee-day\/\" \/>\n<meta property=\"og:site_name\" content=\"Anter System\" \/>\n<meta property=\"article:modified_time\" content=\"2026-02-04T12:51:25+00:00\" \/>\n<meta property=\"og:image\" content=\"https:\/\/antersystem.com\/wp-content\/uploads\/CEE-DAY-18-19-kwieccien-Anter-System-3-1024x535.jpg\" \/>\n<meta name=\"twitter:card\" content=\"summary_large_image\" \/>\n<meta name=\"twitter:label1\" content=\"Dur\u00e9e de lecture estim\u00e9e\" \/>\n\t<meta name=\"twitter:data1\" content=\"2 minutes\" \/>\n<script type=\"application\/ld+json\" class=\"yoast-schema-graph\">{\"@context\":\"https:\/\/schema.org\",\"@graph\":[{\"@type\":\"WebPage\",\"@id\":\"https:\/\/antersystem.com\/fr\/nouvelles\/automotive-cee-day\/\",\"url\":\"https:\/\/antersystem.com\/fr\/nouvelles\/automotive-cee-day\/\",\"name\":\"Journ\u00e9e de l'automobile dans les PECO - Anter System\",\"isPartOf\":{\"@id\":\"https:\/\/antersystem.com\/fr\/#website\"},\"primaryImageOfPage\":{\"@id\":\"https:\/\/antersystem.com\/fr\/nouvelles\/automotive-cee-day\/#primaryimage\"},\"image\":{\"@id\":\"https:\/\/antersystem.com\/fr\/nouvelles\/automotive-cee-day\/#primaryimage\"},\"thumbnailUrl\":\"https:\/\/antersystem.com\/wp-content\/uploads\/CEE-DAY-18-19-kwieccien-Anter-System-3-1024x535.jpg\",\"datePublished\":\"2024-03-27T15:28:30+00:00\",\"dateModified\":\"2026-02-04T12:51:25+00:00\",\"description\":\"Automotive CEE Day - une journ\u00e9e d'information organis\u00e9e par AutomotiveSuppliers.pl et la ville d'Opole - \u00e0 ne pas manquer !\",\"breadcrumb\":{\"@id\":\"https:\/\/antersystem.com\/fr\/nouvelles\/automotive-cee-day\/#breadcrumb\"},\"inLanguage\":\"fr-FR\",\"potentialAction\":[{\"@type\":\"ReadAction\",\"target\":[\"https:\/\/antersystem.com\/fr\/nouvelles\/automotive-cee-day\/\"]}]},{\"@type\":\"ImageObject\",\"inLanguage\":\"fr-FR\",\"@id\":\"https:\/\/antersystem.com\/fr\/nouvelles\/automotive-cee-day\/#primaryimage\",\"url\":\"https:\/\/antersystem.com\/wp-content\/uploads\/CEE-DAY-18-19-kwieccien-Anter-System-3-1024x535.jpg\",\"contentUrl\":\"https:\/\/antersystem.com\/wp-content\/uploads\/CEE-DAY-18-19-kwieccien-Anter-System-3-1024x535.jpg\"},{\"@type\":\"BreadcrumbList\",\"@id\":\"https:\/\/antersystem.com\/fr\/nouvelles\/automotive-cee-day\/#breadcrumb\",\"itemListElement\":[{\"@type\":\"ListItem\",\"position\":1,\"name\":\"AnterSystem\",\"item\":\"https:\/\/antersystem.com\/fr\/\"},{\"@type\":\"ListItem\",\"position\":2,\"name\":\"Actualit\u00e9s\",\"item\":\"https:\/\/antersystem.com\/fr\/nouvelles\/\"},{\"@type\":\"ListItem\",\"position\":3,\"name\":\"Journ\u00e9e de l&#8217;automobile dans les PECO\"}]},{\"@type\":\"WebSite\",\"@id\":\"https:\/\/antersystem.com\/fr\/#website\",\"url\":\"https:\/\/antersystem.com\/fr\/\",\"name\":\"Anter System\",\"description\":\"Jeste\u015bmy polskim producentem elastycznych barier ochronnych wykonywanych z polimerowych tworzyw sztucznych. Na rynku krajowym i zagranicznym dzia\u0142amy od ponad 15 lat dbaj\u0105c o zapewnienie bezpiecze\u0144stwa w zak\u0142adach produkcyjnych, magazynach oraz centrach logistycznych.\",\"potentialAction\":[{\"@type\":\"SearchAction\",\"target\":{\"@type\":\"EntryPoint\",\"urlTemplate\":\"https:\/\/antersystem.com\/fr\/?s={search_term_string}\"},\"query-input\":{\"@type\":\"PropertyValueSpecification\",\"valueRequired\":true,\"valueName\":\"search_term_string\"}}],\"inLanguage\":\"fr-FR\"}]}<\/script>\n<!-- \/ Yoast SEO plugin. -->","yoast_head_json":{"title":"Journ\u00e9e de l'automobile dans les PECO - Anter System","description":"Automotive CEE Day - une journ\u00e9e d'information organis\u00e9e par AutomotiveSuppliers.pl et la ville d'Opole - \u00e0 ne pas manquer !","robots":{"index":"index","follow":"follow","max-snippet":"max-snippet:-1","max-image-preview":"max-image-preview:large","max-video-preview":"max-video-preview:-1"},"canonical":"https:\/\/antersystem.com\/fr\/nouvelles\/automotive-cee-day\/","og_locale":"fr_FR","og_type":"article","og_title":"Journ\u00e9e de l'automobile dans les PECO - Anter System","og_description":"Automotive CEE Day - une journ\u00e9e d'information organis\u00e9e par AutomotiveSuppliers.pl et la ville d'Opole - \u00e0 ne pas manquer !","og_url":"https:\/\/antersystem.com\/fr\/nouvelles\/automotive-cee-day\/","og_site_name":"Anter System","article_modified_time":"2026-02-04T12:51:25+00:00","og_image":[{"url":"https:\/\/antersystem.com\/wp-content\/uploads\/CEE-DAY-18-19-kwieccien-Anter-System-3-1024x535.jpg","type":"","width":"","height":""}],"twitter_card":"summary_large_image","twitter_misc":{"Dur\u00e9e de lecture estim\u00e9e":"2 minutes"},"schema":{"@context":"https:\/\/schema.org","@graph":[{"@type":"WebPage","@id":"https:\/\/antersystem.com\/fr\/nouvelles\/automotive-cee-day\/","url":"https:\/\/antersystem.com\/fr\/nouvelles\/automotive-cee-day\/","name":"Journ\u00e9e de l'automobile dans les PECO - Anter System","isPartOf":{"@id":"https:\/\/antersystem.com\/fr\/#website"},"primaryImageOfPage":{"@id":"https:\/\/antersystem.com\/fr\/nouvelles\/automotive-cee-day\/#primaryimage"},"image":{"@id":"https:\/\/antersystem.com\/fr\/nouvelles\/automotive-cee-day\/#primaryimage"},"thumbnailUrl":"https:\/\/antersystem.com\/wp-content\/uploads\/CEE-DAY-18-19-kwieccien-Anter-System-3-1024x535.jpg","datePublished":"2024-03-27T15:28:30+00:00","dateModified":"2026-02-04T12:51:25+00:00","description":"Automotive CEE Day - une journ\u00e9e d'information organis\u00e9e par AutomotiveSuppliers.pl et la ville d'Opole - \u00e0 ne pas manquer !","breadcrumb":{"@id":"https:\/\/antersystem.com\/fr\/nouvelles\/automotive-cee-day\/#breadcrumb"},"inLanguage":"fr-FR","potentialAction":[{"@type":"ReadAction","target":["https:\/\/antersystem.com\/fr\/nouvelles\/automotive-cee-day\/"]}]},{"@type":"ImageObject","inLanguage":"fr-FR","@id":"https:\/\/antersystem.com\/fr\/nouvelles\/automotive-cee-day\/#primaryimage","url":"https:\/\/antersystem.com\/wp-content\/uploads\/CEE-DAY-18-19-kwieccien-Anter-System-3-1024x535.jpg","contentUrl":"https:\/\/antersystem.com\/wp-content\/uploads\/CEE-DAY-18-19-kwieccien-Anter-System-3-1024x535.jpg"},{"@type":"BreadcrumbList","@id":"https:\/\/antersystem.com\/fr\/nouvelles\/automotive-cee-day\/#breadcrumb","itemListElement":[{"@type":"ListItem","position":1,"name":"AnterSystem","item":"https:\/\/antersystem.com\/fr\/"},{"@type":"ListItem","position":2,"name":"Actualit\u00e9s","item":"https:\/\/antersystem.com\/fr\/nouvelles\/"},{"@type":"ListItem","position":3,"name":"Journ\u00e9e de l&#8217;automobile dans les PECO"}]},{"@type":"WebSite","@id":"https:\/\/antersystem.com\/fr\/#website","url":"https:\/\/antersystem.com\/fr\/","name":"Anter System","description":"Jeste\u015bmy polskim producentem elastycznych barier ochronnych wykonywanych z polimerowych tworzyw sztucznych. Na rynku krajowym i zagranicznym dzia\u0142amy od ponad 15 lat dbaj\u0105c o zapewnienie bezpiecze\u0144stwa w zak\u0142adach produkcyjnych, magazynach oraz centrach logistycznych.","potentialAction":[{"@type":"SearchAction","target":{"@type":"EntryPoint","urlTemplate":"https:\/\/antersystem.com\/fr\/?s={search_term_string}"},"query-input":{"@type":"PropertyValueSpecification","valueRequired":true,"valueName":"search_term_string"}}],"inLanguage":"fr-FR"}]}},"_links":{"self":[{"href":"https:\/\/antersystem.com\/fr\/wp-json\/wp\/v2\/pages\/39475","targetHints":{"allow":["GET"]}}],"collection":[{"href":"https:\/\/antersystem.com\/fr\/wp-json\/wp\/v2\/pages"}],"about":[{"href":"https:\/\/antersystem.com\/fr\/wp-json\/wp\/v2\/types\/page"}],"author":[{"embeddable":true,"href":"https:\/\/antersystem.com\/fr\/wp-json\/wp\/v2\/users\/1"}],"replies":[{"embeddable":true,"href":"https:\/\/antersystem.com\/fr\/wp-json\/wp\/v2\/comments?post=39475"}],"version-history":[{"count":1,"href":"https:\/\/antersystem.com\/fr\/wp-json\/wp\/v2\/pages\/39475\/revisions"}],"predecessor-version":[{"id":39477,"href":"https:\/\/antersystem.com\/fr\/wp-json\/wp\/v2\/pages\/39475\/revisions\/39477"}],"up":[{"embeddable":true,"href":"https:\/\/antersystem.com\/fr\/wp-json\/wp\/v2\/pages\/30302"}],"wp:attachment":[{"href":"https:\/\/antersystem.com\/fr\/wp-json\/wp\/v2\/media?parent=39475"}],"curies":[{"name":"wp","href":"https:\/\/api.w.org\/{rel}","templated":true}]}}