{"id":39529,"date":"2024-06-18T10:35:57","date_gmt":"2024-06-18T08:35:57","guid":{"rendered":"https:\/\/antersystem.com\/nouvelles\/mid-magazine-an-exhibition-mix-wystawowa-mieszanka\/"},"modified":"2026-02-04T13:51:37","modified_gmt":"2026-02-04T12:51:37","slug":"mid-magazine-an-exhibition-mix-wystawowa-mieszanka","status":"publish","type":"page","link":"https:\/\/antersystem.com\/fr\/nouvelles\/mid-magazine-an-exhibition-mix-wystawowa-mieszanka\/","title":{"rendered":"MID Magazine \u00ab\u00a0Un m\u00e9lange d&rsquo;expositions\u00a0\u00bb &#8211; \u00ab\u00a0Wystawowa mieszanka\u00a0\u00bb (en anglais)"},"content":{"rendered":"\n<div class=\"wp-block-columns is-layout-flex wp-container-core-columns-is-layout-9d6595d7 wp-block-columns-is-layout-flex\">\n<div class=\"wp-block-column is-layout-flow wp-block-column-is-layout-flow\" style=\"flex-basis:10%\"><\/div>\n\n\n\n<div class=\"wp-block-column is-layout-flow wp-block-column-is-layout-flow\">\n<h2 class=\"wp-block-heading\">MID 3\/2024. Aper\u00e7u des produits pr\u00e9sent\u00e9s r\u00e9cemment lors de salons logistiques.<\/h2>\n\n\n\n<p>Le dernier num\u00e9ro du magazine MID s&rsquo;est charg\u00e9 de compiler des informations cl\u00e9s sur les produits pour ceux qui veulent rester au courant des innovations dans le secteur de la logistique, mais qui n&rsquo;ont pas pu se rendre \u00e0 des salons, tels que le salon de la s\u00e9curit\u00e9 au travail de la SAWO (o\u00f9 nous avons d&rsquo;ailleurs re\u00e7u la m\u00e9daille d&rsquo;or &#8211; <a href=\"https:\/\/antersystem.com\/fr\/nouvelles\/gold-medal-traffic-dock-gate\/\"><span style=\"color: #000080;\"><strong>vous pouvez le lire ici<\/strong><\/span><\/a>). L&rsquo;\u00e9quipe \u00e9ditoriale met \u00e9galement en avant les produits d&rsquo;Anter System en tant que solutions compl\u00e8tes pour prot\u00e9ger les processus de production et les travailleurs des entrep\u00f4ts contre les collisions avec les chariots \u00e9l\u00e9vateurs \u00e0 fourche. Le fait que nous ayons r\u00e9cemment pr\u00e9sent\u00e9 nos solutions lors de nombreux \u00e9v\u00e9nements industriels a certainement renforc\u00e9 notre reconnaissance sur le march\u00e9. Toutefois, s&rsquo;il s&rsquo;agit de votre premier contact avec notre soci\u00e9t\u00e9 et que vous commencez \u00e0 peine \u00e0 comprendre les transformations des espaces logistiques, prenez le temps de noter quelques caract\u00e9ristiques cl\u00e9s d&rsquo;Anter System qui peuvent se traduire directement par une am\u00e9lioration des conditions de travail dans votre \u00e9tablissement.   <\/p>\n\n<p><strong>Qu&rsquo;est-ce qui nous distingue ?<\/strong><\/p>\n<ul>\n<li>Durabilit\u00e9 \u00e9lev\u00e9e des produits &#8211; nos solutions r\u00e9sistent \u00e0 des impacts plusieurs fois sup\u00e9rieurs \u00e0 ceux des produits en acier, comme le confirment les tests PAS 13 et les commentaires des clients.<\/li>\n<li>Qualit\u00e9 et conformit\u00e9 aux normes europ\u00e9ennes &#8211; Les produits Anter System sont soumis \u00e0 des tests rigoureux et sont certifi\u00e9s par le c\u00e9l\u00e8bre institut T\u00dcV Rheinland.<\/li>\n<li>Large gamme de produits &#8211; adapt\u00e9s aux besoins individuels des entreprises et aux conditions sp\u00e9cifiques du site d&rsquo;installation, de la protection au niveau du sol aux barri\u00e8res en hauteur, en tenant compte de la circulation des v\u00e9hicules \u00e0 l&rsquo;int\u00e9rieur de l&rsquo;\u00e9tablissement.<\/li>\n<li>Innovation &#8211; nous nous concentrons sur des solutions modernes, en mettant en \u0153uvre des syst\u00e8mes automatis\u00e9s qui am\u00e9liorent la s\u00e9curit\u00e9, tout en am\u00e9liorant continuellement nos produits.<\/li>\n<li>Modularit\u00e9 &#8211; les barri\u00e8res peuvent \u00eatre facilement connect\u00e9es, d\u00e9plac\u00e9es et agrandies pour s&rsquo;adapter \u00e0 l&rsquo;\u00e9volution des conditions de production ou d&rsquo;entreposage.<\/li>\n<li>\u00c9cologie &#8211; nos produits sont 100 % recyclables, ce qui contribue \u00e0 r\u00e9duire l&#8217;empreinte carbone.<\/li>\n<\/ul>\n\n<p>Le mat\u00e9riel compil\u00e9 par l&rsquo;\u00e9quipe MID vous aidera certainement \u00e0 prendre des d\u00e9cisions d&rsquo;achat \u00e9clair\u00e9es &#8211; non seulement lors de la s\u00e9lection de barri\u00e8res de s\u00e9curit\u00e9, mais aussi de solutions utilisant des technologies d&rsquo;IA. Cela vaut vraiment la peine d&rsquo;\u00eatre lu ! \ud83d\ude42 L&rsquo;article est disponible ci-dessous, et le num\u00e9ro complet peut \u00eatre consult\u00e9 sur le site web de l&rsquo;\u00e9diteur.  <\/p>\n<\/div>\n\n\n\n<div class=\"wp-block-column is-layout-flow wp-block-column-is-layout-flow\" style=\"flex-basis:10%\"><\/div>\n<\/div>\n\n<div data-wp-interactive=\"core\/file\" class=\"wp-block-file\"><object data-wp-bind--hidden=\"!state.hasPdfPreview\" hidden class=\"wp-block-file__embed\" data=\"https:\/\/antersystem.com\/wp-content\/uploads\/MID_99_3_2024_Anter-System.pdf\" type=\"application\/pdf\" style=\"width:100%;height:600px\" aria-label=\"Contenu embarqu\u00e9 MID_99_3_2024_Anter-System.\"><\/object><a id=\"wp-block-file--media-81b055e1-ad38-4bf5-98d8-870bb86c3edb\" href=\"https:\/\/antersystem.com\/wp-content\/uploads\/MID_99_3_2024_Anter-System.pdf\">MID_99_3_2024_Anter-System<\/a><a href=\"https:\/\/antersystem.com\/wp-content\/uploads\/MID_99_3_2024_Anter-System.pdf\" class=\"wp-block-file__button wp-element-button\" download=\"\" aria-describedby=\"wp-block-file--media-81b055e1-ad38-4bf5-98d8-870bb86c3edb\">T\u00e9l\u00e9charger<\/a><\/div>\n","protected":false},"excerpt":{"rendered":"<p>MID 3\/2024. Aper\u00e7u des produits pr\u00e9sent\u00e9s r\u00e9cemment lors de salons logistiques. Le dernier num\u00e9ro du magazine MID s&rsquo;est charg\u00e9 de compiler des informations cl\u00e9s sur les produits pour ceux qui veulent rester au courant des innovations dans le secteur de la logistique, mais qui n&rsquo;ont pas pu se rendre \u00e0 des salons, tels que le [&hellip;]<\/p>\n","protected":false},"author":1,"featured_media":0,"parent":30302,"menu_order":0,"comment_status":"closed","ping_status":"closed","template":"","meta":{"inline_featured_image":false,"ngg_post_thumbnail":0,"footnotes":""},"class_list":["post-39529","page","type-page","status-publish","hentry"],"acf":[],"yoast_head":"<!-- This site is optimized with the Yoast SEO plugin v27.0 - https:\/\/yoast.com\/product\/yoast-seo-wordpress\/ -->\n<title>MID Magazine &quot;Un m\u00e9lange d&#039;expositions&quot; - &quot;Wystawowa mieszanka&quot; (en anglais) - Anter System<\/title>\n<meta name=\"description\" content=\"Najnowszy magazyn MID pokusi\u0142 si\u0119 o zebranie wa\u017cnych wskaza\u0144 ofertowych, dla tych, kt\u00f3rzy chc\u0105 by\u0107 na bie\u017c\u0105co z nowinkami bran\u017cy logistycznej.\" \/>\n<meta name=\"robots\" content=\"index, follow, max-snippet:-1, max-image-preview:large, max-video-preview:-1\" \/>\n<link rel=\"canonical\" href=\"https:\/\/antersystem.com\/fr\/nouvelles\/mid-magazine-an-exhibition-mix-wystawowa-mieszanka\/\" \/>\n<meta property=\"og:locale\" content=\"fr_FR\" \/>\n<meta property=\"og:type\" content=\"article\" \/>\n<meta property=\"og:title\" content=\"MID Magazine &quot;Un m\u00e9lange d&#039;expositions&quot; - &quot;Wystawowa mieszanka&quot; (en anglais) - Anter System\" \/>\n<meta property=\"og:description\" content=\"Najnowszy magazyn MID pokusi\u0142 si\u0119 o zebranie wa\u017cnych wskaza\u0144 ofertowych, dla tych, kt\u00f3rzy chc\u0105 by\u0107 na bie\u017c\u0105co z nowinkami bran\u017cy logistycznej.\" \/>\n<meta property=\"og:url\" content=\"https:\/\/antersystem.com\/fr\/nouvelles\/mid-magazine-an-exhibition-mix-wystawowa-mieszanka\/\" \/>\n<meta property=\"og:site_name\" content=\"Anter System\" \/>\n<meta property=\"article:modified_time\" content=\"2026-02-04T12:51:37+00:00\" \/>\n<meta name=\"twitter:card\" content=\"summary_large_image\" \/>\n<meta name=\"twitter:label1\" content=\"Dur\u00e9e de lecture estim\u00e9e\" \/>\n\t<meta name=\"twitter:data1\" content=\"2 minutes\" \/>\n<script type=\"application\/ld+json\" class=\"yoast-schema-graph\">{\"@context\":\"https:\/\/schema.org\",\"@graph\":[{\"@type\":\"WebPage\",\"@id\":\"https:\/\/antersystem.com\/fr\/nouvelles\/mid-magazine-an-exhibition-mix-wystawowa-mieszanka\/\",\"url\":\"https:\/\/antersystem.com\/fr\/nouvelles\/mid-magazine-an-exhibition-mix-wystawowa-mieszanka\/\",\"name\":\"MID Magazine \\\"Un m\u00e9lange d'expositions\\\" - \\\"Wystawowa mieszanka\\\" (en anglais) - Anter System\",\"isPartOf\":{\"@id\":\"https:\/\/antersystem.com\/fr\/#website\"},\"datePublished\":\"2024-06-18T08:35:57+00:00\",\"dateModified\":\"2026-02-04T12:51:37+00:00\",\"description\":\"Najnowszy magazyn MID pokusi\u0142 si\u0119 o zebranie wa\u017cnych wskaza\u0144 ofertowych, dla tych, kt\u00f3rzy chc\u0105 by\u0107 na bie\u017c\u0105co z nowinkami bran\u017cy logistycznej.\",\"breadcrumb\":{\"@id\":\"https:\/\/antersystem.com\/fr\/nouvelles\/mid-magazine-an-exhibition-mix-wystawowa-mieszanka\/#breadcrumb\"},\"inLanguage\":\"fr-FR\",\"potentialAction\":[{\"@type\":\"ReadAction\",\"target\":[\"https:\/\/antersystem.com\/fr\/nouvelles\/mid-magazine-an-exhibition-mix-wystawowa-mieszanka\/\"]}]},{\"@type\":\"BreadcrumbList\",\"@id\":\"https:\/\/antersystem.com\/fr\/nouvelles\/mid-magazine-an-exhibition-mix-wystawowa-mieszanka\/#breadcrumb\",\"itemListElement\":[{\"@type\":\"ListItem\",\"position\":1,\"name\":\"AnterSystem\",\"item\":\"https:\/\/antersystem.com\/fr\/\"},{\"@type\":\"ListItem\",\"position\":2,\"name\":\"Actualit\u00e9s\",\"item\":\"https:\/\/antersystem.com\/fr\/nouvelles\/\"},{\"@type\":\"ListItem\",\"position\":3,\"name\":\"MID Magazine &#8220;Un m\u00e9lange d&#8217;expositions&#8221; &#8211; &#8220;Wystawowa mieszanka&#8221; (en anglais)\"}]},{\"@type\":\"WebSite\",\"@id\":\"https:\/\/antersystem.com\/fr\/#website\",\"url\":\"https:\/\/antersystem.com\/fr\/\",\"name\":\"Anter System\",\"description\":\"Jeste\u015bmy polskim producentem elastycznych barier ochronnych wykonywanych z polimerowych tworzyw sztucznych. Na rynku krajowym i zagranicznym dzia\u0142amy od ponad 15 lat dbaj\u0105c o zapewnienie bezpiecze\u0144stwa w zak\u0142adach produkcyjnych, magazynach oraz centrach logistycznych.\",\"potentialAction\":[{\"@type\":\"SearchAction\",\"target\":{\"@type\":\"EntryPoint\",\"urlTemplate\":\"https:\/\/antersystem.com\/fr\/?s={search_term_string}\"},\"query-input\":{\"@type\":\"PropertyValueSpecification\",\"valueRequired\":true,\"valueName\":\"search_term_string\"}}],\"inLanguage\":\"fr-FR\"}]}<\/script>\n<!-- \/ Yoast SEO plugin. -->","yoast_head_json":{"title":"MID Magazine \"Un m\u00e9lange d'expositions\" - \"Wystawowa mieszanka\" (en anglais) - Anter System","description":"Najnowszy magazyn MID pokusi\u0142 si\u0119 o zebranie wa\u017cnych wskaza\u0144 ofertowych, dla tych, kt\u00f3rzy chc\u0105 by\u0107 na bie\u017c\u0105co z nowinkami bran\u017cy logistycznej.","robots":{"index":"index","follow":"follow","max-snippet":"max-snippet:-1","max-image-preview":"max-image-preview:large","max-video-preview":"max-video-preview:-1"},"canonical":"https:\/\/antersystem.com\/fr\/nouvelles\/mid-magazine-an-exhibition-mix-wystawowa-mieszanka\/","og_locale":"fr_FR","og_type":"article","og_title":"MID Magazine \"Un m\u00e9lange d'expositions\" - \"Wystawowa mieszanka\" (en anglais) - Anter System","og_description":"Najnowszy magazyn MID pokusi\u0142 si\u0119 o zebranie wa\u017cnych wskaza\u0144 ofertowych, dla tych, kt\u00f3rzy chc\u0105 by\u0107 na bie\u017c\u0105co z nowinkami bran\u017cy logistycznej.","og_url":"https:\/\/antersystem.com\/fr\/nouvelles\/mid-magazine-an-exhibition-mix-wystawowa-mieszanka\/","og_site_name":"Anter System","article_modified_time":"2026-02-04T12:51:37+00:00","twitter_card":"summary_large_image","twitter_misc":{"Dur\u00e9e de lecture estim\u00e9e":"2 minutes"},"schema":{"@context":"https:\/\/schema.org","@graph":[{"@type":"WebPage","@id":"https:\/\/antersystem.com\/fr\/nouvelles\/mid-magazine-an-exhibition-mix-wystawowa-mieszanka\/","url":"https:\/\/antersystem.com\/fr\/nouvelles\/mid-magazine-an-exhibition-mix-wystawowa-mieszanka\/","name":"MID Magazine \"Un m\u00e9lange d'expositions\" - \"Wystawowa mieszanka\" (en anglais) - Anter System","isPartOf":{"@id":"https:\/\/antersystem.com\/fr\/#website"},"datePublished":"2024-06-18T08:35:57+00:00","dateModified":"2026-02-04T12:51:37+00:00","description":"Najnowszy magazyn MID pokusi\u0142 si\u0119 o zebranie wa\u017cnych wskaza\u0144 ofertowych, dla tych, kt\u00f3rzy chc\u0105 by\u0107 na bie\u017c\u0105co z nowinkami bran\u017cy logistycznej.","breadcrumb":{"@id":"https:\/\/antersystem.com\/fr\/nouvelles\/mid-magazine-an-exhibition-mix-wystawowa-mieszanka\/#breadcrumb"},"inLanguage":"fr-FR","potentialAction":[{"@type":"ReadAction","target":["https:\/\/antersystem.com\/fr\/nouvelles\/mid-magazine-an-exhibition-mix-wystawowa-mieszanka\/"]}]},{"@type":"BreadcrumbList","@id":"https:\/\/antersystem.com\/fr\/nouvelles\/mid-magazine-an-exhibition-mix-wystawowa-mieszanka\/#breadcrumb","itemListElement":[{"@type":"ListItem","position":1,"name":"AnterSystem","item":"https:\/\/antersystem.com\/fr\/"},{"@type":"ListItem","position":2,"name":"Actualit\u00e9s","item":"https:\/\/antersystem.com\/fr\/nouvelles\/"},{"@type":"ListItem","position":3,"name":"MID Magazine &#8220;Un m\u00e9lange d&#8217;expositions&#8221; &#8211; &#8220;Wystawowa mieszanka&#8221; (en anglais)"}]},{"@type":"WebSite","@id":"https:\/\/antersystem.com\/fr\/#website","url":"https:\/\/antersystem.com\/fr\/","name":"Anter System","description":"Jeste\u015bmy polskim producentem elastycznych barier ochronnych wykonywanych z polimerowych tworzyw sztucznych. Na rynku krajowym i zagranicznym dzia\u0142amy od ponad 15 lat dbaj\u0105c o zapewnienie bezpiecze\u0144stwa w zak\u0142adach produkcyjnych, magazynach oraz centrach logistycznych.","potentialAction":[{"@type":"SearchAction","target":{"@type":"EntryPoint","urlTemplate":"https:\/\/antersystem.com\/fr\/?s={search_term_string}"},"query-input":{"@type":"PropertyValueSpecification","valueRequired":true,"valueName":"search_term_string"}}],"inLanguage":"fr-FR"}]}},"_links":{"self":[{"href":"https:\/\/antersystem.com\/fr\/wp-json\/wp\/v2\/pages\/39529","targetHints":{"allow":["GET"]}}],"collection":[{"href":"https:\/\/antersystem.com\/fr\/wp-json\/wp\/v2\/pages"}],"about":[{"href":"https:\/\/antersystem.com\/fr\/wp-json\/wp\/v2\/types\/page"}],"author":[{"embeddable":true,"href":"https:\/\/antersystem.com\/fr\/wp-json\/wp\/v2\/users\/1"}],"replies":[{"embeddable":true,"href":"https:\/\/antersystem.com\/fr\/wp-json\/wp\/v2\/comments?post=39529"}],"version-history":[{"count":1,"href":"https:\/\/antersystem.com\/fr\/wp-json\/wp\/v2\/pages\/39529\/revisions"}],"predecessor-version":[{"id":39530,"href":"https:\/\/antersystem.com\/fr\/wp-json\/wp\/v2\/pages\/39529\/revisions\/39530"}],"up":[{"embeddable":true,"href":"https:\/\/antersystem.com\/fr\/wp-json\/wp\/v2\/pages\/30302"}],"wp:attachment":[{"href":"https:\/\/antersystem.com\/fr\/wp-json\/wp\/v2\/media?parent=39529"}],"curies":[{"name":"wp","href":"https:\/\/api.w.org\/{rel}","templated":true}]}}