{"id":39553,"date":"2023-10-12T09:31:59","date_gmt":"2023-10-12T07:31:59","guid":{"rendered":"https:\/\/antersystem.com\/nouvelles\/polymer-safety-barriers\/"},"modified":"2026-02-04T14:04:20","modified_gmt":"2026-02-04T13:04:20","slug":"polymer-safety-barriers","status":"publish","type":"page","link":"https:\/\/antersystem.com\/fr\/nouvelles\/polymer-safety-barriers\/","title":{"rendered":"Barri\u00e8res de s\u00e9curit\u00e9 en polym\u00e8re"},"content":{"rendered":"\n<div class=\"wp-block-columns is-layout-flex wp-container-core-columns-is-layout-9d6595d7 wp-block-columns-is-layout-flex\">\n<div class=\"wp-block-column is-layout-flow wp-block-column-is-layout-flow\" style=\"flex-basis:10%\"><\/div>\n\n<div class=\"wp-block-columns is-layout-flex wp-container-core-columns-is-layout-9d6595d7 wp-block-columns-is-layout-flex\">\n<div class=\"wp-block-column is-layout-flow wp-block-column-is-layout-flow\" style=\"flex-basis:10%\"><\/div>\n\n\n\n<div class=\"wp-block-column is-layout-flow wp-block-column-is-layout-flow\">\n<h2 class=\"wp-block-heading\">Barri\u00e8res de s\u00e9curit\u00e9 en polym\u00e8re ou en acier &#8211; que choisir ?<\/h2>\n\n\n\n<p>Assurer la s\u00e9curit\u00e9 des employ\u00e9s et prot\u00e9ger les \u00e9quipements et les machines sont des priorit\u00e9s absolues pour ceux qui g\u00e8rent des <a href=\"https:\/\/antersystem.com\/co-zabezpieczamy\/hale-magazynowe\/\">entrep\u00f4ts<\/a> ou des <a href=\"https:\/\/antersystem.com\/co-zabezpieczamy\/hale-produkcyjne\/\">installations de production<\/a>. La sant\u00e9 et la vie humaines n&rsquo;ont pas de prix, c&rsquo;est pourquoi il n&rsquo;y a pas de place pour les demi-mesures ou les compromis dans le choix des solutions de s\u00e9curit\u00e9. Les barri\u00e8res de s\u00e9curit\u00e9 sont l&rsquo;un des \u00e9l\u00e9ments de protection les plus couramment utilis\u00e9s et les plus polyvalents pour les applications int\u00e9rieures et ext\u00e9rieures. Voici comment choisir celles qui conviennent \u00e0 votre installation.   <\/p>\n\n\n\n<h3 class=\"wp-block-heading\">Que sont les barri\u00e8res de s\u00e9curit\u00e9 industrielles (\u00e9galement appel\u00e9es protections ou pare-chocs) ?<\/h3>\n\n\n\n<p>Les barri\u00e8res de s\u00e9curit\u00e9, commun\u00e9ment appel\u00e9es pare-chocs ou protections, sont con\u00e7ues pour prot\u00e9ger les voies pi\u00e9tonnes, les rayonnages de stockage, les robots, les postes de travail et d&rsquo;autres zones critiques. Elles sont utilis\u00e9es partout o\u00f9 des machines, des personnes et des v\u00e9hicules se d\u00e9placent \u00e0 proximit\u00e9 les uns des autres. On trouve sur le march\u00e9 des variantes en acier, en plastique, en caoutchouc et en bois, chacune ayant ses propres avantages. Toutefois, en raison de leur durabilit\u00e9 et de leur large \u00e9ventail d&rsquo;applications, les barri\u00e8res en acier et en polym\u00e8re sont les options les plus populaires.   <\/p>\n\n\n\n<h3 class=\"wp-block-heading\">Avantages et applications des barri\u00e8res de s\u00e9curit\u00e9 en polym\u00e8re<\/h3>\n\n\n\n<p>Les <a href=\"https:\/\/antersystem.pl\/pl\/bariery\/178-bariera-podlogowa-de.html\">barri\u00e8res de s\u00e9curit\u00e9 en polym\u00e8re<\/a> sont fabriqu\u00e9es \u00e0 partir des polym\u00e8res les plus durables et les plus performants afin de garantir une absorption efficace des chocs. En m\u00eame temps, ces barri\u00e8res sont beaucoup plus l\u00e9g\u00e8res que les barri\u00e8res traditionnelles en acier. Gr\u00e2ce \u00e0 leur flexibilit\u00e9, elles peuvent r\u00e9sister \u00e0 plusieurs impacts violents sans se d\u00e9former. Elles conservent leur couleur &#8211; contrairement \u00e0 l&rsquo;acier &#8211; et n&rsquo;ont pas besoin d&rsquo;\u00eatre repeintes ou entretenues. Elles sont \u00e9galement r\u00e9sistantes \u00e0 la corrosion et r\u00e9duisent le risque d&rsquo;endommagement du sol au niveau des points de fixation.    <\/p>\n\n\n\n<p>Les barri\u00e8res en polym\u00e8re sont r\u00e9sistantes aux conditions climatiques, y compris aux rayons UV et au gel, ce qui les rend aptes \u00e0 \u00eatre install\u00e9es aussi bien \u00e0 l&rsquo;int\u00e9rieur qu&rsquo;\u00e0 l&rsquo;ext\u00e9rieur. Elles fonctionnent parfaitement dans des zones telles que les parkings, les cours, les rampes de chargement et toute autre zone n\u00e9cessitant une protection du trafic ou de l&rsquo;\u00e9quipement. Elles sont \u00e9galement id\u00e9ales pour les entrep\u00f4ts &#8211; par exemple, pour prot\u00e9ger les rayonnages de stockage ou les zones \u00e0 hauts rayonnages &#8211; ainsi que dans les installations de production pour s\u00e9curiser les machines et les postes de travail.  <\/p>\n\n\n\n<p>Gr\u00e2ce \u00e0 leur conception modulaire, les barri\u00e8res en polym\u00e8re peuvent \u00eatre facilement \u00e9tendues, r\u00e9organis\u00e9es ou d\u00e9plac\u00e9es en fonction de l&rsquo;\u00e9volution des besoins op\u00e9rationnels.<\/p>\n\n\n\n<h3 class=\"wp-block-heading\">Fabricant polonais de syst\u00e8mes de protection industrielle<\/h3>\n\n\n\n<p>Quelle que soit la solution choisie, il vaut la peine de s&rsquo;appuyer sur des fabricants \u00e9prouv\u00e9s et r\u00e9put\u00e9s. Anter System propose l&rsquo;une des plus vastes s\u00e9lections de barri\u00e8res de s\u00e9curit\u00e9 certifi\u00e9es, de haute qualit\u00e9 et modernes. La gamme de produits de l&rsquo;entreprise comprend \u00e9galement des supports de remorque &#8211; reconnus dans les concours pour leur innovation et leurs avantages \u00e9conomiques et environnementaux. Le vaste catalogue permet d&rsquo;adapter pr\u00e9cis\u00e9ment les syst\u00e8mes de protection aux besoins sp\u00e9cifiques de chaque entrep\u00f4t, hall de production ou aire de stationnement.   <\/p>\n\n\n\n<p>En tant que fabricant poss\u00e9dant de nombreuses ann\u00e9es d&rsquo;exp\u00e9rience et une compr\u00e9hension approfondie des d\u00e9fis li\u00e9s \u00e0 la s\u00e9curit\u00e9 sur le lieu de travail, Anter System fournit des conseils d&rsquo;expert pour s\u00e9lectionner les solutions qui r\u00e9pondent parfaitement \u00e0 vos exigences individuelles.<\/p>\n\n\n\n<p>&nbsp;<\/p>\n<p>&nbsp;<\/p>\n<\/div>\n\n\n\n<div class=\"wp-block-column is-layout-flow wp-block-column-is-layout-flow\" style=\"flex-basis:10%\"><\/div>\n<\/div>\n","protected":false},"excerpt":{"rendered":"<p>Barri\u00e8res de s\u00e9curit\u00e9 en polym\u00e8re ou en acier &#8211; que choisir ? Assurer la s\u00e9curit\u00e9 des employ\u00e9s et prot\u00e9ger les \u00e9quipements et les machines sont des priorit\u00e9s absolues pour ceux qui g\u00e8rent des entrep\u00f4ts ou des installations de production. La sant\u00e9 et la vie humaines n&rsquo;ont pas de prix, c&rsquo;est pourquoi il n&rsquo;y a pas [&hellip;]<\/p>\n","protected":false},"author":1,"featured_media":0,"parent":30302,"menu_order":0,"comment_status":"closed","ping_status":"closed","template":"","meta":{"inline_featured_image":false,"ngg_post_thumbnail":0,"footnotes":""},"class_list":["post-39553","page","type-page","status-publish","hentry"],"acf":[],"yoast_head":"<!-- This site is optimized with the Yoast SEO plugin v27.0 - https:\/\/yoast.com\/product\/yoast-seo-wordpress\/ -->\n<title>Barri\u00e8res de s\u00e9curit\u00e9 en polym\u00e8re - Anter System<\/title>\n<meta name=\"description\" content=\"Bez wzgl\u0119du na typ wybranego zabezpieczenia, warto polega\u0107 na asortymencie od czo\u0142owych producent\u00f3w. Anter System oferuje najwi\u0119kszy wyb\u00f3r certyfikowanych, solidnie wykonanych, nowoczesnych barier ochronnych.\" \/>\n<meta name=\"robots\" content=\"index, follow, max-snippet:-1, max-image-preview:large, max-video-preview:-1\" \/>\n<link rel=\"canonical\" href=\"https:\/\/antersystem.com\/fr\/nouvelles\/polymer-safety-barriers\/\" \/>\n<meta property=\"og:locale\" content=\"fr_FR\" \/>\n<meta property=\"og:type\" content=\"article\" \/>\n<meta property=\"og:title\" content=\"Barri\u00e8res de s\u00e9curit\u00e9 en polym\u00e8re - Anter System\" \/>\n<meta property=\"og:description\" content=\"Bez wzgl\u0119du na typ wybranego zabezpieczenia, warto polega\u0107 na asortymencie od czo\u0142owych producent\u00f3w. Anter System oferuje najwi\u0119kszy wyb\u00f3r certyfikowanych, solidnie wykonanych, nowoczesnych barier ochronnych.\" \/>\n<meta property=\"og:url\" content=\"https:\/\/antersystem.com\/fr\/nouvelles\/polymer-safety-barriers\/\" \/>\n<meta property=\"og:site_name\" content=\"Anter System\" \/>\n<meta property=\"article:modified_time\" content=\"2026-02-04T13:04:20+00:00\" \/>\n<meta name=\"twitter:card\" content=\"summary_large_image\" \/>\n<meta name=\"twitter:label1\" content=\"Dur\u00e9e de lecture estim\u00e9e\" \/>\n\t<meta name=\"twitter:data1\" content=\"3 minutes\" \/>\n<script type=\"application\/ld+json\" class=\"yoast-schema-graph\">{\"@context\":\"https:\/\/schema.org\",\"@graph\":[{\"@type\":\"WebPage\",\"@id\":\"https:\/\/antersystem.com\/fr\/nouvelles\/polymer-safety-barriers\/\",\"url\":\"https:\/\/antersystem.com\/fr\/nouvelles\/polymer-safety-barriers\/\",\"name\":\"Barri\u00e8res de s\u00e9curit\u00e9 en polym\u00e8re - Anter System\",\"isPartOf\":{\"@id\":\"https:\/\/antersystem.com\/fr\/#website\"},\"datePublished\":\"2023-10-12T07:31:59+00:00\",\"dateModified\":\"2026-02-04T13:04:20+00:00\",\"description\":\"Bez wzgl\u0119du na typ wybranego zabezpieczenia, warto polega\u0107 na asortymencie od czo\u0142owych producent\u00f3w. Anter System oferuje najwi\u0119kszy wyb\u00f3r certyfikowanych, solidnie wykonanych, nowoczesnych barier ochronnych.\",\"breadcrumb\":{\"@id\":\"https:\/\/antersystem.com\/fr\/nouvelles\/polymer-safety-barriers\/#breadcrumb\"},\"inLanguage\":\"fr-FR\",\"potentialAction\":[{\"@type\":\"ReadAction\",\"target\":[\"https:\/\/antersystem.com\/fr\/nouvelles\/polymer-safety-barriers\/\"]}]},{\"@type\":\"BreadcrumbList\",\"@id\":\"https:\/\/antersystem.com\/fr\/nouvelles\/polymer-safety-barriers\/#breadcrumb\",\"itemListElement\":[{\"@type\":\"ListItem\",\"position\":1,\"name\":\"AnterSystem\",\"item\":\"https:\/\/antersystem.com\/fr\/\"},{\"@type\":\"ListItem\",\"position\":2,\"name\":\"Actualit\u00e9s\",\"item\":\"https:\/\/antersystem.com\/fr\/nouvelles\/\"},{\"@type\":\"ListItem\",\"position\":3,\"name\":\"Barri\u00e8res de s\u00e9curit\u00e9 en polym\u00e8re\"}]},{\"@type\":\"WebSite\",\"@id\":\"https:\/\/antersystem.com\/fr\/#website\",\"url\":\"https:\/\/antersystem.com\/fr\/\",\"name\":\"Anter System\",\"description\":\"Jeste\u015bmy polskim producentem elastycznych barier ochronnych wykonywanych z polimerowych tworzyw sztucznych. Na rynku krajowym i zagranicznym dzia\u0142amy od ponad 15 lat dbaj\u0105c o zapewnienie bezpiecze\u0144stwa w zak\u0142adach produkcyjnych, magazynach oraz centrach logistycznych.\",\"potentialAction\":[{\"@type\":\"SearchAction\",\"target\":{\"@type\":\"EntryPoint\",\"urlTemplate\":\"https:\/\/antersystem.com\/fr\/?s={search_term_string}\"},\"query-input\":{\"@type\":\"PropertyValueSpecification\",\"valueRequired\":true,\"valueName\":\"search_term_string\"}}],\"inLanguage\":\"fr-FR\"}]}<\/script>\n<!-- \/ Yoast SEO plugin. -->","yoast_head_json":{"title":"Barri\u00e8res de s\u00e9curit\u00e9 en polym\u00e8re - Anter System","description":"Bez wzgl\u0119du na typ wybranego zabezpieczenia, warto polega\u0107 na asortymencie od czo\u0142owych producent\u00f3w. Anter System oferuje najwi\u0119kszy wyb\u00f3r certyfikowanych, solidnie wykonanych, nowoczesnych barier ochronnych.","robots":{"index":"index","follow":"follow","max-snippet":"max-snippet:-1","max-image-preview":"max-image-preview:large","max-video-preview":"max-video-preview:-1"},"canonical":"https:\/\/antersystem.com\/fr\/nouvelles\/polymer-safety-barriers\/","og_locale":"fr_FR","og_type":"article","og_title":"Barri\u00e8res de s\u00e9curit\u00e9 en polym\u00e8re - Anter System","og_description":"Bez wzgl\u0119du na typ wybranego zabezpieczenia, warto polega\u0107 na asortymencie od czo\u0142owych producent\u00f3w. Anter System oferuje najwi\u0119kszy wyb\u00f3r certyfikowanych, solidnie wykonanych, nowoczesnych barier ochronnych.","og_url":"https:\/\/antersystem.com\/fr\/nouvelles\/polymer-safety-barriers\/","og_site_name":"Anter System","article_modified_time":"2026-02-04T13:04:20+00:00","twitter_card":"summary_large_image","twitter_misc":{"Dur\u00e9e de lecture estim\u00e9e":"3 minutes"},"schema":{"@context":"https:\/\/schema.org","@graph":[{"@type":"WebPage","@id":"https:\/\/antersystem.com\/fr\/nouvelles\/polymer-safety-barriers\/","url":"https:\/\/antersystem.com\/fr\/nouvelles\/polymer-safety-barriers\/","name":"Barri\u00e8res de s\u00e9curit\u00e9 en polym\u00e8re - Anter System","isPartOf":{"@id":"https:\/\/antersystem.com\/fr\/#website"},"datePublished":"2023-10-12T07:31:59+00:00","dateModified":"2026-02-04T13:04:20+00:00","description":"Bez wzgl\u0119du na typ wybranego zabezpieczenia, warto polega\u0107 na asortymencie od czo\u0142owych producent\u00f3w. Anter System oferuje najwi\u0119kszy wyb\u00f3r certyfikowanych, solidnie wykonanych, nowoczesnych barier ochronnych.","breadcrumb":{"@id":"https:\/\/antersystem.com\/fr\/nouvelles\/polymer-safety-barriers\/#breadcrumb"},"inLanguage":"fr-FR","potentialAction":[{"@type":"ReadAction","target":["https:\/\/antersystem.com\/fr\/nouvelles\/polymer-safety-barriers\/"]}]},{"@type":"BreadcrumbList","@id":"https:\/\/antersystem.com\/fr\/nouvelles\/polymer-safety-barriers\/#breadcrumb","itemListElement":[{"@type":"ListItem","position":1,"name":"AnterSystem","item":"https:\/\/antersystem.com\/fr\/"},{"@type":"ListItem","position":2,"name":"Actualit\u00e9s","item":"https:\/\/antersystem.com\/fr\/nouvelles\/"},{"@type":"ListItem","position":3,"name":"Barri\u00e8res de s\u00e9curit\u00e9 en polym\u00e8re"}]},{"@type":"WebSite","@id":"https:\/\/antersystem.com\/fr\/#website","url":"https:\/\/antersystem.com\/fr\/","name":"Anter System","description":"Jeste\u015bmy polskim producentem elastycznych barier ochronnych wykonywanych z polimerowych tworzyw sztucznych. Na rynku krajowym i zagranicznym dzia\u0142amy od ponad 15 lat dbaj\u0105c o zapewnienie bezpiecze\u0144stwa w zak\u0142adach produkcyjnych, magazynach oraz centrach logistycznych.","potentialAction":[{"@type":"SearchAction","target":{"@type":"EntryPoint","urlTemplate":"https:\/\/antersystem.com\/fr\/?s={search_term_string}"},"query-input":{"@type":"PropertyValueSpecification","valueRequired":true,"valueName":"search_term_string"}}],"inLanguage":"fr-FR"}]}},"_links":{"self":[{"href":"https:\/\/antersystem.com\/fr\/wp-json\/wp\/v2\/pages\/39553","targetHints":{"allow":["GET"]}}],"collection":[{"href":"https:\/\/antersystem.com\/fr\/wp-json\/wp\/v2\/pages"}],"about":[{"href":"https:\/\/antersystem.com\/fr\/wp-json\/wp\/v2\/types\/page"}],"author":[{"embeddable":true,"href":"https:\/\/antersystem.com\/fr\/wp-json\/wp\/v2\/users\/1"}],"replies":[{"embeddable":true,"href":"https:\/\/antersystem.com\/fr\/wp-json\/wp\/v2\/comments?post=39553"}],"version-history":[{"count":1,"href":"https:\/\/antersystem.com\/fr\/wp-json\/wp\/v2\/pages\/39553\/revisions"}],"predecessor-version":[{"id":39556,"href":"https:\/\/antersystem.com\/fr\/wp-json\/wp\/v2\/pages\/39553\/revisions\/39556"}],"up":[{"embeddable":true,"href":"https:\/\/antersystem.com\/fr\/wp-json\/wp\/v2\/pages\/30302"}],"wp:attachment":[{"href":"https:\/\/antersystem.com\/fr\/wp-json\/wp\/v2\/media?parent=39553"}],"curies":[{"name":"wp","href":"https:\/\/api.w.org\/{rel}","templated":true}]}}