{"id":39571,"date":"2023-10-10T12:12:18","date_gmt":"2023-10-10T10:12:18","guid":{"rendered":"https:\/\/antersystem.com\/nouvelles\/mid-magazine-logistics-4-0-see-and-try\/"},"modified":"2026-02-04T14:04:24","modified_gmt":"2026-02-04T13:04:24","slug":"mid-magazine-logistics-4-0-see-and-try","status":"publish","type":"page","link":"https:\/\/antersystem.com\/fr\/nouvelles\/mid-magazine-logistics-4-0-see-and-try\/","title":{"rendered":"MID Magazine : \u00ab\u00a0Logistics 4.0 &#8211; see and try\u00a0\u00bb &#8211; \u00ab\u00a0Logistyka 4.0 &#8211; zobaczy\u0107 i spr\u00f3bowa\u0107\u00a0\u00bb"},"content":{"rendered":"\n<div class=\"wp-block-columns is-layout-flex wp-container-core-columns-is-layout-9d6595d7 wp-block-columns-is-layout-flex\">\n<div class=\"wp-block-column is-layout-flow wp-block-column-is-layout-flow\" style=\"flex-basis:10%\"><\/div>\n\n\n\n<div class=\"wp-block-column is-layout-flow wp-block-column-is-layout-flow\">\n<h3 class=\"wp-block-heading\">MID Magazine 3\/2023 &#8211; compte rendu de la 11e \u00e9dition du projet In4Log au salon Modernlog de Pozna\u0144<\/h3>\n\n\n\n<p style=\"text-align: left;\">Nouveaux produits, anciens d\u00e9fis. C&rsquo;est sous ce slogan que se d\u00e9roule le r\u00e9cit du projet In4Log pr\u00e9sent\u00e9 \u00e0 Modernlog&rsquo;23. Dans le troisi\u00e8me num\u00e9ro du magazine MID de cette ann\u00e9e, Anter System est apparu comme le partenaire technologique de la 11e \u00e9dition du projet In4Log. Nous avons eu l&rsquo;honneur de pr\u00e9senter les tendances du march\u00e9 dans la cat\u00e9gorie des derni\u00e8res solutions mat\u00e9rielles am\u00e9liorant la qualit\u00e9 et l&rsquo;efficacit\u00e9 du travail.   <\/p>\n<p>Avec l&rsquo;\u00e9volution de la dynamique du march\u00e9 et, par cons\u00e9quent, des besoins des entreprises, l&rsquo;infrastructure de l&rsquo;entrep\u00f4t elle-m\u00eame est \u00e9galement modifi\u00e9e. Les zones de stockage prennent souvent la forme de tentes temporaires (parfois jusqu&rsquo;\u00e0 60 m de port\u00e9e et 8 m de hauteur de mur) qui, en termes de charge de vent et de neige, ne sont pas en reste par rapport aux b\u00e2timents traditionnels (supportant jusqu&rsquo;\u00e0 300 kg\/m\u00b2 de charge). Dans ces conditions, on utilise des pare-chocs et des barri\u00e8res de s\u00e9curit\u00e9 flexibles, qui peuvent \u00eatre adapt\u00e9s \u00e0 l&rsquo;\u00e9volution des besoins.  <\/p>\n<p>Pour plus d&rsquo;informations, nous vous invitons \u00e0 lire ci-dessous.<\/p>\n<p>&nbsp;<\/p>\n<p>&nbsp;<\/p>\n<\/div>\n\n\n\n<div class=\"wp-block-column is-layout-flow wp-block-column-is-layout-flow\" style=\"flex-basis:10%\"><\/div>\n<\/div>\n\n<div data-wp-interactive=\"core\/file\" class=\"wp-block-file\"><object data-wp-bind--hidden=\"!state.hasPdfPreview\" hidden class=\"wp-block-file__embed\" data=\"https:\/\/antersystem.com\/wp-content\/uploads\/MID_93_3_2023.pdf\" type=\"application\/pdf\" style=\"width:100%;height:600px\" aria-label=\"Contenu embarqu\u00e9 MID_93_3_2023.\"><\/object><a id=\"wp-block-file--media-c4a79965-4313-4b68-8827-3aa81c41db0a\" href=\"https:\/\/antersystem.com\/wp-content\/uploads\/MID_93_3_2023.pdf\">MID_93_3_2023<\/a><a href=\"https:\/\/antersystem.com\/wp-content\/uploads\/MID_93_3_2023.pdf\" class=\"wp-block-file__button wp-element-button\" download=\"\" aria-describedby=\"wp-block-file--media-c4a79965-4313-4b68-8827-3aa81c41db0a\">T\u00e9l\u00e9charger<\/a><\/div>\n","protected":false},"excerpt":{"rendered":"<p>MID Magazine 3\/2023 &#8211; compte rendu de la 11e \u00e9dition du projet In4Log au salon Modernlog de Pozna\u0144 Nouveaux produits, anciens d\u00e9fis. C&rsquo;est sous ce slogan que se d\u00e9roule le r\u00e9cit du projet In4Log pr\u00e9sent\u00e9 \u00e0 Modernlog&rsquo;23. Dans le troisi\u00e8me num\u00e9ro du magazine MID de cette ann\u00e9e, Anter System est apparu comme le partenaire technologique [&hellip;]<\/p>\n","protected":false},"author":1,"featured_media":0,"parent":30302,"menu_order":0,"comment_status":"closed","ping_status":"closed","template":"","meta":{"inline_featured_image":false,"ngg_post_thumbnail":0,"footnotes":""},"class_list":["post-39571","page","type-page","status-publish","hentry"],"acf":[],"yoast_head":"<!-- This site is optimized with the Yoast SEO plugin v27.0 - https:\/\/yoast.com\/product\/yoast-seo-wordpress\/ -->\n<title>MID Magazine : &quot;Logistics 4.0 - see and try&quot; - &quot;Logistyka 4.0 - zobaczy\u0107 i spr\u00f3bowa\u0107&quot; - Anter System<\/title>\n<meta name=\"description\" content=\"Dans de nombreux magazines MID, Anter System est le partenaire technologique du projet In4Log. Przypad\u0142a nam zaszczytna rola prezentowania trend\u00f3w na rynku w kategorii : najnowszych rozwi\u0105za\u0144 sprz\u0119towych, poprawiaj\u0105cych jako\u015b\u0107 i wydajno\u015b\u0107 pracy.\" \/>\n<meta name=\"robots\" content=\"index, follow, max-snippet:-1, max-image-preview:large, max-video-preview:-1\" \/>\n<link rel=\"canonical\" href=\"https:\/\/antersystem.com\/fr\/nouvelles\/mid-magazine-logistics-4-0-see-and-try\/\" \/>\n<meta property=\"og:locale\" content=\"fr_FR\" \/>\n<meta property=\"og:type\" content=\"article\" \/>\n<meta property=\"og:title\" content=\"MID Magazine : &quot;Logistics 4.0 - see and try&quot; - &quot;Logistyka 4.0 - zobaczy\u0107 i spr\u00f3bowa\u0107&quot; - Anter System\" \/>\n<meta property=\"og:description\" content=\"Dans de nombreux magazines MID, Anter System est le partenaire technologique du projet In4Log. Przypad\u0142a nam zaszczytna rola prezentowania trend\u00f3w na rynku w kategorii : najnowszych rozwi\u0105za\u0144 sprz\u0119towych, poprawiaj\u0105cych jako\u015b\u0107 i wydajno\u015b\u0107 pracy.\" \/>\n<meta property=\"og:url\" content=\"https:\/\/antersystem.com\/fr\/nouvelles\/mid-magazine-logistics-4-0-see-and-try\/\" \/>\n<meta property=\"og:site_name\" content=\"Anter System\" \/>\n<meta property=\"article:modified_time\" content=\"2026-02-04T13:04:24+00:00\" \/>\n<meta name=\"twitter:card\" content=\"summary_large_image\" \/>\n<meta name=\"twitter:label1\" content=\"Dur\u00e9e de lecture estim\u00e9e\" \/>\n\t<meta name=\"twitter:data1\" content=\"1 minute\" \/>\n<script type=\"application\/ld+json\" class=\"yoast-schema-graph\">{\"@context\":\"https:\/\/schema.org\",\"@graph\":[{\"@type\":\"WebPage\",\"@id\":\"https:\/\/antersystem.com\/fr\/nouvelles\/mid-magazine-logistics-4-0-see-and-try\/\",\"url\":\"https:\/\/antersystem.com\/fr\/nouvelles\/mid-magazine-logistics-4-0-see-and-try\/\",\"name\":\"MID Magazine : \\\"Logistics 4.0 - see and try\\\" - \\\"Logistyka 4.0 - zobaczy\u0107 i spr\u00f3bowa\u0107\\\" - Anter System\",\"isPartOf\":{\"@id\":\"https:\/\/antersystem.com\/fr\/#website\"},\"datePublished\":\"2023-10-10T10:12:18+00:00\",\"dateModified\":\"2026-02-04T13:04:24+00:00\",\"description\":\"Dans de nombreux magazines MID, Anter System est le partenaire technologique du projet In4Log. Przypad\u0142a nam zaszczytna rola prezentowania trend\u00f3w na rynku w kategorii : najnowszych rozwi\u0105za\u0144 sprz\u0119towych, poprawiaj\u0105cych jako\u015b\u0107 i wydajno\u015b\u0107 pracy.\",\"breadcrumb\":{\"@id\":\"https:\/\/antersystem.com\/fr\/nouvelles\/mid-magazine-logistics-4-0-see-and-try\/#breadcrumb\"},\"inLanguage\":\"fr-FR\",\"potentialAction\":[{\"@type\":\"ReadAction\",\"target\":[\"https:\/\/antersystem.com\/fr\/nouvelles\/mid-magazine-logistics-4-0-see-and-try\/\"]}]},{\"@type\":\"BreadcrumbList\",\"@id\":\"https:\/\/antersystem.com\/fr\/nouvelles\/mid-magazine-logistics-4-0-see-and-try\/#breadcrumb\",\"itemListElement\":[{\"@type\":\"ListItem\",\"position\":1,\"name\":\"AnterSystem\",\"item\":\"https:\/\/antersystem.com\/fr\/\"},{\"@type\":\"ListItem\",\"position\":2,\"name\":\"Actualit\u00e9s\",\"item\":\"https:\/\/antersystem.com\/fr\/nouvelles\/\"},{\"@type\":\"ListItem\",\"position\":3,\"name\":\"MID Magazine : &#8220;Logistics 4.0 &#8211; see and try&#8221; &#8211; &#8220;Logistyka 4.0 &#8211; zobaczy\u0107 i spr\u00f3bowa\u0107&#8221;\"}]},{\"@type\":\"WebSite\",\"@id\":\"https:\/\/antersystem.com\/fr\/#website\",\"url\":\"https:\/\/antersystem.com\/fr\/\",\"name\":\"Anter System\",\"description\":\"Jeste\u015bmy polskim producentem elastycznych barier ochronnych wykonywanych z polimerowych tworzyw sztucznych. Na rynku krajowym i zagranicznym dzia\u0142amy od ponad 15 lat dbaj\u0105c o zapewnienie bezpiecze\u0144stwa w zak\u0142adach produkcyjnych, magazynach oraz centrach logistycznych.\",\"potentialAction\":[{\"@type\":\"SearchAction\",\"target\":{\"@type\":\"EntryPoint\",\"urlTemplate\":\"https:\/\/antersystem.com\/fr\/?s={search_term_string}\"},\"query-input\":{\"@type\":\"PropertyValueSpecification\",\"valueRequired\":true,\"valueName\":\"search_term_string\"}}],\"inLanguage\":\"fr-FR\"}]}<\/script>\n<!-- \/ Yoast SEO plugin. -->","yoast_head_json":{"title":"MID Magazine : \"Logistics 4.0 - see and try\" - \"Logistyka 4.0 - zobaczy\u0107 i spr\u00f3bowa\u0107\" - Anter System","description":"Dans de nombreux magazines MID, Anter System est le partenaire technologique du projet In4Log. Przypad\u0142a nam zaszczytna rola prezentowania trend\u00f3w na rynku w kategorii : najnowszych rozwi\u0105za\u0144 sprz\u0119towych, poprawiaj\u0105cych jako\u015b\u0107 i wydajno\u015b\u0107 pracy.","robots":{"index":"index","follow":"follow","max-snippet":"max-snippet:-1","max-image-preview":"max-image-preview:large","max-video-preview":"max-video-preview:-1"},"canonical":"https:\/\/antersystem.com\/fr\/nouvelles\/mid-magazine-logistics-4-0-see-and-try\/","og_locale":"fr_FR","og_type":"article","og_title":"MID Magazine : \"Logistics 4.0 - see and try\" - \"Logistyka 4.0 - zobaczy\u0107 i spr\u00f3bowa\u0107\" - Anter System","og_description":"Dans de nombreux magazines MID, Anter System est le partenaire technologique du projet In4Log. Przypad\u0142a nam zaszczytna rola prezentowania trend\u00f3w na rynku w kategorii : najnowszych rozwi\u0105za\u0144 sprz\u0119towych, poprawiaj\u0105cych jako\u015b\u0107 i wydajno\u015b\u0107 pracy.","og_url":"https:\/\/antersystem.com\/fr\/nouvelles\/mid-magazine-logistics-4-0-see-and-try\/","og_site_name":"Anter System","article_modified_time":"2026-02-04T13:04:24+00:00","twitter_card":"summary_large_image","twitter_misc":{"Dur\u00e9e de lecture estim\u00e9e":"1 minute"},"schema":{"@context":"https:\/\/schema.org","@graph":[{"@type":"WebPage","@id":"https:\/\/antersystem.com\/fr\/nouvelles\/mid-magazine-logistics-4-0-see-and-try\/","url":"https:\/\/antersystem.com\/fr\/nouvelles\/mid-magazine-logistics-4-0-see-and-try\/","name":"MID Magazine : \"Logistics 4.0 - see and try\" - \"Logistyka 4.0 - zobaczy\u0107 i spr\u00f3bowa\u0107\" - Anter System","isPartOf":{"@id":"https:\/\/antersystem.com\/fr\/#website"},"datePublished":"2023-10-10T10:12:18+00:00","dateModified":"2026-02-04T13:04:24+00:00","description":"Dans de nombreux magazines MID, Anter System est le partenaire technologique du projet In4Log. Przypad\u0142a nam zaszczytna rola prezentowania trend\u00f3w na rynku w kategorii : najnowszych rozwi\u0105za\u0144 sprz\u0119towych, poprawiaj\u0105cych jako\u015b\u0107 i wydajno\u015b\u0107 pracy.","breadcrumb":{"@id":"https:\/\/antersystem.com\/fr\/nouvelles\/mid-magazine-logistics-4-0-see-and-try\/#breadcrumb"},"inLanguage":"fr-FR","potentialAction":[{"@type":"ReadAction","target":["https:\/\/antersystem.com\/fr\/nouvelles\/mid-magazine-logistics-4-0-see-and-try\/"]}]},{"@type":"BreadcrumbList","@id":"https:\/\/antersystem.com\/fr\/nouvelles\/mid-magazine-logistics-4-0-see-and-try\/#breadcrumb","itemListElement":[{"@type":"ListItem","position":1,"name":"AnterSystem","item":"https:\/\/antersystem.com\/fr\/"},{"@type":"ListItem","position":2,"name":"Actualit\u00e9s","item":"https:\/\/antersystem.com\/fr\/nouvelles\/"},{"@type":"ListItem","position":3,"name":"MID Magazine : &#8220;Logistics 4.0 &#8211; see and try&#8221; &#8211; &#8220;Logistyka 4.0 &#8211; zobaczy\u0107 i spr\u00f3bowa\u0107&#8221;"}]},{"@type":"WebSite","@id":"https:\/\/antersystem.com\/fr\/#website","url":"https:\/\/antersystem.com\/fr\/","name":"Anter System","description":"Jeste\u015bmy polskim producentem elastycznych barier ochronnych wykonywanych z polimerowych tworzyw sztucznych. Na rynku krajowym i zagranicznym dzia\u0142amy od ponad 15 lat dbaj\u0105c o zapewnienie bezpiecze\u0144stwa w zak\u0142adach produkcyjnych, magazynach oraz centrach logistycznych.","potentialAction":[{"@type":"SearchAction","target":{"@type":"EntryPoint","urlTemplate":"https:\/\/antersystem.com\/fr\/?s={search_term_string}"},"query-input":{"@type":"PropertyValueSpecification","valueRequired":true,"valueName":"search_term_string"}}],"inLanguage":"fr-FR"}]}},"_links":{"self":[{"href":"https:\/\/antersystem.com\/fr\/wp-json\/wp\/v2\/pages\/39571","targetHints":{"allow":["GET"]}}],"collection":[{"href":"https:\/\/antersystem.com\/fr\/wp-json\/wp\/v2\/pages"}],"about":[{"href":"https:\/\/antersystem.com\/fr\/wp-json\/wp\/v2\/types\/page"}],"author":[{"embeddable":true,"href":"https:\/\/antersystem.com\/fr\/wp-json\/wp\/v2\/users\/1"}],"replies":[{"embeddable":true,"href":"https:\/\/antersystem.com\/fr\/wp-json\/wp\/v2\/comments?post=39571"}],"version-history":[{"count":1,"href":"https:\/\/antersystem.com\/fr\/wp-json\/wp\/v2\/pages\/39571\/revisions"}],"predecessor-version":[{"id":39572,"href":"https:\/\/antersystem.com\/fr\/wp-json\/wp\/v2\/pages\/39571\/revisions\/39572"}],"up":[{"embeddable":true,"href":"https:\/\/antersystem.com\/fr\/wp-json\/wp\/v2\/pages\/30302"}],"wp:attachment":[{"href":"https:\/\/antersystem.com\/fr\/wp-json\/wp\/v2\/media?parent=39571"}],"curies":[{"name":"wp","href":"https:\/\/api.w.org\/{rel}","templated":true}]}}