{"id":39603,"date":"2024-03-01T14:25:26","date_gmt":"2024-03-01T13:25:26","guid":{"rendered":"https:\/\/antersystem.com\/nouvelles\/technical-conferences-2024\/"},"modified":"2026-02-04T14:04:43","modified_gmt":"2026-02-04T13:04:43","slug":"technical-conferences-2024","status":"publish","type":"page","link":"https:\/\/antersystem.com\/fr\/nouvelles\/technical-conferences-2024\/","title":{"rendered":"Conf\u00e9rences techniques"},"content":{"rendered":"\n<div class=\"wp-block-columns is-layout-flex wp-container-core-columns-is-layout-9d6595d7 wp-block-columns-is-layout-flex\">\n  \n  <div class=\"wp-block-column is-layout-flow wp-block-column-is-layout-flow\" style=\"flex-basis:10%\"><\/div>\n  \n\n  \n  <div class=\"wp-block-column is-layout-flow wp-block-column-is-layout-flow\">\n    \n    <h3 class=\"wp-block-heading\">Invitation \u00e0 la conf\u00e9rence organis\u00e9e par Axon Media<\/h3>\n    \n\n    \n    <p>Encore une invitation de la part d&rsquo;<strong>Axon Media<\/strong>, une organisation qui soutient activement l&rsquo;industrie de la logistique dans son d\u00e9veloppement. Le r\u00e9seau national de conf\u00e9rences offre une occasion pr\u00e9cieuse d&rsquo;\u00e9tablir des relations d&rsquo;affaires, d&rsquo;\u00e9changer des exp\u00e9riences, de recueillir des commentaires sur les produits et de les pr\u00e9senter \u00e0 un public professionnel plus large. <\/p>\n    \n\n    \n    <p>Chaque secteur de l&rsquo;\u00e9conomie a ses propres exigences en mati\u00e8re de production et de stockage. Les d\u00e9fis auxquels vous \u00eates confront\u00e9s dans vos activit\u00e9s quotidiennes, combin\u00e9s \u00e0 notre exp\u00e9rience dans l&rsquo;\u00e9quipement de divers environnements industriels, d\u00e9bouchent sur des <a href=\"https:\/\/antersystem.com\/realizacje\/\">solutions que nous souhaitons apporter \u00e0 l&rsquo;industrie<\/a>. Vous pourrez nous rencontrer le <strong>14 mars<\/strong> \u00e0 l&rsquo;<strong>h\u00f4tel Dworek Tryumf<\/strong>, ul. Klepacka 1, Ksi\u0119\u017cyno (Bia\u0142ystok), o\u00f9 nous pr\u00e9senterons nos <a href=\"https:\/\/antersystem.com\/kategorie_produktow\/bariery-ochronne\/\">barri\u00e8res de s\u00e9curit\u00e9 flexibles<\/a> &#8211; con\u00e7ues pour prot\u00e9ger les personnes, les structures et les machines dans les zones pr\u00e9sentant un risque accru de collision.   <\/p>\n    \n\n    \n    <p>La conf\u00e9rence intitul\u00e9e <em>\u00ab\u00a0Optimisation des processus d&rsquo;intralogistique et d&rsquo;entreposage\u00a0\u00bb<\/em> couvrira un large \u00e9ventail de sujets &#8211; des v\u00e9hicules et des syst\u00e8mes de transport interne aux technologies d&rsquo;identification par radiofr\u00e9quence (RFID) et sans fil. La s\u00e9curit\u00e9 et l&rsquo;hygi\u00e8ne au travail (OHS) dans les entrep\u00f4ts et les halls de production joueront \u00e9galement un r\u00f4le important dans les pr\u00e9sentations des experts au cours de l&rsquo;\u00e9v\u00e9nement. <\/p>\n    \n\n    \n    <p><strong>Quand :<\/strong> 14 mars (jeudi) | 8:00 &#8211; 15:30 <strong><a href=\"https:\/\/www.axonmedia.pl\/konferencje\/program\/intralogistyka-magazynowanie-2024-bialystok\/\">Programme<\/a><\/strong><\/p>\n    \n\n    \n    <p><strong>O\u00f9 :<\/strong> H\u00f4tel Dworek Tryumf, ul. Klepacka 1, Ksi\u0119\u017cyno (Bia\u0142ystok) | parking gratuit <\/p>\n    \n\n    \n    <p><strong>La participation est gratuite<\/strong><\/p>\n    \n\n    \n    <p>En tant que partenaires de l&rsquo;\u00e9v\u00e9nement, nous vous invitons chaleureusement \u00e0 vous joindre \u00e0 nous !<\/p>\n    \n\n    \n    <p><strong>#TechnicalConferences #AxonMedia #Intralogistics #Warehousing<\/strong><\/p>\n    \n  <\/div>\n  \n\n  \n  <div class=\"wp-block-column is-layout-flow wp-block-column-is-layout-flow\" style=\"flex-basis:10%\"><\/div>\n  \n<\/div>\n<div class=\"wp-block-image\">\n<figure class=\"aligncenter size-large is-resized\"><img loading=\"lazy\" decoding=\"async\" width=\"1024\" height=\"535\" src=\"https:\/\/antersystem.com\/wp-content\/uploads\/Axon-Media-Bialystok-2024_zaproszenie-od-Anter-System-1024x535.jpg\" alt=\"Axon Media Bia&#x142;ystok 2024 invitation d'Anter System\" class=\"wp-image-4284\" style=\"width:720px;height:auto\" srcset=\"https:\/\/antersystem.com\/wp-content\/uploads\/Axon-Media-Bialystok-2024_zaproszenie-od-Anter-System-1024x535.jpg 1024w, https:\/\/antersystem.com\/wp-content\/uploads\/Axon-Media-Bialystok-2024_zaproszenie-od-Anter-System-300x157.jpg 300w, https:\/\/antersystem.com\/wp-content\/uploads\/Axon-Media-Bialystok-2024_zaproszenie-od-Anter-System-768x401.jpg 768w, https:\/\/antersystem.com\/wp-content\/uploads\/Axon-Media-Bialystok-2024_zaproszenie-od-Anter-System-450x235.jpg 450w, https:\/\/antersystem.com\/wp-content\/uploads\/Axon-Media-Bialystok-2024_zaproszenie-od-Anter-System-330x172.jpg 330w, https:\/\/antersystem.com\/wp-content\/uploads\/Axon-Media-Bialystok-2024_zaproszenie-od-Anter-System.jpg 1200w\" sizes=\"auto, (max-width: 1024px) 100vw, 1024px\" \/><\/figure><\/div>","protected":false},"excerpt":{"rendered":"<p>Invitation \u00e0 la conf\u00e9rence organis\u00e9e par Axon Media Encore une invitation de la part d&rsquo;Axon Media, une organisation qui soutient activement l&rsquo;industrie de la logistique dans son d\u00e9veloppement. Le r\u00e9seau national de conf\u00e9rences offre une occasion pr\u00e9cieuse d&rsquo;\u00e9tablir des relations d&rsquo;affaires, d&rsquo;\u00e9changer des exp\u00e9riences, de recueillir des commentaires sur les produits et de les pr\u00e9senter [&hellip;]<\/p>\n","protected":false},"author":1,"featured_media":0,"parent":30302,"menu_order":0,"comment_status":"closed","ping_status":"closed","template":"","meta":{"inline_featured_image":false,"ngg_post_thumbnail":0,"footnotes":""},"class_list":["post-39603","page","type-page","status-publish","hentry"],"acf":[],"yoast_head":"<!-- This site is optimized with the Yoast SEO plugin v27.0 - https:\/\/yoast.com\/product\/yoast-seo-wordpress\/ -->\n<title>Conf\u00e9rences techniques - Anter System<\/title>\n<meta name=\"description\" content=\"Les entreprises d&#039;AxonMedia, dont la mission est d&#039;offrir des services de logistique aux entreprises, sont invit\u00e9es \u00e0 participer \u00e0 des conf\u00e9rences sur le th\u00e8me de l&#039;innovation. Voir les conf\u00e9rences en Pologne\" \/>\n<meta name=\"robots\" content=\"index, follow, max-snippet:-1, max-image-preview:large, max-video-preview:-1\" \/>\n<link rel=\"canonical\" href=\"https:\/\/antersystem.com\/fr\/nouvelles\/technical-conferences-2024\/\" \/>\n<meta property=\"og:locale\" content=\"fr_FR\" \/>\n<meta property=\"og:type\" content=\"article\" \/>\n<meta property=\"og:title\" content=\"Conf\u00e9rences techniques - Anter System\" \/>\n<meta property=\"og:description\" content=\"Les entreprises d&#039;AxonMedia, dont la mission est d&#039;offrir des services de logistique aux entreprises, sont invit\u00e9es \u00e0 participer \u00e0 des conf\u00e9rences sur le th\u00e8me de l&#039;innovation. Voir les conf\u00e9rences en Pologne\" \/>\n<meta property=\"og:url\" content=\"https:\/\/antersystem.com\/fr\/nouvelles\/technical-conferences-2024\/\" \/>\n<meta property=\"og:site_name\" content=\"Anter System\" \/>\n<meta property=\"article:modified_time\" content=\"2026-02-04T13:04:43+00:00\" \/>\n<meta property=\"og:image\" content=\"https:\/\/antersystem.com\/wp-content\/uploads\/Axon-Media-Bialystok-2024_zaproszenie-od-Anter-System-1024x535.jpg\" \/>\n<meta name=\"twitter:card\" content=\"summary_large_image\" \/>\n<meta name=\"twitter:label1\" content=\"Dur\u00e9e de lecture estim\u00e9e\" \/>\n\t<meta name=\"twitter:data1\" content=\"1 minute\" \/>\n<script type=\"application\/ld+json\" class=\"yoast-schema-graph\">{\"@context\":\"https:\/\/schema.org\",\"@graph\":[{\"@type\":\"WebPage\",\"@id\":\"https:\/\/antersystem.com\/fr\/nouvelles\/technical-conferences-2024\/\",\"url\":\"https:\/\/antersystem.com\/fr\/nouvelles\/technical-conferences-2024\/\",\"name\":\"Conf\u00e9rences techniques - Anter System\",\"isPartOf\":{\"@id\":\"https:\/\/antersystem.com\/fr\/#website\"},\"primaryImageOfPage\":{\"@id\":\"https:\/\/antersystem.com\/fr\/nouvelles\/technical-conferences-2024\/#primaryimage\"},\"image\":{\"@id\":\"https:\/\/antersystem.com\/fr\/nouvelles\/technical-conferences-2024\/#primaryimage\"},\"thumbnailUrl\":\"https:\/\/antersystem.com\/wp-content\/uploads\/Axon-Media-Bialystok-2024_zaproszenie-od-Anter-System-1024x535.jpg\",\"datePublished\":\"2024-03-01T13:25:26+00:00\",\"dateModified\":\"2026-02-04T13:04:43+00:00\",\"description\":\"Les entreprises d'AxonMedia, dont la mission est d'offrir des services de logistique aux entreprises, sont invit\u00e9es \u00e0 participer \u00e0 des conf\u00e9rences sur le th\u00e8me de l'innovation. Voir les conf\u00e9rences en Pologne\",\"breadcrumb\":{\"@id\":\"https:\/\/antersystem.com\/fr\/nouvelles\/technical-conferences-2024\/#breadcrumb\"},\"inLanguage\":\"fr-FR\",\"potentialAction\":[{\"@type\":\"ReadAction\",\"target\":[\"https:\/\/antersystem.com\/fr\/nouvelles\/technical-conferences-2024\/\"]}]},{\"@type\":\"ImageObject\",\"inLanguage\":\"fr-FR\",\"@id\":\"https:\/\/antersystem.com\/fr\/nouvelles\/technical-conferences-2024\/#primaryimage\",\"url\":\"https:\/\/antersystem.com\/wp-content\/uploads\/Axon-Media-Bialystok-2024_zaproszenie-od-Anter-System-1024x535.jpg\",\"contentUrl\":\"https:\/\/antersystem.com\/wp-content\/uploads\/Axon-Media-Bialystok-2024_zaproszenie-od-Anter-System-1024x535.jpg\"},{\"@type\":\"BreadcrumbList\",\"@id\":\"https:\/\/antersystem.com\/fr\/nouvelles\/technical-conferences-2024\/#breadcrumb\",\"itemListElement\":[{\"@type\":\"ListItem\",\"position\":1,\"name\":\"AnterSystem\",\"item\":\"https:\/\/antersystem.com\/fr\/\"},{\"@type\":\"ListItem\",\"position\":2,\"name\":\"Actualit\u00e9s\",\"item\":\"https:\/\/antersystem.com\/fr\/nouvelles\/\"},{\"@type\":\"ListItem\",\"position\":3,\"name\":\"Conf\u00e9rences techniques\"}]},{\"@type\":\"WebSite\",\"@id\":\"https:\/\/antersystem.com\/fr\/#website\",\"url\":\"https:\/\/antersystem.com\/fr\/\",\"name\":\"Anter System\",\"description\":\"Jeste\u015bmy polskim producentem elastycznych barier ochronnych wykonywanych z polimerowych tworzyw sztucznych. Na rynku krajowym i zagranicznym dzia\u0142amy od ponad 15 lat dbaj\u0105c o zapewnienie bezpiecze\u0144stwa w zak\u0142adach produkcyjnych, magazynach oraz centrach logistycznych.\",\"potentialAction\":[{\"@type\":\"SearchAction\",\"target\":{\"@type\":\"EntryPoint\",\"urlTemplate\":\"https:\/\/antersystem.com\/fr\/?s={search_term_string}\"},\"query-input\":{\"@type\":\"PropertyValueSpecification\",\"valueRequired\":true,\"valueName\":\"search_term_string\"}}],\"inLanguage\":\"fr-FR\"}]}<\/script>\n<!-- \/ Yoast SEO plugin. -->","yoast_head_json":{"title":"Conf\u00e9rences techniques - Anter System","description":"Les entreprises d'AxonMedia, dont la mission est d'offrir des services de logistique aux entreprises, sont invit\u00e9es \u00e0 participer \u00e0 des conf\u00e9rences sur le th\u00e8me de l'innovation. Voir les conf\u00e9rences en Pologne","robots":{"index":"index","follow":"follow","max-snippet":"max-snippet:-1","max-image-preview":"max-image-preview:large","max-video-preview":"max-video-preview:-1"},"canonical":"https:\/\/antersystem.com\/fr\/nouvelles\/technical-conferences-2024\/","og_locale":"fr_FR","og_type":"article","og_title":"Conf\u00e9rences techniques - Anter System","og_description":"Les entreprises d'AxonMedia, dont la mission est d'offrir des services de logistique aux entreprises, sont invit\u00e9es \u00e0 participer \u00e0 des conf\u00e9rences sur le th\u00e8me de l'innovation. Voir les conf\u00e9rences en Pologne","og_url":"https:\/\/antersystem.com\/fr\/nouvelles\/technical-conferences-2024\/","og_site_name":"Anter System","article_modified_time":"2026-02-04T13:04:43+00:00","og_image":[{"url":"https:\/\/antersystem.com\/wp-content\/uploads\/Axon-Media-Bialystok-2024_zaproszenie-od-Anter-System-1024x535.jpg","type":"","width":"","height":""}],"twitter_card":"summary_large_image","twitter_misc":{"Dur\u00e9e de lecture estim\u00e9e":"1 minute"},"schema":{"@context":"https:\/\/schema.org","@graph":[{"@type":"WebPage","@id":"https:\/\/antersystem.com\/fr\/nouvelles\/technical-conferences-2024\/","url":"https:\/\/antersystem.com\/fr\/nouvelles\/technical-conferences-2024\/","name":"Conf\u00e9rences techniques - Anter System","isPartOf":{"@id":"https:\/\/antersystem.com\/fr\/#website"},"primaryImageOfPage":{"@id":"https:\/\/antersystem.com\/fr\/nouvelles\/technical-conferences-2024\/#primaryimage"},"image":{"@id":"https:\/\/antersystem.com\/fr\/nouvelles\/technical-conferences-2024\/#primaryimage"},"thumbnailUrl":"https:\/\/antersystem.com\/wp-content\/uploads\/Axon-Media-Bialystok-2024_zaproszenie-od-Anter-System-1024x535.jpg","datePublished":"2024-03-01T13:25:26+00:00","dateModified":"2026-02-04T13:04:43+00:00","description":"Les entreprises d'AxonMedia, dont la mission est d'offrir des services de logistique aux entreprises, sont invit\u00e9es \u00e0 participer \u00e0 des conf\u00e9rences sur le th\u00e8me de l'innovation. Voir les conf\u00e9rences en Pologne","breadcrumb":{"@id":"https:\/\/antersystem.com\/fr\/nouvelles\/technical-conferences-2024\/#breadcrumb"},"inLanguage":"fr-FR","potentialAction":[{"@type":"ReadAction","target":["https:\/\/antersystem.com\/fr\/nouvelles\/technical-conferences-2024\/"]}]},{"@type":"ImageObject","inLanguage":"fr-FR","@id":"https:\/\/antersystem.com\/fr\/nouvelles\/technical-conferences-2024\/#primaryimage","url":"https:\/\/antersystem.com\/wp-content\/uploads\/Axon-Media-Bialystok-2024_zaproszenie-od-Anter-System-1024x535.jpg","contentUrl":"https:\/\/antersystem.com\/wp-content\/uploads\/Axon-Media-Bialystok-2024_zaproszenie-od-Anter-System-1024x535.jpg"},{"@type":"BreadcrumbList","@id":"https:\/\/antersystem.com\/fr\/nouvelles\/technical-conferences-2024\/#breadcrumb","itemListElement":[{"@type":"ListItem","position":1,"name":"AnterSystem","item":"https:\/\/antersystem.com\/fr\/"},{"@type":"ListItem","position":2,"name":"Actualit\u00e9s","item":"https:\/\/antersystem.com\/fr\/nouvelles\/"},{"@type":"ListItem","position":3,"name":"Conf\u00e9rences techniques"}]},{"@type":"WebSite","@id":"https:\/\/antersystem.com\/fr\/#website","url":"https:\/\/antersystem.com\/fr\/","name":"Anter System","description":"Jeste\u015bmy polskim producentem elastycznych barier ochronnych wykonywanych z polimerowych tworzyw sztucznych. Na rynku krajowym i zagranicznym dzia\u0142amy od ponad 15 lat dbaj\u0105c o zapewnienie bezpiecze\u0144stwa w zak\u0142adach produkcyjnych, magazynach oraz centrach logistycznych.","potentialAction":[{"@type":"SearchAction","target":{"@type":"EntryPoint","urlTemplate":"https:\/\/antersystem.com\/fr\/?s={search_term_string}"},"query-input":{"@type":"PropertyValueSpecification","valueRequired":true,"valueName":"search_term_string"}}],"inLanguage":"fr-FR"}]}},"_links":{"self":[{"href":"https:\/\/antersystem.com\/fr\/wp-json\/wp\/v2\/pages\/39603","targetHints":{"allow":["GET"]}}],"collection":[{"href":"https:\/\/antersystem.com\/fr\/wp-json\/wp\/v2\/pages"}],"about":[{"href":"https:\/\/antersystem.com\/fr\/wp-json\/wp\/v2\/types\/page"}],"author":[{"embeddable":true,"href":"https:\/\/antersystem.com\/fr\/wp-json\/wp\/v2\/users\/1"}],"replies":[{"embeddable":true,"href":"https:\/\/antersystem.com\/fr\/wp-json\/wp\/v2\/comments?post=39603"}],"version-history":[{"count":1,"href":"https:\/\/antersystem.com\/fr\/wp-json\/wp\/v2\/pages\/39603\/revisions"}],"predecessor-version":[{"id":39604,"href":"https:\/\/antersystem.com\/fr\/wp-json\/wp\/v2\/pages\/39603\/revisions\/39604"}],"up":[{"embeddable":true,"href":"https:\/\/antersystem.com\/fr\/wp-json\/wp\/v2\/pages\/30302"}],"wp:attachment":[{"href":"https:\/\/antersystem.com\/fr\/wp-json\/wp\/v2\/media?parent=39603"}],"curies":[{"name":"wp","href":"https:\/\/api.w.org\/{rel}","templated":true}]}}