{"id":39628,"date":"2023-10-12T12:02:34","date_gmt":"2023-10-12T10:02:34","guid":{"rendered":"https:\/\/antersystem.com\/nouvelles\/trailer-support-jst\/"},"modified":"2026-02-04T14:05:01","modified_gmt":"2026-02-04T13:05:01","slug":"trailer-support-jst","status":"publish","type":"page","link":"https:\/\/antersystem.com\/fr\/nouvelles\/trailer-support-jst\/","title":{"rendered":"Support de remorque JST"},"content":{"rendered":"\n<div class=\"wp-block-columns is-layout-flex wp-container-core-columns-is-layout-9d6595d7 wp-block-columns-is-layout-flex\">\n<div class=\"wp-block-column is-layout-flow wp-block-column-is-layout-flow\" style=\"flex-basis:10%\"><\/div>\n\n\n\n<div class=\"wp-block-column is-layout-flow wp-block-column-is-layout-flow\">\n<h2 class=\"wp-block-heading\">Support de remorque JST &#8211; d\u00e9chargement s\u00fbr et pratique sans tracteur<\/h2>\n\n\n\n<p>L&rsquo;utilisation de solutions modernes et \u00e9prouv\u00e9es telles que les <a href=\"https:\/\/antersystem.com\/kategorie_produktow\/technika-zaladunkowa\/\">supports de semi-remorque<\/a> permet de rationaliser les processus d&rsquo;entreposage. Gr\u00e2ce \u00e0 eux, les caristes peuvent effectuer librement les op\u00e9rations n\u00e9cessaires, et l&rsquo;ensemble du processus de chargement et de d\u00e9chargement peut \u00eatre r\u00e9alis\u00e9 sans l&rsquo;intervention d&rsquo;un tracteur. <\/p>\n<h3>Supports de semi-remorques &#8211; avantages et applications<\/h3>\n<p>L&rsquo;objectif premier de l&rsquo;utilisation de supports professionnels est de s\u00e9curiser correctement les semi-remorques d&rsquo;un v\u00e9hicule de livraison lors de la r\u00e9ception des marchandises dans l&rsquo;entrep\u00f4t. Le dispositif fonctionne \u00e9galement parfaitement lors des op\u00e9rations de chargement, garantissant la s\u00e9curit\u00e9 de toutes les personnes impliqu\u00e9es dans le processus logistique, des op\u00e9rateurs de chariots \u00e9l\u00e9vateurs et de toutes les personnes pr\u00e9sentes \u00e0 proximit\u00e9. Son utilisation permet d&rsquo;\u00e9viter que la remorque ne bascule ou ne se renverse pendant les op\u00e9rations de d\u00e9chargement ou de chargement.  <\/p>\n<p>En plus d&rsquo;assurer la s\u00e9curit\u00e9 et le confort de l&rsquo;entrep\u00f4t, les supports de semi-remorque offrent de nombreux autres avantages. L&rsquo;un des plus importants est l&rsquo;optimisation de l&rsquo;utilisation des tracteurs, car ils peuvent travailler avec d&rsquo;autres semi-remorques en m\u00eame temps, ce qui permet d&rsquo;effectuer des transports suppl\u00e9mentaires. Il convient \u00e9galement de noter la facilit\u00e9 d&rsquo;utilisation des supports \u00e9quip\u00e9s d&rsquo;un syst\u00e8me de mise \u00e0 niveau automatique et de larges possibilit\u00e9s de r\u00e9glage en hauteur.  <\/p>\n<h3>Supports de semi-remorques &#8211; Fabricant polonais<\/h3>\n<p>Les principaux fabricants proposent \u00e0 leurs clients une approche individuelle, en fournissant des syst\u00e8mes enti\u00e8rement adapt\u00e9s aux exigences d&rsquo;une industrie donn\u00e9e et \u00e0 l&rsquo;organisation du travail dans l&rsquo;entrep\u00f4t. Parmi les nombreux mod\u00e8les disponibles sur le march\u00e9, il convient d&rsquo;accorder une attention particuli\u00e8re au <a href=\"https:\/\/antersystem.com\/produkty\/podpora-pod-naczepe-tira-jst1-1\/\">support de semi-remorque TIR Jack Trailer Stand fabriqu\u00e9 par Anter System<\/a>. Dans ce mod\u00e8le, les questions de stabilisation de la remorque et de minimisation du risque de basculement ont \u00e9t\u00e9 affin\u00e9es au plus haut niveau.  <\/p>\n<p>Le dispositif supporte facilement des charges allant jusqu&rsquo;\u00e0 45 tonnes, alors que les produits concurrents offrent g\u00e9n\u00e9ralement une capacit\u00e9 de charge de 25 \u00e0 40 tonnes &#8211; ce qui permet de manipuler des semi-remorques avec des charges plus lourdes. La hauteur est r\u00e9glable de 916 mm \u00e0 1366 mm, ce qui permet de mieux positionner le support et de faciliter les op\u00e9rations de chargement. En outre, le dispositif est dot\u00e9 d&rsquo;une grande surface de base, ce qui am\u00e9liore la stabilit\u00e9 au sol et augmente la surface de contact avec la semi-remorque (meilleure stabilisation de la remorque). Le positionnement efficace du support est assur\u00e9 par des roues en caoutchouc d&rsquo;un diam\u00e8tre de 400 mm, plus grandes que celles que l&rsquo;on trouve dans la plupart des dispositifs de ce type sur le march\u00e9. Le support peut \u00eatre facilement soulev\u00e9 \u00e0 l&rsquo;aide d&rsquo;un m\u00e9canisme intuitif \u00e0 manivelle &#8211; il peut \u00eatre actionn\u00e9 par n&rsquo;importe qui sans avoir besoin d&rsquo;une force excessive, et un m\u00e9canisme de verrouillage rapide emp\u00eache l&rsquo;acc\u00e8s par des personnes non autoris\u00e9es.    <\/p>\n<p>De plus en plus de fabricants de semi-remorques recommandent l&rsquo;utilisation de supports sp\u00e9cialis\u00e9s. On peut donc affirmer avec certitude que dans les prochaines ann\u00e9es, des <a href=\"https:\/\/antersystem.com\/fr\/nouvelles\/product-of-the-year-2019\/produkt-roku-2019-3\/\">solutions telles que celle pr\u00e9sent\u00e9e par Anter System deviendront un standard dans l&rsquo;industrie de la logistique<\/a>.<\/p>\n<h3>Un investissement dans la s\u00e9curit\u00e9 &#8211; planifiez-le d\u00e8s aujourd&rsquo;hui<\/h3>\n<p>Lorsque vous envisagez l&rsquo;achat d&rsquo;un support de semi-remorque TIR pour votre entreprise, il vaut la peine de penser \u00e0 une macro-\u00e9chelle, en se rappelant qu&rsquo;un investissement unique dans la s\u00e9curit\u00e9 peut s&rsquo;av\u00e9rer inestimable. Les co\u00fbts li\u00e9s \u00e0 l&rsquo;achat de syst\u00e8mes de s\u00e9curit\u00e9 professionnels s&rsquo;av\u00e8rent g\u00e9n\u00e9ralement disproportionn\u00e9s par rapport aux cons\u00e9quences d&rsquo;un accident potentiel ou d&rsquo;un autre \u00e9v\u00e9nement malheureux. <\/p>\n<p>&nbsp;<\/p>\n<\/div>\n\n\n\n<div class=\"wp-block-column is-layout-flow wp-block-column-is-layout-flow\" style=\"flex-basis:10%\"><\/div>\n<\/div>\n","protected":false},"excerpt":{"rendered":"<p>Support de remorque JST &#8211; d\u00e9chargement s\u00fbr et pratique sans tracteur L&rsquo;utilisation de solutions modernes et \u00e9prouv\u00e9es telles que les supports de semi-remorque permet de rationaliser les processus d&rsquo;entreposage. Gr\u00e2ce \u00e0 eux, les caristes peuvent effectuer librement les op\u00e9rations n\u00e9cessaires, et l&rsquo;ensemble du processus de chargement et de d\u00e9chargement peut \u00eatre r\u00e9alis\u00e9 sans l&rsquo;intervention d&rsquo;un [&hellip;]<\/p>\n","protected":false},"author":1,"featured_media":0,"parent":30302,"menu_order":0,"comment_status":"closed","ping_status":"closed","template":"","meta":{"inline_featured_image":false,"ngg_post_thumbnail":0,"footnotes":""},"class_list":["post-39628","page","type-page","status-publish","hentry"],"acf":[],"yoast_head":"<!-- This site is optimized with the Yoast SEO plugin v27.0 - https:\/\/yoast.com\/product\/yoast-seo-wordpress\/ -->\n<title>Support de remorque JST - Anter System<\/title>\n<meta name=\"description\" content=\"Support de remorque JST - d\u00e9chargement s\u00fbr et pratique sans tracteur L&#039;utilisation de solutions modernes et \u00e9prouv\u00e9es telles que les supports de\" \/>\n<meta name=\"robots\" content=\"index, follow, max-snippet:-1, max-image-preview:large, max-video-preview:-1\" \/>\n<link rel=\"canonical\" href=\"https:\/\/antersystem.com\/fr\/nouvelles\/trailer-support-jst\/\" \/>\n<meta property=\"og:locale\" content=\"fr_FR\" \/>\n<meta property=\"og:type\" content=\"article\" \/>\n<meta property=\"og:title\" content=\"Support de remorque JST - Anter System\" \/>\n<meta property=\"og:description\" content=\"Support de remorque JST - d\u00e9chargement s\u00fbr et pratique sans tracteur L&#039;utilisation de solutions modernes et \u00e9prouv\u00e9es telles que les supports de\" \/>\n<meta property=\"og:url\" content=\"https:\/\/antersystem.com\/fr\/nouvelles\/trailer-support-jst\/\" \/>\n<meta property=\"og:site_name\" content=\"Anter System\" \/>\n<meta property=\"article:modified_time\" content=\"2026-02-04T13:05:01+00:00\" \/>\n<meta name=\"twitter:card\" content=\"summary_large_image\" \/>\n<meta name=\"twitter:label1\" content=\"Dur\u00e9e de lecture estim\u00e9e\" \/>\n\t<meta name=\"twitter:data1\" content=\"3 minutes\" \/>\n<script type=\"application\/ld+json\" class=\"yoast-schema-graph\">{\"@context\":\"https:\/\/schema.org\",\"@graph\":[{\"@type\":\"WebPage\",\"@id\":\"https:\/\/antersystem.com\/fr\/nouvelles\/trailer-support-jst\/\",\"url\":\"https:\/\/antersystem.com\/fr\/nouvelles\/trailer-support-jst\/\",\"name\":\"Support de remorque JST - Anter System\",\"isPartOf\":{\"@id\":\"https:\/\/antersystem.com\/fr\/#website\"},\"datePublished\":\"2023-10-12T10:02:34+00:00\",\"dateModified\":\"2026-02-04T13:05:01+00:00\",\"description\":\"Support de remorque JST - d\u00e9chargement s\u00fbr et pratique sans tracteur L'utilisation de solutions modernes et \u00e9prouv\u00e9es telles que les supports de\",\"breadcrumb\":{\"@id\":\"https:\/\/antersystem.com\/fr\/nouvelles\/trailer-support-jst\/#breadcrumb\"},\"inLanguage\":\"fr-FR\",\"potentialAction\":[{\"@type\":\"ReadAction\",\"target\":[\"https:\/\/antersystem.com\/fr\/nouvelles\/trailer-support-jst\/\"]}]},{\"@type\":\"BreadcrumbList\",\"@id\":\"https:\/\/antersystem.com\/fr\/nouvelles\/trailer-support-jst\/#breadcrumb\",\"itemListElement\":[{\"@type\":\"ListItem\",\"position\":1,\"name\":\"AnterSystem\",\"item\":\"https:\/\/antersystem.com\/fr\/\"},{\"@type\":\"ListItem\",\"position\":2,\"name\":\"Actualit\u00e9s\",\"item\":\"https:\/\/antersystem.com\/fr\/nouvelles\/\"},{\"@type\":\"ListItem\",\"position\":3,\"name\":\"Support de remorque JST\"}]},{\"@type\":\"WebSite\",\"@id\":\"https:\/\/antersystem.com\/fr\/#website\",\"url\":\"https:\/\/antersystem.com\/fr\/\",\"name\":\"Anter System\",\"description\":\"Jeste\u015bmy polskim producentem elastycznych barier ochronnych wykonywanych z polimerowych tworzyw sztucznych. Na rynku krajowym i zagranicznym dzia\u0142amy od ponad 15 lat dbaj\u0105c o zapewnienie bezpiecze\u0144stwa w zak\u0142adach produkcyjnych, magazynach oraz centrach logistycznych.\",\"potentialAction\":[{\"@type\":\"SearchAction\",\"target\":{\"@type\":\"EntryPoint\",\"urlTemplate\":\"https:\/\/antersystem.com\/fr\/?s={search_term_string}\"},\"query-input\":{\"@type\":\"PropertyValueSpecification\",\"valueRequired\":true,\"valueName\":\"search_term_string\"}}],\"inLanguage\":\"fr-FR\"}]}<\/script>\n<!-- \/ Yoast SEO plugin. -->","yoast_head_json":{"title":"Support de remorque JST - Anter System","description":"Support de remorque JST - d\u00e9chargement s\u00fbr et pratique sans tracteur L'utilisation de solutions modernes et \u00e9prouv\u00e9es telles que les supports de","robots":{"index":"index","follow":"follow","max-snippet":"max-snippet:-1","max-image-preview":"max-image-preview:large","max-video-preview":"max-video-preview:-1"},"canonical":"https:\/\/antersystem.com\/fr\/nouvelles\/trailer-support-jst\/","og_locale":"fr_FR","og_type":"article","og_title":"Support de remorque JST - Anter System","og_description":"Support de remorque JST - d\u00e9chargement s\u00fbr et pratique sans tracteur L'utilisation de solutions modernes et \u00e9prouv\u00e9es telles que les supports de","og_url":"https:\/\/antersystem.com\/fr\/nouvelles\/trailer-support-jst\/","og_site_name":"Anter System","article_modified_time":"2026-02-04T13:05:01+00:00","twitter_card":"summary_large_image","twitter_misc":{"Dur\u00e9e de lecture estim\u00e9e":"3 minutes"},"schema":{"@context":"https:\/\/schema.org","@graph":[{"@type":"WebPage","@id":"https:\/\/antersystem.com\/fr\/nouvelles\/trailer-support-jst\/","url":"https:\/\/antersystem.com\/fr\/nouvelles\/trailer-support-jst\/","name":"Support de remorque JST - Anter System","isPartOf":{"@id":"https:\/\/antersystem.com\/fr\/#website"},"datePublished":"2023-10-12T10:02:34+00:00","dateModified":"2026-02-04T13:05:01+00:00","description":"Support de remorque JST - d\u00e9chargement s\u00fbr et pratique sans tracteur L'utilisation de solutions modernes et \u00e9prouv\u00e9es telles que les supports de","breadcrumb":{"@id":"https:\/\/antersystem.com\/fr\/nouvelles\/trailer-support-jst\/#breadcrumb"},"inLanguage":"fr-FR","potentialAction":[{"@type":"ReadAction","target":["https:\/\/antersystem.com\/fr\/nouvelles\/trailer-support-jst\/"]}]},{"@type":"BreadcrumbList","@id":"https:\/\/antersystem.com\/fr\/nouvelles\/trailer-support-jst\/#breadcrumb","itemListElement":[{"@type":"ListItem","position":1,"name":"AnterSystem","item":"https:\/\/antersystem.com\/fr\/"},{"@type":"ListItem","position":2,"name":"Actualit\u00e9s","item":"https:\/\/antersystem.com\/fr\/nouvelles\/"},{"@type":"ListItem","position":3,"name":"Support de remorque JST"}]},{"@type":"WebSite","@id":"https:\/\/antersystem.com\/fr\/#website","url":"https:\/\/antersystem.com\/fr\/","name":"Anter System","description":"Jeste\u015bmy polskim producentem elastycznych barier ochronnych wykonywanych z polimerowych tworzyw sztucznych. Na rynku krajowym i zagranicznym dzia\u0142amy od ponad 15 lat dbaj\u0105c o zapewnienie bezpiecze\u0144stwa w zak\u0142adach produkcyjnych, magazynach oraz centrach logistycznych.","potentialAction":[{"@type":"SearchAction","target":{"@type":"EntryPoint","urlTemplate":"https:\/\/antersystem.com\/fr\/?s={search_term_string}"},"query-input":{"@type":"PropertyValueSpecification","valueRequired":true,"valueName":"search_term_string"}}],"inLanguage":"fr-FR"}]}},"_links":{"self":[{"href":"https:\/\/antersystem.com\/fr\/wp-json\/wp\/v2\/pages\/39628","targetHints":{"allow":["GET"]}}],"collection":[{"href":"https:\/\/antersystem.com\/fr\/wp-json\/wp\/v2\/pages"}],"about":[{"href":"https:\/\/antersystem.com\/fr\/wp-json\/wp\/v2\/types\/page"}],"author":[{"embeddable":true,"href":"https:\/\/antersystem.com\/fr\/wp-json\/wp\/v2\/users\/1"}],"replies":[{"embeddable":true,"href":"https:\/\/antersystem.com\/fr\/wp-json\/wp\/v2\/comments?post=39628"}],"version-history":[{"count":1,"href":"https:\/\/antersystem.com\/fr\/wp-json\/wp\/v2\/pages\/39628\/revisions"}],"predecessor-version":[{"id":39629,"href":"https:\/\/antersystem.com\/fr\/wp-json\/wp\/v2\/pages\/39628\/revisions\/39629"}],"up":[{"embeddable":true,"href":"https:\/\/antersystem.com\/fr\/wp-json\/wp\/v2\/pages\/30302"}],"wp:attachment":[{"href":"https:\/\/antersystem.com\/fr\/wp-json\/wp\/v2\/media?parent=39628"}],"curies":[{"name":"wp","href":"https:\/\/api.w.org\/{rel}","templated":true}]}}