{"id":39652,"date":"2024-10-22T14:33:00","date_gmt":"2024-10-22T12:33:00","guid":{"rendered":"https:\/\/antersystem.com\/nouvelles\/anter-system-partner-of-the-industry-conference\/"},"modified":"2026-02-04T14:07:04","modified_gmt":"2026-02-04T13:07:04","slug":"anter-system-partner-of-the-industry-conference","status":"publish","type":"page","link":"https:\/\/antersystem.com\/fr\/nouvelles\/anter-system-partner-of-the-industry-conference\/","title":{"rendered":"Anter System partenaire de la conf\u00e9rence de l&rsquo;industrie"},"content":{"rendered":"\n<div class=\"wp-block-columns is-layout-flex wp-container-core-columns-is-layout-9d6595d7 wp-block-columns-is-layout-flex\">\n<div class=\"wp-block-column is-layout-flow wp-block-column-is-layout-flow\" style=\"flex-basis:10%\"><\/div>\n\n\n\n<div class=\"wp-block-column is-layout-flow wp-block-column-is-layout-flow\">\n<h2 class=\"wp-block-heading\">Rejoignez-nous pour une r\u00e9union consacr\u00e9e \u00e0 la transformation logistique !<\/h2>\n\n\n\n<p>Le 7 novembre 2024, \u00e0 Zabrze, se tiendra la conf\u00e9rence <em>\u00ab\u00a0Optimisation des processus d&rsquo;intralogistique et d&rsquo;entreposage\u00a0\u00bb<\/em>, l&rsquo;un des \u00e9v\u00e9nements cl\u00e9s de l&rsquo;ann\u00e9e pour l&rsquo;industrie de la logistique. L&rsquo;\u00e9v\u00e9nement, organis\u00e9 par Axon Media, comptera une fois de plus Anter System Polska parmi ses partenaires. <\/p>\n\n\n\n<p><strong>Pourquoi adh\u00e9rer ?<\/strong><\/p>\n\n\n\n<p>La conf\u00e9rence s&rsquo;adresse aux propri\u00e9taires et directeurs d&rsquo;usines et de centres logistiques, ainsi qu&rsquo;aux responsables des processus d&rsquo;entreposage, des cha\u00eenes d&rsquo;approvisionnement et de la gestion de la production. Au cours de panels th\u00e9matiques, des <strong>experts partageront leurs exp\u00e9riences en mati\u00e8re d&rsquo;am\u00e9lioration des processus logistiques et d&rsquo;entreposage<\/strong> au sein des entreprises et discuteront des d\u00e9fis li\u00e9s \u00e0 l&rsquo;adaptation de ces processus \u00e0 la nature sp\u00e9cifique de chaque installation. Les exemples pr\u00e9sent\u00e9s incluront \u00e0 la fois des mises en \u0153uvre \u00e0 grande \u00e9chelle et des modifications plus modestes qui ont donn\u00e9 des r\u00e9sultats mesurables.  <\/p>\n\n\n\n<p>Les syst\u00e8mes de transport interne, les \u00e9quipements de manutention, les robots d&rsquo;entrep\u00f4t, les syst\u00e8mes de stockage et de pr\u00e9paration de commandes automatis\u00e9s, les technologies RFID et d&rsquo;identification sans fil, les logiciels intralogistiques, la conception et le conseil en mati\u00e8re d&rsquo;intralogistique, ainsi que les machines et dispositifs d&rsquo;\u00e9tiquetage seront autant de sujets abord\u00e9s.<\/p>\n\n\n\n<p><strong>Parlons de la s\u00e9curit\u00e9 au travail<\/strong><\/p>\n\n\n\n<p>L&rsquo;\u00e9v\u00e9nement portera \u00e9galement sur la <strong>sant\u00e9 et la s\u00e9curit\u00e9 au travail (SST) dans les entrep\u00f4ts et les halls de production &#8211;<\/strong> un domaine dans lequel Anter System Polska est un expert. Depuis plus de 15 ans, nous fournissons des services de conseil en mati\u00e8re de syst\u00e8mes de protection pour les employ\u00e9s, les machines et les infrastructures dans les environnements industriels et logistiques. Au cours de la conf\u00e9rence, nous serons heureux de vous <strong>pr\u00e9senter les derni\u00e8res solutions<\/strong> permettant d&rsquo;am\u00e9liorer la s\u00e9curit\u00e9 sur le lieu de travail.  <\/p>\n\n\n\n<p>Le format dynamique de la conf\u00e9rence, qui se d\u00e9roule sur une journ\u00e9e, comprend non seulement des conf\u00e9rences d&rsquo;experts, mais aussi des <strong>occasions de nouer de pr\u00e9cieuses relations d&rsquo;affaires.<\/strong> La participation \u00e0 l&rsquo;\u00e9v\u00e9nement est gratuite &#8211; nous vous invitons chaleureusement \u00e0 vous joindre \u00e0 nous !<\/p>\n\n\n\n<p>La participation \u00e0 la conf\u00e9rence est gratuite. Des informations d\u00e9taill\u00e9es sur l&rsquo;inscription et l&rsquo;ordre du jour sont disponibles ici : <a href=\"https:\/\/www.axonmedia.pl\/konferencje\/aktualne\/intralogistyka-magazynowanie-2024-zabrze\/\" target=\"_blank\" rel=\"noreferrer noopener\"><em>\u00ab\u00a0Optimisation des processus d&rsquo;intralogistique et d&rsquo;entreposage\u00a0\u00bb<\/em><\/a> <\/p>\n\n\n\n<p><\/p>\n\n\n\n<p><\/p>\n<\/div>\n\n\n\n<div class=\"wp-block-column is-layout-flow wp-block-column-is-layout-flow\" style=\"flex-basis:10%\"><\/div>\n<\/div>\n<div class=\"wp-block-image\">\n<figure class=\"aligncenter size-large is-resized\"><img loading=\"lazy\" decoding=\"async\" width=\"1024\" height=\"576\" src=\"https:\/\/antersystem.com\/wp-content\/uploads\/Konferencja_optymalizacja-procesow-logistycznych-2024-1024x576.jpg\" alt=\"\" class=\"wp-image-5562\" style=\"width:620px;height:auto\" srcset=\"https:\/\/antersystem.com\/wp-content\/uploads\/Konferencja_optymalizacja-procesow-logistycznych-2024-1024x576.jpg 1024w, https:\/\/antersystem.com\/wp-content\/uploads\/Konferencja_optymalizacja-procesow-logistycznych-2024-300x169.jpg 300w, https:\/\/antersystem.com\/wp-content\/uploads\/Konferencja_optymalizacja-procesow-logistycznych-2024-768x432.jpg 768w, https:\/\/antersystem.com\/wp-content\/uploads\/Konferencja_optymalizacja-procesow-logistycznych-2024-450x253.jpg 450w, https:\/\/antersystem.com\/wp-content\/uploads\/Konferencja_optymalizacja-procesow-logistycznych-2024-330x186.jpg 330w, https:\/\/antersystem.com\/wp-content\/uploads\/Konferencja_optymalizacja-procesow-logistycznych-2024.jpg 1115w\" sizes=\"auto, (max-width: 1024px) 100vw, 1024px\" \/><\/figure><\/div>","protected":false},"excerpt":{"rendered":"<p>Rejoignez-nous pour une r\u00e9union consacr\u00e9e \u00e0 la transformation logistique ! Le 7 novembre 2024, \u00e0 Zabrze, se tiendra la conf\u00e9rence \u00ab\u00a0Optimisation des processus d&rsquo;intralogistique et d&rsquo;entreposage\u00a0\u00bb, l&rsquo;un des \u00e9v\u00e9nements cl\u00e9s de l&rsquo;ann\u00e9e pour l&rsquo;industrie de la logistique. L&rsquo;\u00e9v\u00e9nement, organis\u00e9 par Axon Media, comptera une fois de plus Anter System Polska parmi ses partenaires. Pourquoi adh\u00e9rer [&hellip;]<\/p>\n","protected":false},"author":1,"featured_media":0,"parent":30302,"menu_order":0,"comment_status":"closed","ping_status":"closed","template":"","meta":{"inline_featured_image":false,"ngg_post_thumbnail":0,"footnotes":""},"class_list":["post-39652","page","type-page","status-publish","hentry"],"acf":[],"yoast_head":"<!-- This site is optimized with the Yoast SEO plugin v27.0 - https:\/\/yoast.com\/product\/yoast-seo-wordpress\/ -->\n<title>Anter System partenaire de la conf\u00e9rence de l&#039;industrie - Anter System<\/title>\n<meta name=\"description\" content=\"Rejoignez-nous pour une r\u00e9union consacr\u00e9e \u00e0 la transformation logistique ! Le 7 novembre 2024, \u00e0 Zabrze, se tiendra la conf\u00e9rence &quot;Optimisation des\" \/>\n<meta name=\"robots\" content=\"index, follow, max-snippet:-1, max-image-preview:large, max-video-preview:-1\" \/>\n<link rel=\"canonical\" href=\"https:\/\/antersystem.com\/fr\/nouvelles\/anter-system-partner-of-the-industry-conference\/\" \/>\n<meta property=\"og:locale\" content=\"fr_FR\" \/>\n<meta property=\"og:type\" content=\"article\" \/>\n<meta property=\"og:title\" content=\"Anter System partenaire de la conf\u00e9rence de l&#039;industrie - Anter System\" \/>\n<meta property=\"og:description\" content=\"Rejoignez-nous pour une r\u00e9union consacr\u00e9e \u00e0 la transformation logistique ! Le 7 novembre 2024, \u00e0 Zabrze, se tiendra la conf\u00e9rence &quot;Optimisation des\" \/>\n<meta property=\"og:url\" content=\"https:\/\/antersystem.com\/fr\/nouvelles\/anter-system-partner-of-the-industry-conference\/\" \/>\n<meta property=\"og:site_name\" content=\"Anter System\" \/>\n<meta property=\"article:modified_time\" content=\"2026-02-04T13:07:04+00:00\" \/>\n<meta property=\"og:image\" content=\"https:\/\/antersystem.com\/wp-content\/uploads\/Konferencja_optymalizacja-procesow-logistycznych-2024-1024x576.jpg\" \/>\n<meta name=\"twitter:card\" content=\"summary_large_image\" \/>\n<meta name=\"twitter:label1\" content=\"Dur\u00e9e de lecture estim\u00e9e\" \/>\n\t<meta name=\"twitter:data1\" content=\"2 minutes\" \/>\n<script type=\"application\/ld+json\" class=\"yoast-schema-graph\">{\"@context\":\"https:\/\/schema.org\",\"@graph\":[{\"@type\":\"WebPage\",\"@id\":\"https:\/\/antersystem.com\/fr\/nouvelles\/anter-system-partner-of-the-industry-conference\/\",\"url\":\"https:\/\/antersystem.com\/fr\/nouvelles\/anter-system-partner-of-the-industry-conference\/\",\"name\":\"Anter System partenaire de la conf\u00e9rence de l'industrie - Anter System\",\"isPartOf\":{\"@id\":\"https:\/\/antersystem.com\/fr\/#website\"},\"primaryImageOfPage\":{\"@id\":\"https:\/\/antersystem.com\/fr\/nouvelles\/anter-system-partner-of-the-industry-conference\/#primaryimage\"},\"image\":{\"@id\":\"https:\/\/antersystem.com\/fr\/nouvelles\/anter-system-partner-of-the-industry-conference\/#primaryimage\"},\"thumbnailUrl\":\"https:\/\/antersystem.com\/wp-content\/uploads\/Konferencja_optymalizacja-procesow-logistycznych-2024-1024x576.jpg\",\"datePublished\":\"2024-10-22T12:33:00+00:00\",\"dateModified\":\"2026-02-04T13:07:04+00:00\",\"description\":\"Rejoignez-nous pour une r\u00e9union consacr\u00e9e \u00e0 la transformation logistique ! Le 7 novembre 2024, \u00e0 Zabrze, se tiendra la conf\u00e9rence \\\"Optimisation des\",\"breadcrumb\":{\"@id\":\"https:\/\/antersystem.com\/fr\/nouvelles\/anter-system-partner-of-the-industry-conference\/#breadcrumb\"},\"inLanguage\":\"fr-FR\",\"potentialAction\":[{\"@type\":\"ReadAction\",\"target\":[\"https:\/\/antersystem.com\/fr\/nouvelles\/anter-system-partner-of-the-industry-conference\/\"]}]},{\"@type\":\"ImageObject\",\"inLanguage\":\"fr-FR\",\"@id\":\"https:\/\/antersystem.com\/fr\/nouvelles\/anter-system-partner-of-the-industry-conference\/#primaryimage\",\"url\":\"https:\/\/antersystem.com\/wp-content\/uploads\/Konferencja_optymalizacja-procesow-logistycznych-2024-1024x576.jpg\",\"contentUrl\":\"https:\/\/antersystem.com\/wp-content\/uploads\/Konferencja_optymalizacja-procesow-logistycznych-2024-1024x576.jpg\"},{\"@type\":\"BreadcrumbList\",\"@id\":\"https:\/\/antersystem.com\/fr\/nouvelles\/anter-system-partner-of-the-industry-conference\/#breadcrumb\",\"itemListElement\":[{\"@type\":\"ListItem\",\"position\":1,\"name\":\"AnterSystem\",\"item\":\"https:\/\/antersystem.com\/fr\/\"},{\"@type\":\"ListItem\",\"position\":2,\"name\":\"Actualit\u00e9s\",\"item\":\"https:\/\/antersystem.com\/fr\/nouvelles\/\"},{\"@type\":\"ListItem\",\"position\":3,\"name\":\"Anter System partenaire de la conf\u00e9rence de l&#8217;industrie\"}]},{\"@type\":\"WebSite\",\"@id\":\"https:\/\/antersystem.com\/fr\/#website\",\"url\":\"https:\/\/antersystem.com\/fr\/\",\"name\":\"Anter System\",\"description\":\"Jeste\u015bmy polskim producentem elastycznych barier ochronnych wykonywanych z polimerowych tworzyw sztucznych. Na rynku krajowym i zagranicznym dzia\u0142amy od ponad 15 lat dbaj\u0105c o zapewnienie bezpiecze\u0144stwa w zak\u0142adach produkcyjnych, magazynach oraz centrach logistycznych.\",\"potentialAction\":[{\"@type\":\"SearchAction\",\"target\":{\"@type\":\"EntryPoint\",\"urlTemplate\":\"https:\/\/antersystem.com\/fr\/?s={search_term_string}\"},\"query-input\":{\"@type\":\"PropertyValueSpecification\",\"valueRequired\":true,\"valueName\":\"search_term_string\"}}],\"inLanguage\":\"fr-FR\"}]}<\/script>\n<!-- \/ Yoast SEO plugin. -->","yoast_head_json":{"title":"Anter System partenaire de la conf\u00e9rence de l'industrie - Anter System","description":"Rejoignez-nous pour une r\u00e9union consacr\u00e9e \u00e0 la transformation logistique ! Le 7 novembre 2024, \u00e0 Zabrze, se tiendra la conf\u00e9rence \"Optimisation des","robots":{"index":"index","follow":"follow","max-snippet":"max-snippet:-1","max-image-preview":"max-image-preview:large","max-video-preview":"max-video-preview:-1"},"canonical":"https:\/\/antersystem.com\/fr\/nouvelles\/anter-system-partner-of-the-industry-conference\/","og_locale":"fr_FR","og_type":"article","og_title":"Anter System partenaire de la conf\u00e9rence de l'industrie - Anter System","og_description":"Rejoignez-nous pour une r\u00e9union consacr\u00e9e \u00e0 la transformation logistique ! Le 7 novembre 2024, \u00e0 Zabrze, se tiendra la conf\u00e9rence \"Optimisation des","og_url":"https:\/\/antersystem.com\/fr\/nouvelles\/anter-system-partner-of-the-industry-conference\/","og_site_name":"Anter System","article_modified_time":"2026-02-04T13:07:04+00:00","og_image":[{"url":"https:\/\/antersystem.com\/wp-content\/uploads\/Konferencja_optymalizacja-procesow-logistycznych-2024-1024x576.jpg","type":"","width":"","height":""}],"twitter_card":"summary_large_image","twitter_misc":{"Dur\u00e9e de lecture estim\u00e9e":"2 minutes"},"schema":{"@context":"https:\/\/schema.org","@graph":[{"@type":"WebPage","@id":"https:\/\/antersystem.com\/fr\/nouvelles\/anter-system-partner-of-the-industry-conference\/","url":"https:\/\/antersystem.com\/fr\/nouvelles\/anter-system-partner-of-the-industry-conference\/","name":"Anter System partenaire de la conf\u00e9rence de l'industrie - Anter System","isPartOf":{"@id":"https:\/\/antersystem.com\/fr\/#website"},"primaryImageOfPage":{"@id":"https:\/\/antersystem.com\/fr\/nouvelles\/anter-system-partner-of-the-industry-conference\/#primaryimage"},"image":{"@id":"https:\/\/antersystem.com\/fr\/nouvelles\/anter-system-partner-of-the-industry-conference\/#primaryimage"},"thumbnailUrl":"https:\/\/antersystem.com\/wp-content\/uploads\/Konferencja_optymalizacja-procesow-logistycznych-2024-1024x576.jpg","datePublished":"2024-10-22T12:33:00+00:00","dateModified":"2026-02-04T13:07:04+00:00","description":"Rejoignez-nous pour une r\u00e9union consacr\u00e9e \u00e0 la transformation logistique ! Le 7 novembre 2024, \u00e0 Zabrze, se tiendra la conf\u00e9rence \"Optimisation des","breadcrumb":{"@id":"https:\/\/antersystem.com\/fr\/nouvelles\/anter-system-partner-of-the-industry-conference\/#breadcrumb"},"inLanguage":"fr-FR","potentialAction":[{"@type":"ReadAction","target":["https:\/\/antersystem.com\/fr\/nouvelles\/anter-system-partner-of-the-industry-conference\/"]}]},{"@type":"ImageObject","inLanguage":"fr-FR","@id":"https:\/\/antersystem.com\/fr\/nouvelles\/anter-system-partner-of-the-industry-conference\/#primaryimage","url":"https:\/\/antersystem.com\/wp-content\/uploads\/Konferencja_optymalizacja-procesow-logistycznych-2024-1024x576.jpg","contentUrl":"https:\/\/antersystem.com\/wp-content\/uploads\/Konferencja_optymalizacja-procesow-logistycznych-2024-1024x576.jpg"},{"@type":"BreadcrumbList","@id":"https:\/\/antersystem.com\/fr\/nouvelles\/anter-system-partner-of-the-industry-conference\/#breadcrumb","itemListElement":[{"@type":"ListItem","position":1,"name":"AnterSystem","item":"https:\/\/antersystem.com\/fr\/"},{"@type":"ListItem","position":2,"name":"Actualit\u00e9s","item":"https:\/\/antersystem.com\/fr\/nouvelles\/"},{"@type":"ListItem","position":3,"name":"Anter System partenaire de la conf\u00e9rence de l&#8217;industrie"}]},{"@type":"WebSite","@id":"https:\/\/antersystem.com\/fr\/#website","url":"https:\/\/antersystem.com\/fr\/","name":"Anter System","description":"Jeste\u015bmy polskim producentem elastycznych barier ochronnych wykonywanych z polimerowych tworzyw sztucznych. Na rynku krajowym i zagranicznym dzia\u0142amy od ponad 15 lat dbaj\u0105c o zapewnienie bezpiecze\u0144stwa w zak\u0142adach produkcyjnych, magazynach oraz centrach logistycznych.","potentialAction":[{"@type":"SearchAction","target":{"@type":"EntryPoint","urlTemplate":"https:\/\/antersystem.com\/fr\/?s={search_term_string}"},"query-input":{"@type":"PropertyValueSpecification","valueRequired":true,"valueName":"search_term_string"}}],"inLanguage":"fr-FR"}]}},"_links":{"self":[{"href":"https:\/\/antersystem.com\/fr\/wp-json\/wp\/v2\/pages\/39652","targetHints":{"allow":["GET"]}}],"collection":[{"href":"https:\/\/antersystem.com\/fr\/wp-json\/wp\/v2\/pages"}],"about":[{"href":"https:\/\/antersystem.com\/fr\/wp-json\/wp\/v2\/types\/page"}],"author":[{"embeddable":true,"href":"https:\/\/antersystem.com\/fr\/wp-json\/wp\/v2\/users\/1"}],"replies":[{"embeddable":true,"href":"https:\/\/antersystem.com\/fr\/wp-json\/wp\/v2\/comments?post=39652"}],"version-history":[{"count":1,"href":"https:\/\/antersystem.com\/fr\/wp-json\/wp\/v2\/pages\/39652\/revisions"}],"predecessor-version":[{"id":39654,"href":"https:\/\/antersystem.com\/fr\/wp-json\/wp\/v2\/pages\/39652\/revisions\/39654"}],"up":[{"embeddable":true,"href":"https:\/\/antersystem.com\/fr\/wp-json\/wp\/v2\/pages\/30302"}],"wp:attachment":[{"href":"https:\/\/antersystem.com\/fr\/wp-json\/wp\/v2\/media?parent=39652"}],"curies":[{"name":"wp","href":"https:\/\/api.w.org\/{rel}","templated":true}]}}