{"id":39689,"date":"2024-02-28T09:18:11","date_gmt":"2024-02-28T08:18:11","guid":{"rendered":"https:\/\/antersystem.com\/nouvelles\/mid-magazine-visions-of-safety-wizje-bezpieczenstwa\/"},"modified":"2026-02-04T14:07:13","modified_gmt":"2026-02-04T13:07:13","slug":"mid-magazine-visions-of-safety-wizje-bezpieczenstwa","status":"publish","type":"page","link":"https:\/\/antersystem.com\/fr\/nouvelles\/mid-magazine-visions-of-safety-wizje-bezpieczenstwa\/","title":{"rendered":"MID Magazine &#8211; \u00ab\u00a0Visions of Safety\u00a0\u00bb &#8211; \u00ab\u00a0Wizje bezpiecze\u0144stwa\u00a0\u00bb (en anglais)"},"content":{"rendered":"\n<div class=\"wp-block-columns is-layout-flex wp-container-core-columns-is-layout-9d6595d7 wp-block-columns-is-layout-flex\">\n<div class=\"wp-block-column is-layout-flow wp-block-column-is-layout-flow\" style=\"flex-basis:10%\"><\/div>\n\n\n\n<div class=\"wp-block-column is-layout-flow wp-block-column-is-layout-flow\">\n<h3 class=\"wp-block-heading\">MID 97 &#8211; le premier num\u00e9ro de 2024. Qu&rsquo;est-ce qui doit vous guider pour vous assurer qu&rsquo;un espace r\u00e9pond aux exigences de s\u00e9curit\u00e9 ? <\/h3>\n\n\n\n<p>Le dernier num\u00e9ro du magazine MID contient un article \u00e9ditorial qui peut \u00eatre consid\u00e9r\u00e9 comme un manuel de sant\u00e9 et de s\u00e9curit\u00e9 pour les planificateurs d&rsquo;espace d&rsquo;entrep\u00f4t. L&rsquo;article prend en compte les mesures de s\u00e9curit\u00e9 li\u00e9es \u00e0 l&rsquo;am\u00e9nagement de l&rsquo;espace, \u00e0 l&rsquo;\u00e9clairage, \u00e0 l&rsquo;humidit\u00e9, aux r\u00e9glementations en mati\u00e8re de sant\u00e9 et de s\u00e9curit\u00e9 au travail et \u00e0 la circulation des v\u00e9hicules. Une partie importante est \u00e9galement consacr\u00e9e \u00e0 la protection des zones o\u00f9 le risque de collision augmente. Un chef de projet d&rsquo;Anter System apporte ici son soutien en indiquant, \u00e0 l&rsquo;aide de barri\u00e8res de s\u00e9curit\u00e9 souples, les types de dangers que l&rsquo;on peut rencontrer dans le cadre du travail quotidien. L&rsquo;article aborde \u00e9galement des mesures de protection plus avanc\u00e9es telles que l&rsquo;automatisation des processus et l&rsquo;utilisation de drones pour la gestion des stocks.    <\/p>\n<p>Les r\u00e9dacteurs d\u00e9finissent les mesures de s\u00e9curit\u00e9 en fonction de leur nature active ou passive. Les barri\u00e8res de s\u00e9curit\u00e9 souples font partie de cette derni\u00e8re cat\u00e9gorie, ce qui ne diminue en rien la priorit\u00e9 de leur application. Gr\u00e2ce \u00e0 cet article, le lecteur pourra r\u00e9\u00e9valuer ses connaissances en mati\u00e8re d&rsquo;am\u00e9nagement de l&rsquo;espace en ce qui concerne son utilisation efficace et les op\u00e9rations qui s&rsquo;y d\u00e9roulent.  <\/p>\n<p>Nous vous souhaitons une bonne lecture !<\/p>\n<\/div>\n\n\n\n<div class=\"wp-block-column is-layout-flow wp-block-column-is-layout-flow\" style=\"flex-basis:10%\"><\/div>\n<\/div>\n\n<div data-wp-interactive=\"core\/file\" class=\"wp-block-file\"><object data-wp-bind--hidden=\"!state.hasPdfPreview\" hidden class=\"wp-block-file__embed\" data=\"https:\/\/antersystem.com\/wp-content\/uploads\/MID_97_1_2024-Anter-System.pdf\" type=\"application\/pdf\" style=\"width:100%;height:600px\" aria-label=\"Contenu embarqu\u00e9 MID_97_1_2024-Anter-System.\"><\/object><a id=\"wp-block-file--media-c4a79965-4313-4b68-8827-3aa81c41db0a\" href=\"https:\/\/antersystem.com\/wp-content\/uploads\/MID_97_1_2024-Anter-System.pdf\">MID_97_1_2024-Anter System<\/a><a href=\"https:\/\/antersystem.com\/wp-content\/uploads\/MID_97_1_2024-Anter-System.pdf\" class=\"wp-block-file__button wp-element-button\" download=\"\" aria-describedby=\"wp-block-file--media-c4a79965-4313-4b68-8827-3aa81c41db0a\">T\u00e9l\u00e9charger<\/a><\/div>\n","protected":false},"excerpt":{"rendered":"<p>MID 97 &#8211; le premier num\u00e9ro de 2024. Qu&rsquo;est-ce qui doit vous guider pour vous assurer qu&rsquo;un espace r\u00e9pond aux exigences de s\u00e9curit\u00e9 ? Le dernier num\u00e9ro du magazine MID contient un article \u00e9ditorial qui peut \u00eatre consid\u00e9r\u00e9 comme un manuel de sant\u00e9 et de s\u00e9curit\u00e9 pour les planificateurs d&rsquo;espace d&rsquo;entrep\u00f4t. L&rsquo;article prend en compte [&hellip;]<\/p>\n","protected":false},"author":1,"featured_media":0,"parent":30302,"menu_order":0,"comment_status":"closed","ping_status":"closed","template":"","meta":{"inline_featured_image":false,"ngg_post_thumbnail":0,"footnotes":""},"class_list":["post-39689","page","type-page","status-publish","hentry"],"acf":[],"yoast_head":"<!-- This site is optimized with the Yoast SEO plugin v27.0 - https:\/\/yoast.com\/product\/yoast-seo-wordpress\/ -->\n<title>MID Magazine - &quot;Visions of Safety&quot; - &quot;Wizje bezpiecze\u0144stwa&quot; (en anglais) - Anter System<\/title>\n<meta name=\"description\" content=\"MID 97 - le premier num\u00e9ro de 2024. Qu&#039;est-ce qui doit vous guider pour vous assurer qu&#039;un espace r\u00e9pond aux exigences de s\u00e9curit\u00e9 ? Le dernier num\u00e9ro du\" \/>\n<meta name=\"robots\" content=\"index, follow, max-snippet:-1, max-image-preview:large, max-video-preview:-1\" \/>\n<link rel=\"canonical\" href=\"https:\/\/antersystem.com\/fr\/nouvelles\/mid-magazine-visions-of-safety-wizje-bezpieczenstwa\/\" \/>\n<meta property=\"og:locale\" content=\"fr_FR\" \/>\n<meta property=\"og:type\" content=\"article\" \/>\n<meta property=\"og:title\" content=\"MID Magazine - &quot;Visions of Safety&quot; - &quot;Wizje bezpiecze\u0144stwa&quot; (en anglais) - Anter System\" \/>\n<meta property=\"og:description\" content=\"MID 97 - le premier num\u00e9ro de 2024. Qu&#039;est-ce qui doit vous guider pour vous assurer qu&#039;un espace r\u00e9pond aux exigences de s\u00e9curit\u00e9 ? Le dernier num\u00e9ro du\" \/>\n<meta property=\"og:url\" content=\"https:\/\/antersystem.com\/fr\/nouvelles\/mid-magazine-visions-of-safety-wizje-bezpieczenstwa\/\" \/>\n<meta property=\"og:site_name\" content=\"Anter System\" \/>\n<meta property=\"article:modified_time\" content=\"2026-02-04T13:07:13+00:00\" \/>\n<meta name=\"twitter:card\" content=\"summary_large_image\" \/>\n<meta name=\"twitter:label1\" content=\"Dur\u00e9e de lecture estim\u00e9e\" \/>\n\t<meta name=\"twitter:data1\" content=\"1 minute\" \/>\n<script type=\"application\/ld+json\" class=\"yoast-schema-graph\">{\"@context\":\"https:\/\/schema.org\",\"@graph\":[{\"@type\":\"WebPage\",\"@id\":\"https:\/\/antersystem.com\/fr\/nouvelles\/mid-magazine-visions-of-safety-wizje-bezpieczenstwa\/\",\"url\":\"https:\/\/antersystem.com\/fr\/nouvelles\/mid-magazine-visions-of-safety-wizje-bezpieczenstwa\/\",\"name\":\"MID Magazine - \\\"Visions of Safety\\\" - \\\"Wizje bezpiecze\u0144stwa\\\" (en anglais) - Anter System\",\"isPartOf\":{\"@id\":\"https:\/\/antersystem.com\/fr\/#website\"},\"datePublished\":\"2024-02-28T08:18:11+00:00\",\"dateModified\":\"2026-02-04T13:07:13+00:00\",\"description\":\"MID 97 - le premier num\u00e9ro de 2024. Qu'est-ce qui doit vous guider pour vous assurer qu'un espace r\u00e9pond aux exigences de s\u00e9curit\u00e9 ? Le dernier num\u00e9ro du\",\"breadcrumb\":{\"@id\":\"https:\/\/antersystem.com\/fr\/nouvelles\/mid-magazine-visions-of-safety-wizje-bezpieczenstwa\/#breadcrumb\"},\"inLanguage\":\"fr-FR\",\"potentialAction\":[{\"@type\":\"ReadAction\",\"target\":[\"https:\/\/antersystem.com\/fr\/nouvelles\/mid-magazine-visions-of-safety-wizje-bezpieczenstwa\/\"]}]},{\"@type\":\"BreadcrumbList\",\"@id\":\"https:\/\/antersystem.com\/fr\/nouvelles\/mid-magazine-visions-of-safety-wizje-bezpieczenstwa\/#breadcrumb\",\"itemListElement\":[{\"@type\":\"ListItem\",\"position\":1,\"name\":\"AnterSystem\",\"item\":\"https:\/\/antersystem.com\/fr\/\"},{\"@type\":\"ListItem\",\"position\":2,\"name\":\"Actualit\u00e9s\",\"item\":\"https:\/\/antersystem.com\/fr\/nouvelles\/\"},{\"@type\":\"ListItem\",\"position\":3,\"name\":\"MID Magazine &#8211; &#8220;Visions of Safety&#8221; &#8211; &#8220;Wizje bezpiecze\u0144stwa&#8221; (en anglais)\"}]},{\"@type\":\"WebSite\",\"@id\":\"https:\/\/antersystem.com\/fr\/#website\",\"url\":\"https:\/\/antersystem.com\/fr\/\",\"name\":\"Anter System\",\"description\":\"Jeste\u015bmy polskim producentem elastycznych barier ochronnych wykonywanych z polimerowych tworzyw sztucznych. Na rynku krajowym i zagranicznym dzia\u0142amy od ponad 15 lat dbaj\u0105c o zapewnienie bezpiecze\u0144stwa w zak\u0142adach produkcyjnych, magazynach oraz centrach logistycznych.\",\"potentialAction\":[{\"@type\":\"SearchAction\",\"target\":{\"@type\":\"EntryPoint\",\"urlTemplate\":\"https:\/\/antersystem.com\/fr\/?s={search_term_string}\"},\"query-input\":{\"@type\":\"PropertyValueSpecification\",\"valueRequired\":true,\"valueName\":\"search_term_string\"}}],\"inLanguage\":\"fr-FR\"}]}<\/script>\n<!-- \/ Yoast SEO plugin. -->","yoast_head_json":{"title":"MID Magazine - \"Visions of Safety\" - \"Wizje bezpiecze\u0144stwa\" (en anglais) - Anter System","description":"MID 97 - le premier num\u00e9ro de 2024. Qu'est-ce qui doit vous guider pour vous assurer qu'un espace r\u00e9pond aux exigences de s\u00e9curit\u00e9 ? Le dernier num\u00e9ro du","robots":{"index":"index","follow":"follow","max-snippet":"max-snippet:-1","max-image-preview":"max-image-preview:large","max-video-preview":"max-video-preview:-1"},"canonical":"https:\/\/antersystem.com\/fr\/nouvelles\/mid-magazine-visions-of-safety-wizje-bezpieczenstwa\/","og_locale":"fr_FR","og_type":"article","og_title":"MID Magazine - \"Visions of Safety\" - \"Wizje bezpiecze\u0144stwa\" (en anglais) - Anter System","og_description":"MID 97 - le premier num\u00e9ro de 2024. Qu'est-ce qui doit vous guider pour vous assurer qu'un espace r\u00e9pond aux exigences de s\u00e9curit\u00e9 ? Le dernier num\u00e9ro du","og_url":"https:\/\/antersystem.com\/fr\/nouvelles\/mid-magazine-visions-of-safety-wizje-bezpieczenstwa\/","og_site_name":"Anter System","article_modified_time":"2026-02-04T13:07:13+00:00","twitter_card":"summary_large_image","twitter_misc":{"Dur\u00e9e de lecture estim\u00e9e":"1 minute"},"schema":{"@context":"https:\/\/schema.org","@graph":[{"@type":"WebPage","@id":"https:\/\/antersystem.com\/fr\/nouvelles\/mid-magazine-visions-of-safety-wizje-bezpieczenstwa\/","url":"https:\/\/antersystem.com\/fr\/nouvelles\/mid-magazine-visions-of-safety-wizje-bezpieczenstwa\/","name":"MID Magazine - \"Visions of Safety\" - \"Wizje bezpiecze\u0144stwa\" (en anglais) - Anter System","isPartOf":{"@id":"https:\/\/antersystem.com\/fr\/#website"},"datePublished":"2024-02-28T08:18:11+00:00","dateModified":"2026-02-04T13:07:13+00:00","description":"MID 97 - le premier num\u00e9ro de 2024. Qu'est-ce qui doit vous guider pour vous assurer qu'un espace r\u00e9pond aux exigences de s\u00e9curit\u00e9 ? Le dernier num\u00e9ro du","breadcrumb":{"@id":"https:\/\/antersystem.com\/fr\/nouvelles\/mid-magazine-visions-of-safety-wizje-bezpieczenstwa\/#breadcrumb"},"inLanguage":"fr-FR","potentialAction":[{"@type":"ReadAction","target":["https:\/\/antersystem.com\/fr\/nouvelles\/mid-magazine-visions-of-safety-wizje-bezpieczenstwa\/"]}]},{"@type":"BreadcrumbList","@id":"https:\/\/antersystem.com\/fr\/nouvelles\/mid-magazine-visions-of-safety-wizje-bezpieczenstwa\/#breadcrumb","itemListElement":[{"@type":"ListItem","position":1,"name":"AnterSystem","item":"https:\/\/antersystem.com\/fr\/"},{"@type":"ListItem","position":2,"name":"Actualit\u00e9s","item":"https:\/\/antersystem.com\/fr\/nouvelles\/"},{"@type":"ListItem","position":3,"name":"MID Magazine &#8211; &#8220;Visions of Safety&#8221; &#8211; &#8220;Wizje bezpiecze\u0144stwa&#8221; (en anglais)"}]},{"@type":"WebSite","@id":"https:\/\/antersystem.com\/fr\/#website","url":"https:\/\/antersystem.com\/fr\/","name":"Anter System","description":"Jeste\u015bmy polskim producentem elastycznych barier ochronnych wykonywanych z polimerowych tworzyw sztucznych. Na rynku krajowym i zagranicznym dzia\u0142amy od ponad 15 lat dbaj\u0105c o zapewnienie bezpiecze\u0144stwa w zak\u0142adach produkcyjnych, magazynach oraz centrach logistycznych.","potentialAction":[{"@type":"SearchAction","target":{"@type":"EntryPoint","urlTemplate":"https:\/\/antersystem.com\/fr\/?s={search_term_string}"},"query-input":{"@type":"PropertyValueSpecification","valueRequired":true,"valueName":"search_term_string"}}],"inLanguage":"fr-FR"}]}},"_links":{"self":[{"href":"https:\/\/antersystem.com\/fr\/wp-json\/wp\/v2\/pages\/39689","targetHints":{"allow":["GET"]}}],"collection":[{"href":"https:\/\/antersystem.com\/fr\/wp-json\/wp\/v2\/pages"}],"about":[{"href":"https:\/\/antersystem.com\/fr\/wp-json\/wp\/v2\/types\/page"}],"author":[{"embeddable":true,"href":"https:\/\/antersystem.com\/fr\/wp-json\/wp\/v2\/users\/1"}],"replies":[{"embeddable":true,"href":"https:\/\/antersystem.com\/fr\/wp-json\/wp\/v2\/comments?post=39689"}],"version-history":[{"count":1,"href":"https:\/\/antersystem.com\/fr\/wp-json\/wp\/v2\/pages\/39689\/revisions"}],"predecessor-version":[{"id":39690,"href":"https:\/\/antersystem.com\/fr\/wp-json\/wp\/v2\/pages\/39689\/revisions\/39690"}],"up":[{"embeddable":true,"href":"https:\/\/antersystem.com\/fr\/wp-json\/wp\/v2\/pages\/30302"}],"wp:attachment":[{"href":"https:\/\/antersystem.com\/fr\/wp-json\/wp\/v2\/media?parent=39689"}],"curies":[{"name":"wp","href":"https:\/\/api.w.org\/{rel}","templated":true}]}}