{"id":39890,"date":"2025-11-07T14:23:00","date_gmt":"2025-11-07T13:23:00","guid":{"rendered":"https:\/\/antersystem.com\/nouvelles\/warsaw-industry-week-2025\/"},"modified":"2025-11-07T14:23:00","modified_gmt":"2025-11-07T13:23:00","slug":"warsaw-industry-week-2025","status":"publish","type":"page","link":"https:\/\/antersystem.com\/fr\/nouvelles\/warsaw-industry-week-2025\/","title":{"rendered":"Warsaw Industry Week 2025"},"content":{"rendered":"<p>Cette ann\u00e9e, notre \u00e9quipe a de nouveau eu le plaisir de participer \u00e0 la <strong>Warsaw Industry Week<\/strong>. La 9e \u00e9dition a rassembl\u00e9 des entreprises de premier plan, des experts et des passionn\u00e9s de technologie pendant trois jours remplis d&rsquo;innovation, d&rsquo;inspiration et de conversations pr\u00e9cieuses. C&rsquo;\u00e9tait une excellente occasion de renouer avec des professionnels de l&rsquo;industrie, de rencontrer de nouveaux partenaires et d&rsquo;explorer les derni\u00e8res tendances qui fa\u00e7onnent l&rsquo;avenir de l&rsquo;industrie manufacturi\u00e8re.  <\/p>\n<p>Le salon de cette ann\u00e9e a \u00e9t\u00e9 impressionnant par sa taille et son ampleur, avec plus de 500 exposants et 22 573 visiteurs venus de toute la Pologne et de l&rsquo;\u00e9tranger. Chaque hall offrait la possibilit\u00e9 d&rsquo;explorer les derni\u00e8res solutions industrielles, d&rsquo;assister \u00e0 des d\u00e9monstrations en direct et d&rsquo;entrer en contact avec des innovateurs de toute la r\u00e9gion, ce qui en faisait un environnement propice \u00e0 l&rsquo;apprentissage et \u00e0 l&rsquo;\u00e9change d&rsquo;id\u00e9es. <\/p>\n<p>Cette ann\u00e9e a \u00e9t\u00e9 particuli\u00e8rement sp\u00e9ciale pour nous. Nous avons eu l&rsquo;honneur de recevoir les <strong>m\u00e9dailles du salon de la qualit\u00e9 et de l&rsquo;innovation<\/strong> dans deux cat\u00e9gories distinctes : <\/p>\n<ol>\n<li><strong>Innovation<\/strong> &#8211; r\u00e9compens\u00e9e pour nos solutions de s\u00e9curit\u00e9 avanc\u00e9es<\/li>\n<li><strong>Stand de foire<\/strong> &#8211; reconna\u00eetre notre conception et notre pr\u00e9sentation de l&rsquo;exposition<\/li>\n<\/ol>\n<p>Ces distinctions soulignent \u00e0 la fois nos ambitions technologiques et l&rsquo;attention que nous portons \u00e0 la mani\u00e8re dont nous communiquons et pr\u00e9sentons notre travail.<\/p>\n<p>Warsaw Industry Week s&rsquo;est une fois de plus r\u00e9v\u00e9l\u00e9e \u00eatre une exp\u00e9rience inestimable pour notre \u00e9quipe. Inspir\u00e9s par la foire, nous emportons avec nous de nouvelles id\u00e9es, des liens significatifs et des perspectives qui guideront nos futures innovations dans l&rsquo;industrie manufacturi\u00e8re. <\/p>\n","protected":false},"excerpt":{"rendered":"<p>Cette ann\u00e9e, notre \u00e9quipe a de nouveau eu le plaisir de participer \u00e0 la Warsaw Industry Week. La 9e \u00e9dition a rassembl\u00e9 des entreprises de premier plan, des experts et des passionn\u00e9s de technologie pendant trois jours remplis d&rsquo;innovation, d&rsquo;inspiration et de conversations pr\u00e9cieuses. C&rsquo;\u00e9tait une excellente occasion de renouer avec des professionnels de l&rsquo;industrie, [&hellip;]<\/p>\n","protected":false},"author":11,"featured_media":39834,"parent":30302,"menu_order":0,"comment_status":"closed","ping_status":"closed","template":"","meta":{"inline_featured_image":false,"ngg_post_thumbnail":0,"footnotes":""},"class_list":["post-39890","page","type-page","status-publish","has-post-thumbnail","hentry"],"acf":[],"yoast_head":"<!-- This site is optimized with the Yoast SEO plugin v27.0 - https:\/\/yoast.com\/product\/yoast-seo-wordpress\/ -->\n<title>Warsaw Industry Week 2025 - Anter System<\/title>\n<meta name=\"description\" content=\"Cette ann\u00e9e, notre \u00e9quipe a de nouveau eu le plaisir de participer \u00e0 la Warsaw Industry Week. La 9e \u00e9dition a rassembl\u00e9 des entreprises de premier plan,\" \/>\n<meta name=\"robots\" content=\"index, follow, max-snippet:-1, max-image-preview:large, max-video-preview:-1\" \/>\n<link rel=\"canonical\" href=\"https:\/\/antersystem.com\/fr\/nouvelles\/warsaw-industry-week-2025\/\" \/>\n<meta property=\"og:locale\" content=\"fr_FR\" \/>\n<meta property=\"og:type\" content=\"article\" \/>\n<meta property=\"og:title\" content=\"Warsaw Industry Week 2025 - Anter System\" \/>\n<meta property=\"og:description\" content=\"Cette ann\u00e9e, notre \u00e9quipe a de nouveau eu le plaisir de participer \u00e0 la Warsaw Industry Week. La 9e \u00e9dition a rassembl\u00e9 des entreprises de premier plan,\" \/>\n<meta property=\"og:url\" content=\"https:\/\/antersystem.com\/fr\/nouvelles\/warsaw-industry-week-2025\/\" \/>\n<meta property=\"og:site_name\" content=\"Anter System\" \/>\n<meta property=\"og:image\" content=\"https:\/\/antersystem.com\/wp-content\/uploads\/WIW2025-01.webp\" \/>\n\t<meta property=\"og:image:width\" content=\"2001\" \/>\n\t<meta property=\"og:image:height\" content=\"1001\" \/>\n\t<meta property=\"og:image:type\" content=\"image\/webp\" \/>\n<meta name=\"twitter:card\" content=\"summary_large_image\" \/>\n<meta name=\"twitter:label1\" content=\"Dur\u00e9e de lecture estim\u00e9e\" \/>\n\t<meta name=\"twitter:data1\" content=\"1 minute\" \/>\n<script type=\"application\/ld+json\" class=\"yoast-schema-graph\">{\"@context\":\"https:\/\/schema.org\",\"@graph\":[{\"@type\":\"WebPage\",\"@id\":\"https:\/\/antersystem.com\/fr\/nouvelles\/warsaw-industry-week-2025\/\",\"url\":\"https:\/\/antersystem.com\/fr\/nouvelles\/warsaw-industry-week-2025\/\",\"name\":\"Warsaw Industry Week 2025 - Anter System\",\"isPartOf\":{\"@id\":\"https:\/\/antersystem.com\/fr\/#website\"},\"primaryImageOfPage\":{\"@id\":\"https:\/\/antersystem.com\/fr\/nouvelles\/warsaw-industry-week-2025\/#primaryimage\"},\"image\":{\"@id\":\"https:\/\/antersystem.com\/fr\/nouvelles\/warsaw-industry-week-2025\/#primaryimage\"},\"thumbnailUrl\":\"https:\/\/antersystem.com\/wp-content\/uploads\/WIW2025-01.webp\",\"datePublished\":\"2025-11-07T13:23:00+00:00\",\"description\":\"Cette ann\u00e9e, notre \u00e9quipe a de nouveau eu le plaisir de participer \u00e0 la Warsaw Industry Week. La 9e \u00e9dition a rassembl\u00e9 des entreprises de premier plan,\",\"breadcrumb\":{\"@id\":\"https:\/\/antersystem.com\/fr\/nouvelles\/warsaw-industry-week-2025\/#breadcrumb\"},\"inLanguage\":\"fr-FR\",\"potentialAction\":[{\"@type\":\"ReadAction\",\"target\":[\"https:\/\/antersystem.com\/fr\/nouvelles\/warsaw-industry-week-2025\/\"]}]},{\"@type\":\"ImageObject\",\"inLanguage\":\"fr-FR\",\"@id\":\"https:\/\/antersystem.com\/fr\/nouvelles\/warsaw-industry-week-2025\/#primaryimage\",\"url\":\"https:\/\/antersystem.com\/wp-content\/uploads\/WIW2025-01.webp\",\"contentUrl\":\"https:\/\/antersystem.com\/wp-content\/uploads\/WIW2025-01.webp\",\"width\":2001,\"height\":1001},{\"@type\":\"BreadcrumbList\",\"@id\":\"https:\/\/antersystem.com\/fr\/nouvelles\/warsaw-industry-week-2025\/#breadcrumb\",\"itemListElement\":[{\"@type\":\"ListItem\",\"position\":1,\"name\":\"AnterSystem\",\"item\":\"https:\/\/antersystem.com\/fr\/\"},{\"@type\":\"ListItem\",\"position\":2,\"name\":\"Actualit\u00e9s\",\"item\":\"https:\/\/antersystem.com\/fr\/nouvelles\/\"},{\"@type\":\"ListItem\",\"position\":3,\"name\":\"Warsaw Industry Week 2025\"}]},{\"@type\":\"WebSite\",\"@id\":\"https:\/\/antersystem.com\/fr\/#website\",\"url\":\"https:\/\/antersystem.com\/fr\/\",\"name\":\"Anter System\",\"description\":\"Jeste\u015bmy polskim producentem elastycznych barier ochronnych wykonywanych z polimerowych tworzyw sztucznych. Na rynku krajowym i zagranicznym dzia\u0142amy od ponad 15 lat dbaj\u0105c o zapewnienie bezpiecze\u0144stwa w zak\u0142adach produkcyjnych, magazynach oraz centrach logistycznych.\",\"potentialAction\":[{\"@type\":\"SearchAction\",\"target\":{\"@type\":\"EntryPoint\",\"urlTemplate\":\"https:\/\/antersystem.com\/fr\/?s={search_term_string}\"},\"query-input\":{\"@type\":\"PropertyValueSpecification\",\"valueRequired\":true,\"valueName\":\"search_term_string\"}}],\"inLanguage\":\"fr-FR\"}]}<\/script>\n<!-- \/ Yoast SEO plugin. -->","yoast_head_json":{"title":"Warsaw Industry Week 2025 - Anter System","description":"Cette ann\u00e9e, notre \u00e9quipe a de nouveau eu le plaisir de participer \u00e0 la Warsaw Industry Week. La 9e \u00e9dition a rassembl\u00e9 des entreprises de premier plan,","robots":{"index":"index","follow":"follow","max-snippet":"max-snippet:-1","max-image-preview":"max-image-preview:large","max-video-preview":"max-video-preview:-1"},"canonical":"https:\/\/antersystem.com\/fr\/nouvelles\/warsaw-industry-week-2025\/","og_locale":"fr_FR","og_type":"article","og_title":"Warsaw Industry Week 2025 - Anter System","og_description":"Cette ann\u00e9e, notre \u00e9quipe a de nouveau eu le plaisir de participer \u00e0 la Warsaw Industry Week. La 9e \u00e9dition a rassembl\u00e9 des entreprises de premier plan,","og_url":"https:\/\/antersystem.com\/fr\/nouvelles\/warsaw-industry-week-2025\/","og_site_name":"Anter System","og_image":[{"width":2001,"height":1001,"url":"https:\/\/antersystem.com\/wp-content\/uploads\/WIW2025-01.webp","type":"image\/webp"}],"twitter_card":"summary_large_image","twitter_misc":{"Dur\u00e9e de lecture estim\u00e9e":"1 minute"},"schema":{"@context":"https:\/\/schema.org","@graph":[{"@type":"WebPage","@id":"https:\/\/antersystem.com\/fr\/nouvelles\/warsaw-industry-week-2025\/","url":"https:\/\/antersystem.com\/fr\/nouvelles\/warsaw-industry-week-2025\/","name":"Warsaw Industry Week 2025 - Anter System","isPartOf":{"@id":"https:\/\/antersystem.com\/fr\/#website"},"primaryImageOfPage":{"@id":"https:\/\/antersystem.com\/fr\/nouvelles\/warsaw-industry-week-2025\/#primaryimage"},"image":{"@id":"https:\/\/antersystem.com\/fr\/nouvelles\/warsaw-industry-week-2025\/#primaryimage"},"thumbnailUrl":"https:\/\/antersystem.com\/wp-content\/uploads\/WIW2025-01.webp","datePublished":"2025-11-07T13:23:00+00:00","description":"Cette ann\u00e9e, notre \u00e9quipe a de nouveau eu le plaisir de participer \u00e0 la Warsaw Industry Week. La 9e \u00e9dition a rassembl\u00e9 des entreprises de premier plan,","breadcrumb":{"@id":"https:\/\/antersystem.com\/fr\/nouvelles\/warsaw-industry-week-2025\/#breadcrumb"},"inLanguage":"fr-FR","potentialAction":[{"@type":"ReadAction","target":["https:\/\/antersystem.com\/fr\/nouvelles\/warsaw-industry-week-2025\/"]}]},{"@type":"ImageObject","inLanguage":"fr-FR","@id":"https:\/\/antersystem.com\/fr\/nouvelles\/warsaw-industry-week-2025\/#primaryimage","url":"https:\/\/antersystem.com\/wp-content\/uploads\/WIW2025-01.webp","contentUrl":"https:\/\/antersystem.com\/wp-content\/uploads\/WIW2025-01.webp","width":2001,"height":1001},{"@type":"BreadcrumbList","@id":"https:\/\/antersystem.com\/fr\/nouvelles\/warsaw-industry-week-2025\/#breadcrumb","itemListElement":[{"@type":"ListItem","position":1,"name":"AnterSystem","item":"https:\/\/antersystem.com\/fr\/"},{"@type":"ListItem","position":2,"name":"Actualit\u00e9s","item":"https:\/\/antersystem.com\/fr\/nouvelles\/"},{"@type":"ListItem","position":3,"name":"Warsaw Industry Week 2025"}]},{"@type":"WebSite","@id":"https:\/\/antersystem.com\/fr\/#website","url":"https:\/\/antersystem.com\/fr\/","name":"Anter System","description":"Jeste\u015bmy polskim producentem elastycznych barier ochronnych wykonywanych z polimerowych tworzyw sztucznych. Na rynku krajowym i zagranicznym dzia\u0142amy od ponad 15 lat dbaj\u0105c o zapewnienie bezpiecze\u0144stwa w zak\u0142adach produkcyjnych, magazynach oraz centrach logistycznych.","potentialAction":[{"@type":"SearchAction","target":{"@type":"EntryPoint","urlTemplate":"https:\/\/antersystem.com\/fr\/?s={search_term_string}"},"query-input":{"@type":"PropertyValueSpecification","valueRequired":true,"valueName":"search_term_string"}}],"inLanguage":"fr-FR"}]}},"_links":{"self":[{"href":"https:\/\/antersystem.com\/fr\/wp-json\/wp\/v2\/pages\/39890","targetHints":{"allow":["GET"]}}],"collection":[{"href":"https:\/\/antersystem.com\/fr\/wp-json\/wp\/v2\/pages"}],"about":[{"href":"https:\/\/antersystem.com\/fr\/wp-json\/wp\/v2\/types\/page"}],"author":[{"embeddable":true,"href":"https:\/\/antersystem.com\/fr\/wp-json\/wp\/v2\/users\/11"}],"replies":[{"embeddable":true,"href":"https:\/\/antersystem.com\/fr\/wp-json\/wp\/v2\/comments?post=39890"}],"version-history":[{"count":0,"href":"https:\/\/antersystem.com\/fr\/wp-json\/wp\/v2\/pages\/39890\/revisions"}],"up":[{"embeddable":true,"href":"https:\/\/antersystem.com\/fr\/wp-json\/wp\/v2\/pages\/30302"}],"wp:featuredmedia":[{"embeddable":true,"href":"https:\/\/antersystem.com\/fr\/wp-json\/wp\/v2\/media\/39834"}],"wp:attachment":[{"href":"https:\/\/antersystem.com\/fr\/wp-json\/wp\/v2\/media?parent=39890"}],"curies":[{"name":"wp","href":"https:\/\/api.w.org\/{rel}","templated":true}]}}