{"id":39904,"date":"2025-11-10T12:16:50","date_gmt":"2025-11-10T11:16:50","guid":{"rendered":"https:\/\/antersystem.com\/nouvelles\/aa-2025-dusseldorf\/"},"modified":"2025-11-10T12:16:50","modified_gmt":"2025-11-10T11:16:50","slug":"aa-2025-dusseldorf","status":"publish","type":"page","link":"https:\/\/antersystem.com\/fr\/nouvelles\/aa-2025-dusseldorf\/","title":{"rendered":"A+A 2025 \u00e0 D\u00fcsseldorf"},"content":{"rendered":"<p>En novembre dernier, notre \u00e9quipe a eu le plaisir d&rsquo;assister au salon et au congr\u00e8s international A+A \u00e0 D\u00fcsseldorf, le plus grand \u00e9v\u00e9nement mondial de cette cat\u00e9gorie consacr\u00e9 \u00e0 la s\u00e9curit\u00e9, \u00e0 la sant\u00e9 et au bien-\u00eatre au travail. Cette ann\u00e9e, le salon a rassembl\u00e9 un nombre impressionnant de 2 340 exposants de 70 pays et 67 000 visiteurs de 150 nations diff\u00e9rentes, remplissant les halls d&rsquo;une grande \u00e9nergie et d&rsquo;id\u00e9es perspicaces. <\/p>\n<p>Le salon a offert un aper\u00e7u complet des derni\u00e8res tendances et am\u00e9liorations dans l&rsquo;industrie &#8211; des \u00e9quipements de protection de pointe et des technologies intelligentes aux solutions ax\u00e9es sur le d\u00e9veloppement durable. L&rsquo;\u00e9v\u00e9nement a permis aux entreprises et aux professionnels de pr\u00e9senter leurs innovations, de discuter des nouveaux d\u00e9fis et d&rsquo;\u00e9changer des id\u00e9es sur l&rsquo;am\u00e9lioration de la s\u00e9curit\u00e9 et du bien-\u00eatre sur le lieu de travail dans le monde entier. <\/p>\n<p>C&rsquo;\u00e9tait la premi\u00e8re fois que nous participions \u00e0 ce salon, et il \u00e9tait vraiment passionnant de voir un tel \u00e9ventail d&rsquo;innovations et de nouvelles id\u00e9es dans l&rsquo;industrie. Nous sommes reconnaissants pour les conversations et les contacts pr\u00e9cieux que nous avons eus pendant cette p\u00e9riode. <\/p>\n<p>Merci \u00e0 tous ceux qui sont pass\u00e9s nous voir et qui ont nou\u00e9 des liens avec nous. Nous nous r\u00e9jouissons des possibilit\u00e9s qui s&rsquo;offrent \u00e0 nous et nous reviendrons \u00e0 l&rsquo;avenir. <\/p>\nngg_shortcode_0_placeholder\n","protected":false},"excerpt":{"rendered":"<p>En novembre dernier, notre \u00e9quipe a eu le plaisir d&rsquo;assister au salon et au congr\u00e8s international A+A \u00e0 D\u00fcsseldorf, le plus grand \u00e9v\u00e9nement mondial de cette cat\u00e9gorie consacr\u00e9 \u00e0 la s\u00e9curit\u00e9, \u00e0 la sant\u00e9 et au bien-\u00eatre au travail. Cette ann\u00e9e, le salon a rassembl\u00e9 un nombre impressionnant de 2 340 exposants de 70 pays [&hellip;]<\/p>\n","protected":false},"author":11,"featured_media":39807,"parent":30302,"menu_order":0,"comment_status":"closed","ping_status":"closed","template":"","meta":{"inline_featured_image":false,"ngg_post_thumbnail":0,"footnotes":""},"class_list":["post-39904","page","type-page","status-publish","has-post-thumbnail","hentry"],"acf":[],"yoast_head":"<!-- This site is optimized with the Yoast SEO plugin v27.0 - https:\/\/yoast.com\/product\/yoast-seo-wordpress\/ -->\n<title>A+A 2025 \u00e0 D\u00fcsseldorf - Anter System<\/title>\n<meta name=\"description\" content=\"En novembre dernier, notre \u00e9quipe a eu le plaisir d&#039;assister au salon et au congr\u00e8s international A+A \u00e0 D\u00fcsseldorf, le plus grand \u00e9v\u00e9nement mondial de\" \/>\n<meta name=\"robots\" content=\"index, follow, max-snippet:-1, max-image-preview:large, max-video-preview:-1\" \/>\n<link rel=\"canonical\" href=\"https:\/\/antersystem.com\/fr\/nouvelles\/aa-2025-dusseldorf\/\" \/>\n<meta property=\"og:locale\" content=\"fr_FR\" \/>\n<meta property=\"og:type\" content=\"article\" \/>\n<meta property=\"og:title\" content=\"A+A 2025 \u00e0 D\u00fcsseldorf - Anter System\" \/>\n<meta property=\"og:description\" content=\"En novembre dernier, notre \u00e9quipe a eu le plaisir d&#039;assister au salon et au congr\u00e8s international A+A \u00e0 D\u00fcsseldorf, le plus grand \u00e9v\u00e9nement mondial de\" \/>\n<meta property=\"og:url\" content=\"https:\/\/antersystem.com\/fr\/nouvelles\/aa-2025-dusseldorf\/\" \/>\n<meta property=\"og:site_name\" content=\"Anter System\" \/>\n<meta property=\"og:image\" content=\"https:\/\/antersystem.com\/wp-content\/uploads\/AplusA2025-01.webp\" \/>\n\t<meta property=\"og:image:width\" content=\"2001\" \/>\n\t<meta property=\"og:image:height\" content=\"1001\" \/>\n\t<meta property=\"og:image:type\" content=\"image\/webp\" \/>\n<meta name=\"twitter:card\" content=\"summary_large_image\" \/>\n<meta name=\"twitter:label1\" content=\"Dur\u00e9e de lecture estim\u00e9e\" \/>\n\t<meta name=\"twitter:data1\" content=\"1 minute\" \/>\n<script type=\"application\/ld+json\" class=\"yoast-schema-graph\">{\"@context\":\"https:\/\/schema.org\",\"@graph\":[{\"@type\":\"WebPage\",\"@id\":\"https:\/\/antersystem.com\/fr\/nouvelles\/aa-2025-dusseldorf\/\",\"url\":\"https:\/\/antersystem.com\/fr\/nouvelles\/aa-2025-dusseldorf\/\",\"name\":\"A+A 2025 \u00e0 D\u00fcsseldorf - Anter System\",\"isPartOf\":{\"@id\":\"https:\/\/antersystem.com\/fr\/#website\"},\"primaryImageOfPage\":{\"@id\":\"https:\/\/antersystem.com\/fr\/nouvelles\/aa-2025-dusseldorf\/#primaryimage\"},\"image\":{\"@id\":\"https:\/\/antersystem.com\/fr\/nouvelles\/aa-2025-dusseldorf\/#primaryimage\"},\"thumbnailUrl\":\"https:\/\/antersystem.com\/wp-content\/uploads\/AplusA2025-01.webp\",\"datePublished\":\"2025-11-10T11:16:50+00:00\",\"description\":\"En novembre dernier, notre \u00e9quipe a eu le plaisir d'assister au salon et au congr\u00e8s international A+A \u00e0 D\u00fcsseldorf, le plus grand \u00e9v\u00e9nement mondial de\",\"breadcrumb\":{\"@id\":\"https:\/\/antersystem.com\/fr\/nouvelles\/aa-2025-dusseldorf\/#breadcrumb\"},\"inLanguage\":\"fr-FR\",\"potentialAction\":[{\"@type\":\"ReadAction\",\"target\":[\"https:\/\/antersystem.com\/fr\/nouvelles\/aa-2025-dusseldorf\/\"]}]},{\"@type\":\"ImageObject\",\"inLanguage\":\"fr-FR\",\"@id\":\"https:\/\/antersystem.com\/fr\/nouvelles\/aa-2025-dusseldorf\/#primaryimage\",\"url\":\"https:\/\/antersystem.com\/wp-content\/uploads\/AplusA2025-01.webp\",\"contentUrl\":\"https:\/\/antersystem.com\/wp-content\/uploads\/AplusA2025-01.webp\",\"width\":2001,\"height\":1001},{\"@type\":\"BreadcrumbList\",\"@id\":\"https:\/\/antersystem.com\/fr\/nouvelles\/aa-2025-dusseldorf\/#breadcrumb\",\"itemListElement\":[{\"@type\":\"ListItem\",\"position\":1,\"name\":\"AnterSystem\",\"item\":\"https:\/\/antersystem.com\/fr\/\"},{\"@type\":\"ListItem\",\"position\":2,\"name\":\"Actualit\u00e9s\",\"item\":\"https:\/\/antersystem.com\/fr\/nouvelles\/\"},{\"@type\":\"ListItem\",\"position\":3,\"name\":\"A+A 2025 \u00e0 D\u00fcsseldorf\"}]},{\"@type\":\"WebSite\",\"@id\":\"https:\/\/antersystem.com\/fr\/#website\",\"url\":\"https:\/\/antersystem.com\/fr\/\",\"name\":\"Anter System\",\"description\":\"Jeste\u015bmy polskim producentem elastycznych barier ochronnych wykonywanych z polimerowych tworzyw sztucznych. Na rynku krajowym i zagranicznym dzia\u0142amy od ponad 15 lat dbaj\u0105c o zapewnienie bezpiecze\u0144stwa w zak\u0142adach produkcyjnych, magazynach oraz centrach logistycznych.\",\"potentialAction\":[{\"@type\":\"SearchAction\",\"target\":{\"@type\":\"EntryPoint\",\"urlTemplate\":\"https:\/\/antersystem.com\/fr\/?s={search_term_string}\"},\"query-input\":{\"@type\":\"PropertyValueSpecification\",\"valueRequired\":true,\"valueName\":\"search_term_string\"}}],\"inLanguage\":\"fr-FR\"}]}<\/script>\n<!-- \/ Yoast SEO plugin. -->","yoast_head_json":{"title":"A+A 2025 \u00e0 D\u00fcsseldorf - Anter System","description":"En novembre dernier, notre \u00e9quipe a eu le plaisir d'assister au salon et au congr\u00e8s international A+A \u00e0 D\u00fcsseldorf, le plus grand \u00e9v\u00e9nement mondial de","robots":{"index":"index","follow":"follow","max-snippet":"max-snippet:-1","max-image-preview":"max-image-preview:large","max-video-preview":"max-video-preview:-1"},"canonical":"https:\/\/antersystem.com\/fr\/nouvelles\/aa-2025-dusseldorf\/","og_locale":"fr_FR","og_type":"article","og_title":"A+A 2025 \u00e0 D\u00fcsseldorf - Anter System","og_description":"En novembre dernier, notre \u00e9quipe a eu le plaisir d'assister au salon et au congr\u00e8s international A+A \u00e0 D\u00fcsseldorf, le plus grand \u00e9v\u00e9nement mondial de","og_url":"https:\/\/antersystem.com\/fr\/nouvelles\/aa-2025-dusseldorf\/","og_site_name":"Anter System","og_image":[{"width":2001,"height":1001,"url":"https:\/\/antersystem.com\/wp-content\/uploads\/AplusA2025-01.webp","type":"image\/webp"}],"twitter_card":"summary_large_image","twitter_misc":{"Dur\u00e9e de lecture estim\u00e9e":"1 minute"},"schema":{"@context":"https:\/\/schema.org","@graph":[{"@type":"WebPage","@id":"https:\/\/antersystem.com\/fr\/nouvelles\/aa-2025-dusseldorf\/","url":"https:\/\/antersystem.com\/fr\/nouvelles\/aa-2025-dusseldorf\/","name":"A+A 2025 \u00e0 D\u00fcsseldorf - Anter System","isPartOf":{"@id":"https:\/\/antersystem.com\/fr\/#website"},"primaryImageOfPage":{"@id":"https:\/\/antersystem.com\/fr\/nouvelles\/aa-2025-dusseldorf\/#primaryimage"},"image":{"@id":"https:\/\/antersystem.com\/fr\/nouvelles\/aa-2025-dusseldorf\/#primaryimage"},"thumbnailUrl":"https:\/\/antersystem.com\/wp-content\/uploads\/AplusA2025-01.webp","datePublished":"2025-11-10T11:16:50+00:00","description":"En novembre dernier, notre \u00e9quipe a eu le plaisir d'assister au salon et au congr\u00e8s international A+A \u00e0 D\u00fcsseldorf, le plus grand \u00e9v\u00e9nement mondial de","breadcrumb":{"@id":"https:\/\/antersystem.com\/fr\/nouvelles\/aa-2025-dusseldorf\/#breadcrumb"},"inLanguage":"fr-FR","potentialAction":[{"@type":"ReadAction","target":["https:\/\/antersystem.com\/fr\/nouvelles\/aa-2025-dusseldorf\/"]}]},{"@type":"ImageObject","inLanguage":"fr-FR","@id":"https:\/\/antersystem.com\/fr\/nouvelles\/aa-2025-dusseldorf\/#primaryimage","url":"https:\/\/antersystem.com\/wp-content\/uploads\/AplusA2025-01.webp","contentUrl":"https:\/\/antersystem.com\/wp-content\/uploads\/AplusA2025-01.webp","width":2001,"height":1001},{"@type":"BreadcrumbList","@id":"https:\/\/antersystem.com\/fr\/nouvelles\/aa-2025-dusseldorf\/#breadcrumb","itemListElement":[{"@type":"ListItem","position":1,"name":"AnterSystem","item":"https:\/\/antersystem.com\/fr\/"},{"@type":"ListItem","position":2,"name":"Actualit\u00e9s","item":"https:\/\/antersystem.com\/fr\/nouvelles\/"},{"@type":"ListItem","position":3,"name":"A+A 2025 \u00e0 D\u00fcsseldorf"}]},{"@type":"WebSite","@id":"https:\/\/antersystem.com\/fr\/#website","url":"https:\/\/antersystem.com\/fr\/","name":"Anter System","description":"Jeste\u015bmy polskim producentem elastycznych barier ochronnych wykonywanych z polimerowych tworzyw sztucznych. Na rynku krajowym i zagranicznym dzia\u0142amy od ponad 15 lat dbaj\u0105c o zapewnienie bezpiecze\u0144stwa w zak\u0142adach produkcyjnych, magazynach oraz centrach logistycznych.","potentialAction":[{"@type":"SearchAction","target":{"@type":"EntryPoint","urlTemplate":"https:\/\/antersystem.com\/fr\/?s={search_term_string}"},"query-input":{"@type":"PropertyValueSpecification","valueRequired":true,"valueName":"search_term_string"}}],"inLanguage":"fr-FR"}]}},"_links":{"self":[{"href":"https:\/\/antersystem.com\/fr\/wp-json\/wp\/v2\/pages\/39904","targetHints":{"allow":["GET"]}}],"collection":[{"href":"https:\/\/antersystem.com\/fr\/wp-json\/wp\/v2\/pages"}],"about":[{"href":"https:\/\/antersystem.com\/fr\/wp-json\/wp\/v2\/types\/page"}],"author":[{"embeddable":true,"href":"https:\/\/antersystem.com\/fr\/wp-json\/wp\/v2\/users\/11"}],"replies":[{"embeddable":true,"href":"https:\/\/antersystem.com\/fr\/wp-json\/wp\/v2\/comments?post=39904"}],"version-history":[{"count":0,"href":"https:\/\/antersystem.com\/fr\/wp-json\/wp\/v2\/pages\/39904\/revisions"}],"up":[{"embeddable":true,"href":"https:\/\/antersystem.com\/fr\/wp-json\/wp\/v2\/pages\/30302"}],"wp:featuredmedia":[{"embeddable":true,"href":"https:\/\/antersystem.com\/fr\/wp-json\/wp\/v2\/media\/39807"}],"wp:attachment":[{"href":"https:\/\/antersystem.com\/fr\/wp-json\/wp\/v2\/media?parent=39904"}],"curies":[{"name":"wp","href":"https:\/\/api.w.org\/{rel}","templated":true}]}}