{"id":40088,"date":"2026-02-12T13:00:38","date_gmt":"2026-02-12T12:00:38","guid":{"rendered":"https:\/\/antersystem.com\/case-studies\/hygiene-focused-safety-in-food-production\/"},"modified":"2026-02-12T13:07:04","modified_gmt":"2026-02-12T12:07:04","slug":"hygiene-focused-safety-in-food-production","status":"publish","type":"page","link":"https:\/\/antersystem.com\/fr\/case-studies\/hygiene-focused-safety-in-food-production\/","title":{"rendered":"S\u00e9curit\u00e9 ax\u00e9e sur l&rsquo;hygi\u00e8ne dans la production alimentaire"},"content":{"rendered":"\n<h2 class=\"wp-block-heading\">Une approche responsable de la s\u00e9curit\u00e9 et de l&rsquo;hygi\u00e8ne dans une installation de production alimentaire<\/h2>\n\n<div class=\"wp-block-media-text has-media-on-the-right is-stacked-on-mobile is-image-fill-element\" style=\"grid-template-columns:auto 35%\"><div class=\"wp-block-media-text__content\">\n<h3 class=\"wp-block-heading\">Une mission commune : s\u00e9curit\u00e9 et innovation<\/h3>\n\n\n\n<p>Le client est un fabricant europ\u00e9en op\u00e9rant dans le domaine de la nutrition m\u00e9dicale et de la production d&rsquo;aliments pour nourrissons. Sa mission consiste \u00e0 fournir des soins nutritionnels de la plus haute qualit\u00e9 aux personnes les plus vuln\u00e9rables. Cette d\u00e9claration responsable doit aller de pair avec les <strong>normes de s\u00e9curit\u00e9 et d&rsquo;hygi\u00e8ne les plus \u00e9lev\u00e9es<\/strong> dans le processus de production.  <\/p>\n\n\n\n<p>Anter System, en tant que fabricant de solutions de s\u00e9curit\u00e9 modernes, r\u00e9pond parfaitement \u00e0 ces besoins en proposant des syst\u00e8mes qui soutiennent cette mission gr\u00e2ce \u00e0 de <strong>r\u00e9elles am\u00e9liorations de la s\u00e9curit\u00e9 et de la propret\u00e9<\/strong> au sein de l&rsquo;environnement de production.<\/p>\n\n\n\n<h3 class=\"wp-block-heading\">Coop\u00e9ration \u00e0 long terme<\/h3>\n\n\n\n<p>Anter System coop\u00e8re depuis plus de 10 ans avec des installations de production op\u00e9rant au sein de cette organisation industrielle, en fournissant des installations successives de syst\u00e8mes de s\u00e9curit\u00e9 flexibles. Au cours de cette p\u00e9riode, plus de 20 projets ont \u00e9t\u00e9 men\u00e9s \u00e0 bien, chacun d&rsquo;entre eux \u00e9tant adapt\u00e9 \u00e0 des <strong>exigences individuelles et \u00e0 des normes op\u00e9rationnelles \u00e9lev\u00e9es<\/strong>. <\/p>\n\n\n\n<p><strong>Les premi\u00e8res barri\u00e8res install\u00e9es au d\u00e9but de cette coop\u00e9ration \u00e0 long terme sont toujours utilis\u00e9es aujourd&rsquo;hui<\/strong> dans les installations de production, sans qu&rsquo;il soit n\u00e9cessaire de les remplacer ou de les remettre \u00e0 neuf. C&rsquo;est une preuve \u00e9vidente de la <strong>durabilit\u00e9 et de la qualit\u00e9<\/strong> des solutions appliqu\u00e9es, qui se traduit directement par une confiance \u00e0 long terme. <\/p>\n<\/div><figure class=\"wp-block-media-text__media\"><img loading=\"lazy\" decoding=\"async\" width=\"801\" height=\"1001\" src=\"https:\/\/antersystem.com\/wp-content\/uploads\/case-study-hygiene-12.webp\" alt=\"\" class=\"wp-image-39969 size-full\" style=\"object-position:50% 50%\" srcset=\"https:\/\/antersystem.com\/wp-content\/uploads\/case-study-hygiene-12.webp 801w, https:\/\/antersystem.com\/wp-content\/uploads\/case-study-hygiene-12-240x300.webp 240w, https:\/\/antersystem.com\/wp-content\/uploads\/case-study-hygiene-12-768x960.webp 768w, https:\/\/antersystem.com\/wp-content\/uploads\/case-study-hygiene-12-450x562.webp 450w, https:\/\/antersystem.com\/wp-content\/uploads\/case-study-hygiene-12-330x412.webp 330w\" sizes=\"auto, (max-width: 801px) 100vw, 801px\" \/><\/figure><\/div>\n\n<div style=\"height:20px\" aria-hidden=\"true\" class=\"wp-block-spacer\"><\/div>\n\n<div class=\"wp-block-media-text is-stacked-on-mobile\" style=\"grid-template-columns:35% auto\"><figure class=\"wp-block-media-text__media\"><img loading=\"lazy\" decoding=\"async\" width=\"801\" height=\"1001\" src=\"https:\/\/antersystem.com\/wp-content\/uploads\/case-study-hygiene-13.webp\" alt=\"\" class=\"wp-image-39984 size-full\" srcset=\"https:\/\/antersystem.com\/wp-content\/uploads\/case-study-hygiene-13.webp 801w, https:\/\/antersystem.com\/wp-content\/uploads\/case-study-hygiene-13-240x300.webp 240w, https:\/\/antersystem.com\/wp-content\/uploads\/case-study-hygiene-13-768x960.webp 768w, https:\/\/antersystem.com\/wp-content\/uploads\/case-study-hygiene-13-450x562.webp 450w, https:\/\/antersystem.com\/wp-content\/uploads\/case-study-hygiene-13-330x412.webp 330w\" sizes=\"auto, (max-width: 801px) 100vw, 801px\" \/><\/figure><div class=\"wp-block-media-text__content\">\n<h3 class=\"wp-block-heading\">L&rsquo;hygi\u00e8ne sous contr\u00f4le &#8211; la s\u00e9curit\u00e9 sans compromis<\/h3>\n\n\n\n<p>La production d&rsquo;aliments, en particulier pour les <strong>nourrissons et les personnes ayant des besoins m\u00e9dicaux sp\u00e9cifiques<\/strong>, n\u00e9cessite<br\/><strong>les normes de propret\u00e9 les plus strictes<\/strong>. Dans de telles installations, il <strong>n&rsquo;y a pas de place pour les compromis<\/strong><br\/>&#8211; chaque \u00e9l\u00e9ment de l&rsquo;\u00e9quipement doit contribuer \u00e0 la s\u00e9curit\u00e9 et se conformer \u00e0 des <strong>exigences sanitaires strictes<\/strong>. <\/p>\n\n\n\n<p>Les barri\u00e8res de s\u00e9curit\u00e9 en acier constituent une solution courante dans de nombreuses installations industrielles. Cependant, dans les zones o\u00f9 les normes d&rsquo;hygi\u00e8ne sont \u00e9lev\u00e9es, leur utilisation comporte un certain nombre de risques, notamment l&rsquo;\u00e9caillage de la peinture, la sensibilit\u00e9 \u00e0 la corrosion et la n\u00e9cessit\u00e9 d&rsquo;un entretien r\u00e9gulier. Les barri\u00e8res en acier inoxydable, quant \u00e0 elles, sont une option co\u00fbteuse et, en cas de dommages dus \u00e0 un impact, elles doivent souvent \u00eatre remplac\u00e9es compl\u00e8tement, ce qui g\u00e9n\u00e8re des co\u00fbts suppl\u00e9mentaires et augmente le risque d&rsquo;arr\u00eat de la production. Dans les environnements o\u00f9 l&rsquo;<strong>hygi\u00e8ne et la fiabilit\u00e9<\/strong> sont aussi importantes que la durabilit\u00e9, une telle strat\u00e9gie de protection s&rsquo;av\u00e8re insuffisante.   <\/p>\n\n\n\n<p>Pour cette raison, le client a d\u00e9cid\u00e9 de mettre en place des barri\u00e8res de s\u00e9curit\u00e9 flexibles Anter System. Ces solutions ont \u00e9t\u00e9 con\u00e7ues sp\u00e9cifiquement pour des environnements aux <strong>exigences particuli\u00e8rement \u00e9lev\u00e9es<\/strong>. Les mat\u00e9riaux utilis\u00e9s pour la fabrication des barri\u00e8res :  <\/p>\n\n\n\n<ul class=\"wp-block-list\">\n<li>sont r\u00e9sistants \u00e0 la corrosion,<\/li>\n\n\n\n<li>ne s&rsquo;\u00e9caillent pas et ne se d\u00e9collent pas,<\/li>\n\n\n\n<li>sont color\u00e9s dans l&rsquo;ensemble du mat\u00e9riau, ce qui permet de conserver leur esth\u00e9tique,<\/li>\n\n\n\n<li>r\u00e9pondent aux normes strictes de l&rsquo;HACCP et de la FDA,<\/li>\n\n\n\n<li>sont faciles \u00e0 nettoyer,<\/li>\n\n\n\n<li>sont disponibles dans des versions avec fixation interne, ce qui limite la formation de cavit\u00e9s o\u00f9 la salet\u00e9 pourrait s&rsquo;accumuler et \u00e9limine le risque de corrosion des \u00e9l\u00e9ments de montage.<\/li>\n<\/ul>\n\n\n\n<p>En choisissant des barri\u00e8res de s\u00e9curit\u00e9 flexibles, le client a pu garantir le <strong>plus haut niveau de s\u00e9curit\u00e9<\/strong> &#8211; \u00e0 la fois pour les employ\u00e9s et pour le produit. Cette d\u00e9cision confirme un engagement fort en faveur du maintien de <strong>normes de classe mondiale<\/strong> dans tous les domaines de l&rsquo;installation de production. <\/p>\n<\/div><\/div>\n\n<h3 class=\"wp-block-heading\">Des sols prot\u00e9g\u00e9s &#8211; quand la s\u00e9curit\u00e9 commence d\u00e8s le d\u00e9part<\/h3>\n\n<p>L&rsquo;installation de production utilise des sols en r\u00e9sine sp\u00e9cialis\u00e9s dot\u00e9s de propri\u00e9t\u00e9s antistatiques, essentielles au maintien de la <strong>st\u00e9rilit\u00e9 et de la s\u00e9curit\u00e9 des op\u00e9rations<\/strong>. Ces sols repr\u00e9sentent un investissement important et tout dommage entra\u00eenerait non seulement des co\u00fbts de r\u00e9paration \u00e9lev\u00e9s, mais aussi des arr\u00eats de production potentiels. <\/p>\n\n<p>Les barri\u00e8res de s\u00e9curit\u00e9 flexibles d&rsquo;Anter System prot\u00e8gent non seulement les personnes et les machines, mais r\u00e9duisent \u00e9galement de mani\u00e8re significative le <strong>risque de dommages au sol<\/strong>:<\/p>\n\n<ul class=\"wp-block-list\">\n<li>ils se d\u00e9forment \u00e0 l&rsquo;impact et reprennent leur forme initiale,<\/li>\n\n\n\n<li>ils minimisent la force transf\u00e9r\u00e9e de l&rsquo;impact aux ancres et aux fixations,<\/li>\n\n\n\n<li>ils n\u00e9cessitent jusqu&rsquo;\u00e0 50 % de fixations en moins que les solutions en acier, ce qui r\u00e9duit consid\u00e9rablement les interf\u00e9rences avec la structure du plancher.<\/li>\n<\/ul>\n\n<p>Gr\u00e2ce \u00e0 ces caract\u00e9ristiques, l&rsquo;investissement dans des barri\u00e8res de s\u00e9curit\u00e9 souples prot\u00e8ge efficacement les sols, <strong>limite les risques d&rsquo;arr\u00eat de production et assure la continuit\u00e9 des op\u00e9rations<\/strong>, m\u00eame dans les conditions les plus exigeantes.<\/p>\n\n<div class=\"wp-block-media-text is-stacked-on-mobile\" style=\"grid-template-columns:35% auto\"><figure class=\"wp-block-media-text__media\"><img loading=\"lazy\" decoding=\"async\" width=\"801\" height=\"1001\" src=\"https:\/\/antersystem.com\/wp-content\/uploads\/case-study-hygiene-11.webp\" alt=\"\" class=\"wp-image-39999 size-full\" srcset=\"https:\/\/antersystem.com\/wp-content\/uploads\/case-study-hygiene-11.webp 801w, https:\/\/antersystem.com\/wp-content\/uploads\/case-study-hygiene-11-240x300.webp 240w, https:\/\/antersystem.com\/wp-content\/uploads\/case-study-hygiene-11-768x960.webp 768w, https:\/\/antersystem.com\/wp-content\/uploads\/case-study-hygiene-11-450x562.webp 450w, https:\/\/antersystem.com\/wp-content\/uploads\/case-study-hygiene-11-330x412.webp 330w\" sizes=\"auto, (max-width: 801px) 100vw, 801px\" \/><\/figure><div class=\"wp-block-media-text__content\">\n<h3 class=\"wp-block-heading\">Confort de l&rsquo;op\u00e9rateur = moins d&rsquo;accidents<\/h3>\n\n\n\n<p>Les barri\u00e8res sont con\u00e7ues non seulement pour la durabilit\u00e9, mais aussi pour l&rsquo;<strong>ergonomie et la visibilit\u00e9<\/strong>. La <strong>couleur jaune vif<\/strong> des \u00e9l\u00e9ments d&rsquo;Anter System am\u00e9liore consid\u00e9rablement la visibilit\u00e9 pour les op\u00e9rateurs de chariots \u00e9l\u00e9vateurs, r\u00e9duisant ainsi le risque de collision par rapport aux barri\u00e8res en acier galvanis\u00e9 dont le contraste visuel est faible. <\/p>\n\n\n\n<p>En outre, les barri\u00e8res <strong>ne<\/strong> pr\u00e9sentent <strong>pas d&rsquo;ar\u00eates vives<\/strong>, ce qui est important pour prot\u00e9ger les marchandises transport\u00e9es par chariot \u00e9l\u00e9vateur, telles que les pr\u00e9parations en poudre pour nourrissons, et surtout pour pr\u00e9server la sant\u00e9 des employ\u00e9s.<\/p>\n\n\n\n<h3 class=\"wp-block-heading\">Une approche intelligente de l&rsquo;organisation de l&rsquo;espace<\/h3>\n\n\n\n<p>Les <strong>couloirs \u00e9troits et l&rsquo;espace de travail limit\u00e9<\/strong> sont des d\u00e9fis courants dans les installations de production. Dans ce cas, une <strong>approche flexible du zonage<\/strong> \u00e9tait n\u00e9cessaire tout en maintenant des processus fluides et un <strong>niveau \u00e9lev\u00e9 de s\u00e9curit\u00e9<\/strong>. <\/p>\n\n\n\n<p>La <strong>conception modulaire<\/strong> de nos barri\u00e8res permet d&rsquo;adapter les am\u00e9nagements \u00e0 la g\u00e9om\u00e9trie du hall, de proc\u00e9der \u00e0 des changements rapides lors de la r\u00e9organisation de la production et d&rsquo;optimiser les voies de circulation des pi\u00e9tons et des v\u00e9hicules. Les conseillers techniques ont soutenu le projet non seulement avec des produits, mais aussi avec un <strong>savoir-faire li\u00e9 \u00e0 la planification des flux de circulation<\/strong> et \u00e0 l&#8217;emplacement optimal des passages pour pi\u00e9tons &#8211; garantissant ainsi que les op\u00e9rations quotidiennes sont \u00e0 la fois <strong>efficaces<\/strong> et aussi <strong>s\u00fbres que possible.<\/strong> <\/p>\n\n\n\n<h3 class=\"wp-block-heading\">Le climat \u00e0 l&rsquo;esprit<\/h3>\n\n\n\n<p>Le client met en \u0153uvre une <strong>strat\u00e9gie \u00e0 long terme<\/strong> visant \u00e0 r\u00e9duire les <strong>\u00e9missions de gaz \u00e0 effet de serre<\/strong> et \u00e0 atteindre l&rsquo;<strong>objectif \u00ab\u00a0Net Zero\u00a0\u00bb<\/strong>. Le choix de <strong>barri\u00e8res de s\u00e9curit\u00e9 souples<\/strong> soutient cette approche. Les barri\u00e8res souples g\u00e9n\u00e8rent une <strong>empreinte carbone jusqu&rsquo;\u00e0 cinq fois inf\u00e9rieure<\/strong> \u00e0 celle des barri\u00e8res en acier.  <\/p>\n<\/div><\/div>\n\n<h3 class=\"wp-block-heading\">Produits utilis\u00e9s<\/h3>\n\n<p>Dans le cadre du projet, les solutions suivantes ont \u00e9t\u00e9 fournies et install\u00e9es :<\/p>\n\n<p><strong><a href=\"https:\/\/antersystem.com\/fr\/produits\/traffic-r3-gb-barrier\/\" target=\"_blank\" rel=\"noopener\">Barri\u00e8res souples Traffic R3 GB<\/a> <\/strong>&#8211; pour cr\u00e9er des voies de circulation et prot\u00e9ger \u00e0 la fois les pi\u00e9tons et les machines, avec un profil GB inf\u00e9rieur emp\u00eachant les fourches des chariots \u00e9l\u00e9vateurs de passer sous la barri\u00e8re.<\/p>\n\n<p><strong><a href=\"https:\/\/antersystem.com\/fr\/produits\/sga-safety-gate-stop\/\" target=\"_blank\" rel=\"noopener\">Barri\u00e8res de s\u00e9curit\u00e9 SGA<\/a><\/strong> avec pictogrammes, ouverture \u00e0 sens unique &#8211; une barri\u00e8re physique prot\u00e9geant les pi\u00e9tons d&rsquo;une entr\u00e9e accidentelle dans les voies de circulation des chariots \u00e9l\u00e9vateurs.<\/p>\n\n<p><strong><a href=\"https:\/\/antersystem.com\/fr\/produits\/pa-safety-bollard\/\" target=\"_blank\" rel=\"noopener\">Bornes de s\u00e9curit\u00e9 PA<\/a> <\/strong>&#8211; install\u00e9es aux portes d&rsquo;entr\u00e9e, flexibles et r\u00e9sistantes aux impacts r\u00e9p\u00e9t\u00e9s, elles prot\u00e8gent les \u00e9l\u00e9ments structurels dans les zones o\u00f9 le nombre de man\u0153uvres est le plus \u00e9lev\u00e9.<\/p>\n\n<p><strong><a href=\"https:\/\/antersystem.com\/fr\/produits\/slide-gate-r3\/\" target=\"_blank\" rel=\"noopener\">SLIDE GATE R3 barri\u00e8res de s\u00e9curit\u00e9 coulissantes<\/a><\/strong> &#8211; permettant la circulation des mat\u00e9riaux entre les voies de circulation et une gestion flexible de l&rsquo;espace.<\/p>\n\n<h3 class=\"wp-block-heading\">Le r\u00e9sultat ? Des op\u00e9rations quotidiennes plus s\u00fbres et un avantage plus fort. <\/h3>\n\n<p>La mise en \u0153uvre de barri\u00e8res de s\u00e9curit\u00e9 flexibles Anter System dans cette installation de production va bien au-del\u00e0 de la protection standard de l&rsquo;espace. D\u00e8s le d\u00e9but de la conception de l&rsquo;installation, l&rsquo;objectif \u00e9tait de garantir les <strong>normes les plus \u00e9lev\u00e9es en mati\u00e8re de s\u00e9curit\u00e9, d&rsquo;hygi\u00e8ne et d&rsquo;efficacit\u00e9<\/strong>. Cette approche offre un r\u00e9el avantage concurrentiel, car la s\u00e9curit\u00e9 ne doit pas \u00eatre consid\u00e9r\u00e9e comme un ajout, mais comme le fondement des op\u00e9rations.  <\/p>\n\n<h3 class=\"wp-block-heading\">R\u00e9sum\u00e9<\/h3>\n\n<p>Chez Anter System, nous sommes convaincus que la <strong>v\u00e9ritable innovation permet de r\u00e9soudre des probl\u00e8mes r\u00e9els et d&rsquo;offrir une valeur \u00e0 long terme<\/strong>. La coop\u00e9ration avec des fabricants exigeants du secteur de l&rsquo;alimentation et de la nutrition m\u00e9dicale nous permet de cr\u00e9er des solutions durables qui am\u00e9liorent v\u00e9ritablement la s\u00e9curit\u00e9, soutiennent le d\u00e9veloppement durable et rehaussent les normes dans des secteurs entiers. <\/p>\n\nngg_shortcode_0_placeholder\n","protected":false},"excerpt":{"rendered":"<p>Une approche responsable de la s\u00e9curit\u00e9 et de l&rsquo;hygi\u00e8ne dans une installation de production alimentaire Une mission commune : s\u00e9curit\u00e9 et innovation Le client est un fabricant europ\u00e9en op\u00e9rant dans le domaine de la nutrition m\u00e9dicale et de la production d&rsquo;aliments pour nourrissons. Sa mission consiste \u00e0 fournir des soins nutritionnels de la plus haute [&hellip;]<\/p>\n","protected":false},"author":11,"featured_media":40034,"parent":12644,"menu_order":0,"comment_status":"closed","ping_status":"closed","template":"","meta":{"inline_featured_image":false,"ngg_post_thumbnail":0,"footnotes":""},"class_list":["post-40088","page","type-page","status-publish","has-post-thumbnail","hentry"],"acf":[],"yoast_head":"<!-- This site is optimized with the Yoast SEO plugin v27.0 - https:\/\/yoast.com\/product\/yoast-seo-wordpress\/ -->\n<title>S\u00e9curit\u00e9 ax\u00e9e sur l&#039;hygi\u00e8ne dans la production alimentaire - Anter System<\/title>\n<meta name=\"description\" content=\"Une approche responsable de la s\u00e9curit\u00e9 et de l&#039;hygi\u00e8ne dans une installation de production alimentaire Une mission commune : s\u00e9curit\u00e9 et innovation Le\" \/>\n<meta name=\"robots\" content=\"index, follow, max-snippet:-1, max-image-preview:large, max-video-preview:-1\" \/>\n<link rel=\"canonical\" href=\"https:\/\/antersystem.com\/fr\/case-studies\/hygiene-focused-safety-in-food-production\/\" \/>\n<meta property=\"og:locale\" content=\"fr_FR\" \/>\n<meta property=\"og:type\" content=\"article\" \/>\n<meta property=\"og:title\" content=\"S\u00e9curit\u00e9 ax\u00e9e sur l&#039;hygi\u00e8ne dans la production alimentaire - Anter System\" \/>\n<meta property=\"og:description\" content=\"Une approche responsable de la s\u00e9curit\u00e9 et de l&#039;hygi\u00e8ne dans une installation de production alimentaire Une mission commune : s\u00e9curit\u00e9 et innovation Le\" \/>\n<meta property=\"og:url\" content=\"https:\/\/antersystem.com\/fr\/case-studies\/hygiene-focused-safety-in-food-production\/\" \/>\n<meta property=\"og:site_name\" content=\"Anter System\" \/>\n<meta property=\"article:modified_time\" content=\"2026-02-12T12:07:04+00:00\" \/>\n<meta property=\"og:image\" content=\"https:\/\/antersystem.com\/wp-content\/uploads\/case-study-hygiene-cover.webp\" \/>\n\t<meta property=\"og:image:width\" content=\"1921\" \/>\n\t<meta property=\"og:image:height\" content=\"1081\" \/>\n\t<meta property=\"og:image:type\" content=\"image\/webp\" \/>\n<meta name=\"twitter:card\" content=\"summary_large_image\" \/>\n<meta name=\"twitter:label1\" content=\"Dur\u00e9e de lecture estim\u00e9e\" \/>\n\t<meta name=\"twitter:data1\" content=\"8 minutes\" \/>\n<script type=\"application\/ld+json\" class=\"yoast-schema-graph\">{\"@context\":\"https:\/\/schema.org\",\"@graph\":[{\"@type\":\"WebPage\",\"@id\":\"https:\/\/antersystem.com\/fr\/case-studies\/hygiene-focused-safety-in-food-production\/\",\"url\":\"https:\/\/antersystem.com\/fr\/case-studies\/hygiene-focused-safety-in-food-production\/\",\"name\":\"S\u00e9curit\u00e9 ax\u00e9e sur l'hygi\u00e8ne dans la production alimentaire - Anter System\",\"isPartOf\":{\"@id\":\"https:\/\/antersystem.com\/fr\/#website\"},\"primaryImageOfPage\":{\"@id\":\"https:\/\/antersystem.com\/fr\/case-studies\/hygiene-focused-safety-in-food-production\/#primaryimage\"},\"image\":{\"@id\":\"https:\/\/antersystem.com\/fr\/case-studies\/hygiene-focused-safety-in-food-production\/#primaryimage\"},\"thumbnailUrl\":\"https:\/\/antersystem.com\/wp-content\/uploads\/case-study-hygiene-cover.webp\",\"datePublished\":\"2026-02-12T12:00:38+00:00\",\"dateModified\":\"2026-02-12T12:07:04+00:00\",\"description\":\"Une approche responsable de la s\u00e9curit\u00e9 et de l'hygi\u00e8ne dans une installation de production alimentaire Une mission commune : s\u00e9curit\u00e9 et innovation Le\",\"breadcrumb\":{\"@id\":\"https:\/\/antersystem.com\/fr\/case-studies\/hygiene-focused-safety-in-food-production\/#breadcrumb\"},\"inLanguage\":\"fr-FR\",\"potentialAction\":[{\"@type\":\"ReadAction\",\"target\":[\"https:\/\/antersystem.com\/fr\/case-studies\/hygiene-focused-safety-in-food-production\/\"]}]},{\"@type\":\"ImageObject\",\"inLanguage\":\"fr-FR\",\"@id\":\"https:\/\/antersystem.com\/fr\/case-studies\/hygiene-focused-safety-in-food-production\/#primaryimage\",\"url\":\"https:\/\/antersystem.com\/wp-content\/uploads\/case-study-hygiene-cover.webp\",\"contentUrl\":\"https:\/\/antersystem.com\/wp-content\/uploads\/case-study-hygiene-cover.webp\",\"width\":1921,\"height\":1081},{\"@type\":\"BreadcrumbList\",\"@id\":\"https:\/\/antersystem.com\/fr\/case-studies\/hygiene-focused-safety-in-food-production\/#breadcrumb\",\"itemListElement\":[{\"@type\":\"ListItem\",\"position\":1,\"name\":\"AnterSystem\",\"item\":\"https:\/\/antersystem.com\/fr\/\"},{\"@type\":\"ListItem\",\"position\":2,\"name\":\"\u00c9tudes de cas\",\"item\":\"https:\/\/antersystem.com\/fr\/case-studies\/\"},{\"@type\":\"ListItem\",\"position\":3,\"name\":\"S\u00e9curit\u00e9 ax\u00e9e sur l&#8217;hygi\u00e8ne dans la production alimentaire\"}]},{\"@type\":\"WebSite\",\"@id\":\"https:\/\/antersystem.com\/fr\/#website\",\"url\":\"https:\/\/antersystem.com\/fr\/\",\"name\":\"Anter System\",\"description\":\"Jeste\u015bmy polskim producentem elastycznych barier ochronnych wykonywanych z polimerowych tworzyw sztucznych. Na rynku krajowym i zagranicznym dzia\u0142amy od ponad 15 lat dbaj\u0105c o zapewnienie bezpiecze\u0144stwa w zak\u0142adach produkcyjnych, magazynach oraz centrach logistycznych.\",\"potentialAction\":[{\"@type\":\"SearchAction\",\"target\":{\"@type\":\"EntryPoint\",\"urlTemplate\":\"https:\/\/antersystem.com\/fr\/?s={search_term_string}\"},\"query-input\":{\"@type\":\"PropertyValueSpecification\",\"valueRequired\":true,\"valueName\":\"search_term_string\"}}],\"inLanguage\":\"fr-FR\"}]}<\/script>\n<!-- \/ Yoast SEO plugin. -->","yoast_head_json":{"title":"S\u00e9curit\u00e9 ax\u00e9e sur l'hygi\u00e8ne dans la production alimentaire - Anter System","description":"Une approche responsable de la s\u00e9curit\u00e9 et de l'hygi\u00e8ne dans une installation de production alimentaire Une mission commune : s\u00e9curit\u00e9 et innovation Le","robots":{"index":"index","follow":"follow","max-snippet":"max-snippet:-1","max-image-preview":"max-image-preview:large","max-video-preview":"max-video-preview:-1"},"canonical":"https:\/\/antersystem.com\/fr\/case-studies\/hygiene-focused-safety-in-food-production\/","og_locale":"fr_FR","og_type":"article","og_title":"S\u00e9curit\u00e9 ax\u00e9e sur l'hygi\u00e8ne dans la production alimentaire - Anter System","og_description":"Une approche responsable de la s\u00e9curit\u00e9 et de l'hygi\u00e8ne dans une installation de production alimentaire Une mission commune : s\u00e9curit\u00e9 et innovation Le","og_url":"https:\/\/antersystem.com\/fr\/case-studies\/hygiene-focused-safety-in-food-production\/","og_site_name":"Anter System","article_modified_time":"2026-02-12T12:07:04+00:00","og_image":[{"width":1921,"height":1081,"url":"https:\/\/antersystem.com\/wp-content\/uploads\/case-study-hygiene-cover.webp","type":"image\/webp"}],"twitter_card":"summary_large_image","twitter_misc":{"Dur\u00e9e de lecture estim\u00e9e":"8 minutes"},"schema":{"@context":"https:\/\/schema.org","@graph":[{"@type":"WebPage","@id":"https:\/\/antersystem.com\/fr\/case-studies\/hygiene-focused-safety-in-food-production\/","url":"https:\/\/antersystem.com\/fr\/case-studies\/hygiene-focused-safety-in-food-production\/","name":"S\u00e9curit\u00e9 ax\u00e9e sur l'hygi\u00e8ne dans la production alimentaire - Anter System","isPartOf":{"@id":"https:\/\/antersystem.com\/fr\/#website"},"primaryImageOfPage":{"@id":"https:\/\/antersystem.com\/fr\/case-studies\/hygiene-focused-safety-in-food-production\/#primaryimage"},"image":{"@id":"https:\/\/antersystem.com\/fr\/case-studies\/hygiene-focused-safety-in-food-production\/#primaryimage"},"thumbnailUrl":"https:\/\/antersystem.com\/wp-content\/uploads\/case-study-hygiene-cover.webp","datePublished":"2026-02-12T12:00:38+00:00","dateModified":"2026-02-12T12:07:04+00:00","description":"Une approche responsable de la s\u00e9curit\u00e9 et de l'hygi\u00e8ne dans une installation de production alimentaire Une mission commune : s\u00e9curit\u00e9 et innovation Le","breadcrumb":{"@id":"https:\/\/antersystem.com\/fr\/case-studies\/hygiene-focused-safety-in-food-production\/#breadcrumb"},"inLanguage":"fr-FR","potentialAction":[{"@type":"ReadAction","target":["https:\/\/antersystem.com\/fr\/case-studies\/hygiene-focused-safety-in-food-production\/"]}]},{"@type":"ImageObject","inLanguage":"fr-FR","@id":"https:\/\/antersystem.com\/fr\/case-studies\/hygiene-focused-safety-in-food-production\/#primaryimage","url":"https:\/\/antersystem.com\/wp-content\/uploads\/case-study-hygiene-cover.webp","contentUrl":"https:\/\/antersystem.com\/wp-content\/uploads\/case-study-hygiene-cover.webp","width":1921,"height":1081},{"@type":"BreadcrumbList","@id":"https:\/\/antersystem.com\/fr\/case-studies\/hygiene-focused-safety-in-food-production\/#breadcrumb","itemListElement":[{"@type":"ListItem","position":1,"name":"AnterSystem","item":"https:\/\/antersystem.com\/fr\/"},{"@type":"ListItem","position":2,"name":"\u00c9tudes de cas","item":"https:\/\/antersystem.com\/fr\/case-studies\/"},{"@type":"ListItem","position":3,"name":"S\u00e9curit\u00e9 ax\u00e9e sur l&#8217;hygi\u00e8ne dans la production alimentaire"}]},{"@type":"WebSite","@id":"https:\/\/antersystem.com\/fr\/#website","url":"https:\/\/antersystem.com\/fr\/","name":"Anter System","description":"Jeste\u015bmy polskim producentem elastycznych barier ochronnych wykonywanych z polimerowych tworzyw sztucznych. Na rynku krajowym i zagranicznym dzia\u0142amy od ponad 15 lat dbaj\u0105c o zapewnienie bezpiecze\u0144stwa w zak\u0142adach produkcyjnych, magazynach oraz centrach logistycznych.","potentialAction":[{"@type":"SearchAction","target":{"@type":"EntryPoint","urlTemplate":"https:\/\/antersystem.com\/fr\/?s={search_term_string}"},"query-input":{"@type":"PropertyValueSpecification","valueRequired":true,"valueName":"search_term_string"}}],"inLanguage":"fr-FR"}]}},"_links":{"self":[{"href":"https:\/\/antersystem.com\/fr\/wp-json\/wp\/v2\/pages\/40088","targetHints":{"allow":["GET"]}}],"collection":[{"href":"https:\/\/antersystem.com\/fr\/wp-json\/wp\/v2\/pages"}],"about":[{"href":"https:\/\/antersystem.com\/fr\/wp-json\/wp\/v2\/types\/page"}],"author":[{"embeddable":true,"href":"https:\/\/antersystem.com\/fr\/wp-json\/wp\/v2\/users\/11"}],"replies":[{"embeddable":true,"href":"https:\/\/antersystem.com\/fr\/wp-json\/wp\/v2\/comments?post=40088"}],"version-history":[{"count":1,"href":"https:\/\/antersystem.com\/fr\/wp-json\/wp\/v2\/pages\/40088\/revisions"}],"predecessor-version":[{"id":40089,"href":"https:\/\/antersystem.com\/fr\/wp-json\/wp\/v2\/pages\/40088\/revisions\/40089"}],"up":[{"embeddable":true,"href":"https:\/\/antersystem.com\/fr\/wp-json\/wp\/v2\/pages\/12644"}],"wp:featuredmedia":[{"embeddable":true,"href":"https:\/\/antersystem.com\/fr\/wp-json\/wp\/v2\/media\/40034"}],"wp:attachment":[{"href":"https:\/\/antersystem.com\/fr\/wp-json\/wp\/v2\/media?parent=40088"}],"curies":[{"name":"wp","href":"https:\/\/api.w.org\/{rel}","templated":true}]}}