{"id":40162,"date":"2022-05-31T14:30:17","date_gmt":"2022-05-31T12:30:17","guid":{"rendered":"https:\/\/antersystem.com\/cookie-policy\/"},"modified":"2026-02-19T10:31:42","modified_gmt":"2026-02-19T09:31:42","slug":"cookie-policy","status":"publish","type":"page","link":"https:\/\/antersystem.com\/fr\/cookie-policy\/","title":{"rendered":"Politique en mati\u00e8re de cookies"},"content":{"rendered":"\n<p class=\"has-text-align-left\"><strong>Les cookies sont de petits fichiers de donn\u00e9es qui sont envoy\u00e9s \u00e0 votre appareil lorsque vous visitez notre site web, qui stocke des informations sur la fa\u00e7on dont vous l&rsquo;utilisez et parfois des informations sur vous.<\/strong>  Les cookies nous permettent de reconna\u00eetre votre appareil et de collecter des donn\u00e9es telles que le nom de domaine de votre fournisseur d&rsquo;acc\u00e8s \u00e0 Internet, le type de navigateur, le type de syst\u00e8me d&rsquo;exploitation, l&rsquo;adresse IP, le site Web \u00e0 partir duquel vous avez \u00e9t\u00e9 renvoy\u00e9 vers nous, ainsi que des donn\u00e9es op\u00e9rationnelles ou des informations sur la localisation de l&rsquo;appareil. Les informations collect\u00e9es par les cookies ne sont pas toujours des donn\u00e9es \u00e0 caract\u00e8re personnel au sens du R\u00e8glement (UE) 2016\/679 du Parlement europ\u00e9en et du Conseil du 27 avril 2016 relatif \u00e0 la protection des personnes physiques \u00e0 l&rsquo;\u00e9gard du traitement des donn\u00e9es \u00e0 caract\u00e8re personnel et \u00e0 la libre circulation de ces donn\u00e9es, et abrogeant la directive 95\/46\/CE, ci-apr\u00e8s \u00e9galement appel\u00e9 R\u00e8glement g\u00e9n\u00e9ral sur la protection des donn\u00e9es (RGPD). Toutefois, si vous avez pr\u00e9alablement fourni vos donn\u00e9es personnelles, les cookies peuvent \u00eatre directement li\u00e9s \u00e0 vous, par exemple en associant les num\u00e9ros d&rsquo;identification dans les cookies \u00e0 d&rsquo;autres informations.    <\/p>\n\n<p>En r\u00e8gle g\u00e9n\u00e9rale, la base juridique du traitement de vos donn\u00e9es \u00e0 caract\u00e8re personnel collect\u00e9es par le biais de cookies et de technologies similaires est <strong>votre consentement<\/strong> (article 6, paragraphe 1, point a), du RGPD), sauf lorsque leur utilisation est n\u00e9cessaire au bon fonctionnement du site web (fourniture de services \u00e9lectroniques), o\u00f9 nous nous appuyons sur l&rsquo;article 173, paragraphe 3, point 2, de la loi du 16 juillet 2004 relative aux t\u00e9l\u00e9communications et, par cons\u00e9quent, sur notre <strong>int\u00e9r\u00eat l\u00e9gitime<\/strong> (article 6, paragraphe 1, point f), du RGPD).<\/p>\n\n<p><strong>Nous traitons les Donn\u00e9es personnelles susmentionn\u00e9es afin d&rsquo;am\u00e9liorer la qualit\u00e9 de nos Services, op\u00e9rations et produits d&rsquo;Anter System Polska Sp\u00f3\u0142ka z ograniczon\u0105 odpowiedzialno\u015bci\u0105 <\/strong>dont le si\u00e8ge social est situ\u00e9 \u00e0 Wroc\u0142aw<a>, adresse : ul. Strzegomska 199, 54-431 Wroc\u0142aw, Pologne,<\/a> ainsi<strong> que pour adapter le contenu disponible via le site Web \u00e0 vos int\u00e9r\u00eats<\/strong> (y compris dans le cadre du traitement automatis\u00e9 des Donn\u00e9es \u00e0 caract\u00e8re personnel, dans le but de pr\u00e9senter des publicit\u00e9s g\u00e9n\u00e9rales, des offres ou des promotions concernant les Services d&rsquo;une mani\u00e8re adapt\u00e9e aux int\u00e9r\u00eats de l&rsquo;Utilisateur, sans toutefois affecter leurs d\u00e9cisions de mani\u00e8re significative &#8211; <strong>profilage<\/strong>). Nous pouvons conna\u00eetre vos pr\u00e9f\u00e9rences, par exemple en analysant la fr\u00e9quence de vos visites sur le site web, les services que vous utilisez, les extensions, etc. Cela nous permet de mieux comprendre vos attentes et de nous adapter \u00e0 vos besoins. Gr\u00e2ce \u00e0 l&rsquo;utilisation de technologies avanc\u00e9es, les activit\u00e9s susmentionn\u00e9es seront souvent ex\u00e9cut\u00e9es par le syst\u00e8me de mani\u00e8re automatis\u00e9e, afin que le contenu qui vous est pr\u00e9sent\u00e9 soit le plus \u00e0 jour possible (\u00e0 cette fin, nous traitons \u00e9galement vos donn\u00e9es \u00e0 caract\u00e8re personnel sur la base de notre <strong>int\u00e9r\u00eat l\u00e9gitime &#8211; \u00e0 des fins promotionnelles\/analytiques\/de performance<\/strong> &#8211; article 6, paragraphe 1, point f), du RGPD).   <\/p>\n\n<p>Lorsque la base juridique du traitement des donn\u00e9es \u00e0 caract\u00e8re personnel est votre consentement, nous vous rappelons que <strong>vous pouvez le retirer \u00e0 tout moment<\/strong>, sans que cela n&rsquo;affecte la l\u00e9galit\u00e9 du traitement fond\u00e9 sur le consentement avant son retrait. Si, toutefois, vos donn\u00e9es \u00e0 caract\u00e8re personnel sont trait\u00e9es sur la base de notre int\u00e9r\u00eat l\u00e9gitime, <strong>vous avez le droit de vous opposer \u00e0 ce traitement<\/strong>. Vous trouverez une description de vos droits dans la partie VI de la politique de confidentialit\u00e9, \u00e0 laquelle il est fait r\u00e9f\u00e9rence ci-dessous : <a href=\"https:\/\/antersystem.com\/fr\/privacy-policy\/\"><u>https:\/\/antersystem.com\/privacy-policy\/<\/u><\/a>  <\/p>\n\n<p>Les navigateurs web ou autres logiciels install\u00e9s sur votre appareil autorisent g\u00e9n\u00e9ralement par d\u00e9faut l&rsquo;utilisation de cookies sur cet appareil, et donc la collecte des informations susmentionn\u00e9es. Vous pouvez modifier la mani\u00e8re dont les cookies sont utilis\u00e9s, y compris les bloquer ou les supprimer enti\u00e8rement, par l&rsquo;interm\u00e9diaire de votre navigateur web &#8211; vous trouverez de plus amples informations \u00e0 ce sujet dans le manuel de l&rsquo;utilisateur. Veuillez noter que la d\u00e9sactivation ou le blocage de certains cookies peut emp\u00eacher ou g\u00eaner consid\u00e9rablement le bon fonctionnement de notre site web, par exemple en le ralentissant. Vous trouverez de plus amples informations sur les param\u00e8tres des cookies dans les informations du navigateur ou sur notre site web. Vous pouvez \u00e9galement consulter le site <a href=\"https:\/\/www.allaboutcookies.org\/\" target=\"_blank\" rel=\"noreferrer noopener\"><u>https:\/\/www.allaboutcookies.org<\/u><\/a> pour obtenir des conseils pratiques.    <\/p>\n\n<p>En raison du domaine d&rsquo;o\u00f9 ils proviennent, nous divisons les cookies en plusieurs cat\u00e9gories :<\/p>\n\n<ol style=\"list-style-type:upper-alpha\" class=\"wp-block-list\">\n<li>les <strong>cookies de premi\u00e8re partie<\/strong> &#8211; mis en place par les serveurs web de notre site web ;<\/li>\n\n\n\n<li>les <strong>cookies de tiers<\/strong> &#8211; mis en place par des serveurs web autres que ceux de notre site web.<\/li>\n<\/ol>\n\n<p>En raison de leur dur\u00e9e de vie, nous divisons les biscuits en plusieurs cat\u00e9gories :<\/p>\n\n<ol style=\"list-style-type:upper-alpha\" class=\"wp-block-list\">\n<li><strong>session<\/strong> &#8211; un cookie de session contient des informations stock\u00e9es dans un emplacement temporaire de la m\u00e9moire et est ensuite supprim\u00e9 \u00e0 la fin de la session ou lorsque le navigateur web est ferm\u00e9 ;<\/li>\n\n\n\n<li><strong>persistant<\/strong> &#8211; \u00e9galement appel\u00e9 cookies permanents ou cookies stock\u00e9s ; un fichier cookie qui est stock\u00e9 sur le disque dur de l&rsquo;utilisateur jusqu&rsquo;\u00e0 ce qu&rsquo;il expire (les cookies persistants sont d\u00e9finis avec des dates d&rsquo;expiration) ou jusqu&rsquo;\u00e0 ce que le cookie soit supprim\u00e9 ; les cookies persistants sont utilis\u00e9s pour collecter des informations identifiant l&rsquo;utilisateur, telles que le comportement de navigation sur le site web ou les pr\u00e9f\u00e9rences de l&rsquo;utilisateur en mati\u00e8re de site web.<\/li>\n<\/ol>\n\n<p>Nous pouvons utiliser les types de cookies suivants :<\/p>\n\n<ol style=\"list-style-type:upper-alpha\" class=\"wp-block-list\">\n<li><strong>les cookies n\u00e9cessaires<\/strong> contribuent \u00e0 la convivialit\u00e9 du site web en permettant des fonctions de base telles que la navigation sur le site web et l&rsquo;acc\u00e8s aux zones s\u00e9curis\u00e9es du site web. Le site web ne peut pas fonctionner correctement sans ces cookies ; <\/li>\n\n\n\n<li>Les <strong>cookies de pr\u00e9f\u00e9rence<\/strong> permettent au site web de m\u00e9moriser des informations qui modifient l&rsquo;aspect ou le fonctionnement du site web, par exemple la langue pr\u00e9f\u00e9r\u00e9e ou la r\u00e9gion dans laquelle se trouve l&rsquo;utilisateur ;<\/li>\n\n\n\n<li><strong>les cookies statistiques<\/strong> aident \u00e0 comprendre comment les diff\u00e9rents utilisateurs se comportent sur le site web en collectant et en communiquant des informations anonymes ;<\/li>\n\n\n\n<li>Les <strong>cookies de marketing<\/strong> sont utilis\u00e9s pour suivre les utilisateurs sur le site web et sur d&rsquo;autres sites web. L&rsquo;objectif est d&rsquo;afficher des publicit\u00e9s pertinentes et int\u00e9ressantes pour l&rsquo;utilisateur et donc plus int\u00e9ressantes pour les \u00e9diteurs et les annonceurs tiers ; <\/li>\n\n\n\n<li>les <strong>cookies non classifi\u00e9s<\/strong>, c&rsquo;est-\u00e0-dire les cookies qui sont en cours de classification, ainsi que les fournisseurs des diff\u00e9rents cookies.<\/li>\n<\/ol>\n\n<p><strong>Conform\u00e9ment aux exigences du GDPR, vous pouvez g\u00e9rer vos consentements concernant diff\u00e9rents types de cookies.<\/strong>  \u00c0 cette fin, nous mettons \u00e0 votre disposition l&rsquo;outil Cookiebot, dont l&rsquo;interface vous permet de d\u00e9cider quels cookies vous acceptez, et vous pouvez modifier ces param\u00e8tres \u00e0 tout moment en fonction de vos pr\u00e9f\u00e9rences.<\/p>\n\n<p>Cliquez <a href=\"#\" class=\"cky-banner-element\"><u>ici<\/u><\/a> pour g\u00e9rer vos pr\u00e9f\u00e9rences en mati\u00e8re de cookies conform\u00e9ment au GDPR ou simplement pour les consulter.<\/p>\n\n<p>Les informations ainsi collect\u00e9es d\u00e9pendent des finalit\u00e9s et des bases juridiques du traitement des cookies ; elles peuvent \u00eatre stock\u00e9es et trait\u00e9es pendant la p\u00e9riode indiqu\u00e9e dans la partie IV de la politique de confidentialit\u00e9, dont le texte int\u00e9gral est disponible sur le lien suivant : <a href=\"https:\/\/antersystem.com\/fr\/privacy-policy\/\"><u>https:\/\/antersystem.com\/privacy-policy\/<\/u><\/a><\/p>\n\n<p><a id=\"_msocom_1\"><\/a><\/p>\n","protected":false},"excerpt":{"rendered":"<p>Les cookies sont de petits fichiers de donn\u00e9es qui sont envoy\u00e9s \u00e0 votre appareil lorsque vous visitez notre site web, qui stocke des informations sur la fa\u00e7on dont vous l&rsquo;utilisez et parfois des informations sur vous. Les cookies nous permettent de reconna\u00eetre votre appareil et de collecter des donn\u00e9es telles que le nom de domaine [&hellip;]<\/p>\n","protected":false},"author":1,"featured_media":0,"parent":0,"menu_order":0,"comment_status":"closed","ping_status":"closed","template":"","meta":{"inline_featured_image":false,"ngg_post_thumbnail":0,"footnotes":""},"class_list":["post-40162","page","type-page","status-publish","hentry"],"acf":[],"yoast_head":"<!-- This site is optimized with the Yoast SEO plugin v27.0 - https:\/\/yoast.com\/product\/yoast-seo-wordpress\/ -->\n<title>Politique en mati\u00e8re de cookies - Anter System<\/title>\n<meta name=\"description\" content=\"Les cookies sont de petits fichiers de donn\u00e9es qui sont envoy\u00e9s \u00e0 votre appareil lorsque vous visitez notre site web, qui stocke des informations sur la\" \/>\n<meta name=\"robots\" content=\"index, follow, max-snippet:-1, max-image-preview:large, max-video-preview:-1\" \/>\n<link rel=\"canonical\" href=\"https:\/\/antersystem.com\/fr\/cookie-policy\/\" \/>\n<meta property=\"og:locale\" content=\"fr_FR\" \/>\n<meta property=\"og:type\" content=\"article\" \/>\n<meta property=\"og:title\" content=\"Politique en mati\u00e8re de cookies - Anter System\" \/>\n<meta property=\"og:description\" content=\"Les cookies sont de petits fichiers de donn\u00e9es qui sont envoy\u00e9s \u00e0 votre appareil lorsque vous visitez notre site web, qui stocke des informations sur la\" \/>\n<meta property=\"og:url\" content=\"https:\/\/antersystem.com\/fr\/cookie-policy\/\" \/>\n<meta property=\"og:site_name\" content=\"Anter System\" \/>\n<meta property=\"article:modified_time\" content=\"2026-02-19T09:31:42+00:00\" \/>\n<meta name=\"twitter:card\" content=\"summary_large_image\" \/>\n<meta name=\"twitter:label1\" content=\"Dur\u00e9e de lecture estim\u00e9e\" \/>\n\t<meta name=\"twitter:data1\" content=\"6 minutes\" \/>\n<script type=\"application\/ld+json\" class=\"yoast-schema-graph\">{\"@context\":\"https:\/\/schema.org\",\"@graph\":[{\"@type\":\"WebPage\",\"@id\":\"https:\/\/antersystem.com\/fr\/cookie-policy\/\",\"url\":\"https:\/\/antersystem.com\/fr\/cookie-policy\/\",\"name\":\"Politique en mati\u00e8re de cookies - Anter System\",\"isPartOf\":{\"@id\":\"https:\/\/antersystem.com\/fr\/#website\"},\"datePublished\":\"2022-05-31T12:30:17+00:00\",\"dateModified\":\"2026-02-19T09:31:42+00:00\",\"description\":\"Les cookies sont de petits fichiers de donn\u00e9es qui sont envoy\u00e9s \u00e0 votre appareil lorsque vous visitez notre site web, qui stocke des informations sur la\",\"breadcrumb\":{\"@id\":\"https:\/\/antersystem.com\/fr\/cookie-policy\/#breadcrumb\"},\"inLanguage\":\"fr-FR\",\"potentialAction\":[{\"@type\":\"ReadAction\",\"target\":[\"https:\/\/antersystem.com\/fr\/cookie-policy\/\"]}]},{\"@type\":\"BreadcrumbList\",\"@id\":\"https:\/\/antersystem.com\/fr\/cookie-policy\/#breadcrumb\",\"itemListElement\":[{\"@type\":\"ListItem\",\"position\":1,\"name\":\"AnterSystem\",\"item\":\"https:\/\/antersystem.com\/fr\/\"},{\"@type\":\"ListItem\",\"position\":2,\"name\":\"Politique en mati\u00e8re de cookies\"}]},{\"@type\":\"WebSite\",\"@id\":\"https:\/\/antersystem.com\/fr\/#website\",\"url\":\"https:\/\/antersystem.com\/fr\/\",\"name\":\"Anter System\",\"description\":\"Jeste\u015bmy polskim producentem elastycznych barier ochronnych wykonywanych z polimerowych tworzyw sztucznych. Na rynku krajowym i zagranicznym dzia\u0142amy od ponad 15 lat dbaj\u0105c o zapewnienie bezpiecze\u0144stwa w zak\u0142adach produkcyjnych, magazynach oraz centrach logistycznych.\",\"potentialAction\":[{\"@type\":\"SearchAction\",\"target\":{\"@type\":\"EntryPoint\",\"urlTemplate\":\"https:\/\/antersystem.com\/fr\/?s={search_term_string}\"},\"query-input\":{\"@type\":\"PropertyValueSpecification\",\"valueRequired\":true,\"valueName\":\"search_term_string\"}}],\"inLanguage\":\"fr-FR\"}]}<\/script>\n<!-- \/ Yoast SEO plugin. -->","yoast_head_json":{"title":"Politique en mati\u00e8re de cookies - Anter System","description":"Les cookies sont de petits fichiers de donn\u00e9es qui sont envoy\u00e9s \u00e0 votre appareil lorsque vous visitez notre site web, qui stocke des informations sur la","robots":{"index":"index","follow":"follow","max-snippet":"max-snippet:-1","max-image-preview":"max-image-preview:large","max-video-preview":"max-video-preview:-1"},"canonical":"https:\/\/antersystem.com\/fr\/cookie-policy\/","og_locale":"fr_FR","og_type":"article","og_title":"Politique en mati\u00e8re de cookies - Anter System","og_description":"Les cookies sont de petits fichiers de donn\u00e9es qui sont envoy\u00e9s \u00e0 votre appareil lorsque vous visitez notre site web, qui stocke des informations sur la","og_url":"https:\/\/antersystem.com\/fr\/cookie-policy\/","og_site_name":"Anter System","article_modified_time":"2026-02-19T09:31:42+00:00","twitter_card":"summary_large_image","twitter_misc":{"Dur\u00e9e de lecture estim\u00e9e":"6 minutes"},"schema":{"@context":"https:\/\/schema.org","@graph":[{"@type":"WebPage","@id":"https:\/\/antersystem.com\/fr\/cookie-policy\/","url":"https:\/\/antersystem.com\/fr\/cookie-policy\/","name":"Politique en mati\u00e8re de cookies - Anter System","isPartOf":{"@id":"https:\/\/antersystem.com\/fr\/#website"},"datePublished":"2022-05-31T12:30:17+00:00","dateModified":"2026-02-19T09:31:42+00:00","description":"Les cookies sont de petits fichiers de donn\u00e9es qui sont envoy\u00e9s \u00e0 votre appareil lorsque vous visitez notre site web, qui stocke des informations sur la","breadcrumb":{"@id":"https:\/\/antersystem.com\/fr\/cookie-policy\/#breadcrumb"},"inLanguage":"fr-FR","potentialAction":[{"@type":"ReadAction","target":["https:\/\/antersystem.com\/fr\/cookie-policy\/"]}]},{"@type":"BreadcrumbList","@id":"https:\/\/antersystem.com\/fr\/cookie-policy\/#breadcrumb","itemListElement":[{"@type":"ListItem","position":1,"name":"AnterSystem","item":"https:\/\/antersystem.com\/fr\/"},{"@type":"ListItem","position":2,"name":"Politique en mati\u00e8re de cookies"}]},{"@type":"WebSite","@id":"https:\/\/antersystem.com\/fr\/#website","url":"https:\/\/antersystem.com\/fr\/","name":"Anter System","description":"Jeste\u015bmy polskim producentem elastycznych barier ochronnych wykonywanych z polimerowych tworzyw sztucznych. Na rynku krajowym i zagranicznym dzia\u0142amy od ponad 15 lat dbaj\u0105c o zapewnienie bezpiecze\u0144stwa w zak\u0142adach produkcyjnych, magazynach oraz centrach logistycznych.","potentialAction":[{"@type":"SearchAction","target":{"@type":"EntryPoint","urlTemplate":"https:\/\/antersystem.com\/fr\/?s={search_term_string}"},"query-input":{"@type":"PropertyValueSpecification","valueRequired":true,"valueName":"search_term_string"}}],"inLanguage":"fr-FR"}]}},"_links":{"self":[{"href":"https:\/\/antersystem.com\/fr\/wp-json\/wp\/v2\/pages\/40162","targetHints":{"allow":["GET"]}}],"collection":[{"href":"https:\/\/antersystem.com\/fr\/wp-json\/wp\/v2\/pages"}],"about":[{"href":"https:\/\/antersystem.com\/fr\/wp-json\/wp\/v2\/types\/page"}],"author":[{"embeddable":true,"href":"https:\/\/antersystem.com\/fr\/wp-json\/wp\/v2\/users\/1"}],"replies":[{"embeddable":true,"href":"https:\/\/antersystem.com\/fr\/wp-json\/wp\/v2\/comments?post=40162"}],"version-history":[{"count":2,"href":"https:\/\/antersystem.com\/fr\/wp-json\/wp\/v2\/pages\/40162\/revisions"}],"predecessor-version":[{"id":40200,"href":"https:\/\/antersystem.com\/fr\/wp-json\/wp\/v2\/pages\/40162\/revisions\/40200"}],"wp:attachment":[{"href":"https:\/\/antersystem.com\/fr\/wp-json\/wp\/v2\/media?parent=40162"}],"curies":[{"name":"wp","href":"https:\/\/api.w.org\/{rel}","templated":true}]}}