{"id":40306,"date":"2026-02-13T14:00:03","date_gmt":"2026-02-13T13:00:03","guid":{"rendered":"https:\/\/antersystem.com\/nouvelles\/mid-magazine-safe-zone\/"},"modified":"2026-02-22T21:51:15","modified_gmt":"2026-02-22T20:51:15","slug":"mid-magazine-safe-zone","status":"publish","type":"page","link":"https:\/\/antersystem.com\/fr\/nouvelles\/mid-magazine-safe-zone\/","title":{"rendered":"MID Magazine &#8211; \u00ab\u00a0Safe Zone\u00a0\u00bb &#8211; \u00ab\u00a0Bezpieczna strefa\u00a0\u00bb (en anglais)"},"content":{"rendered":"\n<div class=\"wp-block-columns is-layout-flex wp-container-core-columns-is-layout-9d6595d7 wp-block-columns-is-layout-flex\">\n<div class=\"wp-block-column is-layout-flow wp-block-column-is-layout-flow\" style=\"flex-basis:10%\"><\/div>\n\n\n\n<div class=\"wp-block-column is-layout-flow wp-block-column-is-layout-flow\">\n<h3 class=\"wp-block-heading\">Nos commentaires d&rsquo;experts dans le magazine MID<\/h3>\n\n\n\n<p>Nous sommes heureux de vous annoncer que nos commentaires d&rsquo;experts ont \u00e9t\u00e9 publi\u00e9s dans <strong>MID &#8211; Magazyn Intralogistyki i Dystrybucji<\/strong>.<\/p>\n<p>Dans cet article, nous expliquons pourquoi la s\u00e9curit\u00e9 des entrep\u00f4ts modernes <strong>doit aller au-del\u00e0 des lignes peintes et des panneaux d&rsquo;avertissement<\/strong>, en mettant l&rsquo;accent sur une conception r\u00e9fl\u00e9chie de l&rsquo;espace, une s\u00e9paration claire du trafic et des syst\u00e8mes de protection absorbant les chocs qui r\u00e9duisent les risques et les co\u00fbts d&rsquo;exploitation.<\/p>\n<p>Le commentaire d&rsquo;expert a \u00e9t\u00e9 fourni par Tomasz Bary\u0142a, notre chef de produit, qui partage son point de vue sur la conception d&rsquo;environnements industriels plus s\u00fbrs et plus efficaces.<\/p>\n<p><strong>\ud83d\udcc4 Nous vous invitons \u00e0 lire l&rsquo;article complet ci-dessous (PDF).<\/strong><\/p>\n<p>Si vous souhaitez \u00e9tudier la mani\u00e8re dont ces principes pourraient \u00eatre mis en \u0153uvre dans votre \u00e9tablissement, n&rsquo;h\u00e9sitez pas \u00e0 nous contacter.<\/p>\n<\/div>\n\n\n\n<div class=\"wp-block-column is-layout-flow wp-block-column-is-layout-flow\" style=\"flex-basis:10%\"><\/div>\n<\/div>\n\n<div data-wp-interactive=\"core\/file\" class=\"wp-block-file\"><object data-wp-bind--hidden=\"!state.hasPdfPreview\" hidden class=\"wp-block-file__embed\" data=\"https:\/\/antersystem.com\/wp-content\/uploads\/MID_109_1_2026_Bezpieczny-obszar.pdf\" type=\"application\/pdf\" style=\"width:100%;height:600px\" aria-label=\"Contenu embarqu\u00e9 MID_97_1_2024-Anter-System.\"><\/object><a id=\"wp-block-file--media-c4a79965-4313-4b68-8827-3aa81c41db0a\" href=\"https:\/\/antersystem.com\/wp-content\/uploads\/MID_109_1_2026_Bezpieczny-obszar.pdf\">MID_109_1_2026-Anter System<\/a><a href=\"https:\/\/antersystem.com\/wp-content\/uploads\/MID_109_1_2026_Bezpieczny-obszar.pdf\" class=\"wp-block-file__button wp-element-button\" download=\"\" aria-describedby=\"wp-block-file--media-c4a79965-4313-4b68-8827-3aa81c41db0a\">T\u00e9l\u00e9charger<\/a><\/div>\n","protected":false},"excerpt":{"rendered":"<p>Nos commentaires d&rsquo;experts dans le magazine MID Nous sommes heureux de vous annoncer que nos commentaires d&rsquo;experts ont \u00e9t\u00e9 publi\u00e9s dans MID &#8211; Magazyn Intralogistyki i Dystrybucji. Dans cet article, nous expliquons pourquoi la s\u00e9curit\u00e9 des entrep\u00f4ts modernes doit aller au-del\u00e0 des lignes peintes et des panneaux d&rsquo;avertissement, en mettant l&rsquo;accent sur une conception r\u00e9fl\u00e9chie [&hellip;]<\/p>\n","protected":false},"author":11,"featured_media":40258,"parent":30302,"menu_order":0,"comment_status":"closed","ping_status":"closed","template":"","meta":{"inline_featured_image":false,"ngg_post_thumbnail":0,"footnotes":""},"class_list":["post-40306","page","type-page","status-publish","has-post-thumbnail","hentry"],"acf":[],"yoast_head":"<!-- This site is optimized with the Yoast SEO plugin v27.0 - https:\/\/yoast.com\/product\/yoast-seo-wordpress\/ -->\n<title>MID Magazine - &quot;Safe Zone&quot; - &quot;Bezpieczna strefa&quot; (en anglais) - Anter System<\/title>\n<meta name=\"description\" content=\"Nos commentaires d&#039;experts dans le magazine MID Nous sommes heureux de vous annoncer que nos commentaires d&#039;experts ont \u00e9t\u00e9 publi\u00e9s dans MID - Magazyn\" \/>\n<meta name=\"robots\" content=\"index, follow, max-snippet:-1, max-image-preview:large, max-video-preview:-1\" \/>\n<link rel=\"canonical\" href=\"https:\/\/antersystem.com\/fr\/nouvelles\/mid-magazine-safe-zone\/\" \/>\n<meta property=\"og:locale\" content=\"fr_FR\" \/>\n<meta property=\"og:type\" content=\"article\" \/>\n<meta property=\"og:title\" content=\"MID Magazine - &quot;Safe Zone&quot; - &quot;Bezpieczna strefa&quot; (en anglais) - Anter System\" \/>\n<meta property=\"og:description\" content=\"Nos commentaires d&#039;experts dans le magazine MID Nous sommes heureux de vous annoncer que nos commentaires d&#039;experts ont \u00e9t\u00e9 publi\u00e9s dans MID - Magazyn\" \/>\n<meta property=\"og:url\" content=\"https:\/\/antersystem.com\/fr\/nouvelles\/mid-magazine-safe-zone\/\" \/>\n<meta property=\"og:site_name\" content=\"Anter System\" \/>\n<meta property=\"article:modified_time\" content=\"2026-02-22T20:51:15+00:00\" \/>\n<meta property=\"og:image\" content=\"https:\/\/antersystem.com\/wp-content\/uploads\/MID-1-2026.webp\" \/>\n\t<meta property=\"og:image:width\" content=\"1920\" \/>\n\t<meta property=\"og:image:height\" content=\"1080\" \/>\n\t<meta property=\"og:image:type\" content=\"image\/webp\" \/>\n<meta name=\"twitter:card\" content=\"summary_large_image\" \/>\n<meta name=\"twitter:label1\" content=\"Dur\u00e9e de lecture estim\u00e9e\" \/>\n\t<meta name=\"twitter:data1\" content=\"1 minute\" \/>\n<script type=\"application\/ld+json\" class=\"yoast-schema-graph\">{\"@context\":\"https:\/\/schema.org\",\"@graph\":[{\"@type\":\"WebPage\",\"@id\":\"https:\/\/antersystem.com\/fr\/nouvelles\/mid-magazine-safe-zone\/\",\"url\":\"https:\/\/antersystem.com\/fr\/nouvelles\/mid-magazine-safe-zone\/\",\"name\":\"MID Magazine - \\\"Safe Zone\\\" - \\\"Bezpieczna strefa\\\" (en anglais) - Anter System\",\"isPartOf\":{\"@id\":\"https:\/\/antersystem.com\/fr\/#website\"},\"primaryImageOfPage\":{\"@id\":\"https:\/\/antersystem.com\/fr\/nouvelles\/mid-magazine-safe-zone\/#primaryimage\"},\"image\":{\"@id\":\"https:\/\/antersystem.com\/fr\/nouvelles\/mid-magazine-safe-zone\/#primaryimage\"},\"thumbnailUrl\":\"https:\/\/antersystem.com\/wp-content\/uploads\/MID-1-2026.webp\",\"datePublished\":\"2026-02-13T13:00:03+00:00\",\"dateModified\":\"2026-02-22T20:51:15+00:00\",\"description\":\"Nos commentaires d'experts dans le magazine MID Nous sommes heureux de vous annoncer que nos commentaires d'experts ont \u00e9t\u00e9 publi\u00e9s dans MID - Magazyn\",\"breadcrumb\":{\"@id\":\"https:\/\/antersystem.com\/fr\/nouvelles\/mid-magazine-safe-zone\/#breadcrumb\"},\"inLanguage\":\"fr-FR\",\"potentialAction\":[{\"@type\":\"ReadAction\",\"target\":[\"https:\/\/antersystem.com\/fr\/nouvelles\/mid-magazine-safe-zone\/\"]}]},{\"@type\":\"ImageObject\",\"inLanguage\":\"fr-FR\",\"@id\":\"https:\/\/antersystem.com\/fr\/nouvelles\/mid-magazine-safe-zone\/#primaryimage\",\"url\":\"https:\/\/antersystem.com\/wp-content\/uploads\/MID-1-2026.webp\",\"contentUrl\":\"https:\/\/antersystem.com\/wp-content\/uploads\/MID-1-2026.webp\",\"width\":1920,\"height\":1080},{\"@type\":\"BreadcrumbList\",\"@id\":\"https:\/\/antersystem.com\/fr\/nouvelles\/mid-magazine-safe-zone\/#breadcrumb\",\"itemListElement\":[{\"@type\":\"ListItem\",\"position\":1,\"name\":\"AnterSystem\",\"item\":\"https:\/\/antersystem.com\/fr\/\"},{\"@type\":\"ListItem\",\"position\":2,\"name\":\"Actualit\u00e9s\",\"item\":\"https:\/\/antersystem.com\/fr\/nouvelles\/\"},{\"@type\":\"ListItem\",\"position\":3,\"name\":\"MID Magazine &#8211; \u00ab\u00a0Safe Zone\u00a0\u00bb &#8211; \u00ab\u00a0Bezpieczna strefa\u00a0\u00bb (en anglais)\"}]},{\"@type\":\"WebSite\",\"@id\":\"https:\/\/antersystem.com\/fr\/#website\",\"url\":\"https:\/\/antersystem.com\/fr\/\",\"name\":\"Anter System\",\"description\":\"Jeste\u015bmy polskim producentem elastycznych barier ochronnych wykonywanych z polimerowych tworzyw sztucznych. Na rynku krajowym i zagranicznym dzia\u0142amy od ponad 15 lat dbaj\u0105c o zapewnienie bezpiecze\u0144stwa w zak\u0142adach produkcyjnych, magazynach oraz centrach logistycznych.\",\"potentialAction\":[{\"@type\":\"SearchAction\",\"target\":{\"@type\":\"EntryPoint\",\"urlTemplate\":\"https:\/\/antersystem.com\/fr\/?s={search_term_string}\"},\"query-input\":{\"@type\":\"PropertyValueSpecification\",\"valueRequired\":true,\"valueName\":\"search_term_string\"}}],\"inLanguage\":\"fr-FR\"}]}<\/script>\n<!-- \/ Yoast SEO plugin. -->","yoast_head_json":{"title":"MID Magazine - \"Safe Zone\" - \"Bezpieczna strefa\" (en anglais) - Anter System","description":"Nos commentaires d'experts dans le magazine MID Nous sommes heureux de vous annoncer que nos commentaires d'experts ont \u00e9t\u00e9 publi\u00e9s dans MID - Magazyn","robots":{"index":"index","follow":"follow","max-snippet":"max-snippet:-1","max-image-preview":"max-image-preview:large","max-video-preview":"max-video-preview:-1"},"canonical":"https:\/\/antersystem.com\/fr\/nouvelles\/mid-magazine-safe-zone\/","og_locale":"fr_FR","og_type":"article","og_title":"MID Magazine - \"Safe Zone\" - \"Bezpieczna strefa\" (en anglais) - Anter System","og_description":"Nos commentaires d'experts dans le magazine MID Nous sommes heureux de vous annoncer que nos commentaires d'experts ont \u00e9t\u00e9 publi\u00e9s dans MID - Magazyn","og_url":"https:\/\/antersystem.com\/fr\/nouvelles\/mid-magazine-safe-zone\/","og_site_name":"Anter System","article_modified_time":"2026-02-22T20:51:15+00:00","og_image":[{"width":1920,"height":1080,"url":"https:\/\/antersystem.com\/wp-content\/uploads\/MID-1-2026.webp","type":"image\/webp"}],"twitter_card":"summary_large_image","twitter_misc":{"Dur\u00e9e de lecture estim\u00e9e":"1 minute"},"schema":{"@context":"https:\/\/schema.org","@graph":[{"@type":"WebPage","@id":"https:\/\/antersystem.com\/fr\/nouvelles\/mid-magazine-safe-zone\/","url":"https:\/\/antersystem.com\/fr\/nouvelles\/mid-magazine-safe-zone\/","name":"MID Magazine - \"Safe Zone\" - \"Bezpieczna strefa\" (en anglais) - Anter System","isPartOf":{"@id":"https:\/\/antersystem.com\/fr\/#website"},"primaryImageOfPage":{"@id":"https:\/\/antersystem.com\/fr\/nouvelles\/mid-magazine-safe-zone\/#primaryimage"},"image":{"@id":"https:\/\/antersystem.com\/fr\/nouvelles\/mid-magazine-safe-zone\/#primaryimage"},"thumbnailUrl":"https:\/\/antersystem.com\/wp-content\/uploads\/MID-1-2026.webp","datePublished":"2026-02-13T13:00:03+00:00","dateModified":"2026-02-22T20:51:15+00:00","description":"Nos commentaires d'experts dans le magazine MID Nous sommes heureux de vous annoncer que nos commentaires d'experts ont \u00e9t\u00e9 publi\u00e9s dans MID - Magazyn","breadcrumb":{"@id":"https:\/\/antersystem.com\/fr\/nouvelles\/mid-magazine-safe-zone\/#breadcrumb"},"inLanguage":"fr-FR","potentialAction":[{"@type":"ReadAction","target":["https:\/\/antersystem.com\/fr\/nouvelles\/mid-magazine-safe-zone\/"]}]},{"@type":"ImageObject","inLanguage":"fr-FR","@id":"https:\/\/antersystem.com\/fr\/nouvelles\/mid-magazine-safe-zone\/#primaryimage","url":"https:\/\/antersystem.com\/wp-content\/uploads\/MID-1-2026.webp","contentUrl":"https:\/\/antersystem.com\/wp-content\/uploads\/MID-1-2026.webp","width":1920,"height":1080},{"@type":"BreadcrumbList","@id":"https:\/\/antersystem.com\/fr\/nouvelles\/mid-magazine-safe-zone\/#breadcrumb","itemListElement":[{"@type":"ListItem","position":1,"name":"AnterSystem","item":"https:\/\/antersystem.com\/fr\/"},{"@type":"ListItem","position":2,"name":"Actualit\u00e9s","item":"https:\/\/antersystem.com\/fr\/nouvelles\/"},{"@type":"ListItem","position":3,"name":"MID Magazine &#8211; \u00ab\u00a0Safe Zone\u00a0\u00bb &#8211; \u00ab\u00a0Bezpieczna strefa\u00a0\u00bb (en anglais)"}]},{"@type":"WebSite","@id":"https:\/\/antersystem.com\/fr\/#website","url":"https:\/\/antersystem.com\/fr\/","name":"Anter System","description":"Jeste\u015bmy polskim producentem elastycznych barier ochronnych wykonywanych z polimerowych tworzyw sztucznych. Na rynku krajowym i zagranicznym dzia\u0142amy od ponad 15 lat dbaj\u0105c o zapewnienie bezpiecze\u0144stwa w zak\u0142adach produkcyjnych, magazynach oraz centrach logistycznych.","potentialAction":[{"@type":"SearchAction","target":{"@type":"EntryPoint","urlTemplate":"https:\/\/antersystem.com\/fr\/?s={search_term_string}"},"query-input":{"@type":"PropertyValueSpecification","valueRequired":true,"valueName":"search_term_string"}}],"inLanguage":"fr-FR"}]}},"_links":{"self":[{"href":"https:\/\/antersystem.com\/fr\/wp-json\/wp\/v2\/pages\/40306","targetHints":{"allow":["GET"]}}],"collection":[{"href":"https:\/\/antersystem.com\/fr\/wp-json\/wp\/v2\/pages"}],"about":[{"href":"https:\/\/antersystem.com\/fr\/wp-json\/wp\/v2\/types\/page"}],"author":[{"embeddable":true,"href":"https:\/\/antersystem.com\/fr\/wp-json\/wp\/v2\/users\/11"}],"replies":[{"embeddable":true,"href":"https:\/\/antersystem.com\/fr\/wp-json\/wp\/v2\/comments?post=40306"}],"version-history":[{"count":1,"href":"https:\/\/antersystem.com\/fr\/wp-json\/wp\/v2\/pages\/40306\/revisions"}],"predecessor-version":[{"id":40307,"href":"https:\/\/antersystem.com\/fr\/wp-json\/wp\/v2\/pages\/40306\/revisions\/40307"}],"up":[{"embeddable":true,"href":"https:\/\/antersystem.com\/fr\/wp-json\/wp\/v2\/pages\/30302"}],"wp:featuredmedia":[{"embeddable":true,"href":"https:\/\/antersystem.com\/fr\/wp-json\/wp\/v2\/media\/40258"}],"wp:attachment":[{"href":"https:\/\/antersystem.com\/fr\/wp-json\/wp\/v2\/media?parent=40306"}],"curies":[{"name":"wp","href":"https:\/\/api.w.org\/{rel}","templated":true}]}}