{"id":40312,"date":"2025-12-22T15:36:00","date_gmt":"2025-12-22T14:36:00","guid":{"rendered":"https:\/\/antersystem.com\/nouvelles\/handling-expo-2025\/"},"modified":"2026-02-22T22:30:22","modified_gmt":"2026-02-22T21:30:22","slug":"handling-expo-2025","status":"publish","type":"page","link":"https:\/\/antersystem.com\/fr\/nouvelles\/handling-expo-2025\/","title":{"rendered":"Handling Expo 2025"},"content":{"rendered":"<h2>Anter System \u00e0 l&rsquo;exposition Handling Expo 2025 au Caire<\/h2>\n<p>Du 18 au 21 d\u00e9cembre 2025, nous avons eu le plaisir de participer \u00e0 <strong>Handling Expo &#8211; The International Exhibition for Material Handling &amp; Storage Equipment<\/strong> au Caire, en \u00c9gypte. L&rsquo;\u00e9v\u00e9nement a marqu\u00e9 une \u00e9tape importante sur la feuille de route internationale d&rsquo;Anter System et un point de cl\u00f4ture solide pour notre saison de foires commerciales 2025. <\/p>\n<p>Organis\u00e9e au Centre d&rsquo;exposition international d&rsquo;\u00c9gypte, Handling Expo a confirm\u00e9 le dynamisme du d\u00e9veloppement de l&rsquo;entreposage, de l&rsquo;intralogistique et de la s\u00e9curit\u00e9 industrielle sur les march\u00e9s du Moyen-Orient et d&rsquo;Afrique. Selon les organisateurs, l&rsquo;\u00e9dition de cette ann\u00e9e a rassembl\u00e9 <strong>622 exposants de 27 pays<\/strong> et attir\u00e9 <strong>24 208 visiteurs professionnels<\/strong>, cr\u00e9ant ainsi une plateforme dynamique pour l&rsquo;\u00e9change de connaissances et la croissance des entreprises. <\/p>\n<p>Lors de ce salon, nous avons pr\u00e9sent\u00e9 notre approche des <strong>syst\u00e8mes flexibles de protection contre les chocs<\/strong>, en nous concentrant sur les d\u00e9fis pratiques en mati\u00e8re de s\u00e9curit\u00e9 dans les entrep\u00f4ts et les installations de production modernes. En collaboration avec notre partenaire <strong>IRack Storage Solution<\/strong>, nous avons pr\u00e9sent\u00e9 des solutions con\u00e7ues pour des conditions d&rsquo;exploitation r\u00e9elles &#8211; prot\u00e9geant les personnes, les infrastructures et les marchandises dans des environnements industriels tr\u00e8s fr\u00e9quent\u00e9s. <\/p>\n<p>Chaque \u00e9v\u00e9nement international nous aide \u00e0 mieux comprendre les besoins des march\u00e9s locaux, \u00e0 \u00e9changer des points de vue avec des professionnels du secteur et \u00e0 affiner des solutions qui fonctionnent \u00e0 l&rsquo;\u00e9chelle mondiale tout en \u00e9tant mises en \u0153uvre \u00e0 l&rsquo;\u00e9chelle locale.<\/p>\n<p>Merci \u00e0 tous ceux qui nous ont rendu visite au Caire et qui ont contribu\u00e9 \u00e0 des conversations inspirantes et \u00e0 des r\u00e9unions pr\u00e9cieuses. Nous nous r\u00e9jouissons de poursuivre ces discussions en 2026. <\/p>\n","protected":false},"excerpt":{"rendered":"<p>Anter System \u00e0 l&rsquo;exposition Handling Expo 2025 au Caire Du 18 au 21 d\u00e9cembre 2025, nous avons eu le plaisir de participer \u00e0 Handling Expo &#8211; The International Exhibition for Material Handling &amp; Storage Equipment au Caire, en \u00c9gypte. L&rsquo;\u00e9v\u00e9nement a marqu\u00e9 une \u00e9tape importante sur la feuille de route internationale d&rsquo;Anter System et un [&hellip;]<\/p>\n","protected":false},"author":11,"featured_media":40282,"parent":30302,"menu_order":0,"comment_status":"closed","ping_status":"closed","template":"","meta":{"inline_featured_image":false,"ngg_post_thumbnail":0,"footnotes":""},"class_list":["post-40312","page","type-page","status-publish","has-post-thumbnail","hentry"],"acf":[],"yoast_head":"<!-- This site is optimized with the Yoast SEO plugin v27.0 - https:\/\/yoast.com\/product\/yoast-seo-wordpress\/ -->\n<title>Handling Expo 2025 - Anter System<\/title>\n<meta name=\"description\" content=\"Anter System \u00e0 l&#039;exposition Handling Expo 2025 au Caire Du 18 au 21 d\u00e9cembre 2025, nous avons eu le plaisir de participer \u00e0 Handling Expo - The\" \/>\n<meta name=\"robots\" content=\"index, follow, max-snippet:-1, max-image-preview:large, max-video-preview:-1\" \/>\n<link rel=\"canonical\" href=\"https:\/\/antersystem.com\/fr\/nouvelles\/handling-expo-2025\/\" \/>\n<meta property=\"og:locale\" content=\"fr_FR\" \/>\n<meta property=\"og:type\" content=\"article\" \/>\n<meta property=\"og:title\" content=\"Handling Expo 2025 - Anter System\" \/>\n<meta property=\"og:description\" content=\"Anter System \u00e0 l&#039;exposition Handling Expo 2025 au Caire Du 18 au 21 d\u00e9cembre 2025, nous avons eu le plaisir de participer \u00e0 Handling Expo - The\" \/>\n<meta property=\"og:url\" content=\"https:\/\/antersystem.com\/fr\/nouvelles\/handling-expo-2025\/\" \/>\n<meta property=\"og:site_name\" content=\"Anter System\" \/>\n<meta property=\"article:modified_time\" content=\"2026-02-22T21:30:22+00:00\" \/>\n<meta property=\"og:image\" content=\"https:\/\/antersystem.com\/wp-content\/uploads\/handling-expo-2025-cover.webp\" \/>\n\t<meta property=\"og:image:width\" content=\"1921\" \/>\n\t<meta property=\"og:image:height\" content=\"1080\" \/>\n\t<meta property=\"og:image:type\" content=\"image\/webp\" \/>\n<meta name=\"twitter:card\" content=\"summary_large_image\" \/>\n<meta name=\"twitter:label1\" content=\"Dur\u00e9e de lecture estim\u00e9e\" \/>\n\t<meta name=\"twitter:data1\" content=\"1 minute\" \/>\n<script type=\"application\/ld+json\" class=\"yoast-schema-graph\">{\"@context\":\"https:\/\/schema.org\",\"@graph\":[{\"@type\":\"WebPage\",\"@id\":\"https:\/\/antersystem.com\/fr\/nouvelles\/handling-expo-2025\/\",\"url\":\"https:\/\/antersystem.com\/fr\/nouvelles\/handling-expo-2025\/\",\"name\":\"Handling Expo 2025 - Anter System\",\"isPartOf\":{\"@id\":\"https:\/\/antersystem.com\/fr\/#website\"},\"primaryImageOfPage\":{\"@id\":\"https:\/\/antersystem.com\/fr\/nouvelles\/handling-expo-2025\/#primaryimage\"},\"image\":{\"@id\":\"https:\/\/antersystem.com\/fr\/nouvelles\/handling-expo-2025\/#primaryimage\"},\"thumbnailUrl\":\"https:\/\/antersystem.com\/wp-content\/uploads\/handling-expo-2025-cover.webp\",\"datePublished\":\"2025-12-22T14:36:00+00:00\",\"dateModified\":\"2026-02-22T21:30:22+00:00\",\"description\":\"Anter System \u00e0 l'exposition Handling Expo 2025 au Caire Du 18 au 21 d\u00e9cembre 2025, nous avons eu le plaisir de participer \u00e0 Handling Expo - The\",\"breadcrumb\":{\"@id\":\"https:\/\/antersystem.com\/fr\/nouvelles\/handling-expo-2025\/#breadcrumb\"},\"inLanguage\":\"fr-FR\",\"potentialAction\":[{\"@type\":\"ReadAction\",\"target\":[\"https:\/\/antersystem.com\/fr\/nouvelles\/handling-expo-2025\/\"]}]},{\"@type\":\"ImageObject\",\"inLanguage\":\"fr-FR\",\"@id\":\"https:\/\/antersystem.com\/fr\/nouvelles\/handling-expo-2025\/#primaryimage\",\"url\":\"https:\/\/antersystem.com\/wp-content\/uploads\/handling-expo-2025-cover.webp\",\"contentUrl\":\"https:\/\/antersystem.com\/wp-content\/uploads\/handling-expo-2025-cover.webp\",\"width\":1921,\"height\":1080},{\"@type\":\"BreadcrumbList\",\"@id\":\"https:\/\/antersystem.com\/fr\/nouvelles\/handling-expo-2025\/#breadcrumb\",\"itemListElement\":[{\"@type\":\"ListItem\",\"position\":1,\"name\":\"AnterSystem\",\"item\":\"https:\/\/antersystem.com\/fr\/\"},{\"@type\":\"ListItem\",\"position\":2,\"name\":\"Actualit\u00e9s\",\"item\":\"https:\/\/antersystem.com\/fr\/nouvelles\/\"},{\"@type\":\"ListItem\",\"position\":3,\"name\":\"Handling Expo 2025\"}]},{\"@type\":\"WebSite\",\"@id\":\"https:\/\/antersystem.com\/fr\/#website\",\"url\":\"https:\/\/antersystem.com\/fr\/\",\"name\":\"Anter System\",\"description\":\"Jeste\u015bmy polskim producentem elastycznych barier ochronnych wykonywanych z polimerowych tworzyw sztucznych. Na rynku krajowym i zagranicznym dzia\u0142amy od ponad 15 lat dbaj\u0105c o zapewnienie bezpiecze\u0144stwa w zak\u0142adach produkcyjnych, magazynach oraz centrach logistycznych.\",\"potentialAction\":[{\"@type\":\"SearchAction\",\"target\":{\"@type\":\"EntryPoint\",\"urlTemplate\":\"https:\/\/antersystem.com\/fr\/?s={search_term_string}\"},\"query-input\":{\"@type\":\"PropertyValueSpecification\",\"valueRequired\":true,\"valueName\":\"search_term_string\"}}],\"inLanguage\":\"fr-FR\"}]}<\/script>\n<!-- \/ Yoast SEO plugin. -->","yoast_head_json":{"title":"Handling Expo 2025 - Anter System","description":"Anter System \u00e0 l'exposition Handling Expo 2025 au Caire Du 18 au 21 d\u00e9cembre 2025, nous avons eu le plaisir de participer \u00e0 Handling Expo - The","robots":{"index":"index","follow":"follow","max-snippet":"max-snippet:-1","max-image-preview":"max-image-preview:large","max-video-preview":"max-video-preview:-1"},"canonical":"https:\/\/antersystem.com\/fr\/nouvelles\/handling-expo-2025\/","og_locale":"fr_FR","og_type":"article","og_title":"Handling Expo 2025 - Anter System","og_description":"Anter System \u00e0 l'exposition Handling Expo 2025 au Caire Du 18 au 21 d\u00e9cembre 2025, nous avons eu le plaisir de participer \u00e0 Handling Expo - The","og_url":"https:\/\/antersystem.com\/fr\/nouvelles\/handling-expo-2025\/","og_site_name":"Anter System","article_modified_time":"2026-02-22T21:30:22+00:00","og_image":[{"width":1921,"height":1080,"url":"https:\/\/antersystem.com\/wp-content\/uploads\/handling-expo-2025-cover.webp","type":"image\/webp"}],"twitter_card":"summary_large_image","twitter_misc":{"Dur\u00e9e de lecture estim\u00e9e":"1 minute"},"schema":{"@context":"https:\/\/schema.org","@graph":[{"@type":"WebPage","@id":"https:\/\/antersystem.com\/fr\/nouvelles\/handling-expo-2025\/","url":"https:\/\/antersystem.com\/fr\/nouvelles\/handling-expo-2025\/","name":"Handling Expo 2025 - Anter System","isPartOf":{"@id":"https:\/\/antersystem.com\/fr\/#website"},"primaryImageOfPage":{"@id":"https:\/\/antersystem.com\/fr\/nouvelles\/handling-expo-2025\/#primaryimage"},"image":{"@id":"https:\/\/antersystem.com\/fr\/nouvelles\/handling-expo-2025\/#primaryimage"},"thumbnailUrl":"https:\/\/antersystem.com\/wp-content\/uploads\/handling-expo-2025-cover.webp","datePublished":"2025-12-22T14:36:00+00:00","dateModified":"2026-02-22T21:30:22+00:00","description":"Anter System \u00e0 l'exposition Handling Expo 2025 au Caire Du 18 au 21 d\u00e9cembre 2025, nous avons eu le plaisir de participer \u00e0 Handling Expo - The","breadcrumb":{"@id":"https:\/\/antersystem.com\/fr\/nouvelles\/handling-expo-2025\/#breadcrumb"},"inLanguage":"fr-FR","potentialAction":[{"@type":"ReadAction","target":["https:\/\/antersystem.com\/fr\/nouvelles\/handling-expo-2025\/"]}]},{"@type":"ImageObject","inLanguage":"fr-FR","@id":"https:\/\/antersystem.com\/fr\/nouvelles\/handling-expo-2025\/#primaryimage","url":"https:\/\/antersystem.com\/wp-content\/uploads\/handling-expo-2025-cover.webp","contentUrl":"https:\/\/antersystem.com\/wp-content\/uploads\/handling-expo-2025-cover.webp","width":1921,"height":1080},{"@type":"BreadcrumbList","@id":"https:\/\/antersystem.com\/fr\/nouvelles\/handling-expo-2025\/#breadcrumb","itemListElement":[{"@type":"ListItem","position":1,"name":"AnterSystem","item":"https:\/\/antersystem.com\/fr\/"},{"@type":"ListItem","position":2,"name":"Actualit\u00e9s","item":"https:\/\/antersystem.com\/fr\/nouvelles\/"},{"@type":"ListItem","position":3,"name":"Handling Expo 2025"}]},{"@type":"WebSite","@id":"https:\/\/antersystem.com\/fr\/#website","url":"https:\/\/antersystem.com\/fr\/","name":"Anter System","description":"Jeste\u015bmy polskim producentem elastycznych barier ochronnych wykonywanych z polimerowych tworzyw sztucznych. Na rynku krajowym i zagranicznym dzia\u0142amy od ponad 15 lat dbaj\u0105c o zapewnienie bezpiecze\u0144stwa w zak\u0142adach produkcyjnych, magazynach oraz centrach logistycznych.","potentialAction":[{"@type":"SearchAction","target":{"@type":"EntryPoint","urlTemplate":"https:\/\/antersystem.com\/fr\/?s={search_term_string}"},"query-input":{"@type":"PropertyValueSpecification","valueRequired":true,"valueName":"search_term_string"}}],"inLanguage":"fr-FR"}]}},"_links":{"self":[{"href":"https:\/\/antersystem.com\/fr\/wp-json\/wp\/v2\/pages\/40312","targetHints":{"allow":["GET"]}}],"collection":[{"href":"https:\/\/antersystem.com\/fr\/wp-json\/wp\/v2\/pages"}],"about":[{"href":"https:\/\/antersystem.com\/fr\/wp-json\/wp\/v2\/types\/page"}],"author":[{"embeddable":true,"href":"https:\/\/antersystem.com\/fr\/wp-json\/wp\/v2\/users\/11"}],"replies":[{"embeddable":true,"href":"https:\/\/antersystem.com\/fr\/wp-json\/wp\/v2\/comments?post=40312"}],"version-history":[{"count":1,"href":"https:\/\/antersystem.com\/fr\/wp-json\/wp\/v2\/pages\/40312\/revisions"}],"predecessor-version":[{"id":40385,"href":"https:\/\/antersystem.com\/fr\/wp-json\/wp\/v2\/pages\/40312\/revisions\/40385"}],"up":[{"embeddable":true,"href":"https:\/\/antersystem.com\/fr\/wp-json\/wp\/v2\/pages\/30302"}],"wp:featuredmedia":[{"embeddable":true,"href":"https:\/\/antersystem.com\/fr\/wp-json\/wp\/v2\/media\/40282"}],"wp:attachment":[{"href":"https:\/\/antersystem.com\/fr\/wp-json\/wp\/v2\/media?parent=40312"}],"curies":[{"name":"wp","href":"https:\/\/api.w.org\/{rel}","templated":true}]}}