{"id":40317,"date":"2026-02-22T13:05:26","date_gmt":"2026-02-22T12:05:26","guid":{"rendered":"https:\/\/antersystem.com\/nouvelles\/invitation-to-logimat-2026\/"},"modified":"2026-02-22T13:05:26","modified_gmt":"2026-02-22T12:05:26","slug":"invitation-to-logimat-2026","status":"publish","type":"page","link":"https:\/\/antersystem.com\/fr\/nouvelles\/invitation-to-logimat-2026\/","title":{"rendered":"Invitation \u00e0 LogiMAT 2026"},"content":{"rendered":"<h2>Nous exposons \u00e0 LogiMAT 2026 &#8211; Rencontrez-nous dans le hall 1<\/h2>\n<p>Nous avons le plaisir de vous annoncer qu&rsquo;<strong>Anter System exposera \u00e0 LogiMAT 2026<\/strong>, le principal salon international des solutions intralogistiques et de la gestion des processus.<\/p>\n<p>LogiMAT r\u00e9unit des professionnels de l&rsquo;industrie, des fournisseurs de technologie et des fabricants de syst\u00e8mes pour explorer les derniers d\u00e9veloppements en mati\u00e8re d&rsquo;automatisation des entrep\u00f4ts, de manutention et d&rsquo;optimisation des processus.<\/p>\n<p>\ud83d\udccd <strong>Messe Stuttgart, Allemagne<\/strong><\/p>\n<p>\ud83d\udcc5 <strong>24-26 mars 2026<\/strong><\/p>\n<p>\ud83c\udfe2 <strong>Hall 1 | Stand 1D10<\/strong><\/p>\n<h3>L&rsquo;\u00e9v\u00e9nement d&rsquo;ouverture de l&rsquo;intralogistique en Europe<\/h3>\n<p>LogiMAT est reconnu comme le principal point de rencontre international pour l&rsquo;intralogistique au c\u0153ur de l&rsquo;Europe. Chaque ann\u00e9e, des exposants internationaux pr\u00e9sentent des technologies, des syst\u00e8mes et des solutions innovants visant \u00e0 rationaliser, optimiser et r\u00e9duire les co\u00fbts des processus logistiques internes. <\/p>\n<p>De l&rsquo;approvisionnement et de la production au stockage et \u00e0 la livraison, LogiMAT offre une vue d&rsquo;ensemble du march\u00e9 et un transfert de connaissances pratiques. Avec sa structure de march\u00e9 compacte, ses forums d&rsquo;experts et ses d\u00e9monstrations en direct, l&rsquo;\u00e9v\u00e9nement combine : des solutions concr\u00e8tes, le savoir-faire direct des experts de l&rsquo;industrie et des pr\u00e9sentations technologiques en temps r\u00e9el. C&rsquo;est l\u00e0 que le march\u00e9 se rencontre.  <\/p>\n<h3>Hall 1 &#8211; Technologie de la manutention et du stockage<\/h3>\n<p>Vous nous trouverez dans le <strong>hall 1<\/strong>, d\u00e9di\u00e9 \u00e0 :\n<\/p>\n<ul>\n<li>Technologie de manutention et de stockage des mat\u00e9riaux<\/li>\n<li>Mat\u00e9riel d&rsquo;entreposage et d&rsquo;exploitation<\/li>\n<li>Fournisseurs de syst\u00e8mes et construction de salles<\/li>\n<\/ul>\n<p>C&rsquo;est l\u00e0 que la s\u00e9curit\u00e9, l&rsquo;infrastructure et l&rsquo;efficacit\u00e9 du transport interne se rejoignent, ce qui en fait l&rsquo;endroit id\u00e9al pour discuter des strat\u00e9gies modernes de protection des entrep\u00f4ts.<\/p>\n<h3>Ce que nous pr\u00e9senterons<\/h3>\n<p>\nSur notre stand, nous pr\u00e9senterons nos <strong>syst\u00e8mes de barri\u00e8res de s\u00e9curit\u00e9 flexibles en polym\u00e8re<\/strong>, con\u00e7us pour prot\u00e9ger les pi\u00e9tons, les v\u00e9hicules industriels, l&rsquo;infrastructure des entrep\u00f4ts et les environnements de production. Nos solutions permettent de cr\u00e9er des zones de circulation clairement s\u00e9par\u00e9es tout en augmentant la s\u00e9curit\u00e9 et l&rsquo;efficacit\u00e9 op\u00e9rationnelles. \u00c0 l&rsquo;heure de l&rsquo;automatisation croissante, des v\u00e9hicules autonomes et de la transformation num\u00e9rique, la s\u00e9paration s\u00fbre du trafic reste l&rsquo;un des piliers fondamentaux d&rsquo;une intralogistique efficace.  <\/p>\n<p>Nos solutions sont con\u00e7ues pour :\n<\/p>\n<ul>\n<li>Absorbe l&rsquo;\u00e9nergie de l&rsquo;impact au lieu de la transf\u00e9rer<\/li>\n<li>R\u00e9duire les co\u00fbts de r\u00e9paration<\/li>\n<li>Am\u00e9liorer la continuit\u00e9 op\u00e9rationnelle<\/li>\n<li>Favoriser une collaboration s\u00fbre entre l&rsquo;homme et la machine<\/li>\n<\/ul>\n<h3>La s\u00e9curit\u00e9 \u00e0 l&rsquo;\u00e8re de l&rsquo;industrie 4.0<\/h3>\n<p>La num\u00e9risation, l&rsquo;interconnectivit\u00e9, l&rsquo;IA et les syst\u00e8mes autonomes intelligents remod\u00e8lent les cha\u00eenes d&rsquo;approvisionnement. Cependant, quelle que soit l&rsquo;avanc\u00e9e des syst\u00e8mes, la protection physique et la gestion du trafic restent essentielles. <\/p>\n<p>\u00c0 mesure que les syst\u00e8mes se d\u00e9veloppent pour former des \u00e9cosyst\u00e8mes intelligents, des <strong>espaces de travail clairement structur\u00e9s et prot\u00e9g\u00e9s<\/strong> sont essentiels pour des processus plus rapides, plus efficaces sur le plan \u00e9nerg\u00e9tique et plus s\u00fbrs.<\/p>\n<p>Chez LogiMAT, nous sommes impatients de discuter de la mani\u00e8re dont l&rsquo;infrastructure de s\u00e9curit\u00e9 soutient cette transformation.<\/p>\n<h3>Rendez-vous \u00e0 Stuttgart<\/h3>\n<p>Si vous pr\u00e9voyez de visiter LogiMAT 2026, nous vous invitons chaleureusement \u00e0 rencontrer notre \u00e9quipe et \u00e0 d\u00e9couvrir comment nous pouvons vous aider \u00e0 am\u00e9liorer la s\u00e9curit\u00e9 et l&rsquo;efficacit\u00e9 de vos installations. Nous nous r\u00e9jouissons de vous rencontrer en personne. <\/p>\n","protected":false},"excerpt":{"rendered":"<p>Nous exposons \u00e0 LogiMAT 2026 &#8211; Rencontrez-nous dans le hall 1 Nous avons le plaisir de vous annoncer qu&rsquo;Anter System exposera \u00e0 LogiMAT 2026, le principal salon international des solutions intralogistiques et de la gestion des processus. LogiMAT r\u00e9unit des professionnels de l&rsquo;industrie, des fournisseurs de technologie et des fabricants de syst\u00e8mes pour explorer les [&hellip;]<\/p>\n","protected":false},"author":11,"featured_media":40220,"parent":30302,"menu_order":0,"comment_status":"closed","ping_status":"closed","template":"","meta":{"inline_featured_image":false,"ngg_post_thumbnail":0,"footnotes":""},"class_list":["post-40317","page","type-page","status-publish","has-post-thumbnail","hentry"],"acf":[],"yoast_head":"<!-- This site is optimized with the Yoast SEO plugin v27.0 - https:\/\/yoast.com\/product\/yoast-seo-wordpress\/ -->\n<title>Invitation \u00e0 LogiMAT 2026 - Anter System<\/title>\n<meta name=\"description\" content=\"Nous exposons \u00e0 LogiMAT 2026 - Rencontrez-nous dans le hall 1 Nous avons le plaisir de vous annoncer qu&#039;Anter System exposera \u00e0 LogiMAT 2026, le principal\" \/>\n<meta name=\"robots\" content=\"index, follow, max-snippet:-1, max-image-preview:large, max-video-preview:-1\" \/>\n<link rel=\"canonical\" href=\"https:\/\/antersystem.com\/fr\/nouvelles\/invitation-to-logimat-2026\/\" \/>\n<meta property=\"og:locale\" content=\"fr_FR\" \/>\n<meta property=\"og:type\" content=\"article\" \/>\n<meta property=\"og:title\" content=\"Invitation \u00e0 LogiMAT 2026 - Anter System\" \/>\n<meta property=\"og:description\" content=\"Nous exposons \u00e0 LogiMAT 2026 - Rencontrez-nous dans le hall 1 Nous avons le plaisir de vous annoncer qu&#039;Anter System exposera \u00e0 LogiMAT 2026, le principal\" \/>\n<meta property=\"og:url\" content=\"https:\/\/antersystem.com\/fr\/nouvelles\/invitation-to-logimat-2026\/\" \/>\n<meta property=\"og:site_name\" content=\"Anter System\" \/>\n<meta property=\"og:image\" content=\"https:\/\/antersystem.com\/wp-content\/uploads\/news-logimat-invitation.webp\" \/>\n\t<meta property=\"og:image:width\" content=\"1920\" \/>\n\t<meta property=\"og:image:height\" content=\"1081\" \/>\n\t<meta property=\"og:image:type\" content=\"image\/webp\" \/>\n<meta name=\"twitter:card\" content=\"summary_large_image\" \/>\n<meta name=\"twitter:label1\" content=\"Dur\u00e9e de lecture estim\u00e9e\" \/>\n\t<meta name=\"twitter:data1\" content=\"3 minutes\" \/>\n<script type=\"application\/ld+json\" class=\"yoast-schema-graph\">{\"@context\":\"https:\/\/schema.org\",\"@graph\":[{\"@type\":\"WebPage\",\"@id\":\"https:\/\/antersystem.com\/fr\/nouvelles\/invitation-to-logimat-2026\/\",\"url\":\"https:\/\/antersystem.com\/fr\/nouvelles\/invitation-to-logimat-2026\/\",\"name\":\"Invitation \u00e0 LogiMAT 2026 - Anter System\",\"isPartOf\":{\"@id\":\"https:\/\/antersystem.com\/fr\/#website\"},\"primaryImageOfPage\":{\"@id\":\"https:\/\/antersystem.com\/fr\/nouvelles\/invitation-to-logimat-2026\/#primaryimage\"},\"image\":{\"@id\":\"https:\/\/antersystem.com\/fr\/nouvelles\/invitation-to-logimat-2026\/#primaryimage\"},\"thumbnailUrl\":\"https:\/\/antersystem.com\/wp-content\/uploads\/news-logimat-invitation.webp\",\"datePublished\":\"2026-02-22T12:05:26+00:00\",\"description\":\"Nous exposons \u00e0 LogiMAT 2026 - Rencontrez-nous dans le hall 1 Nous avons le plaisir de vous annoncer qu'Anter System exposera \u00e0 LogiMAT 2026, le principal\",\"breadcrumb\":{\"@id\":\"https:\/\/antersystem.com\/fr\/nouvelles\/invitation-to-logimat-2026\/#breadcrumb\"},\"inLanguage\":\"fr-FR\",\"potentialAction\":[{\"@type\":\"ReadAction\",\"target\":[\"https:\/\/antersystem.com\/fr\/nouvelles\/invitation-to-logimat-2026\/\"]}]},{\"@type\":\"ImageObject\",\"inLanguage\":\"fr-FR\",\"@id\":\"https:\/\/antersystem.com\/fr\/nouvelles\/invitation-to-logimat-2026\/#primaryimage\",\"url\":\"https:\/\/antersystem.com\/wp-content\/uploads\/news-logimat-invitation.webp\",\"contentUrl\":\"https:\/\/antersystem.com\/wp-content\/uploads\/news-logimat-invitation.webp\",\"width\":1920,\"height\":1081},{\"@type\":\"BreadcrumbList\",\"@id\":\"https:\/\/antersystem.com\/fr\/nouvelles\/invitation-to-logimat-2026\/#breadcrumb\",\"itemListElement\":[{\"@type\":\"ListItem\",\"position\":1,\"name\":\"AnterSystem\",\"item\":\"https:\/\/antersystem.com\/fr\/\"},{\"@type\":\"ListItem\",\"position\":2,\"name\":\"Actualit\u00e9s\",\"item\":\"https:\/\/antersystem.com\/fr\/nouvelles\/\"},{\"@type\":\"ListItem\",\"position\":3,\"name\":\"Invitation \u00e0 LogiMAT 2026\"}]},{\"@type\":\"WebSite\",\"@id\":\"https:\/\/antersystem.com\/fr\/#website\",\"url\":\"https:\/\/antersystem.com\/fr\/\",\"name\":\"Anter System\",\"description\":\"Jeste\u015bmy polskim producentem elastycznych barier ochronnych wykonywanych z polimerowych tworzyw sztucznych. Na rynku krajowym i zagranicznym dzia\u0142amy od ponad 15 lat dbaj\u0105c o zapewnienie bezpiecze\u0144stwa w zak\u0142adach produkcyjnych, magazynach oraz centrach logistycznych.\",\"potentialAction\":[{\"@type\":\"SearchAction\",\"target\":{\"@type\":\"EntryPoint\",\"urlTemplate\":\"https:\/\/antersystem.com\/fr\/?s={search_term_string}\"},\"query-input\":{\"@type\":\"PropertyValueSpecification\",\"valueRequired\":true,\"valueName\":\"search_term_string\"}}],\"inLanguage\":\"fr-FR\"}]}<\/script>\n<!-- \/ Yoast SEO plugin. -->","yoast_head_json":{"title":"Invitation \u00e0 LogiMAT 2026 - Anter System","description":"Nous exposons \u00e0 LogiMAT 2026 - Rencontrez-nous dans le hall 1 Nous avons le plaisir de vous annoncer qu'Anter System exposera \u00e0 LogiMAT 2026, le principal","robots":{"index":"index","follow":"follow","max-snippet":"max-snippet:-1","max-image-preview":"max-image-preview:large","max-video-preview":"max-video-preview:-1"},"canonical":"https:\/\/antersystem.com\/fr\/nouvelles\/invitation-to-logimat-2026\/","og_locale":"fr_FR","og_type":"article","og_title":"Invitation \u00e0 LogiMAT 2026 - Anter System","og_description":"Nous exposons \u00e0 LogiMAT 2026 - Rencontrez-nous dans le hall 1 Nous avons le plaisir de vous annoncer qu'Anter System exposera \u00e0 LogiMAT 2026, le principal","og_url":"https:\/\/antersystem.com\/fr\/nouvelles\/invitation-to-logimat-2026\/","og_site_name":"Anter System","og_image":[{"width":1920,"height":1081,"url":"https:\/\/antersystem.com\/wp-content\/uploads\/news-logimat-invitation.webp","type":"image\/webp"}],"twitter_card":"summary_large_image","twitter_misc":{"Dur\u00e9e de lecture estim\u00e9e":"3 minutes"},"schema":{"@context":"https:\/\/schema.org","@graph":[{"@type":"WebPage","@id":"https:\/\/antersystem.com\/fr\/nouvelles\/invitation-to-logimat-2026\/","url":"https:\/\/antersystem.com\/fr\/nouvelles\/invitation-to-logimat-2026\/","name":"Invitation \u00e0 LogiMAT 2026 - Anter System","isPartOf":{"@id":"https:\/\/antersystem.com\/fr\/#website"},"primaryImageOfPage":{"@id":"https:\/\/antersystem.com\/fr\/nouvelles\/invitation-to-logimat-2026\/#primaryimage"},"image":{"@id":"https:\/\/antersystem.com\/fr\/nouvelles\/invitation-to-logimat-2026\/#primaryimage"},"thumbnailUrl":"https:\/\/antersystem.com\/wp-content\/uploads\/news-logimat-invitation.webp","datePublished":"2026-02-22T12:05:26+00:00","description":"Nous exposons \u00e0 LogiMAT 2026 - Rencontrez-nous dans le hall 1 Nous avons le plaisir de vous annoncer qu'Anter System exposera \u00e0 LogiMAT 2026, le principal","breadcrumb":{"@id":"https:\/\/antersystem.com\/fr\/nouvelles\/invitation-to-logimat-2026\/#breadcrumb"},"inLanguage":"fr-FR","potentialAction":[{"@type":"ReadAction","target":["https:\/\/antersystem.com\/fr\/nouvelles\/invitation-to-logimat-2026\/"]}]},{"@type":"ImageObject","inLanguage":"fr-FR","@id":"https:\/\/antersystem.com\/fr\/nouvelles\/invitation-to-logimat-2026\/#primaryimage","url":"https:\/\/antersystem.com\/wp-content\/uploads\/news-logimat-invitation.webp","contentUrl":"https:\/\/antersystem.com\/wp-content\/uploads\/news-logimat-invitation.webp","width":1920,"height":1081},{"@type":"BreadcrumbList","@id":"https:\/\/antersystem.com\/fr\/nouvelles\/invitation-to-logimat-2026\/#breadcrumb","itemListElement":[{"@type":"ListItem","position":1,"name":"AnterSystem","item":"https:\/\/antersystem.com\/fr\/"},{"@type":"ListItem","position":2,"name":"Actualit\u00e9s","item":"https:\/\/antersystem.com\/fr\/nouvelles\/"},{"@type":"ListItem","position":3,"name":"Invitation \u00e0 LogiMAT 2026"}]},{"@type":"WebSite","@id":"https:\/\/antersystem.com\/fr\/#website","url":"https:\/\/antersystem.com\/fr\/","name":"Anter System","description":"Jeste\u015bmy polskim producentem elastycznych barier ochronnych wykonywanych z polimerowych tworzyw sztucznych. Na rynku krajowym i zagranicznym dzia\u0142amy od ponad 15 lat dbaj\u0105c o zapewnienie bezpiecze\u0144stwa w zak\u0142adach produkcyjnych, magazynach oraz centrach logistycznych.","potentialAction":[{"@type":"SearchAction","target":{"@type":"EntryPoint","urlTemplate":"https:\/\/antersystem.com\/fr\/?s={search_term_string}"},"query-input":{"@type":"PropertyValueSpecification","valueRequired":true,"valueName":"search_term_string"}}],"inLanguage":"fr-FR"}]}},"_links":{"self":[{"href":"https:\/\/antersystem.com\/fr\/wp-json\/wp\/v2\/pages\/40317","targetHints":{"allow":["GET"]}}],"collection":[{"href":"https:\/\/antersystem.com\/fr\/wp-json\/wp\/v2\/pages"}],"about":[{"href":"https:\/\/antersystem.com\/fr\/wp-json\/wp\/v2\/types\/page"}],"author":[{"embeddable":true,"href":"https:\/\/antersystem.com\/fr\/wp-json\/wp\/v2\/users\/11"}],"replies":[{"embeddable":true,"href":"https:\/\/antersystem.com\/fr\/wp-json\/wp\/v2\/comments?post=40317"}],"version-history":[{"count":0,"href":"https:\/\/antersystem.com\/fr\/wp-json\/wp\/v2\/pages\/40317\/revisions"}],"up":[{"embeddable":true,"href":"https:\/\/antersystem.com\/fr\/wp-json\/wp\/v2\/pages\/30302"}],"wp:featuredmedia":[{"embeddable":true,"href":"https:\/\/antersystem.com\/fr\/wp-json\/wp\/v2\/media\/40220"}],"wp:attachment":[{"href":"https:\/\/antersystem.com\/fr\/wp-json\/wp\/v2\/media?parent=40317"}],"curies":[{"name":"wp","href":"https:\/\/api.w.org\/{rel}","templated":true}]}}