{"id":40914,"date":"2026-03-31T10:10:47","date_gmt":"2026-03-31T08:10:47","guid":{"rendered":"https:\/\/antersystem.com\/nouvelles\/see-you-at-nordbygg-2026\/"},"modified":"2026-04-16T10:59:58","modified_gmt":"2026-04-16T08:59:58","slug":"see-you-at-nordbygg-2026","status":"publish","type":"page","link":"https:\/\/antersystem.com\/fr\/nouvelles\/see-you-at-nordbygg-2026\/","title":{"rendered":"Rendez-vous \u00e0 Nordbygg 2026 en Su\u00e8de"},"content":{"rendered":"<p>Anter System sera pr\u00e9sent au salon <strong>Nordbygg 2026<\/strong>, qui se tiendra \u00e0 <strong>Stockholm, en Su\u00e8de<\/strong>. Nordbygg est l&rsquo;un des salons les plus importants pour l&rsquo;industrie de la construction et du b\u00e2timent dans la r\u00e9gion nordique. Il rassemble les professionnels \u00e0 la recherche de solutions innovantes et pratiques. <\/p>\n<p>Pendant l&rsquo;\u00e9v\u00e9nement, les visiteurs pourront rencontrer Anter System au stand de l&rsquo;<strong>Agence polonaise pour le d\u00e9veloppement des entreprises<\/strong>. Nous pr\u00e9senterons nos solutions de s\u00e9curit\u00e9 industrielle con\u00e7ues pour prot\u00e9ger les personnes, les infrastructures et les op\u00e9rations dans les entrep\u00f4ts, les installations de production et les environnements logistiques. <\/p>\n<p>Si vous visitez Nordbygg, nous vous invitons chaleureusement \u00e0 rencontrer notre \u00e9quipe dans le <strong>hall C, stand C03:61.<\/strong> Nous nous r\u00e9jouissons de vous voir en Su\u00e8de. <\/p>\n","protected":false},"excerpt":{"rendered":"<p>Anter System sera pr\u00e9sent au salon Nordbygg 2026, qui se tiendra \u00e0 Stockholm, en Su\u00e8de. Nordbygg est l&rsquo;un des salons les plus importants pour l&rsquo;industrie de la construction et du b\u00e2timent dans la r\u00e9gion nordique. Il rassemble les professionnels \u00e0 la recherche de solutions innovantes et pratiques. Pendant l&rsquo;\u00e9v\u00e9nement, les visiteurs pourront rencontrer Anter System [&hellip;]<\/p>\n","protected":false},"author":11,"featured_media":40828,"parent":30302,"menu_order":0,"comment_status":"closed","ping_status":"closed","template":"","meta":{"inline_featured_image":false,"ngg_post_thumbnail":0,"footnotes":""},"class_list":["post-40914","page","type-page","status-publish","has-post-thumbnail","hentry"],"acf":[],"yoast_head":"<!-- This site is optimized with the Yoast SEO plugin v27.0 - https:\/\/yoast.com\/product\/yoast-seo-wordpress\/ -->\n<title>Rendez-vous \u00e0 Nordbygg 2026 en Su\u00e8de - Anter System<\/title>\n<meta name=\"description\" content=\"Anter System sera pr\u00e9sent au salon Nordbygg 2026, qui se tiendra \u00e0 Stockholm, en Su\u00e8de. Nordbygg est l&#039;un des salons les plus importants pour l&#039;industrie\" \/>\n<meta name=\"robots\" content=\"index, follow, max-snippet:-1, max-image-preview:large, max-video-preview:-1\" \/>\n<link rel=\"canonical\" href=\"https:\/\/antersystem.com\/fr\/nouvelles\/see-you-at-nordbygg-2026\/\" \/>\n<meta property=\"og:locale\" content=\"fr_FR\" \/>\n<meta property=\"og:type\" content=\"article\" \/>\n<meta property=\"og:title\" content=\"Rendez-vous \u00e0 Nordbygg 2026 en Su\u00e8de - Anter System\" \/>\n<meta property=\"og:description\" content=\"Anter System sera pr\u00e9sent au salon Nordbygg 2026, qui se tiendra \u00e0 Stockholm, en Su\u00e8de. Nordbygg est l&#039;un des salons les plus importants pour l&#039;industrie\" \/>\n<meta property=\"og:url\" content=\"https:\/\/antersystem.com\/fr\/nouvelles\/see-you-at-nordbygg-2026\/\" \/>\n<meta property=\"og:site_name\" content=\"Anter System\" \/>\n<meta property=\"article:modified_time\" content=\"2026-04-16T08:59:58+00:00\" \/>\n<meta property=\"og:image\" content=\"https:\/\/antersystem.com\/wp-content\/uploads\/norbygg-logo.webp\" \/>\n\t<meta property=\"og:image:width\" content=\"961\" \/>\n\t<meta property=\"og:image:height\" content=\"541\" \/>\n\t<meta property=\"og:image:type\" content=\"image\/webp\" \/>\n<meta name=\"twitter:card\" content=\"summary_large_image\" \/>\n<meta name=\"twitter:label1\" content=\"Dur\u00e9e de lecture estim\u00e9e\" \/>\n\t<meta name=\"twitter:data1\" content=\"1 minute\" \/>\n<script type=\"application\/ld+json\" class=\"yoast-schema-graph\">{\"@context\":\"https:\/\/schema.org\",\"@graph\":[{\"@type\":\"WebPage\",\"@id\":\"https:\/\/antersystem.com\/fr\/nouvelles\/see-you-at-nordbygg-2026\/\",\"url\":\"https:\/\/antersystem.com\/fr\/nouvelles\/see-you-at-nordbygg-2026\/\",\"name\":\"Rendez-vous \u00e0 Nordbygg 2026 en Su\u00e8de - Anter System\",\"isPartOf\":{\"@id\":\"https:\/\/antersystem.com\/fr\/#website\"},\"primaryImageOfPage\":{\"@id\":\"https:\/\/antersystem.com\/fr\/nouvelles\/see-you-at-nordbygg-2026\/#primaryimage\"},\"image\":{\"@id\":\"https:\/\/antersystem.com\/fr\/nouvelles\/see-you-at-nordbygg-2026\/#primaryimage\"},\"thumbnailUrl\":\"https:\/\/antersystem.com\/wp-content\/uploads\/norbygg-logo.webp\",\"datePublished\":\"2026-03-31T08:10:47+00:00\",\"dateModified\":\"2026-04-16T08:59:58+00:00\",\"description\":\"Anter System sera pr\u00e9sent au salon Nordbygg 2026, qui se tiendra \u00e0 Stockholm, en Su\u00e8de. Nordbygg est l'un des salons les plus importants pour l'industrie\",\"breadcrumb\":{\"@id\":\"https:\/\/antersystem.com\/fr\/nouvelles\/see-you-at-nordbygg-2026\/#breadcrumb\"},\"inLanguage\":\"fr-FR\",\"potentialAction\":[{\"@type\":\"ReadAction\",\"target\":[\"https:\/\/antersystem.com\/fr\/nouvelles\/see-you-at-nordbygg-2026\/\"]}]},{\"@type\":\"ImageObject\",\"inLanguage\":\"fr-FR\",\"@id\":\"https:\/\/antersystem.com\/fr\/nouvelles\/see-you-at-nordbygg-2026\/#primaryimage\",\"url\":\"https:\/\/antersystem.com\/wp-content\/uploads\/norbygg-logo.webp\",\"contentUrl\":\"https:\/\/antersystem.com\/wp-content\/uploads\/norbygg-logo.webp\",\"width\":961,\"height\":541},{\"@type\":\"BreadcrumbList\",\"@id\":\"https:\/\/antersystem.com\/fr\/nouvelles\/see-you-at-nordbygg-2026\/#breadcrumb\",\"itemListElement\":[{\"@type\":\"ListItem\",\"position\":1,\"name\":\"AnterSystem\",\"item\":\"https:\/\/antersystem.com\/fr\/\"},{\"@type\":\"ListItem\",\"position\":2,\"name\":\"Actualit\u00e9s\",\"item\":\"https:\/\/antersystem.com\/fr\/nouvelles\/\"},{\"@type\":\"ListItem\",\"position\":3,\"name\":\"Rendez-vous \u00e0 Nordbygg 2026 en Su\u00e8de\"}]},{\"@type\":\"WebSite\",\"@id\":\"https:\/\/antersystem.com\/fr\/#website\",\"url\":\"https:\/\/antersystem.com\/fr\/\",\"name\":\"Anter System\",\"description\":\"Jeste\u015bmy polskim producentem elastycznych barier ochronnych wykonywanych z polimerowych tworzyw sztucznych. Na rynku krajowym i zagranicznym dzia\u0142amy od ponad 15 lat dbaj\u0105c o zapewnienie bezpiecze\u0144stwa w zak\u0142adach produkcyjnych, magazynach oraz centrach logistycznych.\",\"potentialAction\":[{\"@type\":\"SearchAction\",\"target\":{\"@type\":\"EntryPoint\",\"urlTemplate\":\"https:\/\/antersystem.com\/fr\/?s={search_term_string}\"},\"query-input\":{\"@type\":\"PropertyValueSpecification\",\"valueRequired\":true,\"valueName\":\"search_term_string\"}}],\"inLanguage\":\"fr-FR\"}]}<\/script>\n<!-- \/ Yoast SEO plugin. -->","yoast_head_json":{"title":"Rendez-vous \u00e0 Nordbygg 2026 en Su\u00e8de - Anter System","description":"Anter System sera pr\u00e9sent au salon Nordbygg 2026, qui se tiendra \u00e0 Stockholm, en Su\u00e8de. Nordbygg est l'un des salons les plus importants pour l'industrie","robots":{"index":"index","follow":"follow","max-snippet":"max-snippet:-1","max-image-preview":"max-image-preview:large","max-video-preview":"max-video-preview:-1"},"canonical":"https:\/\/antersystem.com\/fr\/nouvelles\/see-you-at-nordbygg-2026\/","og_locale":"fr_FR","og_type":"article","og_title":"Rendez-vous \u00e0 Nordbygg 2026 en Su\u00e8de - Anter System","og_description":"Anter System sera pr\u00e9sent au salon Nordbygg 2026, qui se tiendra \u00e0 Stockholm, en Su\u00e8de. Nordbygg est l'un des salons les plus importants pour l'industrie","og_url":"https:\/\/antersystem.com\/fr\/nouvelles\/see-you-at-nordbygg-2026\/","og_site_name":"Anter System","article_modified_time":"2026-04-16T08:59:58+00:00","og_image":[{"width":961,"height":541,"url":"https:\/\/antersystem.com\/wp-content\/uploads\/norbygg-logo.webp","type":"image\/webp"}],"twitter_card":"summary_large_image","twitter_misc":{"Dur\u00e9e de lecture estim\u00e9e":"1 minute"},"schema":{"@context":"https:\/\/schema.org","@graph":[{"@type":"WebPage","@id":"https:\/\/antersystem.com\/fr\/nouvelles\/see-you-at-nordbygg-2026\/","url":"https:\/\/antersystem.com\/fr\/nouvelles\/see-you-at-nordbygg-2026\/","name":"Rendez-vous \u00e0 Nordbygg 2026 en Su\u00e8de - Anter System","isPartOf":{"@id":"https:\/\/antersystem.com\/fr\/#website"},"primaryImageOfPage":{"@id":"https:\/\/antersystem.com\/fr\/nouvelles\/see-you-at-nordbygg-2026\/#primaryimage"},"image":{"@id":"https:\/\/antersystem.com\/fr\/nouvelles\/see-you-at-nordbygg-2026\/#primaryimage"},"thumbnailUrl":"https:\/\/antersystem.com\/wp-content\/uploads\/norbygg-logo.webp","datePublished":"2026-03-31T08:10:47+00:00","dateModified":"2026-04-16T08:59:58+00:00","description":"Anter System sera pr\u00e9sent au salon Nordbygg 2026, qui se tiendra \u00e0 Stockholm, en Su\u00e8de. Nordbygg est l'un des salons les plus importants pour l'industrie","breadcrumb":{"@id":"https:\/\/antersystem.com\/fr\/nouvelles\/see-you-at-nordbygg-2026\/#breadcrumb"},"inLanguage":"fr-FR","potentialAction":[{"@type":"ReadAction","target":["https:\/\/antersystem.com\/fr\/nouvelles\/see-you-at-nordbygg-2026\/"]}]},{"@type":"ImageObject","inLanguage":"fr-FR","@id":"https:\/\/antersystem.com\/fr\/nouvelles\/see-you-at-nordbygg-2026\/#primaryimage","url":"https:\/\/antersystem.com\/wp-content\/uploads\/norbygg-logo.webp","contentUrl":"https:\/\/antersystem.com\/wp-content\/uploads\/norbygg-logo.webp","width":961,"height":541},{"@type":"BreadcrumbList","@id":"https:\/\/antersystem.com\/fr\/nouvelles\/see-you-at-nordbygg-2026\/#breadcrumb","itemListElement":[{"@type":"ListItem","position":1,"name":"AnterSystem","item":"https:\/\/antersystem.com\/fr\/"},{"@type":"ListItem","position":2,"name":"Actualit\u00e9s","item":"https:\/\/antersystem.com\/fr\/nouvelles\/"},{"@type":"ListItem","position":3,"name":"Rendez-vous \u00e0 Nordbygg 2026 en Su\u00e8de"}]},{"@type":"WebSite","@id":"https:\/\/antersystem.com\/fr\/#website","url":"https:\/\/antersystem.com\/fr\/","name":"Anter System","description":"Jeste\u015bmy polskim producentem elastycznych barier ochronnych wykonywanych z polimerowych tworzyw sztucznych. Na rynku krajowym i zagranicznym dzia\u0142amy od ponad 15 lat dbaj\u0105c o zapewnienie bezpiecze\u0144stwa w zak\u0142adach produkcyjnych, magazynach oraz centrach logistycznych.","potentialAction":[{"@type":"SearchAction","target":{"@type":"EntryPoint","urlTemplate":"https:\/\/antersystem.com\/fr\/?s={search_term_string}"},"query-input":{"@type":"PropertyValueSpecification","valueRequired":true,"valueName":"search_term_string"}}],"inLanguage":"fr-FR"}]}},"_links":{"self":[{"href":"https:\/\/antersystem.com\/fr\/wp-json\/wp\/v2\/pages\/40914","targetHints":{"allow":["GET"]}}],"collection":[{"href":"https:\/\/antersystem.com\/fr\/wp-json\/wp\/v2\/pages"}],"about":[{"href":"https:\/\/antersystem.com\/fr\/wp-json\/wp\/v2\/types\/page"}],"author":[{"embeddable":true,"href":"https:\/\/antersystem.com\/fr\/wp-json\/wp\/v2\/users\/11"}],"replies":[{"embeddable":true,"href":"https:\/\/antersystem.com\/fr\/wp-json\/wp\/v2\/comments?post=40914"}],"version-history":[{"count":1,"href":"https:\/\/antersystem.com\/fr\/wp-json\/wp\/v2\/pages\/40914\/revisions"}],"predecessor-version":[{"id":40934,"href":"https:\/\/antersystem.com\/fr\/wp-json\/wp\/v2\/pages\/40914\/revisions\/40934"}],"up":[{"embeddable":true,"href":"https:\/\/antersystem.com\/fr\/wp-json\/wp\/v2\/pages\/30302"}],"wp:featuredmedia":[{"embeddable":true,"href":"https:\/\/antersystem.com\/fr\/wp-json\/wp\/v2\/media\/40828"}],"wp:attachment":[{"href":"https:\/\/antersystem.com\/fr\/wp-json\/wp\/v2\/media?parent=40914"}],"curies":[{"name":"wp","href":"https:\/\/api.w.org\/{rel}","templated":true}]}}