{"id":10966,"date":"2024-10-07T13:21:59","date_gmt":"2024-10-07T11:21:59","guid":{"rendered":"https:\/\/new.antersystem.com\/warsaw-industry-week-2024\/"},"modified":"2026-01-30T14:29:22","modified_gmt":"2026-01-30T13:29:22","slug":"warsaw-industry-week-2024","status":"publish","type":"page","link":"https:\/\/antersystem.com\/hu\/hirek\/warsaw-industry-week-2024\/","title":{"rendered":"Warsaw Industry Week 2024"},"content":{"rendered":"\n<div class=\"wp-block-columns is-layout-flex wp-container-core-columns-is-layout-9d6595d7 wp-block-columns-is-layout-flex\">\n<div class=\"wp-block-column is-layout-flow wp-block-column-is-layout-flow\" style=\"flex-basis:10%\"><\/div>\n\n\n\n<div class=\"wp-block-column is-layout-flow wp-block-column-is-layout-flow\">\n<h2 class=\"wp-block-heading\">Tal\u00e1lkozzon vel\u00fcnk a Warsaw Industry Week-en!<\/h2>\n\n\n\n<p>Lengyelorsz\u00e1g legnagyobb ipari v\u00e1s\u00e1r\u00e1nak k\u00f6vetkez\u0151 kiad\u00e1sa m\u00e1r csak a sarkon van! <strong>November 5-7.<\/strong> k\u00f6z\u00f6tt Vars\u00f3ban, a Ptak Expo ki\u00e1ll\u00edt\u00e1son az ipar\u00e1g vezet\u0151i 65 <strong>000 m\u00b2-es ki\u00e1ll\u00edt\u00e1si ter\u00fcleten<\/strong> mutatj\u00e1k be a leg\u00fajabb innov\u00e1ci\u00f3kat. T\u00f6bb mint <strong>370 v\u00e1llalat er\u0151s\u00edtette meg<\/strong> r\u00e9szv\u00e9tel\u00e9t, amelyek a k\u00fcl\u00f6nb\u00f6z\u0151 ipari \u00e1gazatok n\u00f6veked\u00e9s\u00e9t t\u00e1mogat\u00f3 fejlett technol\u00f3gi\u00e1kat \u00e9s eszk\u00f6z\u00f6ket mutatnak be.<\/p>\n\n\n\n<p><strong>Anter System szint\u00e9n ott lesz, hogy bemutassa innovat\u00edv megold\u00e1sait &#8211;<\/strong> az ipari biztons\u00e1gra tervezett rugalmas polimer korl\u00e1tok modul\u00e1ris rendszer\u00e9t, bele\u00e9rtve <strong>a modern automata biztons\u00e1gi kapukat is.<\/strong> Megh\u00edvjuk \u00d6nt, hogy l\u00e1togasson el standunkra, \u00e9s besz\u00e9ljen szak\u00e9rt\u0151inkkel az infrastrukt\u00fara, a g\u00e9pek \u00e9s az alkalmazottak hat\u00e9kony v\u00e9delm\u00e9r\u0151l a gy\u00e1rt\u00f3csarnokokban, rakt\u00e1rakban \u00e9s rakod\u00f3terekben.<\/p>\n\n\n\n<p><strong><a href=\"https:\/\/industryweek.pl\/\" target=\"_blank\" rel=\"noreferrer noopener\">Warsaw Industry Week<\/a><\/strong> nemcsak Lengyelorsz\u00e1g legnagyobb ipari v\u00e1s\u00e1ra, hanem egy egyed\u00fcl\u00e1ll\u00f3 kezdem\u00e9nyez\u00e9s is <strong>, amelyet az ipar<\/strong> hozott <strong>l\u00e9tre az ipar sz\u00e1m\u00e1ra.<\/strong> A rendezv\u00e9nyt szakmai kongresszus k\u00eds\u00e9ri, amely lehet\u0151s\u00e9get ad a r\u00e9sztvev\u0151knek, hogy friss\u00edts\u00e9k tud\u00e1sukat, \u00faj ismereteket szerezzenek, \u00e9s felfedezz\u00e9k a leg\u00fajabb piaci trendeket. <strong>Kiv\u00e1l\u00f3 hely arra<\/strong> is, <strong>hogy<\/strong> k\u00f6zvetlen tal\u00e1lkoz\u00f3kon \u00e9s az innovat\u00edv megold\u00e1sok \u00e9l\u0151 bemutat\u00e1s\u00e1n <strong>kereszt\u00fcl \u00fczleti kapcsolatokat \u00e9p\u00edtsen<\/strong>. A ki\u00e1ll\u00edt\u00f3k sz\u00e1m\u00e1ra ez egy <strong>egyed\u00fcl\u00e1ll\u00f3 lehet\u0151s\u00e9g arra, hogy megvitass\u00e1k az ipar\u00e1g ig\u00e9nyeit, kih\u00edv\u00e1sait \u00e9s elv\u00e1r\u00e1sait a besz\u00e1ll\u00edt\u00f3kkal \u00e9s<\/strong> term\u00e9keikkel <strong>szemben<\/strong>.<\/p>\n\n\n\n<p>Az <strong>Anter System a C csarnokban, a C2.41a standon<\/strong> tal\u00e1lhat\u00f3 <strong>.<\/strong> Ott lesz\u00fcnk 10:00 <strong>\u00e9s 17:00 k\u00f6z\u00f6tt &#8211; tal\u00e1lkozunk Vars\u00f3ban!<\/strong> <\/p>\n\n\n\n<p>Szeretne <strong>tal\u00e1lkoz\u00f3t szervezni az<\/strong> Anter System <strong>szakembereivel<\/strong> a v\u00e1s\u00e1r ideje alatt? \u00cdrjon nek\u00fcnk a k\u00f6vetkez\u0151 c\u00edmre: <a href=\"mailto:contact@antersystem.com\">contact@antersystem.com<\/a><\/p>\n\n\n\n<p><\/p>\n<\/div>\n\n\n\n<div class=\"wp-block-column is-layout-flow wp-block-column-is-layout-flow\" style=\"flex-basis:10%\"><\/div>\n<\/div>\n<div class=\"wp-block-image\">\n<figure class=\"aligncenter size-large is-resized\"><img loading=\"lazy\" decoding=\"async\" width=\"1024\" height=\"576\" src=\"https:\/\/antersystem.com\/wp-content\/uploads\/warsaw_industry_week2-1-1024x576.jpg\" alt=\"Anter System a Warsaw Industry Week 2024\" class=\"wp-image-5501\" style=\"width:620px;height:auto\" srcset=\"https:\/\/antersystem.com\/wp-content\/uploads\/warsaw_industry_week2-1-1024x576.jpg 1024w, https:\/\/antersystem.com\/wp-content\/uploads\/warsaw_industry_week2-1-300x169.jpg 300w, https:\/\/antersystem.com\/wp-content\/uploads\/warsaw_industry_week2-1-768x432.jpg 768w, https:\/\/antersystem.com\/wp-content\/uploads\/warsaw_industry_week2-1-450x253.jpg 450w, https:\/\/antersystem.com\/wp-content\/uploads\/warsaw_industry_week2-1-330x186.jpg 330w, https:\/\/antersystem.com\/wp-content\/uploads\/warsaw_industry_week2-1.jpg 1115w\" sizes=\"auto, (max-width: 1024px) 100vw, 1024px\" \/><\/figure><\/div>","protected":false},"excerpt":{"rendered":"<p>Tal\u00e1lkozzon vel\u00fcnk a Warsaw Industry Week-en! Lengyelorsz\u00e1g legnagyobb ipari v\u00e1s\u00e1r\u00e1nak k\u00f6vetkez\u0151 kiad\u00e1sa m\u00e1r csak a sarkon van! November 5-7. k\u00f6z\u00f6tt Vars\u00f3ban, a Ptak Expo ki\u00e1ll\u00edt\u00e1son az ipar\u00e1g vezet\u0151i 65 000 m\u00b2-es ki\u00e1ll\u00edt\u00e1si ter\u00fcleten mutatj\u00e1k be a leg\u00fajabb innov\u00e1ci\u00f3kat. T\u00f6bb mint 370 v\u00e1llalat er\u0151s\u00edtette meg r\u00e9szv\u00e9tel\u00e9t, amelyek a k\u00fcl\u00f6nb\u00f6z\u0151 ipari \u00e1gazatok n\u00f6veked\u00e9s\u00e9t t\u00e1mogat\u00f3 fejlett technol\u00f3gi\u00e1kat \u00e9s [&hellip;]<\/p>\n","protected":false},"author":1,"featured_media":0,"parent":30300,"menu_order":0,"comment_status":"closed","ping_status":"closed","template":"","meta":{"inline_featured_image":false,"ngg_post_thumbnail":0,"footnotes":""},"class_list":["post-10966","page","type-page","status-publish","hentry"],"acf":[],"yoast_head":"<!-- This site is optimized with the Yoast SEO plugin v27.0 - https:\/\/yoast.com\/product\/yoast-seo-wordpress\/ -->\n<title>Warsaw Industry Week 2024 - Anter System<\/title>\n<meta name=\"description\" content=\"EcoVadis pozwala firmom oceni\u0107 jak skutecznie zarz\u0105dzaj\u0105 swoimi praktykami odpowiedzialno\u015bci spo\u0142ecznej. Anter System anga\u017cuje si\u0119...\" \/>\n<meta name=\"robots\" content=\"index, follow, max-snippet:-1, max-image-preview:large, max-video-preview:-1\" \/>\n<link rel=\"canonical\" href=\"https:\/\/antersystem.com\/hu\/hirek\/warsaw-industry-week-2024\/\" \/>\n<meta property=\"og:locale\" content=\"hu_HU\" \/>\n<meta property=\"og:type\" content=\"article\" \/>\n<meta property=\"og:title\" content=\"Warsaw Industry Week 2024 - Anter System\" \/>\n<meta property=\"og:description\" content=\"EcoVadis pozwala firmom oceni\u0107 jak skutecznie zarz\u0105dzaj\u0105 swoimi praktykami odpowiedzialno\u015bci spo\u0142ecznej. Anter System anga\u017cuje si\u0119...\" \/>\n<meta property=\"og:url\" content=\"https:\/\/antersystem.com\/hu\/hirek\/warsaw-industry-week-2024\/\" \/>\n<meta property=\"og:site_name\" content=\"Anter System\" \/>\n<meta property=\"article:modified_time\" content=\"2026-01-30T13:29:22+00:00\" \/>\n<meta property=\"og:image\" content=\"https:\/\/antersystem.com\/wp-content\/uploads\/warsaw_industry_week2-1-1024x576.jpg\" \/>\n<meta name=\"twitter:card\" content=\"summary_large_image\" \/>\n<meta name=\"twitter:label1\" content=\"Becs\u00fclt olvas\u00e1si id\u0151\" \/>\n\t<meta name=\"twitter:data1\" content=\"2 perc\" \/>\n<script type=\"application\/ld+json\" class=\"yoast-schema-graph\">{\"@context\":\"https:\/\/schema.org\",\"@graph\":[{\"@type\":\"WebPage\",\"@id\":\"https:\/\/antersystem.com\/hu\/hirek\/warsaw-industry-week-2024\/\",\"url\":\"https:\/\/antersystem.com\/hu\/hirek\/warsaw-industry-week-2024\/\",\"name\":\"Warsaw Industry Week 2024 - Anter System\",\"isPartOf\":{\"@id\":\"https:\/\/antersystem.com\/hu\/#website\"},\"primaryImageOfPage\":{\"@id\":\"https:\/\/antersystem.com\/hu\/hirek\/warsaw-industry-week-2024\/#primaryimage\"},\"image\":{\"@id\":\"https:\/\/antersystem.com\/hu\/hirek\/warsaw-industry-week-2024\/#primaryimage\"},\"thumbnailUrl\":\"https:\/\/antersystem.com\/wp-content\/uploads\/warsaw_industry_week2-1-1024x576.jpg\",\"datePublished\":\"2024-10-07T11:21:59+00:00\",\"dateModified\":\"2026-01-30T13:29:22+00:00\",\"description\":\"EcoVadis pozwala firmom oceni\u0107 jak skutecznie zarz\u0105dzaj\u0105 swoimi praktykami odpowiedzialno\u015bci spo\u0142ecznej. Anter System anga\u017cuje si\u0119...\",\"breadcrumb\":{\"@id\":\"https:\/\/antersystem.com\/hu\/hirek\/warsaw-industry-week-2024\/#breadcrumb\"},\"inLanguage\":\"hu\",\"potentialAction\":[{\"@type\":\"ReadAction\",\"target\":[\"https:\/\/antersystem.com\/hu\/hirek\/warsaw-industry-week-2024\/\"]}]},{\"@type\":\"ImageObject\",\"inLanguage\":\"hu\",\"@id\":\"https:\/\/antersystem.com\/hu\/hirek\/warsaw-industry-week-2024\/#primaryimage\",\"url\":\"https:\/\/antersystem.com\/wp-content\/uploads\/warsaw_industry_week2-1-1024x576.jpg\",\"contentUrl\":\"https:\/\/antersystem.com\/wp-content\/uploads\/warsaw_industry_week2-1-1024x576.jpg\"},{\"@type\":\"BreadcrumbList\",\"@id\":\"https:\/\/antersystem.com\/hu\/hirek\/warsaw-industry-week-2024\/#breadcrumb\",\"itemListElement\":[{\"@type\":\"ListItem\",\"position\":1,\"name\":\"AnterSystem\",\"item\":\"https:\/\/antersystem.com\/hu\/\"},{\"@type\":\"ListItem\",\"position\":2,\"name\":\"H\u00edrek\",\"item\":\"https:\/\/antersystem.com\/hu\/hirek\/\"},{\"@type\":\"ListItem\",\"position\":3,\"name\":\"Warsaw Industry Week 2024\"}]},{\"@type\":\"WebSite\",\"@id\":\"https:\/\/antersystem.com\/hu\/#website\",\"url\":\"https:\/\/antersystem.com\/hu\/\",\"name\":\"Anter System\",\"description\":\"Jeste\u015bmy polskim producentem elastycznych barier ochronnych wykonywanych z polimerowych tworzyw sztucznych. Na rynku krajowym i zagranicznym dzia\u0142amy od ponad 15 lat dbaj\u0105c o zapewnienie bezpiecze\u0144stwa w zak\u0142adach produkcyjnych, magazynach oraz centrach logistycznych.\",\"potentialAction\":[{\"@type\":\"SearchAction\",\"target\":{\"@type\":\"EntryPoint\",\"urlTemplate\":\"https:\/\/antersystem.com\/hu\/?s={search_term_string}\"},\"query-input\":{\"@type\":\"PropertyValueSpecification\",\"valueRequired\":true,\"valueName\":\"search_term_string\"}}],\"inLanguage\":\"hu\"}]}<\/script>\n<!-- \/ Yoast SEO plugin. -->","yoast_head_json":{"title":"Warsaw Industry Week 2024 - Anter System","description":"EcoVadis pozwala firmom oceni\u0107 jak skutecznie zarz\u0105dzaj\u0105 swoimi praktykami odpowiedzialno\u015bci spo\u0142ecznej. Anter System anga\u017cuje si\u0119...","robots":{"index":"index","follow":"follow","max-snippet":"max-snippet:-1","max-image-preview":"max-image-preview:large","max-video-preview":"max-video-preview:-1"},"canonical":"https:\/\/antersystem.com\/hu\/hirek\/warsaw-industry-week-2024\/","og_locale":"hu_HU","og_type":"article","og_title":"Warsaw Industry Week 2024 - Anter System","og_description":"EcoVadis pozwala firmom oceni\u0107 jak skutecznie zarz\u0105dzaj\u0105 swoimi praktykami odpowiedzialno\u015bci spo\u0142ecznej. Anter System anga\u017cuje si\u0119...","og_url":"https:\/\/antersystem.com\/hu\/hirek\/warsaw-industry-week-2024\/","og_site_name":"Anter System","article_modified_time":"2026-01-30T13:29:22+00:00","og_image":[{"url":"https:\/\/antersystem.com\/wp-content\/uploads\/warsaw_industry_week2-1-1024x576.jpg","type":"","width":"","height":""}],"twitter_card":"summary_large_image","twitter_misc":{"Becs\u00fclt olvas\u00e1si id\u0151":"2 perc"},"schema":{"@context":"https:\/\/schema.org","@graph":[{"@type":"WebPage","@id":"https:\/\/antersystem.com\/hu\/hirek\/warsaw-industry-week-2024\/","url":"https:\/\/antersystem.com\/hu\/hirek\/warsaw-industry-week-2024\/","name":"Warsaw Industry Week 2024 - Anter System","isPartOf":{"@id":"https:\/\/antersystem.com\/hu\/#website"},"primaryImageOfPage":{"@id":"https:\/\/antersystem.com\/hu\/hirek\/warsaw-industry-week-2024\/#primaryimage"},"image":{"@id":"https:\/\/antersystem.com\/hu\/hirek\/warsaw-industry-week-2024\/#primaryimage"},"thumbnailUrl":"https:\/\/antersystem.com\/wp-content\/uploads\/warsaw_industry_week2-1-1024x576.jpg","datePublished":"2024-10-07T11:21:59+00:00","dateModified":"2026-01-30T13:29:22+00:00","description":"EcoVadis pozwala firmom oceni\u0107 jak skutecznie zarz\u0105dzaj\u0105 swoimi praktykami odpowiedzialno\u015bci spo\u0142ecznej. Anter System anga\u017cuje si\u0119...","breadcrumb":{"@id":"https:\/\/antersystem.com\/hu\/hirek\/warsaw-industry-week-2024\/#breadcrumb"},"inLanguage":"hu","potentialAction":[{"@type":"ReadAction","target":["https:\/\/antersystem.com\/hu\/hirek\/warsaw-industry-week-2024\/"]}]},{"@type":"ImageObject","inLanguage":"hu","@id":"https:\/\/antersystem.com\/hu\/hirek\/warsaw-industry-week-2024\/#primaryimage","url":"https:\/\/antersystem.com\/wp-content\/uploads\/warsaw_industry_week2-1-1024x576.jpg","contentUrl":"https:\/\/antersystem.com\/wp-content\/uploads\/warsaw_industry_week2-1-1024x576.jpg"},{"@type":"BreadcrumbList","@id":"https:\/\/antersystem.com\/hu\/hirek\/warsaw-industry-week-2024\/#breadcrumb","itemListElement":[{"@type":"ListItem","position":1,"name":"AnterSystem","item":"https:\/\/antersystem.com\/hu\/"},{"@type":"ListItem","position":2,"name":"H\u00edrek","item":"https:\/\/antersystem.com\/hu\/hirek\/"},{"@type":"ListItem","position":3,"name":"Warsaw Industry Week 2024"}]},{"@type":"WebSite","@id":"https:\/\/antersystem.com\/hu\/#website","url":"https:\/\/antersystem.com\/hu\/","name":"Anter System","description":"Jeste\u015bmy polskim producentem elastycznych barier ochronnych wykonywanych z polimerowych tworzyw sztucznych. Na rynku krajowym i zagranicznym dzia\u0142amy od ponad 15 lat dbaj\u0105c o zapewnienie bezpiecze\u0144stwa w zak\u0142adach produkcyjnych, magazynach oraz centrach logistycznych.","potentialAction":[{"@type":"SearchAction","target":{"@type":"EntryPoint","urlTemplate":"https:\/\/antersystem.com\/hu\/?s={search_term_string}"},"query-input":{"@type":"PropertyValueSpecification","valueRequired":true,"valueName":"search_term_string"}}],"inLanguage":"hu"}]}},"_links":{"self":[{"href":"https:\/\/antersystem.com\/hu\/wp-json\/wp\/v2\/pages\/10966","targetHints":{"allow":["GET"]}}],"collection":[{"href":"https:\/\/antersystem.com\/hu\/wp-json\/wp\/v2\/pages"}],"about":[{"href":"https:\/\/antersystem.com\/hu\/wp-json\/wp\/v2\/types\/page"}],"author":[{"embeddable":true,"href":"https:\/\/antersystem.com\/hu\/wp-json\/wp\/v2\/users\/1"}],"replies":[{"embeddable":true,"href":"https:\/\/antersystem.com\/hu\/wp-json\/wp\/v2\/comments?post=10966"}],"version-history":[{"count":3,"href":"https:\/\/antersystem.com\/hu\/wp-json\/wp\/v2\/pages\/10966\/revisions"}],"predecessor-version":[{"id":15459,"href":"https:\/\/antersystem.com\/hu\/wp-json\/wp\/v2\/pages\/10966\/revisions\/15459"}],"up":[{"embeddable":true,"href":"https:\/\/antersystem.com\/hu\/wp-json\/wp\/v2\/pages\/30300"}],"wp:attachment":[{"href":"https:\/\/antersystem.com\/hu\/wp-json\/wp\/v2\/media?parent=10966"}],"curies":[{"name":"wp","href":"https:\/\/api.w.org\/{rel}","templated":true}]}}