{"id":12783,"date":"2024-06-28T09:56:14","date_gmt":"2024-06-28T07:56:14","guid":{"rendered":"https:\/\/new.antersystem.com\/sustainable-practices\/"},"modified":"2026-01-30T14:29:22","modified_gmt":"2026-01-30T13:29:22","slug":"sustainable-practices","status":"publish","type":"page","link":"https:\/\/antersystem.com\/hu\/hirek\/sustainable-practices\/","title":{"rendered":"Fenntarthat\u00f3 gyakorlatok"},"content":{"rendered":"\n<div class=\"wp-block-columns is-layout-flex wp-container-core-columns-is-layout-9d6595d7 wp-block-columns-is-layout-flex\">\n<div class=\"wp-block-column is-layout-flow wp-block-column-is-layout-flow\" style=\"flex-basis:10%\"><\/div>\n\n\n\n<div class=\"wp-block-column is-layout-flow wp-block-column-is-layout-flow\">\n<h2 class=\"wp-block-heading\">A glob\u00e1lis kezdem\u00e9nyez\u00e9sekkel \u00e9s szabv\u00e1nyokkal val\u00f3 l\u00e9p\u00e9start\u00e1s<\/h2>\n\n\n\n<p><strong>Az EcoVadis seg\u00edt a v\u00e1llalatoknak felm\u00e9rni, hogy mennyire hat\u00e9konyan kezelik a v\u00e1llalati t\u00e1rsadalmi felel\u0151ss\u00e9gv\u00e1llal\u00e1si gyakorlatukat.  <\/strong>  Anter System elk\u00f6telezett a k\u00f6rnyezetszennyez\u00e9s megel\u0151z\u00e9se, az etikus term\u00e9kek sz\u00e1ll\u00edt\u00e1sa \u00e9s a fenntarthat\u00f3 \u00fczleti modellek elfogad\u00e1sa mellett. 2024-ben az el\u0151z\u0151 \u00e9vhez <strong>hasonl\u00f3an<\/strong> ism\u00e9t <strong>EcoVadis ez\u00fcst\u00e9remmel<\/strong> ismert\u00e9k el er\u0151fesz\u00edt\u00e9seinket <strong>.<\/strong><\/p>\n\n\n\n<p>Ez a kit\u00fcntet\u00e9s meger\u0151s\u00edti, hogy a v\u00e1llalat a k\u00f6vetkez\u0151 ter\u00fcleteken \u00e9rt el magas eredm\u00e9nyeket:<\/p>\n\n\n\n<p><strong>K\u00f6rnyezetv\u00e9delem:<\/strong> A v\u00e1llalat k\u00f6rnyezeti hat\u00e1sainak kezel\u00e9s\u00e9vel kapcsolatos politik\u00e1k \u00e9s int\u00e9zked\u00e9sek, bele\u00e9rtve a kibocs\u00e1t\u00e1s-kezel\u00e9st, az er\u0151forr\u00e1s-hat\u00e9konys\u00e1got \u00e9s a fenntarthat\u00f3s\u00e1gi kezdem\u00e9nyez\u00e9seket.<\/p>\n\n\n\n<p><strong>Munka\u00fcgyi \u00e9s emberi jogok:<\/strong> Munkak\u00f6r\u00fclm\u00e9nyek, a munkav\u00e1llal\u00f3i jogok tiszteletben tart\u00e1sa, munkahelyi eg\u00e9szs\u00e9g \u00e9s biztons\u00e1g, valamint a soksz\u00edn\u0171s\u00e9g \u00e9s befogad\u00e1s politik\u00e1ja.<\/p>\n\n\n\n<p><strong>Etika:<\/strong> Etikai elvek, korrupci\u00f3ellenes int\u00e9zked\u00e9sek, \u00e1tl\u00e1that\u00f3s\u00e1g \u00e9s a jogi el\u0151\u00edr\u00e1sok betart\u00e1sa.<\/p>\n\n\n\n<p><strong>Fenntarthat\u00f3 beszerz\u00e9s:<\/strong> Az etikus \u00e9s fenntarthat\u00f3 beszerz\u00e9si gyakorlatot, a besz\u00e1ll\u00edt\u00f3k kiv\u00e1laszt\u00e1s\u00e1t \u00e9s az ell\u00e1t\u00e1si l\u00e1nc ir\u00e1ny\u00edt\u00e1s\u00e1t t\u00e1mogat\u00f3 politik\u00e1k.<\/p>\n\n\n\n<p>Az ez\u00fcst\u00e9rem az EcoVadis \u00e1ltal \u00e9rt\u00e9kelt v\u00e1llalatok legjobb 15%-\u00e1ba sorol minket, ami kiemeli a fenntarthat\u00f3s\u00e1g \u00e9s a t\u00e1rsadalmi felel\u0151ss\u00e9gv\u00e1llal\u00e1s ir\u00e1nti akt\u00edv elk\u00f6telezetts\u00e9g\u00fcnket. K\u00f6sz\u00f6nj\u00fck mindenkinek, aki az Anter Systemn\u00e9l hozz\u00e1j\u00e1rult ezekhez az eredm\u00e9nyekhez &#8211; \u00e9s k\u00f6sz\u00f6nj\u00fck \u00fcgyfeleinknek a folyamatos bizalmat.<\/p>\n<\/div>\n\n\n\n<div class=\"wp-block-column is-layout-flow wp-block-column-is-layout-flow\" style=\"flex-basis:10%\"><\/div>\n<\/div>\n<div class=\"wp-block-image\">\n<figure class=\"aligncenter size-large is-resized\"><img loading=\"lazy\" decoding=\"async\" width=\"1024\" height=\"535\" src=\"https:\/\/antersystem.com\/wp-content\/uploads\/ECOVADIS-1-1024x535.webp\" alt=\"A k&#xE9;pen az EcoVadis ez&#xFC;st&#xE9;rem l&#xE1;that&#xF3;. A d&#xED;j a v&#xE1;llalati t&#xE1;rsadalmi felel&#x151;ss&#xE9;gv&#xE1;llal&#xE1;s, az etika, a k&#xF6;rnyezetv&#xE9;delem &#xE9;s a fenntarthat&#xF3; gazd&#xE1;lkod&#xE1;s ter&#xE9;n ny&#xFA;jtott magas szint&#x171; teljes&#xED;tm&#xE9;nyt igazolja. \" class=\"wp-image-4968\" style=\"width:620px;height:auto\" srcset=\"https:\/\/antersystem.com\/wp-content\/uploads\/ECOVADIS-1-1024x535.webp 1024w, https:\/\/antersystem.com\/wp-content\/uploads\/ECOVADIS-1-300x157.webp 300w, https:\/\/antersystem.com\/wp-content\/uploads\/ECOVADIS-1-768x401.webp 768w, https:\/\/antersystem.com\/wp-content\/uploads\/ECOVADIS-1-450x235.webp 450w, https:\/\/antersystem.com\/wp-content\/uploads\/ECOVADIS-1-330x172.webp 330w, https:\/\/antersystem.com\/wp-content\/uploads\/ECOVADIS-1.webp 1200w\" sizes=\"auto, (max-width: 1024px) 100vw, 1024px\" \/><\/figure><\/div>","protected":false},"excerpt":{"rendered":"<p>A glob\u00e1lis kezdem\u00e9nyez\u00e9sekkel \u00e9s szabv\u00e1nyokkal val\u00f3 l\u00e9p\u00e9start\u00e1s Az EcoVadis seg\u00edt a v\u00e1llalatoknak felm\u00e9rni, hogy mennyire hat\u00e9konyan kezelik a v\u00e1llalati t\u00e1rsadalmi felel\u0151ss\u00e9gv\u00e1llal\u00e1si gyakorlatukat. Anter System elk\u00f6telezett a k\u00f6rnyezetszennyez\u00e9s megel\u0151z\u00e9se, az etikus term\u00e9kek sz\u00e1ll\u00edt\u00e1sa \u00e9s a fenntarthat\u00f3 \u00fczleti modellek elfogad\u00e1sa mellett. 2024-ben az el\u0151z\u0151 \u00e9vhez hasonl\u00f3an ism\u00e9t EcoVadis ez\u00fcst\u00e9remmel ismert\u00e9k el er\u0151fesz\u00edt\u00e9seinket . Ez a kit\u00fcntet\u00e9s meger\u0151s\u00edti, [&hellip;]<\/p>\n","protected":false},"author":1,"featured_media":0,"parent":30300,"menu_order":0,"comment_status":"closed","ping_status":"closed","template":"","meta":{"inline_featured_image":false,"ngg_post_thumbnail":0,"footnotes":""},"class_list":["post-12783","page","type-page","status-publish","hentry"],"acf":[],"yoast_head":"<!-- This site is optimized with the Yoast SEO plugin v27.0 - https:\/\/yoast.com\/product\/yoast-seo-wordpress\/ -->\n<title>Fenntarthat\u00f3 gyakorlatok - Anter System<\/title>\n<meta name=\"description\" content=\"A glob\u00e1lis kezdem\u00e9nyez\u00e9sekkel \u00e9s szabv\u00e1nyokkal val\u00f3 l\u00e9p\u00e9start\u00e1s Az EcoVadis seg\u00edt a v\u00e1llalatoknak felm\u00e9rni, hogy mennyire hat\u00e9konyan kezelik a v\u00e1llalati\" \/>\n<meta name=\"robots\" content=\"index, follow, max-snippet:-1, max-image-preview:large, max-video-preview:-1\" \/>\n<link rel=\"canonical\" href=\"https:\/\/antersystem.com\/hu\/hirek\/sustainable-practices\/\" \/>\n<meta property=\"og:locale\" content=\"hu_HU\" \/>\n<meta property=\"og:type\" content=\"article\" \/>\n<meta property=\"og:title\" content=\"Fenntarthat\u00f3 gyakorlatok - Anter System\" \/>\n<meta property=\"og:description\" content=\"A glob\u00e1lis kezdem\u00e9nyez\u00e9sekkel \u00e9s szabv\u00e1nyokkal val\u00f3 l\u00e9p\u00e9start\u00e1s Az EcoVadis seg\u00edt a v\u00e1llalatoknak felm\u00e9rni, hogy mennyire hat\u00e9konyan kezelik a v\u00e1llalati\" \/>\n<meta property=\"og:url\" content=\"https:\/\/antersystem.com\/hu\/hirek\/sustainable-practices\/\" \/>\n<meta property=\"og:site_name\" content=\"Anter System\" \/>\n<meta property=\"article:modified_time\" content=\"2026-01-30T13:29:22+00:00\" \/>\n<meta property=\"og:image\" content=\"https:\/\/antersystem.com\/wp-content\/uploads\/ECOVADIS-1-1024x535.webp\" \/>\n<meta name=\"twitter:card\" content=\"summary_large_image\" \/>\n<meta name=\"twitter:label1\" content=\"Becs\u00fclt olvas\u00e1si id\u0151\" \/>\n\t<meta name=\"twitter:data1\" content=\"2 perc\" \/>\n<script type=\"application\/ld+json\" class=\"yoast-schema-graph\">{\"@context\":\"https:\/\/schema.org\",\"@graph\":[{\"@type\":\"WebPage\",\"@id\":\"https:\/\/antersystem.com\/hu\/hirek\/sustainable-practices\/\",\"url\":\"https:\/\/antersystem.com\/hu\/hirek\/sustainable-practices\/\",\"name\":\"Fenntarthat\u00f3 gyakorlatok - Anter System\",\"isPartOf\":{\"@id\":\"https:\/\/antersystem.com\/hu\/#website\"},\"primaryImageOfPage\":{\"@id\":\"https:\/\/antersystem.com\/hu\/hirek\/sustainable-practices\/#primaryimage\"},\"image\":{\"@id\":\"https:\/\/antersystem.com\/hu\/hirek\/sustainable-practices\/#primaryimage\"},\"thumbnailUrl\":\"https:\/\/antersystem.com\/wp-content\/uploads\/ECOVADIS-1-1024x535.webp\",\"datePublished\":\"2024-06-28T07:56:14+00:00\",\"dateModified\":\"2026-01-30T13:29:22+00:00\",\"description\":\"A glob\u00e1lis kezdem\u00e9nyez\u00e9sekkel \u00e9s szabv\u00e1nyokkal val\u00f3 l\u00e9p\u00e9start\u00e1s Az EcoVadis seg\u00edt a v\u00e1llalatoknak felm\u00e9rni, hogy mennyire hat\u00e9konyan kezelik a v\u00e1llalati\",\"breadcrumb\":{\"@id\":\"https:\/\/antersystem.com\/hu\/hirek\/sustainable-practices\/#breadcrumb\"},\"inLanguage\":\"hu\",\"potentialAction\":[{\"@type\":\"ReadAction\",\"target\":[\"https:\/\/antersystem.com\/hu\/hirek\/sustainable-practices\/\"]}]},{\"@type\":\"ImageObject\",\"inLanguage\":\"hu\",\"@id\":\"https:\/\/antersystem.com\/hu\/hirek\/sustainable-practices\/#primaryimage\",\"url\":\"https:\/\/antersystem.com\/wp-content\/uploads\/ECOVADIS-1-1024x535.webp\",\"contentUrl\":\"https:\/\/antersystem.com\/wp-content\/uploads\/ECOVADIS-1-1024x535.webp\"},{\"@type\":\"BreadcrumbList\",\"@id\":\"https:\/\/antersystem.com\/hu\/hirek\/sustainable-practices\/#breadcrumb\",\"itemListElement\":[{\"@type\":\"ListItem\",\"position\":1,\"name\":\"AnterSystem\",\"item\":\"https:\/\/antersystem.com\/hu\/\"},{\"@type\":\"ListItem\",\"position\":2,\"name\":\"H\u00edrek\",\"item\":\"https:\/\/antersystem.com\/hu\/hirek\/\"},{\"@type\":\"ListItem\",\"position\":3,\"name\":\"Fenntarthat\u00f3 gyakorlatok\"}]},{\"@type\":\"WebSite\",\"@id\":\"https:\/\/antersystem.com\/hu\/#website\",\"url\":\"https:\/\/antersystem.com\/hu\/\",\"name\":\"Anter System\",\"description\":\"Jeste\u015bmy polskim producentem elastycznych barier ochronnych wykonywanych z polimerowych tworzyw sztucznych. Na rynku krajowym i zagranicznym dzia\u0142amy od ponad 15 lat dbaj\u0105c o zapewnienie bezpiecze\u0144stwa w zak\u0142adach produkcyjnych, magazynach oraz centrach logistycznych.\",\"potentialAction\":[{\"@type\":\"SearchAction\",\"target\":{\"@type\":\"EntryPoint\",\"urlTemplate\":\"https:\/\/antersystem.com\/hu\/?s={search_term_string}\"},\"query-input\":{\"@type\":\"PropertyValueSpecification\",\"valueRequired\":true,\"valueName\":\"search_term_string\"}}],\"inLanguage\":\"hu\"}]}<\/script>\n<!-- \/ Yoast SEO plugin. -->","yoast_head_json":{"title":"Fenntarthat\u00f3 gyakorlatok - Anter System","description":"A glob\u00e1lis kezdem\u00e9nyez\u00e9sekkel \u00e9s szabv\u00e1nyokkal val\u00f3 l\u00e9p\u00e9start\u00e1s Az EcoVadis seg\u00edt a v\u00e1llalatoknak felm\u00e9rni, hogy mennyire hat\u00e9konyan kezelik a v\u00e1llalati","robots":{"index":"index","follow":"follow","max-snippet":"max-snippet:-1","max-image-preview":"max-image-preview:large","max-video-preview":"max-video-preview:-1"},"canonical":"https:\/\/antersystem.com\/hu\/hirek\/sustainable-practices\/","og_locale":"hu_HU","og_type":"article","og_title":"Fenntarthat\u00f3 gyakorlatok - Anter System","og_description":"A glob\u00e1lis kezdem\u00e9nyez\u00e9sekkel \u00e9s szabv\u00e1nyokkal val\u00f3 l\u00e9p\u00e9start\u00e1s Az EcoVadis seg\u00edt a v\u00e1llalatoknak felm\u00e9rni, hogy mennyire hat\u00e9konyan kezelik a v\u00e1llalati","og_url":"https:\/\/antersystem.com\/hu\/hirek\/sustainable-practices\/","og_site_name":"Anter System","article_modified_time":"2026-01-30T13:29:22+00:00","og_image":[{"url":"https:\/\/antersystem.com\/wp-content\/uploads\/ECOVADIS-1-1024x535.webp","type":"","width":"","height":""}],"twitter_card":"summary_large_image","twitter_misc":{"Becs\u00fclt olvas\u00e1si id\u0151":"2 perc"},"schema":{"@context":"https:\/\/schema.org","@graph":[{"@type":"WebPage","@id":"https:\/\/antersystem.com\/hu\/hirek\/sustainable-practices\/","url":"https:\/\/antersystem.com\/hu\/hirek\/sustainable-practices\/","name":"Fenntarthat\u00f3 gyakorlatok - Anter System","isPartOf":{"@id":"https:\/\/antersystem.com\/hu\/#website"},"primaryImageOfPage":{"@id":"https:\/\/antersystem.com\/hu\/hirek\/sustainable-practices\/#primaryimage"},"image":{"@id":"https:\/\/antersystem.com\/hu\/hirek\/sustainable-practices\/#primaryimage"},"thumbnailUrl":"https:\/\/antersystem.com\/wp-content\/uploads\/ECOVADIS-1-1024x535.webp","datePublished":"2024-06-28T07:56:14+00:00","dateModified":"2026-01-30T13:29:22+00:00","description":"A glob\u00e1lis kezdem\u00e9nyez\u00e9sekkel \u00e9s szabv\u00e1nyokkal val\u00f3 l\u00e9p\u00e9start\u00e1s Az EcoVadis seg\u00edt a v\u00e1llalatoknak felm\u00e9rni, hogy mennyire hat\u00e9konyan kezelik a v\u00e1llalati","breadcrumb":{"@id":"https:\/\/antersystem.com\/hu\/hirek\/sustainable-practices\/#breadcrumb"},"inLanguage":"hu","potentialAction":[{"@type":"ReadAction","target":["https:\/\/antersystem.com\/hu\/hirek\/sustainable-practices\/"]}]},{"@type":"ImageObject","inLanguage":"hu","@id":"https:\/\/antersystem.com\/hu\/hirek\/sustainable-practices\/#primaryimage","url":"https:\/\/antersystem.com\/wp-content\/uploads\/ECOVADIS-1-1024x535.webp","contentUrl":"https:\/\/antersystem.com\/wp-content\/uploads\/ECOVADIS-1-1024x535.webp"},{"@type":"BreadcrumbList","@id":"https:\/\/antersystem.com\/hu\/hirek\/sustainable-practices\/#breadcrumb","itemListElement":[{"@type":"ListItem","position":1,"name":"AnterSystem","item":"https:\/\/antersystem.com\/hu\/"},{"@type":"ListItem","position":2,"name":"H\u00edrek","item":"https:\/\/antersystem.com\/hu\/hirek\/"},{"@type":"ListItem","position":3,"name":"Fenntarthat\u00f3 gyakorlatok"}]},{"@type":"WebSite","@id":"https:\/\/antersystem.com\/hu\/#website","url":"https:\/\/antersystem.com\/hu\/","name":"Anter System","description":"Jeste\u015bmy polskim producentem elastycznych barier ochronnych wykonywanych z polimerowych tworzyw sztucznych. Na rynku krajowym i zagranicznym dzia\u0142amy od ponad 15 lat dbaj\u0105c o zapewnienie bezpiecze\u0144stwa w zak\u0142adach produkcyjnych, magazynach oraz centrach logistycznych.","potentialAction":[{"@type":"SearchAction","target":{"@type":"EntryPoint","urlTemplate":"https:\/\/antersystem.com\/hu\/?s={search_term_string}"},"query-input":{"@type":"PropertyValueSpecification","valueRequired":true,"valueName":"search_term_string"}}],"inLanguage":"hu"}]}},"_links":{"self":[{"href":"https:\/\/antersystem.com\/hu\/wp-json\/wp\/v2\/pages\/12783","targetHints":{"allow":["GET"]}}],"collection":[{"href":"https:\/\/antersystem.com\/hu\/wp-json\/wp\/v2\/pages"}],"about":[{"href":"https:\/\/antersystem.com\/hu\/wp-json\/wp\/v2\/types\/page"}],"author":[{"embeddable":true,"href":"https:\/\/antersystem.com\/hu\/wp-json\/wp\/v2\/users\/1"}],"replies":[{"embeddable":true,"href":"https:\/\/antersystem.com\/hu\/wp-json\/wp\/v2\/comments?post=12783"}],"version-history":[{"count":2,"href":"https:\/\/antersystem.com\/hu\/wp-json\/wp\/v2\/pages\/12783\/revisions"}],"predecessor-version":[{"id":26424,"href":"https:\/\/antersystem.com\/hu\/wp-json\/wp\/v2\/pages\/12783\/revisions\/26424"}],"up":[{"embeddable":true,"href":"https:\/\/antersystem.com\/hu\/wp-json\/wp\/v2\/pages\/30300"}],"wp:attachment":[{"href":"https:\/\/antersystem.com\/hu\/wp-json\/wp\/v2\/media?parent=12783"}],"curies":[{"name":"wp","href":"https:\/\/api.w.org\/{rel}","templated":true}]}}