{"id":12892,"date":"2023-09-01T11:11:31","date_gmt":"2023-09-01T09:11:31","guid":{"rendered":"https:\/\/new.antersystem.com\/case-studies\/barriers-traffic-r3\/"},"modified":"2026-01-30T01:31:31","modified_gmt":"2026-01-30T00:31:31","slug":"barriers-traffic-r3","status":"publish","type":"page","link":"https:\/\/antersystem.com\/hu\/case-studies\/barriers-traffic-r3\/","title":{"rendered":"Akad\u00e1lyok Traffic R3"},"content":{"rendered":"\n<div class=\"wp-block-columns is-layout-flex wp-container-core-columns-is-layout-9d6595d7 wp-block-columns-is-layout-flex\">\n<div class=\"wp-block-column is-layout-flow wp-block-column-is-layout-flow\" style=\"flex-basis:10%\"><\/div>\n\n\n\n<div class=\"wp-block-column is-layout-flow wp-block-column-is-layout-flow\" style=\"flex-basis:80%\">\n<p class=\"justify-mru\">Egy m\u00e1sik, az \u00fcgyf\u00e9l egyedi ig\u00e9nyeihez igaz\u00edtott projektet egy n\u00e9metorsz\u00e1gi aut\u00f3alkatr\u00e9sz-besz\u00e1ll\u00edt\u00f3 sz\u00e1m\u00e1ra val\u00f3s\u00edtottunk meg. Az Traffic R3 forgalmi korl\u00e1tokat \u00e9s a WALL PROTECTOR korl\u00e1tokat a magas rakt\u00e1roz\u00e1si ter\u00fcletek elk\u00fcl\u00f6n\u00edt\u00e9s\u00e9re tervezt\u00e9k \u00e9s telep\u00edtett\u00e9k. A targonc\u00e1k \u00e9s a gyalogosok k\u00f6z\u00f6tti \u00fctk\u00f6z\u00e9sek kock\u00e1zat\u00e1nak kik\u00fcsz\u00f6b\u00f6l\u00e9se \u00e9rdek\u00e9ben biztons\u00e1gi kapukat \u00e9s automatikus forgalmi korl\u00e1trendszereket vezettek be. Az alkalmazott megold\u00e1sok nemcsak az \u00e1ltal\u00e1nos biztons\u00e1gi szintet n\u00f6velt\u00e9k, hanem a gy\u00e1rt\u00e1si folyamatokat is racionaliz\u00e1lt\u00e1k.<\/p>\n\n\n\nngg_shortcode_0_placeholder\n<\/div>\n\n\n\n<div class=\"wp-block-column is-layout-flow wp-block-column-is-layout-flow\" style=\"flex-basis:10%\"><\/div>\n<\/div>\n","protected":false},"excerpt":{"rendered":"<p>Egy m\u00e1sik, az \u00fcgyf\u00e9l egyedi ig\u00e9nyeihez igaz\u00edtott projektet egy n\u00e9metorsz\u00e1gi aut\u00f3alkatr\u00e9sz-besz\u00e1ll\u00edt\u00f3 sz\u00e1m\u00e1ra val\u00f3s\u00edtottunk meg. Az Traffic R3 forgalmi korl\u00e1tokat \u00e9s a WALL PROTECTOR korl\u00e1tokat a magas rakt\u00e1roz\u00e1si ter\u00fcletek elk\u00fcl\u00f6n\u00edt\u00e9s\u00e9re tervezt\u00e9k \u00e9s telep\u00edtett\u00e9k. A targonc\u00e1k \u00e9s a gyalogosok k\u00f6z\u00f6tti \u00fctk\u00f6z\u00e9sek kock\u00e1zat\u00e1nak kik\u00fcsz\u00f6b\u00f6l\u00e9se \u00e9rdek\u00e9ben biztons\u00e1gi kapukat \u00e9s automatikus forgalmi korl\u00e1trendszereket vezettek be. Az alkalmazott megold\u00e1sok nemcsak az [&hellip;]<\/p>\n","protected":false},"author":1,"featured_media":0,"parent":12598,"menu_order":0,"comment_status":"closed","ping_status":"closed","template":"","meta":{"inline_featured_image":false,"ngg_post_thumbnail":0,"footnotes":""},"class_list":["post-12892","page","type-page","status-publish","hentry"],"acf":[],"yoast_head":"<!-- This site is optimized with the Yoast SEO plugin v27.0 - https:\/\/yoast.com\/product\/yoast-seo-wordpress\/ -->\n<title>Akad\u00e1lyok Traffic R3 - Anter System<\/title>\n<meta name=\"description\" content=\"Egy m\u00e1sik, az \u00fcgyf\u00e9l egyedi ig\u00e9nyeihez igaz\u00edtott projektet egy n\u00e9metorsz\u00e1gi aut\u00f3alkatr\u00e9sz-besz\u00e1ll\u00edt\u00f3 sz\u00e1m\u00e1ra val\u00f3s\u00edtottunk meg. Az Traffic R3 forgalmi\" \/>\n<meta name=\"robots\" content=\"index, follow, max-snippet:-1, max-image-preview:large, max-video-preview:-1\" \/>\n<link rel=\"canonical\" href=\"https:\/\/antersystem.com\/hu\/case-studies\/barriers-traffic-r3\/\" \/>\n<meta property=\"og:locale\" content=\"hu_HU\" \/>\n<meta property=\"og:type\" content=\"article\" \/>\n<meta property=\"og:title\" content=\"Akad\u00e1lyok Traffic R3 - Anter System\" \/>\n<meta property=\"og:description\" content=\"Egy m\u00e1sik, az \u00fcgyf\u00e9l egyedi ig\u00e9nyeihez igaz\u00edtott projektet egy n\u00e9metorsz\u00e1gi aut\u00f3alkatr\u00e9sz-besz\u00e1ll\u00edt\u00f3 sz\u00e1m\u00e1ra val\u00f3s\u00edtottunk meg. Az Traffic R3 forgalmi\" \/>\n<meta property=\"og:url\" content=\"https:\/\/antersystem.com\/hu\/case-studies\/barriers-traffic-r3\/\" \/>\n<meta property=\"og:site_name\" content=\"Anter System\" \/>\n<meta property=\"article:modified_time\" content=\"2026-01-30T00:31:31+00:00\" \/>\n<meta name=\"twitter:card\" content=\"summary_large_image\" \/>\n<meta name=\"twitter:label1\" content=\"Becs\u00fclt olvas\u00e1si id\u0151\" \/>\n\t<meta name=\"twitter:data1\" content=\"1 perc\" \/>\n<script type=\"application\/ld+json\" class=\"yoast-schema-graph\">{\"@context\":\"https:\/\/schema.org\",\"@graph\":[{\"@type\":\"WebPage\",\"@id\":\"https:\/\/antersystem.com\/hu\/case-studies\/barriers-traffic-r3\/\",\"url\":\"https:\/\/antersystem.com\/hu\/case-studies\/barriers-traffic-r3\/\",\"name\":\"Akad\u00e1lyok Traffic R3 - Anter System\",\"isPartOf\":{\"@id\":\"https:\/\/antersystem.com\/hu\/#website\"},\"datePublished\":\"2023-09-01T09:11:31+00:00\",\"dateModified\":\"2026-01-30T00:31:31+00:00\",\"description\":\"Egy m\u00e1sik, az \u00fcgyf\u00e9l egyedi ig\u00e9nyeihez igaz\u00edtott projektet egy n\u00e9metorsz\u00e1gi aut\u00f3alkatr\u00e9sz-besz\u00e1ll\u00edt\u00f3 sz\u00e1m\u00e1ra val\u00f3s\u00edtottunk meg. Az Traffic R3 forgalmi\",\"breadcrumb\":{\"@id\":\"https:\/\/antersystem.com\/hu\/case-studies\/barriers-traffic-r3\/#breadcrumb\"},\"inLanguage\":\"hu\",\"potentialAction\":[{\"@type\":\"ReadAction\",\"target\":[\"https:\/\/antersystem.com\/hu\/case-studies\/barriers-traffic-r3\/\"]}]},{\"@type\":\"BreadcrumbList\",\"@id\":\"https:\/\/antersystem.com\/hu\/case-studies\/barriers-traffic-r3\/#breadcrumb\",\"itemListElement\":[{\"@type\":\"ListItem\",\"position\":1,\"name\":\"AnterSystem\",\"item\":\"https:\/\/antersystem.com\/hu\/\"},{\"@type\":\"ListItem\",\"position\":2,\"name\":\"Esettanulm\u00e1nyok\",\"item\":\"https:\/\/antersystem.com\/hu\/case-studies\/\"},{\"@type\":\"ListItem\",\"position\":3,\"name\":\"Akad\u00e1lyok Traffic R3\"}]},{\"@type\":\"WebSite\",\"@id\":\"https:\/\/antersystem.com\/hu\/#website\",\"url\":\"https:\/\/antersystem.com\/hu\/\",\"name\":\"Anter System\",\"description\":\"Jeste\u015bmy polskim producentem elastycznych barier ochronnych wykonywanych z polimerowych tworzyw sztucznych. Na rynku krajowym i zagranicznym dzia\u0142amy od ponad 15 lat dbaj\u0105c o zapewnienie bezpiecze\u0144stwa w zak\u0142adach produkcyjnych, magazynach oraz centrach logistycznych.\",\"potentialAction\":[{\"@type\":\"SearchAction\",\"target\":{\"@type\":\"EntryPoint\",\"urlTemplate\":\"https:\/\/antersystem.com\/hu\/?s={search_term_string}\"},\"query-input\":{\"@type\":\"PropertyValueSpecification\",\"valueRequired\":true,\"valueName\":\"search_term_string\"}}],\"inLanguage\":\"hu\"}]}<\/script>\n<!-- \/ Yoast SEO plugin. -->","yoast_head_json":{"title":"Akad\u00e1lyok Traffic R3 - Anter System","description":"Egy m\u00e1sik, az \u00fcgyf\u00e9l egyedi ig\u00e9nyeihez igaz\u00edtott projektet egy n\u00e9metorsz\u00e1gi aut\u00f3alkatr\u00e9sz-besz\u00e1ll\u00edt\u00f3 sz\u00e1m\u00e1ra val\u00f3s\u00edtottunk meg. Az Traffic R3 forgalmi","robots":{"index":"index","follow":"follow","max-snippet":"max-snippet:-1","max-image-preview":"max-image-preview:large","max-video-preview":"max-video-preview:-1"},"canonical":"https:\/\/antersystem.com\/hu\/case-studies\/barriers-traffic-r3\/","og_locale":"hu_HU","og_type":"article","og_title":"Akad\u00e1lyok Traffic R3 - Anter System","og_description":"Egy m\u00e1sik, az \u00fcgyf\u00e9l egyedi ig\u00e9nyeihez igaz\u00edtott projektet egy n\u00e9metorsz\u00e1gi aut\u00f3alkatr\u00e9sz-besz\u00e1ll\u00edt\u00f3 sz\u00e1m\u00e1ra val\u00f3s\u00edtottunk meg. Az Traffic R3 forgalmi","og_url":"https:\/\/antersystem.com\/hu\/case-studies\/barriers-traffic-r3\/","og_site_name":"Anter System","article_modified_time":"2026-01-30T00:31:31+00:00","twitter_card":"summary_large_image","twitter_misc":{"Becs\u00fclt olvas\u00e1si id\u0151":"1 perc"},"schema":{"@context":"https:\/\/schema.org","@graph":[{"@type":"WebPage","@id":"https:\/\/antersystem.com\/hu\/case-studies\/barriers-traffic-r3\/","url":"https:\/\/antersystem.com\/hu\/case-studies\/barriers-traffic-r3\/","name":"Akad\u00e1lyok Traffic R3 - Anter System","isPartOf":{"@id":"https:\/\/antersystem.com\/hu\/#website"},"datePublished":"2023-09-01T09:11:31+00:00","dateModified":"2026-01-30T00:31:31+00:00","description":"Egy m\u00e1sik, az \u00fcgyf\u00e9l egyedi ig\u00e9nyeihez igaz\u00edtott projektet egy n\u00e9metorsz\u00e1gi aut\u00f3alkatr\u00e9sz-besz\u00e1ll\u00edt\u00f3 sz\u00e1m\u00e1ra val\u00f3s\u00edtottunk meg. Az Traffic R3 forgalmi","breadcrumb":{"@id":"https:\/\/antersystem.com\/hu\/case-studies\/barriers-traffic-r3\/#breadcrumb"},"inLanguage":"hu","potentialAction":[{"@type":"ReadAction","target":["https:\/\/antersystem.com\/hu\/case-studies\/barriers-traffic-r3\/"]}]},{"@type":"BreadcrumbList","@id":"https:\/\/antersystem.com\/hu\/case-studies\/barriers-traffic-r3\/#breadcrumb","itemListElement":[{"@type":"ListItem","position":1,"name":"AnterSystem","item":"https:\/\/antersystem.com\/hu\/"},{"@type":"ListItem","position":2,"name":"Esettanulm\u00e1nyok","item":"https:\/\/antersystem.com\/hu\/case-studies\/"},{"@type":"ListItem","position":3,"name":"Akad\u00e1lyok Traffic R3"}]},{"@type":"WebSite","@id":"https:\/\/antersystem.com\/hu\/#website","url":"https:\/\/antersystem.com\/hu\/","name":"Anter System","description":"Jeste\u015bmy polskim producentem elastycznych barier ochronnych wykonywanych z polimerowych tworzyw sztucznych. Na rynku krajowym i zagranicznym dzia\u0142amy od ponad 15 lat dbaj\u0105c o zapewnienie bezpiecze\u0144stwa w zak\u0142adach produkcyjnych, magazynach oraz centrach logistycznych.","potentialAction":[{"@type":"SearchAction","target":{"@type":"EntryPoint","urlTemplate":"https:\/\/antersystem.com\/hu\/?s={search_term_string}"},"query-input":{"@type":"PropertyValueSpecification","valueRequired":true,"valueName":"search_term_string"}}],"inLanguage":"hu"}]}},"_links":{"self":[{"href":"https:\/\/antersystem.com\/hu\/wp-json\/wp\/v2\/pages\/12892","targetHints":{"allow":["GET"]}}],"collection":[{"href":"https:\/\/antersystem.com\/hu\/wp-json\/wp\/v2\/pages"}],"about":[{"href":"https:\/\/antersystem.com\/hu\/wp-json\/wp\/v2\/types\/page"}],"author":[{"embeddable":true,"href":"https:\/\/antersystem.com\/hu\/wp-json\/wp\/v2\/users\/1"}],"replies":[{"embeddable":true,"href":"https:\/\/antersystem.com\/hu\/wp-json\/wp\/v2\/comments?post=12892"}],"version-history":[{"count":1,"href":"https:\/\/antersystem.com\/hu\/wp-json\/wp\/v2\/pages\/12892\/revisions"}],"predecessor-version":[{"id":12893,"href":"https:\/\/antersystem.com\/hu\/wp-json\/wp\/v2\/pages\/12892\/revisions\/12893"}],"up":[{"embeddable":true,"href":"https:\/\/antersystem.com\/hu\/wp-json\/wp\/v2\/pages\/12598"}],"wp:attachment":[{"href":"https:\/\/antersystem.com\/hu\/wp-json\/wp\/v2\/media?parent=12892"}],"curies":[{"name":"wp","href":"https:\/\/api.w.org\/{rel}","templated":true}]}}