{"id":12903,"date":"2023-09-01T11:13:45","date_gmt":"2023-09-01T09:13:45","guid":{"rendered":"https:\/\/new.antersystem.com\/case-studies\/gb-barriers\/"},"modified":"2026-01-30T01:31:27","modified_gmt":"2026-01-30T00:31:27","slug":"gb-barriers","status":"publish","type":"page","link":"https:\/\/antersystem.com\/hu\/case-studies\/gb-barriers\/","title":{"rendered":"GB akad\u00e1lyok"},"content":{"rendered":"\n<div class=\"wp-block-columns is-layout-flex wp-container-core-columns-is-layout-9d6595d7 wp-block-columns-is-layout-flex\">\n<div class=\"wp-block-column is-layout-flow wp-block-column-is-layout-flow\" style=\"flex-basis:10%\"><\/div>\n\n\n\n<div class=\"wp-block-column is-layout-flow wp-block-column-is-layout-flow\" style=\"flex-basis:80%\">\n<p class=\"justify-mru\">A vil\u00e1g legnagyobb, szerz\u0151d\u00e9ses logisztik\u00e1ra szakosodott amerikai \u00fczemeltet\u0151je sz\u00e1m\u00e1ra tervezt\u00fcnk \u00e9s val\u00f3s\u00edtottunk meg egy v\u00e9delmi projektet sz\u00e1ll\u00edt\u00f3szalagok \u00e9s sz\u00e1ll\u00edt\u00f3sorok sz\u00e1m\u00e1ra Anter System rugalmas GB-korl\u00e1tjainak felhaszn\u00e1l\u00e1s\u00e1val. A koncepci\u00f3 a biztons\u00e1g jav\u00edt\u00e1s\u00e1t is mag\u00e1ban foglalta a g\u00e9pek, a j\u00e1rd\u00e1k \u00e9s a munkater\u00fcletek Pedestrian R3 HD+ rugalmas biztons\u00e1gi korl\u00e1tokkal t\u00f6rt\u00e9n\u0151 elk\u00fcl\u00f6n\u00edt\u00e9s\u00e9vel. A kritikus pontokat PA HD+ v\u00e9d\u0151oszlopokkal biztos\u00edtottuk. Az \u00e1llv\u00e1nyok \u00e9s a h\u00e1l\u00f3 v\u00e9delm\u00e9re KB j\u00e1rdaszeg\u00e9lyeket haszn\u00e1ltak. A szerkezeti oszlopokat RAL5 oszlopv\u00e9d\u0151vel v\u00e9dt\u00e9k. A projekt minden r\u00e9szlet\u00e9re ford\u00edtott figyelem hozz\u00e1j\u00e1rult a munkahelyi biztons\u00e1g \u00e9s k\u00e9nyelem \u00e1ltal\u00e1nos szintj\u00e9nek emel\u00e9s\u00e9hez.<\/p>\n\n\n\nngg_shortcode_0_placeholder\n<\/div>\n\n\n\n<div class=\"wp-block-column is-layout-flow wp-block-column-is-layout-flow\" style=\"flex-basis:10%\"><\/div>\n<\/div>\n","protected":false},"excerpt":{"rendered":"<p>A vil\u00e1g legnagyobb, szerz\u0151d\u00e9ses logisztik\u00e1ra szakosodott amerikai \u00fczemeltet\u0151je sz\u00e1m\u00e1ra tervezt\u00fcnk \u00e9s val\u00f3s\u00edtottunk meg egy v\u00e9delmi projektet sz\u00e1ll\u00edt\u00f3szalagok \u00e9s sz\u00e1ll\u00edt\u00f3sorok sz\u00e1m\u00e1ra Anter System rugalmas GB-korl\u00e1tjainak felhaszn\u00e1l\u00e1s\u00e1val. A koncepci\u00f3 a biztons\u00e1g jav\u00edt\u00e1s\u00e1t is mag\u00e1ban foglalta a g\u00e9pek, a j\u00e1rd\u00e1k \u00e9s a munkater\u00fcletek Pedestrian R3 HD+ rugalmas biztons\u00e1gi korl\u00e1tokkal t\u00f6rt\u00e9n\u0151 elk\u00fcl\u00f6n\u00edt\u00e9s\u00e9vel. A kritikus pontokat PA HD+ v\u00e9d\u0151oszlopokkal biztos\u00edtottuk. [&hellip;]<\/p>\n","protected":false},"author":1,"featured_media":0,"parent":12598,"menu_order":0,"comment_status":"closed","ping_status":"closed","template":"","meta":{"inline_featured_image":false,"ngg_post_thumbnail":0,"footnotes":""},"class_list":["post-12903","page","type-page","status-publish","hentry"],"acf":[],"yoast_head":"<!-- This site is optimized with the Yoast SEO plugin v27.0 - https:\/\/yoast.com\/product\/yoast-seo-wordpress\/ -->\n<title>GB akad\u00e1lyok - Anter System<\/title>\n<meta name=\"description\" content=\"A vil\u00e1g legnagyobb, szerz\u0151d\u00e9ses logisztik\u00e1ra szakosodott amerikai \u00fczemeltet\u0151je sz\u00e1m\u00e1ra tervezt\u00fcnk \u00e9s val\u00f3s\u00edtottunk meg egy v\u00e9delmi projektet\" \/>\n<meta name=\"robots\" content=\"index, follow, max-snippet:-1, max-image-preview:large, max-video-preview:-1\" \/>\n<link rel=\"canonical\" href=\"https:\/\/antersystem.com\/hu\/case-studies\/gb-barriers\/\" \/>\n<meta property=\"og:locale\" content=\"hu_HU\" \/>\n<meta property=\"og:type\" content=\"article\" \/>\n<meta property=\"og:title\" content=\"GB akad\u00e1lyok - Anter System\" \/>\n<meta property=\"og:description\" content=\"A vil\u00e1g legnagyobb, szerz\u0151d\u00e9ses logisztik\u00e1ra szakosodott amerikai \u00fczemeltet\u0151je sz\u00e1m\u00e1ra tervezt\u00fcnk \u00e9s val\u00f3s\u00edtottunk meg egy v\u00e9delmi projektet\" \/>\n<meta property=\"og:url\" content=\"https:\/\/antersystem.com\/hu\/case-studies\/gb-barriers\/\" \/>\n<meta property=\"og:site_name\" content=\"Anter System\" \/>\n<meta property=\"article:modified_time\" content=\"2026-01-30T00:31:27+00:00\" \/>\n<meta name=\"twitter:card\" content=\"summary_large_image\" \/>\n<meta name=\"twitter:label1\" content=\"Becs\u00fclt olvas\u00e1si id\u0151\" \/>\n\t<meta name=\"twitter:data1\" content=\"1 perc\" \/>\n<script type=\"application\/ld+json\" class=\"yoast-schema-graph\">{\"@context\":\"https:\/\/schema.org\",\"@graph\":[{\"@type\":\"WebPage\",\"@id\":\"https:\/\/antersystem.com\/hu\/case-studies\/gb-barriers\/\",\"url\":\"https:\/\/antersystem.com\/hu\/case-studies\/gb-barriers\/\",\"name\":\"GB akad\u00e1lyok - Anter System\",\"isPartOf\":{\"@id\":\"https:\/\/antersystem.com\/hu\/#website\"},\"datePublished\":\"2023-09-01T09:13:45+00:00\",\"dateModified\":\"2026-01-30T00:31:27+00:00\",\"description\":\"A vil\u00e1g legnagyobb, szerz\u0151d\u00e9ses logisztik\u00e1ra szakosodott amerikai \u00fczemeltet\u0151je sz\u00e1m\u00e1ra tervezt\u00fcnk \u00e9s val\u00f3s\u00edtottunk meg egy v\u00e9delmi projektet\",\"breadcrumb\":{\"@id\":\"https:\/\/antersystem.com\/hu\/case-studies\/gb-barriers\/#breadcrumb\"},\"inLanguage\":\"hu\",\"potentialAction\":[{\"@type\":\"ReadAction\",\"target\":[\"https:\/\/antersystem.com\/hu\/case-studies\/gb-barriers\/\"]}]},{\"@type\":\"BreadcrumbList\",\"@id\":\"https:\/\/antersystem.com\/hu\/case-studies\/gb-barriers\/#breadcrumb\",\"itemListElement\":[{\"@type\":\"ListItem\",\"position\":1,\"name\":\"AnterSystem\",\"item\":\"https:\/\/antersystem.com\/hu\/\"},{\"@type\":\"ListItem\",\"position\":2,\"name\":\"Esettanulm\u00e1nyok\",\"item\":\"https:\/\/antersystem.com\/hu\/case-studies\/\"},{\"@type\":\"ListItem\",\"position\":3,\"name\":\"GB akad\u00e1lyok\"}]},{\"@type\":\"WebSite\",\"@id\":\"https:\/\/antersystem.com\/hu\/#website\",\"url\":\"https:\/\/antersystem.com\/hu\/\",\"name\":\"Anter System\",\"description\":\"Jeste\u015bmy polskim producentem elastycznych barier ochronnych wykonywanych z polimerowych tworzyw sztucznych. Na rynku krajowym i zagranicznym dzia\u0142amy od ponad 15 lat dbaj\u0105c o zapewnienie bezpiecze\u0144stwa w zak\u0142adach produkcyjnych, magazynach oraz centrach logistycznych.\",\"potentialAction\":[{\"@type\":\"SearchAction\",\"target\":{\"@type\":\"EntryPoint\",\"urlTemplate\":\"https:\/\/antersystem.com\/hu\/?s={search_term_string}\"},\"query-input\":{\"@type\":\"PropertyValueSpecification\",\"valueRequired\":true,\"valueName\":\"search_term_string\"}}],\"inLanguage\":\"hu\"}]}<\/script>\n<!-- \/ Yoast SEO plugin. -->","yoast_head_json":{"title":"GB akad\u00e1lyok - Anter System","description":"A vil\u00e1g legnagyobb, szerz\u0151d\u00e9ses logisztik\u00e1ra szakosodott amerikai \u00fczemeltet\u0151je sz\u00e1m\u00e1ra tervezt\u00fcnk \u00e9s val\u00f3s\u00edtottunk meg egy v\u00e9delmi projektet","robots":{"index":"index","follow":"follow","max-snippet":"max-snippet:-1","max-image-preview":"max-image-preview:large","max-video-preview":"max-video-preview:-1"},"canonical":"https:\/\/antersystem.com\/hu\/case-studies\/gb-barriers\/","og_locale":"hu_HU","og_type":"article","og_title":"GB akad\u00e1lyok - Anter System","og_description":"A vil\u00e1g legnagyobb, szerz\u0151d\u00e9ses logisztik\u00e1ra szakosodott amerikai \u00fczemeltet\u0151je sz\u00e1m\u00e1ra tervezt\u00fcnk \u00e9s val\u00f3s\u00edtottunk meg egy v\u00e9delmi projektet","og_url":"https:\/\/antersystem.com\/hu\/case-studies\/gb-barriers\/","og_site_name":"Anter System","article_modified_time":"2026-01-30T00:31:27+00:00","twitter_card":"summary_large_image","twitter_misc":{"Becs\u00fclt olvas\u00e1si id\u0151":"1 perc"},"schema":{"@context":"https:\/\/schema.org","@graph":[{"@type":"WebPage","@id":"https:\/\/antersystem.com\/hu\/case-studies\/gb-barriers\/","url":"https:\/\/antersystem.com\/hu\/case-studies\/gb-barriers\/","name":"GB akad\u00e1lyok - Anter System","isPartOf":{"@id":"https:\/\/antersystem.com\/hu\/#website"},"datePublished":"2023-09-01T09:13:45+00:00","dateModified":"2026-01-30T00:31:27+00:00","description":"A vil\u00e1g legnagyobb, szerz\u0151d\u00e9ses logisztik\u00e1ra szakosodott amerikai \u00fczemeltet\u0151je sz\u00e1m\u00e1ra tervezt\u00fcnk \u00e9s val\u00f3s\u00edtottunk meg egy v\u00e9delmi projektet","breadcrumb":{"@id":"https:\/\/antersystem.com\/hu\/case-studies\/gb-barriers\/#breadcrumb"},"inLanguage":"hu","potentialAction":[{"@type":"ReadAction","target":["https:\/\/antersystem.com\/hu\/case-studies\/gb-barriers\/"]}]},{"@type":"BreadcrumbList","@id":"https:\/\/antersystem.com\/hu\/case-studies\/gb-barriers\/#breadcrumb","itemListElement":[{"@type":"ListItem","position":1,"name":"AnterSystem","item":"https:\/\/antersystem.com\/hu\/"},{"@type":"ListItem","position":2,"name":"Esettanulm\u00e1nyok","item":"https:\/\/antersystem.com\/hu\/case-studies\/"},{"@type":"ListItem","position":3,"name":"GB akad\u00e1lyok"}]},{"@type":"WebSite","@id":"https:\/\/antersystem.com\/hu\/#website","url":"https:\/\/antersystem.com\/hu\/","name":"Anter System","description":"Jeste\u015bmy polskim producentem elastycznych barier ochronnych wykonywanych z polimerowych tworzyw sztucznych. Na rynku krajowym i zagranicznym dzia\u0142amy od ponad 15 lat dbaj\u0105c o zapewnienie bezpiecze\u0144stwa w zak\u0142adach produkcyjnych, magazynach oraz centrach logistycznych.","potentialAction":[{"@type":"SearchAction","target":{"@type":"EntryPoint","urlTemplate":"https:\/\/antersystem.com\/hu\/?s={search_term_string}"},"query-input":{"@type":"PropertyValueSpecification","valueRequired":true,"valueName":"search_term_string"}}],"inLanguage":"hu"}]}},"_links":{"self":[{"href":"https:\/\/antersystem.com\/hu\/wp-json\/wp\/v2\/pages\/12903","targetHints":{"allow":["GET"]}}],"collection":[{"href":"https:\/\/antersystem.com\/hu\/wp-json\/wp\/v2\/pages"}],"about":[{"href":"https:\/\/antersystem.com\/hu\/wp-json\/wp\/v2\/types\/page"}],"author":[{"embeddable":true,"href":"https:\/\/antersystem.com\/hu\/wp-json\/wp\/v2\/users\/1"}],"replies":[{"embeddable":true,"href":"https:\/\/antersystem.com\/hu\/wp-json\/wp\/v2\/comments?post=12903"}],"version-history":[{"count":1,"href":"https:\/\/antersystem.com\/hu\/wp-json\/wp\/v2\/pages\/12903\/revisions"}],"predecessor-version":[{"id":12905,"href":"https:\/\/antersystem.com\/hu\/wp-json\/wp\/v2\/pages\/12903\/revisions\/12905"}],"up":[{"embeddable":true,"href":"https:\/\/antersystem.com\/hu\/wp-json\/wp\/v2\/pages\/12598"}],"wp:attachment":[{"href":"https:\/\/antersystem.com\/hu\/wp-json\/wp\/v2\/media?parent=12903"}],"curies":[{"name":"wp","href":"https:\/\/api.w.org\/{rel}","templated":true}]}}