{"id":12940,"date":"2023-10-06T11:50:25","date_gmt":"2023-10-06T09:50:25","guid":{"rendered":"https:\/\/new.antersystem.com\/case-studies\/kb-kerb-barriers\/"},"modified":"2026-01-30T01:30:14","modified_gmt":"2026-01-30T00:30:14","slug":"kb-kerb-barriers","status":"publish","type":"page","link":"https:\/\/antersystem.com\/hu\/case-studies\/kb-kerb-barriers\/","title":{"rendered":"KB szeg\u00e9lykorl\u00e1tok"},"content":{"rendered":"\n<p><\/p>\n\n<div class=\"wp-block-columns is-layout-flex wp-container-core-columns-is-layout-9d6595d7 wp-block-columns-is-layout-flex\">\n<div class=\"wp-block-column is-layout-flow wp-block-column-is-layout-flow\" style=\"flex-basis:10%\"><\/div>\n\n\n\n<div class=\"wp-block-column is-layout-flow wp-block-column-is-layout-flow\">\n<p>A KB Barriers telep\u00edt\u00e9se egy aut\u00f3ipari \u00fcgyf\u00e9l sz\u00e1m\u00e1ra hat\u00e9kony megold\u00e1st jelentett a raklapos l\u00e1d\u00e1k t\u00e1rol\u00e1si ter\u00fclet\u00e9nek biztos\u00edt\u00e1s\u00e1ra. Az Anter System rendk\u00edv\u00fcl tart\u00f3s ERTAX anyagb\u00f3l k\u00e9sz\u00fclt KB Barrierjei n\u00e9lk\u00fcl\u00f6zhetetlennek bizonyultak az elmozdul\u00e1sok megakad\u00e1lyoz\u00e1s\u00e1ban \u00e9s a dobozok megfelel\u0151 igaz\u00edt\u00e1s\u00e1nak fenntart\u00e1s\u00e1ban.<\/p>\n\n\n\n<p>Rendk\u00edv\u00fcli \u00fct\u00e9s\u00e1ll\u00f3s\u00e1g\u00e1nak k\u00f6sz\u00f6nhet\u0151en az ERTAX anyag nemcsak kiemelked\u0151 tart\u00f3ss\u00e1got biztos\u00edt, hanem minim\u00e1lisra cs\u00f6kkenti a korl\u00e1tok s\u00e9r\u00fcl\u00e9s\u00e9nek vagy deform\u00e1l\u00f3d\u00e1s\u00e1nak kock\u00e1zat\u00e1t is. A KB Barriers telep\u00edt\u00e9se hozz\u00e1j\u00e1rult a rakt\u00e1roz\u00e1s hat\u00e9konys\u00e1g\u00e1nak javul\u00e1s\u00e1hoz \u00e9s a rakt\u00e1rbiztons\u00e1g n\u00f6vel\u00e9s\u00e9hez. Ez a megold\u00e1s nemcsak id\u0151t \u00e9s k\u00f6lts\u00e9geket takar\u00edt meg, hanem n\u00f6veli a raklapos l\u00e1d\u00e1k t\u00e1rol\u00e1si ter\u00fclet\u00e9nek \u00e1ltal\u00e1nos funkcionalit\u00e1s\u00e1t is.<\/p>\n\n\n\nngg_shortcode_0_placeholder\n<\/div>\n\n\n\n<div class=\"wp-block-column is-layout-flow wp-block-column-is-layout-flow\" style=\"flex-basis:10%\"><\/div>\n<\/div>\n","protected":false},"excerpt":{"rendered":"<p>A KB Barriers telep\u00edt\u00e9se egy aut\u00f3ipari \u00fcgyf\u00e9l sz\u00e1m\u00e1ra hat\u00e9kony megold\u00e1st jelentett a raklapos l\u00e1d\u00e1k t\u00e1rol\u00e1si ter\u00fclet\u00e9nek biztos\u00edt\u00e1s\u00e1ra. Az Anter System rendk\u00edv\u00fcl tart\u00f3s ERTAX anyagb\u00f3l k\u00e9sz\u00fclt KB Barrierjei n\u00e9lk\u00fcl\u00f6zhetetlennek bizonyultak az elmozdul\u00e1sok megakad\u00e1lyoz\u00e1s\u00e1ban \u00e9s a dobozok megfelel\u0151 igaz\u00edt\u00e1s\u00e1nak fenntart\u00e1s\u00e1ban. Rendk\u00edv\u00fcli \u00fct\u00e9s\u00e1ll\u00f3s\u00e1g\u00e1nak k\u00f6sz\u00f6nhet\u0151en az ERTAX anyag nemcsak kiemelked\u0151 tart\u00f3ss\u00e1got biztos\u00edt, hanem minim\u00e1lisra cs\u00f6kkenti a korl\u00e1tok s\u00e9r\u00fcl\u00e9s\u00e9nek vagy [&hellip;]<\/p>\n","protected":false},"author":1,"featured_media":0,"parent":12598,"menu_order":0,"comment_status":"closed","ping_status":"closed","template":"","meta":{"inline_featured_image":false,"ngg_post_thumbnail":0,"footnotes":""},"class_list":["post-12940","page","type-page","status-publish","hentry"],"acf":[],"yoast_head":"<!-- This site is optimized with the Yoast SEO plugin v27.0 - https:\/\/yoast.com\/product\/yoast-seo-wordpress\/ -->\n<title>KB szeg\u00e9lykorl\u00e1tok - Anter System<\/title>\n<meta name=\"description\" content=\"A KB Barriers telep\u00edt\u00e9se egy aut\u00f3ipari \u00fcgyf\u00e9l sz\u00e1m\u00e1ra hat\u00e9kony megold\u00e1st jelentett a raklapos l\u00e1d\u00e1k t\u00e1rol\u00e1si ter\u00fclet\u00e9nek biztos\u00edt\u00e1s\u00e1ra. Az Anter System\" \/>\n<meta name=\"robots\" content=\"index, follow, max-snippet:-1, max-image-preview:large, max-video-preview:-1\" \/>\n<link rel=\"canonical\" href=\"https:\/\/antersystem.com\/hu\/case-studies\/kb-kerb-barriers\/\" \/>\n<meta property=\"og:locale\" content=\"hu_HU\" \/>\n<meta property=\"og:type\" content=\"article\" \/>\n<meta property=\"og:title\" content=\"KB szeg\u00e9lykorl\u00e1tok - Anter System\" \/>\n<meta property=\"og:description\" content=\"A KB Barriers telep\u00edt\u00e9se egy aut\u00f3ipari \u00fcgyf\u00e9l sz\u00e1m\u00e1ra hat\u00e9kony megold\u00e1st jelentett a raklapos l\u00e1d\u00e1k t\u00e1rol\u00e1si ter\u00fclet\u00e9nek biztos\u00edt\u00e1s\u00e1ra. Az Anter System\" \/>\n<meta property=\"og:url\" content=\"https:\/\/antersystem.com\/hu\/case-studies\/kb-kerb-barriers\/\" \/>\n<meta property=\"og:site_name\" content=\"Anter System\" \/>\n<meta property=\"article:modified_time\" content=\"2026-01-30T00:30:14+00:00\" \/>\n<meta name=\"twitter:card\" content=\"summary_large_image\" \/>\n<meta name=\"twitter:label1\" content=\"Becs\u00fclt olvas\u00e1si id\u0151\" \/>\n\t<meta name=\"twitter:data1\" content=\"1 perc\" \/>\n<script type=\"application\/ld+json\" class=\"yoast-schema-graph\">{\"@context\":\"https:\/\/schema.org\",\"@graph\":[{\"@type\":\"WebPage\",\"@id\":\"https:\/\/antersystem.com\/hu\/case-studies\/kb-kerb-barriers\/\",\"url\":\"https:\/\/antersystem.com\/hu\/case-studies\/kb-kerb-barriers\/\",\"name\":\"KB szeg\u00e9lykorl\u00e1tok - Anter System\",\"isPartOf\":{\"@id\":\"https:\/\/antersystem.com\/hu\/#website\"},\"datePublished\":\"2023-10-06T09:50:25+00:00\",\"dateModified\":\"2026-01-30T00:30:14+00:00\",\"description\":\"A KB Barriers telep\u00edt\u00e9se egy aut\u00f3ipari \u00fcgyf\u00e9l sz\u00e1m\u00e1ra hat\u00e9kony megold\u00e1st jelentett a raklapos l\u00e1d\u00e1k t\u00e1rol\u00e1si ter\u00fclet\u00e9nek biztos\u00edt\u00e1s\u00e1ra. Az Anter System\",\"breadcrumb\":{\"@id\":\"https:\/\/antersystem.com\/hu\/case-studies\/kb-kerb-barriers\/#breadcrumb\"},\"inLanguage\":\"hu\",\"potentialAction\":[{\"@type\":\"ReadAction\",\"target\":[\"https:\/\/antersystem.com\/hu\/case-studies\/kb-kerb-barriers\/\"]}]},{\"@type\":\"BreadcrumbList\",\"@id\":\"https:\/\/antersystem.com\/hu\/case-studies\/kb-kerb-barriers\/#breadcrumb\",\"itemListElement\":[{\"@type\":\"ListItem\",\"position\":1,\"name\":\"AnterSystem\",\"item\":\"https:\/\/antersystem.com\/hu\/\"},{\"@type\":\"ListItem\",\"position\":2,\"name\":\"Esettanulm\u00e1nyok\",\"item\":\"https:\/\/antersystem.com\/hu\/case-studies\/\"},{\"@type\":\"ListItem\",\"position\":3,\"name\":\"KB szeg\u00e9lykorl\u00e1tok\"}]},{\"@type\":\"WebSite\",\"@id\":\"https:\/\/antersystem.com\/hu\/#website\",\"url\":\"https:\/\/antersystem.com\/hu\/\",\"name\":\"Anter System\",\"description\":\"Jeste\u015bmy polskim producentem elastycznych barier ochronnych wykonywanych z polimerowych tworzyw sztucznych. Na rynku krajowym i zagranicznym dzia\u0142amy od ponad 15 lat dbaj\u0105c o zapewnienie bezpiecze\u0144stwa w zak\u0142adach produkcyjnych, magazynach oraz centrach logistycznych.\",\"potentialAction\":[{\"@type\":\"SearchAction\",\"target\":{\"@type\":\"EntryPoint\",\"urlTemplate\":\"https:\/\/antersystem.com\/hu\/?s={search_term_string}\"},\"query-input\":{\"@type\":\"PropertyValueSpecification\",\"valueRequired\":true,\"valueName\":\"search_term_string\"}}],\"inLanguage\":\"hu\"}]}<\/script>\n<!-- \/ Yoast SEO plugin. -->","yoast_head_json":{"title":"KB szeg\u00e9lykorl\u00e1tok - Anter System","description":"A KB Barriers telep\u00edt\u00e9se egy aut\u00f3ipari \u00fcgyf\u00e9l sz\u00e1m\u00e1ra hat\u00e9kony megold\u00e1st jelentett a raklapos l\u00e1d\u00e1k t\u00e1rol\u00e1si ter\u00fclet\u00e9nek biztos\u00edt\u00e1s\u00e1ra. Az Anter System","robots":{"index":"index","follow":"follow","max-snippet":"max-snippet:-1","max-image-preview":"max-image-preview:large","max-video-preview":"max-video-preview:-1"},"canonical":"https:\/\/antersystem.com\/hu\/case-studies\/kb-kerb-barriers\/","og_locale":"hu_HU","og_type":"article","og_title":"KB szeg\u00e9lykorl\u00e1tok - Anter System","og_description":"A KB Barriers telep\u00edt\u00e9se egy aut\u00f3ipari \u00fcgyf\u00e9l sz\u00e1m\u00e1ra hat\u00e9kony megold\u00e1st jelentett a raklapos l\u00e1d\u00e1k t\u00e1rol\u00e1si ter\u00fclet\u00e9nek biztos\u00edt\u00e1s\u00e1ra. Az Anter System","og_url":"https:\/\/antersystem.com\/hu\/case-studies\/kb-kerb-barriers\/","og_site_name":"Anter System","article_modified_time":"2026-01-30T00:30:14+00:00","twitter_card":"summary_large_image","twitter_misc":{"Becs\u00fclt olvas\u00e1si id\u0151":"1 perc"},"schema":{"@context":"https:\/\/schema.org","@graph":[{"@type":"WebPage","@id":"https:\/\/antersystem.com\/hu\/case-studies\/kb-kerb-barriers\/","url":"https:\/\/antersystem.com\/hu\/case-studies\/kb-kerb-barriers\/","name":"KB szeg\u00e9lykorl\u00e1tok - Anter System","isPartOf":{"@id":"https:\/\/antersystem.com\/hu\/#website"},"datePublished":"2023-10-06T09:50:25+00:00","dateModified":"2026-01-30T00:30:14+00:00","description":"A KB Barriers telep\u00edt\u00e9se egy aut\u00f3ipari \u00fcgyf\u00e9l sz\u00e1m\u00e1ra hat\u00e9kony megold\u00e1st jelentett a raklapos l\u00e1d\u00e1k t\u00e1rol\u00e1si ter\u00fclet\u00e9nek biztos\u00edt\u00e1s\u00e1ra. Az Anter System","breadcrumb":{"@id":"https:\/\/antersystem.com\/hu\/case-studies\/kb-kerb-barriers\/#breadcrumb"},"inLanguage":"hu","potentialAction":[{"@type":"ReadAction","target":["https:\/\/antersystem.com\/hu\/case-studies\/kb-kerb-barriers\/"]}]},{"@type":"BreadcrumbList","@id":"https:\/\/antersystem.com\/hu\/case-studies\/kb-kerb-barriers\/#breadcrumb","itemListElement":[{"@type":"ListItem","position":1,"name":"AnterSystem","item":"https:\/\/antersystem.com\/hu\/"},{"@type":"ListItem","position":2,"name":"Esettanulm\u00e1nyok","item":"https:\/\/antersystem.com\/hu\/case-studies\/"},{"@type":"ListItem","position":3,"name":"KB szeg\u00e9lykorl\u00e1tok"}]},{"@type":"WebSite","@id":"https:\/\/antersystem.com\/hu\/#website","url":"https:\/\/antersystem.com\/hu\/","name":"Anter System","description":"Jeste\u015bmy polskim producentem elastycznych barier ochronnych wykonywanych z polimerowych tworzyw sztucznych. Na rynku krajowym i zagranicznym dzia\u0142amy od ponad 15 lat dbaj\u0105c o zapewnienie bezpiecze\u0144stwa w zak\u0142adach produkcyjnych, magazynach oraz centrach logistycznych.","potentialAction":[{"@type":"SearchAction","target":{"@type":"EntryPoint","urlTemplate":"https:\/\/antersystem.com\/hu\/?s={search_term_string}"},"query-input":{"@type":"PropertyValueSpecification","valueRequired":true,"valueName":"search_term_string"}}],"inLanguage":"hu"}]}},"_links":{"self":[{"href":"https:\/\/antersystem.com\/hu\/wp-json\/wp\/v2\/pages\/12940","targetHints":{"allow":["GET"]}}],"collection":[{"href":"https:\/\/antersystem.com\/hu\/wp-json\/wp\/v2\/pages"}],"about":[{"href":"https:\/\/antersystem.com\/hu\/wp-json\/wp\/v2\/types\/page"}],"author":[{"embeddable":true,"href":"https:\/\/antersystem.com\/hu\/wp-json\/wp\/v2\/users\/1"}],"replies":[{"embeddable":true,"href":"https:\/\/antersystem.com\/hu\/wp-json\/wp\/v2\/comments?post=12940"}],"version-history":[{"count":1,"href":"https:\/\/antersystem.com\/hu\/wp-json\/wp\/v2\/pages\/12940\/revisions"}],"predecessor-version":[{"id":12945,"href":"https:\/\/antersystem.com\/hu\/wp-json\/wp\/v2\/pages\/12940\/revisions\/12945"}],"up":[{"embeddable":true,"href":"https:\/\/antersystem.com\/hu\/wp-json\/wp\/v2\/pages\/12598"}],"wp:attachment":[{"href":"https:\/\/antersystem.com\/hu\/wp-json\/wp\/v2\/media?parent=12940"}],"curies":[{"name":"wp","href":"https:\/\/api.w.org\/{rel}","templated":true}]}}