{"id":12979,"date":"2023-08-28T15:34:49","date_gmt":"2023-08-28T13:34:49","guid":{"rendered":"https:\/\/new.antersystem.com\/case-studies\/high-storage-barriers-wroclaw\/"},"modified":"2026-01-30T01:30:58","modified_gmt":"2026-01-30T00:30:58","slug":"high-storage-barriers-wroclaw","status":"publish","type":"page","link":"https:\/\/antersystem.com\/hu\/case-studies\/high-storage-barriers-wroclaw\/","title":{"rendered":"Magas t\u00e1rol\u00e1si korl\u00e1tok Wroclawban"},"content":{"rendered":"\n<div class=\"wp-block-columns is-layout-flex wp-container-core-columns-is-layout-9d6595d7 wp-block-columns-is-layout-flex\">\n<div class=\"wp-block-column is-layout-flow wp-block-column-is-layout-flow\" style=\"flex-basis:10%\"><\/div>\n\n\n\n<div class=\"wp-block-column is-layout-flow wp-block-column-is-layout-flow\" style=\"flex-basis:80%\">\n<p class=\"justify-mru\">Az aut\u00f3ipar sz\u00e1m\u00e1ra k\u00e1belgy\u00e1rt\u00e1sban Eur\u00f3p\u00e1ban vezet\u0151 szerepet bet\u00f6lt\u0151 v\u00e1llalat sok\u00e1ig k\u00fczd\u00f6tt azzal, hogy a neh\u00e9z term\u00e9kek halmai sz\u00e1m\u00e1ra rakt\u00e1roz\u00e1si ter\u00fcleteket biztos\u00edtson.<\/p>\n\n\n\n<p class=\"justify-mru\">A v\u00e1llalat k\u00fcl\u00f6nb\u00f6z\u0151 v\u00e9delmi megold\u00e1sokat vizsg\u00e1lt \u00e9s konzult\u00e1lt. V\u00e9g\u00fcl az Anter System megold\u00e1st v\u00e1lasztott\u00e1k, mivel meggy\u0151zte \u0151ket a robusztus kialak\u00edt\u00e1s, a sz\u0171k helyekre val\u00f3 k\u00f6nny\u0171 telep\u00edthet\u0151s\u00e9g \u00e9s &#8211; ami az \u00fcgyf\u00e9l sz\u00e1m\u00e1ra d\u00f6nt\u0151 &#8211; a kiv\u00e1l\u00f3 min\u0151s\u00e9g\u0171 kivitel.<\/p>\n\n\n\n<p class=\"justify-mru\">Megold\u00e1sunk &#8211; a WALL PROTECTOR magas t\u00e1rol\u00f3 korl\u00e1tok &#8211; bevezet\u00e9s\u00e9vel a v\u00e1llalat nemcsak a munka\u00e1llom\u00e1sok \u00e9s a k\u00f6zleked\u00e9si \u00fatvonalak biztons\u00e1g\u00e1t n\u00f6velte, hanem a k\u00e1belek t\u00e1rol\u00e1s\u00e1ra szolg\u00e1l\u00f3 ter\u00fcleteket is jobban kihaszn\u00e1lta. El\u00e9rt\u00e9k c\u00e9ljukat, hogy cs\u00f6kkents\u00e9k a munka\u00e1llom\u00e1sok \u00e9s a gyalogosok\/j\u00e1rm\u0171vek \u00fatvonalai k\u00f6zel\u00e9ben t\u00e1rolt anyagok felborul\u00e1s\u00e1val j\u00e1r\u00f3 kock\u00e1zatot.  <\/p>\n\n\n\nngg_shortcode_0_placeholder\n<\/div>\n\n\n\n<div class=\"wp-block-column is-layout-flow wp-block-column-is-layout-flow\" style=\"flex-basis:10%\"><\/div>\n<\/div>\n","protected":false},"excerpt":{"rendered":"<p>Az aut\u00f3ipar sz\u00e1m\u00e1ra k\u00e1belgy\u00e1rt\u00e1sban Eur\u00f3p\u00e1ban vezet\u0151 szerepet bet\u00f6lt\u0151 v\u00e1llalat sok\u00e1ig k\u00fczd\u00f6tt azzal, hogy a neh\u00e9z term\u00e9kek halmai sz\u00e1m\u00e1ra rakt\u00e1roz\u00e1si ter\u00fcleteket biztos\u00edtson. A v\u00e1llalat k\u00fcl\u00f6nb\u00f6z\u0151 v\u00e9delmi megold\u00e1sokat vizsg\u00e1lt \u00e9s konzult\u00e1lt. V\u00e9g\u00fcl az Anter System megold\u00e1st v\u00e1lasztott\u00e1k, mivel meggy\u0151zte \u0151ket a robusztus kialak\u00edt\u00e1s, a sz\u0171k helyekre val\u00f3 k\u00f6nny\u0171 telep\u00edthet\u0151s\u00e9g \u00e9s &#8211; ami az \u00fcgyf\u00e9l sz\u00e1m\u00e1ra d\u00f6nt\u0151 &#8211; [&hellip;]<\/p>\n","protected":false},"author":1,"featured_media":0,"parent":12598,"menu_order":0,"comment_status":"closed","ping_status":"closed","template":"","meta":{"inline_featured_image":false,"ngg_post_thumbnail":0,"footnotes":""},"class_list":["post-12979","page","type-page","status-publish","hentry"],"acf":[],"yoast_head":"<!-- This site is optimized with the Yoast SEO plugin v27.0 - https:\/\/yoast.com\/product\/yoast-seo-wordpress\/ -->\n<title>Magas t\u00e1rol\u00e1si korl\u00e1tok Wroclawban - Anter System<\/title>\n<meta name=\"description\" content=\"Az aut\u00f3ipar sz\u00e1m\u00e1ra k\u00e1belgy\u00e1rt\u00e1sban Eur\u00f3p\u00e1ban vezet\u0151 szerepet bet\u00f6lt\u0151 v\u00e1llalat sok\u00e1ig k\u00fczd\u00f6tt azzal, hogy a neh\u00e9z term\u00e9kek halmai sz\u00e1m\u00e1ra rakt\u00e1roz\u00e1si\" \/>\n<meta name=\"robots\" content=\"index, follow, max-snippet:-1, max-image-preview:large, max-video-preview:-1\" \/>\n<link rel=\"canonical\" href=\"https:\/\/antersystem.com\/hu\/case-studies\/high-storage-barriers-wroclaw\/\" \/>\n<meta property=\"og:locale\" content=\"hu_HU\" \/>\n<meta property=\"og:type\" content=\"article\" \/>\n<meta property=\"og:title\" content=\"Magas t\u00e1rol\u00e1si korl\u00e1tok Wroclawban - Anter System\" \/>\n<meta property=\"og:description\" content=\"Az aut\u00f3ipar sz\u00e1m\u00e1ra k\u00e1belgy\u00e1rt\u00e1sban Eur\u00f3p\u00e1ban vezet\u0151 szerepet bet\u00f6lt\u0151 v\u00e1llalat sok\u00e1ig k\u00fczd\u00f6tt azzal, hogy a neh\u00e9z term\u00e9kek halmai sz\u00e1m\u00e1ra rakt\u00e1roz\u00e1si\" \/>\n<meta property=\"og:url\" content=\"https:\/\/antersystem.com\/hu\/case-studies\/high-storage-barriers-wroclaw\/\" \/>\n<meta property=\"og:site_name\" content=\"Anter System\" \/>\n<meta property=\"article:modified_time\" content=\"2026-01-30T00:30:58+00:00\" \/>\n<meta name=\"twitter:card\" content=\"summary_large_image\" \/>\n<meta name=\"twitter:label1\" content=\"Becs\u00fclt olvas\u00e1si id\u0151\" \/>\n\t<meta name=\"twitter:data1\" content=\"1 perc\" \/>\n<script type=\"application\/ld+json\" class=\"yoast-schema-graph\">{\"@context\":\"https:\/\/schema.org\",\"@graph\":[{\"@type\":\"WebPage\",\"@id\":\"https:\/\/antersystem.com\/hu\/case-studies\/high-storage-barriers-wroclaw\/\",\"url\":\"https:\/\/antersystem.com\/hu\/case-studies\/high-storage-barriers-wroclaw\/\",\"name\":\"Magas t\u00e1rol\u00e1si korl\u00e1tok Wroclawban - Anter System\",\"isPartOf\":{\"@id\":\"https:\/\/antersystem.com\/hu\/#website\"},\"datePublished\":\"2023-08-28T13:34:49+00:00\",\"dateModified\":\"2026-01-30T00:30:58+00:00\",\"description\":\"Az aut\u00f3ipar sz\u00e1m\u00e1ra k\u00e1belgy\u00e1rt\u00e1sban Eur\u00f3p\u00e1ban vezet\u0151 szerepet bet\u00f6lt\u0151 v\u00e1llalat sok\u00e1ig k\u00fczd\u00f6tt azzal, hogy a neh\u00e9z term\u00e9kek halmai sz\u00e1m\u00e1ra rakt\u00e1roz\u00e1si\",\"breadcrumb\":{\"@id\":\"https:\/\/antersystem.com\/hu\/case-studies\/high-storage-barriers-wroclaw\/#breadcrumb\"},\"inLanguage\":\"hu\",\"potentialAction\":[{\"@type\":\"ReadAction\",\"target\":[\"https:\/\/antersystem.com\/hu\/case-studies\/high-storage-barriers-wroclaw\/\"]}]},{\"@type\":\"BreadcrumbList\",\"@id\":\"https:\/\/antersystem.com\/hu\/case-studies\/high-storage-barriers-wroclaw\/#breadcrumb\",\"itemListElement\":[{\"@type\":\"ListItem\",\"position\":1,\"name\":\"AnterSystem\",\"item\":\"https:\/\/antersystem.com\/hu\/\"},{\"@type\":\"ListItem\",\"position\":2,\"name\":\"Esettanulm\u00e1nyok\",\"item\":\"https:\/\/antersystem.com\/hu\/case-studies\/\"},{\"@type\":\"ListItem\",\"position\":3,\"name\":\"Magas t\u00e1rol\u00e1si korl\u00e1tok Wroclawban\"}]},{\"@type\":\"WebSite\",\"@id\":\"https:\/\/antersystem.com\/hu\/#website\",\"url\":\"https:\/\/antersystem.com\/hu\/\",\"name\":\"Anter System\",\"description\":\"Jeste\u015bmy polskim producentem elastycznych barier ochronnych wykonywanych z polimerowych tworzyw sztucznych. Na rynku krajowym i zagranicznym dzia\u0142amy od ponad 15 lat dbaj\u0105c o zapewnienie bezpiecze\u0144stwa w zak\u0142adach produkcyjnych, magazynach oraz centrach logistycznych.\",\"potentialAction\":[{\"@type\":\"SearchAction\",\"target\":{\"@type\":\"EntryPoint\",\"urlTemplate\":\"https:\/\/antersystem.com\/hu\/?s={search_term_string}\"},\"query-input\":{\"@type\":\"PropertyValueSpecification\",\"valueRequired\":true,\"valueName\":\"search_term_string\"}}],\"inLanguage\":\"hu\"}]}<\/script>\n<!-- \/ Yoast SEO plugin. -->","yoast_head_json":{"title":"Magas t\u00e1rol\u00e1si korl\u00e1tok Wroclawban - Anter System","description":"Az aut\u00f3ipar sz\u00e1m\u00e1ra k\u00e1belgy\u00e1rt\u00e1sban Eur\u00f3p\u00e1ban vezet\u0151 szerepet bet\u00f6lt\u0151 v\u00e1llalat sok\u00e1ig k\u00fczd\u00f6tt azzal, hogy a neh\u00e9z term\u00e9kek halmai sz\u00e1m\u00e1ra rakt\u00e1roz\u00e1si","robots":{"index":"index","follow":"follow","max-snippet":"max-snippet:-1","max-image-preview":"max-image-preview:large","max-video-preview":"max-video-preview:-1"},"canonical":"https:\/\/antersystem.com\/hu\/case-studies\/high-storage-barriers-wroclaw\/","og_locale":"hu_HU","og_type":"article","og_title":"Magas t\u00e1rol\u00e1si korl\u00e1tok Wroclawban - Anter System","og_description":"Az aut\u00f3ipar sz\u00e1m\u00e1ra k\u00e1belgy\u00e1rt\u00e1sban Eur\u00f3p\u00e1ban vezet\u0151 szerepet bet\u00f6lt\u0151 v\u00e1llalat sok\u00e1ig k\u00fczd\u00f6tt azzal, hogy a neh\u00e9z term\u00e9kek halmai sz\u00e1m\u00e1ra rakt\u00e1roz\u00e1si","og_url":"https:\/\/antersystem.com\/hu\/case-studies\/high-storage-barriers-wroclaw\/","og_site_name":"Anter System","article_modified_time":"2026-01-30T00:30:58+00:00","twitter_card":"summary_large_image","twitter_misc":{"Becs\u00fclt olvas\u00e1si id\u0151":"1 perc"},"schema":{"@context":"https:\/\/schema.org","@graph":[{"@type":"WebPage","@id":"https:\/\/antersystem.com\/hu\/case-studies\/high-storage-barriers-wroclaw\/","url":"https:\/\/antersystem.com\/hu\/case-studies\/high-storage-barriers-wroclaw\/","name":"Magas t\u00e1rol\u00e1si korl\u00e1tok Wroclawban - Anter System","isPartOf":{"@id":"https:\/\/antersystem.com\/hu\/#website"},"datePublished":"2023-08-28T13:34:49+00:00","dateModified":"2026-01-30T00:30:58+00:00","description":"Az aut\u00f3ipar sz\u00e1m\u00e1ra k\u00e1belgy\u00e1rt\u00e1sban Eur\u00f3p\u00e1ban vezet\u0151 szerepet bet\u00f6lt\u0151 v\u00e1llalat sok\u00e1ig k\u00fczd\u00f6tt azzal, hogy a neh\u00e9z term\u00e9kek halmai sz\u00e1m\u00e1ra rakt\u00e1roz\u00e1si","breadcrumb":{"@id":"https:\/\/antersystem.com\/hu\/case-studies\/high-storage-barriers-wroclaw\/#breadcrumb"},"inLanguage":"hu","potentialAction":[{"@type":"ReadAction","target":["https:\/\/antersystem.com\/hu\/case-studies\/high-storage-barriers-wroclaw\/"]}]},{"@type":"BreadcrumbList","@id":"https:\/\/antersystem.com\/hu\/case-studies\/high-storage-barriers-wroclaw\/#breadcrumb","itemListElement":[{"@type":"ListItem","position":1,"name":"AnterSystem","item":"https:\/\/antersystem.com\/hu\/"},{"@type":"ListItem","position":2,"name":"Esettanulm\u00e1nyok","item":"https:\/\/antersystem.com\/hu\/case-studies\/"},{"@type":"ListItem","position":3,"name":"Magas t\u00e1rol\u00e1si korl\u00e1tok Wroclawban"}]},{"@type":"WebSite","@id":"https:\/\/antersystem.com\/hu\/#website","url":"https:\/\/antersystem.com\/hu\/","name":"Anter System","description":"Jeste\u015bmy polskim producentem elastycznych barier ochronnych wykonywanych z polimerowych tworzyw sztucznych. Na rynku krajowym i zagranicznym dzia\u0142amy od ponad 15 lat dbaj\u0105c o zapewnienie bezpiecze\u0144stwa w zak\u0142adach produkcyjnych, magazynach oraz centrach logistycznych.","potentialAction":[{"@type":"SearchAction","target":{"@type":"EntryPoint","urlTemplate":"https:\/\/antersystem.com\/hu\/?s={search_term_string}"},"query-input":{"@type":"PropertyValueSpecification","valueRequired":true,"valueName":"search_term_string"}}],"inLanguage":"hu"}]}},"_links":{"self":[{"href":"https:\/\/antersystem.com\/hu\/wp-json\/wp\/v2\/pages\/12979","targetHints":{"allow":["GET"]}}],"collection":[{"href":"https:\/\/antersystem.com\/hu\/wp-json\/wp\/v2\/pages"}],"about":[{"href":"https:\/\/antersystem.com\/hu\/wp-json\/wp\/v2\/types\/page"}],"author":[{"embeddable":true,"href":"https:\/\/antersystem.com\/hu\/wp-json\/wp\/v2\/users\/1"}],"replies":[{"embeddable":true,"href":"https:\/\/antersystem.com\/hu\/wp-json\/wp\/v2\/comments?post=12979"}],"version-history":[{"count":1,"href":"https:\/\/antersystem.com\/hu\/wp-json\/wp\/v2\/pages\/12979\/revisions"}],"predecessor-version":[{"id":12980,"href":"https:\/\/antersystem.com\/hu\/wp-json\/wp\/v2\/pages\/12979\/revisions\/12980"}],"up":[{"embeddable":true,"href":"https:\/\/antersystem.com\/hu\/wp-json\/wp\/v2\/pages\/12598"}],"wp:attachment":[{"href":"https:\/\/antersystem.com\/hu\/wp-json\/wp\/v2\/media?parent=12979"}],"curies":[{"name":"wp","href":"https:\/\/api.w.org\/{rel}","templated":true}]}}