{"id":12995,"date":"2024-12-06T14:52:25","date_gmt":"2024-12-06T13:52:25","guid":{"rendered":"https:\/\/new.antersystem.com\/case-studies\/pa-bollards-gb-barriers-cold-storage-facility\/"},"modified":"2026-01-31T22:28:52","modified_gmt":"2026-01-31T21:28:52","slug":"pa-bollards-gb-barriers-cold-storage-facility","status":"publish","type":"page","link":"https:\/\/antersystem.com\/hu\/case-studies\/pa-bollards-gb-barriers-cold-storage-facility\/","title":{"rendered":"PA pollerek \u00e9s GB korl\u00e1tok egy h\u0171t\u0151h\u00e1zban"},"content":{"rendered":"\n<div class=\"wp-block-columns is-layout-flex wp-container-core-columns-is-layout-9d6595d7 wp-block-columns-is-layout-flex\">\n<div class=\"wp-block-column is-layout-flow wp-block-column-is-layout-flow\" style=\"flex-basis:10%\"><\/div>\n\n\n\n<div class=\"wp-block-column is-layout-flow wp-block-column-is-layout-flow\">\n<h2 class=\"wp-block-heading\">PA v\u00e9d\u0151korl\u00e1tok \u00e9s GB HD+ korl\u00e1tok. Hat\u00e9kony infrastrukt\u00fara-v\u00e9delem alacsony h\u0151m\u00e9rs\u00e9kleten<\/h2>\n\n\n\n<p>Az egyik ipari biztons\u00e1gi projekt\u00fcnkben, amelyet egy \u00fajonnan \u00e9p\u00edtett h\u0171t\u0151h\u00e1zban hajtottunk v\u00e9gre, azzal a kih\u00edv\u00e1ssal szembes\u00fclt\u00fcnk, hogy meg kell v\u00e9den\u00fcnk a potenci\u00e1lis k\u00e1roknak kitett kulcsfontoss\u00e1g\u00fa infrastruktur\u00e1lis elemeket. A targonc\u00e1k \u00e9s k\u00e9zi sz\u00e1ll\u00edt\u00f3 kocsik intenz\u00edv forgalma olyan megold\u00e1sokat ig\u00e9nyelt, amelyek nemcsak a l\u00e9tes\u00edtm\u00e9ny kritikus ter\u00fcleteit v\u00e9dik, hanem <strong>a sz\u00e9ls\u0151s\u00e9ges k\u00f6r\u00fclm\u00e9nyeknek &#8211;<\/strong> ak\u00e1r -40\u00b0C-os <strong>h\u0151m\u00e9rs\u00e9kletnek &#8211;<\/strong> is <strong>ellen\u00e1llnak<\/strong>.<\/p>\n\n\n\n<p>A projekt kiterjedt az olyan elemek v\u00e9delm\u00e9re, mint a bej\u00e1rati kapuk, rakod\u00f3 dokkok, szaniter berendez\u00e9sek, valamint a termel\u00e9si \u00e9s rakt\u00e1rter\u00fcletek falai. Emellett a megold\u00e1soknak meg kellett felelni\u00fck az \u00e9lelmiszeriparban alkalmazand\u00f3 magas higi\u00e9niai k\u00f6vetelm\u00e9nyeknek.<\/p>\n\n\n\n<h3 class=\"wp-block-heading\">V\u00e9grehajt\u00e1s<\/h3>\n\n\n\n<p>A folyamat egy <strong>r\u00e9szletes helysz\u00edni audit\u00e1l\u00e1ssal<\/strong> kezd\u0151d\u00f6tt <strong>,<\/strong> amely lehet\u0151v\u00e9 tette sz\u00e1munkra, hogy azonos\u00edtsuk a k\u00e1roknak legink\u00e1bb kitett ter\u00fcleteket. Az \u00fcgyf\u00e9llel val\u00f3 egy\u00fcttm\u0171k\u00f6d\u00e9s minden szakaszban kulcsfontoss\u00e1g\u00fa volt &#8211; az ig\u00e9nyelemz\u00e9st\u0151l a megfelel\u0151 term\u00e9kek bevezet\u00e9s\u00e9ig. A feladatunk nem csak az volt, hogy hat\u00e9kony v\u00e9delmet ny\u00fajtsunk, hanem az is, hogy olyan megold\u00e1st tervezz\u00fcnk, amely tart\u00f3s, eszt\u00e9tikus \u00e9s funkcion\u00e1lis a mindennapi haszn\u00e1lat sor\u00e1n.<\/p>\n\n\n\n<p>Az infrastrukt\u00fara v\u00e9delm\u00e9re rugalmas PA <a href=\"https:\/\/antersystem.com\/produkty\/elastyczny-slup-ochronny-pa\/\">v\u00e9d\u0151 pollereket, PEDESTRIAN<\/a> R2 GB korl\u00e1tokat \u00e9s GB <a href=\"https:\/\/antersystem.com\/produkty\/elastyczna-bariera-gb-hd\/\">padl\u00f3g\u00e1takat haszn\u00e1ltunk .<\/a> PA v\u00e9d\u0151korl\u00e1tokat a bej\u00e1rati kapukhoz, rakod\u00f3dokkokhoz, valamint a j\u00e1rm\u0171vek \u00e9s k\u00e9zi sz\u00e1ll\u00edt\u00f3 kocsik \u00e1ltal haszn\u00e1lt ajt\u00f3khoz telep\u00edtett\u00e9k. Ezeket az eg\u00e9szs\u00e9g\u00fcgyi berendez\u00e9sek, p\u00e9ld\u00e1ul mosogat\u00f3k k\u00f6zel\u00e9ben is elhelyezt\u00e9k, \u00edgy v\u00e9dve \u0151ket a v\u00e9letlen \u00fct\u00e9sekt\u0151l.<\/p>\n\n\n\n<p>A targoncavill\u00e1kkal \u00e9rintkez\u00e9snek kitett falak ment\u00e9n rugalmas <a href=\"https:\/\/antersystem.com\/produkty\/elastyczna-bariera-pedestrian-r2-gb\/\">Pedestrian R2 GB v\u00e9d\u0151korl\u00e1tokat<\/a>, valamint GB padl\u00f3g\u00e1takat helyezt\u00fcnk el. Ezek a megold\u00e1sok hat\u00e9kony v\u00e9delmet ny\u00fajtanak a falak als\u00f3 r\u00e9szeinek a mechanikai s\u00e9r\u00fcl\u00e9sek ellen.<\/p>\n\n\n\n<p>A megval\u00f3s\u00edt\u00e1s fontos szempontja volt a <strong>rendk\u00edv\u00fcl alacsony h\u0151m\u00e9rs\u00e9kleten val\u00f3 m\u0171k\u00f6d\u00e9sre<\/strong> tervezett, k\u00fcl\u00f6n erre a c\u00e9lra kifejlesztett term\u00e9kcsal\u00e1d haszn\u00e1lata <strong>.<\/strong> Ezek a megold\u00e1sok m\u00e9g hideg t\u00e1rol\u00e1si k\u00f6rnyezetben is meg\u0151rzik rugalmass\u00e1gukat \u00e9s tart\u00f3ss\u00e1gukat, ami azt jelenti, hogy reped\u00e9s vagy sz\u00e9tt\u00f6r\u00e9s n\u00e9lk\u00fcl ellen\u00e1llnak az \u00fct\u00e9seknek. Az alkalmazott term\u00e9kek kiv\u00e1l\u00f3 min\u0151s\u00e9g\u0171 polimer anyagokb\u00f3l k\u00e9sz\u00fclnek, amelyek ellen\u00e1llnak a korr\u00f3zi\u00f3nak \u00e9s m\u00e1s mechanikai s\u00e9r\u00fcl\u00e9seknek is.<\/p>\n\n\n\n<h3 class=\"wp-block-heading\">Eredm\u00e9nyek<\/h3>\n\n\n\n<p>A bevezetett megold\u00e1sok sz\u00e1mos el\u0151nnyel j\u00e1rtak. Biztos\u00edtottuk az infrastrukt\u00fara hat\u00e9kony v\u00e9delm\u00e9t, lehet\u0151v\u00e9 t\u00e9ve az \u00fcgyf\u00e9l sz\u00e1m\u00e1ra, hogy elker\u00fclje a kapuk, dokkok vagy szaniter berendez\u00e9sek esetleges jav\u00edt\u00e1s\u00e1val kapcsolatos k\u00f6lts\u00e9geket. A v\u00e9d\u0151elemek megfelel\u0151 elhelyez\u00e9s\u00e9nek k\u00f6sz\u00f6nhet\u0151en a teljes berendez\u00e9s \u00f6sszef\u00fcgg\u0151 biztons\u00e1gi rendszerk\u00e9nt m\u0171k\u00f6dik, amely minim\u00e1lisra cs\u00f6kkenti a napi m\u0171k\u00f6d\u00e9s sor\u00e1n bek\u00f6vetkez\u0151 k\u00e1rok kock\u00e1zat\u00e1t.<\/p>\n\n\n\n<p>Az Anter System \u00e1ltal a v\u00e9d\u0151falak \u00e9s pollerek eset\u00e9ben haszn\u00e1lt anyagok k\u00f6nnyen tiszt\u00e1n tarthat\u00f3k, ami az \u00e9lelmiszeriparban alapvet\u0151 fontoss\u00e1g\u00fa. <a href=\"https:\/\/antersystem.com\/wiedza-i-nowosci\/standardy-higieniczne\/\">Megfelelnek a szigor\u00fa HACCP- \u00e9s FDA-k\u00f6vetelm\u00e9nyeknek, ami<\/a> meger\u0151s\u00edti az \u00e9lelmiszerekkel val\u00f3 \u00e9rintkez\u00e9s biztons\u00e1g\u00e1t. Ezenk\u00edv\u00fcl a telep\u00edt\u00e9s sor\u00e1n bels\u0151 szerel\u00e9si megold\u00e1sokat alkalmaztunk a legmagasabb higi\u00e9niai k\u00f6vetelm\u00e9nyeket t\u00e1maszt\u00f3 ter\u00fcleteken.<\/p>\n\n\n\n<p>A megval\u00f3s\u00edtott megold\u00e1s legfontosabb el\u0151nye az alacsony h\u0151m\u00e9rs\u00e9kletekkel szembeni ellen\u00e1ll\u00f3 k\u00e9pess\u00e9g. A nagyon alacsony h\u0151m\u00e9rs\u00e9klet\u0171 k\u00f6rnyezetek sz\u00e1m\u00e1ra kifejlesztett rugalmas Anter System g\u00e1tak <strong>-40\u00b0C-os<\/strong> h\u0151m\u00e9rs\u00e9kleten <strong>is<\/strong> teljes m\u00e9rt\u00e9kben m\u0171k\u00f6d\u0151k\u00e9pesek maradnak <strong>,<\/strong> \u00edgy ide\u00e1lis v\u00e1laszt\u00e1snak bizonyulnak h\u0171t\u0151h\u00e1zak \u00e9s fagyaszt\u00f3l\u00e9tes\u00edtm\u00e9nyek sz\u00e1m\u00e1ra.<\/p>\n\n\n\n<h3 class=\"wp-block-heading\">\u00d6sszefoglal\u00f3<\/h3>\n\n\n\n<p>A h\u0171t\u0151h\u00e1zi projekt egy \u00fajabb p\u00e9lda az Anter System v\u00e9d\u0151g\u00e1trendszerek hat\u00e9kony alkalmaz\u00e1s\u00e1ra speci\u00e1lis k\u00f6r\u00fclm\u00e9nyek k\u00f6z\u00f6tt. <strong>A rugalmass\u00e1g, a tart\u00f3ss\u00e1g \u00e9s az eszt\u00e9tikum<\/strong> kombin\u00e1ci\u00f3ja <strong>biztos\u00edtotta, hogy<\/strong> a megval\u00f3s\u00edtott korl\u00e1tok \u00e9s v\u00e9d\u0151 pollerek teljes m\u00e9rt\u00e9kben megfeleljenek az \u00fcgyf\u00e9l elv\u00e1r\u00e1sainak. A gondos tervez\u00e9snek, a megfelel\u0151 term\u00e9kv\u00e1laszt\u00e1snak \u00e9s a szakszer\u0171 kivitelez\u00e9snek k\u00f6sz\u00f6nhet\u0151en a l\u00e9tes\u00edtm\u00e9ny \u00e1tfog\u00f3 v\u00e9delmet kapott, ami nagyobb biztons\u00e1got \u00e9s cs\u00f6kkentett potenci\u00e1lis jav\u00edt\u00e1si k\u00f6lts\u00e9geket eredm\u00e9nyezett.<\/p>\n<\/div>\n\n\n\n<div class=\"wp-block-column is-layout-flow wp-block-column-is-layout-flow\" style=\"flex-basis:10%\"><\/div>\n<\/div>\n\nngg_shortcode_0_placeholder\n","protected":false},"excerpt":{"rendered":"<p>PA v\u00e9d\u0151korl\u00e1tok \u00e9s GB HD+ korl\u00e1tok. Hat\u00e9kony infrastrukt\u00fara-v\u00e9delem alacsony h\u0151m\u00e9rs\u00e9kleten Az egyik ipari biztons\u00e1gi projekt\u00fcnkben, amelyet egy \u00fajonnan \u00e9p\u00edtett h\u0171t\u0151h\u00e1zban hajtottunk v\u00e9gre, azzal a kih\u00edv\u00e1ssal szembes\u00fclt\u00fcnk, hogy meg kell v\u00e9den\u00fcnk a potenci\u00e1lis k\u00e1roknak kitett kulcsfontoss\u00e1g\u00fa infrastruktur\u00e1lis elemeket. A targonc\u00e1k \u00e9s k\u00e9zi sz\u00e1ll\u00edt\u00f3 kocsik intenz\u00edv forgalma olyan megold\u00e1sokat ig\u00e9nyelt, amelyek nemcsak a l\u00e9tes\u00edtm\u00e9ny kritikus ter\u00fcleteit v\u00e9dik, [&hellip;]<\/p>\n","protected":false},"author":1,"featured_media":0,"parent":12598,"menu_order":0,"comment_status":"closed","ping_status":"closed","template":"","meta":{"inline_featured_image":false,"ngg_post_thumbnail":0,"footnotes":""},"class_list":["post-12995","page","type-page","status-publish","hentry"],"acf":[],"yoast_head":"<!-- This site is optimized with the Yoast SEO plugin v27.0 - https:\/\/yoast.com\/product\/yoast-seo-wordpress\/ -->\n<title>PA pollerek \u00e9s GB korl\u00e1tok egy h\u0171t\u0151h\u00e1zban - Anter System<\/title>\n<meta name=\"description\" content=\"PA v\u00e9d\u0151korl\u00e1tok \u00e9s GB HD+ korl\u00e1tok. Hat\u00e9kony infrastrukt\u00fara-v\u00e9delem alacsony h\u0151m\u00e9rs\u00e9kleten Az egyik ipari biztons\u00e1gi projekt\u00fcnkben, amelyet egy \u00fajonnan\" \/>\n<meta name=\"robots\" content=\"index, follow, max-snippet:-1, max-image-preview:large, max-video-preview:-1\" \/>\n<link rel=\"canonical\" href=\"https:\/\/antersystem.com\/hu\/case-studies\/pa-bollards-gb-barriers-cold-storage-facility\/\" \/>\n<meta property=\"og:locale\" content=\"hu_HU\" \/>\n<meta property=\"og:type\" content=\"article\" \/>\n<meta property=\"og:title\" content=\"PA pollerek \u00e9s GB korl\u00e1tok egy h\u0171t\u0151h\u00e1zban - Anter System\" \/>\n<meta property=\"og:description\" content=\"PA v\u00e9d\u0151korl\u00e1tok \u00e9s GB HD+ korl\u00e1tok. Hat\u00e9kony infrastrukt\u00fara-v\u00e9delem alacsony h\u0151m\u00e9rs\u00e9kleten Az egyik ipari biztons\u00e1gi projekt\u00fcnkben, amelyet egy \u00fajonnan\" \/>\n<meta property=\"og:url\" content=\"https:\/\/antersystem.com\/hu\/case-studies\/pa-bollards-gb-barriers-cold-storage-facility\/\" \/>\n<meta property=\"og:site_name\" content=\"Anter System\" \/>\n<meta property=\"article:modified_time\" content=\"2026-01-31T21:28:52+00:00\" \/>\n<meta name=\"twitter:card\" content=\"summary_large_image\" \/>\n<meta name=\"twitter:label1\" content=\"Becs\u00fclt olvas\u00e1si id\u0151\" \/>\n\t<meta name=\"twitter:data1\" content=\"4 perc\" \/>\n<script type=\"application\/ld+json\" class=\"yoast-schema-graph\">{\"@context\":\"https:\/\/schema.org\",\"@graph\":[{\"@type\":\"WebPage\",\"@id\":\"https:\/\/antersystem.com\/hu\/case-studies\/pa-bollards-gb-barriers-cold-storage-facility\/\",\"url\":\"https:\/\/antersystem.com\/hu\/case-studies\/pa-bollards-gb-barriers-cold-storage-facility\/\",\"name\":\"PA pollerek \u00e9s GB korl\u00e1tok egy h\u0171t\u0151h\u00e1zban - Anter System\",\"isPartOf\":{\"@id\":\"https:\/\/antersystem.com\/hu\/#website\"},\"datePublished\":\"2024-12-06T13:52:25+00:00\",\"dateModified\":\"2026-01-31T21:28:52+00:00\",\"description\":\"PA v\u00e9d\u0151korl\u00e1tok \u00e9s GB HD+ korl\u00e1tok. Hat\u00e9kony infrastrukt\u00fara-v\u00e9delem alacsony h\u0151m\u00e9rs\u00e9kleten Az egyik ipari biztons\u00e1gi projekt\u00fcnkben, amelyet egy \u00fajonnan\",\"breadcrumb\":{\"@id\":\"https:\/\/antersystem.com\/hu\/case-studies\/pa-bollards-gb-barriers-cold-storage-facility\/#breadcrumb\"},\"inLanguage\":\"hu\",\"potentialAction\":[{\"@type\":\"ReadAction\",\"target\":[\"https:\/\/antersystem.com\/hu\/case-studies\/pa-bollards-gb-barriers-cold-storage-facility\/\"]}]},{\"@type\":\"BreadcrumbList\",\"@id\":\"https:\/\/antersystem.com\/hu\/case-studies\/pa-bollards-gb-barriers-cold-storage-facility\/#breadcrumb\",\"itemListElement\":[{\"@type\":\"ListItem\",\"position\":1,\"name\":\"AnterSystem\",\"item\":\"https:\/\/antersystem.com\/hu\/\"},{\"@type\":\"ListItem\",\"position\":2,\"name\":\"Esettanulm\u00e1nyok\",\"item\":\"https:\/\/antersystem.com\/hu\/case-studies\/\"},{\"@type\":\"ListItem\",\"position\":3,\"name\":\"PA pollerek \u00e9s GB korl\u00e1tok egy h\u0171t\u0151h\u00e1zban\"}]},{\"@type\":\"WebSite\",\"@id\":\"https:\/\/antersystem.com\/hu\/#website\",\"url\":\"https:\/\/antersystem.com\/hu\/\",\"name\":\"Anter System\",\"description\":\"Jeste\u015bmy polskim producentem elastycznych barier ochronnych wykonywanych z polimerowych tworzyw sztucznych. Na rynku krajowym i zagranicznym dzia\u0142amy od ponad 15 lat dbaj\u0105c o zapewnienie bezpiecze\u0144stwa w zak\u0142adach produkcyjnych, magazynach oraz centrach logistycznych.\",\"potentialAction\":[{\"@type\":\"SearchAction\",\"target\":{\"@type\":\"EntryPoint\",\"urlTemplate\":\"https:\/\/antersystem.com\/hu\/?s={search_term_string}\"},\"query-input\":{\"@type\":\"PropertyValueSpecification\",\"valueRequired\":true,\"valueName\":\"search_term_string\"}}],\"inLanguage\":\"hu\"}]}<\/script>\n<!-- \/ Yoast SEO plugin. -->","yoast_head_json":{"title":"PA pollerek \u00e9s GB korl\u00e1tok egy h\u0171t\u0151h\u00e1zban - Anter System","description":"PA v\u00e9d\u0151korl\u00e1tok \u00e9s GB HD+ korl\u00e1tok. Hat\u00e9kony infrastrukt\u00fara-v\u00e9delem alacsony h\u0151m\u00e9rs\u00e9kleten Az egyik ipari biztons\u00e1gi projekt\u00fcnkben, amelyet egy \u00fajonnan","robots":{"index":"index","follow":"follow","max-snippet":"max-snippet:-1","max-image-preview":"max-image-preview:large","max-video-preview":"max-video-preview:-1"},"canonical":"https:\/\/antersystem.com\/hu\/case-studies\/pa-bollards-gb-barriers-cold-storage-facility\/","og_locale":"hu_HU","og_type":"article","og_title":"PA pollerek \u00e9s GB korl\u00e1tok egy h\u0171t\u0151h\u00e1zban - Anter System","og_description":"PA v\u00e9d\u0151korl\u00e1tok \u00e9s GB HD+ korl\u00e1tok. Hat\u00e9kony infrastrukt\u00fara-v\u00e9delem alacsony h\u0151m\u00e9rs\u00e9kleten Az egyik ipari biztons\u00e1gi projekt\u00fcnkben, amelyet egy \u00fajonnan","og_url":"https:\/\/antersystem.com\/hu\/case-studies\/pa-bollards-gb-barriers-cold-storage-facility\/","og_site_name":"Anter System","article_modified_time":"2026-01-31T21:28:52+00:00","twitter_card":"summary_large_image","twitter_misc":{"Becs\u00fclt olvas\u00e1si id\u0151":"4 perc"},"schema":{"@context":"https:\/\/schema.org","@graph":[{"@type":"WebPage","@id":"https:\/\/antersystem.com\/hu\/case-studies\/pa-bollards-gb-barriers-cold-storage-facility\/","url":"https:\/\/antersystem.com\/hu\/case-studies\/pa-bollards-gb-barriers-cold-storage-facility\/","name":"PA pollerek \u00e9s GB korl\u00e1tok egy h\u0171t\u0151h\u00e1zban - Anter System","isPartOf":{"@id":"https:\/\/antersystem.com\/hu\/#website"},"datePublished":"2024-12-06T13:52:25+00:00","dateModified":"2026-01-31T21:28:52+00:00","description":"PA v\u00e9d\u0151korl\u00e1tok \u00e9s GB HD+ korl\u00e1tok. Hat\u00e9kony infrastrukt\u00fara-v\u00e9delem alacsony h\u0151m\u00e9rs\u00e9kleten Az egyik ipari biztons\u00e1gi projekt\u00fcnkben, amelyet egy \u00fajonnan","breadcrumb":{"@id":"https:\/\/antersystem.com\/hu\/case-studies\/pa-bollards-gb-barriers-cold-storage-facility\/#breadcrumb"},"inLanguage":"hu","potentialAction":[{"@type":"ReadAction","target":["https:\/\/antersystem.com\/hu\/case-studies\/pa-bollards-gb-barriers-cold-storage-facility\/"]}]},{"@type":"BreadcrumbList","@id":"https:\/\/antersystem.com\/hu\/case-studies\/pa-bollards-gb-barriers-cold-storage-facility\/#breadcrumb","itemListElement":[{"@type":"ListItem","position":1,"name":"AnterSystem","item":"https:\/\/antersystem.com\/hu\/"},{"@type":"ListItem","position":2,"name":"Esettanulm\u00e1nyok","item":"https:\/\/antersystem.com\/hu\/case-studies\/"},{"@type":"ListItem","position":3,"name":"PA pollerek \u00e9s GB korl\u00e1tok egy h\u0171t\u0151h\u00e1zban"}]},{"@type":"WebSite","@id":"https:\/\/antersystem.com\/hu\/#website","url":"https:\/\/antersystem.com\/hu\/","name":"Anter System","description":"Jeste\u015bmy polskim producentem elastycznych barier ochronnych wykonywanych z polimerowych tworzyw sztucznych. Na rynku krajowym i zagranicznym dzia\u0142amy od ponad 15 lat dbaj\u0105c o zapewnienie bezpiecze\u0144stwa w zak\u0142adach produkcyjnych, magazynach oraz centrach logistycznych.","potentialAction":[{"@type":"SearchAction","target":{"@type":"EntryPoint","urlTemplate":"https:\/\/antersystem.com\/hu\/?s={search_term_string}"},"query-input":{"@type":"PropertyValueSpecification","valueRequired":true,"valueName":"search_term_string"}}],"inLanguage":"hu"}]}},"_links":{"self":[{"href":"https:\/\/antersystem.com\/hu\/wp-json\/wp\/v2\/pages\/12995","targetHints":{"allow":["GET"]}}],"collection":[{"href":"https:\/\/antersystem.com\/hu\/wp-json\/wp\/v2\/pages"}],"about":[{"href":"https:\/\/antersystem.com\/hu\/wp-json\/wp\/v2\/types\/page"}],"author":[{"embeddable":true,"href":"https:\/\/antersystem.com\/hu\/wp-json\/wp\/v2\/users\/1"}],"replies":[{"embeddable":true,"href":"https:\/\/antersystem.com\/hu\/wp-json\/wp\/v2\/comments?post=12995"}],"version-history":[{"count":1,"href":"https:\/\/antersystem.com\/hu\/wp-json\/wp\/v2\/pages\/12995\/revisions"}],"predecessor-version":[{"id":12998,"href":"https:\/\/antersystem.com\/hu\/wp-json\/wp\/v2\/pages\/12995\/revisions\/12998"}],"up":[{"embeddable":true,"href":"https:\/\/antersystem.com\/hu\/wp-json\/wp\/v2\/pages\/12598"}],"wp:attachment":[{"href":"https:\/\/antersystem.com\/hu\/wp-json\/wp\/v2\/media?parent=12995"}],"curies":[{"name":"wp","href":"https:\/\/api.w.org\/{rel}","templated":true}]}}