{"id":13047,"date":"2023-12-11T12:55:28","date_gmt":"2023-12-11T11:55:28","guid":{"rendered":"https:\/\/new.antersystem.com\/case-studies\/sga-safety-gates\/"},"modified":"2026-01-30T01:31:15","modified_gmt":"2026-01-30T00:31:15","slug":"sga-safety-gates","status":"publish","type":"page","link":"https:\/\/antersystem.com\/hu\/case-studies\/sga-safety-gates\/","title":{"rendered":"SGA biztons\u00e1gi kapuk"},"content":{"rendered":"\n<p><\/p>\n\n<div class=\"wp-block-columns is-layout-flex wp-container-core-columns-is-layout-9d6595d7 wp-block-columns-is-layout-flex\">\n  \n  <div class=\"wp-block-column is-layout-flow wp-block-column-is-layout-flow\" style=\"flex-basis:10%\"><\/div>\n  \n\n  \n  <div class=\"wp-block-column is-layout-flow wp-block-column-is-layout-flow\">\n    \n    <p>Rendszereinket az egyes rakt\u00e1rhelyis\u00e9gek egyedi ig\u00e9nyei alapj\u00e1n telep\u00edtj\u00fck. V\u00e9delmet ny\u00fajtunk minden\u00fctt, ahol fenn\u00e1ll a rakt\u00e1rj\u00e1rm\u0171vek \u00fctk\u00f6z\u00e9s\u00e9nek vesz\u00e9lye, ugyanakkor biztos\u00edtjuk a gyalogosok zavartalan k\u00f6zleked\u00e9s\u00e9t. Az al\u00e1bbiakban egy p\u00e9lda l\u00e1that\u00f3 egy ilyen berendez\u00e9sre &#8211; egy <strong>rugalmas gyalogosg\u00e1tl\u00f3<\/strong> \u00e9s <a href=\"https:\/\/antersystem.com\/produkty\/bramka-bezpieczenstwa-ze-znakiem-stop\/\">egy STOP figyelmeztet\u0151 t\u00e1bl\u00e1val ell\u00e1tott SGA kapu<\/a> kombin\u00e1ci\u00f3ja.<\/p>\n    \n\n    \n    <p>A sz\u00fcl\u0151v\u00e1rosunkb\u00f3l sz\u00e1rmaz\u00f3 \u00fcgyfel\u00fcnk kor\u00e1bban hagyom\u00e1nyos ac\u00e9l korl\u00e1tokat \u00e9s kapukat haszn\u00e1lt, amelyek hajlamosak a targonc\u00e1k \u00fctk\u00f6z\u00e9sekor leapr\u00f3z\u00f3dni \u00e9s deform\u00e1l\u00f3dni. Az ac\u00e9lkorl\u00e1tok k\u00f6r\u00fcli padl\u00f3 is k\u00e1rosodik az id\u0151 m\u00fal\u00e1s\u00e1val. Ez\u00e9rt v\u00e1lasztottak minket &#8211; \u00e9s mi \u00f6r\u00fcl\u00fcnk, hogy \u00edgy tettek. <strong>A rugalmas korl\u00e1tok hat\u00e9konyan v\u00e9denek, mik\u00f6zben<\/strong> hossz\u00fa t\u00e1v\u00fa befektet\u00e9sk\u00e9nt is szolg\u00e1lnak a v\u00e1llalat k\u00f6lts\u00e9gvet\u00e9s\u00e9ben. Sokkal kevesebb karbantart\u00e1st ig\u00e9nyelnek, mint az ac\u00e9lb\u00f3l k\u00e9sz\u00fcltek &#8211; nincs \u00e1tfest\u00e9s, nincs rozsdajav\u00edt\u00e1s. A padl\u00f3 is jobb \u00e1llapotban marad, mivel a <strong>polimer anyag egyenletesen elnyeli a hat\u00e1sokat<\/strong> a teljes fel\u00fclet\u00e9n. Egy m\u00e1sik fontos t\u00e9nyez\u0151 az oszlopok biztons\u00e1gos r\u00f6gz\u00edt\u00e9si rendszere. Nagyra \u00e9rt\u00e9kelj\u00fck a bizalmat, \u00e9s tov\u00e1bbra is nyitottak vagyunk arra, hogy sz\u00fcks\u00e9g <a href=\"https:\/\/antersystem.com\/co-zabezpieczamy\/\">eset\u00e9n szak\u00e9rt\u0151i tan\u00e1csot adjunk a biztons\u00e1g \u00e9s a forgalom\u00e1raml\u00e1s ir\u00e1ny\u00edt\u00e1sa ter\u00e9n.<\/a> <\/p>\n    \n\n    \n    ngg_shortcode_0_placeholder\n    \n  <\/div>\n  \n\n  \n  <div class=\"wp-block-column is-layout-flow wp-block-column-is-layout-flow\" style=\"flex-basis:10%\"><\/div>\n  \n<\/div>\n","protected":false},"excerpt":{"rendered":"<p>Rendszereinket az egyes rakt\u00e1rhelyis\u00e9gek egyedi ig\u00e9nyei alapj\u00e1n telep\u00edtj\u00fck. V\u00e9delmet ny\u00fajtunk minden\u00fctt, ahol fenn\u00e1ll a rakt\u00e1rj\u00e1rm\u0171vek \u00fctk\u00f6z\u00e9s\u00e9nek vesz\u00e9lye, ugyanakkor biztos\u00edtjuk a gyalogosok zavartalan k\u00f6zleked\u00e9s\u00e9t. Az al\u00e1bbiakban egy p\u00e9lda l\u00e1that\u00f3 egy ilyen berendez\u00e9sre &#8211; egy rugalmas gyalogosg\u00e1tl\u00f3 \u00e9s egy STOP figyelmeztet\u0151 t\u00e1bl\u00e1val ell\u00e1tott SGA kapu kombin\u00e1ci\u00f3ja. A sz\u00fcl\u0151v\u00e1rosunkb\u00f3l sz\u00e1rmaz\u00f3 \u00fcgyfel\u00fcnk kor\u00e1bban hagyom\u00e1nyos ac\u00e9l korl\u00e1tokat \u00e9s kapukat haszn\u00e1lt, [&hellip;]<\/p>\n","protected":false},"author":1,"featured_media":0,"parent":12598,"menu_order":0,"comment_status":"closed","ping_status":"closed","template":"","meta":{"inline_featured_image":false,"ngg_post_thumbnail":0,"footnotes":""},"class_list":["post-13047","page","type-page","status-publish","hentry"],"acf":[],"yoast_head":"<!-- This site is optimized with the Yoast SEO plugin v27.0 - https:\/\/yoast.com\/product\/yoast-seo-wordpress\/ -->\n<title>SGA biztons\u00e1gi kapuk - Anter System<\/title>\n<meta name=\"description\" content=\"Rendszereinket az egyes rakt\u00e1rhelyis\u00e9gek egyedi ig\u00e9nyei alapj\u00e1n telep\u00edtj\u00fck. V\u00e9delmet ny\u00fajtunk minden\u00fctt, ahol fenn\u00e1ll a rakt\u00e1rj\u00e1rm\u0171vek \u00fctk\u00f6z\u00e9s\u00e9nek\" \/>\n<meta name=\"robots\" content=\"index, follow, max-snippet:-1, max-image-preview:large, max-video-preview:-1\" \/>\n<link rel=\"canonical\" href=\"https:\/\/antersystem.com\/hu\/case-studies\/sga-safety-gates\/\" \/>\n<meta property=\"og:locale\" content=\"hu_HU\" \/>\n<meta property=\"og:type\" content=\"article\" \/>\n<meta property=\"og:title\" content=\"SGA biztons\u00e1gi kapuk - Anter System\" \/>\n<meta property=\"og:description\" content=\"Rendszereinket az egyes rakt\u00e1rhelyis\u00e9gek egyedi ig\u00e9nyei alapj\u00e1n telep\u00edtj\u00fck. V\u00e9delmet ny\u00fajtunk minden\u00fctt, ahol fenn\u00e1ll a rakt\u00e1rj\u00e1rm\u0171vek \u00fctk\u00f6z\u00e9s\u00e9nek\" \/>\n<meta property=\"og:url\" content=\"https:\/\/antersystem.com\/hu\/case-studies\/sga-safety-gates\/\" \/>\n<meta property=\"og:site_name\" content=\"Anter System\" \/>\n<meta property=\"article:modified_time\" content=\"2026-01-30T00:31:15+00:00\" \/>\n<meta name=\"twitter:card\" content=\"summary_large_image\" \/>\n<meta name=\"twitter:label1\" content=\"Becs\u00fclt olvas\u00e1si id\u0151\" \/>\n\t<meta name=\"twitter:data1\" content=\"1 perc\" \/>\n<script type=\"application\/ld+json\" class=\"yoast-schema-graph\">{\"@context\":\"https:\/\/schema.org\",\"@graph\":[{\"@type\":\"WebPage\",\"@id\":\"https:\/\/antersystem.com\/hu\/case-studies\/sga-safety-gates\/\",\"url\":\"https:\/\/antersystem.com\/hu\/case-studies\/sga-safety-gates\/\",\"name\":\"SGA biztons\u00e1gi kapuk - Anter System\",\"isPartOf\":{\"@id\":\"https:\/\/antersystem.com\/hu\/#website\"},\"datePublished\":\"2023-12-11T11:55:28+00:00\",\"dateModified\":\"2026-01-30T00:31:15+00:00\",\"description\":\"Rendszereinket az egyes rakt\u00e1rhelyis\u00e9gek egyedi ig\u00e9nyei alapj\u00e1n telep\u00edtj\u00fck. V\u00e9delmet ny\u00fajtunk minden\u00fctt, ahol fenn\u00e1ll a rakt\u00e1rj\u00e1rm\u0171vek \u00fctk\u00f6z\u00e9s\u00e9nek\",\"breadcrumb\":{\"@id\":\"https:\/\/antersystem.com\/hu\/case-studies\/sga-safety-gates\/#breadcrumb\"},\"inLanguage\":\"hu\",\"potentialAction\":[{\"@type\":\"ReadAction\",\"target\":[\"https:\/\/antersystem.com\/hu\/case-studies\/sga-safety-gates\/\"]}]},{\"@type\":\"BreadcrumbList\",\"@id\":\"https:\/\/antersystem.com\/hu\/case-studies\/sga-safety-gates\/#breadcrumb\",\"itemListElement\":[{\"@type\":\"ListItem\",\"position\":1,\"name\":\"AnterSystem\",\"item\":\"https:\/\/antersystem.com\/hu\/\"},{\"@type\":\"ListItem\",\"position\":2,\"name\":\"Esettanulm\u00e1nyok\",\"item\":\"https:\/\/antersystem.com\/hu\/case-studies\/\"},{\"@type\":\"ListItem\",\"position\":3,\"name\":\"SGA biztons\u00e1gi kapuk\"}]},{\"@type\":\"WebSite\",\"@id\":\"https:\/\/antersystem.com\/hu\/#website\",\"url\":\"https:\/\/antersystem.com\/hu\/\",\"name\":\"Anter System\",\"description\":\"Jeste\u015bmy polskim producentem elastycznych barier ochronnych wykonywanych z polimerowych tworzyw sztucznych. Na rynku krajowym i zagranicznym dzia\u0142amy od ponad 15 lat dbaj\u0105c o zapewnienie bezpiecze\u0144stwa w zak\u0142adach produkcyjnych, magazynach oraz centrach logistycznych.\",\"potentialAction\":[{\"@type\":\"SearchAction\",\"target\":{\"@type\":\"EntryPoint\",\"urlTemplate\":\"https:\/\/antersystem.com\/hu\/?s={search_term_string}\"},\"query-input\":{\"@type\":\"PropertyValueSpecification\",\"valueRequired\":true,\"valueName\":\"search_term_string\"}}],\"inLanguage\":\"hu\"}]}<\/script>\n<!-- \/ Yoast SEO plugin. -->","yoast_head_json":{"title":"SGA biztons\u00e1gi kapuk - Anter System","description":"Rendszereinket az egyes rakt\u00e1rhelyis\u00e9gek egyedi ig\u00e9nyei alapj\u00e1n telep\u00edtj\u00fck. V\u00e9delmet ny\u00fajtunk minden\u00fctt, ahol fenn\u00e1ll a rakt\u00e1rj\u00e1rm\u0171vek \u00fctk\u00f6z\u00e9s\u00e9nek","robots":{"index":"index","follow":"follow","max-snippet":"max-snippet:-1","max-image-preview":"max-image-preview:large","max-video-preview":"max-video-preview:-1"},"canonical":"https:\/\/antersystem.com\/hu\/case-studies\/sga-safety-gates\/","og_locale":"hu_HU","og_type":"article","og_title":"SGA biztons\u00e1gi kapuk - Anter System","og_description":"Rendszereinket az egyes rakt\u00e1rhelyis\u00e9gek egyedi ig\u00e9nyei alapj\u00e1n telep\u00edtj\u00fck. V\u00e9delmet ny\u00fajtunk minden\u00fctt, ahol fenn\u00e1ll a rakt\u00e1rj\u00e1rm\u0171vek \u00fctk\u00f6z\u00e9s\u00e9nek","og_url":"https:\/\/antersystem.com\/hu\/case-studies\/sga-safety-gates\/","og_site_name":"Anter System","article_modified_time":"2026-01-30T00:31:15+00:00","twitter_card":"summary_large_image","twitter_misc":{"Becs\u00fclt olvas\u00e1si id\u0151":"1 perc"},"schema":{"@context":"https:\/\/schema.org","@graph":[{"@type":"WebPage","@id":"https:\/\/antersystem.com\/hu\/case-studies\/sga-safety-gates\/","url":"https:\/\/antersystem.com\/hu\/case-studies\/sga-safety-gates\/","name":"SGA biztons\u00e1gi kapuk - Anter System","isPartOf":{"@id":"https:\/\/antersystem.com\/hu\/#website"},"datePublished":"2023-12-11T11:55:28+00:00","dateModified":"2026-01-30T00:31:15+00:00","description":"Rendszereinket az egyes rakt\u00e1rhelyis\u00e9gek egyedi ig\u00e9nyei alapj\u00e1n telep\u00edtj\u00fck. V\u00e9delmet ny\u00fajtunk minden\u00fctt, ahol fenn\u00e1ll a rakt\u00e1rj\u00e1rm\u0171vek \u00fctk\u00f6z\u00e9s\u00e9nek","breadcrumb":{"@id":"https:\/\/antersystem.com\/hu\/case-studies\/sga-safety-gates\/#breadcrumb"},"inLanguage":"hu","potentialAction":[{"@type":"ReadAction","target":["https:\/\/antersystem.com\/hu\/case-studies\/sga-safety-gates\/"]}]},{"@type":"BreadcrumbList","@id":"https:\/\/antersystem.com\/hu\/case-studies\/sga-safety-gates\/#breadcrumb","itemListElement":[{"@type":"ListItem","position":1,"name":"AnterSystem","item":"https:\/\/antersystem.com\/hu\/"},{"@type":"ListItem","position":2,"name":"Esettanulm\u00e1nyok","item":"https:\/\/antersystem.com\/hu\/case-studies\/"},{"@type":"ListItem","position":3,"name":"SGA biztons\u00e1gi kapuk"}]},{"@type":"WebSite","@id":"https:\/\/antersystem.com\/hu\/#website","url":"https:\/\/antersystem.com\/hu\/","name":"Anter System","description":"Jeste\u015bmy polskim producentem elastycznych barier ochronnych wykonywanych z polimerowych tworzyw sztucznych. Na rynku krajowym i zagranicznym dzia\u0142amy od ponad 15 lat dbaj\u0105c o zapewnienie bezpiecze\u0144stwa w zak\u0142adach produkcyjnych, magazynach oraz centrach logistycznych.","potentialAction":[{"@type":"SearchAction","target":{"@type":"EntryPoint","urlTemplate":"https:\/\/antersystem.com\/hu\/?s={search_term_string}"},"query-input":{"@type":"PropertyValueSpecification","valueRequired":true,"valueName":"search_term_string"}}],"inLanguage":"hu"}]}},"_links":{"self":[{"href":"https:\/\/antersystem.com\/hu\/wp-json\/wp\/v2\/pages\/13047","targetHints":{"allow":["GET"]}}],"collection":[{"href":"https:\/\/antersystem.com\/hu\/wp-json\/wp\/v2\/pages"}],"about":[{"href":"https:\/\/antersystem.com\/hu\/wp-json\/wp\/v2\/types\/page"}],"author":[{"embeddable":true,"href":"https:\/\/antersystem.com\/hu\/wp-json\/wp\/v2\/users\/1"}],"replies":[{"embeddable":true,"href":"https:\/\/antersystem.com\/hu\/wp-json\/wp\/v2\/comments?post=13047"}],"version-history":[{"count":1,"href":"https:\/\/antersystem.com\/hu\/wp-json\/wp\/v2\/pages\/13047\/revisions"}],"predecessor-version":[{"id":13049,"href":"https:\/\/antersystem.com\/hu\/wp-json\/wp\/v2\/pages\/13047\/revisions\/13049"}],"up":[{"embeddable":true,"href":"https:\/\/antersystem.com\/hu\/wp-json\/wp\/v2\/pages\/12598"}],"wp:attachment":[{"href":"https:\/\/antersystem.com\/hu\/wp-json\/wp\/v2\/media?parent=13047"}],"curies":[{"name":"wp","href":"https:\/\/api.w.org\/{rel}","templated":true}]}}