{"id":13058,"date":"2023-09-01T11:16:10","date_gmt":"2023-09-01T09:16:10","guid":{"rendered":"https:\/\/new.antersystem.com\/case-studies\/lift-gates\/"},"modified":"2026-01-30T01:29:52","modified_gmt":"2026-01-30T00:29:52","slug":"lift-gates","status":"publish","type":"page","link":"https:\/\/antersystem.com\/hu\/case-studies\/lift-gates\/","title":{"rendered":"Biztons\u00e1gi LIFT GATE-k"},"content":{"rendered":"\n<div class=\"wp-block-columns is-layout-flex wp-container-core-columns-is-layout-9d6595d7 wp-block-columns-is-layout-flex\">\n<div class=\"wp-block-column is-layout-flow wp-block-column-is-layout-flow\" style=\"flex-basis:10%\"><\/div>\n\n\n\n<div class=\"wp-block-column is-layout-flow wp-block-column-is-layout-flow\" style=\"flex-basis:80%\">\n<p class=\"justify-mru\">Egy aut\u00f3ipari \u00fcgyf\u00e9l azzal a kih\u00edv\u00e1ssal fordult hozz\u00e1nk, hogy a forgalmi \u00fatvonalakat biztos\u00edtani kell, mik\u00f6zben a rakt\u00e1rter\u00fcletekre val\u00f3 bejut\u00e1s is megmarad. A biztons\u00e1g n\u00f6vel\u00e9se \u00e9s a munkaid\u0151 optimaliz\u00e1l\u00e1sa \u00e9rdek\u00e9ben LIFT GATE biztons\u00e1gi kapukat telep\u00edtettek a gyalogos utak ment\u00e9n. Ez a megold\u00e1s biztos\u00edtotta a biztons\u00e1gos \u00e1thalad\u00e1st a gyalogosj\u00e1rd\u00e1kon, mik\u00f6zben sz\u00fcks\u00e9g eset\u00e9n lehet\u0151v\u00e9 tette a ter\u00fclet ideiglenes lez\u00e1r\u00e1s\u00e1t. A projekt teljes m\u00e9rt\u00e9kben megfelelt az \u00fcgyf\u00e9l elv\u00e1r\u00e1sainak, \u00e9s hozz\u00e1j\u00e1rult a biztons\u00e1g \u00e9s a m\u0171k\u00f6d\u00e9si hat\u00e9konys\u00e1g jav\u00edt\u00e1s\u00e1hoz.<\/p>\n\n\n\nngg_shortcode_0_placeholder\n<\/div>\n\n\n\n<div class=\"wp-block-column is-layout-flow wp-block-column-is-layout-flow\" style=\"flex-basis:10%\"><\/div>\n<\/div>\n","protected":false},"excerpt":{"rendered":"<p>Egy aut\u00f3ipari \u00fcgyf\u00e9l azzal a kih\u00edv\u00e1ssal fordult hozz\u00e1nk, hogy a forgalmi \u00fatvonalakat biztos\u00edtani kell, mik\u00f6zben a rakt\u00e1rter\u00fcletekre val\u00f3 bejut\u00e1s is megmarad. A biztons\u00e1g n\u00f6vel\u00e9se \u00e9s a munkaid\u0151 optimaliz\u00e1l\u00e1sa \u00e9rdek\u00e9ben LIFT GATE biztons\u00e1gi kapukat telep\u00edtettek a gyalogos utak ment\u00e9n. Ez a megold\u00e1s biztos\u00edtotta a biztons\u00e1gos \u00e1thalad\u00e1st a gyalogosj\u00e1rd\u00e1kon, mik\u00f6zben sz\u00fcks\u00e9g eset\u00e9n lehet\u0151v\u00e9 tette a ter\u00fclet ideiglenes [&hellip;]<\/p>\n","protected":false},"author":1,"featured_media":0,"parent":12598,"menu_order":0,"comment_status":"closed","ping_status":"closed","template":"","meta":{"inline_featured_image":false,"ngg_post_thumbnail":0,"footnotes":""},"class_list":["post-13058","page","type-page","status-publish","hentry"],"acf":[],"yoast_head":"<!-- This site is optimized with the Yoast SEO plugin v27.0 - https:\/\/yoast.com\/product\/yoast-seo-wordpress\/ -->\n<title>Biztons\u00e1gi LIFT GATE-k - Anter System<\/title>\n<meta name=\"description\" content=\"Egy aut\u00f3ipari \u00fcgyf\u00e9l azzal a kih\u00edv\u00e1ssal fordult hozz\u00e1nk, hogy a forgalmi \u00fatvonalakat biztos\u00edtani kell, mik\u00f6zben a rakt\u00e1rter\u00fcletekre val\u00f3 bejut\u00e1s is\" \/>\n<meta name=\"robots\" content=\"index, follow, max-snippet:-1, max-image-preview:large, max-video-preview:-1\" \/>\n<link rel=\"canonical\" href=\"https:\/\/antersystem.com\/hu\/case-studies\/lift-gates\/\" \/>\n<meta property=\"og:locale\" content=\"hu_HU\" \/>\n<meta property=\"og:type\" content=\"article\" \/>\n<meta property=\"og:title\" content=\"Biztons\u00e1gi LIFT GATE-k - Anter System\" \/>\n<meta property=\"og:description\" content=\"Egy aut\u00f3ipari \u00fcgyf\u00e9l azzal a kih\u00edv\u00e1ssal fordult hozz\u00e1nk, hogy a forgalmi \u00fatvonalakat biztos\u00edtani kell, mik\u00f6zben a rakt\u00e1rter\u00fcletekre val\u00f3 bejut\u00e1s is\" \/>\n<meta property=\"og:url\" content=\"https:\/\/antersystem.com\/hu\/case-studies\/lift-gates\/\" \/>\n<meta property=\"og:site_name\" content=\"Anter System\" \/>\n<meta property=\"article:modified_time\" content=\"2026-01-30T00:29:52+00:00\" \/>\n<meta name=\"twitter:card\" content=\"summary_large_image\" \/>\n<meta name=\"twitter:label1\" content=\"Becs\u00fclt olvas\u00e1si id\u0151\" \/>\n\t<meta name=\"twitter:data1\" content=\"1 perc\" \/>\n<script type=\"application\/ld+json\" class=\"yoast-schema-graph\">{\"@context\":\"https:\/\/schema.org\",\"@graph\":[{\"@type\":\"WebPage\",\"@id\":\"https:\/\/antersystem.com\/hu\/case-studies\/lift-gates\/\",\"url\":\"https:\/\/antersystem.com\/hu\/case-studies\/lift-gates\/\",\"name\":\"Biztons\u00e1gi LIFT GATE-k - Anter System\",\"isPartOf\":{\"@id\":\"https:\/\/antersystem.com\/hu\/#website\"},\"datePublished\":\"2023-09-01T09:16:10+00:00\",\"dateModified\":\"2026-01-30T00:29:52+00:00\",\"description\":\"Egy aut\u00f3ipari \u00fcgyf\u00e9l azzal a kih\u00edv\u00e1ssal fordult hozz\u00e1nk, hogy a forgalmi \u00fatvonalakat biztos\u00edtani kell, mik\u00f6zben a rakt\u00e1rter\u00fcletekre val\u00f3 bejut\u00e1s is\",\"breadcrumb\":{\"@id\":\"https:\/\/antersystem.com\/hu\/case-studies\/lift-gates\/#breadcrumb\"},\"inLanguage\":\"hu\",\"potentialAction\":[{\"@type\":\"ReadAction\",\"target\":[\"https:\/\/antersystem.com\/hu\/case-studies\/lift-gates\/\"]}]},{\"@type\":\"BreadcrumbList\",\"@id\":\"https:\/\/antersystem.com\/hu\/case-studies\/lift-gates\/#breadcrumb\",\"itemListElement\":[{\"@type\":\"ListItem\",\"position\":1,\"name\":\"AnterSystem\",\"item\":\"https:\/\/antersystem.com\/hu\/\"},{\"@type\":\"ListItem\",\"position\":2,\"name\":\"Esettanulm\u00e1nyok\",\"item\":\"https:\/\/antersystem.com\/hu\/case-studies\/\"},{\"@type\":\"ListItem\",\"position\":3,\"name\":\"Biztons\u00e1gi LIFT GATE-k\"}]},{\"@type\":\"WebSite\",\"@id\":\"https:\/\/antersystem.com\/hu\/#website\",\"url\":\"https:\/\/antersystem.com\/hu\/\",\"name\":\"Anter System\",\"description\":\"Jeste\u015bmy polskim producentem elastycznych barier ochronnych wykonywanych z polimerowych tworzyw sztucznych. Na rynku krajowym i zagranicznym dzia\u0142amy od ponad 15 lat dbaj\u0105c o zapewnienie bezpiecze\u0144stwa w zak\u0142adach produkcyjnych, magazynach oraz centrach logistycznych.\",\"potentialAction\":[{\"@type\":\"SearchAction\",\"target\":{\"@type\":\"EntryPoint\",\"urlTemplate\":\"https:\/\/antersystem.com\/hu\/?s={search_term_string}\"},\"query-input\":{\"@type\":\"PropertyValueSpecification\",\"valueRequired\":true,\"valueName\":\"search_term_string\"}}],\"inLanguage\":\"hu\"}]}<\/script>\n<!-- \/ Yoast SEO plugin. -->","yoast_head_json":{"title":"Biztons\u00e1gi LIFT GATE-k - Anter System","description":"Egy aut\u00f3ipari \u00fcgyf\u00e9l azzal a kih\u00edv\u00e1ssal fordult hozz\u00e1nk, hogy a forgalmi \u00fatvonalakat biztos\u00edtani kell, mik\u00f6zben a rakt\u00e1rter\u00fcletekre val\u00f3 bejut\u00e1s is","robots":{"index":"index","follow":"follow","max-snippet":"max-snippet:-1","max-image-preview":"max-image-preview:large","max-video-preview":"max-video-preview:-1"},"canonical":"https:\/\/antersystem.com\/hu\/case-studies\/lift-gates\/","og_locale":"hu_HU","og_type":"article","og_title":"Biztons\u00e1gi LIFT GATE-k - Anter System","og_description":"Egy aut\u00f3ipari \u00fcgyf\u00e9l azzal a kih\u00edv\u00e1ssal fordult hozz\u00e1nk, hogy a forgalmi \u00fatvonalakat biztos\u00edtani kell, mik\u00f6zben a rakt\u00e1rter\u00fcletekre val\u00f3 bejut\u00e1s is","og_url":"https:\/\/antersystem.com\/hu\/case-studies\/lift-gates\/","og_site_name":"Anter System","article_modified_time":"2026-01-30T00:29:52+00:00","twitter_card":"summary_large_image","twitter_misc":{"Becs\u00fclt olvas\u00e1si id\u0151":"1 perc"},"schema":{"@context":"https:\/\/schema.org","@graph":[{"@type":"WebPage","@id":"https:\/\/antersystem.com\/hu\/case-studies\/lift-gates\/","url":"https:\/\/antersystem.com\/hu\/case-studies\/lift-gates\/","name":"Biztons\u00e1gi LIFT GATE-k - Anter System","isPartOf":{"@id":"https:\/\/antersystem.com\/hu\/#website"},"datePublished":"2023-09-01T09:16:10+00:00","dateModified":"2026-01-30T00:29:52+00:00","description":"Egy aut\u00f3ipari \u00fcgyf\u00e9l azzal a kih\u00edv\u00e1ssal fordult hozz\u00e1nk, hogy a forgalmi \u00fatvonalakat biztos\u00edtani kell, mik\u00f6zben a rakt\u00e1rter\u00fcletekre val\u00f3 bejut\u00e1s is","breadcrumb":{"@id":"https:\/\/antersystem.com\/hu\/case-studies\/lift-gates\/#breadcrumb"},"inLanguage":"hu","potentialAction":[{"@type":"ReadAction","target":["https:\/\/antersystem.com\/hu\/case-studies\/lift-gates\/"]}]},{"@type":"BreadcrumbList","@id":"https:\/\/antersystem.com\/hu\/case-studies\/lift-gates\/#breadcrumb","itemListElement":[{"@type":"ListItem","position":1,"name":"AnterSystem","item":"https:\/\/antersystem.com\/hu\/"},{"@type":"ListItem","position":2,"name":"Esettanulm\u00e1nyok","item":"https:\/\/antersystem.com\/hu\/case-studies\/"},{"@type":"ListItem","position":3,"name":"Biztons\u00e1gi LIFT GATE-k"}]},{"@type":"WebSite","@id":"https:\/\/antersystem.com\/hu\/#website","url":"https:\/\/antersystem.com\/hu\/","name":"Anter System","description":"Jeste\u015bmy polskim producentem elastycznych barier ochronnych wykonywanych z polimerowych tworzyw sztucznych. Na rynku krajowym i zagranicznym dzia\u0142amy od ponad 15 lat dbaj\u0105c o zapewnienie bezpiecze\u0144stwa w zak\u0142adach produkcyjnych, magazynach oraz centrach logistycznych.","potentialAction":[{"@type":"SearchAction","target":{"@type":"EntryPoint","urlTemplate":"https:\/\/antersystem.com\/hu\/?s={search_term_string}"},"query-input":{"@type":"PropertyValueSpecification","valueRequired":true,"valueName":"search_term_string"}}],"inLanguage":"hu"}]}},"_links":{"self":[{"href":"https:\/\/antersystem.com\/hu\/wp-json\/wp\/v2\/pages\/13058","targetHints":{"allow":["GET"]}}],"collection":[{"href":"https:\/\/antersystem.com\/hu\/wp-json\/wp\/v2\/pages"}],"about":[{"href":"https:\/\/antersystem.com\/hu\/wp-json\/wp\/v2\/types\/page"}],"author":[{"embeddable":true,"href":"https:\/\/antersystem.com\/hu\/wp-json\/wp\/v2\/users\/1"}],"replies":[{"embeddable":true,"href":"https:\/\/antersystem.com\/hu\/wp-json\/wp\/v2\/comments?post=13058"}],"version-history":[{"count":1,"href":"https:\/\/antersystem.com\/hu\/wp-json\/wp\/v2\/pages\/13058\/revisions"}],"predecessor-version":[{"id":13059,"href":"https:\/\/antersystem.com\/hu\/wp-json\/wp\/v2\/pages\/13058\/revisions\/13059"}],"up":[{"embeddable":true,"href":"https:\/\/antersystem.com\/hu\/wp-json\/wp\/v2\/pages\/12598"}],"wp:attachment":[{"href":"https:\/\/antersystem.com\/hu\/wp-json\/wp\/v2\/media?parent=13058"}],"curies":[{"name":"wp","href":"https:\/\/api.w.org\/{rel}","templated":true}]}}