{"id":13110,"date":"2025-01-28T13:58:17","date_gmt":"2025-01-28T12:58:17","guid":{"rendered":"https:\/\/new.antersystem.com\/case-studies\/pedestrian-lt-protecting-people-machines\/"},"modified":"2026-01-30T01:22:09","modified_gmt":"2026-01-30T00:22:09","slug":"pedestrian-lt-protecting-people-machines","status":"publish","type":"page","link":"https:\/\/antersystem.com\/hu\/case-studies\/pedestrian-lt-protecting-people-machines\/","title":{"rendered":"Gyalogos LT &#8211; Emberek \u00e9s g\u00e9pek v\u00e9delme"},"content":{"rendered":"\n<div class=\"wp-block-columns is-layout-flex wp-container-core-columns-is-layout-9d6595d7 wp-block-columns-is-layout-flex\">\n<div class=\"wp-block-column is-layout-flow wp-block-column-is-layout-flow\" style=\"flex-basis:10%\"><\/div>\n\n\n\n<div class=\"wp-block-column is-layout-flow wp-block-column-is-layout-flow\">\n<h2 class=\"wp-block-heading\">Gyalogos LT soromp\u00f3k &#8211; Az emberek \u00e9s g\u00e9pek v\u00e9delme a nagy forgalm\u00fa rakt\u00e1rter\u00fcleteken<\/h2>\n\n\n\n<p>Az emberek \u00e9s a g\u00e9pek biztons\u00e1g\u00e1nak biztos\u00edt\u00e1sa egy nagy forgalm\u00fa rakt\u00e1rk\u00f6rnyezetben \u00e1tfog\u00f3 megk\u00f6zel\u00edt\u00e9st ig\u00e9nyel. A sz\u00f3ban forg\u00f3 l\u00e9tes\u00edtm\u00e9ny &#8211; <strong>amely az alkalmazottak \u00e9s a targoncavezet\u0151k munkater\u00fclete volt<\/strong> &#8211; automatiz\u00e1lt logisztikai rendszerekhez tartoz\u00f3 berendez\u00e9seket is tartalmazott. A legf\u0151bb priorit\u00e1s az volt, hogy a gyalogosok \u00fatvonalait elv\u00e1lassz\u00e1k a g\u00e9pekt\u0151l, ugyanakkor <strong>az \u00e9p\u00fclet infrastrukt\u00far\u00e1j\u00e1nak kulcsfontoss\u00e1g\u00fa elemeit,<\/strong> p\u00e9ld\u00e1ul az oszlopokat \u00e9s a rakod\u00f3dokkokat <strong>megv\u00e9dj\u00e9k<\/strong> a targonc\u00e1k esetleges \u00fctk\u00f6z\u00e9seit\u0151l.<\/p>\n\n\n\n<h3 class=\"wp-block-heading\">V\u00e9grehajt\u00e1s<\/h3>\n\n\n\n<p>A projekt az \u00fcgyf\u00e9l ig\u00e9nyeinek \u00e9s a rakt\u00e1ri m\u0171veletek dinamikus jelleg\u00e9nek r\u00e9szletes elemz\u00e9s\u00e9vel kezd\u0151d\u00f6tt. A l\u00e9tes\u00edtm\u00e9nyen bel\u00fcli mozg\u00e1smint\u00e1k felt\u00e9rk\u00e9pez\u00e9s\u00e9vel olyan biztons\u00e1gi megold\u00e1sokat tudtunk tervezni \u00e9s megval\u00f3s\u00edtani, amelyek a hat\u00e9kony v\u00e9delmet a funkcionalit\u00e1ssal kombin\u00e1lt\u00e1k &#8211; \u00edgy biztos\u00edtva a z\u00f6kken\u0151mentes munkafolyamatokat \u00e9s a maxim\u00e1lis biztons\u00e1got.<\/p>\n\n\n\n<p><strong>A gyalogosok \u00e9s a targonc\u00e1k<\/strong> hat\u00e9kony <strong>elv\u00e1laszt\u00e1sa<\/strong> \u00e9rdek\u00e9ben meger\u0151s\u00edtett als\u00f3 gerend\u00e1val <a href=\"https:\/\/antersystem.com\/produkty\/elastyczna-bariera-pedestrian-r3-lt\/\">ell\u00e1tott PEDESTRIAN R2 LT soromp\u00f3kat<\/a> telep\u00edtett\u00fcnk <strong>.<\/strong> Ez a kieg\u00e9sz\u00edt\u0151 v\u00e9delem megakad\u00e1lyozza az alacsonyan fekv\u0151 targoncavill\u00e1k \u00e1ltal okozott k\u00e1rokat. A fokozottan \u00fctk\u00f6z\u00e9svesz\u00e9lyes ter\u00fcleteken a v\u00e9delmet <a href=\"https:\/\/antersystem.com\/produkty\/elastyczna-bariera-db-hd\/\">a nagy ig\u00e9nybev\u00e9telre tervezett DB HD+ soromp\u00f3kkal<\/a> fokozt\u00e1k.<\/p>\n\n\n\n<p><strong>A szerkezeti oszlopok v\u00e9delm\u00e9re RAL4<\/strong> <a href=\"https:\/\/antersystem.com\/produkty\/elastyczna-ochrona-kolumn-ral4\/\">rugalmas oszlopv\u00e9d\u0151ket haszn\u00e1ltak<\/a> <strong>,<\/strong> amelyek k\u00e9pesek elnyelni \u00e9s sz\u00e9tter\u00edteni az \u00fctk\u00f6z\u00e9si energi\u00e1t, hogy minimaliz\u00e1lj\u00e1k az oszlopok s\u00e9r\u00fcl\u00e9s\u00e9t. A rakod\u00f3dokkok kapuit <a href=\"https:\/\/antersystem.com\/kategorie-produktow\/slupki-ochronne\/\">PA v\u00e9d\u0151kapukkal v\u00e9dt\u00e9k , amelyek<\/a> hat\u00e9konyan megakad\u00e1lyozz\u00e1k az \u00fctk\u00f6z\u00e9seket azokon a ter\u00fcleteken, ahol a targonc\u00e1k korl\u00e1tozott helyen man\u0151vereznek. A rendszer kieg\u00e9sz\u00edt\u00e9sek\u00e9nt <a href=\"https:\/\/antersystem.com\/produkty\/corner-bumper\/\">CORNER BUMPER-eket telep\u00edtettek<\/a> a falsz\u00e9lek v\u00e9delm\u00e9re a magas kock\u00e1zat\u00fa z\u00f3n\u00e1kban.<\/p>\n\n\n\n<h3 class=\"wp-block-heading\">Eredm\u00e9nyek<\/h3>\n\n\n\n<p><strong>Az Anter System rugalmas biztons\u00e1gi korl\u00e1tok<\/strong> telep\u00edt\u00e9se sz\u00e1mos el\u0151nnyel <strong>j\u00e1rt<\/strong>. Az alkalmazott polimer anyagok kiv\u00e9teles \u00fct\u00e9selnyel\u0151 k\u00e9pess\u00e9ggel rendelkeznek, ami jelent\u0151sen cs\u00f6kkenti a berendez\u00e9sek \u00e9s az infrastrukt\u00fara \u00fctk\u00f6z\u00e9sek ut\u00e1ni k\u00f6lts\u00e9ges jav\u00edt\u00e1s\u00e1nak kock\u00e1zat\u00e1t. <strong>A rendszer modul\u00e1ris fel\u00e9p\u00edt\u00e9se lehet\u0151v\u00e9 teszi<\/strong> a k\u00f6nny\u0171 \u00f6sszeszerel\u00e9st, sz\u00e9tszerel\u00e9st \u00e9s a v\u00e1ltoz\u00f3 m\u0171k\u00f6d\u00e9si ig\u00e9nyekhez val\u00f3 alkalmazkod\u00e1st. Ennek eredm\u00e9nyek\u00e9ppen a bevezetett megold\u00e1sok n\u00f6velt\u00e9k az emberek \u00e9s a g\u00e9pek biztons\u00e1g\u00e1t, mik\u00f6zben minimaliz\u00e1lt\u00e1k az \u00e1ll\u00e1sid\u0151t \u00e9s az \u00fczemzavarokat.<\/p>\n\n\n\n<h3 class=\"wp-block-heading\">\u00d6sszefoglal\u00f3<\/h3>\n\n\n\n<p>Az Anter System megold\u00e1saival a rakt\u00e1r jelent\u0151s javul\u00e1st \u00e9rt el <strong>a munkahelyi biztons\u00e1g \u00e9s a t\u00e9rszervez\u00e9s ter\u00e9n a<\/strong> gyalogosok, j\u00e1rm\u0171vek \u00e9s automatiz\u00e1lt logisztikai rendszerek \u00e1ltal k\u00f6z\u00f6sen haszn\u00e1lt <strong>k\u00f6rnyezetben<\/strong>. Rugalmas v\u00e9d\u0151g\u00e1tjaink modern kialak\u00edt\u00e1sa \u00e9s robusztus szerkezete nemcsak hat\u00e9kony v\u00e9delmet biztos\u00edt, hanem hozz\u00e1j\u00e1rul a munkafolyamatok optimaliz\u00e1l\u00e1s\u00e1hoz is a mai gyorsan fejl\u0151d\u0151 ipari k\u00f6rnyezetben.<\/p>\n<\/div>\n\n\n\n<div class=\"wp-block-column is-layout-flow wp-block-column-is-layout-flow\" style=\"flex-basis:10%\"><\/div>\n<\/div>\n\nngg_shortcode_0_placeholder\n","protected":false},"excerpt":{"rendered":"<p>Gyalogos LT soromp\u00f3k &#8211; Az emberek \u00e9s g\u00e9pek v\u00e9delme a nagy forgalm\u00fa rakt\u00e1rter\u00fcleteken Az emberek \u00e9s a g\u00e9pek biztons\u00e1g\u00e1nak biztos\u00edt\u00e1sa egy nagy forgalm\u00fa rakt\u00e1rk\u00f6rnyezetben \u00e1tfog\u00f3 megk\u00f6zel\u00edt\u00e9st ig\u00e9nyel. A sz\u00f3ban forg\u00f3 l\u00e9tes\u00edtm\u00e9ny &#8211; amely az alkalmazottak \u00e9s a targoncavezet\u0151k munkater\u00fclete volt &#8211; automatiz\u00e1lt logisztikai rendszerekhez tartoz\u00f3 berendez\u00e9seket is tartalmazott. A legf\u0151bb priorit\u00e1s az volt, hogy a [&hellip;]<\/p>\n","protected":false},"author":1,"featured_media":0,"parent":12598,"menu_order":0,"comment_status":"closed","ping_status":"closed","template":"","meta":{"inline_featured_image":false,"ngg_post_thumbnail":0,"footnotes":""},"class_list":["post-13110","page","type-page","status-publish","hentry"],"acf":[],"yoast_head":"<!-- This site is optimized with the Yoast SEO plugin v27.0 - https:\/\/yoast.com\/product\/yoast-seo-wordpress\/ -->\n<title>Gyalogos LT - Emberek \u00e9s g\u00e9pek v\u00e9delme - Anter System<\/title>\n<meta name=\"description\" content=\"Gyalogos LT soromp\u00f3k - Az emberek \u00e9s g\u00e9pek v\u00e9delme a nagy forgalm\u00fa rakt\u00e1rter\u00fcleteken Az emberek \u00e9s a g\u00e9pek biztons\u00e1g\u00e1nak biztos\u00edt\u00e1sa egy nagy forgalm\u00fa\" \/>\n<meta name=\"robots\" content=\"index, follow, max-snippet:-1, max-image-preview:large, max-video-preview:-1\" \/>\n<link rel=\"canonical\" href=\"https:\/\/antersystem.com\/hu\/case-studies\/pedestrian-lt-protecting-people-machines\/\" \/>\n<meta property=\"og:locale\" content=\"hu_HU\" \/>\n<meta property=\"og:type\" content=\"article\" \/>\n<meta property=\"og:title\" content=\"Gyalogos LT - Emberek \u00e9s g\u00e9pek v\u00e9delme - Anter System\" \/>\n<meta property=\"og:description\" content=\"Gyalogos LT soromp\u00f3k - Az emberek \u00e9s g\u00e9pek v\u00e9delme a nagy forgalm\u00fa rakt\u00e1rter\u00fcleteken Az emberek \u00e9s a g\u00e9pek biztons\u00e1g\u00e1nak biztos\u00edt\u00e1sa egy nagy forgalm\u00fa\" \/>\n<meta property=\"og:url\" content=\"https:\/\/antersystem.com\/hu\/case-studies\/pedestrian-lt-protecting-people-machines\/\" \/>\n<meta property=\"og:site_name\" content=\"Anter System\" \/>\n<meta property=\"article:modified_time\" content=\"2026-01-30T00:22:09+00:00\" \/>\n<meta name=\"twitter:card\" content=\"summary_large_image\" \/>\n<meta name=\"twitter:label1\" content=\"Becs\u00fclt olvas\u00e1si id\u0151\" \/>\n\t<meta name=\"twitter:data1\" content=\"3 perc\" \/>\n<script type=\"application\/ld+json\" class=\"yoast-schema-graph\">{\"@context\":\"https:\/\/schema.org\",\"@graph\":[{\"@type\":\"WebPage\",\"@id\":\"https:\/\/antersystem.com\/hu\/case-studies\/pedestrian-lt-protecting-people-machines\/\",\"url\":\"https:\/\/antersystem.com\/hu\/case-studies\/pedestrian-lt-protecting-people-machines\/\",\"name\":\"Gyalogos LT - Emberek \u00e9s g\u00e9pek v\u00e9delme - Anter System\",\"isPartOf\":{\"@id\":\"https:\/\/antersystem.com\/hu\/#website\"},\"datePublished\":\"2025-01-28T12:58:17+00:00\",\"dateModified\":\"2026-01-30T00:22:09+00:00\",\"description\":\"Gyalogos LT soromp\u00f3k - Az emberek \u00e9s g\u00e9pek v\u00e9delme a nagy forgalm\u00fa rakt\u00e1rter\u00fcleteken Az emberek \u00e9s a g\u00e9pek biztons\u00e1g\u00e1nak biztos\u00edt\u00e1sa egy nagy forgalm\u00fa\",\"breadcrumb\":{\"@id\":\"https:\/\/antersystem.com\/hu\/case-studies\/pedestrian-lt-protecting-people-machines\/#breadcrumb\"},\"inLanguage\":\"hu\",\"potentialAction\":[{\"@type\":\"ReadAction\",\"target\":[\"https:\/\/antersystem.com\/hu\/case-studies\/pedestrian-lt-protecting-people-machines\/\"]}]},{\"@type\":\"BreadcrumbList\",\"@id\":\"https:\/\/antersystem.com\/hu\/case-studies\/pedestrian-lt-protecting-people-machines\/#breadcrumb\",\"itemListElement\":[{\"@type\":\"ListItem\",\"position\":1,\"name\":\"AnterSystem\",\"item\":\"https:\/\/antersystem.com\/hu\/\"},{\"@type\":\"ListItem\",\"position\":2,\"name\":\"Esettanulm\u00e1nyok\",\"item\":\"https:\/\/antersystem.com\/hu\/case-studies\/\"},{\"@type\":\"ListItem\",\"position\":3,\"name\":\"Gyalogos LT &#8211; Emberek \u00e9s g\u00e9pek v\u00e9delme\"}]},{\"@type\":\"WebSite\",\"@id\":\"https:\/\/antersystem.com\/hu\/#website\",\"url\":\"https:\/\/antersystem.com\/hu\/\",\"name\":\"Anter System\",\"description\":\"Jeste\u015bmy polskim producentem elastycznych barier ochronnych wykonywanych z polimerowych tworzyw sztucznych. Na rynku krajowym i zagranicznym dzia\u0142amy od ponad 15 lat dbaj\u0105c o zapewnienie bezpiecze\u0144stwa w zak\u0142adach produkcyjnych, magazynach oraz centrach logistycznych.\",\"potentialAction\":[{\"@type\":\"SearchAction\",\"target\":{\"@type\":\"EntryPoint\",\"urlTemplate\":\"https:\/\/antersystem.com\/hu\/?s={search_term_string}\"},\"query-input\":{\"@type\":\"PropertyValueSpecification\",\"valueRequired\":true,\"valueName\":\"search_term_string\"}}],\"inLanguage\":\"hu\"}]}<\/script>\n<!-- \/ Yoast SEO plugin. -->","yoast_head_json":{"title":"Gyalogos LT - Emberek \u00e9s g\u00e9pek v\u00e9delme - Anter System","description":"Gyalogos LT soromp\u00f3k - Az emberek \u00e9s g\u00e9pek v\u00e9delme a nagy forgalm\u00fa rakt\u00e1rter\u00fcleteken Az emberek \u00e9s a g\u00e9pek biztons\u00e1g\u00e1nak biztos\u00edt\u00e1sa egy nagy forgalm\u00fa","robots":{"index":"index","follow":"follow","max-snippet":"max-snippet:-1","max-image-preview":"max-image-preview:large","max-video-preview":"max-video-preview:-1"},"canonical":"https:\/\/antersystem.com\/hu\/case-studies\/pedestrian-lt-protecting-people-machines\/","og_locale":"hu_HU","og_type":"article","og_title":"Gyalogos LT - Emberek \u00e9s g\u00e9pek v\u00e9delme - Anter System","og_description":"Gyalogos LT soromp\u00f3k - Az emberek \u00e9s g\u00e9pek v\u00e9delme a nagy forgalm\u00fa rakt\u00e1rter\u00fcleteken Az emberek \u00e9s a g\u00e9pek biztons\u00e1g\u00e1nak biztos\u00edt\u00e1sa egy nagy forgalm\u00fa","og_url":"https:\/\/antersystem.com\/hu\/case-studies\/pedestrian-lt-protecting-people-machines\/","og_site_name":"Anter System","article_modified_time":"2026-01-30T00:22:09+00:00","twitter_card":"summary_large_image","twitter_misc":{"Becs\u00fclt olvas\u00e1si id\u0151":"3 perc"},"schema":{"@context":"https:\/\/schema.org","@graph":[{"@type":"WebPage","@id":"https:\/\/antersystem.com\/hu\/case-studies\/pedestrian-lt-protecting-people-machines\/","url":"https:\/\/antersystem.com\/hu\/case-studies\/pedestrian-lt-protecting-people-machines\/","name":"Gyalogos LT - Emberek \u00e9s g\u00e9pek v\u00e9delme - Anter System","isPartOf":{"@id":"https:\/\/antersystem.com\/hu\/#website"},"datePublished":"2025-01-28T12:58:17+00:00","dateModified":"2026-01-30T00:22:09+00:00","description":"Gyalogos LT soromp\u00f3k - Az emberek \u00e9s g\u00e9pek v\u00e9delme a nagy forgalm\u00fa rakt\u00e1rter\u00fcleteken Az emberek \u00e9s a g\u00e9pek biztons\u00e1g\u00e1nak biztos\u00edt\u00e1sa egy nagy forgalm\u00fa","breadcrumb":{"@id":"https:\/\/antersystem.com\/hu\/case-studies\/pedestrian-lt-protecting-people-machines\/#breadcrumb"},"inLanguage":"hu","potentialAction":[{"@type":"ReadAction","target":["https:\/\/antersystem.com\/hu\/case-studies\/pedestrian-lt-protecting-people-machines\/"]}]},{"@type":"BreadcrumbList","@id":"https:\/\/antersystem.com\/hu\/case-studies\/pedestrian-lt-protecting-people-machines\/#breadcrumb","itemListElement":[{"@type":"ListItem","position":1,"name":"AnterSystem","item":"https:\/\/antersystem.com\/hu\/"},{"@type":"ListItem","position":2,"name":"Esettanulm\u00e1nyok","item":"https:\/\/antersystem.com\/hu\/case-studies\/"},{"@type":"ListItem","position":3,"name":"Gyalogos LT &#8211; Emberek \u00e9s g\u00e9pek v\u00e9delme"}]},{"@type":"WebSite","@id":"https:\/\/antersystem.com\/hu\/#website","url":"https:\/\/antersystem.com\/hu\/","name":"Anter System","description":"Jeste\u015bmy polskim producentem elastycznych barier ochronnych wykonywanych z polimerowych tworzyw sztucznych. Na rynku krajowym i zagranicznym dzia\u0142amy od ponad 15 lat dbaj\u0105c o zapewnienie bezpiecze\u0144stwa w zak\u0142adach produkcyjnych, magazynach oraz centrach logistycznych.","potentialAction":[{"@type":"SearchAction","target":{"@type":"EntryPoint","urlTemplate":"https:\/\/antersystem.com\/hu\/?s={search_term_string}"},"query-input":{"@type":"PropertyValueSpecification","valueRequired":true,"valueName":"search_term_string"}}],"inLanguage":"hu"}]}},"_links":{"self":[{"href":"https:\/\/antersystem.com\/hu\/wp-json\/wp\/v2\/pages\/13110","targetHints":{"allow":["GET"]}}],"collection":[{"href":"https:\/\/antersystem.com\/hu\/wp-json\/wp\/v2\/pages"}],"about":[{"href":"https:\/\/antersystem.com\/hu\/wp-json\/wp\/v2\/types\/page"}],"author":[{"embeddable":true,"href":"https:\/\/antersystem.com\/hu\/wp-json\/wp\/v2\/users\/1"}],"replies":[{"embeddable":true,"href":"https:\/\/antersystem.com\/hu\/wp-json\/wp\/v2\/comments?post=13110"}],"version-history":[{"count":1,"href":"https:\/\/antersystem.com\/hu\/wp-json\/wp\/v2\/pages\/13110\/revisions"}],"predecessor-version":[{"id":13112,"href":"https:\/\/antersystem.com\/hu\/wp-json\/wp\/v2\/pages\/13110\/revisions\/13112"}],"up":[{"embeddable":true,"href":"https:\/\/antersystem.com\/hu\/wp-json\/wp\/v2\/pages\/12598"}],"wp:attachment":[{"href":"https:\/\/antersystem.com\/hu\/wp-json\/wp\/v2\/media?parent=13110"}],"curies":[{"name":"wp","href":"https:\/\/api.w.org\/{rel}","templated":true}]}}