{"id":13122,"date":"2025-01-28T14:41:10","date_gmt":"2025-01-28T13:41:10","guid":{"rendered":"https:\/\/new.antersystem.com\/case-studies\/wall-protector-hd-warehouses-with-high-storage\/"},"modified":"2026-01-30T01:22:13","modified_gmt":"2026-01-30T00:22:13","slug":"wall-protector-hd-warehouses-with-high-storage","status":"publish","type":"page","link":"https:\/\/antersystem.com\/hu\/case-studies\/wall-protector-hd-warehouses-with-high-storage\/","title":{"rendered":"WALL PROTECTOR HD+ magas rakt\u00e1rter\u00fclet\u0171 rakt\u00e1rakban"},"content":{"rendered":"\n<div class=\"wp-block-columns is-layout-flex wp-container-core-columns-is-layout-9d6595d7 wp-block-columns-is-layout-flex\">\n<div class=\"wp-block-column is-layout-flow wp-block-column-is-layout-flow\" style=\"flex-basis:10%\"><\/div>\n\n\n\n<div class=\"wp-block-column is-layout-flow wp-block-column-is-layout-flow\">\n<h2 class=\"wp-block-heading\">WALL PROTECTOR HD+ a GB HD+ korl\u00e1tokkal a magasrakt\u00e1rak biztons\u00e1g\u00e1\u00e9rt a rakt\u00e1rakban, ahol a t\u00e1rol\u00f3ter\u00fcletek magasan helyezkednek el<\/h2>\n\n\n\n<p>Egy dinamikusan m\u0171k\u00f6d\u0151 ipari csarnokban, ahol <strong>emberek, g\u00e9pek, robotok \u00e9s magas polc\u00fa rakt\u00e1rter\u00fcletek l\u00e9teznek egym\u00e1s mellett,<\/strong> biztos\u00edtani <strong>kellett<\/strong> a munkahelyi biztons\u00e1got \u00e9s a hat\u00e9kony t\u00e9rszervez\u00e9st. A f\u0151 c\u00e9l az volt, hogy az embereket \u00e9s a g\u00e9peket elk\u00fcl\u00f6n\u00edts\u00fck a t\u00e1rol\u00e1si z\u00f3n\u00e1kt\u00f3l. Emellett alapvet\u0151 fontoss\u00e1g\u00fa volt a tiszta sz\u00e1ll\u00edt\u00e1si \u00fatvonalak kijel\u00f6l\u00e9se \u00e9s az infrastrukt\u00fara v\u00e9delme az intenz\u00edv forgalom \u00e9s a m\u0171veletek jellege \u00e1ltal ebben a k\u00f6rnyezetben okozott esetleges k\u00e1rokkal szemben.<\/p>\n\n\n\n<h3 class=\"wp-block-heading\">V\u00e9grehajt\u00e1s<\/h3>\n\n\n\n<p>A megval\u00f3s\u00edt\u00e1si folyamat a l\u00e9tes\u00edtm\u00e9ny haszn\u00e1lat\u00e1val kapcsolatos ig\u00e9nyek \u00e9s potenci\u00e1lis kock\u00e1zatok alapos elemz\u00e9s\u00e9vel kezd\u0151d\u00f6tt. Ennek alapj\u00e1n javasolt\u00e1k <a href=\"https:\/\/antersystem.com\/produkty\/ciag-elastycznych-barier-wall-protector-hd-m16-z-barierami-gb-hd\/\">a GB HD+ g\u00e1takkal kombin\u00e1lt, rugalmas WALL PROTECTOR HD+ g\u00e1takb\u00f3l \u00e1ll\u00f3 v\u00e9delem megval\u00f3s\u00edt\u00e1s\u00e1t .<\/a><\/p>\n\n\n\n<p>WALL PROTECTORS were <strong>strategically placed to<\/strong> protect high-bay storage areas from the movement of stored goods and to safeguard production zones where machines and industrial robots operate. A meger\u0151s\u00edtett als\u00f3 <a href=\"https:\/\/antersystem.com\/produkty\/elastyczna-bariera-gb-hd\/\">GB HD+ v\u00e9d\u0151falak alkalmaz\u00e1sa hat\u00e9konyan v\u00e9dte<\/a> a szomsz\u00e9dos ter\u00fcleteket a z\u00f3n\u00e1ban m\u0171k\u00f6d\u0151, alacsonyan elhelyezett targonc\u00e1k ellen.<\/p>\n\n\n\n<p>WALL PROTECTOR-ok a robotokkal, g\u00e9pekkel \u00e9s egy\u00e9b modern, a termel\u00e9st \u00e9s a logisztik\u00e1t t\u00e1mogat\u00f3 rendszerekkel <strong>felszerelt termel\u00e9si z\u00f3n\u00e1k szigor\u00fa v\u00e9delm\u00e9re \u00e9s elk\u00fcl\u00f6n\u00edt\u00e9s\u00e9re<\/strong> is szolg\u00e1ltak. Ezek a megold\u00e1sok nemcsak a csarnok kulcsfontoss\u00e1g\u00fa elemeit v\u00e9dt\u00e9k, hanem seg\u00edtettek a munkater\u00fcletek k\u00f6z\u00f6tti egy\u00e9rtelm\u0171 k\u00f6zleked\u00e9si \u00fatvonalak meghat\u00e1roz\u00e1s\u00e1ban is.<\/p>\n\n\n\n<p>A megval\u00f3s\u00edt\u00e1st kieg\u00e9sz\u00edtette a <a href=\"https:\/\/antersystem.com\/produkty\/bramka-bezpieczenstwa-sga-ze-znakiem-stop-i-oswietleniem-ostrzegawczym\/\">SGA biztons\u00e1gi kapuk haszn\u00e1lata stop t\u00e1bl\u00e1kkal \u00e9s f\u00e9nyjelz\u00e9sek kel<\/a> a Traffic R3 soromp\u00f3vonalakon. Szab\u00e1lyozz\u00e1k a gyalogosforgalmat a kritikus ter\u00fcleteken, \u00e9s minimaliz\u00e1lj\u00e1k a j\u00e1rm\u0171vek \u00e1ltal haszn\u00e1lt \u00fatvonalakra val\u00f3 behajt\u00e1s kock\u00e1zat\u00e1t.<\/p>\n\n\n\n<h3 class=\"wp-block-heading\">Eredm\u00e9nyek<\/h3>\n\n\n\n<p>A rugalmas WALL PROTECTOR HD+ v\u00e9d\u0151falak \u00e9s a GB HD+ v\u00e9d\u0151falak kombin\u00e1ci\u00f3ja sz\u00e1mos el\u0151nnyel j\u00e1rt. A megval\u00f3s\u00edtott megold\u00e1soknak k\u00f6sz\u00f6nhet\u0151en a magasrakt\u00e1rakat <strong>hat\u00e9konyan elk\u00fcl\u00f6n\u00edtett\u00e9k a sz\u00e1ll\u00edt\u00e1si \u00e9s termel\u00e9si z\u00f3n\u00e1kt\u00f3l, ami<\/strong> jelent\u0151sen n\u00f6velte a munkahelyi biztons\u00e1got. Az egy\u00e9rtelm\u0171en kijel\u00f6lt sz\u00e1ll\u00edt\u00e1si \u00fatvonalak jav\u00edtott\u00e1k a logisztikai folyamatok \u00e1raml\u00e1s\u00e1t \u00e9s hat\u00e9konys\u00e1g\u00e1t, minimaliz\u00e1lva az \u00fctk\u00f6z\u00e9sek \u00e9s a le\u00e1ll\u00e1sok kock\u00e1zat\u00e1t. A modul\u00e1ris rendszer kialak\u00edt\u00e1sa nagyban megk\u00f6nny\u00edtette a feladat v\u00e9grehajt\u00e1s\u00e1t az \u00fcgyf\u00e9l ig\u00e9nyeinek megfelel\u0151en, \u00e9s megfelel\u0151 v\u00e9delmet biztos\u00edtott a kijel\u00f6lt ter\u00fcleteken.<\/p>\n\n\n\n<h3 class=\"wp-block-heading\">\u00d6sszefoglal\u00f3<\/h3>\n\n\n\n<p>A Wall Protector HD+ rendszer \u00e9s a GB HD+ korl\u00e1tok alkalmaz\u00e1sa egy automatiz\u00e1lt gy\u00e1rt\u00e1si z\u00f3n\u00e1kkal \u00e9s magas polcos rakt\u00e1rter\u00fcletekkel rendelkez\u0151 csarnokban <strong>jelent\u0151sen jav\u00edtotta a munkahelyi biztons\u00e1got \u00e9s a t\u00e9rszervez\u00e9st.<\/strong> Az alkalmazott megold\u00e1soknak k\u00f6sz\u00f6nhet\u0151en siker\u00fclt hat\u00e9konyan biztos\u00edtani a csarnok egyes r\u00e9szeit, jav\u00edtani a forgalomszervez\u00e9st egy dinamikus ipari k\u00f6rnyezetben, \u00e9s biztos\u00edtani a munkav\u00e1llal\u00f3k biztons\u00e1g\u00e1t a balesetvesz\u00e9lyes ter\u00fcleteken.<\/p>\n<\/div>\n\n\n\n<div class=\"wp-block-column is-layout-flow wp-block-column-is-layout-flow\" style=\"flex-basis:10%\"><\/div>\n<\/div>\n\nngg_shortcode_0_placeholder\n","protected":false},"excerpt":{"rendered":"<p>WALL PROTECTOR HD+ a GB HD+ korl\u00e1tokkal a magasrakt\u00e1rak biztons\u00e1g\u00e1\u00e9rt a rakt\u00e1rakban, ahol a t\u00e1rol\u00f3ter\u00fcletek magasan helyezkednek el Egy dinamikusan m\u0171k\u00f6d\u0151 ipari csarnokban, ahol emberek, g\u00e9pek, robotok \u00e9s magas polc\u00fa rakt\u00e1rter\u00fcletek l\u00e9teznek egym\u00e1s mellett, biztos\u00edtani kellett a munkahelyi biztons\u00e1got \u00e9s a hat\u00e9kony t\u00e9rszervez\u00e9st. A f\u0151 c\u00e9l az volt, hogy az embereket \u00e9s a g\u00e9peket elk\u00fcl\u00f6n\u00edts\u00fck [&hellip;]<\/p>\n","protected":false},"author":1,"featured_media":0,"parent":12598,"menu_order":0,"comment_status":"closed","ping_status":"closed","template":"","meta":{"inline_featured_image":false,"ngg_post_thumbnail":0,"footnotes":""},"class_list":["post-13122","page","type-page","status-publish","hentry"],"acf":[],"yoast_head":"<!-- This site is optimized with the Yoast SEO plugin v27.0 - https:\/\/yoast.com\/product\/yoast-seo-wordpress\/ -->\n<title>WALL PROTECTOR HD+ magas rakt\u00e1rter\u00fclet\u0171 rakt\u00e1rakban - Anter System<\/title>\n<meta name=\"description\" content=\"WALL PROTECTOR HD+ a GB HD+ korl\u00e1tokkal a magasrakt\u00e1rak biztons\u00e1g\u00e1\u00e9rt a rakt\u00e1rakban, ahol a t\u00e1rol\u00f3ter\u00fcletek magasan helyezkednek el Egy dinamikusan m\u0171k\u00f6d\u0151\" \/>\n<meta name=\"robots\" content=\"index, follow, max-snippet:-1, max-image-preview:large, max-video-preview:-1\" \/>\n<link rel=\"canonical\" href=\"https:\/\/antersystem.com\/hu\/case-studies\/wall-protector-hd-warehouses-with-high-storage\/\" \/>\n<meta property=\"og:locale\" content=\"hu_HU\" \/>\n<meta property=\"og:type\" content=\"article\" \/>\n<meta property=\"og:title\" content=\"WALL PROTECTOR HD+ magas rakt\u00e1rter\u00fclet\u0171 rakt\u00e1rakban - Anter System\" \/>\n<meta property=\"og:description\" content=\"WALL PROTECTOR HD+ a GB HD+ korl\u00e1tokkal a magasrakt\u00e1rak biztons\u00e1g\u00e1\u00e9rt a rakt\u00e1rakban, ahol a t\u00e1rol\u00f3ter\u00fcletek magasan helyezkednek el Egy dinamikusan m\u0171k\u00f6d\u0151\" \/>\n<meta property=\"og:url\" content=\"https:\/\/antersystem.com\/hu\/case-studies\/wall-protector-hd-warehouses-with-high-storage\/\" \/>\n<meta property=\"og:site_name\" content=\"Anter System\" \/>\n<meta property=\"article:modified_time\" content=\"2026-01-30T00:22:13+00:00\" \/>\n<meta name=\"twitter:card\" content=\"summary_large_image\" \/>\n<meta name=\"twitter:label1\" content=\"Becs\u00fclt olvas\u00e1si id\u0151\" \/>\n\t<meta name=\"twitter:data1\" content=\"3 perc\" \/>\n<script type=\"application\/ld+json\" class=\"yoast-schema-graph\">{\"@context\":\"https:\/\/schema.org\",\"@graph\":[{\"@type\":\"WebPage\",\"@id\":\"https:\/\/antersystem.com\/hu\/case-studies\/wall-protector-hd-warehouses-with-high-storage\/\",\"url\":\"https:\/\/antersystem.com\/hu\/case-studies\/wall-protector-hd-warehouses-with-high-storage\/\",\"name\":\"WALL PROTECTOR HD+ magas rakt\u00e1rter\u00fclet\u0171 rakt\u00e1rakban - Anter System\",\"isPartOf\":{\"@id\":\"https:\/\/antersystem.com\/hu\/#website\"},\"datePublished\":\"2025-01-28T13:41:10+00:00\",\"dateModified\":\"2026-01-30T00:22:13+00:00\",\"description\":\"WALL PROTECTOR HD+ a GB HD+ korl\u00e1tokkal a magasrakt\u00e1rak biztons\u00e1g\u00e1\u00e9rt a rakt\u00e1rakban, ahol a t\u00e1rol\u00f3ter\u00fcletek magasan helyezkednek el Egy dinamikusan m\u0171k\u00f6d\u0151\",\"breadcrumb\":{\"@id\":\"https:\/\/antersystem.com\/hu\/case-studies\/wall-protector-hd-warehouses-with-high-storage\/#breadcrumb\"},\"inLanguage\":\"hu\",\"potentialAction\":[{\"@type\":\"ReadAction\",\"target\":[\"https:\/\/antersystem.com\/hu\/case-studies\/wall-protector-hd-warehouses-with-high-storage\/\"]}]},{\"@type\":\"BreadcrumbList\",\"@id\":\"https:\/\/antersystem.com\/hu\/case-studies\/wall-protector-hd-warehouses-with-high-storage\/#breadcrumb\",\"itemListElement\":[{\"@type\":\"ListItem\",\"position\":1,\"name\":\"AnterSystem\",\"item\":\"https:\/\/antersystem.com\/hu\/\"},{\"@type\":\"ListItem\",\"position\":2,\"name\":\"Esettanulm\u00e1nyok\",\"item\":\"https:\/\/antersystem.com\/hu\/case-studies\/\"},{\"@type\":\"ListItem\",\"position\":3,\"name\":\"WALL PROTECTOR HD+ magas rakt\u00e1rter\u00fclet\u0171 rakt\u00e1rakban\"}]},{\"@type\":\"WebSite\",\"@id\":\"https:\/\/antersystem.com\/hu\/#website\",\"url\":\"https:\/\/antersystem.com\/hu\/\",\"name\":\"Anter System\",\"description\":\"Jeste\u015bmy polskim producentem elastycznych barier ochronnych wykonywanych z polimerowych tworzyw sztucznych. Na rynku krajowym i zagranicznym dzia\u0142amy od ponad 15 lat dbaj\u0105c o zapewnienie bezpiecze\u0144stwa w zak\u0142adach produkcyjnych, magazynach oraz centrach logistycznych.\",\"potentialAction\":[{\"@type\":\"SearchAction\",\"target\":{\"@type\":\"EntryPoint\",\"urlTemplate\":\"https:\/\/antersystem.com\/hu\/?s={search_term_string}\"},\"query-input\":{\"@type\":\"PropertyValueSpecification\",\"valueRequired\":true,\"valueName\":\"search_term_string\"}}],\"inLanguage\":\"hu\"}]}<\/script>\n<!-- \/ Yoast SEO plugin. -->","yoast_head_json":{"title":"WALL PROTECTOR HD+ magas rakt\u00e1rter\u00fclet\u0171 rakt\u00e1rakban - Anter System","description":"WALL PROTECTOR HD+ a GB HD+ korl\u00e1tokkal a magasrakt\u00e1rak biztons\u00e1g\u00e1\u00e9rt a rakt\u00e1rakban, ahol a t\u00e1rol\u00f3ter\u00fcletek magasan helyezkednek el Egy dinamikusan m\u0171k\u00f6d\u0151","robots":{"index":"index","follow":"follow","max-snippet":"max-snippet:-1","max-image-preview":"max-image-preview:large","max-video-preview":"max-video-preview:-1"},"canonical":"https:\/\/antersystem.com\/hu\/case-studies\/wall-protector-hd-warehouses-with-high-storage\/","og_locale":"hu_HU","og_type":"article","og_title":"WALL PROTECTOR HD+ magas rakt\u00e1rter\u00fclet\u0171 rakt\u00e1rakban - Anter System","og_description":"WALL PROTECTOR HD+ a GB HD+ korl\u00e1tokkal a magasrakt\u00e1rak biztons\u00e1g\u00e1\u00e9rt a rakt\u00e1rakban, ahol a t\u00e1rol\u00f3ter\u00fcletek magasan helyezkednek el Egy dinamikusan m\u0171k\u00f6d\u0151","og_url":"https:\/\/antersystem.com\/hu\/case-studies\/wall-protector-hd-warehouses-with-high-storage\/","og_site_name":"Anter System","article_modified_time":"2026-01-30T00:22:13+00:00","twitter_card":"summary_large_image","twitter_misc":{"Becs\u00fclt olvas\u00e1si id\u0151":"3 perc"},"schema":{"@context":"https:\/\/schema.org","@graph":[{"@type":"WebPage","@id":"https:\/\/antersystem.com\/hu\/case-studies\/wall-protector-hd-warehouses-with-high-storage\/","url":"https:\/\/antersystem.com\/hu\/case-studies\/wall-protector-hd-warehouses-with-high-storage\/","name":"WALL PROTECTOR HD+ magas rakt\u00e1rter\u00fclet\u0171 rakt\u00e1rakban - Anter System","isPartOf":{"@id":"https:\/\/antersystem.com\/hu\/#website"},"datePublished":"2025-01-28T13:41:10+00:00","dateModified":"2026-01-30T00:22:13+00:00","description":"WALL PROTECTOR HD+ a GB HD+ korl\u00e1tokkal a magasrakt\u00e1rak biztons\u00e1g\u00e1\u00e9rt a rakt\u00e1rakban, ahol a t\u00e1rol\u00f3ter\u00fcletek magasan helyezkednek el Egy dinamikusan m\u0171k\u00f6d\u0151","breadcrumb":{"@id":"https:\/\/antersystem.com\/hu\/case-studies\/wall-protector-hd-warehouses-with-high-storage\/#breadcrumb"},"inLanguage":"hu","potentialAction":[{"@type":"ReadAction","target":["https:\/\/antersystem.com\/hu\/case-studies\/wall-protector-hd-warehouses-with-high-storage\/"]}]},{"@type":"BreadcrumbList","@id":"https:\/\/antersystem.com\/hu\/case-studies\/wall-protector-hd-warehouses-with-high-storage\/#breadcrumb","itemListElement":[{"@type":"ListItem","position":1,"name":"AnterSystem","item":"https:\/\/antersystem.com\/hu\/"},{"@type":"ListItem","position":2,"name":"Esettanulm\u00e1nyok","item":"https:\/\/antersystem.com\/hu\/case-studies\/"},{"@type":"ListItem","position":3,"name":"WALL PROTECTOR HD+ magas rakt\u00e1rter\u00fclet\u0171 rakt\u00e1rakban"}]},{"@type":"WebSite","@id":"https:\/\/antersystem.com\/hu\/#website","url":"https:\/\/antersystem.com\/hu\/","name":"Anter System","description":"Jeste\u015bmy polskim producentem elastycznych barier ochronnych wykonywanych z polimerowych tworzyw sztucznych. Na rynku krajowym i zagranicznym dzia\u0142amy od ponad 15 lat dbaj\u0105c o zapewnienie bezpiecze\u0144stwa w zak\u0142adach produkcyjnych, magazynach oraz centrach logistycznych.","potentialAction":[{"@type":"SearchAction","target":{"@type":"EntryPoint","urlTemplate":"https:\/\/antersystem.com\/hu\/?s={search_term_string}"},"query-input":{"@type":"PropertyValueSpecification","valueRequired":true,"valueName":"search_term_string"}}],"inLanguage":"hu"}]}},"_links":{"self":[{"href":"https:\/\/antersystem.com\/hu\/wp-json\/wp\/v2\/pages\/13122","targetHints":{"allow":["GET"]}}],"collection":[{"href":"https:\/\/antersystem.com\/hu\/wp-json\/wp\/v2\/pages"}],"about":[{"href":"https:\/\/antersystem.com\/hu\/wp-json\/wp\/v2\/types\/page"}],"author":[{"embeddable":true,"href":"https:\/\/antersystem.com\/hu\/wp-json\/wp\/v2\/users\/1"}],"replies":[{"embeddable":true,"href":"https:\/\/antersystem.com\/hu\/wp-json\/wp\/v2\/comments?post=13122"}],"version-history":[{"count":1,"href":"https:\/\/antersystem.com\/hu\/wp-json\/wp\/v2\/pages\/13122\/revisions"}],"predecessor-version":[{"id":13123,"href":"https:\/\/antersystem.com\/hu\/wp-json\/wp\/v2\/pages\/13122\/revisions\/13123"}],"up":[{"embeddable":true,"href":"https:\/\/antersystem.com\/hu\/wp-json\/wp\/v2\/pages\/12598"}],"wp:attachment":[{"href":"https:\/\/antersystem.com\/hu\/wp-json\/wp\/v2\/media?parent=13122"}],"curies":[{"name":"wp","href":"https:\/\/api.w.org\/{rel}","templated":true}]}}