{"id":13201,"date":"2024-04-24T15:59:43","date_gmt":"2024-04-24T13:59:43","guid":{"rendered":"https:\/\/new.antersystem.com\/hygiene-standards\/"},"modified":"2026-01-30T14:29:22","modified_gmt":"2026-01-30T13:29:22","slug":"hygiene-standards","status":"publish","type":"page","link":"https:\/\/antersystem.com\/hu\/hirek\/hygiene-standards\/","title":{"rendered":"Higi\u00e9niai el\u0151\u00edr\u00e1sok"},"content":{"rendered":"\n<div class=\"wp-block-columns is-layout-flex wp-container-core-columns-is-layout-9d6595d7 wp-block-columns-is-layout-flex\">\n<div class=\"wp-block-column is-layout-flow wp-block-column-is-layout-flow\" style=\"flex-basis:10%\"><\/div>\n\n\n\n<div class=\"wp-block-column is-layout-flow wp-block-column-is-layout-flow\">\n<h2 class=\"wp-block-heading\">Higi\u00e9niai el\u0151\u00edr\u00e1sok \u00e9s a rugalmas akad\u00e1lyok k\u00fcl\u00f6nb\u00f6z\u0151 munkak\u00f6rnyezetekhez val\u00f3 igaz\u00edt\u00e1sa<\/h2>\n\n\n\n<p>A munkahelyi v\u00e9delmi rendszereket hozz\u00e1 kell igaz\u00edtani azokhoz az egyedi k\u00f6rnyezeti felt\u00e9telekhez, amelyek k\u00f6z\u00f6tt m\u0171k\u00f6dnek. <strong>Rugalmas polimer g\u00e1tjainkkal<\/strong> kapcsolatban gyakran tal\u00e1lkozik a &#8222;megfelel az eg\u00e9szs\u00e9g\u00fcgyi k\u00f6vetelm\u00e9nyeknek&#8221; kifejez\u00e9ssel <strong>&#8211;<\/strong> de mit is jelent ez val\u00f3j\u00e1ban a gyakorlatban?<\/p>\n\n\n\n<h3 class=\"wp-block-heading\">Mi hat\u00e1rozza meg, hogy egy biztons\u00e1gi korl\u00e1t megfelel-e a higi\u00e9niai el\u0151\u00edr\u00e1soknak?<\/h3>\n\n\n\n<p>Amikor higi\u00e9niai szabv\u00e1nyokr\u00f3l besz\u00e9l\u00fcnk, leggyakrabban <strong>az<\/strong> \u00e9lelmiszer- <strong>\u00e9s gy\u00f3gyszeripar<\/strong> termel\u00e9si k\u00f6rnyezet\u00e9re utalunk <strong>.<\/strong> Sz\u00e1mos t\u00e9nyez\u0151t vesznek figyelembe a higi\u00e9nia \u00e9s a biztons\u00e1g biztos\u00edt\u00e1sa \u00e9rdek\u00e9ben &#8211; nemcsak a munkav\u00e1llal\u00f3k, hanem a kezelt term\u00e9kek eset\u00e9ben is. Az al\u00e1bbiakban a v\u00e9d\u0151falak higi\u00e9niai biztons\u00e1g\u00e1t meghat\u00e1roz\u00f3 f\u0151 szempontok k\u00f6vetkeznek:  <\/p>\n\n<p><strong>Tiszt\u00edthat\u00f3s\u00e1g:<\/strong> Sima, nem por\u00f3zus fel\u00fcletekkel, amelyeken nem halmoz\u00f3dnak fel szennyez\u0151d\u00e9sek \u00e9s bakt\u00e9riumok.<\/p>\n<p><strong>\u00c9lelmiszerbiztons\u00e1gi megfelel\u00e9s:<\/strong> Azokban a l\u00e9tes\u00edtm\u00e9nyekben, ahol az \u00e9lelmiszer-feldolgoz\u00e1si z\u00f3n\u00e1k k\u00f6zel\u00e9ben korl\u00e1tokat telep\u00edtenek, azoknak meg kell felelni\u00fck az \u00e9lelmiszer-biztons\u00e1gi el\u0151\u00edr\u00e1soknak, p\u00e9ld\u00e1ul a HACCP-nek <strong>\u00e9s m\u00e1s<\/strong> helyi eg\u00e9szs\u00e9g\u00fcgyi el\u0151\u00edr\u00e1soknak. Az anyagoknak nem toxikusnak, korr\u00f3zi\u00f3\u00e1ll\u00f3nak \u00e9s higi\u00e9nikus k\u00f6rnyezetben val\u00f3 haszn\u00e1latra tan\u00fas\u00edtottnak kell lenni\u00fck. <\/p>\n<p><strong>K\u00e9miai ellen\u00e1ll\u00e1s:<\/strong> A korl\u00e1toknak ellen kell \u00e1llniuk az ipari higi\u00e9niai karbantart\u00e1s sor\u00e1n gyakran haszn\u00e1lt er\u0151s tiszt\u00edt\u00f3- \u00e9s fert\u0151tlen\u00edt\u0151szereknek.<\/p>\n<p><strong>K\u00f6rnyezeti ellen\u00e1ll\u00e1s:<\/strong> A magas p\u00e1ratartalom, a gyors h\u0151m\u00e9rs\u00e9klet-v\u00e1ltoz\u00e1s vagy a fagyos k\u00f6rnyezet nem befoly\u00e1solhatja a g\u00e1tak szerkezeti integrit\u00e1s\u00e1t vagy teljes\u00edtm\u00e9ny\u00e9t.<\/p>\n<p><strong>Tan\u00fas\u00edt\u00e1s \u00e9s megfelel\u00e9s:<\/strong> A rugalmas v\u00e9d\u0151falakat az \u00e1gazatt\u00f3l f\u00fcgg\u0151en tan\u00fas\u00edt\u00e1snak \u00e9s vizsg\u00e1latnak kell al\u00e1vetni, hogy meger\u0151s\u00edts\u00e9k a vonatkoz\u00f3 nemzetk\u00f6zi \u00e9s nemzeti higi\u00e9niai szabv\u00e1nyoknak val\u00f3 megfelel\u00e9st.<\/p>\n\n\n\n<h3 class=\"wp-block-heading\"><strong>A higi\u00e9niai k\u00f6rnyezetekben alkalmazott v\u00e9d\u0151g\u00e1takra vonatkoz\u00f3 elfogadott szabv\u00e1nyok<\/strong><\/h3>\n\n\n\n<p>Az \u00e9lelmiszer-feldolgoz\u00e1si k\u00f6rnyezetben haszn\u00e1lt biztons\u00e1gi korl\u00e1toknak sz\u00e1mos szabv\u00e1nynak kell megfelelni\u00fck a szennyez\u0151d\u00e9sek \u00e9s az eg\u00e9szs\u00e9g\u00fcgyi kock\u00e1zatok elleni v\u00e9delem biztos\u00edt\u00e1sa \u00e9rdek\u00e9ben. Az al\u00e1bbiakban az ilyen megfelel\u00e9st szab\u00e1lyoz\u00f3 legfontosabb keretszab\u00e1lyok k\u00f6vetkeznek: <\/p>\n\n\n\n<p><strong>HACCP (Hazard Analysis and Critical Control Points &#8211; vesz\u00e9lyelemz\u00e9s \u00e9s kritikus ellen\u0151rz\u00e9si pontok) &#8211; az<\/strong> \u00e9lelmiszer-el\u0151\u00e1ll\u00edt\u00e1si folyamat sor\u00e1n <strong>a<\/strong> potenci\u00e1lis vesz\u00e9lyeket azonos\u00edt\u00f3 \u00e9s ellen\u0151rz\u0151 <strong>ir\u00e1ny\u00edt\u00e1si rendszer<\/strong>. Az ilyen l\u00e9tes\u00edtm\u00e9nyekben haszn\u00e1lt rugalmas akad\u00e1lyoknak meg kell felelni\u00fck a HACCP-elveknek, biztos\u00edtva, hogy be\u00e9p\u00edt\u00e9s\u00fck \u00e9s anyagaik ne jelentsenek fert\u0151z\u00e9si kock\u00e1zatot, \u00e9s hogy t\u00e1mogass\u00e1k az ellen\u0151rz\u00f6tt, higi\u00e9nikus k\u00f6r\u00fclm\u00e9nyek fenntart\u00e1s\u00e1t.<\/p>\n\n\n\n<p><strong>FDA (Food and Drug Administration) &#8211;<\/strong> az Egyes\u00fclt \u00c1llamokban t\u00f6rt\u00e9n\u0151 <strong>alkalmaz\u00e1sok eset\u00e9ben<\/strong> az akad\u00e1lyoknak meg kell felelni\u00fck az FDA \u00e9lelmiszerbiztons\u00e1gi \u00e9s higi\u00e9niai el\u0151\u00edr\u00e1sainak. Ez azt jelenti, hogy olyan anyagokat kell haszn\u00e1lni, amelyek nem m\u00e9rgez\u0151ek, nem szennyez\u0151ek \u00e9s biztons\u00e1gosak az \u00e9lelmiszerekkel val\u00f3 k\u00f6zvetett \u00e9rintkez\u00e9shez, a sz\u00f6vets\u00e9gi \u00e9lelmiszeripari szabv\u00e1nyoknak megfelel\u0151en. <\/p>\n\n\n\n<p><strong>ISO 22000 &#8211;<\/strong> ez a nemzetk\u00f6zi szabv\u00e1ny meghat\u00e1rozza az \u00e9lelmiszer-biztons\u00e1gi ir\u00e1ny\u00edt\u00e1si rendszerekre vonatkoz\u00f3 k\u00f6vetelm\u00e9nyeket, biztos\u00edtva, hogy a termel\u00e9si \u00e9s logisztikai l\u00e9tes\u00edtm\u00e9nyekben haszn\u00e1lt valamennyi berendez\u00e9s \u00e9s alkatr\u00e9sz hozz\u00e1j\u00e1ruljon a biztons\u00e1gos \u00e9lelmiszer-kezel\u00e9si gyakorlathoz.<\/p>\n\n\n\n<p><strong>Ipar\u00e1g-specifikus min\u0151s\u00edt\u00e9sek:<\/strong> P\u00e9ld\u00e1ul USDA <strong>Organic min\u0151s\u00edt\u00e9s<\/strong> a bio\u00e9lelmiszereket el\u0151\u00e1ll\u00edt\u00f3 l\u00e9tes\u00edtm\u00e9nyek sz\u00e1m\u00e1ra, vagy m\u00e1s helyi \u00e1gazatspecifikus j\u00f3v\u00e1hagy\u00e1sok.<\/p>\n\n\n\n<p><strong>Helyi \u00e9s nemzeti el\u0151\u00edr\u00e1sok:<\/strong> Minden orsz\u00e1gnak megvannak a saj\u00e1t eg\u00e9szs\u00e9g\u00fcgyi \u00e9s j\u00e1rv\u00e1ny\u00fcgyi el\u0151\u00edr\u00e1sai, amelyek meghat\u00e1rozz\u00e1k az \u00e9lelmiszer-el\u0151\u00e1ll\u00edt\u00e1si \u00e9s -feldolgoz\u00e1si k\u00f6rnyezet higi\u00e9niai k\u00f6vetelm\u00e9nyeit. A korl\u00e1toknak meg kell felelni\u00fck ezeknek a helyi el\u0151\u00edr\u00e1soknak ahhoz, hogy jogilag j\u00f3v\u00e1hagyj\u00e1k az ilyen l\u00e9tes\u00edtm\u00e9nyekben val\u00f3 haszn\u00e1latot. <\/p>\n\n\n\n<p>Mindezek a t\u00e9nyez\u0151k d\u00f6nt\u0151 fontoss\u00e1g\u00faak a legmagasabb higi\u00e9niai szabv\u00e1nyok fenntart\u00e1s\u00e1ban a termel\u0151 l\u00e9tes\u00edtm\u00e9nyekben &#8211; legyen sz\u00f3 ak\u00e1r az \u00e9lelmiszer-, gy\u00f3gyszer- vagy vegyiparr\u00f3l -, minimaliz\u00e1lva a szennyez\u0151d\u00e9s kock\u00e1zat\u00e1t \u00e9s v\u00e9dve a fogyaszt\u00f3k eg\u00e9szs\u00e9g\u00e9t.<\/p>\n\n\n\n<p><a href=\"https:\/\/antersystem.com\/nasze-systemy\/\">Az Anter System rugalmas g\u00e1takat \u00fagy tervezt\u00e9k<\/a> \u00e9s gy\u00e1rtj\u00e1k, hogy megfeleljenek a legmagasabb higi\u00e9niai \u00e9s \u00e9lelmiszerbiztons\u00e1gi el\u0151\u00edr\u00e1soknak, \u00e9s teljes m\u00e9rt\u00e9kben megfeleljenek a HACCP <strong>, az FDA \u00e9s az ISO 22000 k\u00f6vetelm\u00e9nyeinek<\/strong>. Min\u0151s\u00e9g\u00fcket \u00e9s biztons\u00e1goss\u00e1gukat <strong>a T\u00dcV Rheinland tan\u00fas\u00edt\u00e1sa<\/strong> is igazolja <strong>.<\/strong><\/p>\n\n\n<div class=\"wp-block-image\">\n<figure class=\"aligncenter size-large is-resized\"><a href=\"https:\/\/antersystem.com\/nasze-systemy\/\"><img loading=\"lazy\" decoding=\"async\" width=\"768\" height=\"1024\" src=\"https:\/\/antersystem.com\/wp-content\/uploads\/mroznia-768x1024.webp\" alt=\"Rugalmas biztons&#xE1;gi korl&#xE1;tok higi&#xE9;nikus k&#xF6;rnyezetben\" class=\"wp-image-4652\" style=\"width:462px;height:auto\" srcset=\"https:\/\/antersystem.com\/wp-content\/uploads\/mroznia-768x1024.webp 768w, https:\/\/antersystem.com\/wp-content\/uploads\/mroznia-225x300.webp 225w, https:\/\/antersystem.com\/wp-content\/uploads\/mroznia-450x600.webp 450w, https:\/\/antersystem.com\/wp-content\/uploads\/mroznia-330x440.webp 330w, https:\/\/antersystem.com\/wp-content\/uploads\/mroznia.webp 900w\" sizes=\"auto, (max-width: 768px) 100vw, 768px\" \/><\/a><\/figure><\/div><\/div>\n\n\n\n<div class=\"wp-block-column is-layout-flow wp-block-column-is-layout-flow\" style=\"flex-basis:10%\"><\/div>\n<\/div>\n","protected":false},"excerpt":{"rendered":"<p>Higi\u00e9niai el\u0151\u00edr\u00e1sok \u00e9s a rugalmas akad\u00e1lyok k\u00fcl\u00f6nb\u00f6z\u0151 munkak\u00f6rnyezetekhez val\u00f3 igaz\u00edt\u00e1sa A munkahelyi v\u00e9delmi rendszereket hozz\u00e1 kell igaz\u00edtani azokhoz az egyedi k\u00f6rnyezeti felt\u00e9telekhez, amelyek k\u00f6z\u00f6tt m\u0171k\u00f6dnek. Rugalmas polimer g\u00e1tjainkkal kapcsolatban gyakran tal\u00e1lkozik a &#8222;megfelel az eg\u00e9szs\u00e9g\u00fcgyi k\u00f6vetelm\u00e9nyeknek&#8221; kifejez\u00e9ssel &#8211; de mit is jelent ez val\u00f3j\u00e1ban a gyakorlatban? Mi hat\u00e1rozza meg, hogy egy biztons\u00e1gi korl\u00e1t megfelel-e a [&hellip;]<\/p>\n","protected":false},"author":1,"featured_media":0,"parent":30300,"menu_order":0,"comment_status":"closed","ping_status":"closed","template":"","meta":{"inline_featured_image":false,"ngg_post_thumbnail":0,"footnotes":""},"class_list":["post-13201","page","type-page","status-publish","hentry"],"acf":[],"yoast_head":"<!-- This site is optimized with the Yoast SEO plugin v27.0 - https:\/\/yoast.com\/product\/yoast-seo-wordpress\/ -->\n<title>Higi\u00e9niai el\u0151\u00edr\u00e1sok - Anter System<\/title>\n<meta name=\"description\" content=\"A munkahelyi biztons\u00e1gi megold\u00e1sok a k\u00f6rnyezet saj\u00e1tos k\u00f6r\u00fclm\u00e9nyeit\u0151l f\u00fcggenek. Rugalmas korl\u00e1tjaink eset\u00e9ben ez a higi\u00e9niai el\u0151\u00edr\u00e1sokat is mag\u00e1ban foglalja.\" \/>\n<meta name=\"robots\" content=\"index, follow, max-snippet:-1, max-image-preview:large, max-video-preview:-1\" \/>\n<link rel=\"canonical\" href=\"https:\/\/antersystem.com\/hu\/hirek\/hygiene-standards\/\" \/>\n<meta property=\"og:locale\" content=\"hu_HU\" \/>\n<meta property=\"og:type\" content=\"article\" \/>\n<meta property=\"og:title\" content=\"Higi\u00e9niai el\u0151\u00edr\u00e1sok - Anter System\" \/>\n<meta property=\"og:description\" content=\"A munkahelyi biztons\u00e1gi megold\u00e1sok a k\u00f6rnyezet saj\u00e1tos k\u00f6r\u00fclm\u00e9nyeit\u0151l f\u00fcggenek. Rugalmas korl\u00e1tjaink eset\u00e9ben ez a higi\u00e9niai el\u0151\u00edr\u00e1sokat is mag\u00e1ban foglalja.\" \/>\n<meta property=\"og:url\" content=\"https:\/\/antersystem.com\/hu\/hirek\/hygiene-standards\/\" \/>\n<meta property=\"og:site_name\" content=\"Anter System\" \/>\n<meta property=\"article:modified_time\" content=\"2026-01-30T13:29:22+00:00\" \/>\n<meta property=\"og:image\" content=\"https:\/\/antersystem.com\/wp-content\/uploads\/mroznia-768x1024.webp\" \/>\n<meta name=\"twitter:card\" content=\"summary_large_image\" \/>\n<meta name=\"twitter:label1\" content=\"Becs\u00fclt olvas\u00e1si id\u0151\" \/>\n\t<meta name=\"twitter:data1\" content=\"4 perc\" \/>\n<script type=\"application\/ld+json\" class=\"yoast-schema-graph\">{\"@context\":\"https:\/\/schema.org\",\"@graph\":[{\"@type\":\"WebPage\",\"@id\":\"https:\/\/antersystem.com\/hu\/hirek\/hygiene-standards\/\",\"url\":\"https:\/\/antersystem.com\/hu\/hirek\/hygiene-standards\/\",\"name\":\"Higi\u00e9niai el\u0151\u00edr\u00e1sok - Anter System\",\"isPartOf\":{\"@id\":\"https:\/\/antersystem.com\/hu\/#website\"},\"primaryImageOfPage\":{\"@id\":\"https:\/\/antersystem.com\/hu\/hirek\/hygiene-standards\/#primaryimage\"},\"image\":{\"@id\":\"https:\/\/antersystem.com\/hu\/hirek\/hygiene-standards\/#primaryimage\"},\"thumbnailUrl\":\"https:\/\/antersystem.com\/wp-content\/uploads\/mroznia-768x1024.webp\",\"datePublished\":\"2024-04-24T13:59:43+00:00\",\"dateModified\":\"2026-01-30T13:29:22+00:00\",\"description\":\"A munkahelyi biztons\u00e1gi megold\u00e1sok a k\u00f6rnyezet saj\u00e1tos k\u00f6r\u00fclm\u00e9nyeit\u0151l f\u00fcggenek. Rugalmas korl\u00e1tjaink eset\u00e9ben ez a higi\u00e9niai el\u0151\u00edr\u00e1sokat is mag\u00e1ban foglalja.\",\"breadcrumb\":{\"@id\":\"https:\/\/antersystem.com\/hu\/hirek\/hygiene-standards\/#breadcrumb\"},\"inLanguage\":\"hu\",\"potentialAction\":[{\"@type\":\"ReadAction\",\"target\":[\"https:\/\/antersystem.com\/hu\/hirek\/hygiene-standards\/\"]}]},{\"@type\":\"ImageObject\",\"inLanguage\":\"hu\",\"@id\":\"https:\/\/antersystem.com\/hu\/hirek\/hygiene-standards\/#primaryimage\",\"url\":\"https:\/\/antersystem.com\/wp-content\/uploads\/mroznia-768x1024.webp\",\"contentUrl\":\"https:\/\/antersystem.com\/wp-content\/uploads\/mroznia-768x1024.webp\"},{\"@type\":\"BreadcrumbList\",\"@id\":\"https:\/\/antersystem.com\/hu\/hirek\/hygiene-standards\/#breadcrumb\",\"itemListElement\":[{\"@type\":\"ListItem\",\"position\":1,\"name\":\"AnterSystem\",\"item\":\"https:\/\/antersystem.com\/hu\/\"},{\"@type\":\"ListItem\",\"position\":2,\"name\":\"H\u00edrek\",\"item\":\"https:\/\/antersystem.com\/hu\/hirek\/\"},{\"@type\":\"ListItem\",\"position\":3,\"name\":\"Higi\u00e9niai el\u0151\u00edr\u00e1sok\"}]},{\"@type\":\"WebSite\",\"@id\":\"https:\/\/antersystem.com\/hu\/#website\",\"url\":\"https:\/\/antersystem.com\/hu\/\",\"name\":\"Anter System\",\"description\":\"Jeste\u015bmy polskim producentem elastycznych barier ochronnych wykonywanych z polimerowych tworzyw sztucznych. Na rynku krajowym i zagranicznym dzia\u0142amy od ponad 15 lat dbaj\u0105c o zapewnienie bezpiecze\u0144stwa w zak\u0142adach produkcyjnych, magazynach oraz centrach logistycznych.\",\"potentialAction\":[{\"@type\":\"SearchAction\",\"target\":{\"@type\":\"EntryPoint\",\"urlTemplate\":\"https:\/\/antersystem.com\/hu\/?s={search_term_string}\"},\"query-input\":{\"@type\":\"PropertyValueSpecification\",\"valueRequired\":true,\"valueName\":\"search_term_string\"}}],\"inLanguage\":\"hu\"}]}<\/script>\n<!-- \/ Yoast SEO plugin. -->","yoast_head_json":{"title":"Higi\u00e9niai el\u0151\u00edr\u00e1sok - Anter System","description":"A munkahelyi biztons\u00e1gi megold\u00e1sok a k\u00f6rnyezet saj\u00e1tos k\u00f6r\u00fclm\u00e9nyeit\u0151l f\u00fcggenek. Rugalmas korl\u00e1tjaink eset\u00e9ben ez a higi\u00e9niai el\u0151\u00edr\u00e1sokat is mag\u00e1ban foglalja.","robots":{"index":"index","follow":"follow","max-snippet":"max-snippet:-1","max-image-preview":"max-image-preview:large","max-video-preview":"max-video-preview:-1"},"canonical":"https:\/\/antersystem.com\/hu\/hirek\/hygiene-standards\/","og_locale":"hu_HU","og_type":"article","og_title":"Higi\u00e9niai el\u0151\u00edr\u00e1sok - Anter System","og_description":"A munkahelyi biztons\u00e1gi megold\u00e1sok a k\u00f6rnyezet saj\u00e1tos k\u00f6r\u00fclm\u00e9nyeit\u0151l f\u00fcggenek. Rugalmas korl\u00e1tjaink eset\u00e9ben ez a higi\u00e9niai el\u0151\u00edr\u00e1sokat is mag\u00e1ban foglalja.","og_url":"https:\/\/antersystem.com\/hu\/hirek\/hygiene-standards\/","og_site_name":"Anter System","article_modified_time":"2026-01-30T13:29:22+00:00","og_image":[{"url":"https:\/\/antersystem.com\/wp-content\/uploads\/mroznia-768x1024.webp","type":"","width":"","height":""}],"twitter_card":"summary_large_image","twitter_misc":{"Becs\u00fclt olvas\u00e1si id\u0151":"4 perc"},"schema":{"@context":"https:\/\/schema.org","@graph":[{"@type":"WebPage","@id":"https:\/\/antersystem.com\/hu\/hirek\/hygiene-standards\/","url":"https:\/\/antersystem.com\/hu\/hirek\/hygiene-standards\/","name":"Higi\u00e9niai el\u0151\u00edr\u00e1sok - Anter System","isPartOf":{"@id":"https:\/\/antersystem.com\/hu\/#website"},"primaryImageOfPage":{"@id":"https:\/\/antersystem.com\/hu\/hirek\/hygiene-standards\/#primaryimage"},"image":{"@id":"https:\/\/antersystem.com\/hu\/hirek\/hygiene-standards\/#primaryimage"},"thumbnailUrl":"https:\/\/antersystem.com\/wp-content\/uploads\/mroznia-768x1024.webp","datePublished":"2024-04-24T13:59:43+00:00","dateModified":"2026-01-30T13:29:22+00:00","description":"A munkahelyi biztons\u00e1gi megold\u00e1sok a k\u00f6rnyezet saj\u00e1tos k\u00f6r\u00fclm\u00e9nyeit\u0151l f\u00fcggenek. Rugalmas korl\u00e1tjaink eset\u00e9ben ez a higi\u00e9niai el\u0151\u00edr\u00e1sokat is mag\u00e1ban foglalja.","breadcrumb":{"@id":"https:\/\/antersystem.com\/hu\/hirek\/hygiene-standards\/#breadcrumb"},"inLanguage":"hu","potentialAction":[{"@type":"ReadAction","target":["https:\/\/antersystem.com\/hu\/hirek\/hygiene-standards\/"]}]},{"@type":"ImageObject","inLanguage":"hu","@id":"https:\/\/antersystem.com\/hu\/hirek\/hygiene-standards\/#primaryimage","url":"https:\/\/antersystem.com\/wp-content\/uploads\/mroznia-768x1024.webp","contentUrl":"https:\/\/antersystem.com\/wp-content\/uploads\/mroznia-768x1024.webp"},{"@type":"BreadcrumbList","@id":"https:\/\/antersystem.com\/hu\/hirek\/hygiene-standards\/#breadcrumb","itemListElement":[{"@type":"ListItem","position":1,"name":"AnterSystem","item":"https:\/\/antersystem.com\/hu\/"},{"@type":"ListItem","position":2,"name":"H\u00edrek","item":"https:\/\/antersystem.com\/hu\/hirek\/"},{"@type":"ListItem","position":3,"name":"Higi\u00e9niai el\u0151\u00edr\u00e1sok"}]},{"@type":"WebSite","@id":"https:\/\/antersystem.com\/hu\/#website","url":"https:\/\/antersystem.com\/hu\/","name":"Anter System","description":"Jeste\u015bmy polskim producentem elastycznych barier ochronnych wykonywanych z polimerowych tworzyw sztucznych. Na rynku krajowym i zagranicznym dzia\u0142amy od ponad 15 lat dbaj\u0105c o zapewnienie bezpiecze\u0144stwa w zak\u0142adach produkcyjnych, magazynach oraz centrach logistycznych.","potentialAction":[{"@type":"SearchAction","target":{"@type":"EntryPoint","urlTemplate":"https:\/\/antersystem.com\/hu\/?s={search_term_string}"},"query-input":{"@type":"PropertyValueSpecification","valueRequired":true,"valueName":"search_term_string"}}],"inLanguage":"hu"}]}},"_links":{"self":[{"href":"https:\/\/antersystem.com\/hu\/wp-json\/wp\/v2\/pages\/13201","targetHints":{"allow":["GET"]}}],"collection":[{"href":"https:\/\/antersystem.com\/hu\/wp-json\/wp\/v2\/pages"}],"about":[{"href":"https:\/\/antersystem.com\/hu\/wp-json\/wp\/v2\/types\/page"}],"author":[{"embeddable":true,"href":"https:\/\/antersystem.com\/hu\/wp-json\/wp\/v2\/users\/1"}],"replies":[{"embeddable":true,"href":"https:\/\/antersystem.com\/hu\/wp-json\/wp\/v2\/comments?post=13201"}],"version-history":[{"count":1,"href":"https:\/\/antersystem.com\/hu\/wp-json\/wp\/v2\/pages\/13201\/revisions"}],"predecessor-version":[{"id":13205,"href":"https:\/\/antersystem.com\/hu\/wp-json\/wp\/v2\/pages\/13201\/revisions\/13205"}],"up":[{"embeddable":true,"href":"https:\/\/antersystem.com\/hu\/wp-json\/wp\/v2\/pages\/30300"}],"wp:attachment":[{"href":"https:\/\/antersystem.com\/hu\/wp-json\/wp\/v2\/media?parent=13201"}],"curies":[{"name":"wp","href":"https:\/\/api.w.org\/{rel}","templated":true}]}}