{"id":13237,"date":"2025-06-04T16:04:00","date_gmt":"2025-06-04T14:04:00","guid":{"rendered":"https:\/\/new.antersystem.com\/gold-medal-smart-gate\/"},"modified":"2026-04-16T11:29:51","modified_gmt":"2026-04-16T09:29:51","slug":"gold-medal-smart-gate","status":"publish","type":"page","link":"https:\/\/antersystem.com\/hu\/hirek\/gold-medal-smart-gate\/","title":{"rendered":"Arany\u00e9rem a SMART GATE\u00e9rt"},"content":{"rendered":"\n<div class=\"wp-block-columns is-layout-flex wp-container-core-columns-is-layout-9d6595d7 wp-block-columns-is-layout-flex\">\n<div class=\"wp-block-column is-layout-flow wp-block-column-is-layout-flow\">\n<h2 class=\"wp-block-heading\">Term\u00e9keinket rangos d\u00edjjal ismert\u00e9k el<\/h2>\n\n\n\n<div class=\"wp-block-columns is-layout-flex wp-container-core-columns-is-layout-9d6595d7 wp-block-columns-is-layout-flex\">\n<div class=\"wp-block-column is-layout-flow wp-block-column-is-layout-flow\" style=\"flex-basis:10%\"><\/div>\n\n\n\n<div class=\"wp-block-column is-layout-flow wp-block-column-is-layout-flow\">\n<p>B\u00fcszk\u00e9n jelentj\u00fck be, hogy egyik leg\u00fajabb innov\u00e1ci\u00f3nk &#8211; az <strong>SGA GATE PROTECTOR intelligens biztons\u00e1gi kapu (SMART GATE) &#8211; elnyerte<\/strong> <strong>a Modernlog 2025<\/strong> rangos <strong>arany\u00e9rm\u00e9t.<\/strong> Ez a kit\u00fcntet\u00e9s olyan megold\u00e1sokat d\u00edjaz, amelyek az innov\u00e1ci\u00f3, a tervez\u00e9si min\u0151s\u00e9g \u00e9s a munkahelyi biztons\u00e1gra gyakorolt hat\u00e1s r\u00e9v\u00e9n val\u00f3di \u00e9rt\u00e9ket jelentenek az ipar sz\u00e1m\u00e1ra. <\/p>\n\n\n\n<h3 class=\"wp-block-heading\">Egy d\u00edj, amely felel\u0151ss\u00e9gre \u00f6szt\u00f6n\u00f6z<\/h3>\n\n\n\n<p>Az MTP szak\u00e9rt\u0151i zs\u0171rije \u00e1ltal oda\u00edt\u00e9lt arany\u00e9rem t\u00f6bb mint szimbolikus elismer\u00e9s &#8211; ez egy min\u0151s\u00e9gi v\u00e9djegy, amely meger\u0151s\u00edti a d\u00edjazott megold\u00e1s hat\u00e9konys\u00e1g\u00e1t \u00e9s gyakorlati \u00e9rt\u00e9k\u00e9t. A munkahelyi biztons\u00e1gi term\u00e9kek kateg\u00f3ri\u00e1j\u00e1ban a zs\u0171ri nagyra \u00e9rt\u00e9kelte kapunkat <strong>a vesz\u00e9ly\u00e9rz\u00e9kel\u0151 technol\u00f3gia innovat\u00edv integr\u00e1ci\u00f3j\u00e1\u00e9rt<\/strong> a gyalogosok \u00e9s ipari j\u00e1rm\u0171vek <strong>k\u00f6z\u00f6s z\u00f3n\u00e1iban a felhaszn\u00e1l\u00f3k akt\u00edv v\u00e9delm\u00e9vel.<\/strong>  <\/p>\n\n\n\n<figure class=\"wp-block-embed is-type-video is-provider-youtube wp-block-embed-youtube wp-embed-aspect-16-9 wp-has-aspect-ratio\"><div class=\"wp-block-embed__wrapper\" style=\"text-align: center;\">\n<iframe loading=\"lazy\" title=\"GATE PROTECTOR with SGA SAFETY GATE WING\" width=\"500\" height=\"281\" src=\"https:\/\/www.youtube.com\/embed\/cdwOuzXI_zU?feature=oembed\" frameborder=\"0\" allow=\"accelerometer; autoplay; clipboard-write; encrypted-media; gyroscope; picture-in-picture; web-share\" referrerpolicy=\"strict-origin-when-cross-origin\" allowfullscreen><\/iframe>\n<\/div><\/figure>\n\n\n<div style=\"height:30px\" aria-hidden=\"true\" class=\"wp-block-spacer\"><\/div>\n\n\n\n<h3 class=\"wp-block-heading\">Mit\u0151l emelkedik ki az SGA GATE PROTECTOR?<\/h3>\n\n\n\n<p>A SMART GATE egy intelligens, automatikus biztons\u00e1gi rendszer, amelyet a rakt\u00e1rak, logisztikai k\u00f6zpontok \u00e9s ipari l\u00e9tes\u00edtm\u00e9nyek legkritikusabb ter\u00fcleteinek v\u00e9delm\u00e9re terveztek &#8211; ahol a gyalogosok \u00fatjai keresztezik a j\u00e1rm\u0171\u00fatvonalakat. Legfontosabb jellemz\u0151i a k\u00f6vetkez\u0151k:<\/p>\n\n\n\n<ul class=\"wp-block-list\"><li><strong>Fejlett \u00e9rz\u00e9kel\u0151rendszerek &#8211;<\/strong> mozg\u00e1s\u00e9rz\u00e9kel\u0151k, RFID, UWB technol\u00f3gia \u00e9s l\u00e9zeres \u00e9rz\u00e9kel\u0151k lehet\u0151v\u00e9 teszik a k\u00f6zeled\u0151 j\u00e1rm\u0171vek pontos \u00e9szlel\u00e9s\u00e9t.<\/li>\n<li><strong>Akt\u00edv f\u00e9ny- \u00e9s hangjelz\u00e9s &#8211;<\/strong> az \u00e9l\u00e9nkpiros figyelmeztet\u0151 f\u00e9nyek \u00e9s a hangjelz\u00e9sek j\u00f3l l\u00e1that\u00f3ak \u00e9s hallhat\u00f3ak mind a gyalogosok, mind a targoncavezet\u0151k sz\u00e1m\u00e1ra.<\/li>\n<li><strong>Automatikus \u00e1thalad\u00e1sbiztos\u00edt\u00e1s &#8211;<\/strong> ha j\u00e1rm\u0171vet \u00e9szlel, a kapu azonnal bez\u00e1r\u00f3dik, megakad\u00e1lyozva az \u00fctk\u00f6z\u00e9st.<\/li>\n<li><strong>Z\u00f6kken\u0151mentes integr\u00e1ci\u00f3 az \u00e9p\u00fcletautomatiz\u00e1l\u00e1ssal &#8211;<\/strong> az SGA GATE PROTECTOR teljes m\u00e9rt\u00e9kben integr\u00e1lhat\u00f3 az \u00fcgyf\u00e9lrendszerekkel, t\u00e1mogatva a forgalom, a biztons\u00e1g \u00e9s az evaku\u00e1l\u00e1s kezel\u00e9s\u00e9t.<\/li>\n<li><strong>Automatikus nyit\u00e1si funkci\u00f3 &#8211;<\/strong> ha a ter\u00fclet tiszta, a kapu automatikusan \u00fajra kiny\u00edlik, fenntartva a zavartalan munkafolyamatot.<\/li>\n<\/ul>\n\n\n<div style=\"height:30px\" aria-hidden=\"true\" class=\"wp-block-spacer\"><\/div>\n\n\n\n<div class=\"wp-block-media-text is-stacked-on-mobile\" style=\"grid-template-columns:18% auto\"><figure class=\"wp-block-media-text__media\"><img loading=\"lazy\" decoding=\"async\" width=\"683\" height=\"1024\" src=\"https:\/\/antersystem.com\/wp-content\/uploads\/ELASTYCZNA-BARIERA-GATE-PROTECTOR-Z-BRAMKA-SGA2-683x1024.png\" alt=\"\" class=\"wp-image-6000 size-full\" srcset=\"https:\/\/antersystem.com\/wp-content\/uploads\/ELASTYCZNA-BARIERA-GATE-PROTECTOR-Z-BRAMKA-SGA2-683x1024.png 683w, https:\/\/antersystem.com\/wp-content\/uploads\/ELASTYCZNA-BARIERA-GATE-PROTECTOR-Z-BRAMKA-SGA2-200x300.png 200w, https:\/\/antersystem.com\/wp-content\/uploads\/ELASTYCZNA-BARIERA-GATE-PROTECTOR-Z-BRAMKA-SGA2-768x1152.png 768w, https:\/\/antersystem.com\/wp-content\/uploads\/ELASTYCZNA-BARIERA-GATE-PROTECTOR-Z-BRAMKA-SGA2-1024x1536.png 1024w, https:\/\/antersystem.com\/wp-content\/uploads\/ELASTYCZNA-BARIERA-GATE-PROTECTOR-Z-BRAMKA-SGA2-1365x2048.png 1365w, https:\/\/antersystem.com\/wp-content\/uploads\/ELASTYCZNA-BARIERA-GATE-PROTECTOR-Z-BRAMKA-SGA2-450x675.png 450w, https:\/\/antersystem.com\/wp-content\/uploads\/ELASTYCZNA-BARIERA-GATE-PROTECTOR-Z-BRAMKA-SGA2-330x495.png 330w\" sizes=\"auto, (max-width: 683px) 100vw, 683px\" \/><\/figure><div class=\"wp-block-media-text__content\">\n<h3 class=\"wp-block-heading\">Val\u00f3di el\u0151ny\u00f6k &#8211; biztons\u00e1g, k\u00e9nyelem \u00e9s hat\u00e9konys\u00e1g<\/h3>\n\n\n\n<p>Az SGA GATE PROTECTOR bevezet\u00e9se teljesen megsz\u00fcntette az incidenseket \u00fcgyfeleink l\u00e9tes\u00edtm\u00e9nyeinek legvesz\u00e9lyesebb \u00e1tj\u00e1r\u00f3in\u00e1l. A fokozott biztons\u00e1g nemcsak az \u00e9let \u00e9s az eg\u00e9szs\u00e9g v\u00e9delm\u00e9t jelenti, hanem <strong>az eg\u00e9sz operat\u00edv csapatok koncentr\u00e1ltabb, magabiztosabb \u00e9s hat\u00e9konyabb munk\u00e1j\u00e1t<\/strong> is <strong>.<\/strong> A vizu\u00e1lis \u00e9s akusztikus jelz\u00e9sek seg\u00edtik a kezel\u0151ket, cs\u00f6kkentve a stresszt \u00e9s a k\u00f6rnyezet folyamatos ellen\u0151rz\u00e9s\u00e9nek sz\u00fcks\u00e9gess\u00e9g\u00e9t.  <\/p>\n\n\n\n<p>Ezt a megold\u00e1st a rugalmass\u00e1g szem el\u0151tt tart\u00e1s\u00e1val tervezt\u00e9k &#8211; mind technol\u00f3giai, mind t\u00e9rbeli szempontb\u00f3l. A kapu testre szabhat\u00f3, hogy megfeleljen a l\u00e9tes\u00edtm\u00e9ny egyedi k\u00f6vetelm\u00e9nyeinek, \u00e9s modul\u00e1ris fel\u00e9p\u00edt\u00e9se lehet\u0151v\u00e9 teszi a k\u00f6nny\u0171 integr\u00e1ci\u00f3t az Anter System m\u00e1s v\u00e9delmi term\u00e9keivel. <\/p>\n<\/div><\/div>\n\n\n\n<div style=\"height:30px\" aria-hidden=\"true\" class=\"wp-block-spacer\"><\/div>\n\n\n\n<h3 class=\"wp-block-heading\">K\u00f6sz\u00f6nj\u00fck az elismer\u00e9st!<\/h3>\n\n\n\n<p>A Modernlog 2025 arany\u00e9rem meger\u0151s\u00edti, hogy az \u00e1ltalunk v\u00e1lasztott \u00fat &#8211; <strong>az intelligens, automatiz\u00e1lt biztons\u00e1gi rendszerekbe<\/strong> val\u00f3 beruh\u00e1z\u00e1s <strong>&#8211;<\/strong> k\u00f6zvetlen\u00fcl a val\u00f3s piaci ig\u00e9nyekre reag\u00e1l. K\u00f6sz\u00f6nj\u00fck a verseny zs\u0171rij\u00e9nek a bizalmat, \u00fcgyfeleinknek \u00e9s partnereinknek pedig azt, hogy tov\u00e1bbi innov\u00e1ci\u00f3ra \u00f6szt\u00f6n\u00f6znek minket. <\/p>\n\n\n\n<p>Tov\u00e1bbi inform\u00e1ci\u00f3k az SGA GATE PROTECTORr\u00f3l <strong><a href=\"https:\/\/antersystem.com\/produkty\/elastyczna-bariera-gate-protector-with-sga-gate\/\">itt<\/a><\/strong>.<\/p>\n<\/div>\n<\/div>\n<\/div>\n<\/div>\n\n<p><\/p>\n","protected":false},"excerpt":{"rendered":"<p>Term\u00e9keinket rangos d\u00edjjal ismert\u00e9k el B\u00fcszk\u00e9n jelentj\u00fck be, hogy egyik leg\u00fajabb innov\u00e1ci\u00f3nk &#8211; az SGA GATE PROTECTOR intelligens biztons\u00e1gi kapu (SMART GATE) &#8211; elnyerte a Modernlog 2025 rangos arany\u00e9rm\u00e9t. Ez a kit\u00fcntet\u00e9s olyan megold\u00e1sokat d\u00edjaz, amelyek az innov\u00e1ci\u00f3, a tervez\u00e9si min\u0151s\u00e9g \u00e9s a munkahelyi biztons\u00e1gra gyakorolt hat\u00e1s r\u00e9v\u00e9n val\u00f3di \u00e9rt\u00e9ket jelentenek az ipar sz\u00e1m\u00e1ra. Egy [&hellip;]<\/p>\n","protected":false},"author":11,"featured_media":13239,"parent":30300,"menu_order":0,"comment_status":"closed","ping_status":"closed","template":"","meta":{"inline_featured_image":false,"ngg_post_thumbnail":0,"footnotes":""},"class_list":["post-13237","page","type-page","status-publish","has-post-thumbnail","hentry"],"acf":[],"yoast_head":"<!-- This site is optimized with the Yoast SEO plugin v27.0 - https:\/\/yoast.com\/product\/yoast-seo-wordpress\/ -->\n<title>Arany\u00e9rem a SMART GATE\u00e9rt - Anter System<\/title>\n<meta name=\"description\" content=\"Az intelligens SMART GATE term\u00e9k a 2025-\u00f6s Modernlog szakv\u00e1s\u00e1ron elnyerte a rangos arany\u00e9rmet.\" \/>\n<meta name=\"robots\" content=\"index, follow, max-snippet:-1, max-image-preview:large, max-video-preview:-1\" \/>\n<link rel=\"canonical\" href=\"https:\/\/antersystem.com\/hu\/hirek\/gold-medal-smart-gate\/\" \/>\n<meta property=\"og:locale\" content=\"hu_HU\" \/>\n<meta property=\"og:type\" content=\"article\" \/>\n<meta property=\"og:title\" content=\"Arany\u00e9rem a SMART GATE\u00e9rt - Anter System\" \/>\n<meta property=\"og:description\" content=\"Az intelligens SMART GATE term\u00e9k a 2025-\u00f6s Modernlog szakv\u00e1s\u00e1ron elnyerte a rangos arany\u00e9rmet.\" \/>\n<meta property=\"og:url\" content=\"https:\/\/antersystem.com\/hu\/hirek\/gold-medal-smart-gate\/\" \/>\n<meta property=\"og:site_name\" content=\"Anter System\" \/>\n<meta property=\"article:modified_time\" content=\"2026-04-16T09:29:51+00:00\" \/>\n<meta property=\"og:image\" content=\"https:\/\/antersystem.com\/wp-content\/uploads\/gate-protector-medal-1.png\" \/>\n\t<meta property=\"og:image:width\" content=\"1024\" \/>\n\t<meta property=\"og:image:height\" content=\"768\" \/>\n\t<meta property=\"og:image:type\" content=\"image\/png\" \/>\n<meta name=\"twitter:card\" content=\"summary_large_image\" \/>\n<meta name=\"twitter:label1\" content=\"Becs\u00fclt olvas\u00e1si id\u0151\" \/>\n\t<meta name=\"twitter:data1\" content=\"3 perc\" \/>\n<script type=\"application\/ld+json\" class=\"yoast-schema-graph\">{\"@context\":\"https:\/\/schema.org\",\"@graph\":[{\"@type\":\"WebPage\",\"@id\":\"https:\/\/antersystem.com\/hu\/hirek\/gold-medal-smart-gate\/\",\"url\":\"https:\/\/antersystem.com\/hu\/hirek\/gold-medal-smart-gate\/\",\"name\":\"Arany\u00e9rem a SMART GATE\u00e9rt - Anter System\",\"isPartOf\":{\"@id\":\"https:\/\/antersystem.com\/hu\/#website\"},\"primaryImageOfPage\":{\"@id\":\"https:\/\/antersystem.com\/hu\/hirek\/gold-medal-smart-gate\/#primaryimage\"},\"image\":{\"@id\":\"https:\/\/antersystem.com\/hu\/hirek\/gold-medal-smart-gate\/#primaryimage\"},\"thumbnailUrl\":\"https:\/\/antersystem.com\/wp-content\/uploads\/gate-protector-medal-1.png\",\"datePublished\":\"2025-06-04T14:04:00+00:00\",\"dateModified\":\"2026-04-16T09:29:51+00:00\",\"description\":\"Az intelligens SMART GATE term\u00e9k a 2025-\u00f6s Modernlog szakv\u00e1s\u00e1ron elnyerte a rangos arany\u00e9rmet.\",\"breadcrumb\":{\"@id\":\"https:\/\/antersystem.com\/hu\/hirek\/gold-medal-smart-gate\/#breadcrumb\"},\"inLanguage\":\"hu\",\"potentialAction\":[{\"@type\":\"ReadAction\",\"target\":[\"https:\/\/antersystem.com\/hu\/hirek\/gold-medal-smart-gate\/\"]}]},{\"@type\":\"ImageObject\",\"inLanguage\":\"hu\",\"@id\":\"https:\/\/antersystem.com\/hu\/hirek\/gold-medal-smart-gate\/#primaryimage\",\"url\":\"https:\/\/antersystem.com\/wp-content\/uploads\/gate-protector-medal-1.png\",\"contentUrl\":\"https:\/\/antersystem.com\/wp-content\/uploads\/gate-protector-medal-1.png\",\"width\":1024,\"height\":768},{\"@type\":\"BreadcrumbList\",\"@id\":\"https:\/\/antersystem.com\/hu\/hirek\/gold-medal-smart-gate\/#breadcrumb\",\"itemListElement\":[{\"@type\":\"ListItem\",\"position\":1,\"name\":\"AnterSystem\",\"item\":\"https:\/\/antersystem.com\/hu\/\"},{\"@type\":\"ListItem\",\"position\":2,\"name\":\"H\u00edrek\",\"item\":\"https:\/\/antersystem.com\/hu\/hirek\/\"},{\"@type\":\"ListItem\",\"position\":3,\"name\":\"Arany\u00e9rem a SMART GATE\u00e9rt\"}]},{\"@type\":\"WebSite\",\"@id\":\"https:\/\/antersystem.com\/hu\/#website\",\"url\":\"https:\/\/antersystem.com\/hu\/\",\"name\":\"Anter System\",\"description\":\"Jeste\u015bmy polskim producentem elastycznych barier ochronnych wykonywanych z polimerowych tworzyw sztucznych. Na rynku krajowym i zagranicznym dzia\u0142amy od ponad 15 lat dbaj\u0105c o zapewnienie bezpiecze\u0144stwa w zak\u0142adach produkcyjnych, magazynach oraz centrach logistycznych.\",\"potentialAction\":[{\"@type\":\"SearchAction\",\"target\":{\"@type\":\"EntryPoint\",\"urlTemplate\":\"https:\/\/antersystem.com\/hu\/?s={search_term_string}\"},\"query-input\":{\"@type\":\"PropertyValueSpecification\",\"valueRequired\":true,\"valueName\":\"search_term_string\"}}],\"inLanguage\":\"hu\"}]}<\/script>\n<!-- \/ Yoast SEO plugin. -->","yoast_head_json":{"title":"Arany\u00e9rem a SMART GATE\u00e9rt - Anter System","description":"Az intelligens SMART GATE term\u00e9k a 2025-\u00f6s Modernlog szakv\u00e1s\u00e1ron elnyerte a rangos arany\u00e9rmet.","robots":{"index":"index","follow":"follow","max-snippet":"max-snippet:-1","max-image-preview":"max-image-preview:large","max-video-preview":"max-video-preview:-1"},"canonical":"https:\/\/antersystem.com\/hu\/hirek\/gold-medal-smart-gate\/","og_locale":"hu_HU","og_type":"article","og_title":"Arany\u00e9rem a SMART GATE\u00e9rt - Anter System","og_description":"Az intelligens SMART GATE term\u00e9k a 2025-\u00f6s Modernlog szakv\u00e1s\u00e1ron elnyerte a rangos arany\u00e9rmet.","og_url":"https:\/\/antersystem.com\/hu\/hirek\/gold-medal-smart-gate\/","og_site_name":"Anter System","article_modified_time":"2026-04-16T09:29:51+00:00","og_image":[{"width":1024,"height":768,"url":"https:\/\/antersystem.com\/wp-content\/uploads\/gate-protector-medal-1.png","type":"image\/png"}],"twitter_card":"summary_large_image","twitter_misc":{"Becs\u00fclt olvas\u00e1si id\u0151":"3 perc"},"schema":{"@context":"https:\/\/schema.org","@graph":[{"@type":"WebPage","@id":"https:\/\/antersystem.com\/hu\/hirek\/gold-medal-smart-gate\/","url":"https:\/\/antersystem.com\/hu\/hirek\/gold-medal-smart-gate\/","name":"Arany\u00e9rem a SMART GATE\u00e9rt - Anter System","isPartOf":{"@id":"https:\/\/antersystem.com\/hu\/#website"},"primaryImageOfPage":{"@id":"https:\/\/antersystem.com\/hu\/hirek\/gold-medal-smart-gate\/#primaryimage"},"image":{"@id":"https:\/\/antersystem.com\/hu\/hirek\/gold-medal-smart-gate\/#primaryimage"},"thumbnailUrl":"https:\/\/antersystem.com\/wp-content\/uploads\/gate-protector-medal-1.png","datePublished":"2025-06-04T14:04:00+00:00","dateModified":"2026-04-16T09:29:51+00:00","description":"Az intelligens SMART GATE term\u00e9k a 2025-\u00f6s Modernlog szakv\u00e1s\u00e1ron elnyerte a rangos arany\u00e9rmet.","breadcrumb":{"@id":"https:\/\/antersystem.com\/hu\/hirek\/gold-medal-smart-gate\/#breadcrumb"},"inLanguage":"hu","potentialAction":[{"@type":"ReadAction","target":["https:\/\/antersystem.com\/hu\/hirek\/gold-medal-smart-gate\/"]}]},{"@type":"ImageObject","inLanguage":"hu","@id":"https:\/\/antersystem.com\/hu\/hirek\/gold-medal-smart-gate\/#primaryimage","url":"https:\/\/antersystem.com\/wp-content\/uploads\/gate-protector-medal-1.png","contentUrl":"https:\/\/antersystem.com\/wp-content\/uploads\/gate-protector-medal-1.png","width":1024,"height":768},{"@type":"BreadcrumbList","@id":"https:\/\/antersystem.com\/hu\/hirek\/gold-medal-smart-gate\/#breadcrumb","itemListElement":[{"@type":"ListItem","position":1,"name":"AnterSystem","item":"https:\/\/antersystem.com\/hu\/"},{"@type":"ListItem","position":2,"name":"H\u00edrek","item":"https:\/\/antersystem.com\/hu\/hirek\/"},{"@type":"ListItem","position":3,"name":"Arany\u00e9rem a SMART GATE\u00e9rt"}]},{"@type":"WebSite","@id":"https:\/\/antersystem.com\/hu\/#website","url":"https:\/\/antersystem.com\/hu\/","name":"Anter System","description":"Jeste\u015bmy polskim producentem elastycznych barier ochronnych wykonywanych z polimerowych tworzyw sztucznych. Na rynku krajowym i zagranicznym dzia\u0142amy od ponad 15 lat dbaj\u0105c o zapewnienie bezpiecze\u0144stwa w zak\u0142adach produkcyjnych, magazynach oraz centrach logistycznych.","potentialAction":[{"@type":"SearchAction","target":{"@type":"EntryPoint","urlTemplate":"https:\/\/antersystem.com\/hu\/?s={search_term_string}"},"query-input":{"@type":"PropertyValueSpecification","valueRequired":true,"valueName":"search_term_string"}}],"inLanguage":"hu"}]}},"_links":{"self":[{"href":"https:\/\/antersystem.com\/hu\/wp-json\/wp\/v2\/pages\/13237","targetHints":{"allow":["GET"]}}],"collection":[{"href":"https:\/\/antersystem.com\/hu\/wp-json\/wp\/v2\/pages"}],"about":[{"href":"https:\/\/antersystem.com\/hu\/wp-json\/wp\/v2\/types\/page"}],"author":[{"embeddable":true,"href":"https:\/\/antersystem.com\/hu\/wp-json\/wp\/v2\/users\/11"}],"replies":[{"embeddable":true,"href":"https:\/\/antersystem.com\/hu\/wp-json\/wp\/v2\/comments?post=13237"}],"version-history":[{"count":1,"href":"https:\/\/antersystem.com\/hu\/wp-json\/wp\/v2\/pages\/13237\/revisions"}],"predecessor-version":[{"id":13240,"href":"https:\/\/antersystem.com\/hu\/wp-json\/wp\/v2\/pages\/13237\/revisions\/13240"}],"up":[{"embeddable":true,"href":"https:\/\/antersystem.com\/hu\/wp-json\/wp\/v2\/pages\/30300"}],"wp:featuredmedia":[{"embeddable":true,"href":"https:\/\/antersystem.com\/hu\/wp-json\/wp\/v2\/media\/13239"}],"wp:attachment":[{"href":"https:\/\/antersystem.com\/hu\/wp-json\/wp\/v2\/media?parent=13237"}],"curies":[{"name":"wp","href":"https:\/\/api.w.org\/{rel}","templated":true}]}}