{"id":13329,"date":"2024-04-12T12:31:12","date_gmt":"2024-04-12T10:31:12","guid":{"rendered":"https:\/\/new.antersystem.com\/gold-medal-traffic-dock-gate\/"},"modified":"2026-01-30T14:29:22","modified_gmt":"2026-01-30T13:29:22","slug":"gold-medal-traffic-dock-gate","status":"publish","type":"page","link":"https:\/\/antersystem.com\/hu\/hirek\/gold-medal-traffic-dock-gate\/","title":{"rendered":"Arany\u00e9rem a TRAFFIC DOCK GATE kapu\u00e9rt"},"content":{"rendered":"\n<div class=\"wp-block-columns is-layout-flex wp-container-core-columns-is-layout-9d6595d7 wp-block-columns-is-layout-flex\">\n<div class=\"wp-block-column is-layout-flow wp-block-column-is-layout-flow\" style=\"flex-basis:10%\"><\/div>\n\n\n\n<div class=\"wp-block-column is-layout-flow wp-block-column-is-layout-flow\">\n<h3 class=\"wp-block-heading\">Arany\u00e9rmes d\u00edj az automatikus TRAFFIC DOCK GATE\u00e9rt<\/h3>\n\n\n\n<p>Az <strong>arany\u00e9rem<\/strong> egy rangos d\u00edj <strong>, amelyet<\/strong> az ipari v\u00e1s\u00e1rokon, k\u00f6zt\u00fck a SAWO <strong>kereskedelmi v\u00e1s\u00e1ron<\/strong> \u00edt\u00e9lnek oda <strong>.<\/strong> A d\u00edjjal a rendezv\u00e9nyen bemutatott <strong>term\u00e9kek \u00e9s szolg\u00e1ltat\u00e1sok innov\u00e1ci\u00f3j\u00e1t, min\u0151s\u00e9g\u00e9t \u00e9s \u00e9rt\u00e9k\u00e9t<\/strong> ismerik el. Az Arany Med\u00e1l verseny egyed\u00fcl\u00e1ll\u00f3 lehet\u0151s\u00e9get biztos\u00edt a ki\u00e1ll\u00edt\u00f3knak, hogy bemutass\u00e1k leg\u00fajabb megold\u00e1saikat, \u00e9s elismer\u00e9st szerezzenek az \u00fcgyfelek \u00e9s \u00fczleti partnerek k\u00f6r\u00e9ben.  <\/p>\n\n\n\n<p>Az idei arany\u00e9rmesek egyike a mi <strong><a href=\"https:\/\/antersystem.com\/hu\/termekek\/traffic-dock-gate\/bramka-dock-gate-3-2\/\">R2 automata TRAFFIC DOCK GATE<\/a><\/strong>. Ez az innovat\u00edv megold\u00e1s biztos\u00edtja a biztons\u00e1gos \u00e9s hat\u00e9kony rakom\u00e1nykezel\u00e9st a rakod\u00f3tereken, a rakt\u00e1roz\u00e1si z\u00f3n\u00e1kban \u00e9s a rakt\u00e1rakban. A kapu fejlett automatiz\u00e1l\u00e1si funkci\u00f3kkal rendelkezik, amelyek lehet\u0151v\u00e9 teszik a z\u00f6kken\u0151mentes \u00e9s gyors be- \u00e9s kirakod\u00e1si m\u0171veleteket biztons\u00e1gos munkak\u00f6r\u00fclm\u00e9nyek k\u00f6z\u00f6tt. Progressz\u00edv kialak\u00edt\u00e1sa \u00e9s gyakorlati alkalmaz\u00e1sa kulcsfontoss\u00e1g\u00fa t\u00e9nyez\u0151k voltak a SAWO szakv\u00e1s\u00e1ron elnyert arany\u00e9remhez.<\/p>\n\n\n\n<figure class=\"wp-block-gallery has-nested-images columns-default is-cropped wp-block-gallery-1 is-layout-flex wp-block-gallery-is-layout-flex\">\n<figure class=\"wp-block-image size-large\"><img loading=\"lazy\" decoding=\"async\" width=\"720\" height=\"480\" data-id=\"4584\" src=\"https:\/\/antersystem.com\/wp-content\/uploads\/2024_SAWO-Anter-System.webp\" alt=\"SAWO v&#xE1;s&#xE1;ron oda&#xED;t&#xE9;lt rangos arany&#xE9;rem fot&#xF3;ja\" class=\"wp-image-4584\" srcset=\"https:\/\/antersystem.com\/wp-content\/uploads\/2024_SAWO-Anter-System.webp 720w, https:\/\/antersystem.com\/wp-content\/uploads\/2024_SAWO-Anter-System-300x200.webp 300w, https:\/\/antersystem.com\/wp-content\/uploads\/2024_SAWO-Anter-System-450x300.webp 450w, https:\/\/antersystem.com\/wp-content\/uploads\/2024_SAWO-Anter-System-330x220.webp 330w\" sizes=\"auto, (max-width: 720px) 100vw, 720px\" \/><\/figure>\n\n\n<figure class=\"wp-block-image size-large\"><img loading=\"lazy\" decoding=\"async\" width=\"720\" height=\"480\" data-id=\"4585\" src=\"https:\/\/antersystem.com\/wp-content\/uploads\/2024-SAWO-Anter-System.webp\" alt=\"Az Anter System vez&#xE9;rigazgat&#xF3;ja a SAWO szakv&#xE1;s&#xE1;ron &#xE1;tveszi az arany&#xE9;rmet.\" class=\"wp-image-4585\" srcset=\"https:\/\/antersystem.com\/wp-content\/uploads\/2024-SAWO-Anter-System.webp 720w, https:\/\/antersystem.com\/wp-content\/uploads\/2024-SAWO-Anter-System-300x200.webp 300w, https:\/\/antersystem.com\/wp-content\/uploads\/2024-SAWO-Anter-System-450x300.webp 450w, https:\/\/antersystem.com\/wp-content\/uploads\/2024-SAWO-Anter-System-330x220.webp 330w\" sizes=\"auto, (max-width: 720px) 100vw, 720px\" \/><\/figure><\/figure>\n\n\n\n<p>The <strong>TRAFFIC DOCK GATE R2 was<\/strong> designed to <strong>protect loading bay doors and docks,<\/strong> serving as a reliable barrier against uncontrolled vehicle movement. Rendk\u00edv\u00fcl <strong>\u00fct\u00e9s\u00e1ll\u00f3,<\/strong> k\u00fcl\u00f6n\u00f6sen targonc\u00e1s \u00e9rintkez\u00e9s eset\u00e9n. A rugalmas polimer anyag lehet\u0151v\u00e9 teszi, hogy a kapuprofilok meghajoljanak, elnyelj\u00e9k az \u00fctk\u00f6z\u00e9si energi\u00e1t, \u00e9s visszat\u00e9rjenek eredeti form\u00e1jukba. Ez nemcsak <strong>a munkav\u00e1llal\u00f3k s\u00e9r\u00fcl\u00e9s\u00e9nek \u00e9s az \u00fctk\u00f6z\u00e9s okozta k\u00e1rok kock\u00e1zat\u00e1t minimaliz\u00e1lja<\/strong>, hanem cs\u00f6kkenti a targoncavezet\u0151t \u00e9r\u0151 sokkot is. Emellett a kapu vez\u00e9rl\u0151rendszerei integr\u00e1lhat\u00f3k a megl\u00e9v\u0151 \u00e9p\u00fcletautomatiz\u00e1l\u00e1sba a nagyobb hat\u00e9konys\u00e1g \u00e9s a k\u00f6nnyebb haszn\u00e1lat \u00e9rdek\u00e9ben.    <\/p>\n\n\n\n<div class=\"wp-block-group is-nowrap is-layout-flex wp-container-core-group-is-layout-ad2f72ca wp-block-group-is-layout-flex\">\n<p>The <strong>TRAFFIC DOCK GATE R2 features<\/strong> an <strong>automatic lifting\/lowering system and<\/strong> emits <strong>audible and visual alerts to<\/strong> warn of increasing risk in hazardous zones. Az egyik el\u00e9rhet\u0151 opci\u00f3 a <strong>j\u00e1rm\u0171\u00e9rz\u00e9kel\u0151 rendszer, amely<\/strong> automatikusan lez\u00e1rja a kaput, ha targonc\u00e1k vagy sz\u00e1ll\u00edt\u00f3j\u00e1rm\u0171vek vannak a k\u00f6zelben. A rendszer <strong>az \u00e9p\u00fcletir\u00e1ny\u00edt\u00e1si rendszerrel (BMS)<\/strong> is <strong>integr\u00e1lhat\u00f3, amely<\/strong> t\u0171z eset\u00e9n <strong>automatikusan<\/strong> kinyitja a kaput, biztons\u00e1gos evaku\u00e1ci\u00f3s \u00fatvonalakat l\u00e9trehozva.  <\/p>\n<\/div>\n\n\n\n<p>Az <strong>Anter System m\u00e1rka<\/strong> sz\u00e1mos vez\u00e9rl\u00e9si lehet\u0151s\u00e9get <strong>k\u00edn\u00e1l<\/strong> a TRAFFIC DOCK GATE R2 kapuhoz, bele\u00e9rtve a t\u00e1vvez\u00e9rl\u00e9st, a bel\u00e9p\u0151k\u00e1rty\u00e1s rendszereket, a mozg\u00e1s\u00e9rz\u00e9kel\u0151ket, a k\u00e9zi nyom\u00f3gombokat \u00e9s az \u00fcgyf\u00e9lrendszerekkel val\u00f3 integr\u00e1ci\u00f3t. A rugalmas polimer anyag nemcsak nagy tart\u00f3ss\u00e1got, hanem <strong>modul\u00e1ris kompatibilit\u00e1st<\/strong> is garant\u00e1l az Anter System m\u00e1s v\u00e9delmi <strong>term\u00e9keivel<\/strong>, p\u00e9ld\u00e1ul a rugalmas gyalogosg\u00e1takkal. <\/p>\n\n\n<div class=\"wp-block-image\">\n<figure class=\"aligncenter size-large is-resized\"><img loading=\"lazy\" decoding=\"async\" width=\"758\" height=\"1024\" src=\"https:\/\/antersystem.com\/wp-content\/uploads\/Zloty-medal-dla-automatycznej-bramki-Traffic-Dock-Gate-758x1024.webp\" alt=\"A TRAFFIC DOCK GATE R2 arany&#xE9;rmet kapott a SAWO-n&#xE1;l\" class=\"wp-image-4538\" style=\"width:414px;height:auto\" srcset=\"https:\/\/antersystem.com\/wp-content\/uploads\/Zloty-medal-dla-automatycznej-bramki-Traffic-Dock-Gate-758x1024.webp 758w, https:\/\/antersystem.com\/wp-content\/uploads\/Zloty-medal-dla-automatycznej-bramki-Traffic-Dock-Gate-222x300.webp 222w, https:\/\/antersystem.com\/wp-content\/uploads\/Zloty-medal-dla-automatycznej-bramki-Traffic-Dock-Gate-768x1037.webp 768w, https:\/\/antersystem.com\/wp-content\/uploads\/Zloty-medal-dla-automatycznej-bramki-Traffic-Dock-Gate-1137x1536.webp 1137w, https:\/\/antersystem.com\/wp-content\/uploads\/Zloty-medal-dla-automatycznej-bramki-Traffic-Dock-Gate-450x608.webp 450w, https:\/\/antersystem.com\/wp-content\/uploads\/Zloty-medal-dla-automatycznej-bramki-Traffic-Dock-Gate-330x446.webp 330w, https:\/\/antersystem.com\/wp-content\/uploads\/Zloty-medal-dla-automatycznej-bramki-Traffic-Dock-Gate.webp 1164w\" sizes=\"auto, (max-width: 758px) 100vw, 758px\" \/><\/figure><\/div><\/div>\n\n\n\n<div class=\"wp-block-column is-layout-flow wp-block-column-is-layout-flow\" style=\"flex-basis:10%\"><\/div>\n<\/div>\n","protected":false},"excerpt":{"rendered":"<p>Arany\u00e9rmes d\u00edj az automatikus TRAFFIC DOCK GATE\u00e9rt Az arany\u00e9rem egy rangos d\u00edj , amelyet az ipari v\u00e1s\u00e1rokon, k\u00f6zt\u00fck a SAWO kereskedelmi v\u00e1s\u00e1ron \u00edt\u00e9lnek oda . A d\u00edjjal a rendezv\u00e9nyen bemutatott term\u00e9kek \u00e9s szolg\u00e1ltat\u00e1sok innov\u00e1ci\u00f3j\u00e1t, min\u0151s\u00e9g\u00e9t \u00e9s \u00e9rt\u00e9k\u00e9t ismerik el. Az Arany Med\u00e1l verseny egyed\u00fcl\u00e1ll\u00f3 lehet\u0151s\u00e9get biztos\u00edt a ki\u00e1ll\u00edt\u00f3knak, hogy bemutass\u00e1k leg\u00fajabb megold\u00e1saikat, \u00e9s elismer\u00e9st szerezzenek [&hellip;]<\/p>\n","protected":false},"author":1,"featured_media":0,"parent":30300,"menu_order":0,"comment_status":"closed","ping_status":"closed","template":"","meta":{"inline_featured_image":false,"ngg_post_thumbnail":0,"footnotes":""},"class_list":["post-13329","page","type-page","status-publish","hentry"],"acf":[],"yoast_head":"<!-- This site is optimized with the Yoast SEO plugin v27.0 - https:\/\/yoast.com\/product\/yoast-seo-wordpress\/ -->\n<title>Arany\u00e9rem a TRAFFIC DOCK GATE kapu\u00e9rt - Anter System<\/title>\n<meta name=\"description\" content=\"Arany\u00e9rmes d\u00edj az automatikus TRAFFIC DOCK GATE\u00e9rt Az arany\u00e9rem egy rangos d\u00edj , amelyet az ipari v\u00e1s\u00e1rokon, k\u00f6zt\u00fck a SAWO kereskedelmi v\u00e1s\u00e1ron \u00edt\u00e9lnek\" \/>\n<meta name=\"robots\" content=\"index, follow, max-snippet:-1, max-image-preview:large, max-video-preview:-1\" \/>\n<link rel=\"canonical\" href=\"https:\/\/antersystem.com\/hu\/hirek\/gold-medal-traffic-dock-gate\/\" \/>\n<meta property=\"og:locale\" content=\"hu_HU\" \/>\n<meta property=\"og:type\" content=\"article\" \/>\n<meta property=\"og:title\" content=\"Arany\u00e9rem a TRAFFIC DOCK GATE kapu\u00e9rt - Anter System\" \/>\n<meta property=\"og:description\" content=\"Arany\u00e9rmes d\u00edj az automatikus TRAFFIC DOCK GATE\u00e9rt Az arany\u00e9rem egy rangos d\u00edj , amelyet az ipari v\u00e1s\u00e1rokon, k\u00f6zt\u00fck a SAWO kereskedelmi v\u00e1s\u00e1ron \u00edt\u00e9lnek\" \/>\n<meta property=\"og:url\" content=\"https:\/\/antersystem.com\/hu\/hirek\/gold-medal-traffic-dock-gate\/\" \/>\n<meta property=\"og:site_name\" content=\"Anter System\" \/>\n<meta property=\"article:modified_time\" content=\"2026-01-30T13:29:22+00:00\" \/>\n<meta property=\"og:image\" content=\"https:\/\/antersystem.com\/wp-content\/uploads\/2024_SAWO-Anter-System.webp\" \/>\n<meta name=\"twitter:card\" content=\"summary_large_image\" \/>\n<meta name=\"twitter:label1\" content=\"Becs\u00fclt olvas\u00e1si id\u0151\" \/>\n\t<meta name=\"twitter:data1\" content=\"2 perc\" \/>\n<script type=\"application\/ld+json\" class=\"yoast-schema-graph\">{\"@context\":\"https:\/\/schema.org\",\"@graph\":[{\"@type\":\"WebPage\",\"@id\":\"https:\/\/antersystem.com\/hu\/hirek\/gold-medal-traffic-dock-gate\/\",\"url\":\"https:\/\/antersystem.com\/hu\/hirek\/gold-medal-traffic-dock-gate\/\",\"name\":\"Arany\u00e9rem a TRAFFIC DOCK GATE kapu\u00e9rt - Anter System\",\"isPartOf\":{\"@id\":\"https:\/\/antersystem.com\/hu\/#website\"},\"primaryImageOfPage\":{\"@id\":\"https:\/\/antersystem.com\/hu\/hirek\/gold-medal-traffic-dock-gate\/#primaryimage\"},\"image\":{\"@id\":\"https:\/\/antersystem.com\/hu\/hirek\/gold-medal-traffic-dock-gate\/#primaryimage\"},\"thumbnailUrl\":\"https:\/\/antersystem.com\/wp-content\/uploads\/2024_SAWO-Anter-System.webp\",\"datePublished\":\"2024-04-12T10:31:12+00:00\",\"dateModified\":\"2026-01-30T13:29:22+00:00\",\"description\":\"Arany\u00e9rmes d\u00edj az automatikus TRAFFIC DOCK GATE\u00e9rt Az arany\u00e9rem egy rangos d\u00edj , amelyet az ipari v\u00e1s\u00e1rokon, k\u00f6zt\u00fck a SAWO kereskedelmi v\u00e1s\u00e1ron \u00edt\u00e9lnek\",\"breadcrumb\":{\"@id\":\"https:\/\/antersystem.com\/hu\/hirek\/gold-medal-traffic-dock-gate\/#breadcrumb\"},\"inLanguage\":\"hu\",\"potentialAction\":[{\"@type\":\"ReadAction\",\"target\":[\"https:\/\/antersystem.com\/hu\/hirek\/gold-medal-traffic-dock-gate\/\"]}]},{\"@type\":\"ImageObject\",\"inLanguage\":\"hu\",\"@id\":\"https:\/\/antersystem.com\/hu\/hirek\/gold-medal-traffic-dock-gate\/#primaryimage\",\"url\":\"https:\/\/antersystem.com\/wp-content\/uploads\/2024_SAWO-Anter-System.webp\",\"contentUrl\":\"https:\/\/antersystem.com\/wp-content\/uploads\/2024_SAWO-Anter-System.webp\"},{\"@type\":\"BreadcrumbList\",\"@id\":\"https:\/\/antersystem.com\/hu\/hirek\/gold-medal-traffic-dock-gate\/#breadcrumb\",\"itemListElement\":[{\"@type\":\"ListItem\",\"position\":1,\"name\":\"AnterSystem\",\"item\":\"https:\/\/antersystem.com\/hu\/\"},{\"@type\":\"ListItem\",\"position\":2,\"name\":\"H\u00edrek\",\"item\":\"https:\/\/antersystem.com\/hu\/hirek\/\"},{\"@type\":\"ListItem\",\"position\":3,\"name\":\"Arany\u00e9rem a TRAFFIC DOCK GATE kapu\u00e9rt\"}]},{\"@type\":\"WebSite\",\"@id\":\"https:\/\/antersystem.com\/hu\/#website\",\"url\":\"https:\/\/antersystem.com\/hu\/\",\"name\":\"Anter System\",\"description\":\"Jeste\u015bmy polskim producentem elastycznych barier ochronnych wykonywanych z polimerowych tworzyw sztucznych. Na rynku krajowym i zagranicznym dzia\u0142amy od ponad 15 lat dbaj\u0105c o zapewnienie bezpiecze\u0144stwa w zak\u0142adach produkcyjnych, magazynach oraz centrach logistycznych.\",\"potentialAction\":[{\"@type\":\"SearchAction\",\"target\":{\"@type\":\"EntryPoint\",\"urlTemplate\":\"https:\/\/antersystem.com\/hu\/?s={search_term_string}\"},\"query-input\":{\"@type\":\"PropertyValueSpecification\",\"valueRequired\":true,\"valueName\":\"search_term_string\"}}],\"inLanguage\":\"hu\"}]}<\/script>\n<!-- \/ Yoast SEO plugin. -->","yoast_head_json":{"title":"Arany\u00e9rem a TRAFFIC DOCK GATE kapu\u00e9rt - Anter System","description":"Arany\u00e9rmes d\u00edj az automatikus TRAFFIC DOCK GATE\u00e9rt Az arany\u00e9rem egy rangos d\u00edj , amelyet az ipari v\u00e1s\u00e1rokon, k\u00f6zt\u00fck a SAWO kereskedelmi v\u00e1s\u00e1ron \u00edt\u00e9lnek","robots":{"index":"index","follow":"follow","max-snippet":"max-snippet:-1","max-image-preview":"max-image-preview:large","max-video-preview":"max-video-preview:-1"},"canonical":"https:\/\/antersystem.com\/hu\/hirek\/gold-medal-traffic-dock-gate\/","og_locale":"hu_HU","og_type":"article","og_title":"Arany\u00e9rem a TRAFFIC DOCK GATE kapu\u00e9rt - Anter System","og_description":"Arany\u00e9rmes d\u00edj az automatikus TRAFFIC DOCK GATE\u00e9rt Az arany\u00e9rem egy rangos d\u00edj , amelyet az ipari v\u00e1s\u00e1rokon, k\u00f6zt\u00fck a SAWO kereskedelmi v\u00e1s\u00e1ron \u00edt\u00e9lnek","og_url":"https:\/\/antersystem.com\/hu\/hirek\/gold-medal-traffic-dock-gate\/","og_site_name":"Anter System","article_modified_time":"2026-01-30T13:29:22+00:00","og_image":[{"url":"https:\/\/antersystem.com\/wp-content\/uploads\/2024_SAWO-Anter-System.webp","type":"","width":"","height":""}],"twitter_card":"summary_large_image","twitter_misc":{"Becs\u00fclt olvas\u00e1si id\u0151":"2 perc"},"schema":{"@context":"https:\/\/schema.org","@graph":[{"@type":"WebPage","@id":"https:\/\/antersystem.com\/hu\/hirek\/gold-medal-traffic-dock-gate\/","url":"https:\/\/antersystem.com\/hu\/hirek\/gold-medal-traffic-dock-gate\/","name":"Arany\u00e9rem a TRAFFIC DOCK GATE kapu\u00e9rt - Anter System","isPartOf":{"@id":"https:\/\/antersystem.com\/hu\/#website"},"primaryImageOfPage":{"@id":"https:\/\/antersystem.com\/hu\/hirek\/gold-medal-traffic-dock-gate\/#primaryimage"},"image":{"@id":"https:\/\/antersystem.com\/hu\/hirek\/gold-medal-traffic-dock-gate\/#primaryimage"},"thumbnailUrl":"https:\/\/antersystem.com\/wp-content\/uploads\/2024_SAWO-Anter-System.webp","datePublished":"2024-04-12T10:31:12+00:00","dateModified":"2026-01-30T13:29:22+00:00","description":"Arany\u00e9rmes d\u00edj az automatikus TRAFFIC DOCK GATE\u00e9rt Az arany\u00e9rem egy rangos d\u00edj , amelyet az ipari v\u00e1s\u00e1rokon, k\u00f6zt\u00fck a SAWO kereskedelmi v\u00e1s\u00e1ron \u00edt\u00e9lnek","breadcrumb":{"@id":"https:\/\/antersystem.com\/hu\/hirek\/gold-medal-traffic-dock-gate\/#breadcrumb"},"inLanguage":"hu","potentialAction":[{"@type":"ReadAction","target":["https:\/\/antersystem.com\/hu\/hirek\/gold-medal-traffic-dock-gate\/"]}]},{"@type":"ImageObject","inLanguage":"hu","@id":"https:\/\/antersystem.com\/hu\/hirek\/gold-medal-traffic-dock-gate\/#primaryimage","url":"https:\/\/antersystem.com\/wp-content\/uploads\/2024_SAWO-Anter-System.webp","contentUrl":"https:\/\/antersystem.com\/wp-content\/uploads\/2024_SAWO-Anter-System.webp"},{"@type":"BreadcrumbList","@id":"https:\/\/antersystem.com\/hu\/hirek\/gold-medal-traffic-dock-gate\/#breadcrumb","itemListElement":[{"@type":"ListItem","position":1,"name":"AnterSystem","item":"https:\/\/antersystem.com\/hu\/"},{"@type":"ListItem","position":2,"name":"H\u00edrek","item":"https:\/\/antersystem.com\/hu\/hirek\/"},{"@type":"ListItem","position":3,"name":"Arany\u00e9rem a TRAFFIC DOCK GATE kapu\u00e9rt"}]},{"@type":"WebSite","@id":"https:\/\/antersystem.com\/hu\/#website","url":"https:\/\/antersystem.com\/hu\/","name":"Anter System","description":"Jeste\u015bmy polskim producentem elastycznych barier ochronnych wykonywanych z polimerowych tworzyw sztucznych. Na rynku krajowym i zagranicznym dzia\u0142amy od ponad 15 lat dbaj\u0105c o zapewnienie bezpiecze\u0144stwa w zak\u0142adach produkcyjnych, magazynach oraz centrach logistycznych.","potentialAction":[{"@type":"SearchAction","target":{"@type":"EntryPoint","urlTemplate":"https:\/\/antersystem.com\/hu\/?s={search_term_string}"},"query-input":{"@type":"PropertyValueSpecification","valueRequired":true,"valueName":"search_term_string"}}],"inLanguage":"hu"}]}},"_links":{"self":[{"href":"https:\/\/antersystem.com\/hu\/wp-json\/wp\/v2\/pages\/13329","targetHints":{"allow":["GET"]}}],"collection":[{"href":"https:\/\/antersystem.com\/hu\/wp-json\/wp\/v2\/pages"}],"about":[{"href":"https:\/\/antersystem.com\/hu\/wp-json\/wp\/v2\/types\/page"}],"author":[{"embeddable":true,"href":"https:\/\/antersystem.com\/hu\/wp-json\/wp\/v2\/users\/1"}],"replies":[{"embeddable":true,"href":"https:\/\/antersystem.com\/hu\/wp-json\/wp\/v2\/comments?post=13329"}],"version-history":[{"count":1,"href":"https:\/\/antersystem.com\/hu\/wp-json\/wp\/v2\/pages\/13329\/revisions"}],"predecessor-version":[{"id":13332,"href":"https:\/\/antersystem.com\/hu\/wp-json\/wp\/v2\/pages\/13329\/revisions\/13332"}],"up":[{"embeddable":true,"href":"https:\/\/antersystem.com\/hu\/wp-json\/wp\/v2\/pages\/30300"}],"wp:attachment":[{"href":"https:\/\/antersystem.com\/hu\/wp-json\/wp\/v2\/media?parent=13329"}],"curies":[{"name":"wp","href":"https:\/\/api.w.org\/{rel}","templated":true}]}}