{"id":15393,"date":"2024-04-11T13:02:00","date_gmt":"2024-04-11T11:02:00","guid":{"rendered":"https:\/\/new.antersystem.com\/trailer-supports\/"},"modified":"2026-01-30T14:29:22","modified_gmt":"2026-01-30T13:29:22","slug":"trailer-supports","status":"publish","type":"page","link":"https:\/\/antersystem.com\/hu\/hirek\/trailer-supports\/","title":{"rendered":"P\u00f3tkocsitart\u00f3k"},"content":{"rendered":"\n<div class=\"wp-block-columns is-layout-flex wp-container-core-columns-is-layout-9d6595d7 wp-block-columns-is-layout-flex\">\n<div class=\"wp-block-column is-layout-flow wp-block-column-is-layout-flow\" style=\"flex-basis:10px\"><\/div>\n\n\n\n<div class=\"wp-block-column is-layout-flow wp-block-column-is-layout-flow\">\n<h3 class=\"wp-block-heading\">Hogyan jav\u00edthat\u00f3 a rakod\u00f3dokkok biztons\u00e1ga?  <br\/>A p\u00f3tkocsik biztons\u00e1ga a logisztikai stabilit\u00e1s kulcsa<\/h3>\n\n\n\n<figure class=\"wp-block-embed aligncenter is-type-video is-provider-youtube wp-block-embed-youtube wp-embed-aspect-16-9 wp-has-aspect-ratio\"><div class=\"wp-block-embed__wrapper\">\n<iframe loading=\"lazy\" title=\"AnterSystem demonstration of trailer support -JST and JST. R. Products for loadnig technique.\" width=\"500\" height=\"281\" src=\"https:\/\/www.youtube.com\/embed\/rS78QAlo6eM?feature=oembed\" frameborder=\"0\" allow=\"accelerometer; autoplay; clipboard-write; encrypted-media; gyroscope; picture-in-picture; web-share\" referrerpolicy=\"strict-origin-when-cross-origin\" allowfullscreen><\/iframe>\n<\/div><\/figure>\n\n\n\n<p>A glob\u00e1lis logisztik\u00e1ban az ell\u00e1t\u00e1si l\u00e1nc minden egyes r\u00e9sze l\u00e9tfontoss\u00e1g\u00fa szerepet j\u00e1tszik a hat\u00e9konys\u00e1g \u00e9s a biztons\u00e1g biztos\u00edt\u00e1s\u00e1ban. Egy gyakran figyelmen k\u00edv\u00fcl hagyott, de kulcsfontoss\u00e1g\u00fa elem a p\u00f3tkocsi <strong>biztons\u00e1gi \u00e1llv\u00e1nya.<\/strong> Ez az egyszer\u0171, m\u00e9gis n\u00e9lk\u00fcl\u00f6zhetetlen alkatr\u00e9sz elengedhetetlen a rakod\u00f3dokkokn\u00e1l v\u00e9gzett m\u0171veletek sor\u00e1n a stabilit\u00e1s \u00e9s a biztons\u00e1g fenntart\u00e1s\u00e1hoz.<\/p>\n\n\n\n<p><strong>A p\u00f3tkocsi biztons\u00e1gi \u00e1llv\u00e1nyok kulcsfontoss\u00e1g\u00fa szerepe<\/strong><\/p>\n\n\n\n<p><a href=\"https:\/\/antersystem.com\/kategorie_produktow\/technika-zaladunkowa\/\"><strong>A p\u00f3tkocsi biztons\u00e1gi \u00e1llv\u00e1nyok &#8211; JST (Jack Stand Trailer) \u00e9s JST<\/strong>.R <strong>&#8211; megakad\u00e1lyozz\u00e1k<\/strong><\/a>, hogy  <strong>a p\u00f3tkocsik<\/strong> a targonc\u00e1k s\u00falya alatt megd\u0151ljenek vagy \u00f6sszeessenek a be- \u00e9s kirakod\u00e1si m\u0171veletek sor\u00e1n. A biztons\u00e1gi \u00e1llv\u00e1nyok haszn\u00e1lat\u00e1val ezek a folyamatok <strong>gyorsan \u00e9s biztons\u00e1gosan<\/strong> elv\u00e9gezhet\u0151k <strong>, an\u00e9lk\u00fcl, hogy vontat\u00f3egys\u00e9gre lenne sz\u00fcks\u00e9g.<\/strong> Az \u00e1ltal\u00e1ban m\u00e1s c\u00e9lokra haszn\u00e1lt j\u00e1rm\u0171vek hat\u00e9konyan haszn\u00e1lhat\u00f3k, ha egy p\u00f3tkocsi\u00e1llv\u00e1ny van a hely\u00e9n. A folyamat sor\u00e1n <strong>a p\u00f3tkocsi stabilit\u00e1sa teljes m\u00e9rt\u00e9kben megmarad, \u00edgy minim\u00e1lisra cs\u00f6kken<\/strong> a j\u00e1rm\u0171vek, \u00e1ruk vagy emberek &#8211; \u00e9s n\u00e9ha m\u00e9g maguk a dokkok &#8211; k\u00e1rosod\u00e1s\u00e1nak kock\u00e1zata. R\u00f6viden, <strong>a nem megfelel\u0151 p\u00f3tkocsi r\u00f6gz\u00edt\u00e9s lehets\u00e9ges k\u00f6vetkezm\u00e9nyei megsz\u0171nnek, \u00edgy v\u00e9dve<\/strong> mind az \u00fczemeltet\u0151ket, mind a v\u00e1llalatot.<\/p>\n\n\n\n<p><strong>Mi hat\u00e1rozza meg az ide\u00e1lis p\u00f3tkocsis biztons\u00e1gi \u00e1llv\u00e1nyt?<\/strong><\/p>\n\n\n\n<p>A p\u00f3tkocsik biztons\u00e1gi \u00e1llv\u00e1nyainak szigor\u00fa min\u0151s\u00e9gi \u00e9s tart\u00f3ss\u00e1gi el\u0151\u00edr\u00e1soknak kell megfelelni\u00fck az optim\u00e1lis munkak\u00f6r\u00fclm\u00e9nyek biztos\u00edt\u00e1sa \u00e9rdek\u00e9ben. El\u0151sz\u00f6r is, kiv\u00e1l\u00f3 min\u0151s\u00e9g\u0171 anyagokb\u00f3l kell k\u00e9sz\u00fclni\u00fck, amelyek ellen\u00e1llnak a sz\u00e9ls\u0151s\u00e9ges id\u0151j\u00e1r\u00e1si viszonyoknak \u00e9s a nagy terhel\u00e9snek. Ugyanilyen fontos <strong>a stabilit\u00e1s \u00e9s az \u00e1ll\u00edthat\u00f3 magass\u00e1g,<\/strong> amely lehet\u0151v\u00e9 teszi a k\u00fcl\u00f6nb\u00f6z\u0151 p\u00f3tkocsit\u00edpusokhoz \u00e9s talajviszonyokhoz val\u00f3 alkalmazkod\u00e1st. A kezel\u0151 biztons\u00e1ga \u00e9rdek\u00e9ben az \u00e1llv\u00e1nyoknak <strong>olyan reteszel\u0151 mechanizmusokkal<\/strong> kell rendelkezni\u00fck, <strong>amelyek<\/strong> megakad\u00e1lyozz\u00e1k a haszn\u00e1lat k\u00f6zbeni v\u00e9letlen elmozdul\u00e1st.<\/p>\n\n\n\n<p>Anter System p\u00f3tkocsi\u00e1llv\u00e1nyait a k\u00f6nny\u0171 <strong>haszn\u00e1lat \u00e9s a tart\u00f3ss\u00e1g<\/strong> \u00e9rdek\u00e9ben tervezt\u00e9k. <strong>\u00d6nkiegyenl\u00edt\u0151 mechanizmussal \u00e9s<\/strong> \u00e1ll\u00edthat\u00f3 magass\u00e1gi be\u00e1ll\u00edt\u00e1sokkal rendelkeznek. Mindegyik egys\u00e9g ak\u00e1r <strong>45 tonn\u00e1s<\/strong> terhel\u00e9st is kib\u00edr <strong>, \u00e9s<\/strong> olyan kieg\u00e9sz\u00edt\u0151 funkci\u00f3kkal rendelkezik, mint <strong>az ellen\u0151rz\u00f6tt bel\u00e9ptet\u0151 rendszerek \u00e9s<\/strong> <strong>a j\u00f3l l\u00e1that\u00f3 jel\u00f6l\u00e9sek.<\/strong> A gy\u00e1rt\u00e1sukhoz haszn\u00e1lt anyagok <strong>korr\u00f3zi\u00f3g\u00e1tl\u00f3 bevonattal<\/strong> is ell\u00e1that\u00f3ak a hosszabb \u00e9lettartam \u00e9s megb\u00edzhat\u00f3s\u00e1g <strong>\u00e9rdek\u00e9ben<\/strong>. Ha m\u00e9g mindig nem tudja, hogy a p\u00f3tkocsis biztons\u00e1gi \u00e1llv\u00e1nyok hogyan jav\u00edthatj\u00e1k a hat\u00e9konys\u00e1got \u00e9s a biztons\u00e1got a rakt\u00e1r\u00e1ban &#8211; n\u00e9zze meg a fenti vide\u00f3t.<\/p>\n\n\n\n<p>A p\u00f3tkocsigy\u00e1rt\u00f3k maguk is <strong>aj\u00e1nlj\u00e1k a biztons\u00e1gi \u00e1llv\u00e1nyok haszn\u00e1lat\u00e1t<\/strong> a szok\u00e1sos \u00fczemeltet\u00e9si gyakorlat <strong>r\u00e9szek\u00e9nt.<\/strong> <\/p>\n\n\n\n<p>Tudjon meg t\u00f6bbet a m\u0171k\u00f6d\u00e9s\u00fckr\u0151l: <strong><a href=\"https:\/\/antersystem.com\/wiedza-i-nowosci\/podpora-pod-naczepe-tira\/\">A logisztik\u00e1ban alkalmazott p\u00f3tkocsis biztons\u00e1gi t\u00e1mogat\u00e1s: Trailer Safety Support in Logistics<\/a><\/strong><\/p>\n<\/div>\n\n\n\n<div class=\"wp-block-column is-layout-flow wp-block-column-is-layout-flow\" style=\"flex-basis:10px\"><\/div>\n<\/div>\n","protected":false},"excerpt":{"rendered":"<p>Hogyan jav\u00edthat\u00f3 a rakod\u00f3dokkok biztons\u00e1ga? A p\u00f3tkocsik biztons\u00e1ga a logisztikai stabilit\u00e1s kulcsa A glob\u00e1lis logisztik\u00e1ban az ell\u00e1t\u00e1si l\u00e1nc minden egyes r\u00e9sze l\u00e9tfontoss\u00e1g\u00fa szerepet j\u00e1tszik a hat\u00e9konys\u00e1g \u00e9s a biztons\u00e1g biztos\u00edt\u00e1s\u00e1ban. Egy gyakran figyelmen k\u00edv\u00fcl hagyott, de kulcsfontoss\u00e1g\u00fa elem a p\u00f3tkocsi biztons\u00e1gi \u00e1llv\u00e1nya. Ez az egyszer\u0171, m\u00e9gis n\u00e9lk\u00fcl\u00f6zhetetlen alkatr\u00e9sz elengedhetetlen a rakod\u00f3dokkokn\u00e1l v\u00e9gzett m\u0171veletek sor\u00e1n a [&hellip;]<\/p>\n","protected":false},"author":1,"featured_media":0,"parent":30300,"menu_order":0,"comment_status":"closed","ping_status":"closed","template":"","meta":{"inline_featured_image":false,"ngg_post_thumbnail":0,"footnotes":""},"class_list":["post-15393","page","type-page","status-publish","hentry"],"acf":[],"yoast_head":"<!-- This site is optimized with the Yoast SEO plugin v27.0 - https:\/\/yoast.com\/product\/yoast-seo-wordpress\/ -->\n<title>P\u00f3tkocsitart\u00f3k - Anter System<\/title>\n<meta name=\"description\" content=\"A p\u00f3tkocsik biztons\u00e1gi t\u00e1maszt\u00e9kai kulcsszerepet j\u00e1tszanak a rakod\u00f3dokkok hat\u00e9kony \u00e9s biztons\u00e1gos m\u0171k\u00f6d\u00e9s\u00e9nek biztos\u00edt\u00e1s\u00e1ban.\" \/>\n<meta name=\"robots\" content=\"index, follow, max-snippet:-1, max-image-preview:large, max-video-preview:-1\" \/>\n<link rel=\"canonical\" href=\"https:\/\/antersystem.com\/hu\/hirek\/trailer-supports\/\" \/>\n<meta property=\"og:locale\" content=\"hu_HU\" \/>\n<meta property=\"og:type\" content=\"article\" \/>\n<meta property=\"og:title\" content=\"P\u00f3tkocsitart\u00f3k - Anter System\" \/>\n<meta property=\"og:description\" content=\"A p\u00f3tkocsik biztons\u00e1gi t\u00e1maszt\u00e9kai kulcsszerepet j\u00e1tszanak a rakod\u00f3dokkok hat\u00e9kony \u00e9s biztons\u00e1gos m\u0171k\u00f6d\u00e9s\u00e9nek biztos\u00edt\u00e1s\u00e1ban.\" \/>\n<meta property=\"og:url\" content=\"https:\/\/antersystem.com\/hu\/hirek\/trailer-supports\/\" \/>\n<meta property=\"og:site_name\" content=\"Anter System\" \/>\n<meta property=\"article:modified_time\" content=\"2026-01-30T13:29:22+00:00\" \/>\n<meta name=\"twitter:card\" content=\"summary_large_image\" \/>\n<meta name=\"twitter:label1\" content=\"Becs\u00fclt olvas\u00e1si id\u0151\" \/>\n\t<meta name=\"twitter:data1\" content=\"3 perc\" \/>\n<script type=\"application\/ld+json\" class=\"yoast-schema-graph\">{\"@context\":\"https:\/\/schema.org\",\"@graph\":[{\"@type\":\"WebPage\",\"@id\":\"https:\/\/antersystem.com\/hu\/hirek\/trailer-supports\/\",\"url\":\"https:\/\/antersystem.com\/hu\/hirek\/trailer-supports\/\",\"name\":\"P\u00f3tkocsitart\u00f3k - Anter System\",\"isPartOf\":{\"@id\":\"https:\/\/antersystem.com\/hu\/#website\"},\"datePublished\":\"2024-04-11T11:02:00+00:00\",\"dateModified\":\"2026-01-30T13:29:22+00:00\",\"description\":\"A p\u00f3tkocsik biztons\u00e1gi t\u00e1maszt\u00e9kai kulcsszerepet j\u00e1tszanak a rakod\u00f3dokkok hat\u00e9kony \u00e9s biztons\u00e1gos m\u0171k\u00f6d\u00e9s\u00e9nek biztos\u00edt\u00e1s\u00e1ban.\",\"breadcrumb\":{\"@id\":\"https:\/\/antersystem.com\/hu\/hirek\/trailer-supports\/#breadcrumb\"},\"inLanguage\":\"hu\",\"potentialAction\":[{\"@type\":\"ReadAction\",\"target\":[\"https:\/\/antersystem.com\/hu\/hirek\/trailer-supports\/\"]}]},{\"@type\":\"BreadcrumbList\",\"@id\":\"https:\/\/antersystem.com\/hu\/hirek\/trailer-supports\/#breadcrumb\",\"itemListElement\":[{\"@type\":\"ListItem\",\"position\":1,\"name\":\"AnterSystem\",\"item\":\"https:\/\/antersystem.com\/hu\/\"},{\"@type\":\"ListItem\",\"position\":2,\"name\":\"H\u00edrek\",\"item\":\"https:\/\/antersystem.com\/hu\/hirek\/\"},{\"@type\":\"ListItem\",\"position\":3,\"name\":\"P\u00f3tkocsitart\u00f3k\"}]},{\"@type\":\"WebSite\",\"@id\":\"https:\/\/antersystem.com\/hu\/#website\",\"url\":\"https:\/\/antersystem.com\/hu\/\",\"name\":\"Anter System\",\"description\":\"Jeste\u015bmy polskim producentem elastycznych barier ochronnych wykonywanych z polimerowych tworzyw sztucznych. Na rynku krajowym i zagranicznym dzia\u0142amy od ponad 15 lat dbaj\u0105c o zapewnienie bezpiecze\u0144stwa w zak\u0142adach produkcyjnych, magazynach oraz centrach logistycznych.\",\"potentialAction\":[{\"@type\":\"SearchAction\",\"target\":{\"@type\":\"EntryPoint\",\"urlTemplate\":\"https:\/\/antersystem.com\/hu\/?s={search_term_string}\"},\"query-input\":{\"@type\":\"PropertyValueSpecification\",\"valueRequired\":true,\"valueName\":\"search_term_string\"}}],\"inLanguage\":\"hu\"}]}<\/script>\n<!-- \/ Yoast SEO plugin. -->","yoast_head_json":{"title":"P\u00f3tkocsitart\u00f3k - Anter System","description":"A p\u00f3tkocsik biztons\u00e1gi t\u00e1maszt\u00e9kai kulcsszerepet j\u00e1tszanak a rakod\u00f3dokkok hat\u00e9kony \u00e9s biztons\u00e1gos m\u0171k\u00f6d\u00e9s\u00e9nek biztos\u00edt\u00e1s\u00e1ban.","robots":{"index":"index","follow":"follow","max-snippet":"max-snippet:-1","max-image-preview":"max-image-preview:large","max-video-preview":"max-video-preview:-1"},"canonical":"https:\/\/antersystem.com\/hu\/hirek\/trailer-supports\/","og_locale":"hu_HU","og_type":"article","og_title":"P\u00f3tkocsitart\u00f3k - Anter System","og_description":"A p\u00f3tkocsik biztons\u00e1gi t\u00e1maszt\u00e9kai kulcsszerepet j\u00e1tszanak a rakod\u00f3dokkok hat\u00e9kony \u00e9s biztons\u00e1gos m\u0171k\u00f6d\u00e9s\u00e9nek biztos\u00edt\u00e1s\u00e1ban.","og_url":"https:\/\/antersystem.com\/hu\/hirek\/trailer-supports\/","og_site_name":"Anter System","article_modified_time":"2026-01-30T13:29:22+00:00","twitter_card":"summary_large_image","twitter_misc":{"Becs\u00fclt olvas\u00e1si id\u0151":"3 perc"},"schema":{"@context":"https:\/\/schema.org","@graph":[{"@type":"WebPage","@id":"https:\/\/antersystem.com\/hu\/hirek\/trailer-supports\/","url":"https:\/\/antersystem.com\/hu\/hirek\/trailer-supports\/","name":"P\u00f3tkocsitart\u00f3k - Anter System","isPartOf":{"@id":"https:\/\/antersystem.com\/hu\/#website"},"datePublished":"2024-04-11T11:02:00+00:00","dateModified":"2026-01-30T13:29:22+00:00","description":"A p\u00f3tkocsik biztons\u00e1gi t\u00e1maszt\u00e9kai kulcsszerepet j\u00e1tszanak a rakod\u00f3dokkok hat\u00e9kony \u00e9s biztons\u00e1gos m\u0171k\u00f6d\u00e9s\u00e9nek biztos\u00edt\u00e1s\u00e1ban.","breadcrumb":{"@id":"https:\/\/antersystem.com\/hu\/hirek\/trailer-supports\/#breadcrumb"},"inLanguage":"hu","potentialAction":[{"@type":"ReadAction","target":["https:\/\/antersystem.com\/hu\/hirek\/trailer-supports\/"]}]},{"@type":"BreadcrumbList","@id":"https:\/\/antersystem.com\/hu\/hirek\/trailer-supports\/#breadcrumb","itemListElement":[{"@type":"ListItem","position":1,"name":"AnterSystem","item":"https:\/\/antersystem.com\/hu\/"},{"@type":"ListItem","position":2,"name":"H\u00edrek","item":"https:\/\/antersystem.com\/hu\/hirek\/"},{"@type":"ListItem","position":3,"name":"P\u00f3tkocsitart\u00f3k"}]},{"@type":"WebSite","@id":"https:\/\/antersystem.com\/hu\/#website","url":"https:\/\/antersystem.com\/hu\/","name":"Anter System","description":"Jeste\u015bmy polskim producentem elastycznych barier ochronnych wykonywanych z polimerowych tworzyw sztucznych. Na rynku krajowym i zagranicznym dzia\u0142amy od ponad 15 lat dbaj\u0105c o zapewnienie bezpiecze\u0144stwa w zak\u0142adach produkcyjnych, magazynach oraz centrach logistycznych.","potentialAction":[{"@type":"SearchAction","target":{"@type":"EntryPoint","urlTemplate":"https:\/\/antersystem.com\/hu\/?s={search_term_string}"},"query-input":{"@type":"PropertyValueSpecification","valueRequired":true,"valueName":"search_term_string"}}],"inLanguage":"hu"}]}},"_links":{"self":[{"href":"https:\/\/antersystem.com\/hu\/wp-json\/wp\/v2\/pages\/15393","targetHints":{"allow":["GET"]}}],"collection":[{"href":"https:\/\/antersystem.com\/hu\/wp-json\/wp\/v2\/pages"}],"about":[{"href":"https:\/\/antersystem.com\/hu\/wp-json\/wp\/v2\/types\/page"}],"author":[{"embeddable":true,"href":"https:\/\/antersystem.com\/hu\/wp-json\/wp\/v2\/users\/1"}],"replies":[{"embeddable":true,"href":"https:\/\/antersystem.com\/hu\/wp-json\/wp\/v2\/comments?post=15393"}],"version-history":[{"count":1,"href":"https:\/\/antersystem.com\/hu\/wp-json\/wp\/v2\/pages\/15393\/revisions"}],"predecessor-version":[{"id":15395,"href":"https:\/\/antersystem.com\/hu\/wp-json\/wp\/v2\/pages\/15393\/revisions\/15395"}],"up":[{"embeddable":true,"href":"https:\/\/antersystem.com\/hu\/wp-json\/wp\/v2\/pages\/30300"}],"wp:attachment":[{"href":"https:\/\/antersystem.com\/hu\/wp-json\/wp\/v2\/media?parent=15393"}],"curies":[{"name":"wp","href":"https:\/\/api.w.org\/{rel}","templated":true}]}}