{"id":15512,"date":"2023-10-16T10:41:27","date_gmt":"2023-10-16T08:41:27","guid":{"rendered":"https:\/\/new.antersystem.com\/safe-space-wall-protection\/"},"modified":"2026-01-30T14:29:22","modified_gmt":"2026-01-30T13:29:22","slug":"safe-space-wall-protection","status":"publish","type":"page","link":"https:\/\/antersystem.com\/hu\/hirek\/safe-space-wall-protection\/","title":{"rendered":"Biztons\u00e1gos t\u00e9r &#8222;Bezpieczna przestrze\u0144&#8221;"},"content":{"rendered":"\n<div class=\"wp-block-columns is-layout-flex wp-container-core-columns-is-layout-9d6595d7 wp-block-columns-is-layout-flex\">\n<div class=\"wp-block-column is-layout-flow wp-block-column-is-layout-flow\" style=\"flex-basis:10%\"><\/div>\n\n\n\n<div class=\"wp-block-column is-layout-flow wp-block-column-is-layout-flow\">\n<h3 class=\"wp-block-heading\">Biztons\u00e1gos t\u00e9r. Falv\u00e9delem &#8211; Polimer biztons\u00e1gi rendszerek rakt\u00e1rakhoz \u00e9s ipari l\u00e9tes\u00edtm\u00e9nyekhez<\/h3>\n\n\n\n<p style=\"text-align: left;\"><em>A Top Logistyk magazin<\/em> 2019. j\u00faniusi sz\u00e1m\u00e1ban megjelent egy cikk a Wall Protectionr\u00f3l &#8211; a modul\u00e1ris fel\u00e9p\u00edt\u00e9s\u0171 f\u00fcgg\u0151leges v\u00e9d\u0151szerkezetekr\u0151l, amelyek lehet\u0151v\u00e9 teszik b\u00e1rmilyen hossz\u00fas\u00e1g\u00fa \u00e9s geometriai alak\u00fa biztons\u00e1gi falak l\u00e9trehoz\u00e1s\u00e1t. Rugalmass\u00e1guknak k\u00f6sz\u00f6nhet\u0151en ezek a rendszerek lehet\u0151v\u00e9 teszik b\u00e1rmilyen magass\u00e1g\u00fa \u00e1tt\u00f6rt v\u00e9d\u0151falak \u00e9p\u00edt\u00e9s\u00e9t, amelyek t\u00f6k\u00e9letesen megfelelnek a modern rakt\u00e1rak \u00e9s ipari k\u00f6rnyezetek sz\u00e1m\u00e1ra.<\/p>\n<p>Tudjon meg t\u00f6bbet a polimer alap\u00fa biztons\u00e1gi rendszerek el\u0151nyeir\u0151l az al\u00e1bbi <em>Top Logistyk cikkben<\/em>.<\/p>\n<p>&nbsp;<\/p>\n<p>&nbsp;<\/p>\n<\/div>\n\n\n\n<div class=\"wp-block-column is-layout-flow wp-block-column-is-layout-flow\" style=\"flex-basis:10%\"><\/div>\n<\/div>\n\n<div data-wp-interactive=\"core\/file\" class=\"wp-block-file\"><object data-wp-bind--hidden=\"!state.hasPdfPreview\" hidden class=\"wp-block-file__embed\" data=\"https:\/\/antersystem.com\/wp-content\/uploads\/Anter-System_artykul_Bezpieczna-przestrzen.pdf\" type=\"application\/pdf\" style=\"width:100%;height:600px\" aria-label=\"Anter-System_artykul_Bezpieczna-przestrzen be\u00e1gyaz\u00e1sa\"><\/object><a id=\"wp-block-file--media-ee450cea-ca59-4ce4-8c22-729773c7fc8d\" href=\"https:\/\/antersystem.com\/wp-content\/uploads\/Anter-System_artykul_Bezpieczna-przestrzen.pdf\">Anter-System_artykul_Bezpieczna-przestrzen<\/a><a href=\"https:\/\/antersystem.com\/wp-content\/uploads\/Anter-System_artykul_Bezpieczna-przestrzen.pdf\" class=\"wp-block-file__button wp-element-button\" download=\"\" aria-describedby=\"wp-block-file--media-ee450cea-ca59-4ce4-8c22-729773c7fc8d\">Let\u00f6lt\u00e9s<\/a><\/div>\n","protected":false},"excerpt":{"rendered":"<p>Biztons\u00e1gos t\u00e9r. Falv\u00e9delem &#8211; Polimer biztons\u00e1gi rendszerek rakt\u00e1rakhoz \u00e9s ipari l\u00e9tes\u00edtm\u00e9nyekhez A Top Logistyk magazin 2019. j\u00faniusi sz\u00e1m\u00e1ban megjelent egy cikk a Wall Protectionr\u00f3l &#8211; a modul\u00e1ris fel\u00e9p\u00edt\u00e9s\u0171 f\u00fcgg\u0151leges v\u00e9d\u0151szerkezetekr\u0151l, amelyek lehet\u0151v\u00e9 teszik b\u00e1rmilyen hossz\u00fas\u00e1g\u00fa \u00e9s geometriai alak\u00fa biztons\u00e1gi falak l\u00e9trehoz\u00e1s\u00e1t. Rugalmass\u00e1guknak k\u00f6sz\u00f6nhet\u0151en ezek a rendszerek lehet\u0151v\u00e9 teszik b\u00e1rmilyen magass\u00e1g\u00fa \u00e1tt\u00f6rt v\u00e9d\u0151falak \u00e9p\u00edt\u00e9s\u00e9t, amelyek t\u00f6k\u00e9letesen [&hellip;]<\/p>\n","protected":false},"author":1,"featured_media":0,"parent":30300,"menu_order":0,"comment_status":"closed","ping_status":"closed","template":"","meta":{"inline_featured_image":false,"ngg_post_thumbnail":0,"footnotes":""},"class_list":["post-15512","page","type-page","status-publish","hentry"],"acf":[],"yoast_head":"<!-- This site is optimized with the Yoast SEO plugin v27.0 - https:\/\/yoast.com\/product\/yoast-seo-wordpress\/ -->\n<title>Biztons\u00e1gos t\u00e9r &quot;Bezpieczna przestrze\u0144&quot; - Anter System<\/title>\n<meta name=\"description\" content=\"Biztons\u00e1gos t\u00e9r. Falv\u00e9delem - Polimer biztons\u00e1gi rendszerek rakt\u00e1rakhoz \u00e9s ipari l\u00e9tes\u00edtm\u00e9nyekhez A Top Logistyk magazin 2019. j\u00faniusi sz\u00e1m\u00e1ban megjelent\" \/>\n<meta name=\"robots\" content=\"index, follow, max-snippet:-1, max-image-preview:large, max-video-preview:-1\" \/>\n<link rel=\"canonical\" href=\"https:\/\/antersystem.com\/hu\/hirek\/safe-space-wall-protection\/\" \/>\n<meta property=\"og:locale\" content=\"hu_HU\" \/>\n<meta property=\"og:type\" content=\"article\" \/>\n<meta property=\"og:title\" content=\"Biztons\u00e1gos t\u00e9r &quot;Bezpieczna przestrze\u0144&quot; - Anter System\" \/>\n<meta property=\"og:description\" content=\"Biztons\u00e1gos t\u00e9r. Falv\u00e9delem - Polimer biztons\u00e1gi rendszerek rakt\u00e1rakhoz \u00e9s ipari l\u00e9tes\u00edtm\u00e9nyekhez A Top Logistyk magazin 2019. j\u00faniusi sz\u00e1m\u00e1ban megjelent\" \/>\n<meta property=\"og:url\" content=\"https:\/\/antersystem.com\/hu\/hirek\/safe-space-wall-protection\/\" \/>\n<meta property=\"og:site_name\" content=\"Anter System\" \/>\n<meta property=\"article:modified_time\" content=\"2026-01-30T13:29:22+00:00\" \/>\n<meta name=\"twitter:card\" content=\"summary_large_image\" \/>\n<meta name=\"twitter:label1\" content=\"Becs\u00fclt olvas\u00e1si id\u0151\" \/>\n\t<meta name=\"twitter:data1\" content=\"1 perc\" \/>\n<script type=\"application\/ld+json\" class=\"yoast-schema-graph\">{\"@context\":\"https:\/\/schema.org\",\"@graph\":[{\"@type\":\"WebPage\",\"@id\":\"https:\/\/antersystem.com\/hu\/hirek\/safe-space-wall-protection\/\",\"url\":\"https:\/\/antersystem.com\/hu\/hirek\/safe-space-wall-protection\/\",\"name\":\"Biztons\u00e1gos t\u00e9r \\\"Bezpieczna przestrze\u0144\\\" - Anter System\",\"isPartOf\":{\"@id\":\"https:\/\/antersystem.com\/hu\/#website\"},\"datePublished\":\"2023-10-16T08:41:27+00:00\",\"dateModified\":\"2026-01-30T13:29:22+00:00\",\"description\":\"Biztons\u00e1gos t\u00e9r. Falv\u00e9delem - Polimer biztons\u00e1gi rendszerek rakt\u00e1rakhoz \u00e9s ipari l\u00e9tes\u00edtm\u00e9nyekhez A Top Logistyk magazin 2019. j\u00faniusi sz\u00e1m\u00e1ban megjelent\",\"breadcrumb\":{\"@id\":\"https:\/\/antersystem.com\/hu\/hirek\/safe-space-wall-protection\/#breadcrumb\"},\"inLanguage\":\"hu\",\"potentialAction\":[{\"@type\":\"ReadAction\",\"target\":[\"https:\/\/antersystem.com\/hu\/hirek\/safe-space-wall-protection\/\"]}]},{\"@type\":\"BreadcrumbList\",\"@id\":\"https:\/\/antersystem.com\/hu\/hirek\/safe-space-wall-protection\/#breadcrumb\",\"itemListElement\":[{\"@type\":\"ListItem\",\"position\":1,\"name\":\"AnterSystem\",\"item\":\"https:\/\/antersystem.com\/hu\/\"},{\"@type\":\"ListItem\",\"position\":2,\"name\":\"H\u00edrek\",\"item\":\"https:\/\/antersystem.com\/hu\/hirek\/\"},{\"@type\":\"ListItem\",\"position\":3,\"name\":\"Biztons\u00e1gos t\u00e9r &#8220;Bezpieczna przestrze\u0144&#8221;\"}]},{\"@type\":\"WebSite\",\"@id\":\"https:\/\/antersystem.com\/hu\/#website\",\"url\":\"https:\/\/antersystem.com\/hu\/\",\"name\":\"Anter System\",\"description\":\"Jeste\u015bmy polskim producentem elastycznych barier ochronnych wykonywanych z polimerowych tworzyw sztucznych. Na rynku krajowym i zagranicznym dzia\u0142amy od ponad 15 lat dbaj\u0105c o zapewnienie bezpiecze\u0144stwa w zak\u0142adach produkcyjnych, magazynach oraz centrach logistycznych.\",\"potentialAction\":[{\"@type\":\"SearchAction\",\"target\":{\"@type\":\"EntryPoint\",\"urlTemplate\":\"https:\/\/antersystem.com\/hu\/?s={search_term_string}\"},\"query-input\":{\"@type\":\"PropertyValueSpecification\",\"valueRequired\":true,\"valueName\":\"search_term_string\"}}],\"inLanguage\":\"hu\"}]}<\/script>\n<!-- \/ Yoast SEO plugin. -->","yoast_head_json":{"title":"Biztons\u00e1gos t\u00e9r \"Bezpieczna przestrze\u0144\" - Anter System","description":"Biztons\u00e1gos t\u00e9r. Falv\u00e9delem - Polimer biztons\u00e1gi rendszerek rakt\u00e1rakhoz \u00e9s ipari l\u00e9tes\u00edtm\u00e9nyekhez A Top Logistyk magazin 2019. j\u00faniusi sz\u00e1m\u00e1ban megjelent","robots":{"index":"index","follow":"follow","max-snippet":"max-snippet:-1","max-image-preview":"max-image-preview:large","max-video-preview":"max-video-preview:-1"},"canonical":"https:\/\/antersystem.com\/hu\/hirek\/safe-space-wall-protection\/","og_locale":"hu_HU","og_type":"article","og_title":"Biztons\u00e1gos t\u00e9r \"Bezpieczna przestrze\u0144\" - Anter System","og_description":"Biztons\u00e1gos t\u00e9r. Falv\u00e9delem - Polimer biztons\u00e1gi rendszerek rakt\u00e1rakhoz \u00e9s ipari l\u00e9tes\u00edtm\u00e9nyekhez A Top Logistyk magazin 2019. j\u00faniusi sz\u00e1m\u00e1ban megjelent","og_url":"https:\/\/antersystem.com\/hu\/hirek\/safe-space-wall-protection\/","og_site_name":"Anter System","article_modified_time":"2026-01-30T13:29:22+00:00","twitter_card":"summary_large_image","twitter_misc":{"Becs\u00fclt olvas\u00e1si id\u0151":"1 perc"},"schema":{"@context":"https:\/\/schema.org","@graph":[{"@type":"WebPage","@id":"https:\/\/antersystem.com\/hu\/hirek\/safe-space-wall-protection\/","url":"https:\/\/antersystem.com\/hu\/hirek\/safe-space-wall-protection\/","name":"Biztons\u00e1gos t\u00e9r \"Bezpieczna przestrze\u0144\" - Anter System","isPartOf":{"@id":"https:\/\/antersystem.com\/hu\/#website"},"datePublished":"2023-10-16T08:41:27+00:00","dateModified":"2026-01-30T13:29:22+00:00","description":"Biztons\u00e1gos t\u00e9r. Falv\u00e9delem - Polimer biztons\u00e1gi rendszerek rakt\u00e1rakhoz \u00e9s ipari l\u00e9tes\u00edtm\u00e9nyekhez A Top Logistyk magazin 2019. j\u00faniusi sz\u00e1m\u00e1ban megjelent","breadcrumb":{"@id":"https:\/\/antersystem.com\/hu\/hirek\/safe-space-wall-protection\/#breadcrumb"},"inLanguage":"hu","potentialAction":[{"@type":"ReadAction","target":["https:\/\/antersystem.com\/hu\/hirek\/safe-space-wall-protection\/"]}]},{"@type":"BreadcrumbList","@id":"https:\/\/antersystem.com\/hu\/hirek\/safe-space-wall-protection\/#breadcrumb","itemListElement":[{"@type":"ListItem","position":1,"name":"AnterSystem","item":"https:\/\/antersystem.com\/hu\/"},{"@type":"ListItem","position":2,"name":"H\u00edrek","item":"https:\/\/antersystem.com\/hu\/hirek\/"},{"@type":"ListItem","position":3,"name":"Biztons\u00e1gos t\u00e9r &#8220;Bezpieczna przestrze\u0144&#8221;"}]},{"@type":"WebSite","@id":"https:\/\/antersystem.com\/hu\/#website","url":"https:\/\/antersystem.com\/hu\/","name":"Anter System","description":"Jeste\u015bmy polskim producentem elastycznych barier ochronnych wykonywanych z polimerowych tworzyw sztucznych. Na rynku krajowym i zagranicznym dzia\u0142amy od ponad 15 lat dbaj\u0105c o zapewnienie bezpiecze\u0144stwa w zak\u0142adach produkcyjnych, magazynach oraz centrach logistycznych.","potentialAction":[{"@type":"SearchAction","target":{"@type":"EntryPoint","urlTemplate":"https:\/\/antersystem.com\/hu\/?s={search_term_string}"},"query-input":{"@type":"PropertyValueSpecification","valueRequired":true,"valueName":"search_term_string"}}],"inLanguage":"hu"}]}},"_links":{"self":[{"href":"https:\/\/antersystem.com\/hu\/wp-json\/wp\/v2\/pages\/15512","targetHints":{"allow":["GET"]}}],"collection":[{"href":"https:\/\/antersystem.com\/hu\/wp-json\/wp\/v2\/pages"}],"about":[{"href":"https:\/\/antersystem.com\/hu\/wp-json\/wp\/v2\/types\/page"}],"author":[{"embeddable":true,"href":"https:\/\/antersystem.com\/hu\/wp-json\/wp\/v2\/users\/1"}],"replies":[{"embeddable":true,"href":"https:\/\/antersystem.com\/hu\/wp-json\/wp\/v2\/comments?post=15512"}],"version-history":[{"count":1,"href":"https:\/\/antersystem.com\/hu\/wp-json\/wp\/v2\/pages\/15512\/revisions"}],"predecessor-version":[{"id":15514,"href":"https:\/\/antersystem.com\/hu\/wp-json\/wp\/v2\/pages\/15512\/revisions\/15514"}],"up":[{"embeddable":true,"href":"https:\/\/antersystem.com\/hu\/wp-json\/wp\/v2\/pages\/30300"}],"wp:attachment":[{"href":"https:\/\/antersystem.com\/hu\/wp-json\/wp\/v2\/media?parent=15512"}],"curies":[{"name":"wp","href":"https:\/\/api.w.org\/{rel}","templated":true}]}}