{"id":15565,"date":"2023-12-07T09:34:39","date_gmt":"2023-12-07T08:34:39","guid":{"rendered":"https:\/\/new.antersystem.com\/forbes-diamonds-2024\/"},"modified":"2026-01-30T14:29:22","modified_gmt":"2026-01-30T13:29:22","slug":"forbes-diamonds-2024","status":"publish","type":"page","link":"https:\/\/antersystem.com\/hu\/hirek\/forbes-diamonds-2024\/","title":{"rendered":"Forbes gy\u00e9m\u00e1ntok 2024"},"content":{"rendered":"\n<div class=\"wp-block-columns is-layout-flex wp-container-core-columns-is-layout-9d6595d7 wp-block-columns-is-layout-flex\">\n  \n  <div class=\"wp-block-column is-layout-flow wp-block-column-is-layout-flow\" style=\"flex-basis:10%\"><\/div>\n  \n\n  \n  <div class=\"wp-block-column is-layout-flow wp-block-column-is-layout-flow\">\n    \n    <h3 class=\"wp-block-heading\"><strong>Az Anter System elnyerte a Forbes Diamonds Poland 2024 d\u00edjat, mint az egyik legdinamikusabban fejl\u0151d\u0151 v\u00e1llalat.<\/strong><\/h3>\n    \n\n    \n    <h4>Egy sz\u00f3 t\u0151l\u00fcnk<\/h4>\n    <p>A mi t\u00f6rt\u00e9net\u00fcnk nem olyan, mint egy filmforgat\u00f3k\u00f6nyv. Nincsenek dr\u00e1mai fordulatok vagy val\u00f3sz\u00edn\u0171tlen v\u00e9letlenek &#8211; b\u00e1r mint sok lengyelorsz\u00e1gi v\u00e1llalkoz\u00f3, mi is szembes\u00fclt\u00fcnk a kih\u00edv\u00e1sokkal. Az alap\u00edt\u00f3k \u00e9s t\u00e1rstulajdonosok nem pr\u00f3b\u00e1lj\u00e1k meg elj\u00e1tszani a szuperh\u0151s\u00f6k szerep\u00e9t, m\u00e9gis az Anter System m\u00e1rka egyre er\u0151s\u00f6dik. Ez a k\u00f6vetkezetes \u00fcgyf\u00e9lkapcsolatokra \u00e9s a val\u00f3s ig\u00e9nyek kiel\u00e9g\u00edt\u00e9s\u00e9re \u00e9p\u00fcl. Folyamatosan alkalmazkodunk a v\u00e1ltoz\u00f3 k\u00f6r\u00fclm\u00e9nyekhez, \u00e9s nagy er\u0151fesz\u00edt\u00e9seket tesz\u00fcnk a piaci l\u00e1that\u00f3s\u00e1gunk fenntart\u00e1s\u00e1ra. A rugalmas biztons\u00e1gi korl\u00e1tok koncepci\u00f3ja m\u00e9g messze nem mag\u00e1t\u00f3l \u00e9rtet\u0151d\u0151 az ipar\u00e1gunkban, ez\u00e9rt oktat\u00e1si k\u00fcldet\u00e9s\u00fcnk tov\u00e1bbra is fontos r\u00e9sze tev\u00e9kenys\u00e9g\u00fcnknek.<\/p>\n\n    <p>Ez\u00e9rt vagyunk k\u00fcl\u00f6n\u00f6sen h\u00e1l\u00e1sak ez\u00e9rt az elismer\u00e9s\u00e9rt &#8211; a Forbes Diamonds 2024-es list\u00e1j\u00e1ra val\u00f3 felv\u00e9tel\u00e9rt. Ez a rangos d\u00edj meger\u0151s\u00edti hiteless\u00e9g\u00fcnket partnereink \u00e9s forgalmaz\u00f3ink szem\u00e9ben, \u00e9s arra \u00f6szt\u00f6n\u00f6z benn\u00fcnket, hogy tov\u00e1bb finom\u00edtsuk innov\u00e1ci\u00f3s modell\u00fcnket, \u00e9s sz\u00e9lesebb piacokat \u00e9rj\u00fcnk el. Arra \u00f6szt\u00f6n\u00f6z benn\u00fcnket, hogy folyamatosan fejlessz\u00fck k\u00edn\u00e1latunkat, \u00e9s olyan megold\u00e1sokat dolgozzunk ki, amelyek m\u00e9g jobban szolg\u00e1lj\u00e1k \u00fcgyfeleinket.<\/p>\n\n    <h4>Mik azok a Forbes gy\u00e9m\u00e1ntok?<\/h4>\n    <p>A Forbes Diamonds list\u00e1j\u00e1t a Forbes magazin szerkeszt\u0151s\u00e9ge \u00e1ll\u00edtja \u00f6ssze. C\u00e9lja, hogy kiemelje \u00e9s jutalmazza a legdinamikusabban fejl\u0151d\u0151 lengyelorsz\u00e1gi v\u00e1llalatokat. A rangsor a v\u00e1llalkoz\u00e1sokat az elm\u00falt h\u00e1rom \u00e9v n\u00f6veked\u00e9si \u00fcteme \u00e9s p\u00e9nz\u00fcgyi teljes\u00edtm\u00e9nye alapj\u00e1n oszt\u00e1lyozza, kiemelve az egyes c\u00e9gek stabilit\u00e1s\u00e1t \u00e9s potenci\u00e1lj\u00e1t. Fontos inform\u00e1ci\u00f3forr\u00e1sk\u00e9nt szolg\u00e1l a befektet\u0151k \u00e9s \u00fczleti partnerek sz\u00e1m\u00e1ra. A v\u00e1llalatokat bev\u00e9teleik alapj\u00e1n h\u00e1rom kateg\u00f3ri\u00e1ban d\u00edjazz\u00e1k: 5 \u00e9s 50 milli\u00f3 PLN k\u00f6z\u00f6tt, 50 \u00e9s 250 milli\u00f3 PLN k\u00f6z\u00f6tt, valamint 250 milli\u00f3 PLN felett. Az olyan p\u00e9nz\u00fcgyi int\u00e9zm\u00e9nyek, mint a bankok, nem szerepelnek a rangsorban.<\/p>\n\n    <p><em>&#8222;A Forbes Diamonds rangsor\u00e1ba val\u00f3 beker\u00fcl\u00e9s a b\u00e1tors\u00e1g \u00e9s a hat\u00e9kony \u00fczleti strat\u00e9gi\u00e1k bizony\u00edt\u00e9ka, amelyek j\u00f3l alkalmazkodnak a viharos id\u0151kh\u00f6z&#8221; &#8211; mondta Ewa \u0141uniewska<\/em>, az ING Bank \u015al\u0105ski igazgat\u00f3tan\u00e1cs\u00e1nak aleln\u00f6ke, a verseny strat\u00e9giai partnere.<\/p>\n    <p>&nbsp;<\/p>\n    \n\n    <div class=\"wp-block-image\">\n    <figure class=\"aligncenter size-large is-resized\"><img loading=\"lazy\" decoding=\"async\" width=\"1024\" height=\"535\" src=\"https:\/\/antersystem.com\/wp-content\/uploads\/Diamenty-Forbes-2024-Anter-System-1024x535.jpg\" alt=\"Anter System - Forbes Diamonds 2024 d&#xED;j\" class=\"wp-image-3741\" style=\"width:709px;height:auto\" srcset=\"https:\/\/antersystem.com\/wp-content\/uploads\/Diamenty-Forbes-2024-Anter-System-1024x535.jpg 1024w, https:\/\/antersystem.com\/wp-content\/uploads\/Diamenty-Forbes-2024-Anter-System-300x157.jpg 300w, https:\/\/antersystem.com\/wp-content\/uploads\/Diamenty-Forbes-2024-Anter-System-768x401.jpg 768w, https:\/\/antersystem.com\/wp-content\/uploads\/Diamenty-Forbes-2024-Anter-System-450x235.jpg 450w, https:\/\/antersystem.com\/wp-content\/uploads\/Diamenty-Forbes-2024-Anter-System-330x172.jpg 330w, https:\/\/antersystem.com\/wp-content\/uploads\/Diamenty-Forbes-2024-Anter-System.jpg 1200w\" sizes=\"auto, (max-width: 1024px) 100vw, 1024px\" \/><\/figure><\/div>\n  <\/div>\n  \n\n  \n  <div class=\"wp-block-column is-layout-flow wp-block-column-is-layout-flow\" style=\"flex-basis:10%\"><\/div>\n  \n<\/div>\n","protected":false},"excerpt":{"rendered":"<p>Az Anter System elnyerte a Forbes Diamonds Poland 2024 d\u00edjat, mint az egyik legdinamikusabban fejl\u0151d\u0151 v\u00e1llalat. Egy sz\u00f3 t\u0151l\u00fcnk A mi t\u00f6rt\u00e9net\u00fcnk nem olyan, mint egy filmforgat\u00f3k\u00f6nyv. Nincsenek dr\u00e1mai fordulatok vagy val\u00f3sz\u00edn\u0171tlen v\u00e9letlenek &#8211; b\u00e1r mint sok lengyelorsz\u00e1gi v\u00e1llalkoz\u00f3, mi is szembes\u00fclt\u00fcnk a kih\u00edv\u00e1sokkal. Az alap\u00edt\u00f3k \u00e9s t\u00e1rstulajdonosok nem pr\u00f3b\u00e1lj\u00e1k meg elj\u00e1tszani a szuperh\u0151s\u00f6k szerep\u00e9t, [&hellip;]<\/p>\n","protected":false},"author":1,"featured_media":0,"parent":30300,"menu_order":0,"comment_status":"closed","ping_status":"closed","template":"","meta":{"inline_featured_image":false,"ngg_post_thumbnail":0,"footnotes":""},"class_list":["post-15565","page","type-page","status-publish","hentry"],"acf":[],"yoast_head":"<!-- This site is optimized with the Yoast SEO plugin v27.0 - https:\/\/yoast.com\/product\/yoast-seo-wordpress\/ -->\n<title>Forbes gy\u00e9m\u00e1ntok 2024 - Anter System<\/title>\n<meta name=\"description\" content=\"Az Anter System elnyerte a Forbes Diamonds Poland 2024 d\u00edjat, mint az egyik legdinamikusabban fejl\u0151d\u0151 v\u00e1llalat. Egy sz\u00f3 t\u0151l\u00fcnk A mi t\u00f6rt\u00e9net\u00fcnk nem olyan,\" \/>\n<meta name=\"robots\" content=\"index, follow, max-snippet:-1, max-image-preview:large, max-video-preview:-1\" \/>\n<link rel=\"canonical\" href=\"https:\/\/antersystem.com\/hu\/hirek\/forbes-diamonds-2024\/\" \/>\n<meta property=\"og:locale\" content=\"hu_HU\" \/>\n<meta property=\"og:type\" content=\"article\" \/>\n<meta property=\"og:title\" content=\"Forbes gy\u00e9m\u00e1ntok 2024 - Anter System\" \/>\n<meta property=\"og:description\" content=\"Az Anter System elnyerte a Forbes Diamonds Poland 2024 d\u00edjat, mint az egyik legdinamikusabban fejl\u0151d\u0151 v\u00e1llalat. Egy sz\u00f3 t\u0151l\u00fcnk A mi t\u00f6rt\u00e9net\u00fcnk nem olyan,\" \/>\n<meta property=\"og:url\" content=\"https:\/\/antersystem.com\/hu\/hirek\/forbes-diamonds-2024\/\" \/>\n<meta property=\"og:site_name\" content=\"Anter System\" \/>\n<meta property=\"article:modified_time\" content=\"2026-01-30T13:29:22+00:00\" \/>\n<meta property=\"og:image\" content=\"https:\/\/antersystem.com\/wp-content\/uploads\/Diamenty-Forbes-2024-Anter-System-1024x535.jpg\" \/>\n<meta name=\"twitter:card\" content=\"summary_large_image\" \/>\n<meta name=\"twitter:label1\" content=\"Becs\u00fclt olvas\u00e1si id\u0151\" \/>\n\t<meta name=\"twitter:data1\" content=\"2 perc\" \/>\n<script type=\"application\/ld+json\" class=\"yoast-schema-graph\">{\"@context\":\"https:\/\/schema.org\",\"@graph\":[{\"@type\":\"WebPage\",\"@id\":\"https:\/\/antersystem.com\/hu\/hirek\/forbes-diamonds-2024\/\",\"url\":\"https:\/\/antersystem.com\/hu\/hirek\/forbes-diamonds-2024\/\",\"name\":\"Forbes gy\u00e9m\u00e1ntok 2024 - Anter System\",\"isPartOf\":{\"@id\":\"https:\/\/antersystem.com\/hu\/#website\"},\"primaryImageOfPage\":{\"@id\":\"https:\/\/antersystem.com\/hu\/hirek\/forbes-diamonds-2024\/#primaryimage\"},\"image\":{\"@id\":\"https:\/\/antersystem.com\/hu\/hirek\/forbes-diamonds-2024\/#primaryimage\"},\"thumbnailUrl\":\"https:\/\/antersystem.com\/wp-content\/uploads\/Diamenty-Forbes-2024-Anter-System-1024x535.jpg\",\"datePublished\":\"2023-12-07T08:34:39+00:00\",\"dateModified\":\"2026-01-30T13:29:22+00:00\",\"description\":\"Az Anter System elnyerte a Forbes Diamonds Poland 2024 d\u00edjat, mint az egyik legdinamikusabban fejl\u0151d\u0151 v\u00e1llalat. Egy sz\u00f3 t\u0151l\u00fcnk A mi t\u00f6rt\u00e9net\u00fcnk nem olyan,\",\"breadcrumb\":{\"@id\":\"https:\/\/antersystem.com\/hu\/hirek\/forbes-diamonds-2024\/#breadcrumb\"},\"inLanguage\":\"hu\",\"potentialAction\":[{\"@type\":\"ReadAction\",\"target\":[\"https:\/\/antersystem.com\/hu\/hirek\/forbes-diamonds-2024\/\"]}]},{\"@type\":\"ImageObject\",\"inLanguage\":\"hu\",\"@id\":\"https:\/\/antersystem.com\/hu\/hirek\/forbes-diamonds-2024\/#primaryimage\",\"url\":\"https:\/\/antersystem.com\/wp-content\/uploads\/Diamenty-Forbes-2024-Anter-System-1024x535.jpg\",\"contentUrl\":\"https:\/\/antersystem.com\/wp-content\/uploads\/Diamenty-Forbes-2024-Anter-System-1024x535.jpg\"},{\"@type\":\"BreadcrumbList\",\"@id\":\"https:\/\/antersystem.com\/hu\/hirek\/forbes-diamonds-2024\/#breadcrumb\",\"itemListElement\":[{\"@type\":\"ListItem\",\"position\":1,\"name\":\"AnterSystem\",\"item\":\"https:\/\/antersystem.com\/hu\/\"},{\"@type\":\"ListItem\",\"position\":2,\"name\":\"H\u00edrek\",\"item\":\"https:\/\/antersystem.com\/hu\/hirek\/\"},{\"@type\":\"ListItem\",\"position\":3,\"name\":\"Forbes gy\u00e9m\u00e1ntok 2024\"}]},{\"@type\":\"WebSite\",\"@id\":\"https:\/\/antersystem.com\/hu\/#website\",\"url\":\"https:\/\/antersystem.com\/hu\/\",\"name\":\"Anter System\",\"description\":\"Jeste\u015bmy polskim producentem elastycznych barier ochronnych wykonywanych z polimerowych tworzyw sztucznych. Na rynku krajowym i zagranicznym dzia\u0142amy od ponad 15 lat dbaj\u0105c o zapewnienie bezpiecze\u0144stwa w zak\u0142adach produkcyjnych, magazynach oraz centrach logistycznych.\",\"potentialAction\":[{\"@type\":\"SearchAction\",\"target\":{\"@type\":\"EntryPoint\",\"urlTemplate\":\"https:\/\/antersystem.com\/hu\/?s={search_term_string}\"},\"query-input\":{\"@type\":\"PropertyValueSpecification\",\"valueRequired\":true,\"valueName\":\"search_term_string\"}}],\"inLanguage\":\"hu\"}]}<\/script>\n<!-- \/ Yoast SEO plugin. -->","yoast_head_json":{"title":"Forbes gy\u00e9m\u00e1ntok 2024 - Anter System","description":"Az Anter System elnyerte a Forbes Diamonds Poland 2024 d\u00edjat, mint az egyik legdinamikusabban fejl\u0151d\u0151 v\u00e1llalat. Egy sz\u00f3 t\u0151l\u00fcnk A mi t\u00f6rt\u00e9net\u00fcnk nem olyan,","robots":{"index":"index","follow":"follow","max-snippet":"max-snippet:-1","max-image-preview":"max-image-preview:large","max-video-preview":"max-video-preview:-1"},"canonical":"https:\/\/antersystem.com\/hu\/hirek\/forbes-diamonds-2024\/","og_locale":"hu_HU","og_type":"article","og_title":"Forbes gy\u00e9m\u00e1ntok 2024 - Anter System","og_description":"Az Anter System elnyerte a Forbes Diamonds Poland 2024 d\u00edjat, mint az egyik legdinamikusabban fejl\u0151d\u0151 v\u00e1llalat. Egy sz\u00f3 t\u0151l\u00fcnk A mi t\u00f6rt\u00e9net\u00fcnk nem olyan,","og_url":"https:\/\/antersystem.com\/hu\/hirek\/forbes-diamonds-2024\/","og_site_name":"Anter System","article_modified_time":"2026-01-30T13:29:22+00:00","og_image":[{"url":"https:\/\/antersystem.com\/wp-content\/uploads\/Diamenty-Forbes-2024-Anter-System-1024x535.jpg","type":"","width":"","height":""}],"twitter_card":"summary_large_image","twitter_misc":{"Becs\u00fclt olvas\u00e1si id\u0151":"2 perc"},"schema":{"@context":"https:\/\/schema.org","@graph":[{"@type":"WebPage","@id":"https:\/\/antersystem.com\/hu\/hirek\/forbes-diamonds-2024\/","url":"https:\/\/antersystem.com\/hu\/hirek\/forbes-diamonds-2024\/","name":"Forbes gy\u00e9m\u00e1ntok 2024 - Anter System","isPartOf":{"@id":"https:\/\/antersystem.com\/hu\/#website"},"primaryImageOfPage":{"@id":"https:\/\/antersystem.com\/hu\/hirek\/forbes-diamonds-2024\/#primaryimage"},"image":{"@id":"https:\/\/antersystem.com\/hu\/hirek\/forbes-diamonds-2024\/#primaryimage"},"thumbnailUrl":"https:\/\/antersystem.com\/wp-content\/uploads\/Diamenty-Forbes-2024-Anter-System-1024x535.jpg","datePublished":"2023-12-07T08:34:39+00:00","dateModified":"2026-01-30T13:29:22+00:00","description":"Az Anter System elnyerte a Forbes Diamonds Poland 2024 d\u00edjat, mint az egyik legdinamikusabban fejl\u0151d\u0151 v\u00e1llalat. Egy sz\u00f3 t\u0151l\u00fcnk A mi t\u00f6rt\u00e9net\u00fcnk nem olyan,","breadcrumb":{"@id":"https:\/\/antersystem.com\/hu\/hirek\/forbes-diamonds-2024\/#breadcrumb"},"inLanguage":"hu","potentialAction":[{"@type":"ReadAction","target":["https:\/\/antersystem.com\/hu\/hirek\/forbes-diamonds-2024\/"]}]},{"@type":"ImageObject","inLanguage":"hu","@id":"https:\/\/antersystem.com\/hu\/hirek\/forbes-diamonds-2024\/#primaryimage","url":"https:\/\/antersystem.com\/wp-content\/uploads\/Diamenty-Forbes-2024-Anter-System-1024x535.jpg","contentUrl":"https:\/\/antersystem.com\/wp-content\/uploads\/Diamenty-Forbes-2024-Anter-System-1024x535.jpg"},{"@type":"BreadcrumbList","@id":"https:\/\/antersystem.com\/hu\/hirek\/forbes-diamonds-2024\/#breadcrumb","itemListElement":[{"@type":"ListItem","position":1,"name":"AnterSystem","item":"https:\/\/antersystem.com\/hu\/"},{"@type":"ListItem","position":2,"name":"H\u00edrek","item":"https:\/\/antersystem.com\/hu\/hirek\/"},{"@type":"ListItem","position":3,"name":"Forbes gy\u00e9m\u00e1ntok 2024"}]},{"@type":"WebSite","@id":"https:\/\/antersystem.com\/hu\/#website","url":"https:\/\/antersystem.com\/hu\/","name":"Anter System","description":"Jeste\u015bmy polskim producentem elastycznych barier ochronnych wykonywanych z polimerowych tworzyw sztucznych. Na rynku krajowym i zagranicznym dzia\u0142amy od ponad 15 lat dbaj\u0105c o zapewnienie bezpiecze\u0144stwa w zak\u0142adach produkcyjnych, magazynach oraz centrach logistycznych.","potentialAction":[{"@type":"SearchAction","target":{"@type":"EntryPoint","urlTemplate":"https:\/\/antersystem.com\/hu\/?s={search_term_string}"},"query-input":{"@type":"PropertyValueSpecification","valueRequired":true,"valueName":"search_term_string"}}],"inLanguage":"hu"}]}},"_links":{"self":[{"href":"https:\/\/antersystem.com\/hu\/wp-json\/wp\/v2\/pages\/15565","targetHints":{"allow":["GET"]}}],"collection":[{"href":"https:\/\/antersystem.com\/hu\/wp-json\/wp\/v2\/pages"}],"about":[{"href":"https:\/\/antersystem.com\/hu\/wp-json\/wp\/v2\/types\/page"}],"author":[{"embeddable":true,"href":"https:\/\/antersystem.com\/hu\/wp-json\/wp\/v2\/users\/1"}],"replies":[{"embeddable":true,"href":"https:\/\/antersystem.com\/hu\/wp-json\/wp\/v2\/comments?post=15565"}],"version-history":[{"count":1,"href":"https:\/\/antersystem.com\/hu\/wp-json\/wp\/v2\/pages\/15565\/revisions"}],"predecessor-version":[{"id":15570,"href":"https:\/\/antersystem.com\/hu\/wp-json\/wp\/v2\/pages\/15565\/revisions\/15570"}],"up":[{"embeddable":true,"href":"https:\/\/antersystem.com\/hu\/wp-json\/wp\/v2\/pages\/30300"}],"wp:attachment":[{"href":"https:\/\/antersystem.com\/hu\/wp-json\/wp\/v2\/media?parent=15565"}],"curies":[{"name":"wp","href":"https:\/\/api.w.org\/{rel}","templated":true}]}}