{"id":15580,"date":"2024-03-26T13:03:30","date_gmt":"2024-03-26T12:03:30","guid":{"rendered":"https:\/\/new.antersystem.com\/sawo-2024\/"},"modified":"2026-01-30T14:29:22","modified_gmt":"2026-01-30T13:29:22","slug":"sawo-2024","status":"publish","type":"page","link":"https:\/\/antersystem.com\/hu\/hirek\/sawo-2024\/","title":{"rendered":"SAWO v\u00e1s\u00e1rok"},"content":{"rendered":"\n<div class=\"wp-block-columns is-layout-flex wp-container-core-columns-is-layout-9d6595d7 wp-block-columns-is-layout-flex\">\n<div class=\"wp-block-column is-layout-flow wp-block-column-is-layout-flow\" style=\"flex-basis:10%\"><\/div>\n\n\n\n<div class=\"wp-block-column is-layout-flow wp-block-column-is-layout-flow\">\n<h3 class=\"wp-block-heading\">Munkahelyi biztons\u00e1g \u00e9s v\u00e9szhelyzeti reag\u00e1l\u00e1s &#8211; SAWO&#8217;24 szakv\u00e1s\u00e1r Pozna\u0144ban.<\/h3>\n\n\n\n<p>Ha a gy\u00e1rt\u00f3csarnokok, rakt\u00e1rak \u00e9s m\u00e1s ipari l\u00e9tes\u00edtm\u00e9nyek jobban v\u00e9dettek lenn\u00e9nek, a balesetek sz\u00e1ma minden bizonnyal sokkal kevesebb lenne. \u00dagy t\u0171nik, hogy a tud\u00e1s b\u0151v\u00edt\u00e9se ezen a ter\u00fcleten v\u00e9gtelen lehet &#8211; \u00e9s ez j\u00f3 dolog. Erre \u00e1prilis m\u00e1sodik fel\u00e9ben, \u00e1prilis 23-25-\u00e9n Pozna\u0144ban lesz egy \u00fajabb lehet\u0151s\u00e9g. <strong>A SAWO Nemzetk\u00f6zi Munkav\u00e9delmi, T\u0171zv\u00e9delmi \u00e9s Ment\u00e9si Szakv\u00e1s\u00e1r<\/strong> K\u00f6z\u00e9p- \u00e9s Kelet-Eur\u00f3pa legnagyobb munkav\u00e9delmi <strong>szakv\u00e1s\u00e1ra<\/strong>.<\/p>\n\n\n\n<p>A rendezv\u00e9nyen <strong>bemutatj\u00e1k<\/strong> a lengyel \u00e9s nemzetk\u00f6zi <strong>gy\u00e1rt\u00f3k<\/strong> leg\u00fajabb eredm\u00e9nyeit <strong>a biztons\u00e1g, az eg\u00e9szs\u00e9gv\u00e9delem \u00e9s a munka ter\u00fclet\u00e9n alkalmazott berendez\u00e9sek \u00e9s megold\u00e1sok ter\u00e9n<\/strong>. A SAWO v\u00e1s\u00e1r a speci\u00e1lis ment\u00e9si m\u0171veletekben haszn\u00e1lt fejlett technol\u00f3gi\u00e1k bemutat\u00e1s\u00e1ra is alkalmas. A l\u00e1togat\u00f3kat nemcsak egy v\u00e1ltozatos ki\u00e1ll\u00edt\u00e1s v\u00e1rja, hanem tematikus konferenci\u00e1kon \u00e9s l\u00e1tv\u00e1nyos \u00e9l\u0151 bemutat\u00f3kon is r\u00e9szt vehetnek.<\/p>\n\n\n\n<p>\u00c9vek \u00f3ta folynak a vit\u00e1k arr\u00f3l, hogyan lehet megfelel\u0151en megv\u00e9deni a munkav\u00e1llal\u00f3kat \u00e9s a v\u00e1llalati vagyont az emberi hib\u00e1k \u00e9s balesetek k\u00f6vetkezm\u00e9nyeit\u0151l. A modern munk\u00e1ltat\u00f3k egyik legfontosabb kih\u00edv\u00e1sa, hogy a l\u00e9tes\u00edtm\u00e9nyv\u00e9delmet a dinamikusan v\u00e1ltoz\u00f3 piaci felt\u00e9telekhez, valamint az \u00faj megold\u00e1sokhoz \u00e9s technol\u00f3gi\u00e1khoz kell igaz\u00edtani. A SAWO szakv\u00e1s\u00e1ron meg k\u00edv\u00e1njuk osztani a t\u00e9m\u00e1val kapcsolatos tud\u00e1sunkat.<\/p>\n\n\n\n<p>A legnagyobbak k\u00f6z\u00f6tt <a href=\"https:\/\/antersystem.com\/nasze-systemy\/\"><strong>Az Anter System rugalmas soromp\u00f3rendszerek el\u0151nyei<\/strong><\/a> robusztus fel\u00e9p\u00edt\u00e9s\u00fck \u00e9s a tov\u00e1bbi modulokkal val\u00f3 rugalmas b\u0151v\u00edthet\u0151s\u00e9g\u00fck. Megfizethet\u0151 \u00e1ruk &#8211; k\u00fcl\u00f6n\u00f6sen a term\u00e9k min\u0151s\u00e9g\u00e9hez k\u00e9pest &#8211; szint\u00e9n jelent\u0151s. A rugalmas korl\u00e1tok n\u00f6velik a targonc\u00e1kkal v\u00e9gzett m\u0171veletek biztons\u00e1gi szintj\u00e9t, \u00e9s seg\u00edtenek megv\u00e9deni a t\u00f6bbi alkalmazottat a kezel\u0151i hib\u00e1k k\u00f6vetkezm\u00e9nyeit\u0151l. Ugyanakkor az energiaelnyel\u0151 korl\u00e1tok haszn\u00e1lata az ipari l\u00e9tes\u00edtm\u00e9nyekben m\u00e9rhet\u0151 \u00e9s hossz\u00fa t\u00e1v\u00fa k\u00f6lts\u00e9gcs\u00f6kkent\u00e9st eredm\u00e9nyez a jobb rakom\u00e1nyv\u00e9delemnek \u00e9s az optimaliz\u00e1lt rakt\u00e1rter\u00fcletnek k\u00f6sz\u00f6nhet\u0151en. Ezek a term\u00e9kek t\u00e1mogatj\u00e1k az \u00e1ruk biztons\u00e1gos \u00e9s k\u00e9nyelmes t\u00e1rol\u00e1s\u00e1t nagy magass\u00e1gban, p\u00e9ld\u00e1ul a v\u00e9letlen elmozdul\u00e1s vesz\u00e9lye n\u00e9lk\u00fcl.<\/p>\n\n\n\n<p>Tal\u00e1lkozunk a k\u00f6vetkez\u0151 kiad\u00e1son! Megh\u00edvjuk \u00d6nt, hogy k\u00f6zelr\u0151l is megn\u00e9zze term\u00e9keinket: <strong>3A csarnok (f\u00f6ldszint), 121-es stand.<\/strong><\/p>\n\n\n\n<p>Esem\u00e9ny link: <a href=\"https:\/\/targisawo.pl\/pl\/program-wydarzen\/\"><strong>c\u00edm: targisawo.pl<\/strong><\/a><\/p>\n\n\n\n<p><strong>#SAWO #tradefair #rescue #OHS<\/strong> <strong>#flexiblesafetybarriers<\/strong><\/p>\n<\/div>\n\n\n\n<div class=\"wp-block-column is-layout-flow wp-block-column-is-layout-flow\" style=\"flex-basis:10%\"><\/div>\n<\/div>\n<div class=\"wp-block-image\">\n<figure class=\"aligncenter size-large is-resized\"><img loading=\"lazy\" decoding=\"async\" width=\"1024\" height=\"535\" src=\"https:\/\/antersystem.com\/wp-content\/uploads\/SAWO-targi-ochrony-pracy-pozarnictwa-i-ratownictwa-Anter-System-1024x535.webp\" alt=\"\" class=\"wp-image-4389\" style=\"width:720px;height:auto\" srcset=\"https:\/\/antersystem.com\/wp-content\/uploads\/SAWO-targi-ochrony-pracy-pozarnictwa-i-ratownictwa-Anter-System-1024x535.webp 1024w, https:\/\/antersystem.com\/wp-content\/uploads\/SAWO-targi-ochrony-pracy-pozarnictwa-i-ratownictwa-Anter-System-300x157.webp 300w, https:\/\/antersystem.com\/wp-content\/uploads\/SAWO-targi-ochrony-pracy-pozarnictwa-i-ratownictwa-Anter-System-768x401.webp 768w, https:\/\/antersystem.com\/wp-content\/uploads\/SAWO-targi-ochrony-pracy-pozarnictwa-i-ratownictwa-Anter-System-450x235.webp 450w, https:\/\/antersystem.com\/wp-content\/uploads\/SAWO-targi-ochrony-pracy-pozarnictwa-i-ratownictwa-Anter-System-330x172.webp 330w, https:\/\/antersystem.com\/wp-content\/uploads\/SAWO-targi-ochrony-pracy-pozarnictwa-i-ratownictwa-Anter-System.webp 1200w\" sizes=\"auto, (max-width: 1024px) 100vw, 1024px\" \/><\/figure><\/div>","protected":false},"excerpt":{"rendered":"<p>Munkahelyi biztons\u00e1g \u00e9s v\u00e9szhelyzeti reag\u00e1l\u00e1s &#8211; SAWO&#8217;24 szakv\u00e1s\u00e1r Pozna\u0144ban. Ha a gy\u00e1rt\u00f3csarnokok, rakt\u00e1rak \u00e9s m\u00e1s ipari l\u00e9tes\u00edtm\u00e9nyek jobban v\u00e9dettek lenn\u00e9nek, a balesetek sz\u00e1ma minden bizonnyal sokkal kevesebb lenne. \u00dagy t\u0171nik, hogy a tud\u00e1s b\u0151v\u00edt\u00e9se ezen a ter\u00fcleten v\u00e9gtelen lehet &#8211; \u00e9s ez j\u00f3 dolog. Erre \u00e1prilis m\u00e1sodik fel\u00e9ben, \u00e1prilis 23-25-\u00e9n Pozna\u0144ban lesz egy \u00fajabb lehet\u0151s\u00e9g. [&hellip;]<\/p>\n","protected":false},"author":1,"featured_media":0,"parent":30300,"menu_order":0,"comment_status":"closed","ping_status":"closed","template":"","meta":{"inline_featured_image":false,"ngg_post_thumbnail":0,"footnotes":""},"class_list":["post-15580","page","type-page","status-publish","hentry"],"acf":[],"yoast_head":"<!-- This site is optimized with the Yoast SEO plugin v27.0 - https:\/\/yoast.com\/product\/yoast-seo-wordpress\/ -->\n<title>SAWO v\u00e1s\u00e1rok - Anter System<\/title>\n<meta name=\"description\" content=\"Munkahelyi biztons\u00e1g \u00e9s v\u00e9szhelyzeti reag\u00e1l\u00e1s - SAWO&#039;24 szakv\u00e1s\u00e1r Pozna\u0144ban. Ha a gy\u00e1rt\u00f3csarnokok, rakt\u00e1rak \u00e9s m\u00e1s ipari l\u00e9tes\u00edtm\u00e9nyek jobban v\u00e9dettek\" \/>\n<meta name=\"robots\" content=\"index, follow, max-snippet:-1, max-image-preview:large, max-video-preview:-1\" \/>\n<link rel=\"canonical\" href=\"https:\/\/antersystem.com\/hu\/hirek\/sawo-2024\/\" \/>\n<meta property=\"og:locale\" content=\"hu_HU\" \/>\n<meta property=\"og:type\" content=\"article\" \/>\n<meta property=\"og:title\" content=\"SAWO v\u00e1s\u00e1rok - Anter System\" \/>\n<meta property=\"og:description\" content=\"Munkahelyi biztons\u00e1g \u00e9s v\u00e9szhelyzeti reag\u00e1l\u00e1s - SAWO&#039;24 szakv\u00e1s\u00e1r Pozna\u0144ban. Ha a gy\u00e1rt\u00f3csarnokok, rakt\u00e1rak \u00e9s m\u00e1s ipari l\u00e9tes\u00edtm\u00e9nyek jobban v\u00e9dettek\" \/>\n<meta property=\"og:url\" content=\"https:\/\/antersystem.com\/hu\/hirek\/sawo-2024\/\" \/>\n<meta property=\"og:site_name\" content=\"Anter System\" \/>\n<meta property=\"article:modified_time\" content=\"2026-01-30T13:29:22+00:00\" \/>\n<meta property=\"og:image\" content=\"https:\/\/antersystem.com\/wp-content\/uploads\/SAWO-targi-ochrony-pracy-pozarnictwa-i-ratownictwa-Anter-System-1024x535.webp\" \/>\n<meta name=\"twitter:card\" content=\"summary_large_image\" \/>\n<meta name=\"twitter:label1\" content=\"Becs\u00fclt olvas\u00e1si id\u0151\" \/>\n\t<meta name=\"twitter:data1\" content=\"2 perc\" \/>\n<script type=\"application\/ld+json\" class=\"yoast-schema-graph\">{\"@context\":\"https:\/\/schema.org\",\"@graph\":[{\"@type\":\"WebPage\",\"@id\":\"https:\/\/antersystem.com\/hu\/hirek\/sawo-2024\/\",\"url\":\"https:\/\/antersystem.com\/hu\/hirek\/sawo-2024\/\",\"name\":\"SAWO v\u00e1s\u00e1rok - Anter System\",\"isPartOf\":{\"@id\":\"https:\/\/antersystem.com\/hu\/#website\"},\"primaryImageOfPage\":{\"@id\":\"https:\/\/antersystem.com\/hu\/hirek\/sawo-2024\/#primaryimage\"},\"image\":{\"@id\":\"https:\/\/antersystem.com\/hu\/hirek\/sawo-2024\/#primaryimage\"},\"thumbnailUrl\":\"https:\/\/antersystem.com\/wp-content\/uploads\/SAWO-targi-ochrony-pracy-pozarnictwa-i-ratownictwa-Anter-System-1024x535.webp\",\"datePublished\":\"2024-03-26T12:03:30+00:00\",\"dateModified\":\"2026-01-30T13:29:22+00:00\",\"description\":\"Munkahelyi biztons\u00e1g \u00e9s v\u00e9szhelyzeti reag\u00e1l\u00e1s - SAWO'24 szakv\u00e1s\u00e1r Pozna\u0144ban. Ha a gy\u00e1rt\u00f3csarnokok, rakt\u00e1rak \u00e9s m\u00e1s ipari l\u00e9tes\u00edtm\u00e9nyek jobban v\u00e9dettek\",\"breadcrumb\":{\"@id\":\"https:\/\/antersystem.com\/hu\/hirek\/sawo-2024\/#breadcrumb\"},\"inLanguage\":\"hu\",\"potentialAction\":[{\"@type\":\"ReadAction\",\"target\":[\"https:\/\/antersystem.com\/hu\/hirek\/sawo-2024\/\"]}]},{\"@type\":\"ImageObject\",\"inLanguage\":\"hu\",\"@id\":\"https:\/\/antersystem.com\/hu\/hirek\/sawo-2024\/#primaryimage\",\"url\":\"https:\/\/antersystem.com\/wp-content\/uploads\/SAWO-targi-ochrony-pracy-pozarnictwa-i-ratownictwa-Anter-System-1024x535.webp\",\"contentUrl\":\"https:\/\/antersystem.com\/wp-content\/uploads\/SAWO-targi-ochrony-pracy-pozarnictwa-i-ratownictwa-Anter-System-1024x535.webp\"},{\"@type\":\"BreadcrumbList\",\"@id\":\"https:\/\/antersystem.com\/hu\/hirek\/sawo-2024\/#breadcrumb\",\"itemListElement\":[{\"@type\":\"ListItem\",\"position\":1,\"name\":\"AnterSystem\",\"item\":\"https:\/\/antersystem.com\/hu\/\"},{\"@type\":\"ListItem\",\"position\":2,\"name\":\"H\u00edrek\",\"item\":\"https:\/\/antersystem.com\/hu\/hirek\/\"},{\"@type\":\"ListItem\",\"position\":3,\"name\":\"SAWO v\u00e1s\u00e1rok\"}]},{\"@type\":\"WebSite\",\"@id\":\"https:\/\/antersystem.com\/hu\/#website\",\"url\":\"https:\/\/antersystem.com\/hu\/\",\"name\":\"Anter System\",\"description\":\"Jeste\u015bmy polskim producentem elastycznych barier ochronnych wykonywanych z polimerowych tworzyw sztucznych. Na rynku krajowym i zagranicznym dzia\u0142amy od ponad 15 lat dbaj\u0105c o zapewnienie bezpiecze\u0144stwa w zak\u0142adach produkcyjnych, magazynach oraz centrach logistycznych.\",\"potentialAction\":[{\"@type\":\"SearchAction\",\"target\":{\"@type\":\"EntryPoint\",\"urlTemplate\":\"https:\/\/antersystem.com\/hu\/?s={search_term_string}\"},\"query-input\":{\"@type\":\"PropertyValueSpecification\",\"valueRequired\":true,\"valueName\":\"search_term_string\"}}],\"inLanguage\":\"hu\"}]}<\/script>\n<!-- \/ Yoast SEO plugin. -->","yoast_head_json":{"title":"SAWO v\u00e1s\u00e1rok - Anter System","description":"Munkahelyi biztons\u00e1g \u00e9s v\u00e9szhelyzeti reag\u00e1l\u00e1s - SAWO'24 szakv\u00e1s\u00e1r Pozna\u0144ban. Ha a gy\u00e1rt\u00f3csarnokok, rakt\u00e1rak \u00e9s m\u00e1s ipari l\u00e9tes\u00edtm\u00e9nyek jobban v\u00e9dettek","robots":{"index":"index","follow":"follow","max-snippet":"max-snippet:-1","max-image-preview":"max-image-preview:large","max-video-preview":"max-video-preview:-1"},"canonical":"https:\/\/antersystem.com\/hu\/hirek\/sawo-2024\/","og_locale":"hu_HU","og_type":"article","og_title":"SAWO v\u00e1s\u00e1rok - Anter System","og_description":"Munkahelyi biztons\u00e1g \u00e9s v\u00e9szhelyzeti reag\u00e1l\u00e1s - SAWO'24 szakv\u00e1s\u00e1r Pozna\u0144ban. Ha a gy\u00e1rt\u00f3csarnokok, rakt\u00e1rak \u00e9s m\u00e1s ipari l\u00e9tes\u00edtm\u00e9nyek jobban v\u00e9dettek","og_url":"https:\/\/antersystem.com\/hu\/hirek\/sawo-2024\/","og_site_name":"Anter System","article_modified_time":"2026-01-30T13:29:22+00:00","og_image":[{"url":"https:\/\/antersystem.com\/wp-content\/uploads\/SAWO-targi-ochrony-pracy-pozarnictwa-i-ratownictwa-Anter-System-1024x535.webp","type":"","width":"","height":""}],"twitter_card":"summary_large_image","twitter_misc":{"Becs\u00fclt olvas\u00e1si id\u0151":"2 perc"},"schema":{"@context":"https:\/\/schema.org","@graph":[{"@type":"WebPage","@id":"https:\/\/antersystem.com\/hu\/hirek\/sawo-2024\/","url":"https:\/\/antersystem.com\/hu\/hirek\/sawo-2024\/","name":"SAWO v\u00e1s\u00e1rok - Anter System","isPartOf":{"@id":"https:\/\/antersystem.com\/hu\/#website"},"primaryImageOfPage":{"@id":"https:\/\/antersystem.com\/hu\/hirek\/sawo-2024\/#primaryimage"},"image":{"@id":"https:\/\/antersystem.com\/hu\/hirek\/sawo-2024\/#primaryimage"},"thumbnailUrl":"https:\/\/antersystem.com\/wp-content\/uploads\/SAWO-targi-ochrony-pracy-pozarnictwa-i-ratownictwa-Anter-System-1024x535.webp","datePublished":"2024-03-26T12:03:30+00:00","dateModified":"2026-01-30T13:29:22+00:00","description":"Munkahelyi biztons\u00e1g \u00e9s v\u00e9szhelyzeti reag\u00e1l\u00e1s - SAWO'24 szakv\u00e1s\u00e1r Pozna\u0144ban. Ha a gy\u00e1rt\u00f3csarnokok, rakt\u00e1rak \u00e9s m\u00e1s ipari l\u00e9tes\u00edtm\u00e9nyek jobban v\u00e9dettek","breadcrumb":{"@id":"https:\/\/antersystem.com\/hu\/hirek\/sawo-2024\/#breadcrumb"},"inLanguage":"hu","potentialAction":[{"@type":"ReadAction","target":["https:\/\/antersystem.com\/hu\/hirek\/sawo-2024\/"]}]},{"@type":"ImageObject","inLanguage":"hu","@id":"https:\/\/antersystem.com\/hu\/hirek\/sawo-2024\/#primaryimage","url":"https:\/\/antersystem.com\/wp-content\/uploads\/SAWO-targi-ochrony-pracy-pozarnictwa-i-ratownictwa-Anter-System-1024x535.webp","contentUrl":"https:\/\/antersystem.com\/wp-content\/uploads\/SAWO-targi-ochrony-pracy-pozarnictwa-i-ratownictwa-Anter-System-1024x535.webp"},{"@type":"BreadcrumbList","@id":"https:\/\/antersystem.com\/hu\/hirek\/sawo-2024\/#breadcrumb","itemListElement":[{"@type":"ListItem","position":1,"name":"AnterSystem","item":"https:\/\/antersystem.com\/hu\/"},{"@type":"ListItem","position":2,"name":"H\u00edrek","item":"https:\/\/antersystem.com\/hu\/hirek\/"},{"@type":"ListItem","position":3,"name":"SAWO v\u00e1s\u00e1rok"}]},{"@type":"WebSite","@id":"https:\/\/antersystem.com\/hu\/#website","url":"https:\/\/antersystem.com\/hu\/","name":"Anter System","description":"Jeste\u015bmy polskim producentem elastycznych barier ochronnych wykonywanych z polimerowych tworzyw sztucznych. Na rynku krajowym i zagranicznym dzia\u0142amy od ponad 15 lat dbaj\u0105c o zapewnienie bezpiecze\u0144stwa w zak\u0142adach produkcyjnych, magazynach oraz centrach logistycznych.","potentialAction":[{"@type":"SearchAction","target":{"@type":"EntryPoint","urlTemplate":"https:\/\/antersystem.com\/hu\/?s={search_term_string}"},"query-input":{"@type":"PropertyValueSpecification","valueRequired":true,"valueName":"search_term_string"}}],"inLanguage":"hu"}]}},"_links":{"self":[{"href":"https:\/\/antersystem.com\/hu\/wp-json\/wp\/v2\/pages\/15580","targetHints":{"allow":["GET"]}}],"collection":[{"href":"https:\/\/antersystem.com\/hu\/wp-json\/wp\/v2\/pages"}],"about":[{"href":"https:\/\/antersystem.com\/hu\/wp-json\/wp\/v2\/types\/page"}],"author":[{"embeddable":true,"href":"https:\/\/antersystem.com\/hu\/wp-json\/wp\/v2\/users\/1"}],"replies":[{"embeddable":true,"href":"https:\/\/antersystem.com\/hu\/wp-json\/wp\/v2\/comments?post=15580"}],"version-history":[{"count":1,"href":"https:\/\/antersystem.com\/hu\/wp-json\/wp\/v2\/pages\/15580\/revisions"}],"predecessor-version":[{"id":15583,"href":"https:\/\/antersystem.com\/hu\/wp-json\/wp\/v2\/pages\/15580\/revisions\/15583"}],"up":[{"embeddable":true,"href":"https:\/\/antersystem.com\/hu\/wp-json\/wp\/v2\/pages\/30300"}],"wp:attachment":[{"href":"https:\/\/antersystem.com\/hu\/wp-json\/wp\/v2\/media?parent=15580"}],"curies":[{"name":"wp","href":"https:\/\/api.w.org\/{rel}","templated":true}]}}