{"id":15631,"date":"2023-10-09T09:58:06","date_gmt":"2023-10-09T07:58:06","guid":{"rendered":"https:\/\/new.antersystem.com\/modernlog-2023\/"},"modified":"2026-01-30T14:29:21","modified_gmt":"2026-01-30T13:29:21","slug":"modernlog-2023","status":"publish","type":"page","link":"https:\/\/antersystem.com\/hu\/hirek\/modernlog-2023\/","title":{"rendered":"Modernlog 2023"},"content":{"rendered":"\n<div class=\"wp-block-columns is-layout-flex wp-container-core-columns-is-layout-9d6595d7 wp-block-columns-is-layout-flex\">\n<div class=\"wp-block-column is-layout-flow wp-block-column-is-layout-flow\" style=\"flex-basis:10%\"><\/div>\n\n\n\n<div class=\"wp-block-column is-layout-flow wp-block-column-is-layout-flow\">\n<h3 class=\"wp-block-heading\">Anter System a Modernlog 2023-ban<\/h3>\n\n\n\n<p style=\"text-align: left;\">\u00d6r\u00f6mmel vett\u00fcnk r\u00e9szt a Modernlog-on &#8211; a logisztikai, rakt\u00e1roz\u00e1si \u00e9s sz\u00e1ll\u00edt\u00e1si \u00e1gazat vezet\u0151 szakv\u00e1s\u00e1r\u00e1n. A rugalmas biztons\u00e1gi korl\u00e1tok neves gy\u00e1rt\u00f3jak\u00e9nt az Anter Systemnek nagyszer\u0171 lehet\u0151s\u00e9ge ny\u00edlt arra, hogy innovat\u00edv megold\u00e1sait sz\u00e9les szakmai k\u00f6z\u00f6ns\u00e9g el\u0151tt bemutassa.<\/p>\n<p style=\"text-align: left;\">K\u00e9rj\u00fck, tekintse meg az esem\u00e9nyr\u0151l k\u00e9sz\u00fclt \u00f6sszefoglal\u00f3 vide\u00f3nkat. Fedezze fel, hogyan mutatjuk be a logisztikai m\u0171veletek optimaliz\u00e1l\u00e1s\u00e1ra tervezett megold\u00e1sainkat a rakt\u00e1ri k\u00f6rnyezet biztons\u00e1g\u00e1nak \u00e9s hat\u00e9konys\u00e1g\u00e1nak n\u00f6vel\u00e9s\u00e9vel. A vide\u00f3 az \u00fcgyfelekkel \u00e9s partnerekkel folytatott interakci\u00f3inkat, valamint az \u00e1gazat j\u00f6v\u0151j\u00e9r\u0151l sz\u00f3l\u00f3 inspir\u00e1l\u00f3 vit\u00e1kban val\u00f3 r\u00e9szv\u00e9tel\u00fcnket is bemutatja.<\/p>\n<p style=\"text-align: left;\">Modernlog sor\u00e1n rugalmas biztons\u00e1gi korl\u00e1tjaink sz\u00e1mos ipar\u00e1gi szakember elismer\u00e9s\u00e9t nyert\u00e9k el, ami meger\u0151s\u00edtette, hogy az Anter System a rakt\u00e1rbiztons\u00e1g ter\u00e9n az innov\u00e1ci\u00f3 \u00e9lvonal\u00e1ba tartozik.<\/p>\n<p style=\"text-align: left;\">Szeretettel megh\u00edvjuk \u00d6nt, hogy n\u00e9zze meg a vide\u00f3t, \u00e9s tapasztalja meg ennek az inspir\u00e1l\u00f3 esem\u00e9nynek a hangulat\u00e1t. N\u00e9zze meg, hogyan j\u00e1rul hozz\u00e1 az Anter System a logisztikai \u00e1gazat j\u00f6v\u0151j\u00e9nek alak\u00edt\u00e1s\u00e1hoz.<\/p>\n\n\n<p><video style=\"width: 100%; height: auto;\" controls><source src=\"https:\/\/antersystem.com\/wp-content\/uploads\/antersystem_small_Modernlog.mp4\" type=\"video\/mp4\"><\/video><\/p>\n<\/div>\n\n\n\n<div class=\"wp-block-column is-layout-flow wp-block-column-is-layout-flow\" style=\"flex-basis:10%\"><\/div>\n<\/div>\n","protected":false},"excerpt":{"rendered":"<p>Anter System a Modernlog 2023-ban \u00d6r\u00f6mmel vett\u00fcnk r\u00e9szt a Modernlog-on &#8211; a logisztikai, rakt\u00e1roz\u00e1si \u00e9s sz\u00e1ll\u00edt\u00e1si \u00e1gazat vezet\u0151 szakv\u00e1s\u00e1r\u00e1n. A rugalmas biztons\u00e1gi korl\u00e1tok neves gy\u00e1rt\u00f3jak\u00e9nt az Anter Systemnek nagyszer\u0171 lehet\u0151s\u00e9ge ny\u00edlt arra, hogy innovat\u00edv megold\u00e1sait sz\u00e9les szakmai k\u00f6z\u00f6ns\u00e9g el\u0151tt bemutassa. K\u00e9rj\u00fck, tekintse meg az esem\u00e9nyr\u0151l k\u00e9sz\u00fclt \u00f6sszefoglal\u00f3 vide\u00f3nkat. Fedezze fel, hogyan mutatjuk be a logisztikai [&hellip;]<\/p>\n","protected":false},"author":1,"featured_media":0,"parent":30300,"menu_order":0,"comment_status":"closed","ping_status":"closed","template":"","meta":{"inline_featured_image":false,"ngg_post_thumbnail":0,"footnotes":""},"class_list":["post-15631","page","type-page","status-publish","hentry"],"acf":[],"yoast_head":"<!-- This site is optimized with the Yoast SEO plugin v27.0 - https:\/\/yoast.com\/product\/yoast-seo-wordpress\/ -->\n<title>Modernlog 2023 - Anter System<\/title>\n<meta name=\"description\" content=\"Anter System, jako renomowany producent elastycznych barier ochronnych, mia\u0142 niezwyk\u0142\u0105 okazj\u0119, aby zaprezentowa\u0107 swoje innowacyjne rozwi\u0105zania szerokiej publiczno\u015bci z bran\u017cy podczas targ\u00f3w Modernlog 2023.\" \/>\n<meta name=\"robots\" content=\"index, follow, max-snippet:-1, max-image-preview:large, max-video-preview:-1\" \/>\n<link rel=\"canonical\" href=\"https:\/\/antersystem.com\/hu\/hirek\/modernlog-2023\/\" \/>\n<meta property=\"og:locale\" content=\"hu_HU\" \/>\n<meta property=\"og:type\" content=\"article\" \/>\n<meta property=\"og:title\" content=\"Modernlog 2023 - Anter System\" \/>\n<meta property=\"og:description\" content=\"Anter System, jako renomowany producent elastycznych barier ochronnych, mia\u0142 niezwyk\u0142\u0105 okazj\u0119, aby zaprezentowa\u0107 swoje innowacyjne rozwi\u0105zania szerokiej publiczno\u015bci z bran\u017cy podczas targ\u00f3w Modernlog 2023.\" \/>\n<meta property=\"og:url\" content=\"https:\/\/antersystem.com\/hu\/hirek\/modernlog-2023\/\" \/>\n<meta property=\"og:site_name\" content=\"Anter System\" \/>\n<meta property=\"article:modified_time\" content=\"2026-01-30T13:29:21+00:00\" \/>\n<meta name=\"twitter:card\" content=\"summary_large_image\" \/>\n<meta name=\"twitter:label1\" content=\"Becs\u00fclt olvas\u00e1si id\u0151\" \/>\n\t<meta name=\"twitter:data1\" content=\"1 perc\" \/>\n<script type=\"application\/ld+json\" class=\"yoast-schema-graph\">{\"@context\":\"https:\/\/schema.org\",\"@graph\":[{\"@type\":\"WebPage\",\"@id\":\"https:\/\/antersystem.com\/hu\/hirek\/modernlog-2023\/\",\"url\":\"https:\/\/antersystem.com\/hu\/hirek\/modernlog-2023\/\",\"name\":\"Modernlog 2023 - Anter System\",\"isPartOf\":{\"@id\":\"https:\/\/antersystem.com\/hu\/#website\"},\"datePublished\":\"2023-10-09T07:58:06+00:00\",\"dateModified\":\"2026-01-30T13:29:21+00:00\",\"description\":\"Anter System, jako renomowany producent elastycznych barier ochronnych, mia\u0142 niezwyk\u0142\u0105 okazj\u0119, aby zaprezentowa\u0107 swoje innowacyjne rozwi\u0105zania szerokiej publiczno\u015bci z bran\u017cy podczas targ\u00f3w Modernlog 2023.\",\"breadcrumb\":{\"@id\":\"https:\/\/antersystem.com\/hu\/hirek\/modernlog-2023\/#breadcrumb\"},\"inLanguage\":\"hu\",\"potentialAction\":[{\"@type\":\"ReadAction\",\"target\":[\"https:\/\/antersystem.com\/hu\/hirek\/modernlog-2023\/\"]}]},{\"@type\":\"BreadcrumbList\",\"@id\":\"https:\/\/antersystem.com\/hu\/hirek\/modernlog-2023\/#breadcrumb\",\"itemListElement\":[{\"@type\":\"ListItem\",\"position\":1,\"name\":\"AnterSystem\",\"item\":\"https:\/\/antersystem.com\/hu\/\"},{\"@type\":\"ListItem\",\"position\":2,\"name\":\"H\u00edrek\",\"item\":\"https:\/\/antersystem.com\/hu\/hirek\/\"},{\"@type\":\"ListItem\",\"position\":3,\"name\":\"Modernlog 2023\"}]},{\"@type\":\"WebSite\",\"@id\":\"https:\/\/antersystem.com\/hu\/#website\",\"url\":\"https:\/\/antersystem.com\/hu\/\",\"name\":\"Anter System\",\"description\":\"Jeste\u015bmy polskim producentem elastycznych barier ochronnych wykonywanych z polimerowych tworzyw sztucznych. Na rynku krajowym i zagranicznym dzia\u0142amy od ponad 15 lat dbaj\u0105c o zapewnienie bezpiecze\u0144stwa w zak\u0142adach produkcyjnych, magazynach oraz centrach logistycznych.\",\"potentialAction\":[{\"@type\":\"SearchAction\",\"target\":{\"@type\":\"EntryPoint\",\"urlTemplate\":\"https:\/\/antersystem.com\/hu\/?s={search_term_string}\"},\"query-input\":{\"@type\":\"PropertyValueSpecification\",\"valueRequired\":true,\"valueName\":\"search_term_string\"}}],\"inLanguage\":\"hu\"}]}<\/script>\n<!-- \/ Yoast SEO plugin. -->","yoast_head_json":{"title":"Modernlog 2023 - Anter System","description":"Anter System, jako renomowany producent elastycznych barier ochronnych, mia\u0142 niezwyk\u0142\u0105 okazj\u0119, aby zaprezentowa\u0107 swoje innowacyjne rozwi\u0105zania szerokiej publiczno\u015bci z bran\u017cy podczas targ\u00f3w Modernlog 2023.","robots":{"index":"index","follow":"follow","max-snippet":"max-snippet:-1","max-image-preview":"max-image-preview:large","max-video-preview":"max-video-preview:-1"},"canonical":"https:\/\/antersystem.com\/hu\/hirek\/modernlog-2023\/","og_locale":"hu_HU","og_type":"article","og_title":"Modernlog 2023 - Anter System","og_description":"Anter System, jako renomowany producent elastycznych barier ochronnych, mia\u0142 niezwyk\u0142\u0105 okazj\u0119, aby zaprezentowa\u0107 swoje innowacyjne rozwi\u0105zania szerokiej publiczno\u015bci z bran\u017cy podczas targ\u00f3w Modernlog 2023.","og_url":"https:\/\/antersystem.com\/hu\/hirek\/modernlog-2023\/","og_site_name":"Anter System","article_modified_time":"2026-01-30T13:29:21+00:00","twitter_card":"summary_large_image","twitter_misc":{"Becs\u00fclt olvas\u00e1si id\u0151":"1 perc"},"schema":{"@context":"https:\/\/schema.org","@graph":[{"@type":"WebPage","@id":"https:\/\/antersystem.com\/hu\/hirek\/modernlog-2023\/","url":"https:\/\/antersystem.com\/hu\/hirek\/modernlog-2023\/","name":"Modernlog 2023 - Anter System","isPartOf":{"@id":"https:\/\/antersystem.com\/hu\/#website"},"datePublished":"2023-10-09T07:58:06+00:00","dateModified":"2026-01-30T13:29:21+00:00","description":"Anter System, jako renomowany producent elastycznych barier ochronnych, mia\u0142 niezwyk\u0142\u0105 okazj\u0119, aby zaprezentowa\u0107 swoje innowacyjne rozwi\u0105zania szerokiej publiczno\u015bci z bran\u017cy podczas targ\u00f3w Modernlog 2023.","breadcrumb":{"@id":"https:\/\/antersystem.com\/hu\/hirek\/modernlog-2023\/#breadcrumb"},"inLanguage":"hu","potentialAction":[{"@type":"ReadAction","target":["https:\/\/antersystem.com\/hu\/hirek\/modernlog-2023\/"]}]},{"@type":"BreadcrumbList","@id":"https:\/\/antersystem.com\/hu\/hirek\/modernlog-2023\/#breadcrumb","itemListElement":[{"@type":"ListItem","position":1,"name":"AnterSystem","item":"https:\/\/antersystem.com\/hu\/"},{"@type":"ListItem","position":2,"name":"H\u00edrek","item":"https:\/\/antersystem.com\/hu\/hirek\/"},{"@type":"ListItem","position":3,"name":"Modernlog 2023"}]},{"@type":"WebSite","@id":"https:\/\/antersystem.com\/hu\/#website","url":"https:\/\/antersystem.com\/hu\/","name":"Anter System","description":"Jeste\u015bmy polskim producentem elastycznych barier ochronnych wykonywanych z polimerowych tworzyw sztucznych. Na rynku krajowym i zagranicznym dzia\u0142amy od ponad 15 lat dbaj\u0105c o zapewnienie bezpiecze\u0144stwa w zak\u0142adach produkcyjnych, magazynach oraz centrach logistycznych.","potentialAction":[{"@type":"SearchAction","target":{"@type":"EntryPoint","urlTemplate":"https:\/\/antersystem.com\/hu\/?s={search_term_string}"},"query-input":{"@type":"PropertyValueSpecification","valueRequired":true,"valueName":"search_term_string"}}],"inLanguage":"hu"}]}},"_links":{"self":[{"href":"https:\/\/antersystem.com\/hu\/wp-json\/wp\/v2\/pages\/15631","targetHints":{"allow":["GET"]}}],"collection":[{"href":"https:\/\/antersystem.com\/hu\/wp-json\/wp\/v2\/pages"}],"about":[{"href":"https:\/\/antersystem.com\/hu\/wp-json\/wp\/v2\/types\/page"}],"author":[{"embeddable":true,"href":"https:\/\/antersystem.com\/hu\/wp-json\/wp\/v2\/users\/1"}],"replies":[{"embeddable":true,"href":"https:\/\/antersystem.com\/hu\/wp-json\/wp\/v2\/comments?post=15631"}],"version-history":[{"count":1,"href":"https:\/\/antersystem.com\/hu\/wp-json\/wp\/v2\/pages\/15631\/revisions"}],"predecessor-version":[{"id":15635,"href":"https:\/\/antersystem.com\/hu\/wp-json\/wp\/v2\/pages\/15631\/revisions\/15635"}],"up":[{"embeddable":true,"href":"https:\/\/antersystem.com\/hu\/wp-json\/wp\/v2\/pages\/30300"}],"wp:attachment":[{"href":"https:\/\/antersystem.com\/hu\/wp-json\/wp\/v2\/media?parent=15631"}],"curies":[{"name":"wp","href":"https:\/\/api.w.org\/{rel}","templated":true}]}}