{"id":15636,"date":"2023-11-15T15:46:20","date_gmt":"2023-11-15T14:46:20","guid":{"rendered":"https:\/\/new.antersystem.com\/axon-intralogistyka-magazynowanie-2023\/"},"modified":"2026-01-30T14:29:22","modified_gmt":"2026-01-30T13:29:22","slug":"axon-intralogistyka-magazynowanie-2023","status":"publish","type":"page","link":"https:\/\/antersystem.com\/hu\/hirek\/axon-intralogistyka-magazynowanie-2023\/","title":{"rendered":"Hogyan haszn\u00e1ljuk ki hat\u00e9konyan a helyet \u00e9s t\u00e1roljuk biztons\u00e1gosan?"},"content":{"rendered":"\n<div class=\"wp-block-columns is-layout-flex wp-container-core-columns-is-layout-9d6595d7 wp-block-columns-is-layout-flex\">\n  \n  <div class=\"wp-block-column is-layout-flow wp-block-column-is-layout-flow\" style=\"flex-basis:10%\"><\/div>\n  \n\n  \n  <div class=\"wp-block-column is-layout-flow wp-block-column-is-layout-flow\">\n    \n    <h3 class=\"wp-block-heading\">Hogyan lehet hat\u00e9konyan kihaszn\u00e1lni a helyet \u00e9s biztos\u00edtani a biztons\u00e1gos t\u00e1rol\u00e1st?<\/h3>\n    \n\n    \n    <p><strong>Csatlakozzon hozz\u00e1nk november 23-\u00e1n egy ingyenes technikai konferenci\u00e1n a <\/strong><strong>Terminal Hotel \/ Wroc\u0142aw &#8211; <\/strong><strong><a href=\"https:\/\/www.axonmedia.pl\/konferencje\/program\/intralogistyka-magazynowanie-2023-wroclaw\/\">&#8222;Rozwi\u0105zania intralogistyczne i magazynowe&#8221;<\/a><\/strong><\/p>\n    <p>Itt a k\u00fcl\u00f6nb\u00f6z\u0151 ipar\u00e1gak szakemberei \u00e9s szak\u00e9rt\u0151i megosztj\u00e1k a bels\u0151 folyamatok jav\u00edt\u00e1s\u00e1val kapcsolatos tud\u00e1sukat \u00e9s tapasztalataikat, valamint megvitatj\u00e1k a logisztikai m\u0171veleteknek a modern l\u00e9tes\u00edtm\u00e9nyek ig\u00e9nyeihez val\u00f3 igaz\u00edt\u00e1sa sor\u00e1n felmer\u00fcl\u0151 kih\u00edv\u00e1sokat \u00e9s hib\u00e1kat.<\/p>\n    <p>Az Anter System szak\u00e9rt\u0151i a helysz\u00ednen bemutatj\u00e1k, hogyan lehet id\u0151t \u00e9s p\u00e9nzt megtakar\u00edt\u00f3 megold\u00e1sokat alkalmazni. A rugalmas biztons\u00e1gi korl\u00e1tok bemutat\u00f3term\u00e9ben megtal\u00e1lja \u0151ket. <a href=\"https:\/\/antersystem.com\/wiedza-i-nowosci\/bariery-ochronne-z-polimerowych-tworzyw\/\">E kateg\u00f3ria leg\u00fajabb term\u00e9kei<\/a> a nap folyam\u00e1n ker\u00fclnek bemutat\u00e1sra. Ha \u00e9ppen az ell\u00e1t\u00e1si l\u00e1nc \u00fajratervez\u00e9s\u00e9n, a termel\u00e9si elrendez\u00e9s optimaliz\u00e1l\u00e1s\u00e1n vagy a folyamatok automatiz\u00e1l\u00e1s\u00e1n dolgozik &#8211; j\u00f6jj\u00f6n el \u00e9s csatlakozzon hozz\u00e1nk! Besz\u00e9lj\u00fcnk arr\u00f3l, hogyan emelheti a biztons\u00e1gi szabv\u00e1nyokat a l\u00e9tes\u00edtm\u00e9nyeiben, \u00e9s hogyan integr\u00e1lhatja a v\u00e9d\u0151berendez\u00e9seket az \u00e9p\u00fcletautomatiz\u00e1l\u00e1si rendszerekbe. M\u00e9g ha csak most kezdi is felfedezni ezeket a t\u00e9m\u00e1kat, a biztons\u00e1gi korl\u00e1tok \u00e9s az olyan term\u00e9kek, mint a p\u00f3tkocsi\u00e1llv\u00e1nyok seg\u00edthetnek abban, hogy l\u00e1ssa, hogyan n\u00f6velik ezek a fejleszt\u00e9sek a munkahelyi min\u0151s\u00e9get \u00e9s a p\u00e9nz\u00fcgyi hat\u00e9konys\u00e1got.<\/p>\n    <p><strong>A konferencia napirendje<\/strong> a t\u00e9m\u00e1k sz\u00e9les sk\u00e1l\u00e1j\u00e1t <strong>\u00f6leli fel<\/strong>, \u00edgy minden r\u00e9sztvev\u0151 megtal\u00e1lhatja az ig\u00e9nyeihez igaz\u00edtott technol\u00f3giai megold\u00e1sokat.<\/p>\n    <p>Egy nappal kor\u00e1bban, <strong>november 22-\u00e9n,<\/strong> ugyanezen <strong>a helysz\u00ednen<\/strong> ker\u00fcl megrendez\u00e9sre egy m\u00e1sik technikai konferencia &#8211; &#8221; <strong>Megb\u00edzhat\u00f3s\u00e1g \u00e9s karbantart\u00e1s a gy\u00e1rt\u00f3 l\u00e9tes\u00edtm\u00e9nyekben&#8221; -, amelyet<\/strong> a szervez\u0151 Axon Media nev\u00e9ben szint\u00e9n melegen aj\u00e1nlunk.<\/p>\n    <p>&nbsp;<\/p>\n    <p>Hotel Terminal &#8211; Dinamikus Kongresszusi K\u00f6zpont<br>Rakietowa 33<br>54-615 Wroc\u0142aw<\/p>\n    <p>&nbsp;<\/p>\n    \n\n    <div class=\"wp-block-image\">\n    <figure class=\"aligncenter size-large is-resized\"><img loading=\"lazy\" decoding=\"async\" width=\"1024\" height=\"535\" src=\"https:\/\/antersystem.com\/wp-content\/uploads\/Konferencja-Axon-Media-Anter-System-2023-2-1024x535.jpg\" alt=\"Anter System az Axon Media 2023-as technikai konferenci&#xE1;j&#xE1;n\" class=\"wp-image-3540\" style=\"width:714px;height:auto\" srcset=\"https:\/\/antersystem.com\/wp-content\/uploads\/Konferencja-Axon-Media-Anter-System-2023-2-1024x535.jpg 1024w, https:\/\/antersystem.com\/wp-content\/uploads\/Konferencja-Axon-Media-Anter-System-2023-2-300x157.jpg 300w, https:\/\/antersystem.com\/wp-content\/uploads\/Konferencja-Axon-Media-Anter-System-2023-2-768x401.jpg 768w, https:\/\/antersystem.com\/wp-content\/uploads\/Konferencja-Axon-Media-Anter-System-2023-2-450x235.jpg 450w, https:\/\/antersystem.com\/wp-content\/uploads\/Konferencja-Axon-Media-Anter-System-2023-2-330x172.jpg 330w, https:\/\/antersystem.com\/wp-content\/uploads\/Konferencja-Axon-Media-Anter-System-2023-2.jpg 1200w\" sizes=\"auto, (max-width: 1024px) 100vw, 1024px\" \/><\/figure><\/div>\n  <\/div>\n  \n\n  \n  <div class=\"wp-block-column is-layout-flow wp-block-column-is-layout-flow\" style=\"flex-basis:10%\"><\/div>\n  \n<\/div>\n","protected":false},"excerpt":{"rendered":"<p>Hogyan lehet hat\u00e9konyan kihaszn\u00e1lni a helyet \u00e9s biztos\u00edtani a biztons\u00e1gos t\u00e1rol\u00e1st? Csatlakozzon hozz\u00e1nk november 23-\u00e1n egy ingyenes technikai konferenci\u00e1n a Terminal Hotel \/ Wroc\u0142aw &#8211; &#8222;Rozwi\u0105zania intralogistyczne i magazynowe&#8221; Itt a k\u00fcl\u00f6nb\u00f6z\u0151 ipar\u00e1gak szakemberei \u00e9s szak\u00e9rt\u0151i megosztj\u00e1k a bels\u0151 folyamatok jav\u00edt\u00e1s\u00e1val kapcsolatos tud\u00e1sukat \u00e9s tapasztalataikat, valamint megvitatj\u00e1k a logisztikai m\u0171veleteknek a modern l\u00e9tes\u00edtm\u00e9nyek ig\u00e9nyeihez val\u00f3 [&hellip;]<\/p>\n","protected":false},"author":1,"featured_media":0,"parent":30300,"menu_order":0,"comment_status":"closed","ping_status":"closed","template":"","meta":{"inline_featured_image":false,"ngg_post_thumbnail":0,"footnotes":""},"class_list":["post-15636","page","type-page","status-publish","hentry"],"acf":[],"yoast_head":"<!-- This site is optimized with the Yoast SEO plugin v27.0 - https:\/\/yoast.com\/product\/yoast-seo-wordpress\/ -->\n<title>Hogyan haszn\u00e1ljuk ki hat\u00e9konyan a helyet \u00e9s t\u00e1roljuk biztons\u00e1gosan? - Anter System<\/title>\n<meta name=\"description\" content=\"Hogyan lehet hat\u00e9konyan kihaszn\u00e1lni a helyet \u00e9s biztos\u00edtani a biztons\u00e1gos t\u00e1rol\u00e1st? Csatlakozzon hozz\u00e1nk november 23-\u00e1n egy ingyenes technikai\" \/>\n<meta name=\"robots\" content=\"index, follow, max-snippet:-1, max-image-preview:large, max-video-preview:-1\" \/>\n<link rel=\"canonical\" href=\"https:\/\/antersystem.com\/hu\/hirek\/axon-intralogistyka-magazynowanie-2023\/\" \/>\n<meta property=\"og:locale\" content=\"hu_HU\" \/>\n<meta property=\"og:type\" content=\"article\" \/>\n<meta property=\"og:title\" content=\"Hogyan haszn\u00e1ljuk ki hat\u00e9konyan a helyet \u00e9s t\u00e1roljuk biztons\u00e1gosan? - Anter System\" \/>\n<meta property=\"og:description\" content=\"Hogyan lehet hat\u00e9konyan kihaszn\u00e1lni a helyet \u00e9s biztos\u00edtani a biztons\u00e1gos t\u00e1rol\u00e1st? Csatlakozzon hozz\u00e1nk november 23-\u00e1n egy ingyenes technikai\" \/>\n<meta property=\"og:url\" content=\"https:\/\/antersystem.com\/hu\/hirek\/axon-intralogistyka-magazynowanie-2023\/\" \/>\n<meta property=\"og:site_name\" content=\"Anter System\" \/>\n<meta property=\"article:modified_time\" content=\"2026-01-30T13:29:22+00:00\" \/>\n<meta property=\"og:image\" content=\"https:\/\/antersystem.com\/wp-content\/uploads\/Konferencja-Axon-Media-Anter-System-2023-2-1024x535.jpg\" \/>\n<meta name=\"twitter:card\" content=\"summary_large_image\" \/>\n<meta name=\"twitter:label1\" content=\"Becs\u00fclt olvas\u00e1si id\u0151\" \/>\n\t<meta name=\"twitter:data1\" content=\"2 perc\" \/>\n<script type=\"application\/ld+json\" class=\"yoast-schema-graph\">{\"@context\":\"https:\/\/schema.org\",\"@graph\":[{\"@type\":\"WebPage\",\"@id\":\"https:\/\/antersystem.com\/hu\/hirek\/axon-intralogistyka-magazynowanie-2023\/\",\"url\":\"https:\/\/antersystem.com\/hu\/hirek\/axon-intralogistyka-magazynowanie-2023\/\",\"name\":\"Hogyan haszn\u00e1ljuk ki hat\u00e9konyan a helyet \u00e9s t\u00e1roljuk biztons\u00e1gosan? - Anter System\",\"isPartOf\":{\"@id\":\"https:\/\/antersystem.com\/hu\/#website\"},\"primaryImageOfPage\":{\"@id\":\"https:\/\/antersystem.com\/hu\/hirek\/axon-intralogistyka-magazynowanie-2023\/#primaryimage\"},\"image\":{\"@id\":\"https:\/\/antersystem.com\/hu\/hirek\/axon-intralogistyka-magazynowanie-2023\/#primaryimage\"},\"thumbnailUrl\":\"https:\/\/antersystem.com\/wp-content\/uploads\/Konferencja-Axon-Media-Anter-System-2023-2-1024x535.jpg\",\"datePublished\":\"2023-11-15T14:46:20+00:00\",\"dateModified\":\"2026-01-30T13:29:22+00:00\",\"description\":\"Hogyan lehet hat\u00e9konyan kihaszn\u00e1lni a helyet \u00e9s biztos\u00edtani a biztons\u00e1gos t\u00e1rol\u00e1st? Csatlakozzon hozz\u00e1nk november 23-\u00e1n egy ingyenes technikai\",\"breadcrumb\":{\"@id\":\"https:\/\/antersystem.com\/hu\/hirek\/axon-intralogistyka-magazynowanie-2023\/#breadcrumb\"},\"inLanguage\":\"hu\",\"potentialAction\":[{\"@type\":\"ReadAction\",\"target\":[\"https:\/\/antersystem.com\/hu\/hirek\/axon-intralogistyka-magazynowanie-2023\/\"]}]},{\"@type\":\"ImageObject\",\"inLanguage\":\"hu\",\"@id\":\"https:\/\/antersystem.com\/hu\/hirek\/axon-intralogistyka-magazynowanie-2023\/#primaryimage\",\"url\":\"https:\/\/antersystem.com\/wp-content\/uploads\/Konferencja-Axon-Media-Anter-System-2023-2-1024x535.jpg\",\"contentUrl\":\"https:\/\/antersystem.com\/wp-content\/uploads\/Konferencja-Axon-Media-Anter-System-2023-2-1024x535.jpg\"},{\"@type\":\"BreadcrumbList\",\"@id\":\"https:\/\/antersystem.com\/hu\/hirek\/axon-intralogistyka-magazynowanie-2023\/#breadcrumb\",\"itemListElement\":[{\"@type\":\"ListItem\",\"position\":1,\"name\":\"AnterSystem\",\"item\":\"https:\/\/antersystem.com\/hu\/\"},{\"@type\":\"ListItem\",\"position\":2,\"name\":\"H\u00edrek\",\"item\":\"https:\/\/antersystem.com\/hu\/hirek\/\"},{\"@type\":\"ListItem\",\"position\":3,\"name\":\"Hogyan haszn\u00e1ljuk ki hat\u00e9konyan a helyet \u00e9s t\u00e1roljuk biztons\u00e1gosan?\"}]},{\"@type\":\"WebSite\",\"@id\":\"https:\/\/antersystem.com\/hu\/#website\",\"url\":\"https:\/\/antersystem.com\/hu\/\",\"name\":\"Anter System\",\"description\":\"Jeste\u015bmy polskim producentem elastycznych barier ochronnych wykonywanych z polimerowych tworzyw sztucznych. Na rynku krajowym i zagranicznym dzia\u0142amy od ponad 15 lat dbaj\u0105c o zapewnienie bezpiecze\u0144stwa w zak\u0142adach produkcyjnych, magazynach oraz centrach logistycznych.\",\"potentialAction\":[{\"@type\":\"SearchAction\",\"target\":{\"@type\":\"EntryPoint\",\"urlTemplate\":\"https:\/\/antersystem.com\/hu\/?s={search_term_string}\"},\"query-input\":{\"@type\":\"PropertyValueSpecification\",\"valueRequired\":true,\"valueName\":\"search_term_string\"}}],\"inLanguage\":\"hu\"}]}<\/script>\n<!-- \/ Yoast SEO plugin. -->","yoast_head_json":{"title":"Hogyan haszn\u00e1ljuk ki hat\u00e9konyan a helyet \u00e9s t\u00e1roljuk biztons\u00e1gosan? - Anter System","description":"Hogyan lehet hat\u00e9konyan kihaszn\u00e1lni a helyet \u00e9s biztos\u00edtani a biztons\u00e1gos t\u00e1rol\u00e1st? Csatlakozzon hozz\u00e1nk november 23-\u00e1n egy ingyenes technikai","robots":{"index":"index","follow":"follow","max-snippet":"max-snippet:-1","max-image-preview":"max-image-preview:large","max-video-preview":"max-video-preview:-1"},"canonical":"https:\/\/antersystem.com\/hu\/hirek\/axon-intralogistyka-magazynowanie-2023\/","og_locale":"hu_HU","og_type":"article","og_title":"Hogyan haszn\u00e1ljuk ki hat\u00e9konyan a helyet \u00e9s t\u00e1roljuk biztons\u00e1gosan? - Anter System","og_description":"Hogyan lehet hat\u00e9konyan kihaszn\u00e1lni a helyet \u00e9s biztos\u00edtani a biztons\u00e1gos t\u00e1rol\u00e1st? Csatlakozzon hozz\u00e1nk november 23-\u00e1n egy ingyenes technikai","og_url":"https:\/\/antersystem.com\/hu\/hirek\/axon-intralogistyka-magazynowanie-2023\/","og_site_name":"Anter System","article_modified_time":"2026-01-30T13:29:22+00:00","og_image":[{"url":"https:\/\/antersystem.com\/wp-content\/uploads\/Konferencja-Axon-Media-Anter-System-2023-2-1024x535.jpg","type":"","width":"","height":""}],"twitter_card":"summary_large_image","twitter_misc":{"Becs\u00fclt olvas\u00e1si id\u0151":"2 perc"},"schema":{"@context":"https:\/\/schema.org","@graph":[{"@type":"WebPage","@id":"https:\/\/antersystem.com\/hu\/hirek\/axon-intralogistyka-magazynowanie-2023\/","url":"https:\/\/antersystem.com\/hu\/hirek\/axon-intralogistyka-magazynowanie-2023\/","name":"Hogyan haszn\u00e1ljuk ki hat\u00e9konyan a helyet \u00e9s t\u00e1roljuk biztons\u00e1gosan? - Anter System","isPartOf":{"@id":"https:\/\/antersystem.com\/hu\/#website"},"primaryImageOfPage":{"@id":"https:\/\/antersystem.com\/hu\/hirek\/axon-intralogistyka-magazynowanie-2023\/#primaryimage"},"image":{"@id":"https:\/\/antersystem.com\/hu\/hirek\/axon-intralogistyka-magazynowanie-2023\/#primaryimage"},"thumbnailUrl":"https:\/\/antersystem.com\/wp-content\/uploads\/Konferencja-Axon-Media-Anter-System-2023-2-1024x535.jpg","datePublished":"2023-11-15T14:46:20+00:00","dateModified":"2026-01-30T13:29:22+00:00","description":"Hogyan lehet hat\u00e9konyan kihaszn\u00e1lni a helyet \u00e9s biztos\u00edtani a biztons\u00e1gos t\u00e1rol\u00e1st? Csatlakozzon hozz\u00e1nk november 23-\u00e1n egy ingyenes technikai","breadcrumb":{"@id":"https:\/\/antersystem.com\/hu\/hirek\/axon-intralogistyka-magazynowanie-2023\/#breadcrumb"},"inLanguage":"hu","potentialAction":[{"@type":"ReadAction","target":["https:\/\/antersystem.com\/hu\/hirek\/axon-intralogistyka-magazynowanie-2023\/"]}]},{"@type":"ImageObject","inLanguage":"hu","@id":"https:\/\/antersystem.com\/hu\/hirek\/axon-intralogistyka-magazynowanie-2023\/#primaryimage","url":"https:\/\/antersystem.com\/wp-content\/uploads\/Konferencja-Axon-Media-Anter-System-2023-2-1024x535.jpg","contentUrl":"https:\/\/antersystem.com\/wp-content\/uploads\/Konferencja-Axon-Media-Anter-System-2023-2-1024x535.jpg"},{"@type":"BreadcrumbList","@id":"https:\/\/antersystem.com\/hu\/hirek\/axon-intralogistyka-magazynowanie-2023\/#breadcrumb","itemListElement":[{"@type":"ListItem","position":1,"name":"AnterSystem","item":"https:\/\/antersystem.com\/hu\/"},{"@type":"ListItem","position":2,"name":"H\u00edrek","item":"https:\/\/antersystem.com\/hu\/hirek\/"},{"@type":"ListItem","position":3,"name":"Hogyan haszn\u00e1ljuk ki hat\u00e9konyan a helyet \u00e9s t\u00e1roljuk biztons\u00e1gosan?"}]},{"@type":"WebSite","@id":"https:\/\/antersystem.com\/hu\/#website","url":"https:\/\/antersystem.com\/hu\/","name":"Anter System","description":"Jeste\u015bmy polskim producentem elastycznych barier ochronnych wykonywanych z polimerowych tworzyw sztucznych. Na rynku krajowym i zagranicznym dzia\u0142amy od ponad 15 lat dbaj\u0105c o zapewnienie bezpiecze\u0144stwa w zak\u0142adach produkcyjnych, magazynach oraz centrach logistycznych.","potentialAction":[{"@type":"SearchAction","target":{"@type":"EntryPoint","urlTemplate":"https:\/\/antersystem.com\/hu\/?s={search_term_string}"},"query-input":{"@type":"PropertyValueSpecification","valueRequired":true,"valueName":"search_term_string"}}],"inLanguage":"hu"}]}},"_links":{"self":[{"href":"https:\/\/antersystem.com\/hu\/wp-json\/wp\/v2\/pages\/15636","targetHints":{"allow":["GET"]}}],"collection":[{"href":"https:\/\/antersystem.com\/hu\/wp-json\/wp\/v2\/pages"}],"about":[{"href":"https:\/\/antersystem.com\/hu\/wp-json\/wp\/v2\/types\/page"}],"author":[{"embeddable":true,"href":"https:\/\/antersystem.com\/hu\/wp-json\/wp\/v2\/users\/1"}],"replies":[{"embeddable":true,"href":"https:\/\/antersystem.com\/hu\/wp-json\/wp\/v2\/comments?post=15636"}],"version-history":[{"count":1,"href":"https:\/\/antersystem.com\/hu\/wp-json\/wp\/v2\/pages\/15636\/revisions"}],"predecessor-version":[{"id":15641,"href":"https:\/\/antersystem.com\/hu\/wp-json\/wp\/v2\/pages\/15636\/revisions\/15641"}],"up":[{"embeddable":true,"href":"https:\/\/antersystem.com\/hu\/wp-json\/wp\/v2\/pages\/30300"}],"wp:attachment":[{"href":"https:\/\/antersystem.com\/hu\/wp-json\/wp\/v2\/media?parent=15636"}],"curies":[{"name":"wp","href":"https:\/\/api.w.org\/{rel}","templated":true}]}}