{"id":30174,"date":"2023-11-22T10:15:28","date_gmt":"2023-11-22T09:15:28","guid":{"rendered":"https:\/\/new.antersystem.com\/big-5-global-2023\/"},"modified":"2026-01-30T14:29:22","modified_gmt":"2026-01-30T13:29:22","slug":"big-5-global-2023","status":"publish","type":"page","link":"https:\/\/antersystem.com\/hu\/hirek\/big-5-global-2023\/","title":{"rendered":"Anter System a Big 5 Global&#8217;23-on"},"content":{"rendered":"\n<div class=\"wp-block-columns is-layout-flex wp-container-core-columns-is-layout-9d6595d7 wp-block-columns-is-layout-flex\">\n<div class=\"wp-block-column is-layout-flow wp-block-column-is-layout-flow\" style=\"flex-basis:10%\"><\/div>\n\n\n\n<div class=\"wp-block-column is-layout-flow wp-block-column-is-layout-flow\">\n<h3 class=\"wp-block-heading\"><strong>Anter System a dubaji Lengyel Befektet\u00e9si \u00e9s Kereskedelmi \u00dcgyn\u00f6ks\u00e9ggel egy\u00fcttm\u0171k\u00f6dve<\/strong><\/h3>\n\n\n\n<p>Egyre ink\u00e1bb magunk\u00e9v\u00e1 tett\u00fck a digitaliz\u00e1ci\u00f3t \u00e9s a dolgok internet\u00e9t. A dokumentumok digit\u00e1lis terjeszt\u00e9se \u00e9s a GPS sz\u00e9lesk\u00f6r\u0171 haszn\u00e1lata m\u00e1ra \u00e1ltal\u00e1noss\u00e1 v\u00e1lt. Az \u00faj technol\u00f3gi\u00e1kon t\u00fal azonban a nemzetk\u00f6zi partners\u00e9gek \u00e9s a t\u00e1voli piacokra val\u00f3 bel\u00e9p\u00e9s is az ismeretlen felfedez\u00e9s\u00e9nek m\u00f3dja. Mit tudunk val\u00f3j\u00e1ban a k\u00f6zel-keleti piacokr\u00f3l? Mennyire ismeri a glob\u00e1lis ipar a lengyel v\u00e1llalatok specialit\u00e1sait?<\/p>\n\n\n\n<p>Mindj\u00e1rt megtudjuk! Rugalmas biztons\u00e1gi korl\u00e1tok gy\u00e1rt\u00f3jak\u00e9nt elfogadtuk a PAIH megh\u00edv\u00e1s\u00e1t, hogy r\u00e9szt vegy\u00fcnk a Big 5 Global 2023 \u00e9p\u00edt\u0151ipari v\u00e1s\u00e1ron. Az esem\u00e9nyre 2023. december 4-7. k\u00f6z\u00f6tt ker\u00fcl sor Dubaiban (Egyes\u00fclt Arab Em\u00edrs\u00e9gek).<\/p>\n\n\n\n<h4 class=\"wp-block-heading\">Big 5 Global<\/h4>\n\n\n\n<p>A <a href=\"https:\/\/www.big5global.com\/\">Big 5 Global szakv\u00e1s\u00e1r<\/a> a glob\u00e1lis \u00e9p\u00edt\u0151ipari \u00e9s infrastruktur\u00e1lis ipar\u00e1g egyik legfontosabb esem\u00e9nye. Az el\u0151z\u0151 kiad\u00e1son 150 orsz\u00e1gb\u00f3l 2200 ki\u00e1ll\u00edt\u00f3 \u00e9s t\u00f6bb mint 68 000 l\u00e1togat\u00f3 vett r\u00e9szt. Az esem\u00e9ny sz\u00e1mos tov\u00e1bbi kezdem\u00e9nyez\u00e9st, konferenci\u00e1t \u00e9s tematikus \u00fcl\u00e9st is tartalmaz.<\/p>\n\n\n\n<p>Nagy \u00f6r\u00f6m\u00fcnkre szolg\u00e1l, hogy lehet\u0151s\u00e9g\u00fcnk ny\u00edlik a lengyel term\u00e9keket \u00e9s szolg\u00e1ltat\u00e1sokat a potenci\u00e1lis \u00fcgyfelek sz\u00e9les k\u00f6z\u00f6ns\u00e9g\u00e9nek bemutatni. Megtisztel\u0151nek \u00e9rezz\u00fck a Lengyel Beruh\u00e1z\u00e1si \u00e9s Kereskedelmi \u00dcgyn\u00f6ks\u00e9g v\u00e1lasz\u00e1t. Az Anter System, mint biztons\u00e1gi rendszerekre szakosodott v\u00e1llalat, az alap\u00edt\u00f3k e ter\u00fcleten szerzett sz\u00e9les k\u00f6r\u0171 tapasztalat\u00e1ra \u00e9p\u00fcl. Fejleszt\u00e9s\u00fcnk egyik sarokk\u00f6ve, hogy tan\u00e1csad\u00e1st ny\u00fajtunk azzal kapcsolatban, hogy milyen megold\u00e1sokkal lehet jav\u00edtani a munka min\u0151s\u00e9g\u00e9t \u00e9s biztons\u00e1g\u00e1t. \u00dagy v\u00e9lj\u00fck, hogy a rugalmas biztons\u00e1gi korl\u00e1tok seg\u00edts\u00e9g\u00e9vel t\u00f6rt\u00e9n\u0151 t\u00e9rszervez\u00e9s k\u00e9pess\u00e9ge komoly el\u0151nyt jelent a versenypiacon.<\/p>\n\n\n\n<p>Megh\u00edvjuk \u00d6nt, hogy l\u00e1togasson el standunkra \u00e9s ossza meg vel\u00fcnk \u00f6tleteit!<\/p>\n<\/div>\n\n\n\n<div class=\"wp-block-column is-layout-flow wp-block-column-is-layout-flow\" style=\"flex-basis:10%\"><\/div>\n<\/div>\n\n<p><\/p>\n<div class=\"wp-block-image\">\n<figure class=\"aligncenter size-large is-resized\"><img loading=\"lazy\" decoding=\"async\" width=\"1024\" height=\"535\" src=\"https:\/\/antersystem.com\/wp-content\/uploads\/4-7-December-2023-Dubai-World-Trade-Centre-1-1024x535.jpg\" alt=\"\" class=\"wp-image-3635\" style=\"width:720px;height:auto\" srcset=\"https:\/\/antersystem.com\/wp-content\/uploads\/4-7-December-2023-Dubai-World-Trade-Centre-1-1024x535.jpg 1024w, https:\/\/antersystem.com\/wp-content\/uploads\/4-7-December-2023-Dubai-World-Trade-Centre-1-300x157.jpg 300w, https:\/\/antersystem.com\/wp-content\/uploads\/4-7-December-2023-Dubai-World-Trade-Centre-1-768x401.jpg 768w, https:\/\/antersystem.com\/wp-content\/uploads\/4-7-December-2023-Dubai-World-Trade-Centre-1-450x235.jpg 450w, https:\/\/antersystem.com\/wp-content\/uploads\/4-7-December-2023-Dubai-World-Trade-Centre-1-330x172.jpg 330w, https:\/\/antersystem.com\/wp-content\/uploads\/4-7-December-2023-Dubai-World-Trade-Centre-1.jpg 1200w\" sizes=\"auto, (max-width: 1024px) 100vw, 1024px\" \/><\/figure><\/div>","protected":false},"excerpt":{"rendered":"<p>Anter System a dubaji Lengyel Befektet\u00e9si \u00e9s Kereskedelmi \u00dcgyn\u00f6ks\u00e9ggel egy\u00fcttm\u0171k\u00f6dve Egyre ink\u00e1bb magunk\u00e9v\u00e1 tett\u00fck a digitaliz\u00e1ci\u00f3t \u00e9s a dolgok internet\u00e9t. A dokumentumok digit\u00e1lis terjeszt\u00e9se \u00e9s a GPS sz\u00e9lesk\u00f6r\u0171 haszn\u00e1lata m\u00e1ra \u00e1ltal\u00e1noss\u00e1 v\u00e1lt. Az \u00faj technol\u00f3gi\u00e1kon t\u00fal azonban a nemzetk\u00f6zi partners\u00e9gek \u00e9s a t\u00e1voli piacokra val\u00f3 bel\u00e9p\u00e9s is az ismeretlen felfedez\u00e9s\u00e9nek m\u00f3dja. Mit tudunk val\u00f3j\u00e1ban a [&hellip;]<\/p>\n","protected":false},"author":1,"featured_media":0,"parent":30300,"menu_order":0,"comment_status":"closed","ping_status":"closed","template":"","meta":{"inline_featured_image":false,"ngg_post_thumbnail":0,"footnotes":""},"class_list":["post-30174","page","type-page","status-publish","hentry"],"acf":[],"yoast_head":"<!-- This site is optimized with the Yoast SEO plugin v27.0 - https:\/\/yoast.com\/product\/yoast-seo-wordpress\/ -->\n<title>Anter System a Big 5 Global&#039;23-on - Anter System<\/title>\n<meta name=\"description\" content=\"Jako producent elastycznych barier ochronnych przyj\u0119li\u015bmy zaproszenie PAIH do udzia\u0142u w targach budowlanych Big 5 Global 2023.\" \/>\n<meta name=\"robots\" content=\"index, follow, max-snippet:-1, max-image-preview:large, max-video-preview:-1\" \/>\n<link rel=\"canonical\" href=\"https:\/\/antersystem.com\/hu\/hirek\/big-5-global-2023\/\" \/>\n<meta property=\"og:locale\" content=\"hu_HU\" \/>\n<meta property=\"og:type\" content=\"article\" \/>\n<meta property=\"og:title\" content=\"Anter System a Big 5 Global&#039;23-on - Anter System\" \/>\n<meta property=\"og:description\" content=\"Jako producent elastycznych barier ochronnych przyj\u0119li\u015bmy zaproszenie PAIH do udzia\u0142u w targach budowlanych Big 5 Global 2023.\" \/>\n<meta property=\"og:url\" content=\"https:\/\/antersystem.com\/hu\/hirek\/big-5-global-2023\/\" \/>\n<meta property=\"og:site_name\" content=\"Anter System\" \/>\n<meta property=\"article:modified_time\" content=\"2026-01-30T13:29:22+00:00\" \/>\n<meta property=\"og:image\" content=\"https:\/\/antersystem.com\/wp-content\/uploads\/4-7-December-2023-Dubai-World-Trade-Centre-1-1024x535.jpg\" \/>\n<meta name=\"twitter:card\" content=\"summary_large_image\" \/>\n<meta name=\"twitter:label1\" content=\"Becs\u00fclt olvas\u00e1si id\u0151\" \/>\n\t<meta name=\"twitter:data1\" content=\"2 perc\" \/>\n<script type=\"application\/ld+json\" class=\"yoast-schema-graph\">{\"@context\":\"https:\/\/schema.org\",\"@graph\":[{\"@type\":\"WebPage\",\"@id\":\"https:\/\/antersystem.com\/hu\/hirek\/big-5-global-2023\/\",\"url\":\"https:\/\/antersystem.com\/hu\/hirek\/big-5-global-2023\/\",\"name\":\"Anter System a Big 5 Global'23-on - Anter System\",\"isPartOf\":{\"@id\":\"https:\/\/antersystem.com\/hu\/#website\"},\"primaryImageOfPage\":{\"@id\":\"https:\/\/antersystem.com\/hu\/hirek\/big-5-global-2023\/#primaryimage\"},\"image\":{\"@id\":\"https:\/\/antersystem.com\/hu\/hirek\/big-5-global-2023\/#primaryimage\"},\"thumbnailUrl\":\"https:\/\/antersystem.com\/wp-content\/uploads\/4-7-December-2023-Dubai-World-Trade-Centre-1-1024x535.jpg\",\"datePublished\":\"2023-11-22T09:15:28+00:00\",\"dateModified\":\"2026-01-30T13:29:22+00:00\",\"description\":\"Jako producent elastycznych barier ochronnych przyj\u0119li\u015bmy zaproszenie PAIH do udzia\u0142u w targach budowlanych Big 5 Global 2023.\",\"breadcrumb\":{\"@id\":\"https:\/\/antersystem.com\/hu\/hirek\/big-5-global-2023\/#breadcrumb\"},\"inLanguage\":\"hu\",\"potentialAction\":[{\"@type\":\"ReadAction\",\"target\":[\"https:\/\/antersystem.com\/hu\/hirek\/big-5-global-2023\/\"]}]},{\"@type\":\"ImageObject\",\"inLanguage\":\"hu\",\"@id\":\"https:\/\/antersystem.com\/hu\/hirek\/big-5-global-2023\/#primaryimage\",\"url\":\"https:\/\/antersystem.com\/wp-content\/uploads\/4-7-December-2023-Dubai-World-Trade-Centre-1-1024x535.jpg\",\"contentUrl\":\"https:\/\/antersystem.com\/wp-content\/uploads\/4-7-December-2023-Dubai-World-Trade-Centre-1-1024x535.jpg\"},{\"@type\":\"BreadcrumbList\",\"@id\":\"https:\/\/antersystem.com\/hu\/hirek\/big-5-global-2023\/#breadcrumb\",\"itemListElement\":[{\"@type\":\"ListItem\",\"position\":1,\"name\":\"AnterSystem\",\"item\":\"https:\/\/antersystem.com\/hu\/\"},{\"@type\":\"ListItem\",\"position\":2,\"name\":\"H\u00edrek\",\"item\":\"https:\/\/antersystem.com\/hu\/hirek\/\"},{\"@type\":\"ListItem\",\"position\":3,\"name\":\"Anter System a Big 5 Global&#8217;23-on\"}]},{\"@type\":\"WebSite\",\"@id\":\"https:\/\/antersystem.com\/hu\/#website\",\"url\":\"https:\/\/antersystem.com\/hu\/\",\"name\":\"Anter System\",\"description\":\"Jeste\u015bmy polskim producentem elastycznych barier ochronnych wykonywanych z polimerowych tworzyw sztucznych. Na rynku krajowym i zagranicznym dzia\u0142amy od ponad 15 lat dbaj\u0105c o zapewnienie bezpiecze\u0144stwa w zak\u0142adach produkcyjnych, magazynach oraz centrach logistycznych.\",\"potentialAction\":[{\"@type\":\"SearchAction\",\"target\":{\"@type\":\"EntryPoint\",\"urlTemplate\":\"https:\/\/antersystem.com\/hu\/?s={search_term_string}\"},\"query-input\":{\"@type\":\"PropertyValueSpecification\",\"valueRequired\":true,\"valueName\":\"search_term_string\"}}],\"inLanguage\":\"hu\"}]}<\/script>\n<!-- \/ Yoast SEO plugin. -->","yoast_head_json":{"title":"Anter System a Big 5 Global'23-on - Anter System","description":"Jako producent elastycznych barier ochronnych przyj\u0119li\u015bmy zaproszenie PAIH do udzia\u0142u w targach budowlanych Big 5 Global 2023.","robots":{"index":"index","follow":"follow","max-snippet":"max-snippet:-1","max-image-preview":"max-image-preview:large","max-video-preview":"max-video-preview:-1"},"canonical":"https:\/\/antersystem.com\/hu\/hirek\/big-5-global-2023\/","og_locale":"hu_HU","og_type":"article","og_title":"Anter System a Big 5 Global'23-on - Anter System","og_description":"Jako producent elastycznych barier ochronnych przyj\u0119li\u015bmy zaproszenie PAIH do udzia\u0142u w targach budowlanych Big 5 Global 2023.","og_url":"https:\/\/antersystem.com\/hu\/hirek\/big-5-global-2023\/","og_site_name":"Anter System","article_modified_time":"2026-01-30T13:29:22+00:00","og_image":[{"url":"https:\/\/antersystem.com\/wp-content\/uploads\/4-7-December-2023-Dubai-World-Trade-Centre-1-1024x535.jpg","type":"","width":"","height":""}],"twitter_card":"summary_large_image","twitter_misc":{"Becs\u00fclt olvas\u00e1si id\u0151":"2 perc"},"schema":{"@context":"https:\/\/schema.org","@graph":[{"@type":"WebPage","@id":"https:\/\/antersystem.com\/hu\/hirek\/big-5-global-2023\/","url":"https:\/\/antersystem.com\/hu\/hirek\/big-5-global-2023\/","name":"Anter System a Big 5 Global'23-on - Anter System","isPartOf":{"@id":"https:\/\/antersystem.com\/hu\/#website"},"primaryImageOfPage":{"@id":"https:\/\/antersystem.com\/hu\/hirek\/big-5-global-2023\/#primaryimage"},"image":{"@id":"https:\/\/antersystem.com\/hu\/hirek\/big-5-global-2023\/#primaryimage"},"thumbnailUrl":"https:\/\/antersystem.com\/wp-content\/uploads\/4-7-December-2023-Dubai-World-Trade-Centre-1-1024x535.jpg","datePublished":"2023-11-22T09:15:28+00:00","dateModified":"2026-01-30T13:29:22+00:00","description":"Jako producent elastycznych barier ochronnych przyj\u0119li\u015bmy zaproszenie PAIH do udzia\u0142u w targach budowlanych Big 5 Global 2023.","breadcrumb":{"@id":"https:\/\/antersystem.com\/hu\/hirek\/big-5-global-2023\/#breadcrumb"},"inLanguage":"hu","potentialAction":[{"@type":"ReadAction","target":["https:\/\/antersystem.com\/hu\/hirek\/big-5-global-2023\/"]}]},{"@type":"ImageObject","inLanguage":"hu","@id":"https:\/\/antersystem.com\/hu\/hirek\/big-5-global-2023\/#primaryimage","url":"https:\/\/antersystem.com\/wp-content\/uploads\/4-7-December-2023-Dubai-World-Trade-Centre-1-1024x535.jpg","contentUrl":"https:\/\/antersystem.com\/wp-content\/uploads\/4-7-December-2023-Dubai-World-Trade-Centre-1-1024x535.jpg"},{"@type":"BreadcrumbList","@id":"https:\/\/antersystem.com\/hu\/hirek\/big-5-global-2023\/#breadcrumb","itemListElement":[{"@type":"ListItem","position":1,"name":"AnterSystem","item":"https:\/\/antersystem.com\/hu\/"},{"@type":"ListItem","position":2,"name":"H\u00edrek","item":"https:\/\/antersystem.com\/hu\/hirek\/"},{"@type":"ListItem","position":3,"name":"Anter System a Big 5 Global&#8217;23-on"}]},{"@type":"WebSite","@id":"https:\/\/antersystem.com\/hu\/#website","url":"https:\/\/antersystem.com\/hu\/","name":"Anter System","description":"Jeste\u015bmy polskim producentem elastycznych barier ochronnych wykonywanych z polimerowych tworzyw sztucznych. Na rynku krajowym i zagranicznym dzia\u0142amy od ponad 15 lat dbaj\u0105c o zapewnienie bezpiecze\u0144stwa w zak\u0142adach produkcyjnych, magazynach oraz centrach logistycznych.","potentialAction":[{"@type":"SearchAction","target":{"@type":"EntryPoint","urlTemplate":"https:\/\/antersystem.com\/hu\/?s={search_term_string}"},"query-input":{"@type":"PropertyValueSpecification","valueRequired":true,"valueName":"search_term_string"}}],"inLanguage":"hu"}]}},"_links":{"self":[{"href":"https:\/\/antersystem.com\/hu\/wp-json\/wp\/v2\/pages\/30174","targetHints":{"allow":["GET"]}}],"collection":[{"href":"https:\/\/antersystem.com\/hu\/wp-json\/wp\/v2\/pages"}],"about":[{"href":"https:\/\/antersystem.com\/hu\/wp-json\/wp\/v2\/types\/page"}],"author":[{"embeddable":true,"href":"https:\/\/antersystem.com\/hu\/wp-json\/wp\/v2\/users\/1"}],"replies":[{"embeddable":true,"href":"https:\/\/antersystem.com\/hu\/wp-json\/wp\/v2\/comments?post=30174"}],"version-history":[{"count":1,"href":"https:\/\/antersystem.com\/hu\/wp-json\/wp\/v2\/pages\/30174\/revisions"}],"predecessor-version":[{"id":30176,"href":"https:\/\/antersystem.com\/hu\/wp-json\/wp\/v2\/pages\/30174\/revisions\/30176"}],"up":[{"embeddable":true,"href":"https:\/\/antersystem.com\/hu\/wp-json\/wp\/v2\/pages\/30300"}],"wp:attachment":[{"href":"https:\/\/antersystem.com\/hu\/wp-json\/wp\/v2\/media?parent=30174"}],"curies":[{"name":"wp","href":"https:\/\/api.w.org\/{rel}","templated":true}]}}