{"id":30699,"date":"2024-02-15T10:41:35","date_gmt":"2024-02-15T09:41:35","guid":{"rendered":"https:\/\/new.antersystem.com\/hirek\/logimat-2024\/"},"modified":"2026-01-30T14:35:46","modified_gmt":"2026-01-30T13:35:46","slug":"logimat-2024","status":"publish","type":"page","link":"https:\/\/antersystem.com\/hu\/hirek\/logimat-2024\/","title":{"rendered":"LogiMAT 2024"},"content":{"rendered":"\n<div class=\"wp-block-columns is-layout-flex wp-container-core-columns-is-layout-9d6595d7 wp-block-columns-is-layout-flex\">\n  \n  <div class=\"wp-block-column is-layout-flow wp-block-column-is-layout-flow\" style=\"flex-basis:10%\"><\/div>\n  \n\n  \n  <div class=\"wp-block-column is-layout-flow wp-block-column-is-layout-flow\">\n    \n    <h3 class=\"wp-block-heading\">Megh\u00edv\u00f3 a LogiMAT-ra!<\/h3>\n    \n\n    \n    <p>Alig egy h\u00f3nap m\u00falva <strong>kezd\u0151dik<\/strong> Stuttgartban a nemzetk\u00f6zi <strong>LogiMAT szakv\u00e1s\u00e1r<\/strong>. <strong>M\u00e1rcius 19-21.<\/strong> k\u00f6z\u00f6tt bemutatjuk a rakt\u00e1rak \u00e9s logisztikai k\u00f6zpontok biztons\u00e1g\u00e1t n\u00f6vel\u0151 rendszereinket. Az esem\u00e9ny megh\u00edvja \u00d6nt, hogy fedezze fel a felt\u00f6rekv\u0151 ipar\u00e1gi trendeket \u00e9s a legmodernebb term\u00e9keket. Az idei \u00fczleti platform f\u0151 t\u00e9m\u00e1ja: <strong>A V\u00c1LTOZ\u00c1S K\u00d6Z\u00d6S ALAK\u00cdT\u00c1SA.<\/strong><\/p>\n    \n\n    \n    <h4 class=\"wp-block-heading\"><strong>Mire sz\u00e1m\u00edthat a LogiMAT 2024-en?<\/strong><\/h4>\n    \n\n    \n    <p><strong>A LogiMAT 2024-<\/strong> en a glob\u00e1lis \u00e9s eur\u00f3pai premierek mellett az ipar\u00e1gi szakemberek az intralogisztikai munkafolyamatok optimaliz\u00e1l\u00e1s\u00e1ra tervezett \u00faj \u00e9s tov\u00e1bbfejlesztett megold\u00e1sok sz\u00e9les sk\u00e1l\u00e1j\u00e1t <strong>fedezhetik<\/strong> fel. Id\u00e9n <strong>a rakt\u00e1ri mobilit\u00e1s lesz<\/strong> a k\u00f6zponti t\u00e9ma, amelyet a k\u00fcl\u00f6nb\u00f6z\u0151 ki\u00e1ll\u00edt\u00f3k \u00e1ltal bemutatott term\u00e9kek \u00e9s megold\u00e1sok emelnek ki &#8211; a g\u00e9p- \u00e9s berendez\u00e9sgy\u00e1rt\u00f3kt\u00f3l kezdve az auton\u00f3m mobil robotok (AMR) fejleszt\u0151in \u00e1t a targoncagy\u00e1rt\u00f3kig \u00e9s a hozz\u00e1nk hasonl\u00f3 c\u00e9gekig &#8211; <a href=\"https:\/\/antersystem.com\/produkty\/\">a mobil \u00e9s rugalmas biztons\u00e1gi korl\u00e1tok gy\u00e1rt\u00f3iig .<\/a><\/p>\n    \n\n    \n    <p>Az esem\u00e9nyre jegyek itt foglalhat\u00f3k: <a href=\"https:\/\/www.logimat-messe.de\/en\"><strong>logimat-messe.de\/en<\/strong><\/a><\/p>\n    \n\n    \n    <p><em>&#8222;A ki\u00e1ll\u00edt\u00f3k \u00e1ltal Stuttgartba hozott innov\u00e1ci\u00f3k teljes spektrum\u00e1val a LogiMAT 2024 t\u00fckr\u00f6zi a teljes intralogisztikai \u00e1gazatot alak\u00edt\u00f3 aktu\u00e1lis trendeket&#8221; &#8211; foglalja \u00f6ssze<\/em> Michael <strong>Ruchty<\/strong><em>ki\u00e1ll\u00edt\u00e1sigazgat\u00f3.<\/em> <em>&#8222;A LogiMAT lehet\u0151s\u00e9get ad a szakembereknek, hogy felfedezz\u00e9k azokat az \u00e9lvonalbeli megold\u00e1sokat, amelyek az elk\u00f6vetkez\u0151 \u00e9vekben meghat\u00e1rozz\u00e1k az ipar\u00e1gat.&#8221;<\/em><\/p>\n    \n\n    \n    <h4 class=\"wp-block-heading\"><strong>A tud\u00e1s megoszt\u00e1sa<\/strong><\/h4>\n    \n\n    \n    <p>Szak\u00e9rt\u0151i megold\u00e1sokat k\u00edn\u00e1lunk a munkahelyi biztons\u00e1g meger\u0151s\u00edt\u00e9s\u00e9hez az \u00d6n v\u00e1llalkoz\u00e1s\u00e1ban. Ha \u00e9rdekli a kapcsolatfelv\u00e9tel, sz\u00edvesen tal\u00e1lkozunk, \u00e9s r\u00e9szletesen megbesz\u00e9lj\u00fck a konkr\u00e9t lehet\u0151s\u00e9geket. L\u00e1togasson el hozz\u00e1nk <strong>a 9. csarnok 9A17-es standj\u00e1n.<\/strong> Tov\u00e1bbra is k\u00edn\u00e1lunk <strong>ingyenes helysz\u00edni biztons\u00e1gi auditot<\/strong>, amely a munkater\u00fcletek stabilit\u00e1s\u00e1nak \u00e9s megb\u00edzhat\u00f3s\u00e1g\u00e1nak jav\u00edt\u00e1s\u00e1ra <strong>\u00f6sszpontos\u00edt<\/strong> &#8211; ha a saj\u00e1tj\u00e1t szeretn\u00e9 be\u00fctemezni, h\u00edvjon minket a k\u00f6vetkez\u0151 telefonsz\u00e1mon <a href=\"tel:+48%20606%20116%20171\"><strong>+48 606 116 171<\/strong><\/a>.<\/p>\n    \n\n    \n    <hr class=\"wp-block-separator has-text-color has-white-color has-alpha-channel-opacity has-white-background-color has-background is-style-default\"\/>\n    \n  <\/div>\n  \n\n  \n  <div class=\"wp-block-column is-layout-flow wp-block-column-is-layout-flow\" style=\"flex-basis:10%\"><\/div>\n  \n<\/div>\n<div class=\"wp-block-image\">\n<figure class=\"aligncenter size-large is-resized\"><img loading=\"lazy\" decoding=\"async\" width=\"1024\" height=\"535\" src=\"https:\/\/antersystem.com\/wp-content\/uploads\/Logimat2024-Anter-System-invitation-2-1024x535.jpg\" alt=\"Anter System a LogiMAT 2024 megh&#xED;v&#xF3;n\" class=\"wp-image-4227\" style=\"width:720px;height:auto\" srcset=\"https:\/\/antersystem.com\/wp-content\/uploads\/Logimat2024-Anter-System-invitation-2-1024x535.jpg 1024w, https:\/\/antersystem.com\/wp-content\/uploads\/Logimat2024-Anter-System-invitation-2-300x157.jpg 300w, https:\/\/antersystem.com\/wp-content\/uploads\/Logimat2024-Anter-System-invitation-2-768x401.jpg 768w, https:\/\/antersystem.com\/wp-content\/uploads\/Logimat2024-Anter-System-invitation-2-450x235.jpg 450w, https:\/\/antersystem.com\/wp-content\/uploads\/Logimat2024-Anter-System-invitation-2-330x172.jpg 330w, https:\/\/antersystem.com\/wp-content\/uploads\/Logimat2024-Anter-System-invitation-2.jpg 1200w\" sizes=\"auto, (max-width: 1024px) 100vw, 1024px\" \/><\/figure><\/div>","protected":false},"excerpt":{"rendered":"<p>Megh\u00edv\u00f3 a LogiMAT-ra! Alig egy h\u00f3nap m\u00falva kezd\u0151dik Stuttgartban a nemzetk\u00f6zi LogiMAT szakv\u00e1s\u00e1r. M\u00e1rcius 19-21. k\u00f6z\u00f6tt bemutatjuk a rakt\u00e1rak \u00e9s logisztikai k\u00f6zpontok biztons\u00e1g\u00e1t n\u00f6vel\u0151 rendszereinket. Az esem\u00e9ny megh\u00edvja \u00d6nt, hogy fedezze fel a felt\u00f6rekv\u0151 ipar\u00e1gi trendeket \u00e9s a legmodernebb term\u00e9keket. Az idei \u00fczleti platform f\u0151 t\u00e9m\u00e1ja: A V\u00c1LTOZ\u00c1S K\u00d6Z\u00d6S ALAK\u00cdT\u00c1SA. Mire sz\u00e1m\u00edthat a LogiMAT 2024-en? [&hellip;]<\/p>\n","protected":false},"author":1,"featured_media":0,"parent":30300,"menu_order":0,"comment_status":"closed","ping_status":"closed","template":"","meta":{"inline_featured_image":false,"ngg_post_thumbnail":0,"footnotes":""},"class_list":["post-30699","page","type-page","status-publish","hentry"],"acf":[],"yoast_head":"<!-- This site is optimized with the Yoast SEO plugin v27.0 - https:\/\/yoast.com\/product\/yoast-seo-wordpress\/ -->\n<title>LogiMAT 2024 - Anter System<\/title>\n<meta name=\"description\" content=\"Ju\u017c za miesi\u0105c rozpoczynaj\u0105 si\u0119 mi\u0119dzynarodowe Targi Logimat w Stuttgarcie. W dniach 19-21.03 b\u0119dziemy prezentowa\u0107 tam nasze systemy.\" \/>\n<meta name=\"robots\" content=\"index, follow, max-snippet:-1, max-image-preview:large, max-video-preview:-1\" \/>\n<link rel=\"canonical\" href=\"https:\/\/antersystem.com\/hu\/hirek\/logimat-2024\/\" \/>\n<meta property=\"og:locale\" content=\"hu_HU\" \/>\n<meta property=\"og:type\" content=\"article\" \/>\n<meta property=\"og:title\" content=\"LogiMAT 2024 - Anter System\" \/>\n<meta property=\"og:description\" content=\"Ju\u017c za miesi\u0105c rozpoczynaj\u0105 si\u0119 mi\u0119dzynarodowe Targi Logimat w Stuttgarcie. W dniach 19-21.03 b\u0119dziemy prezentowa\u0107 tam nasze systemy.\" \/>\n<meta property=\"og:url\" content=\"https:\/\/antersystem.com\/hu\/hirek\/logimat-2024\/\" \/>\n<meta property=\"og:site_name\" content=\"Anter System\" \/>\n<meta property=\"article:modified_time\" content=\"2026-01-30T13:35:46+00:00\" \/>\n<meta property=\"og:image\" content=\"https:\/\/antersystem.com\/wp-content\/uploads\/Logimat2024-Anter-System-invitation-2-1024x535.jpg\" \/>\n<meta name=\"twitter:card\" content=\"summary_large_image\" \/>\n<meta name=\"twitter:label1\" content=\"Becs\u00fclt olvas\u00e1si id\u0151\" \/>\n\t<meta name=\"twitter:data1\" content=\"2 perc\" \/>\n<script type=\"application\/ld+json\" class=\"yoast-schema-graph\">{\"@context\":\"https:\/\/schema.org\",\"@graph\":[{\"@type\":\"WebPage\",\"@id\":\"https:\/\/antersystem.com\/hu\/hirek\/logimat-2024\/\",\"url\":\"https:\/\/antersystem.com\/hu\/hirek\/logimat-2024\/\",\"name\":\"LogiMAT 2024 - Anter System\",\"isPartOf\":{\"@id\":\"https:\/\/antersystem.com\/hu\/#website\"},\"primaryImageOfPage\":{\"@id\":\"https:\/\/antersystem.com\/hu\/hirek\/logimat-2024\/#primaryimage\"},\"image\":{\"@id\":\"https:\/\/antersystem.com\/hu\/hirek\/logimat-2024\/#primaryimage\"},\"thumbnailUrl\":\"https:\/\/antersystem.com\/wp-content\/uploads\/Logimat2024-Anter-System-invitation-2-1024x535.jpg\",\"datePublished\":\"2024-02-15T09:41:35+00:00\",\"dateModified\":\"2026-01-30T13:35:46+00:00\",\"description\":\"Ju\u017c za miesi\u0105c rozpoczynaj\u0105 si\u0119 mi\u0119dzynarodowe Targi Logimat w Stuttgarcie. W dniach 19-21.03 b\u0119dziemy prezentowa\u0107 tam nasze systemy.\",\"breadcrumb\":{\"@id\":\"https:\/\/antersystem.com\/hu\/hirek\/logimat-2024\/#breadcrumb\"},\"inLanguage\":\"hu\",\"potentialAction\":[{\"@type\":\"ReadAction\",\"target\":[\"https:\/\/antersystem.com\/hu\/hirek\/logimat-2024\/\"]}]},{\"@type\":\"ImageObject\",\"inLanguage\":\"hu\",\"@id\":\"https:\/\/antersystem.com\/hu\/hirek\/logimat-2024\/#primaryimage\",\"url\":\"https:\/\/antersystem.com\/wp-content\/uploads\/Logimat2024-Anter-System-invitation-2-1024x535.jpg\",\"contentUrl\":\"https:\/\/antersystem.com\/wp-content\/uploads\/Logimat2024-Anter-System-invitation-2-1024x535.jpg\"},{\"@type\":\"BreadcrumbList\",\"@id\":\"https:\/\/antersystem.com\/hu\/hirek\/logimat-2024\/#breadcrumb\",\"itemListElement\":[{\"@type\":\"ListItem\",\"position\":1,\"name\":\"AnterSystem\",\"item\":\"https:\/\/antersystem.com\/hu\/\"},{\"@type\":\"ListItem\",\"position\":2,\"name\":\"H\u00edrek\",\"item\":\"https:\/\/antersystem.com\/hu\/hirek\/\"},{\"@type\":\"ListItem\",\"position\":3,\"name\":\"LogiMAT 2024\"}]},{\"@type\":\"WebSite\",\"@id\":\"https:\/\/antersystem.com\/hu\/#website\",\"url\":\"https:\/\/antersystem.com\/hu\/\",\"name\":\"Anter System\",\"description\":\"Jeste\u015bmy polskim producentem elastycznych barier ochronnych wykonywanych z polimerowych tworzyw sztucznych. Na rynku krajowym i zagranicznym dzia\u0142amy od ponad 15 lat dbaj\u0105c o zapewnienie bezpiecze\u0144stwa w zak\u0142adach produkcyjnych, magazynach oraz centrach logistycznych.\",\"potentialAction\":[{\"@type\":\"SearchAction\",\"target\":{\"@type\":\"EntryPoint\",\"urlTemplate\":\"https:\/\/antersystem.com\/hu\/?s={search_term_string}\"},\"query-input\":{\"@type\":\"PropertyValueSpecification\",\"valueRequired\":true,\"valueName\":\"search_term_string\"}}],\"inLanguage\":\"hu\"}]}<\/script>\n<!-- \/ Yoast SEO plugin. -->","yoast_head_json":{"title":"LogiMAT 2024 - Anter System","description":"Ju\u017c za miesi\u0105c rozpoczynaj\u0105 si\u0119 mi\u0119dzynarodowe Targi Logimat w Stuttgarcie. W dniach 19-21.03 b\u0119dziemy prezentowa\u0107 tam nasze systemy.","robots":{"index":"index","follow":"follow","max-snippet":"max-snippet:-1","max-image-preview":"max-image-preview:large","max-video-preview":"max-video-preview:-1"},"canonical":"https:\/\/antersystem.com\/hu\/hirek\/logimat-2024\/","og_locale":"hu_HU","og_type":"article","og_title":"LogiMAT 2024 - Anter System","og_description":"Ju\u017c za miesi\u0105c rozpoczynaj\u0105 si\u0119 mi\u0119dzynarodowe Targi Logimat w Stuttgarcie. W dniach 19-21.03 b\u0119dziemy prezentowa\u0107 tam nasze systemy.","og_url":"https:\/\/antersystem.com\/hu\/hirek\/logimat-2024\/","og_site_name":"Anter System","article_modified_time":"2026-01-30T13:35:46+00:00","og_image":[{"url":"https:\/\/antersystem.com\/wp-content\/uploads\/Logimat2024-Anter-System-invitation-2-1024x535.jpg","type":"","width":"","height":""}],"twitter_card":"summary_large_image","twitter_misc":{"Becs\u00fclt olvas\u00e1si id\u0151":"2 perc"},"schema":{"@context":"https:\/\/schema.org","@graph":[{"@type":"WebPage","@id":"https:\/\/antersystem.com\/hu\/hirek\/logimat-2024\/","url":"https:\/\/antersystem.com\/hu\/hirek\/logimat-2024\/","name":"LogiMAT 2024 - Anter System","isPartOf":{"@id":"https:\/\/antersystem.com\/hu\/#website"},"primaryImageOfPage":{"@id":"https:\/\/antersystem.com\/hu\/hirek\/logimat-2024\/#primaryimage"},"image":{"@id":"https:\/\/antersystem.com\/hu\/hirek\/logimat-2024\/#primaryimage"},"thumbnailUrl":"https:\/\/antersystem.com\/wp-content\/uploads\/Logimat2024-Anter-System-invitation-2-1024x535.jpg","datePublished":"2024-02-15T09:41:35+00:00","dateModified":"2026-01-30T13:35:46+00:00","description":"Ju\u017c za miesi\u0105c rozpoczynaj\u0105 si\u0119 mi\u0119dzynarodowe Targi Logimat w Stuttgarcie. W dniach 19-21.03 b\u0119dziemy prezentowa\u0107 tam nasze systemy.","breadcrumb":{"@id":"https:\/\/antersystem.com\/hu\/hirek\/logimat-2024\/#breadcrumb"},"inLanguage":"hu","potentialAction":[{"@type":"ReadAction","target":["https:\/\/antersystem.com\/hu\/hirek\/logimat-2024\/"]}]},{"@type":"ImageObject","inLanguage":"hu","@id":"https:\/\/antersystem.com\/hu\/hirek\/logimat-2024\/#primaryimage","url":"https:\/\/antersystem.com\/wp-content\/uploads\/Logimat2024-Anter-System-invitation-2-1024x535.jpg","contentUrl":"https:\/\/antersystem.com\/wp-content\/uploads\/Logimat2024-Anter-System-invitation-2-1024x535.jpg"},{"@type":"BreadcrumbList","@id":"https:\/\/antersystem.com\/hu\/hirek\/logimat-2024\/#breadcrumb","itemListElement":[{"@type":"ListItem","position":1,"name":"AnterSystem","item":"https:\/\/antersystem.com\/hu\/"},{"@type":"ListItem","position":2,"name":"H\u00edrek","item":"https:\/\/antersystem.com\/hu\/hirek\/"},{"@type":"ListItem","position":3,"name":"LogiMAT 2024"}]},{"@type":"WebSite","@id":"https:\/\/antersystem.com\/hu\/#website","url":"https:\/\/antersystem.com\/hu\/","name":"Anter System","description":"Jeste\u015bmy polskim producentem elastycznych barier ochronnych wykonywanych z polimerowych tworzyw sztucznych. Na rynku krajowym i zagranicznym dzia\u0142amy od ponad 15 lat dbaj\u0105c o zapewnienie bezpiecze\u0144stwa w zak\u0142adach produkcyjnych, magazynach oraz centrach logistycznych.","potentialAction":[{"@type":"SearchAction","target":{"@type":"EntryPoint","urlTemplate":"https:\/\/antersystem.com\/hu\/?s={search_term_string}"},"query-input":{"@type":"PropertyValueSpecification","valueRequired":true,"valueName":"search_term_string"}}],"inLanguage":"hu"}]}},"_links":{"self":[{"href":"https:\/\/antersystem.com\/hu\/wp-json\/wp\/v2\/pages\/30699","targetHints":{"allow":["GET"]}}],"collection":[{"href":"https:\/\/antersystem.com\/hu\/wp-json\/wp\/v2\/pages"}],"about":[{"href":"https:\/\/antersystem.com\/hu\/wp-json\/wp\/v2\/types\/page"}],"author":[{"embeddable":true,"href":"https:\/\/antersystem.com\/hu\/wp-json\/wp\/v2\/users\/1"}],"replies":[{"embeddable":true,"href":"https:\/\/antersystem.com\/hu\/wp-json\/wp\/v2\/comments?post=30699"}],"version-history":[{"count":1,"href":"https:\/\/antersystem.com\/hu\/wp-json\/wp\/v2\/pages\/30699\/revisions"}],"predecessor-version":[{"id":30700,"href":"https:\/\/antersystem.com\/hu\/wp-json\/wp\/v2\/pages\/30699\/revisions\/30700"}],"up":[{"embeddable":true,"href":"https:\/\/antersystem.com\/hu\/wp-json\/wp\/v2\/pages\/30300"}],"wp:attachment":[{"href":"https:\/\/antersystem.com\/hu\/wp-json\/wp\/v2\/media?parent=30699"}],"curies":[{"name":"wp","href":"https:\/\/api.w.org\/{rel}","templated":true}]}}