{"id":38859,"date":"2024-06-14T14:17:21","date_gmt":"2024-06-14T12:17:21","guid":{"rendered":"https:\/\/antersystem.com\/hirek\/modernlog-2024\/"},"modified":"2026-02-02T14:14:45","modified_gmt":"2026-02-02T13:14:45","slug":"modernlog-2024","status":"publish","type":"page","link":"https:\/\/antersystem.com\/hu\/hirek\/modernlog-2024\/","title":{"rendered":"Modernlog 2024"},"content":{"rendered":"\n<div class=\"wp-block-columns is-layout-flex wp-container-core-columns-is-layout-9d6595d7 wp-block-columns-is-layout-flex\">\n<div class=\"wp-block-column is-layout-flow wp-block-column-is-layout-flow\">\n<h2 class=\"wp-block-heading\">Jelent\u00e9s Modernlogr\u00f3l, j\u00fanius 4-7, 2024<\/h2>\n\n\n\n<div class=\"wp-block-columns is-layout-flex wp-container-core-columns-is-layout-9d6595d7 wp-block-columns-is-layout-flex\">\n<div class=\"wp-block-column is-layout-flow wp-block-column-is-layout-flow\" style=\"flex-basis:10%\"><\/div>\n\n\n\n<div class=\"wp-block-column is-layout-flow wp-block-column-is-layout-flow\">\n<div class=\"wp-block-media-text has-media-on-the-right is-stacked-on-mobile\"><div class=\"wp-block-media-text__content\">\n<p>V\u00e9get \u00e9rt a pozna\u0144i logisztikai ipari \u00fcnneps\u00e9g, amely az Ipar 4.0 legnagyobb lengyelorsz\u00e1gi ipari rendezv\u00e9nyblokkj\u00e1nak r\u00e9sze. J\u00fanius 4-7. k\u00f6z\u00f6tt a pozna\u0144i nemzetk\u00f6zi v\u00e1s\u00e1rcsarnokban <strong>rendezt\u00e9k<\/strong> meg a <strong>Modernlog szakv\u00e1s\u00e1rt<\/strong>, amely szakkonferenci\u00e1kat, \u00e9l\u0151 bemutat\u00f3kat \u00e9s kapcsolat\u00e9p\u00edt\u0151 \u00fcl\u00e9seket k\u00edn\u00e1lt. A r\u00e9sztvev\u0151knek lehet\u0151s\u00e9g\u00fck volt a ki\u00e1ll\u00edt\u00f3k sz\u00e9les k\u00f6r\u0171 k\u00edn\u00e1lat\u00e1nak megismer\u00e9s\u00e9re, aminek eredm\u00e9nyek\u00e9ppen sz\u00e1mos \u00faj \u00fczleti kapcsolat alakult ki az innovat\u00edv logisztikai megold\u00e1sokat keres\u0151 v\u00e1llalatokkal.  <\/p>\n<\/div><figure class=\"wp-block-media-text__media\"><img loading=\"lazy\" decoding=\"async\" width=\"1024\" height=\"683\" src=\"https:\/\/antersystem.com\/wp-content\/uploads\/2024-06-05_modernlog_fotobueno_-1836-1-1024x683.jpg\" alt=\"Modernlog 2024 v\u00e1s\u00e1r Pozna\u0144ban\" class=\"wp-image-4800 size-full\" srcset=\"https:\/\/antersystem.com\/wp-content\/uploads\/2024-06-05_modernlog_fotobueno_-1836-1-1024x683.jpg 1024w, https:\/\/antersystem.com\/wp-content\/uploads\/2024-06-05_modernlog_fotobueno_-1836-1-300x200.jpg 300w, https:\/\/antersystem.com\/wp-content\/uploads\/2024-06-05_modernlog_fotobueno_-1836-1-768x512.jpg 768w, https:\/\/antersystem.com\/wp-content\/uploads\/2024-06-05_modernlog_fotobueno_-1836-1-1536x1024.jpg 1536w, https:\/\/antersystem.com\/wp-content\/uploads\/2024-06-05_modernlog_fotobueno_-1836-1-2048x1365.jpg 2048w, https:\/\/antersystem.com\/wp-content\/uploads\/2024-06-05_modernlog_fotobueno_-1836-1-450x300.jpg 450w, https:\/\/antersystem.com\/wp-content\/uploads\/2024-06-05_modernlog_fotobueno_-1836-1-330x220.jpg 330w\" sizes=\"auto, (max-width: 1024px) 100vw, 1024px\" \/><\/figure><\/div>\n\n\n\n<div class=\"wp-block-media-text is-stacked-on-mobile\"><figure class=\"wp-block-media-text__media\"><img loading=\"lazy\" decoding=\"async\" width=\"1024\" height=\"683\" src=\"https:\/\/antersystem.com\/wp-content\/uploads\/2024-06-05_modernlog_fotobueno_-1976-1-1024x683.jpg\" alt=\"Smart Warehouse konferencia Modernlog 2024-en\" class=\"wp-image-4794 size-full\" srcset=\"https:\/\/antersystem.com\/wp-content\/uploads\/2024-06-05_modernlog_fotobueno_-1976-1-1024x683.jpg 1024w, https:\/\/antersystem.com\/wp-content\/uploads\/2024-06-05_modernlog_fotobueno_-1976-1-300x200.jpg 300w, https:\/\/antersystem.com\/wp-content\/uploads\/2024-06-05_modernlog_fotobueno_-1976-1-768x512.jpg 768w, https:\/\/antersystem.com\/wp-content\/uploads\/2024-06-05_modernlog_fotobueno_-1976-1-1536x1024.jpg 1536w, https:\/\/antersystem.com\/wp-content\/uploads\/2024-06-05_modernlog_fotobueno_-1976-1-2048x1365.jpg 2048w, https:\/\/antersystem.com\/wp-content\/uploads\/2024-06-05_modernlog_fotobueno_-1976-1-450x300.jpg 450w, https:\/\/antersystem.com\/wp-content\/uploads\/2024-06-05_modernlog_fotobueno_-1976-1-330x220.jpg 330w\" sizes=\"auto, (max-width: 1024px) 100vw, 1024px\" \/><\/figure><div class=\"wp-block-media-text__content\">\n<p><strong>A Smart Warehouse konferenci\u00e1n<\/strong> az el\u0151ad\u00f3k \u00e9s a r\u00e9sztvev\u0151k a lengyel rakt\u00e1roz\u00e1s j\u00f6v\u0151beli ir\u00e1nyait vitatt\u00e1k meg &#8211; a robotik\u00e1ra, az automatiz\u00e1l\u00e1sra \u00e9s a mesters\u00e9ges intelligencia haszn\u00e1lat\u00e1ra \u00f6sszpontos\u00edtva. A l\u00e1togat\u00f3k t\u00f6bb mint 100 ki\u00e1ll\u00edt\u00f3 \u00e1ltal bemutatott logisztikai technol\u00f3gi\u00e1kat ismerhettek meg. A MEDIALOG Kiad\u00f3val \u00e9s technol\u00f3giai partnerekkel egy\u00fcttm\u0171k\u00f6d\u00e9sben l\u00e9trehozott <strong>In4Log z\u00f3n\u00e1ban<\/strong> \u00e9l\u0151 g\u00e9pbemutat\u00f3kra ker\u00fclt sor. A szimul\u00e1lt logisztikai l\u00e9tes\u00edtm\u00e9ny a 21. sz\u00e1zad legmodernebb rakt\u00e1rmegold\u00e1sait mutatta be &#8211; k\u00f6zt\u00fck <strong>az Anter System<\/strong> \u00e1ltal biztos\u00edtott technol\u00f3gi\u00e1kat.   <\/p>\n<\/div><\/div>\n\n\n\n<div class=\"wp-block-media-text has-media-on-the-right is-stacked-on-mobile\"><div class=\"wp-block-media-text__content\">\n<p>Az idei rendezv\u00e9ny arra is lehet\u0151s\u00e9get adott, hogy a logisztikai \u00e1gazat el\u0151tt \u00e1ll\u00f3 legfontosabb kih\u00edv\u00e1sokkal foglalkozzanak. Ahhoz, hogy az \u00e1gazat versenyk\u00e9pes maradjon, hat\u00e9konyan \u00e1t kell esnie az <strong>Ipar 4.0<\/strong> fel\u00e9 vezet\u0151 technol\u00f3giai \u00e9s digit\u00e1lis \u00e1talakul\u00e1son <strong>, valamint az<\/strong> alacsony kibocs\u00e1t\u00e1s\u00fa <strong>termel\u00e9sre<\/strong> val\u00f3 <strong>z\u00f6ld \u00e1t\u00e1ll\u00e1son<\/strong> <strong>.<\/strong> Lengyelorsz\u00e1g, mint az \u00fajraiparos\u00edt\u00e1s egyik vezet\u0151je Eur\u00f3p\u00e1ban, m\u00e9g mindig jelent\u0151s potenci\u00e1llal rendelkezik egy technol\u00f3giailag fejlett, automatiz\u00e1lt \u00e9s robotiz\u00e1lt ipari b\u00e1zis kialak\u00edt\u00e1s\u00e1hoz.  <\/p>\n<\/div><figure class=\"wp-block-media-text__media\"><img loading=\"lazy\" decoding=\"async\" width=\"840\" height=\"560\" src=\"https:\/\/antersystem.com\/wp-content\/uploads\/2024-06-05_modernlog_fotobueno_-3154.jpg\" alt=\"Panelbesz\u00e9lget\u00e9s a Modernlog 2024-en\" class=\"wp-image-4795 size-full\" srcset=\"https:\/\/antersystem.com\/wp-content\/uploads\/2024-06-05_modernlog_fotobueno_-3154.jpg 840w, https:\/\/antersystem.com\/wp-content\/uploads\/2024-06-05_modernlog_fotobueno_-3154-300x200.jpg 300w, https:\/\/antersystem.com\/wp-content\/uploads\/2024-06-05_modernlog_fotobueno_-3154-768x512.jpg 768w, https:\/\/antersystem.com\/wp-content\/uploads\/2024-06-05_modernlog_fotobueno_-3154-450x300.jpg 450w, https:\/\/antersystem.com\/wp-content\/uploads\/2024-06-05_modernlog_fotobueno_-3154-330x220.jpg 330w\" sizes=\"auto, (max-width: 840px) 100vw, 840px\" \/><\/figure><\/div>\n\n\n\n<div class=\"wp-block-media-text is-stacked-on-mobile\"><figure class=\"wp-block-media-text__media\"><img loading=\"lazy\" decoding=\"async\" width=\"1024\" height=\"683\" src=\"https:\/\/antersystem.com\/wp-content\/uploads\/2024-06-05_modernlog_fotobueno_-2950-1-1024x683.jpg\" alt=\"Modernlog 2024 megnyit\u00f3ja\" class=\"wp-image-4797 size-full\" srcset=\"https:\/\/antersystem.com\/wp-content\/uploads\/2024-06-05_modernlog_fotobueno_-2950-1-1024x683.jpg 1024w, https:\/\/antersystem.com\/wp-content\/uploads\/2024-06-05_modernlog_fotobueno_-2950-1-300x200.jpg 300w, https:\/\/antersystem.com\/wp-content\/uploads\/2024-06-05_modernlog_fotobueno_-2950-1-768x512.jpg 768w, https:\/\/antersystem.com\/wp-content\/uploads\/2024-06-05_modernlog_fotobueno_-2950-1-1536x1024.jpg 1536w, https:\/\/antersystem.com\/wp-content\/uploads\/2024-06-05_modernlog_fotobueno_-2950-1-2048x1365.jpg 2048w, https:\/\/antersystem.com\/wp-content\/uploads\/2024-06-05_modernlog_fotobueno_-2950-1-450x300.jpg 450w, https:\/\/antersystem.com\/wp-content\/uploads\/2024-06-05_modernlog_fotobueno_-2950-1-330x220.jpg 330w\" sizes=\"auto, (max-width: 1024px) 100vw, 1024px\" \/><\/figure><div class=\"wp-block-media-text__content\">\n<p>A v\u00e1s\u00e1r megnyit\u00f3j\u00e1t megtisztelte jelenl\u00e9t\u00e9vel Ignacy <strong>Niemczycki,<\/strong> a Fejleszt\u00e9si \u00e9s Technol\u00f3giai Miniszt\u00e9rium <strong>\u00e1llamtitk\u00e1ra<\/strong>. A rendezv\u00e9nyen dinamikus panelbesz\u00e9lget\u00e9sek, \u00e9rdekes esettanulm\u00e1nyok \u00e9s \u00e9rt\u00e9kes kapcsolat\u00e9p\u00edt\u00e9si lehet\u0151s\u00e9gek v\u00e1rt\u00e1k a r\u00e9sztvev\u0151ket. A r\u00e9sztvev\u0151k b\u0151v\u00edtett\u00e9k szakmai kapcsolataikat &#8211; a besz\u00e1ll\u00edt\u00f3k, tan\u00e1csad\u00f3k \u00e9s logisztikai szolg\u00e1ltat\u00f3k k\u00f6z\u00f6tt -, mik\u00f6zben felfedezt\u00e9k a leg\u00fajabb trendeket, \u00e9s \u00f6sszehasonl\u00edtott\u00e1k azokat saj\u00e1t szervezeteik val\u00f3s\u00e1g\u00e1val.  <\/p>\n<\/div><\/div>\n\n\n\n<div class=\"wp-block-media-text has-media-on-the-right is-stacked-on-mobile\"><div class=\"wp-block-media-text__content\">\n<p><strong>A Modernlog 2024<\/strong> kiv\u00e9teles lehet\u0151s\u00e9get <strong>ny\u00fajtott<\/strong> arra, hogy betekint\u00e9st nyerj\u00fcnk a leg\u00fajabb logisztikai technol\u00f3gi\u00e1kba \u00e9s az Ipar 4.0 trendekbe, valamint \u00e9rt\u00e9kes \u00fczleti kapcsolatokat alak\u00edtsunk ki \u00e9s tapasztalatot cser\u00e9lj\u00fcnk az ipar\u00e1g vezet\u0151ivel. Megh\u00edvjuk \u00d6nt, hogy b\u00f6ng\u00e9sszen az al\u00e1bbi fot\u00f3gal\u00e9ri\u00e1nkban: <\/p>\n<\/div><figure class=\"wp-block-media-text__media\"><img loading=\"lazy\" decoding=\"async\" width=\"1024\" height=\"683\" src=\"https:\/\/antersystem.com\/wp-content\/uploads\/2024-06-05_modernlog_fotobueno_-1954-1-1024x683.jpg\" alt=\"Modernlog 2024 fot\u00f3riport\" class=\"wp-image-4798 size-full\" srcset=\"https:\/\/antersystem.com\/wp-content\/uploads\/2024-06-05_modernlog_fotobueno_-1954-1-1024x683.jpg 1024w, https:\/\/antersystem.com\/wp-content\/uploads\/2024-06-05_modernlog_fotobueno_-1954-1-300x200.jpg 300w, https:\/\/antersystem.com\/wp-content\/uploads\/2024-06-05_modernlog_fotobueno_-1954-1-768x512.jpg 768w, https:\/\/antersystem.com\/wp-content\/uploads\/2024-06-05_modernlog_fotobueno_-1954-1-1536x1024.jpg 1536w, https:\/\/antersystem.com\/wp-content\/uploads\/2024-06-05_modernlog_fotobueno_-1954-1-2048x1365.jpg 2048w, https:\/\/antersystem.com\/wp-content\/uploads\/2024-06-05_modernlog_fotobueno_-1954-1-450x300.jpg 450w, https:\/\/antersystem.com\/wp-content\/uploads\/2024-06-05_modernlog_fotobueno_-1954-1-330x220.jpg 330w\" sizes=\"auto, (max-width: 1024px) 100vw, 1024px\" \/><\/figure><\/div>\n<\/div>\n\n\n\n<div class=\"wp-block-column is-layout-flow wp-block-column-is-layout-flow\" style=\"flex-basis:10%\"><\/div>\n<\/div>\n\n\n\nngg_shortcode_0_placeholder\n<\/div>\n<\/div>\n\n<p><\/p>\n","protected":false},"excerpt":{"rendered":"<p>Jelent\u00e9s Modernlogr\u00f3l, j\u00fanius 4-7, 2024 V\u00e9get \u00e9rt a pozna\u0144i logisztikai ipari \u00fcnneps\u00e9g, amely az Ipar 4.0 legnagyobb lengyelorsz\u00e1gi ipari rendezv\u00e9nyblokkj\u00e1nak r\u00e9sze. J\u00fanius 4-7. k\u00f6z\u00f6tt a pozna\u0144i nemzetk\u00f6zi v\u00e1s\u00e1rcsarnokban rendezt\u00e9k meg a Modernlog szakv\u00e1s\u00e1rt, amely szakkonferenci\u00e1kat, \u00e9l\u0151 bemutat\u00f3kat \u00e9s kapcsolat\u00e9p\u00edt\u0151 \u00fcl\u00e9seket k\u00edn\u00e1lt. A r\u00e9sztvev\u0151knek lehet\u0151s\u00e9g\u00fck volt a ki\u00e1ll\u00edt\u00f3k sz\u00e9les k\u00f6r\u0171 k\u00edn\u00e1lat\u00e1nak megismer\u00e9s\u00e9re, aminek eredm\u00e9nyek\u00e9ppen sz\u00e1mos \u00faj [&hellip;]<\/p>\n","protected":false},"author":1,"featured_media":0,"parent":30300,"menu_order":0,"comment_status":"closed","ping_status":"closed","template":"","meta":{"inline_featured_image":false,"ngg_post_thumbnail":0,"footnotes":""},"class_list":["post-38859","page","type-page","status-publish","hentry"],"acf":[],"yoast_head":"<!-- This site is optimized with the Yoast SEO plugin v27.0 - https:\/\/yoast.com\/product\/yoast-seo-wordpress\/ -->\n<title>Modernlog 2024 - Anter System<\/title>\n<meta name=\"description\" content=\"W dniach 4-7 czerwca odby\u0142 si\u0119 Modernlog, kt\u00f3ry wype\u0142niony by\u0142 specjalistycznymi konferencjami i pokazami.\" \/>\n<meta name=\"robots\" content=\"index, follow, max-snippet:-1, max-image-preview:large, max-video-preview:-1\" \/>\n<link rel=\"canonical\" href=\"https:\/\/antersystem.com\/hu\/hirek\/modernlog-2024\/\" \/>\n<meta property=\"og:locale\" content=\"hu_HU\" \/>\n<meta property=\"og:type\" content=\"article\" \/>\n<meta property=\"og:title\" content=\"Modernlog 2024 - Anter System\" \/>\n<meta property=\"og:description\" content=\"W dniach 4-7 czerwca odby\u0142 si\u0119 Modernlog, kt\u00f3ry wype\u0142niony by\u0142 specjalistycznymi konferencjami i pokazami.\" \/>\n<meta property=\"og:url\" content=\"https:\/\/antersystem.com\/hu\/hirek\/modernlog-2024\/\" \/>\n<meta property=\"og:site_name\" content=\"Anter System\" \/>\n<meta property=\"article:modified_time\" content=\"2026-02-02T13:14:45+00:00\" \/>\n<meta property=\"og:image\" content=\"https:\/\/antersystem.com\/wp-content\/uploads\/2024-06-05_modernlog_fotobueno_-1836-1-1024x683.jpg\" \/>\n<meta name=\"twitter:card\" content=\"summary_large_image\" \/>\n<meta name=\"twitter:label1\" content=\"Becs\u00fclt olvas\u00e1si id\u0151\" \/>\n\t<meta name=\"twitter:data1\" content=\"2 perc\" \/>\n<script type=\"application\/ld+json\" class=\"yoast-schema-graph\">{\"@context\":\"https:\/\/schema.org\",\"@graph\":[{\"@type\":\"WebPage\",\"@id\":\"https:\/\/antersystem.com\/hu\/hirek\/modernlog-2024\/\",\"url\":\"https:\/\/antersystem.com\/hu\/hirek\/modernlog-2024\/\",\"name\":\"Modernlog 2024 - Anter System\",\"isPartOf\":{\"@id\":\"https:\/\/antersystem.com\/hu\/#website\"},\"primaryImageOfPage\":{\"@id\":\"https:\/\/antersystem.com\/hu\/hirek\/modernlog-2024\/#primaryimage\"},\"image\":{\"@id\":\"https:\/\/antersystem.com\/hu\/hirek\/modernlog-2024\/#primaryimage\"},\"thumbnailUrl\":\"https:\/\/antersystem.com\/wp-content\/uploads\/2024-06-05_modernlog_fotobueno_-1836-1-1024x683.jpg\",\"datePublished\":\"2024-06-14T12:17:21+00:00\",\"dateModified\":\"2026-02-02T13:14:45+00:00\",\"description\":\"W dniach 4-7 czerwca odby\u0142 si\u0119 Modernlog, kt\u00f3ry wype\u0142niony by\u0142 specjalistycznymi konferencjami i pokazami.\",\"breadcrumb\":{\"@id\":\"https:\/\/antersystem.com\/hu\/hirek\/modernlog-2024\/#breadcrumb\"},\"inLanguage\":\"hu\",\"potentialAction\":[{\"@type\":\"ReadAction\",\"target\":[\"https:\/\/antersystem.com\/hu\/hirek\/modernlog-2024\/\"]}]},{\"@type\":\"ImageObject\",\"inLanguage\":\"hu\",\"@id\":\"https:\/\/antersystem.com\/hu\/hirek\/modernlog-2024\/#primaryimage\",\"url\":\"https:\/\/antersystem.com\/wp-content\/uploads\/2024-06-05_modernlog_fotobueno_-1836-1-1024x683.jpg\",\"contentUrl\":\"https:\/\/antersystem.com\/wp-content\/uploads\/2024-06-05_modernlog_fotobueno_-1836-1-1024x683.jpg\"},{\"@type\":\"BreadcrumbList\",\"@id\":\"https:\/\/antersystem.com\/hu\/hirek\/modernlog-2024\/#breadcrumb\",\"itemListElement\":[{\"@type\":\"ListItem\",\"position\":1,\"name\":\"AnterSystem\",\"item\":\"https:\/\/antersystem.com\/hu\/\"},{\"@type\":\"ListItem\",\"position\":2,\"name\":\"H\u00edrek\",\"item\":\"https:\/\/antersystem.com\/hu\/hirek\/\"},{\"@type\":\"ListItem\",\"position\":3,\"name\":\"Modernlog 2024\"}]},{\"@type\":\"WebSite\",\"@id\":\"https:\/\/antersystem.com\/hu\/#website\",\"url\":\"https:\/\/antersystem.com\/hu\/\",\"name\":\"Anter System\",\"description\":\"Jeste\u015bmy polskim producentem elastycznych barier ochronnych wykonywanych z polimerowych tworzyw sztucznych. Na rynku krajowym i zagranicznym dzia\u0142amy od ponad 15 lat dbaj\u0105c o zapewnienie bezpiecze\u0144stwa w zak\u0142adach produkcyjnych, magazynach oraz centrach logistycznych.\",\"potentialAction\":[{\"@type\":\"SearchAction\",\"target\":{\"@type\":\"EntryPoint\",\"urlTemplate\":\"https:\/\/antersystem.com\/hu\/?s={search_term_string}\"},\"query-input\":{\"@type\":\"PropertyValueSpecification\",\"valueRequired\":true,\"valueName\":\"search_term_string\"}}],\"inLanguage\":\"hu\"}]}<\/script>\n<!-- \/ Yoast SEO plugin. -->","yoast_head_json":{"title":"Modernlog 2024 - Anter System","description":"W dniach 4-7 czerwca odby\u0142 si\u0119 Modernlog, kt\u00f3ry wype\u0142niony by\u0142 specjalistycznymi konferencjami i pokazami.","robots":{"index":"index","follow":"follow","max-snippet":"max-snippet:-1","max-image-preview":"max-image-preview:large","max-video-preview":"max-video-preview:-1"},"canonical":"https:\/\/antersystem.com\/hu\/hirek\/modernlog-2024\/","og_locale":"hu_HU","og_type":"article","og_title":"Modernlog 2024 - Anter System","og_description":"W dniach 4-7 czerwca odby\u0142 si\u0119 Modernlog, kt\u00f3ry wype\u0142niony by\u0142 specjalistycznymi konferencjami i pokazami.","og_url":"https:\/\/antersystem.com\/hu\/hirek\/modernlog-2024\/","og_site_name":"Anter System","article_modified_time":"2026-02-02T13:14:45+00:00","og_image":[{"url":"https:\/\/antersystem.com\/wp-content\/uploads\/2024-06-05_modernlog_fotobueno_-1836-1-1024x683.jpg","type":"","width":"","height":""}],"twitter_card":"summary_large_image","twitter_misc":{"Becs\u00fclt olvas\u00e1si id\u0151":"2 perc"},"schema":{"@context":"https:\/\/schema.org","@graph":[{"@type":"WebPage","@id":"https:\/\/antersystem.com\/hu\/hirek\/modernlog-2024\/","url":"https:\/\/antersystem.com\/hu\/hirek\/modernlog-2024\/","name":"Modernlog 2024 - Anter System","isPartOf":{"@id":"https:\/\/antersystem.com\/hu\/#website"},"primaryImageOfPage":{"@id":"https:\/\/antersystem.com\/hu\/hirek\/modernlog-2024\/#primaryimage"},"image":{"@id":"https:\/\/antersystem.com\/hu\/hirek\/modernlog-2024\/#primaryimage"},"thumbnailUrl":"https:\/\/antersystem.com\/wp-content\/uploads\/2024-06-05_modernlog_fotobueno_-1836-1-1024x683.jpg","datePublished":"2024-06-14T12:17:21+00:00","dateModified":"2026-02-02T13:14:45+00:00","description":"W dniach 4-7 czerwca odby\u0142 si\u0119 Modernlog, kt\u00f3ry wype\u0142niony by\u0142 specjalistycznymi konferencjami i pokazami.","breadcrumb":{"@id":"https:\/\/antersystem.com\/hu\/hirek\/modernlog-2024\/#breadcrumb"},"inLanguage":"hu","potentialAction":[{"@type":"ReadAction","target":["https:\/\/antersystem.com\/hu\/hirek\/modernlog-2024\/"]}]},{"@type":"ImageObject","inLanguage":"hu","@id":"https:\/\/antersystem.com\/hu\/hirek\/modernlog-2024\/#primaryimage","url":"https:\/\/antersystem.com\/wp-content\/uploads\/2024-06-05_modernlog_fotobueno_-1836-1-1024x683.jpg","contentUrl":"https:\/\/antersystem.com\/wp-content\/uploads\/2024-06-05_modernlog_fotobueno_-1836-1-1024x683.jpg"},{"@type":"BreadcrumbList","@id":"https:\/\/antersystem.com\/hu\/hirek\/modernlog-2024\/#breadcrumb","itemListElement":[{"@type":"ListItem","position":1,"name":"AnterSystem","item":"https:\/\/antersystem.com\/hu\/"},{"@type":"ListItem","position":2,"name":"H\u00edrek","item":"https:\/\/antersystem.com\/hu\/hirek\/"},{"@type":"ListItem","position":3,"name":"Modernlog 2024"}]},{"@type":"WebSite","@id":"https:\/\/antersystem.com\/hu\/#website","url":"https:\/\/antersystem.com\/hu\/","name":"Anter System","description":"Jeste\u015bmy polskim producentem elastycznych barier ochronnych wykonywanych z polimerowych tworzyw sztucznych. Na rynku krajowym i zagranicznym dzia\u0142amy od ponad 15 lat dbaj\u0105c o zapewnienie bezpiecze\u0144stwa w zak\u0142adach produkcyjnych, magazynach oraz centrach logistycznych.","potentialAction":[{"@type":"SearchAction","target":{"@type":"EntryPoint","urlTemplate":"https:\/\/antersystem.com\/hu\/?s={search_term_string}"},"query-input":{"@type":"PropertyValueSpecification","valueRequired":true,"valueName":"search_term_string"}}],"inLanguage":"hu"}]}},"_links":{"self":[{"href":"https:\/\/antersystem.com\/hu\/wp-json\/wp\/v2\/pages\/38859","targetHints":{"allow":["GET"]}}],"collection":[{"href":"https:\/\/antersystem.com\/hu\/wp-json\/wp\/v2\/pages"}],"about":[{"href":"https:\/\/antersystem.com\/hu\/wp-json\/wp\/v2\/types\/page"}],"author":[{"embeddable":true,"href":"https:\/\/antersystem.com\/hu\/wp-json\/wp\/v2\/users\/1"}],"replies":[{"embeddable":true,"href":"https:\/\/antersystem.com\/hu\/wp-json\/wp\/v2\/comments?post=38859"}],"version-history":[{"count":1,"href":"https:\/\/antersystem.com\/hu\/wp-json\/wp\/v2\/pages\/38859\/revisions"}],"predecessor-version":[{"id":38860,"href":"https:\/\/antersystem.com\/hu\/wp-json\/wp\/v2\/pages\/38859\/revisions\/38860"}],"up":[{"embeddable":true,"href":"https:\/\/antersystem.com\/hu\/wp-json\/wp\/v2\/pages\/30300"}],"wp:attachment":[{"href":"https:\/\/antersystem.com\/hu\/wp-json\/wp\/v2\/media?parent=38859"}],"curies":[{"name":"wp","href":"https:\/\/api.w.org\/{rel}","templated":true}]}}