{"id":38967,"date":"2024-12-12T15:46:51","date_gmt":"2024-12-12T14:46:51","guid":{"rendered":"https:\/\/antersystem.com\/hirek\/anter-system-expert-commentary-for-kaizen-magazine\/"},"modified":"2026-02-02T15:23:18","modified_gmt":"2026-02-02T14:23:18","slug":"anter-system-expert-commentary-for-kaizen-magazine","status":"publish","type":"page","link":"https:\/\/antersystem.com\/hu\/hirek\/anter-system-expert-commentary-for-kaizen-magazine\/","title":{"rendered":"Anter System szak\u00e9rt\u0151i komment\u00e1r a KAIZEN magazin sz\u00e1m\u00e1ra"},"content":{"rendered":"\n<div class=\"wp-block-columns is-layout-flex wp-container-core-columns-is-layout-9d6595d7 wp-block-columns-is-layout-flex\">\n  \n  <div class=\"wp-block-column is-layout-flow wp-block-column-is-layout-flow\" style=\"flex-basis:10%\"><\/div>\n  \n\n  \n  <div class=\"wp-block-column is-layout-flow wp-block-column-is-layout-flow\">\n    \n    <h2 class=\"wp-block-heading\">N\u00e9h\u00e1ny sz\u00f3 az Anter System-t\u0151l az ipari biztons\u00e1gr\u00f3l <em>a Kaizen magazin<\/em> sz\u00e1m\u00e1ra<\/h2>\n    \n\n    \n    <p>\u00d6r\u00f6mmel jelentj\u00fck be, hogy <em>a Kaizen magazin<\/em> leg\u00fajabb sz\u00e1m\u00e1ban (okt\u00f3ber-november 2024, 5(70)\/2024. sz\u00e1m) Natalia Margatis, <strong>az Anter System projektmenedzsere<\/strong> szak\u00e9rt\u0151i komment\u00e1rral jelentkezett <strong>.<\/strong> A komment\u00e1r Micha\u0142 Jurczak &#8221; <em>Forgalmi z\u00f3na. Hogyan \u00e9s mivel biztos\u00edtsuk a berendez\u00e9sek \u00e9s emberek mozg\u00e1si ter\u00fcleteit az ipari csarnokokban?&#8221;, amely<\/em> <strong>az ipari k\u00f6rnyezeten bel\u00fcli munkav\u00e9delem<\/strong> aktu\u00e1lis <strong>trendjeit<\/strong> <em>vizsg\u00e1lja<\/em> <strong>.<\/strong> A cikk a modern megold\u00e1sok sz\u00e9les sk\u00e1l\u00e1j\u00e1t tekinti \u00e1t &#8211; az informatikai rendszerekt\u0151l a fizikai v\u00e9delmi int\u00e9zked\u00e9sekig. <\/p>\n    \n\n    \n    <p><strong>Szak\u00e9rt\u0151nk komment\u00e1rja<\/strong> a modern ipari l\u00e9tes\u00edtm\u00e9nyekben a balesetek megel\u0151z\u00e9s\u00e9nek n\u00f6vekv\u0151 tudatoss\u00e1g\u00e1ra, a munkav\u00e9delmi szakemberekkel val\u00f3 egy\u00fcttm\u0171k\u00f6d\u00e9sre a biztons\u00e1gi auditok sor\u00e1n, valamint az Anter System \u00e1ltal kifejlesztett rugalmas v\u00e9d\u0151falak modul\u00e1ris rendszer\u00e9nek leg\u00fajabb innov\u00e1ci\u00f3ira <strong>\u00f6sszpontos\u00edt<\/strong>.<\/p>\n    \n\n    \n    <blockquote class=\"wp-block-quote is-layout-flow wp-block-quote-is-layout-flow\">\n      \n      <p><em>&#8222;[&#8230;] A fizikai biztons\u00e1gi korl\u00e1tok tov\u00e1bbra is az ipari csarnokok v\u00e9delmi rendszereinek kulcsfontoss\u00e1g\u00fa elemei. Seg\u00edtenek minimaliz\u00e1lni a gyalogosbalesetek kock\u00e1zat\u00e1t, \u00e9s hat\u00e9konyan v\u00e9dik a g\u00e9peket, \u00e1llv\u00e1nyokat, infrastrukt\u00far\u00e1t \u00e9s m\u00e1s, s\u00e9r\u00fcl\u00e9snek kitett ter\u00fcleteket. A megfelel\u0151 v\u00e9delem kiv\u00e1laszt\u00e1sakor a felhaszn\u00e1lt anyag d\u00f6nt\u0151 szerepet j\u00e1tszik. \u00c9rdemes figyelembe venni a felk\u00edn\u00e1lt megold\u00e1sok tart\u00f3ss\u00e1g\u00e1t, \u00e9lettartam\u00e1t, karbantart\u00e1si egyszer\u0171s\u00e9g\u00e9t \u00e9s eszt\u00e9tikum\u00e1t. [&#8230;]      <\/em><\/p>\n      \n\n      \n      <p><em>Ezek a modern rendszerek olyan kieg\u00e9sz\u00edt\u0151 funkci\u00f3kat is k\u00edn\u00e1lnak, mint a figyelmeztet\u0151 f\u00e9nyek vagy hangjelz\u00e9sek. Egyre n\u00e9pszer\u0171bbek azok a megold\u00e1sok, amelyek k\u00f6zeled\u0151 j\u00e1rm\u0171 \u00e9szlel\u00e9sekor blokkolj\u00e1k a biztons\u00e1gi kapukat. Mindezen funkci\u00f3k c\u00e9lja a gyalogosok \u00e9s a j\u00e1rm\u0171vek k\u00f6z\u00f6tti \u00fctk\u00f6z\u00e9sek megel\u0151z\u00e9se a k\u00fcl\u00f6n\u00f6sen \u00fctk\u00f6z\u00e9svesz\u00e9lyes ter\u00fcleteken.&#8221;  <\/em><\/p>\n      \n      <cite>Natalia Margatis, az Anter System projektmenedzsere, Kaizen No <em>. 5(70<\/em> )\/2024<\/cite>\n    <\/blockquote>\n    \n\n    \n    <p>A teljes cikk online el\u00e9rhet\u0151 a k\u00f6vetkez\u0151 c\u00edmen: <a href=\"https:\/\/www.logistyczny.com\/sklep24\/index.php\/kaizen\/2024\/kaizen-5-2024-e-wydanie.html\"><em>Kaizen 5\/2024 e-kiad\u00e1s &#8211; 2024 &#8211; Kaizen<\/em><\/a><\/p>\n    \n\n    \n    <p>A leg\u00fajabb sz\u00e1m sz\u00e1mos m\u00e1s, az ipari \u00e1gazatban dolgoz\u00f3 szakemberek sz\u00e1m\u00e1ra fontos t\u00e9m\u00e1t is tartalmaz &#8211; a menedzsment, az automatiz\u00e1l\u00e1s, a robotika \u00e9s az AI a gy\u00e1rt\u00e1sban -, valamint egy \u00e9rdekes \u00e9ves \u00f6sszefoglal\u00f3 cikket: <em>&#8222;\u00d6t trend. \u00daj technol\u00f3gi\u00e1k a logisztik\u00e1ban \u00e9s az iparban 2024-ben &#8211; az AI-t\u00f3l a villamos\u00edt\u00e1sig&#8221;.<\/em> Nagyon aj\u00e1nljuk az elolvas\u00e1s\u00e1t!<\/p>\n    \n\n    \n    <p>&#8212;&#8212;&#8212;&#8212;&#8212;&#8212;&#8212;&#8212;&#8212;&#8212;&#8212;&#8212;-<\/p>\n    \n\n    \n    <p><em>&#8222;Kaizen. A lean gy\u00e1rt\u00e1s folyamatos fejleszt\u00e9si eszk\u00f6zeir\u0151l sz\u00f3l\u00f3 magazin&#8221;<\/em> az egyetlen lengyel kiadv\u00e1ny<em>, amely<\/em> a Kaizen\/Lean koordin\u00e1torok \u00e9s a lean menedzsment strat\u00e9gi\u00e1kat a v\u00e1llalatokn\u00e1l megval\u00f3s\u00edt\u00f3 szakemberek sz\u00e1m\u00e1ra <em>k\u00e9sz\u00fclt<\/em> &#8211; k\u00fcl\u00f6n\u00f6s tekintettel a termel\u00e9si ter\u00fcletekre \u00e9s folyamatokra. A kieg\u00e9sz\u00edt\u0151 tartalomban a gy\u00e1rt\u00f3sorokon haszn\u00e1lt hardver-infrastrukt\u00far\u00e1r\u00f3l, az anyag- \u00e9s term\u00e9k\u00e1raml\u00e1st automatiz\u00e1l\u00f3 megold\u00e1sokr\u00f3l, valamint a gy\u00e1rt\u00e1si folyamatokat ir\u00e1ny\u00edt\u00f3 informatikai rendszerekr\u0151l sz\u00f3l\u00f3 anyagok szerepelnek. <\/p>\n    \n\n    \n    <p><em>Forr\u00e1s: <a href=\"https:\/\/www.logistyczny.com\/\">www.logistyczny.com<\/a><\/em><\/p>\n    \n  <\/div>\n  \n\n  \n  <div class=\"wp-block-column is-layout-flow wp-block-column-is-layout-flow\" style=\"flex-basis:10%\"><\/div>\n  \n<\/div>\n","protected":false},"excerpt":{"rendered":"<p>N\u00e9h\u00e1ny sz\u00f3 az Anter System-t\u0151l az ipari biztons\u00e1gr\u00f3l a Kaizen magazin sz\u00e1m\u00e1ra \u00d6r\u00f6mmel jelentj\u00fck be, hogy a Kaizen magazin leg\u00fajabb sz\u00e1m\u00e1ban (okt\u00f3ber-november 2024, 5(70)\/2024. sz\u00e1m) Natalia Margatis, az Anter System projektmenedzsere szak\u00e9rt\u0151i komment\u00e1rral jelentkezett . A komment\u00e1r Micha\u0142 Jurczak &#8221; Forgalmi z\u00f3na. Hogyan \u00e9s mivel biztos\u00edtsuk a berendez\u00e9sek \u00e9s emberek mozg\u00e1si ter\u00fcleteit az ipari csarnokokban?&#8221;, [&hellip;]<\/p>\n","protected":false},"author":1,"featured_media":0,"parent":30300,"menu_order":0,"comment_status":"closed","ping_status":"closed","template":"","meta":{"inline_featured_image":false,"ngg_post_thumbnail":0,"footnotes":""},"class_list":["post-38967","page","type-page","status-publish","hentry"],"acf":[],"yoast_head":"<!-- This site is optimized with the Yoast SEO plugin v27.0 - https:\/\/yoast.com\/product\/yoast-seo-wordpress\/ -->\n<title>Anter System szak\u00e9rt\u0151i komment\u00e1r a KAIZEN magazin sz\u00e1m\u00e1ra - Anter System<\/title>\n<meta name=\"description\" content=\"Zapraszamy do lektury najnowszego wydania magazynu KAIZEN, w kt\u00f3rym ukaza\u0142 si\u0119 komentarz ekspercki firmy Anter System\" \/>\n<meta name=\"robots\" content=\"index, follow, max-snippet:-1, max-image-preview:large, max-video-preview:-1\" \/>\n<link rel=\"canonical\" href=\"https:\/\/antersystem.com\/hu\/hirek\/anter-system-expert-commentary-for-kaizen-magazine\/\" \/>\n<meta property=\"og:locale\" content=\"hu_HU\" \/>\n<meta property=\"og:type\" content=\"article\" \/>\n<meta property=\"og:title\" content=\"Anter System szak\u00e9rt\u0151i komment\u00e1r a KAIZEN magazin sz\u00e1m\u00e1ra - Anter System\" \/>\n<meta property=\"og:description\" content=\"Zapraszamy do lektury najnowszego wydania magazynu KAIZEN, w kt\u00f3rym ukaza\u0142 si\u0119 komentarz ekspercki firmy Anter System\" \/>\n<meta property=\"og:url\" content=\"https:\/\/antersystem.com\/hu\/hirek\/anter-system-expert-commentary-for-kaizen-magazine\/\" \/>\n<meta property=\"og:site_name\" content=\"Anter System\" \/>\n<meta property=\"article:modified_time\" content=\"2026-02-02T14:23:18+00:00\" \/>\n<meta name=\"twitter:card\" content=\"summary_large_image\" \/>\n<meta name=\"twitter:label1\" content=\"Becs\u00fclt olvas\u00e1si id\u0151\" \/>\n\t<meta name=\"twitter:data1\" content=\"3 perc\" \/>\n<script type=\"application\/ld+json\" class=\"yoast-schema-graph\">{\"@context\":\"https:\/\/schema.org\",\"@graph\":[{\"@type\":\"WebPage\",\"@id\":\"https:\/\/antersystem.com\/hu\/hirek\/anter-system-expert-commentary-for-kaizen-magazine\/\",\"url\":\"https:\/\/antersystem.com\/hu\/hirek\/anter-system-expert-commentary-for-kaizen-magazine\/\",\"name\":\"Anter System szak\u00e9rt\u0151i komment\u00e1r a KAIZEN magazin sz\u00e1m\u00e1ra - Anter System\",\"isPartOf\":{\"@id\":\"https:\/\/antersystem.com\/hu\/#website\"},\"datePublished\":\"2024-12-12T14:46:51+00:00\",\"dateModified\":\"2026-02-02T14:23:18+00:00\",\"description\":\"Zapraszamy do lektury najnowszego wydania magazynu KAIZEN, w kt\u00f3rym ukaza\u0142 si\u0119 komentarz ekspercki firmy Anter System\",\"breadcrumb\":{\"@id\":\"https:\/\/antersystem.com\/hu\/hirek\/anter-system-expert-commentary-for-kaizen-magazine\/#breadcrumb\"},\"inLanguage\":\"hu\",\"potentialAction\":[{\"@type\":\"ReadAction\",\"target\":[\"https:\/\/antersystem.com\/hu\/hirek\/anter-system-expert-commentary-for-kaizen-magazine\/\"]}]},{\"@type\":\"BreadcrumbList\",\"@id\":\"https:\/\/antersystem.com\/hu\/hirek\/anter-system-expert-commentary-for-kaizen-magazine\/#breadcrumb\",\"itemListElement\":[{\"@type\":\"ListItem\",\"position\":1,\"name\":\"AnterSystem\",\"item\":\"https:\/\/antersystem.com\/hu\/\"},{\"@type\":\"ListItem\",\"position\":2,\"name\":\"H\u00edrek\",\"item\":\"https:\/\/antersystem.com\/hu\/hirek\/\"},{\"@type\":\"ListItem\",\"position\":3,\"name\":\"Anter System szak\u00e9rt\u0151i komment\u00e1r a KAIZEN magazin sz\u00e1m\u00e1ra\"}]},{\"@type\":\"WebSite\",\"@id\":\"https:\/\/antersystem.com\/hu\/#website\",\"url\":\"https:\/\/antersystem.com\/hu\/\",\"name\":\"Anter System\",\"description\":\"Jeste\u015bmy polskim producentem elastycznych barier ochronnych wykonywanych z polimerowych tworzyw sztucznych. Na rynku krajowym i zagranicznym dzia\u0142amy od ponad 15 lat dbaj\u0105c o zapewnienie bezpiecze\u0144stwa w zak\u0142adach produkcyjnych, magazynach oraz centrach logistycznych.\",\"potentialAction\":[{\"@type\":\"SearchAction\",\"target\":{\"@type\":\"EntryPoint\",\"urlTemplate\":\"https:\/\/antersystem.com\/hu\/?s={search_term_string}\"},\"query-input\":{\"@type\":\"PropertyValueSpecification\",\"valueRequired\":true,\"valueName\":\"search_term_string\"}}],\"inLanguage\":\"hu\"}]}<\/script>\n<!-- \/ Yoast SEO plugin. -->","yoast_head_json":{"title":"Anter System szak\u00e9rt\u0151i komment\u00e1r a KAIZEN magazin sz\u00e1m\u00e1ra - Anter System","description":"Zapraszamy do lektury najnowszego wydania magazynu KAIZEN, w kt\u00f3rym ukaza\u0142 si\u0119 komentarz ekspercki firmy Anter System","robots":{"index":"index","follow":"follow","max-snippet":"max-snippet:-1","max-image-preview":"max-image-preview:large","max-video-preview":"max-video-preview:-1"},"canonical":"https:\/\/antersystem.com\/hu\/hirek\/anter-system-expert-commentary-for-kaizen-magazine\/","og_locale":"hu_HU","og_type":"article","og_title":"Anter System szak\u00e9rt\u0151i komment\u00e1r a KAIZEN magazin sz\u00e1m\u00e1ra - Anter System","og_description":"Zapraszamy do lektury najnowszego wydania magazynu KAIZEN, w kt\u00f3rym ukaza\u0142 si\u0119 komentarz ekspercki firmy Anter System","og_url":"https:\/\/antersystem.com\/hu\/hirek\/anter-system-expert-commentary-for-kaizen-magazine\/","og_site_name":"Anter System","article_modified_time":"2026-02-02T14:23:18+00:00","twitter_card":"summary_large_image","twitter_misc":{"Becs\u00fclt olvas\u00e1si id\u0151":"3 perc"},"schema":{"@context":"https:\/\/schema.org","@graph":[{"@type":"WebPage","@id":"https:\/\/antersystem.com\/hu\/hirek\/anter-system-expert-commentary-for-kaizen-magazine\/","url":"https:\/\/antersystem.com\/hu\/hirek\/anter-system-expert-commentary-for-kaizen-magazine\/","name":"Anter System szak\u00e9rt\u0151i komment\u00e1r a KAIZEN magazin sz\u00e1m\u00e1ra - Anter System","isPartOf":{"@id":"https:\/\/antersystem.com\/hu\/#website"},"datePublished":"2024-12-12T14:46:51+00:00","dateModified":"2026-02-02T14:23:18+00:00","description":"Zapraszamy do lektury najnowszego wydania magazynu KAIZEN, w kt\u00f3rym ukaza\u0142 si\u0119 komentarz ekspercki firmy Anter System","breadcrumb":{"@id":"https:\/\/antersystem.com\/hu\/hirek\/anter-system-expert-commentary-for-kaizen-magazine\/#breadcrumb"},"inLanguage":"hu","potentialAction":[{"@type":"ReadAction","target":["https:\/\/antersystem.com\/hu\/hirek\/anter-system-expert-commentary-for-kaizen-magazine\/"]}]},{"@type":"BreadcrumbList","@id":"https:\/\/antersystem.com\/hu\/hirek\/anter-system-expert-commentary-for-kaizen-magazine\/#breadcrumb","itemListElement":[{"@type":"ListItem","position":1,"name":"AnterSystem","item":"https:\/\/antersystem.com\/hu\/"},{"@type":"ListItem","position":2,"name":"H\u00edrek","item":"https:\/\/antersystem.com\/hu\/hirek\/"},{"@type":"ListItem","position":3,"name":"Anter System szak\u00e9rt\u0151i komment\u00e1r a KAIZEN magazin sz\u00e1m\u00e1ra"}]},{"@type":"WebSite","@id":"https:\/\/antersystem.com\/hu\/#website","url":"https:\/\/antersystem.com\/hu\/","name":"Anter System","description":"Jeste\u015bmy polskim producentem elastycznych barier ochronnych wykonywanych z polimerowych tworzyw sztucznych. Na rynku krajowym i zagranicznym dzia\u0142amy od ponad 15 lat dbaj\u0105c o zapewnienie bezpiecze\u0144stwa w zak\u0142adach produkcyjnych, magazynach oraz centrach logistycznych.","potentialAction":[{"@type":"SearchAction","target":{"@type":"EntryPoint","urlTemplate":"https:\/\/antersystem.com\/hu\/?s={search_term_string}"},"query-input":{"@type":"PropertyValueSpecification","valueRequired":true,"valueName":"search_term_string"}}],"inLanguage":"hu"}]}},"_links":{"self":[{"href":"https:\/\/antersystem.com\/hu\/wp-json\/wp\/v2\/pages\/38967","targetHints":{"allow":["GET"]}}],"collection":[{"href":"https:\/\/antersystem.com\/hu\/wp-json\/wp\/v2\/pages"}],"about":[{"href":"https:\/\/antersystem.com\/hu\/wp-json\/wp\/v2\/types\/page"}],"author":[{"embeddable":true,"href":"https:\/\/antersystem.com\/hu\/wp-json\/wp\/v2\/users\/1"}],"replies":[{"embeddable":true,"href":"https:\/\/antersystem.com\/hu\/wp-json\/wp\/v2\/comments?post=38967"}],"version-history":[{"count":1,"href":"https:\/\/antersystem.com\/hu\/wp-json\/wp\/v2\/pages\/38967\/revisions"}],"predecessor-version":[{"id":38969,"href":"https:\/\/antersystem.com\/hu\/wp-json\/wp\/v2\/pages\/38967\/revisions\/38969"}],"up":[{"embeddable":true,"href":"https:\/\/antersystem.com\/hu\/wp-json\/wp\/v2\/pages\/30300"}],"wp:attachment":[{"href":"https:\/\/antersystem.com\/hu\/wp-json\/wp\/v2\/media?parent=38967"}],"curies":[{"name":"wp","href":"https:\/\/api.w.org\/{rel}","templated":true}]}}