{"id":39085,"date":"2024-04-29T13:41:44","date_gmt":"2024-04-29T11:41:44","guid":{"rendered":"https:\/\/antersystem.com\/hirek\/report-from-sawo-2024-trade-fair\/"},"modified":"2026-02-02T15:47:17","modified_gmt":"2026-02-02T14:47:17","slug":"report-from-sawo-2024-trade-fair","status":"publish","type":"page","link":"https:\/\/antersystem.com\/hu\/hirek\/report-from-sawo-2024-trade-fair\/","title":{"rendered":"Jelent\u00e9s SAWO 2024 v\u00e1s\u00e1rr\u00f3l"},"content":{"rendered":"\n<div class=\"wp-block-columns is-layout-flex wp-container-core-columns-is-layout-9d6595d7 wp-block-columns-is-layout-flex\">\n<div class=\"wp-block-column is-layout-flow wp-block-column-is-layout-flow\" style=\"flex-basis:10%\"><\/div>\n\n\n\n<div class=\"wp-block-column is-layout-flow wp-block-column-is-layout-flow\">\n<h2 class=\"wp-block-heading\">Vizu\u00e1lis jelent\u00e9s a SAWO&#8217;24 v\u00e1s\u00e1rr\u00f3l<\/h2>\n\n\n\n<p>A SAWO Nemzetk\u00f6zi Munkav\u00e9delmi, T\u0171zv\u00e9delmi \u00e9s Ment\u00e9si Szakv\u00e1s\u00e1r K\u00f6z\u00e9p- \u00e9s Kelet-Eur\u00f3pa legnagyobb munkav\u00e9delmi szakv\u00e1s\u00e1ra. A rendezv\u00e9nyt k\u00e9t\u00e9vente rendezik meg. SAWO egyed\u00fcl\u00e1ll\u00f3 esem\u00e9ny Lengyelorsz\u00e1gban, amely k\u00f6zvetlen\u00fcl hozz\u00e1j\u00e1rul a fejlett technol\u00f3gi\u00e1k \u00e9s megold\u00e1sok bevezet\u00e9s\u00e9hez a v\u00e1llalatokn\u00e1l, jav\u00edtva a munka min\u0151s\u00e9g\u00e9t \u00e9s a munkav\u00e1llal\u00f3k biztons\u00e1g\u00e1t.  <\/p>\n\n\n\n<p>Az idei kiad\u00e1s sor\u00e1n arany\u00e9rmet kaptunk a szervez\u0151kt\u0151l a <strong><a href=\"https:\/\/antersystem.com\/hu\/termekek\/traffic-dock-gate\/bramka-dock-gate-3-2\/\">R2 automatikus TRAFFIC DOCK GATE<\/a><\/strong>. Ez az innovat\u00edv megold\u00e1s biztons\u00e1gos \u00e9s hat\u00e9kony \u00e1rukezel\u00e9st biztos\u00edt a rakod\u00f3dokkokn\u00e1l, a rakt\u00e1rter\u00fcleteken \u00e9s a rakt\u00e1rakban. Csapatunk sz\u00e1mos besz\u00e9lget\u00e9st folytatott, \u00e9s t\u00f6bb sz\u00e1z l\u00e1togat\u00f3nak mutatta be az Anter System megold\u00e1sait, mindannyian egy c\u00e9lt szem el\u0151tt tartva &#8211; hogy a biztons\u00e1gos munkav\u00e9gz\u00e9s legyen a szabv\u00e1ny.  <\/p>\n\n\n\n<p>K\u00f6sz\u00f6nj\u00fck, hogy megl\u00e1togatta standunkat \u00e9s a lehet\u0151s\u00e9get, hogy bemutathatjuk az Anter System <a href=\"https:\/\/www.youtube.com\/channel\/UC1zGnGoW-aY0v1ZrDd3KHLA\">@antersystem_pl \u00e1ltal k\u00edn\u00e1lt megold\u00e1sokat .<\/a><\/p>\n\n\n\n<p>Megh\u00edvjuk \u00d6nt, hogy vegye fel vel\u00fcnk a kapcsolatot, \u00e9s n\u00e9zze meg az esem\u00e9ny hangulat\u00e1t meg\u00f6r\u00f6k\u00edt\u0151 vide\u00f3t\/f\u00e9nyk\u00e9peket!<\/p>\n\n\n\nngg_shortcode_0_placeholder\n\n\n\n<figure class=\"wp-block-embed aligncenter is-type-video is-provider-youtube wp-block-embed-youtube wp-embed-aspect-16-9 wp-has-aspect-ratio\"><div class=\"wp-block-embed__wrapper\">\n<iframe loading=\"lazy\" title=\"Relacja z targ\u00f3w SAWO 2024 Anter System. [Report from the SAWO 2024 Anter System fair.]\" width=\"500\" height=\"281\" src=\"https:\/\/www.youtube.com\/embed\/sRi9QEKJonk?feature=oembed\" frameborder=\"0\" allow=\"accelerometer; autoplay; clipboard-write; encrypted-media; gyroscope; picture-in-picture; web-share\" referrerpolicy=\"strict-origin-when-cross-origin\" allowfullscreen><\/iframe>\n<\/div><\/figure>\n\n\n\n<h3 class=\"wp-block-heading\"><\/h3>\n<\/div>\n\n\n\n<div class=\"wp-block-column is-layout-flow wp-block-column-is-layout-flow\" style=\"flex-basis:10%\"><\/div>\n<\/div>\n","protected":false},"excerpt":{"rendered":"<p>Vizu\u00e1lis jelent\u00e9s a SAWO&#8217;24 v\u00e1s\u00e1rr\u00f3l A SAWO Nemzetk\u00f6zi Munkav\u00e9delmi, T\u0171zv\u00e9delmi \u00e9s Ment\u00e9si Szakv\u00e1s\u00e1r K\u00f6z\u00e9p- \u00e9s Kelet-Eur\u00f3pa legnagyobb munkav\u00e9delmi szakv\u00e1s\u00e1ra. A rendezv\u00e9nyt k\u00e9t\u00e9vente rendezik meg. SAWO egyed\u00fcl\u00e1ll\u00f3 esem\u00e9ny Lengyelorsz\u00e1gban, amely k\u00f6zvetlen\u00fcl hozz\u00e1j\u00e1rul a fejlett technol\u00f3gi\u00e1k \u00e9s megold\u00e1sok bevezet\u00e9s\u00e9hez a v\u00e1llalatokn\u00e1l, jav\u00edtva a munka min\u0151s\u00e9g\u00e9t \u00e9s a munkav\u00e1llal\u00f3k biztons\u00e1g\u00e1t. Az idei kiad\u00e1s sor\u00e1n arany\u00e9rmet kaptunk a szervez\u0151kt\u0151l [&hellip;]<\/p>\n","protected":false},"author":1,"featured_media":0,"parent":30300,"menu_order":0,"comment_status":"closed","ping_status":"closed","template":"","meta":{"inline_featured_image":false,"ngg_post_thumbnail":0,"footnotes":""},"class_list":["post-39085","page","type-page","status-publish","hentry"],"acf":[],"yoast_head":"<!-- This site is optimized with the Yoast SEO plugin v27.0 - https:\/\/yoast.com\/product\/yoast-seo-wordpress\/ -->\n<title>Jelent\u00e9s SAWO 2024 v\u00e1s\u00e1rr\u00f3l - Anter System<\/title>\n<meta name=\"description\" content=\"Vizu\u00e1lis jelent\u00e9s a SAWO&#039;24 v\u00e1s\u00e1rr\u00f3l A SAWO Nemzetk\u00f6zi Munkav\u00e9delmi, T\u0171zv\u00e9delmi \u00e9s Ment\u00e9si Szakv\u00e1s\u00e1r K\u00f6z\u00e9p- \u00e9s Kelet-Eur\u00f3pa legnagyobb munkav\u00e9delmi\" \/>\n<meta name=\"robots\" content=\"index, follow, max-snippet:-1, max-image-preview:large, max-video-preview:-1\" \/>\n<link rel=\"canonical\" href=\"https:\/\/antersystem.com\/hu\/hirek\/report-from-sawo-2024-trade-fair\/\" \/>\n<meta property=\"og:locale\" content=\"hu_HU\" \/>\n<meta property=\"og:type\" content=\"article\" \/>\n<meta property=\"og:title\" content=\"Jelent\u00e9s SAWO 2024 v\u00e1s\u00e1rr\u00f3l - Anter System\" \/>\n<meta property=\"og:description\" content=\"Vizu\u00e1lis jelent\u00e9s a SAWO&#039;24 v\u00e1s\u00e1rr\u00f3l A SAWO Nemzetk\u00f6zi Munkav\u00e9delmi, T\u0171zv\u00e9delmi \u00e9s Ment\u00e9si Szakv\u00e1s\u00e1r K\u00f6z\u00e9p- \u00e9s Kelet-Eur\u00f3pa legnagyobb munkav\u00e9delmi\" \/>\n<meta property=\"og:url\" content=\"https:\/\/antersystem.com\/hu\/hirek\/report-from-sawo-2024-trade-fair\/\" \/>\n<meta property=\"og:site_name\" content=\"Anter System\" \/>\n<meta property=\"article:modified_time\" content=\"2026-02-02T14:47:17+00:00\" \/>\n<meta name=\"twitter:card\" content=\"summary_large_image\" \/>\n<meta name=\"twitter:label1\" content=\"Becs\u00fclt olvas\u00e1si id\u0151\" \/>\n\t<meta name=\"twitter:data1\" content=\"1 perc\" \/>\n<script type=\"application\/ld+json\" class=\"yoast-schema-graph\">{\"@context\":\"https:\/\/schema.org\",\"@graph\":[{\"@type\":\"WebPage\",\"@id\":\"https:\/\/antersystem.com\/hu\/hirek\/report-from-sawo-2024-trade-fair\/\",\"url\":\"https:\/\/antersystem.com\/hu\/hirek\/report-from-sawo-2024-trade-fair\/\",\"name\":\"Jelent\u00e9s SAWO 2024 v\u00e1s\u00e1rr\u00f3l - Anter System\",\"isPartOf\":{\"@id\":\"https:\/\/antersystem.com\/hu\/#website\"},\"datePublished\":\"2024-04-29T11:41:44+00:00\",\"dateModified\":\"2026-02-02T14:47:17+00:00\",\"description\":\"Vizu\u00e1lis jelent\u00e9s a SAWO'24 v\u00e1s\u00e1rr\u00f3l A SAWO Nemzetk\u00f6zi Munkav\u00e9delmi, T\u0171zv\u00e9delmi \u00e9s Ment\u00e9si Szakv\u00e1s\u00e1r K\u00f6z\u00e9p- \u00e9s Kelet-Eur\u00f3pa legnagyobb munkav\u00e9delmi\",\"breadcrumb\":{\"@id\":\"https:\/\/antersystem.com\/hu\/hirek\/report-from-sawo-2024-trade-fair\/#breadcrumb\"},\"inLanguage\":\"hu\",\"potentialAction\":[{\"@type\":\"ReadAction\",\"target\":[\"https:\/\/antersystem.com\/hu\/hirek\/report-from-sawo-2024-trade-fair\/\"]}]},{\"@type\":\"BreadcrumbList\",\"@id\":\"https:\/\/antersystem.com\/hu\/hirek\/report-from-sawo-2024-trade-fair\/#breadcrumb\",\"itemListElement\":[{\"@type\":\"ListItem\",\"position\":1,\"name\":\"AnterSystem\",\"item\":\"https:\/\/antersystem.com\/hu\/\"},{\"@type\":\"ListItem\",\"position\":2,\"name\":\"H\u00edrek\",\"item\":\"https:\/\/antersystem.com\/hu\/hirek\/\"},{\"@type\":\"ListItem\",\"position\":3,\"name\":\"Jelent\u00e9s SAWO 2024 v\u00e1s\u00e1rr\u00f3l\"}]},{\"@type\":\"WebSite\",\"@id\":\"https:\/\/antersystem.com\/hu\/#website\",\"url\":\"https:\/\/antersystem.com\/hu\/\",\"name\":\"Anter System\",\"description\":\"Jeste\u015bmy polskim producentem elastycznych barier ochronnych wykonywanych z polimerowych tworzyw sztucznych. Na rynku krajowym i zagranicznym dzia\u0142amy od ponad 15 lat dbaj\u0105c o zapewnienie bezpiecze\u0144stwa w zak\u0142adach produkcyjnych, magazynach oraz centrach logistycznych.\",\"potentialAction\":[{\"@type\":\"SearchAction\",\"target\":{\"@type\":\"EntryPoint\",\"urlTemplate\":\"https:\/\/antersystem.com\/hu\/?s={search_term_string}\"},\"query-input\":{\"@type\":\"PropertyValueSpecification\",\"valueRequired\":true,\"valueName\":\"search_term_string\"}}],\"inLanguage\":\"hu\"}]}<\/script>\n<!-- \/ Yoast SEO plugin. -->","yoast_head_json":{"title":"Jelent\u00e9s SAWO 2024 v\u00e1s\u00e1rr\u00f3l - Anter System","description":"Vizu\u00e1lis jelent\u00e9s a SAWO'24 v\u00e1s\u00e1rr\u00f3l A SAWO Nemzetk\u00f6zi Munkav\u00e9delmi, T\u0171zv\u00e9delmi \u00e9s Ment\u00e9si Szakv\u00e1s\u00e1r K\u00f6z\u00e9p- \u00e9s Kelet-Eur\u00f3pa legnagyobb munkav\u00e9delmi","robots":{"index":"index","follow":"follow","max-snippet":"max-snippet:-1","max-image-preview":"max-image-preview:large","max-video-preview":"max-video-preview:-1"},"canonical":"https:\/\/antersystem.com\/hu\/hirek\/report-from-sawo-2024-trade-fair\/","og_locale":"hu_HU","og_type":"article","og_title":"Jelent\u00e9s SAWO 2024 v\u00e1s\u00e1rr\u00f3l - Anter System","og_description":"Vizu\u00e1lis jelent\u00e9s a SAWO'24 v\u00e1s\u00e1rr\u00f3l A SAWO Nemzetk\u00f6zi Munkav\u00e9delmi, T\u0171zv\u00e9delmi \u00e9s Ment\u00e9si Szakv\u00e1s\u00e1r K\u00f6z\u00e9p- \u00e9s Kelet-Eur\u00f3pa legnagyobb munkav\u00e9delmi","og_url":"https:\/\/antersystem.com\/hu\/hirek\/report-from-sawo-2024-trade-fair\/","og_site_name":"Anter System","article_modified_time":"2026-02-02T14:47:17+00:00","twitter_card":"summary_large_image","twitter_misc":{"Becs\u00fclt olvas\u00e1si id\u0151":"1 perc"},"schema":{"@context":"https:\/\/schema.org","@graph":[{"@type":"WebPage","@id":"https:\/\/antersystem.com\/hu\/hirek\/report-from-sawo-2024-trade-fair\/","url":"https:\/\/antersystem.com\/hu\/hirek\/report-from-sawo-2024-trade-fair\/","name":"Jelent\u00e9s SAWO 2024 v\u00e1s\u00e1rr\u00f3l - Anter System","isPartOf":{"@id":"https:\/\/antersystem.com\/hu\/#website"},"datePublished":"2024-04-29T11:41:44+00:00","dateModified":"2026-02-02T14:47:17+00:00","description":"Vizu\u00e1lis jelent\u00e9s a SAWO'24 v\u00e1s\u00e1rr\u00f3l A SAWO Nemzetk\u00f6zi Munkav\u00e9delmi, T\u0171zv\u00e9delmi \u00e9s Ment\u00e9si Szakv\u00e1s\u00e1r K\u00f6z\u00e9p- \u00e9s Kelet-Eur\u00f3pa legnagyobb munkav\u00e9delmi","breadcrumb":{"@id":"https:\/\/antersystem.com\/hu\/hirek\/report-from-sawo-2024-trade-fair\/#breadcrumb"},"inLanguage":"hu","potentialAction":[{"@type":"ReadAction","target":["https:\/\/antersystem.com\/hu\/hirek\/report-from-sawo-2024-trade-fair\/"]}]},{"@type":"BreadcrumbList","@id":"https:\/\/antersystem.com\/hu\/hirek\/report-from-sawo-2024-trade-fair\/#breadcrumb","itemListElement":[{"@type":"ListItem","position":1,"name":"AnterSystem","item":"https:\/\/antersystem.com\/hu\/"},{"@type":"ListItem","position":2,"name":"H\u00edrek","item":"https:\/\/antersystem.com\/hu\/hirek\/"},{"@type":"ListItem","position":3,"name":"Jelent\u00e9s SAWO 2024 v\u00e1s\u00e1rr\u00f3l"}]},{"@type":"WebSite","@id":"https:\/\/antersystem.com\/hu\/#website","url":"https:\/\/antersystem.com\/hu\/","name":"Anter System","description":"Jeste\u015bmy polskim producentem elastycznych barier ochronnych wykonywanych z polimerowych tworzyw sztucznych. Na rynku krajowym i zagranicznym dzia\u0142amy od ponad 15 lat dbaj\u0105c o zapewnienie bezpiecze\u0144stwa w zak\u0142adach produkcyjnych, magazynach oraz centrach logistycznych.","potentialAction":[{"@type":"SearchAction","target":{"@type":"EntryPoint","urlTemplate":"https:\/\/antersystem.com\/hu\/?s={search_term_string}"},"query-input":{"@type":"PropertyValueSpecification","valueRequired":true,"valueName":"search_term_string"}}],"inLanguage":"hu"}]}},"_links":{"self":[{"href":"https:\/\/antersystem.com\/hu\/wp-json\/wp\/v2\/pages\/39085","targetHints":{"allow":["GET"]}}],"collection":[{"href":"https:\/\/antersystem.com\/hu\/wp-json\/wp\/v2\/pages"}],"about":[{"href":"https:\/\/antersystem.com\/hu\/wp-json\/wp\/v2\/types\/page"}],"author":[{"embeddable":true,"href":"https:\/\/antersystem.com\/hu\/wp-json\/wp\/v2\/users\/1"}],"replies":[{"embeddable":true,"href":"https:\/\/antersystem.com\/hu\/wp-json\/wp\/v2\/comments?post=39085"}],"version-history":[{"count":1,"href":"https:\/\/antersystem.com\/hu\/wp-json\/wp\/v2\/pages\/39085\/revisions"}],"predecessor-version":[{"id":39086,"href":"https:\/\/antersystem.com\/hu\/wp-json\/wp\/v2\/pages\/39085\/revisions\/39086"}],"up":[{"embeddable":true,"href":"https:\/\/antersystem.com\/hu\/wp-json\/wp\/v2\/pages\/30300"}],"wp:attachment":[{"href":"https:\/\/antersystem.com\/hu\/wp-json\/wp\/v2\/media?parent=39085"}],"curies":[{"name":"wp","href":"https:\/\/api.w.org\/{rel}","templated":true}]}}