{"id":39372,"date":"2025-01-29T15:15:00","date_gmt":"2025-01-29T14:15:00","guid":{"rendered":"https:\/\/antersystem.com\/hirek\/interview-with-anter-system-representatives-in-monitor-rynkowy\/"},"modified":"2026-02-04T12:37:11","modified_gmt":"2026-02-04T11:37:11","slug":"interview-with-anter-system-representatives-in-monitor-rynkowy","status":"publish","type":"page","link":"https:\/\/antersystem.com\/hu\/hirek\/interview-with-anter-system-representatives-in-monitor-rynkowy\/","title":{"rendered":"Interj\u00fa az Anter System k\u00e9pvisel\u0151ivel Monitor Rynkowy-ban"},"content":{"rendered":"\n<div class=\"wp-block-columns is-layout-flex wp-container-core-columns-is-layout-9d6595d7 wp-block-columns-is-layout-flex\">\n<div class=\"wp-block-column is-layout-flow wp-block-column-is-layout-flow\" style=\"flex-basis:10%\"><\/div>\n\n\n\n<div class=\"wp-block-column is-layout-flow wp-block-column-is-layout-flow\">\n<p>\u00d6r\u00f6mmel jelentj\u00fck be, hogy a Monitor <em>Rynkowy weboldal\u00e1n<\/em> megjelent egy interj\u00fa c\u00e9g\u00fcnk k\u00e9pvisel\u0151ivel &#8211; <strong>Natalia Margatis<\/strong>, az Anter System vez\u00e9rigazgat\u00f3j\u00e1val \u00e9s Tomasz <strong>Bary\u0142a term\u00e9kmenedzserrel<\/strong> <em>-.<\/em> <\/p>\n\n\n\n<p>A besz\u00e9lget\u00e9s az ipari \u00e9s rakt\u00e1ri k\u00f6rnyezet biztons\u00e1g\u00e1val kapcsolatos kulcsfontoss\u00e1g\u00fa k\u00e9rd\u00e9sekre, valamint a rugalmas polimer korl\u00e1tok modern termel\u00e9si terekben bet\u00f6lt\u00f6tt d\u00f6nt\u0151 szerep\u00e9re \u00f6sszpontos\u00edtott. Olyan k\u00e9rd\u00e9sekre v\u00e1laszoltunk, mint p\u00e9ld\u00e1ul: <\/p>\n\n\n\n<ul class=\"wp-block-list\">\n<li>Milyen val\u00f3s biztons\u00e1gi kih\u00edv\u00e1sokkal kell jelenleg szemben\u00e9znie az ipari \u00e1gazatnak,<\/li>\n\n\n\n<li>Hogyan fokozza a munkahelyi biztons\u00e1got a term\u00e9keinkbe integr\u00e1lt automatiz\u00e1l\u00e1s \u00e9s intelligens technol\u00f3gi\u00e1k,<\/li>\n\n\n\n<li>Ami a rugalmas akad\u00e1lyokat m\u0171szakilag egyediv\u00e9 teszi &#8211; bele\u00e9rtve az \u00fctk\u00f6z\u00e9si energiaelnyel\u0151 tulajdons\u00e1gaikat,<\/li>\n\n\n\n<li>Hogyan j\u00e1rulnak hozz\u00e1 megold\u00e1saink a k\u00f6rnyezeti fenntarthat\u00f3s\u00e1ghoz \u00e9s seg\u00edtenek cs\u00f6kkenteni a sz\u00e9nl\u00e1bnyomot.<\/li>\n<\/ul>\n\n\n\n<p>K\u00e9rj\u00fck, olvassa el a teljes interj\u00fat, amely mostant\u00f3l el\u00e9rhet\u0151 a <em>Monitor Rynkowy weboldal\u00e1n<\/em>: \ud83d\udc49 <a href=\"https:\/\/monitorrynkowy.pl\/polski-pomysl-na-globalne-potrzeby\/\"><strong>Olvassa el az interj\u00fat<\/strong><\/a><\/p>\n<\/div>\n\n\n\n<div class=\"wp-block-column is-layout-flow wp-block-column-is-layout-flow\" style=\"flex-basis:10%\"><\/div>\n<\/div>\n","protected":false},"excerpt":{"rendered":"<p>\u00d6r\u00f6mmel jelentj\u00fck be, hogy a Monitor Rynkowy weboldal\u00e1n megjelent egy interj\u00fa c\u00e9g\u00fcnk k\u00e9pvisel\u0151ivel &#8211; Natalia Margatis, az Anter System vez\u00e9rigazgat\u00f3j\u00e1val \u00e9s Tomasz Bary\u0142a term\u00e9kmenedzserrel -. A besz\u00e9lget\u00e9s az ipari \u00e9s rakt\u00e1ri k\u00f6rnyezet biztons\u00e1g\u00e1val kapcsolatos kulcsfontoss\u00e1g\u00fa k\u00e9rd\u00e9sekre, valamint a rugalmas polimer korl\u00e1tok modern termel\u00e9si terekben bet\u00f6lt\u00f6tt d\u00f6nt\u0151 szerep\u00e9re \u00f6sszpontos\u00edtott. Olyan k\u00e9rd\u00e9sekre v\u00e1laszoltunk, mint p\u00e9ld\u00e1ul: K\u00e9rj\u00fck, olvassa [&hellip;]<\/p>\n","protected":false},"author":11,"featured_media":0,"parent":30300,"menu_order":0,"comment_status":"closed","ping_status":"closed","template":"","meta":{"inline_featured_image":false,"ngg_post_thumbnail":0,"footnotes":""},"class_list":["post-39372","page","type-page","status-publish","hentry"],"acf":[],"yoast_head":"<!-- This site is optimized with the Yoast SEO plugin v27.0 - https:\/\/yoast.com\/product\/yoast-seo-wordpress\/ -->\n<title>Interj\u00fa az Anter System k\u00e9pvisel\u0151ivel Monitor Rynkowy-ban - Anter System<\/title>\n<meta name=\"description\" content=\"Zapraszamy do lektury najnowszego wydania magazynu KAIZEN, w kt\u00f3rym ukaza\u0142 si\u0119 komentarz ekspercki firmy Anter System\" \/>\n<meta name=\"robots\" content=\"index, follow, max-snippet:-1, max-image-preview:large, max-video-preview:-1\" \/>\n<link rel=\"canonical\" href=\"https:\/\/antersystem.com\/hu\/hirek\/interview-with-anter-system-representatives-in-monitor-rynkowy\/\" \/>\n<meta property=\"og:locale\" content=\"hu_HU\" \/>\n<meta property=\"og:type\" content=\"article\" \/>\n<meta property=\"og:title\" content=\"Interj\u00fa az Anter System k\u00e9pvisel\u0151ivel Monitor Rynkowy-ban - Anter System\" \/>\n<meta property=\"og:description\" content=\"Zapraszamy do lektury najnowszego wydania magazynu KAIZEN, w kt\u00f3rym ukaza\u0142 si\u0119 komentarz ekspercki firmy Anter System\" \/>\n<meta property=\"og:url\" content=\"https:\/\/antersystem.com\/hu\/hirek\/interview-with-anter-system-representatives-in-monitor-rynkowy\/\" \/>\n<meta property=\"og:site_name\" content=\"Anter System\" \/>\n<meta property=\"article:modified_time\" content=\"2026-02-04T11:37:11+00:00\" \/>\n<meta name=\"twitter:card\" content=\"summary_large_image\" \/>\n<meta name=\"twitter:label1\" content=\"Becs\u00fclt olvas\u00e1si id\u0151\" \/>\n\t<meta name=\"twitter:data1\" content=\"1 perc\" \/>\n<script type=\"application\/ld+json\" class=\"yoast-schema-graph\">{\"@context\":\"https:\/\/schema.org\",\"@graph\":[{\"@type\":\"WebPage\",\"@id\":\"https:\/\/antersystem.com\/hu\/hirek\/interview-with-anter-system-representatives-in-monitor-rynkowy\/\",\"url\":\"https:\/\/antersystem.com\/hu\/hirek\/interview-with-anter-system-representatives-in-monitor-rynkowy\/\",\"name\":\"Interj\u00fa az Anter System k\u00e9pvisel\u0151ivel Monitor Rynkowy-ban - Anter System\",\"isPartOf\":{\"@id\":\"https:\/\/antersystem.com\/hu\/#website\"},\"datePublished\":\"2025-01-29T14:15:00+00:00\",\"dateModified\":\"2026-02-04T11:37:11+00:00\",\"description\":\"Zapraszamy do lektury najnowszego wydania magazynu KAIZEN, w kt\u00f3rym ukaza\u0142 si\u0119 komentarz ekspercki firmy Anter System\",\"breadcrumb\":{\"@id\":\"https:\/\/antersystem.com\/hu\/hirek\/interview-with-anter-system-representatives-in-monitor-rynkowy\/#breadcrumb\"},\"inLanguage\":\"hu\",\"potentialAction\":[{\"@type\":\"ReadAction\",\"target\":[\"https:\/\/antersystem.com\/hu\/hirek\/interview-with-anter-system-representatives-in-monitor-rynkowy\/\"]}]},{\"@type\":\"BreadcrumbList\",\"@id\":\"https:\/\/antersystem.com\/hu\/hirek\/interview-with-anter-system-representatives-in-monitor-rynkowy\/#breadcrumb\",\"itemListElement\":[{\"@type\":\"ListItem\",\"position\":1,\"name\":\"AnterSystem\",\"item\":\"https:\/\/antersystem.com\/hu\/\"},{\"@type\":\"ListItem\",\"position\":2,\"name\":\"H\u00edrek\",\"item\":\"https:\/\/antersystem.com\/hu\/hirek\/\"},{\"@type\":\"ListItem\",\"position\":3,\"name\":\"Interj\u00fa az Anter System k\u00e9pvisel\u0151ivel Monitor Rynkowy-ban\"}]},{\"@type\":\"WebSite\",\"@id\":\"https:\/\/antersystem.com\/hu\/#website\",\"url\":\"https:\/\/antersystem.com\/hu\/\",\"name\":\"Anter System\",\"description\":\"Jeste\u015bmy polskim producentem elastycznych barier ochronnych wykonywanych z polimerowych tworzyw sztucznych. Na rynku krajowym i zagranicznym dzia\u0142amy od ponad 15 lat dbaj\u0105c o zapewnienie bezpiecze\u0144stwa w zak\u0142adach produkcyjnych, magazynach oraz centrach logistycznych.\",\"potentialAction\":[{\"@type\":\"SearchAction\",\"target\":{\"@type\":\"EntryPoint\",\"urlTemplate\":\"https:\/\/antersystem.com\/hu\/?s={search_term_string}\"},\"query-input\":{\"@type\":\"PropertyValueSpecification\",\"valueRequired\":true,\"valueName\":\"search_term_string\"}}],\"inLanguage\":\"hu\"}]}<\/script>\n<!-- \/ Yoast SEO plugin. -->","yoast_head_json":{"title":"Interj\u00fa az Anter System k\u00e9pvisel\u0151ivel Monitor Rynkowy-ban - Anter System","description":"Zapraszamy do lektury najnowszego wydania magazynu KAIZEN, w kt\u00f3rym ukaza\u0142 si\u0119 komentarz ekspercki firmy Anter System","robots":{"index":"index","follow":"follow","max-snippet":"max-snippet:-1","max-image-preview":"max-image-preview:large","max-video-preview":"max-video-preview:-1"},"canonical":"https:\/\/antersystem.com\/hu\/hirek\/interview-with-anter-system-representatives-in-monitor-rynkowy\/","og_locale":"hu_HU","og_type":"article","og_title":"Interj\u00fa az Anter System k\u00e9pvisel\u0151ivel Monitor Rynkowy-ban - Anter System","og_description":"Zapraszamy do lektury najnowszego wydania magazynu KAIZEN, w kt\u00f3rym ukaza\u0142 si\u0119 komentarz ekspercki firmy Anter System","og_url":"https:\/\/antersystem.com\/hu\/hirek\/interview-with-anter-system-representatives-in-monitor-rynkowy\/","og_site_name":"Anter System","article_modified_time":"2026-02-04T11:37:11+00:00","twitter_card":"summary_large_image","twitter_misc":{"Becs\u00fclt olvas\u00e1si id\u0151":"1 perc"},"schema":{"@context":"https:\/\/schema.org","@graph":[{"@type":"WebPage","@id":"https:\/\/antersystem.com\/hu\/hirek\/interview-with-anter-system-representatives-in-monitor-rynkowy\/","url":"https:\/\/antersystem.com\/hu\/hirek\/interview-with-anter-system-representatives-in-monitor-rynkowy\/","name":"Interj\u00fa az Anter System k\u00e9pvisel\u0151ivel Monitor Rynkowy-ban - Anter System","isPartOf":{"@id":"https:\/\/antersystem.com\/hu\/#website"},"datePublished":"2025-01-29T14:15:00+00:00","dateModified":"2026-02-04T11:37:11+00:00","description":"Zapraszamy do lektury najnowszego wydania magazynu KAIZEN, w kt\u00f3rym ukaza\u0142 si\u0119 komentarz ekspercki firmy Anter System","breadcrumb":{"@id":"https:\/\/antersystem.com\/hu\/hirek\/interview-with-anter-system-representatives-in-monitor-rynkowy\/#breadcrumb"},"inLanguage":"hu","potentialAction":[{"@type":"ReadAction","target":["https:\/\/antersystem.com\/hu\/hirek\/interview-with-anter-system-representatives-in-monitor-rynkowy\/"]}]},{"@type":"BreadcrumbList","@id":"https:\/\/antersystem.com\/hu\/hirek\/interview-with-anter-system-representatives-in-monitor-rynkowy\/#breadcrumb","itemListElement":[{"@type":"ListItem","position":1,"name":"AnterSystem","item":"https:\/\/antersystem.com\/hu\/"},{"@type":"ListItem","position":2,"name":"H\u00edrek","item":"https:\/\/antersystem.com\/hu\/hirek\/"},{"@type":"ListItem","position":3,"name":"Interj\u00fa az Anter System k\u00e9pvisel\u0151ivel Monitor Rynkowy-ban"}]},{"@type":"WebSite","@id":"https:\/\/antersystem.com\/hu\/#website","url":"https:\/\/antersystem.com\/hu\/","name":"Anter System","description":"Jeste\u015bmy polskim producentem elastycznych barier ochronnych wykonywanych z polimerowych tworzyw sztucznych. Na rynku krajowym i zagranicznym dzia\u0142amy od ponad 15 lat dbaj\u0105c o zapewnienie bezpiecze\u0144stwa w zak\u0142adach produkcyjnych, magazynach oraz centrach logistycznych.","potentialAction":[{"@type":"SearchAction","target":{"@type":"EntryPoint","urlTemplate":"https:\/\/antersystem.com\/hu\/?s={search_term_string}"},"query-input":{"@type":"PropertyValueSpecification","valueRequired":true,"valueName":"search_term_string"}}],"inLanguage":"hu"}]}},"_links":{"self":[{"href":"https:\/\/antersystem.com\/hu\/wp-json\/wp\/v2\/pages\/39372","targetHints":{"allow":["GET"]}}],"collection":[{"href":"https:\/\/antersystem.com\/hu\/wp-json\/wp\/v2\/pages"}],"about":[{"href":"https:\/\/antersystem.com\/hu\/wp-json\/wp\/v2\/types\/page"}],"author":[{"embeddable":true,"href":"https:\/\/antersystem.com\/hu\/wp-json\/wp\/v2\/users\/11"}],"replies":[{"embeddable":true,"href":"https:\/\/antersystem.com\/hu\/wp-json\/wp\/v2\/comments?post=39372"}],"version-history":[{"count":1,"href":"https:\/\/antersystem.com\/hu\/wp-json\/wp\/v2\/pages\/39372\/revisions"}],"predecessor-version":[{"id":39373,"href":"https:\/\/antersystem.com\/hu\/wp-json\/wp\/v2\/pages\/39372\/revisions\/39373"}],"up":[{"embeddable":true,"href":"https:\/\/antersystem.com\/hu\/wp-json\/wp\/v2\/pages\/30300"}],"wp:attachment":[{"href":"https:\/\/antersystem.com\/hu\/wp-json\/wp\/v2\/media?parent=39372"}],"curies":[{"name":"wp","href":"https:\/\/api.w.org\/{rel}","templated":true}]}}