{"id":39484,"date":"2024-03-27T16:28:30","date_gmt":"2024-03-27T15:28:30","guid":{"rendered":"https:\/\/antersystem.com\/hirek\/automotive-cee-day\/"},"modified":"2026-02-04T13:51:25","modified_gmt":"2026-02-04T12:51:25","slug":"automotive-cee-day","status":"publish","type":"page","link":"https:\/\/antersystem.com\/hu\/hirek\/automotive-cee-day\/","title":{"rendered":"Aut\u00f3ipari CEE-nap"},"content":{"rendered":"\n<div class=\"wp-block-columns is-layout-flex wp-container-core-columns-is-layout-9d6595d7 wp-block-columns-is-layout-flex\">\n<div class=\"wp-block-column is-layout-flow wp-block-column-is-layout-flow\" style=\"flex-basis:10%\"><\/div>\n\n\n\n<div class=\"wp-block-column is-layout-flow wp-block-column-is-layout-flow\">\n<h3 class=\"wp-block-heading\">9. Aut\u00f3ipari beszerz\u00e9si tal\u00e1lkoz\u00f3 &#8211; 2024. \u00e1prilis 18-19.<\/h3>\n\n\n\n<p><strong>Az Automotive CEE Day &#8211; az AutomotiveSuppliers.pl \u00e9s Opole v\u00e1rosa \u00e1ltal szervezett esem\u00e9ny &#8211; kiv\u00e1l\u00f3 alkalom arra, hogy tal\u00e1lkozzon az aut\u00f3ipar kulcsszerepl\u0151ivel.<\/strong>  Az \u00e1prilis 18-\u00e1n \u00e9s 19-\u00e9n Opole-ban megrendez\u00e9sre ker\u00fcl\u0151 esem\u00e9nyen a nagy aut\u00f3gy\u00e1rt\u00f3k \u00e9s a Tier 1 besz\u00e1ll\u00edt\u00f3k k\u00e9pvisel\u0151i is r\u00e9szt vesznek.<\/p>\n\n\n\n<p>A k\u00e9t nap alatt a r\u00e9sztvev\u0151knek lehet\u0151s\u00e9g\u00fck lesz tal\u00e1lkozni a sz\u00e1mukra legfontosabb \u00fcgyfelekkel, \u00e9s bemutathatj\u00e1k termel\u00e9si \u00e9s szolg\u00e1ltat\u00e1si k\u00e9pess\u00e9geiket. Mint a szervez\u0151k hangs\u00falyozz\u00e1k, a rendezv\u00e9ny egy fejlett B2B partnerkeres\u0151 platformot haszn\u00e1l, amely lehet\u0151v\u00e9 teszi az \u00fczleti partnerek pontos p\u00e1ros\u00edt\u00e1s\u00e1t. A rendezv\u00e9ny az aut\u00f3ipar vil\u00e1g\u00e1nak dinamikus esem\u00e9ny\u00e9nek \u00edg\u00e9rkezik &#8211; rem\u00e9lj\u00fck, kiv\u00e1l\u00f3 eredm\u00e9nyekkel. Mind a glob\u00e1lis v\u00e1llalatok, mind a helyi piacok nagysz\u00e1m\u00fa k\u00e9pvisel\u0151j\u00e9t v\u00e1rj\u00e1k.   <\/p>\n\n\n\n<p>V\u00e1rjuk a potenci\u00e1lis \u00fczleti \u00e9s technol\u00f3giai partnerekkel val\u00f3 tal\u00e1lkoz\u00e1st is, hogy \u00f6tleteket, benyom\u00e1sokat \u00e9s know-how-t cser\u00e9lhess\u00fcnk. 15 \u00e9ve gy\u0171jtj\u00fck tapasztalatainkat <strong>az aut\u00f3iparban,<\/strong> \u00e9s <strong>olyan rendszereket sz\u00e1ll\u00edtunk a nagy gy\u00e1rt\u00f3knak, amelyek fokozz\u00e1k a biztons\u00e1got \u00e9s alkalmazkodnak a dinamikus v\u00e1ltoz\u00e1sokhoz.<\/strong> <a href=\"https:\/\/antersystem.com\/kategorie_produktow\/bariery-bezpieczenstwa-dla-pieszych\/\">Term\u00e9keink biztos\u00edtj\u00e1k a gy\u00e1rt\u00e1si \u00e9s logisztikai z\u00f3n\u00e1k megb\u00edzhat\u00f3 elv\u00e1laszt\u00e1s\u00e1t, \u00e9s<\/a> biztons\u00e1got ny\u00fajtanak a rakod\u00e1si ter\u00fcleteken. <a href=\"https:\/\/antersystem.com\/kategorie_produktow\/technika-zaladunkowa\/\"><strong>Els\u0151 \u00e9s h\u00e1ts\u00f3 p\u00f3tkocsi stabiliz\u00e1l\u00f3 \u00e1llv\u00e1nyok<\/strong><\/a> amelyeket a logisztikai m\u0171veletek sor\u00e1n haszn\u00e1lnak, megv\u00e9dik az embereket, az \u00e1rukat \u00e9s az infrastrukt\u00far\u00e1t a k\u00e1rosod\u00e1st\u00f3l. Emellett seg\u00edtenek ler\u00f6vid\u00edteni a rakod\u00e1si id\u0151t \u00e9s jav\u00edtani a j\u00e1rm\u0171vek kihaszn\u00e1lts\u00e1g\u00e1t, k\u00fcl\u00f6n\u00f6sen az ideiglenesen t\u00e1mogat\u00f3 funkci\u00f3kat ell\u00e1t\u00f3 j\u00e1rm\u0171vek eset\u00e9ben.  <\/p>\n\n\n\n<p>Haszn\u00e1lja ki ezt a lehet\u0151s\u00e9get, hogy megl\u00e1t\u00e1sait \u00e9s tapasztalatait kicser\u00e9lje a t\u00f6bbi r\u00e9sztvev\u0151vel! L\u00e1togasson el hozz\u00e1nk <strong>a B standon, \u00e9s<\/strong> n\u00e9zze <strong>meg<\/strong> <strong>az Anter System term\u00e9keit<\/strong> m\u0171k\u00f6d\u00e9s <strong>k\u00f6zben<\/strong>. <\/p>\n\n\n\n<p>Rendezv\u00e9nyprogram: <strong><a href=\"https:\/\/www.automotiveceeday.eu\/page-3761\">aut\u00f3iparceeday.eu<\/a><\/strong><\/p>\n\n\n\n<p><strong>#AutomotiveCEEDay #automotive #OHS #manufacturing #flexiblesafetybarriers<\/strong><\/p>\n<\/div>\n\n\n\n<div class=\"wp-block-column is-layout-flow wp-block-column-is-layout-flow\" style=\"flex-basis:10%\"><\/div>\n<\/div>\n<div class=\"wp-block-image\">\n<figure class=\"aligncenter size-large is-resized\"><img loading=\"lazy\" decoding=\"async\" width=\"1024\" height=\"535\" src=\"https:\/\/antersystem.com\/wp-content\/uploads\/CEE-DAY-18-19-kwieccien-Anter-System-3-1024x535.jpg\" alt=\"A k&#xE9;pen Anter System megh&#xED;v&#xF3;ja a 2024. &#xE1;prilis 18-19-&#xE9;n Opole-ban megrendez&#xE9;sre ker&#xFC;l&#x151; CEE Day beszerz&#xE9;si tal&#xE1;lkoz&#xF3;kra.\" class=\"wp-image-4335\" style=\"width:720px;height:auto\" srcset=\"https:\/\/antersystem.com\/wp-content\/uploads\/CEE-DAY-18-19-kwieccien-Anter-System-3-1024x535.jpg 1024w, https:\/\/antersystem.com\/wp-content\/uploads\/CEE-DAY-18-19-kwieccien-Anter-System-3-300x157.jpg 300w, https:\/\/antersystem.com\/wp-content\/uploads\/CEE-DAY-18-19-kwieccien-Anter-System-3-768x401.jpg 768w, https:\/\/antersystem.com\/wp-content\/uploads\/CEE-DAY-18-19-kwieccien-Anter-System-3-450x235.jpg 450w, https:\/\/antersystem.com\/wp-content\/uploads\/CEE-DAY-18-19-kwieccien-Anter-System-3-330x172.jpg 330w, https:\/\/antersystem.com\/wp-content\/uploads\/CEE-DAY-18-19-kwieccien-Anter-System-3.jpg 1200w\" sizes=\"auto, (max-width: 1024px) 100vw, 1024px\" \/><\/figure><\/div>","protected":false},"excerpt":{"rendered":"<p>9. Aut\u00f3ipari beszerz\u00e9si tal\u00e1lkoz\u00f3 &#8211; 2024. \u00e1prilis 18-19. Az Automotive CEE Day &#8211; az AutomotiveSuppliers.pl \u00e9s Opole v\u00e1rosa \u00e1ltal szervezett esem\u00e9ny &#8211; kiv\u00e1l\u00f3 alkalom arra, hogy tal\u00e1lkozzon az aut\u00f3ipar kulcsszerepl\u0151ivel. Az \u00e1prilis 18-\u00e1n \u00e9s 19-\u00e9n Opole-ban megrendez\u00e9sre ker\u00fcl\u0151 esem\u00e9nyen a nagy aut\u00f3gy\u00e1rt\u00f3k \u00e9s a Tier 1 besz\u00e1ll\u00edt\u00f3k k\u00e9pvisel\u0151i is r\u00e9szt vesznek. A k\u00e9t nap alatt [&hellip;]<\/p>\n","protected":false},"author":1,"featured_media":0,"parent":30300,"menu_order":0,"comment_status":"closed","ping_status":"closed","template":"","meta":{"inline_featured_image":false,"ngg_post_thumbnail":0,"footnotes":""},"class_list":["post-39484","page","type-page","status-publish","hentry"],"acf":[],"yoast_head":"<!-- This site is optimized with the Yoast SEO plugin v27.0 - https:\/\/yoast.com\/product\/yoast-seo-wordpress\/ -->\n<title>Aut\u00f3ipari CEE-nap - Anter System<\/title>\n<meta name=\"description\" content=\"Automotive CEE Day - wydarzenie organizowane przez AutomotiveSuppliers.pl i samorz\u0105d miasta Opole - to doskona\u0142a okazja do spotka\u0144\" \/>\n<meta name=\"robots\" content=\"index, follow, max-snippet:-1, max-image-preview:large, max-video-preview:-1\" \/>\n<link rel=\"canonical\" href=\"https:\/\/antersystem.com\/hu\/hirek\/automotive-cee-day\/\" \/>\n<meta property=\"og:locale\" content=\"hu_HU\" \/>\n<meta property=\"og:type\" content=\"article\" \/>\n<meta property=\"og:title\" content=\"Aut\u00f3ipari CEE-nap - Anter System\" \/>\n<meta property=\"og:description\" content=\"Automotive CEE Day - wydarzenie organizowane przez AutomotiveSuppliers.pl i samorz\u0105d miasta Opole - to doskona\u0142a okazja do spotka\u0144\" \/>\n<meta property=\"og:url\" content=\"https:\/\/antersystem.com\/hu\/hirek\/automotive-cee-day\/\" \/>\n<meta property=\"og:site_name\" content=\"Anter System\" \/>\n<meta property=\"article:modified_time\" content=\"2026-02-04T12:51:25+00:00\" \/>\n<meta property=\"og:image\" content=\"https:\/\/antersystem.com\/wp-content\/uploads\/CEE-DAY-18-19-kwieccien-Anter-System-3-1024x535.jpg\" \/>\n<meta name=\"twitter:card\" content=\"summary_large_image\" \/>\n<meta name=\"twitter:label1\" content=\"Becs\u00fclt olvas\u00e1si id\u0151\" \/>\n\t<meta name=\"twitter:data1\" content=\"2 perc\" \/>\n<script type=\"application\/ld+json\" class=\"yoast-schema-graph\">{\"@context\":\"https:\/\/schema.org\",\"@graph\":[{\"@type\":\"WebPage\",\"@id\":\"https:\/\/antersystem.com\/hu\/hirek\/automotive-cee-day\/\",\"url\":\"https:\/\/antersystem.com\/hu\/hirek\/automotive-cee-day\/\",\"name\":\"Aut\u00f3ipari CEE-nap - Anter System\",\"isPartOf\":{\"@id\":\"https:\/\/antersystem.com\/hu\/#website\"},\"primaryImageOfPage\":{\"@id\":\"https:\/\/antersystem.com\/hu\/hirek\/automotive-cee-day\/#primaryimage\"},\"image\":{\"@id\":\"https:\/\/antersystem.com\/hu\/hirek\/automotive-cee-day\/#primaryimage\"},\"thumbnailUrl\":\"https:\/\/antersystem.com\/wp-content\/uploads\/CEE-DAY-18-19-kwieccien-Anter-System-3-1024x535.jpg\",\"datePublished\":\"2024-03-27T15:28:30+00:00\",\"dateModified\":\"2026-02-04T12:51:25+00:00\",\"description\":\"Automotive CEE Day - wydarzenie organizowane przez AutomotiveSuppliers.pl i samorz\u0105d miasta Opole - to doskona\u0142a okazja do spotka\u0144\",\"breadcrumb\":{\"@id\":\"https:\/\/antersystem.com\/hu\/hirek\/automotive-cee-day\/#breadcrumb\"},\"inLanguage\":\"hu\",\"potentialAction\":[{\"@type\":\"ReadAction\",\"target\":[\"https:\/\/antersystem.com\/hu\/hirek\/automotive-cee-day\/\"]}]},{\"@type\":\"ImageObject\",\"inLanguage\":\"hu\",\"@id\":\"https:\/\/antersystem.com\/hu\/hirek\/automotive-cee-day\/#primaryimage\",\"url\":\"https:\/\/antersystem.com\/wp-content\/uploads\/CEE-DAY-18-19-kwieccien-Anter-System-3-1024x535.jpg\",\"contentUrl\":\"https:\/\/antersystem.com\/wp-content\/uploads\/CEE-DAY-18-19-kwieccien-Anter-System-3-1024x535.jpg\"},{\"@type\":\"BreadcrumbList\",\"@id\":\"https:\/\/antersystem.com\/hu\/hirek\/automotive-cee-day\/#breadcrumb\",\"itemListElement\":[{\"@type\":\"ListItem\",\"position\":1,\"name\":\"AnterSystem\",\"item\":\"https:\/\/antersystem.com\/hu\/\"},{\"@type\":\"ListItem\",\"position\":2,\"name\":\"H\u00edrek\",\"item\":\"https:\/\/antersystem.com\/hu\/hirek\/\"},{\"@type\":\"ListItem\",\"position\":3,\"name\":\"Aut\u00f3ipari CEE-nap\"}]},{\"@type\":\"WebSite\",\"@id\":\"https:\/\/antersystem.com\/hu\/#website\",\"url\":\"https:\/\/antersystem.com\/hu\/\",\"name\":\"Anter System\",\"description\":\"Jeste\u015bmy polskim producentem elastycznych barier ochronnych wykonywanych z polimerowych tworzyw sztucznych. Na rynku krajowym i zagranicznym dzia\u0142amy od ponad 15 lat dbaj\u0105c o zapewnienie bezpiecze\u0144stwa w zak\u0142adach produkcyjnych, magazynach oraz centrach logistycznych.\",\"potentialAction\":[{\"@type\":\"SearchAction\",\"target\":{\"@type\":\"EntryPoint\",\"urlTemplate\":\"https:\/\/antersystem.com\/hu\/?s={search_term_string}\"},\"query-input\":{\"@type\":\"PropertyValueSpecification\",\"valueRequired\":true,\"valueName\":\"search_term_string\"}}],\"inLanguage\":\"hu\"}]}<\/script>\n<!-- \/ Yoast SEO plugin. -->","yoast_head_json":{"title":"Aut\u00f3ipari CEE-nap - Anter System","description":"Automotive CEE Day - wydarzenie organizowane przez AutomotiveSuppliers.pl i samorz\u0105d miasta Opole - to doskona\u0142a okazja do spotka\u0144","robots":{"index":"index","follow":"follow","max-snippet":"max-snippet:-1","max-image-preview":"max-image-preview:large","max-video-preview":"max-video-preview:-1"},"canonical":"https:\/\/antersystem.com\/hu\/hirek\/automotive-cee-day\/","og_locale":"hu_HU","og_type":"article","og_title":"Aut\u00f3ipari CEE-nap - Anter System","og_description":"Automotive CEE Day - wydarzenie organizowane przez AutomotiveSuppliers.pl i samorz\u0105d miasta Opole - to doskona\u0142a okazja do spotka\u0144","og_url":"https:\/\/antersystem.com\/hu\/hirek\/automotive-cee-day\/","og_site_name":"Anter System","article_modified_time":"2026-02-04T12:51:25+00:00","og_image":[{"url":"https:\/\/antersystem.com\/wp-content\/uploads\/CEE-DAY-18-19-kwieccien-Anter-System-3-1024x535.jpg","type":"","width":"","height":""}],"twitter_card":"summary_large_image","twitter_misc":{"Becs\u00fclt olvas\u00e1si id\u0151":"2 perc"},"schema":{"@context":"https:\/\/schema.org","@graph":[{"@type":"WebPage","@id":"https:\/\/antersystem.com\/hu\/hirek\/automotive-cee-day\/","url":"https:\/\/antersystem.com\/hu\/hirek\/automotive-cee-day\/","name":"Aut\u00f3ipari CEE-nap - Anter System","isPartOf":{"@id":"https:\/\/antersystem.com\/hu\/#website"},"primaryImageOfPage":{"@id":"https:\/\/antersystem.com\/hu\/hirek\/automotive-cee-day\/#primaryimage"},"image":{"@id":"https:\/\/antersystem.com\/hu\/hirek\/automotive-cee-day\/#primaryimage"},"thumbnailUrl":"https:\/\/antersystem.com\/wp-content\/uploads\/CEE-DAY-18-19-kwieccien-Anter-System-3-1024x535.jpg","datePublished":"2024-03-27T15:28:30+00:00","dateModified":"2026-02-04T12:51:25+00:00","description":"Automotive CEE Day - wydarzenie organizowane przez AutomotiveSuppliers.pl i samorz\u0105d miasta Opole - to doskona\u0142a okazja do spotka\u0144","breadcrumb":{"@id":"https:\/\/antersystem.com\/hu\/hirek\/automotive-cee-day\/#breadcrumb"},"inLanguage":"hu","potentialAction":[{"@type":"ReadAction","target":["https:\/\/antersystem.com\/hu\/hirek\/automotive-cee-day\/"]}]},{"@type":"ImageObject","inLanguage":"hu","@id":"https:\/\/antersystem.com\/hu\/hirek\/automotive-cee-day\/#primaryimage","url":"https:\/\/antersystem.com\/wp-content\/uploads\/CEE-DAY-18-19-kwieccien-Anter-System-3-1024x535.jpg","contentUrl":"https:\/\/antersystem.com\/wp-content\/uploads\/CEE-DAY-18-19-kwieccien-Anter-System-3-1024x535.jpg"},{"@type":"BreadcrumbList","@id":"https:\/\/antersystem.com\/hu\/hirek\/automotive-cee-day\/#breadcrumb","itemListElement":[{"@type":"ListItem","position":1,"name":"AnterSystem","item":"https:\/\/antersystem.com\/hu\/"},{"@type":"ListItem","position":2,"name":"H\u00edrek","item":"https:\/\/antersystem.com\/hu\/hirek\/"},{"@type":"ListItem","position":3,"name":"Aut\u00f3ipari CEE-nap"}]},{"@type":"WebSite","@id":"https:\/\/antersystem.com\/hu\/#website","url":"https:\/\/antersystem.com\/hu\/","name":"Anter System","description":"Jeste\u015bmy polskim producentem elastycznych barier ochronnych wykonywanych z polimerowych tworzyw sztucznych. Na rynku krajowym i zagranicznym dzia\u0142amy od ponad 15 lat dbaj\u0105c o zapewnienie bezpiecze\u0144stwa w zak\u0142adach produkcyjnych, magazynach oraz centrach logistycznych.","potentialAction":[{"@type":"SearchAction","target":{"@type":"EntryPoint","urlTemplate":"https:\/\/antersystem.com\/hu\/?s={search_term_string}"},"query-input":{"@type":"PropertyValueSpecification","valueRequired":true,"valueName":"search_term_string"}}],"inLanguage":"hu"}]}},"_links":{"self":[{"href":"https:\/\/antersystem.com\/hu\/wp-json\/wp\/v2\/pages\/39484","targetHints":{"allow":["GET"]}}],"collection":[{"href":"https:\/\/antersystem.com\/hu\/wp-json\/wp\/v2\/pages"}],"about":[{"href":"https:\/\/antersystem.com\/hu\/wp-json\/wp\/v2\/types\/page"}],"author":[{"embeddable":true,"href":"https:\/\/antersystem.com\/hu\/wp-json\/wp\/v2\/users\/1"}],"replies":[{"embeddable":true,"href":"https:\/\/antersystem.com\/hu\/wp-json\/wp\/v2\/comments?post=39484"}],"version-history":[{"count":1,"href":"https:\/\/antersystem.com\/hu\/wp-json\/wp\/v2\/pages\/39484\/revisions"}],"predecessor-version":[{"id":39486,"href":"https:\/\/antersystem.com\/hu\/wp-json\/wp\/v2\/pages\/39484\/revisions\/39486"}],"up":[{"embeddable":true,"href":"https:\/\/antersystem.com\/hu\/wp-json\/wp\/v2\/pages\/30300"}],"wp:attachment":[{"href":"https:\/\/antersystem.com\/hu\/wp-json\/wp\/v2\/media?parent=39484"}],"curies":[{"name":"wp","href":"https:\/\/api.w.org\/{rel}","templated":true}]}}