{"id":39520,"date":"2024-06-18T10:35:57","date_gmt":"2024-06-18T08:35:57","guid":{"rendered":"https:\/\/antersystem.com\/hirek\/mid-magazine-an-exhibition-mix-wystawowa-mieszanka\/"},"modified":"2026-02-04T13:51:37","modified_gmt":"2026-02-04T12:51:37","slug":"mid-magazine-an-exhibition-mix-wystawowa-mieszanka","status":"publish","type":"page","link":"https:\/\/antersystem.com\/hu\/hirek\/mid-magazine-an-exhibition-mix-wystawowa-mieszanka\/","title":{"rendered":"MID Magazin &#8222;Egy ki\u00e1ll\u00edt\u00e1s mix&#8221; &#8211; &#8222;Wystawowa mieszanka&#8221;"},"content":{"rendered":"\n<div class=\"wp-block-columns is-layout-flex wp-container-core-columns-is-layout-9d6595d7 wp-block-columns-is-layout-flex\">\n<div class=\"wp-block-column is-layout-flow wp-block-column-is-layout-flow\" style=\"flex-basis:10%\"><\/div>\n\n\n\n<div class=\"wp-block-column is-layout-flow wp-block-column-is-layout-flow\">\n<h2 class=\"wp-block-heading\">MID 3\/2024. A k\u00f6zelm\u00faltban a logisztikai v\u00e1s\u00e1rokon bemutatott term\u00e9kek \u00e1ttekint\u00e9se.<\/h2>\n\n\n\n<p>A MID magazin leg\u00fajabb sz\u00e1ma azt a feladatot v\u00e1llalta, hogy \u00f6sszegy\u0171jti a legfontosabb term\u00e9kismereteket azok sz\u00e1m\u00e1ra, akik naprak\u00e9szek szeretn\u00e9nek maradni a logisztikai ipar\u00e1g \u00fajdons\u00e1gaival kapcsolatban, de nem tudtak r\u00e9szt venni olyan v\u00e1s\u00e1rokon, mint p\u00e9ld\u00e1ul a SAWO munkav\u00e9delmi v\u00e1s\u00e1r (ahol egy\u00e9bk\u00e9nt arany\u00e9rmet kaptunk &#8211; a szerk. <a href=\"https:\/\/antersystem.com\/hu\/hirek\/gold-medal-traffic-dock-gate\/\"><span style=\"color: #000080;\"><strong>err\u0151l itt olvashat<\/strong><\/span><\/a>). A szerkeszt\u0151s\u00e9g kiemeli az Anter System term\u00e9keit is, mint \u00e1tfog\u00f3 megold\u00e1sokat a termel\u00e9si folyamatok \u00e9s a rakt\u00e1ri dolgoz\u00f3k v\u00e9delm\u00e9re a targonc\u00e1kkal val\u00f3 \u00fctk\u00f6z\u00e9sek ellen. Az a t\u00e9ny, hogy az ut\u00f3bbi id\u0151ben sz\u00e1mos ipar\u00e1gi rendezv\u00e9nyen mutattuk be megold\u00e1sainkat, minden bizonnyal n\u00f6velte piaci elismerts\u00e9g\u00fcnket. Ha azonban ez az els\u0151 kapcsolata c\u00e9g\u00fcnkkel, \u00e9s m\u00e9g csak most kezdi ki\u00e9p\u00edteni a logisztikai terek \u00e1talak\u00edt\u00e1s\u00e1val kapcsolatos ismereteit, sz\u00e1njon egy percet arra, hogy megjegyezze Anter System n\u00e9h\u00e1ny olyan kulcsfontoss\u00e1g\u00fa jellemz\u0151j\u00e9t, amelyek k\u00f6zvetlen\u00fcl a jobb munkak\u00f6r\u00fclm\u00e9nyeket eredm\u00e9nyezhetik az \u00d6n l\u00e9tes\u00edtm\u00e9ny\u00e9ben.   <\/p>\n\n<p><strong>Mi k\u00fcl\u00f6nb\u00f6ztet meg minket?<\/strong><\/p>\n<ul>\n<li>A term\u00e9kek nagyfok\u00fa tart\u00f3ss\u00e1ga &#8211; megold\u00e1saink az ac\u00e9lterm\u00e9kekn\u00e9l sokszor nagyobb \u00fct\u00e9seket b\u00edrnak ki, amit a PAS 13 tesztek \u00e9s a v\u00e1s\u00e1rl\u00f3i visszajelz\u00e9sek is meger\u0151s\u00edtenek.<\/li>\n<li>Min\u0151s\u00e9g \u00e9s az eur\u00f3pai szabv\u00e1nyoknak val\u00f3 megfelel\u00e9s &#8211; az Anter System term\u00e9keket szigor\u00fa teszteknek vetik al\u00e1, \u00e9s a neves T\u00dcV Rheinland int\u00e9zet tan\u00fas\u00edtja.<\/li>\n<li>Sz\u00e9les term\u00e9kv\u00e1laszt\u00e9k &#8211; a v\u00e1llalat egyedi ig\u00e9nyeihez \u00e9s a telep\u00edt\u00e9si hely saj\u00e1tos k\u00f6r\u00fclm\u00e9nyeihez igazodva, a padl\u00f3szint\u0171 v\u00e9delemt\u0151l a magasan elhelyezett soromp\u00f3kig, figyelembe v\u00e9ve a l\u00e9tes\u00edtm\u00e9nyen bel\u00fcli j\u00e1rm\u0171forgalmat.<\/li>\n<li>Innov\u00e1ci\u00f3 &#8211; a modern megold\u00e1sokra \u00f6sszpontos\u00edtunk, a biztons\u00e1got jav\u00edt\u00f3 automatiz\u00e1lt rendszereket vezet\u00fcnk be, mik\u00f6zben folyamatosan fejlesztj\u00fck term\u00e9keinket.<\/li>\n<li>Modul\u00e1ris fel\u00e9p\u00edt\u00e9s &#8211; a korl\u00e1tok k\u00f6nnyen \u00f6sszekapcsolhat\u00f3k, \u00e1thelyezhet\u0151k \u00e9s b\u0151v\u00edthet\u0151k a v\u00e1ltoz\u00f3 termel\u00e9si vagy rakt\u00e1roz\u00e1si felt\u00e9telekhez val\u00f3 alkalmazkod\u00e1s \u00e9rdek\u00e9ben.<\/li>\n<li>\u00d6kol\u00f3gia &#8211; term\u00e9keink 100%-ban \u00fajrahasznos\u00edthat\u00f3ak, seg\u00edtve ezzel a sz\u00e9nl\u00e1bnyom cs\u00f6kkent\u00e9s\u00e9t.<\/li>\n<\/ul>\n\n<p>A MID csapata \u00e1ltal \u00f6ssze\u00e1ll\u00edtott anyag minden bizonnyal seg\u00edteni fogja \u00d6nt a megalapozott v\u00e1s\u00e1rl\u00e1si d\u00f6nt\u00e9sek meghozatal\u00e1ban &#8211; nemcsak a biztons\u00e1gi korl\u00e1tok, hanem az AI technol\u00f3gi\u00e1kat alkalmaz\u00f3 megold\u00e1sok kiv\u00e1laszt\u00e1sakor is. Mindenk\u00e9ppen \u00e9rdemes elolvasni! \ud83d\ude42 A cikk al\u00e1bb olvashat\u00f3, a teljes sz\u00e1m pedig a kiad\u00f3 weboldal\u00e1n tal\u00e1lhat\u00f3.  <\/p>\n<\/div>\n\n\n\n<div class=\"wp-block-column is-layout-flow wp-block-column-is-layout-flow\" style=\"flex-basis:10%\"><\/div>\n<\/div>\n\n<div data-wp-interactive=\"core\/file\" class=\"wp-block-file\"><object data-wp-bind--hidden=\"!state.hasPdfPreview\" hidden class=\"wp-block-file__embed\" data=\"https:\/\/antersystem.com\/wp-content\/uploads\/MID_99_3_2024_Anter-System.pdf\" type=\"application\/pdf\" style=\"width:100%;height:600px\" aria-label=\"MID_99_3_2024_Anter-System be\u00e1gyaz\u00e1sa\"><\/object><a id=\"wp-block-file--media-81b055e1-ad38-4bf5-98d8-870bb86c3edb\" href=\"https:\/\/antersystem.com\/wp-content\/uploads\/MID_99_3_2024_Anter-System.pdf\">MID_99_3_2024_Anter-System<\/a><a href=\"https:\/\/antersystem.com\/wp-content\/uploads\/MID_99_3_2024_Anter-System.pdf\" class=\"wp-block-file__button wp-element-button\" download=\"\" aria-describedby=\"wp-block-file--media-81b055e1-ad38-4bf5-98d8-870bb86c3edb\">Let\u00f6lt\u00e9s<\/a><\/div>\n","protected":false},"excerpt":{"rendered":"<p>MID 3\/2024. A k\u00f6zelm\u00faltban a logisztikai v\u00e1s\u00e1rokon bemutatott term\u00e9kek \u00e1ttekint\u00e9se. A MID magazin leg\u00fajabb sz\u00e1ma azt a feladatot v\u00e1llalta, hogy \u00f6sszegy\u0171jti a legfontosabb term\u00e9kismereteket azok sz\u00e1m\u00e1ra, akik naprak\u00e9szek szeretn\u00e9nek maradni a logisztikai ipar\u00e1g \u00fajdons\u00e1gaival kapcsolatban, de nem tudtak r\u00e9szt venni olyan v\u00e1s\u00e1rokon, mint p\u00e9ld\u00e1ul a SAWO munkav\u00e9delmi v\u00e1s\u00e1r (ahol egy\u00e9bk\u00e9nt arany\u00e9rmet kaptunk &#8211; a szerk. [&hellip;]<\/p>\n","protected":false},"author":1,"featured_media":0,"parent":30300,"menu_order":0,"comment_status":"closed","ping_status":"closed","template":"","meta":{"inline_featured_image":false,"ngg_post_thumbnail":0,"footnotes":""},"class_list":["post-39520","page","type-page","status-publish","hentry"],"acf":[],"yoast_head":"<!-- This site is optimized with the Yoast SEO plugin v27.0 - https:\/\/yoast.com\/product\/yoast-seo-wordpress\/ -->\n<title>MID Magazin &quot;Egy ki\u00e1ll\u00edt\u00e1s mix&quot; - &quot;Wystawowa mieszanka&quot; - Anter System<\/title>\n<meta name=\"description\" content=\"Najnowszy magazyn MID pokusi\u0142 si\u0119 o zebranie wa\u017cnych wskaza\u0144 ofertowych, dla tych, kt\u00f3rzy chc\u0105 by\u0107 na bie\u017c\u0105co z nowinkami bran\u017cy logistycznej\" \/>\n<meta name=\"robots\" content=\"index, follow, max-snippet:-1, max-image-preview:large, max-video-preview:-1\" \/>\n<link rel=\"canonical\" href=\"https:\/\/antersystem.com\/hu\/hirek\/mid-magazine-an-exhibition-mix-wystawowa-mieszanka\/\" \/>\n<meta property=\"og:locale\" content=\"hu_HU\" \/>\n<meta property=\"og:type\" content=\"article\" \/>\n<meta property=\"og:title\" content=\"MID Magazin &quot;Egy ki\u00e1ll\u00edt\u00e1s mix&quot; - &quot;Wystawowa mieszanka&quot; - Anter System\" \/>\n<meta property=\"og:description\" content=\"Najnowszy magazyn MID pokusi\u0142 si\u0119 o zebranie wa\u017cnych wskaza\u0144 ofertowych, dla tych, kt\u00f3rzy chc\u0105 by\u0107 na bie\u017c\u0105co z nowinkami bran\u017cy logistycznej\" \/>\n<meta property=\"og:url\" content=\"https:\/\/antersystem.com\/hu\/hirek\/mid-magazine-an-exhibition-mix-wystawowa-mieszanka\/\" \/>\n<meta property=\"og:site_name\" content=\"Anter System\" \/>\n<meta property=\"article:modified_time\" content=\"2026-02-04T12:51:37+00:00\" \/>\n<meta name=\"twitter:card\" content=\"summary_large_image\" \/>\n<meta name=\"twitter:label1\" content=\"Becs\u00fclt olvas\u00e1si id\u0151\" \/>\n\t<meta name=\"twitter:data1\" content=\"2 perc\" \/>\n<script type=\"application\/ld+json\" class=\"yoast-schema-graph\">{\"@context\":\"https:\/\/schema.org\",\"@graph\":[{\"@type\":\"WebPage\",\"@id\":\"https:\/\/antersystem.com\/hu\/hirek\/mid-magazine-an-exhibition-mix-wystawowa-mieszanka\/\",\"url\":\"https:\/\/antersystem.com\/hu\/hirek\/mid-magazine-an-exhibition-mix-wystawowa-mieszanka\/\",\"name\":\"MID Magazin \\\"Egy ki\u00e1ll\u00edt\u00e1s mix\\\" - \\\"Wystawowa mieszanka\\\" - Anter System\",\"isPartOf\":{\"@id\":\"https:\/\/antersystem.com\/hu\/#website\"},\"datePublished\":\"2024-06-18T08:35:57+00:00\",\"dateModified\":\"2026-02-04T12:51:37+00:00\",\"description\":\"Najnowszy magazyn MID pokusi\u0142 si\u0119 o zebranie wa\u017cnych wskaza\u0144 ofertowych, dla tych, kt\u00f3rzy chc\u0105 by\u0107 na bie\u017c\u0105co z nowinkami bran\u017cy logistycznej\",\"breadcrumb\":{\"@id\":\"https:\/\/antersystem.com\/hu\/hirek\/mid-magazine-an-exhibition-mix-wystawowa-mieszanka\/#breadcrumb\"},\"inLanguage\":\"hu\",\"potentialAction\":[{\"@type\":\"ReadAction\",\"target\":[\"https:\/\/antersystem.com\/hu\/hirek\/mid-magazine-an-exhibition-mix-wystawowa-mieszanka\/\"]}]},{\"@type\":\"BreadcrumbList\",\"@id\":\"https:\/\/antersystem.com\/hu\/hirek\/mid-magazine-an-exhibition-mix-wystawowa-mieszanka\/#breadcrumb\",\"itemListElement\":[{\"@type\":\"ListItem\",\"position\":1,\"name\":\"AnterSystem\",\"item\":\"https:\/\/antersystem.com\/hu\/\"},{\"@type\":\"ListItem\",\"position\":2,\"name\":\"H\u00edrek\",\"item\":\"https:\/\/antersystem.com\/hu\/hirek\/\"},{\"@type\":\"ListItem\",\"position\":3,\"name\":\"MID Magazin &#8220;Egy ki\u00e1ll\u00edt\u00e1s mix&#8221; &#8211; &#8220;Wystawowa mieszanka&#8221;\"}]},{\"@type\":\"WebSite\",\"@id\":\"https:\/\/antersystem.com\/hu\/#website\",\"url\":\"https:\/\/antersystem.com\/hu\/\",\"name\":\"Anter System\",\"description\":\"Jeste\u015bmy polskim producentem elastycznych barier ochronnych wykonywanych z polimerowych tworzyw sztucznych. Na rynku krajowym i zagranicznym dzia\u0142amy od ponad 15 lat dbaj\u0105c o zapewnienie bezpiecze\u0144stwa w zak\u0142adach produkcyjnych, magazynach oraz centrach logistycznych.\",\"potentialAction\":[{\"@type\":\"SearchAction\",\"target\":{\"@type\":\"EntryPoint\",\"urlTemplate\":\"https:\/\/antersystem.com\/hu\/?s={search_term_string}\"},\"query-input\":{\"@type\":\"PropertyValueSpecification\",\"valueRequired\":true,\"valueName\":\"search_term_string\"}}],\"inLanguage\":\"hu\"}]}<\/script>\n<!-- \/ Yoast SEO plugin. -->","yoast_head_json":{"title":"MID Magazin \"Egy ki\u00e1ll\u00edt\u00e1s mix\" - \"Wystawowa mieszanka\" - Anter System","description":"Najnowszy magazyn MID pokusi\u0142 si\u0119 o zebranie wa\u017cnych wskaza\u0144 ofertowych, dla tych, kt\u00f3rzy chc\u0105 by\u0107 na bie\u017c\u0105co z nowinkami bran\u017cy logistycznej","robots":{"index":"index","follow":"follow","max-snippet":"max-snippet:-1","max-image-preview":"max-image-preview:large","max-video-preview":"max-video-preview:-1"},"canonical":"https:\/\/antersystem.com\/hu\/hirek\/mid-magazine-an-exhibition-mix-wystawowa-mieszanka\/","og_locale":"hu_HU","og_type":"article","og_title":"MID Magazin \"Egy ki\u00e1ll\u00edt\u00e1s mix\" - \"Wystawowa mieszanka\" - Anter System","og_description":"Najnowszy magazyn MID pokusi\u0142 si\u0119 o zebranie wa\u017cnych wskaza\u0144 ofertowych, dla tych, kt\u00f3rzy chc\u0105 by\u0107 na bie\u017c\u0105co z nowinkami bran\u017cy logistycznej","og_url":"https:\/\/antersystem.com\/hu\/hirek\/mid-magazine-an-exhibition-mix-wystawowa-mieszanka\/","og_site_name":"Anter System","article_modified_time":"2026-02-04T12:51:37+00:00","twitter_card":"summary_large_image","twitter_misc":{"Becs\u00fclt olvas\u00e1si id\u0151":"2 perc"},"schema":{"@context":"https:\/\/schema.org","@graph":[{"@type":"WebPage","@id":"https:\/\/antersystem.com\/hu\/hirek\/mid-magazine-an-exhibition-mix-wystawowa-mieszanka\/","url":"https:\/\/antersystem.com\/hu\/hirek\/mid-magazine-an-exhibition-mix-wystawowa-mieszanka\/","name":"MID Magazin \"Egy ki\u00e1ll\u00edt\u00e1s mix\" - \"Wystawowa mieszanka\" - Anter System","isPartOf":{"@id":"https:\/\/antersystem.com\/hu\/#website"},"datePublished":"2024-06-18T08:35:57+00:00","dateModified":"2026-02-04T12:51:37+00:00","description":"Najnowszy magazyn MID pokusi\u0142 si\u0119 o zebranie wa\u017cnych wskaza\u0144 ofertowych, dla tych, kt\u00f3rzy chc\u0105 by\u0107 na bie\u017c\u0105co z nowinkami bran\u017cy logistycznej","breadcrumb":{"@id":"https:\/\/antersystem.com\/hu\/hirek\/mid-magazine-an-exhibition-mix-wystawowa-mieszanka\/#breadcrumb"},"inLanguage":"hu","potentialAction":[{"@type":"ReadAction","target":["https:\/\/antersystem.com\/hu\/hirek\/mid-magazine-an-exhibition-mix-wystawowa-mieszanka\/"]}]},{"@type":"BreadcrumbList","@id":"https:\/\/antersystem.com\/hu\/hirek\/mid-magazine-an-exhibition-mix-wystawowa-mieszanka\/#breadcrumb","itemListElement":[{"@type":"ListItem","position":1,"name":"AnterSystem","item":"https:\/\/antersystem.com\/hu\/"},{"@type":"ListItem","position":2,"name":"H\u00edrek","item":"https:\/\/antersystem.com\/hu\/hirek\/"},{"@type":"ListItem","position":3,"name":"MID Magazin &#8220;Egy ki\u00e1ll\u00edt\u00e1s mix&#8221; &#8211; &#8220;Wystawowa mieszanka&#8221;"}]},{"@type":"WebSite","@id":"https:\/\/antersystem.com\/hu\/#website","url":"https:\/\/antersystem.com\/hu\/","name":"Anter System","description":"Jeste\u015bmy polskim producentem elastycznych barier ochronnych wykonywanych z polimerowych tworzyw sztucznych. Na rynku krajowym i zagranicznym dzia\u0142amy od ponad 15 lat dbaj\u0105c o zapewnienie bezpiecze\u0144stwa w zak\u0142adach produkcyjnych, magazynach oraz centrach logistycznych.","potentialAction":[{"@type":"SearchAction","target":{"@type":"EntryPoint","urlTemplate":"https:\/\/antersystem.com\/hu\/?s={search_term_string}"},"query-input":{"@type":"PropertyValueSpecification","valueRequired":true,"valueName":"search_term_string"}}],"inLanguage":"hu"}]}},"_links":{"self":[{"href":"https:\/\/antersystem.com\/hu\/wp-json\/wp\/v2\/pages\/39520","targetHints":{"allow":["GET"]}}],"collection":[{"href":"https:\/\/antersystem.com\/hu\/wp-json\/wp\/v2\/pages"}],"about":[{"href":"https:\/\/antersystem.com\/hu\/wp-json\/wp\/v2\/types\/page"}],"author":[{"embeddable":true,"href":"https:\/\/antersystem.com\/hu\/wp-json\/wp\/v2\/users\/1"}],"replies":[{"embeddable":true,"href":"https:\/\/antersystem.com\/hu\/wp-json\/wp\/v2\/comments?post=39520"}],"version-history":[{"count":1,"href":"https:\/\/antersystem.com\/hu\/wp-json\/wp\/v2\/pages\/39520\/revisions"}],"predecessor-version":[{"id":39522,"href":"https:\/\/antersystem.com\/hu\/wp-json\/wp\/v2\/pages\/39520\/revisions\/39522"}],"up":[{"embeddable":true,"href":"https:\/\/antersystem.com\/hu\/wp-json\/wp\/v2\/pages\/30300"}],"wp:attachment":[{"href":"https:\/\/antersystem.com\/hu\/wp-json\/wp\/v2\/media?parent=39520"}],"curies":[{"name":"wp","href":"https:\/\/api.w.org\/{rel}","templated":true}]}}