{"id":39562,"date":"2023-10-10T12:12:18","date_gmt":"2023-10-10T10:12:18","guid":{"rendered":"https:\/\/antersystem.com\/hirek\/mid-magazine-logistics-4-0-see-and-try\/"},"modified":"2026-02-04T14:04:24","modified_gmt":"2026-02-04T13:04:24","slug":"mid-magazine-logistics-4-0-see-and-try","status":"publish","type":"page","link":"https:\/\/antersystem.com\/hu\/hirek\/mid-magazine-logistics-4-0-see-and-try\/","title":{"rendered":"MID Magazin: &#8222;Logisztika 4.0 &#8211; n\u00e9zd meg \u00e9s pr\u00f3b\u00e1ld ki&#8221; &#8211; &#8222;Logistyka 4.0 &#8211; zobaczy\u0107 i spr\u00f3bowa\u0107&#8221;"},"content":{"rendered":"\n<div class=\"wp-block-columns is-layout-flex wp-container-core-columns-is-layout-9d6595d7 wp-block-columns-is-layout-flex\">\n<div class=\"wp-block-column is-layout-flow wp-block-column-is-layout-flow\" style=\"flex-basis:10%\"><\/div>\n\n\n\n<div class=\"wp-block-column is-layout-flow wp-block-column-is-layout-flow\">\n<h3 class=\"wp-block-heading\">MID Magazin 3\/2023 &#8211; besz\u00e1mol\u00f3 az In4Log projekt 11. kiad\u00e1s\u00e1r\u00f3l a pozna\u0144i Modernlog szakv\u00e1s\u00e1ron<\/h3>\n\n\n\n<p style=\"text-align: left;\">\u00daj term\u00e9kek, r\u00e9gi kih\u00edv\u00e1sok. Ez a szlogen alatt fut a Modernlog&#8217;23-on bemutatott In4Log projekt narrat\u00edv\u00e1ja. MID magazin idei harmadik sz\u00e1m\u00e1ban az Anter System az In4Log projekt 11. kiad\u00e1s\u00e1nak technol\u00f3giai partnerek\u00e9nt jelent meg. Megtisztel\u0151 szerep\u00fcnk volt a piaci trendek bemutat\u00e1s\u00e1ban a munka min\u0151s\u00e9g\u00e9t \u00e9s hat\u00e9konys\u00e1g\u00e1t jav\u00edt\u00f3 leg\u00fajabb hardvermegold\u00e1sok kateg\u00f3ri\u00e1j\u00e1ban.   <\/p>\n<p>A v\u00e1ltoz\u00f3 piaci dinamik\u00e1val \u00e9s k\u00f6vetkez\u00e9sk\u00e9ppen a v\u00e1llalkoz\u00e1sok v\u00e1ltoz\u00f3 ig\u00e9nyeivel egy\u00fctt maga a rakt\u00e1ri infrastrukt\u00fara is m\u00f3dosul. A rakt\u00e1rter\u00fcletek gyakran ideiglenes s\u00e1torcsarnokok (n\u00e9ha ak\u00e1r 60 m feszt\u00e1vols\u00e1ggal \u00e9s 8 m falmagass\u00e1ggal) form\u00e1j\u00e1ban val\u00f3sulnak meg, amelyek a sz\u00e9l- \u00e9s h\u00f3terhel\u00e9s tekintet\u00e9ben nem maradnak el a hagyom\u00e1nyos \u00e9p\u00fcletek m\u00f6g\u00f6tt (ak\u00e1r 300 kg\/m\u00b2 terhel\u00e9st is kib\u00edrnak). Ilyen k\u00f6r\u00fclm\u00e9nyek k\u00f6z\u00f6tt \u00fctk\u00f6z\u0151ket \u00e9s rugalmas biztons\u00e1gi korl\u00e1tokat haszn\u00e1lnak, amelyek a v\u00e1ltoz\u00f3 ig\u00e9nyekhez igaz\u00edthat\u00f3k.  <\/p>\n<p>Tov\u00e1bbi inform\u00e1ci\u00f3k\u00e9rt k\u00e9rj\u00fck, olvassa el az al\u00e1bbiakat.<\/p>\n<p>&nbsp;<\/p>\n<p>&nbsp;<\/p>\n<\/div>\n\n\n\n<div class=\"wp-block-column is-layout-flow wp-block-column-is-layout-flow\" style=\"flex-basis:10%\"><\/div>\n<\/div>\n\n<div data-wp-interactive=\"core\/file\" class=\"wp-block-file\"><object data-wp-bind--hidden=\"!state.hasPdfPreview\" hidden class=\"wp-block-file__embed\" data=\"https:\/\/antersystem.com\/wp-content\/uploads\/MID_93_3_2023.pdf\" type=\"application\/pdf\" style=\"width:100%;height:600px\" aria-label=\"MID_93_3_2023 be\u00e1gyaz\u00e1sa\"><\/object><a id=\"wp-block-file--media-c4a79965-4313-4b68-8827-3aa81c41db0a\" href=\"https:\/\/antersystem.com\/wp-content\/uploads\/MID_93_3_2023.pdf\">MID_93_3_2023<\/a><a href=\"https:\/\/antersystem.com\/wp-content\/uploads\/MID_93_3_2023.pdf\" class=\"wp-block-file__button wp-element-button\" download=\"\" aria-describedby=\"wp-block-file--media-c4a79965-4313-4b68-8827-3aa81c41db0a\">Let\u00f6lt\u00e9s<\/a><\/div>\n","protected":false},"excerpt":{"rendered":"<p>MID Magazin 3\/2023 &#8211; besz\u00e1mol\u00f3 az In4Log projekt 11. kiad\u00e1s\u00e1r\u00f3l a pozna\u0144i Modernlog szakv\u00e1s\u00e1ron \u00daj term\u00e9kek, r\u00e9gi kih\u00edv\u00e1sok. Ez a szlogen alatt fut a Modernlog&#8217;23-on bemutatott In4Log projekt narrat\u00edv\u00e1ja. MID magazin idei harmadik sz\u00e1m\u00e1ban az Anter System az In4Log projekt 11. kiad\u00e1s\u00e1nak technol\u00f3giai partnerek\u00e9nt jelent meg. Megtisztel\u0151 szerep\u00fcnk volt a piaci trendek bemutat\u00e1s\u00e1ban a munka [&hellip;]<\/p>\n","protected":false},"author":1,"featured_media":0,"parent":30300,"menu_order":0,"comment_status":"closed","ping_status":"closed","template":"","meta":{"inline_featured_image":false,"ngg_post_thumbnail":0,"footnotes":""},"class_list":["post-39562","page","type-page","status-publish","hentry"],"acf":[],"yoast_head":"<!-- This site is optimized with the Yoast SEO plugin v27.0 - https:\/\/yoast.com\/product\/yoast-seo-wordpress\/ -->\n<title>MID Magazin: &quot;Logisztika 4.0 - n\u00e9zd meg \u00e9s pr\u00f3b\u00e1ld ki&quot; - &quot;Logistyka 4.0 - zobaczy\u0107 i spr\u00f3bowa\u0107&quot; - Anter System<\/title>\n<meta name=\"description\" content=\"W trzecim numerze magazynu MID na ten rok Anter System pojawi\u0142 si\u0119 jako partner technologiczny XI edycji projektu In4Log. Przypad\u0142a nam zaszczytna rola prezentowania trend\u00f3w na rynku w kategorii: najnowszych rozwi\u0105za\u0144 sprz\u0119towych, poprawiaj\u0105cych jako\u015b\u0107 i wydajno\u015b\u0107 pracy.\" \/>\n<meta name=\"robots\" content=\"index, follow, max-snippet:-1, max-image-preview:large, max-video-preview:-1\" \/>\n<link rel=\"canonical\" href=\"https:\/\/antersystem.com\/hu\/hirek\/mid-magazine-logistics-4-0-see-and-try\/\" \/>\n<meta property=\"og:locale\" content=\"hu_HU\" \/>\n<meta property=\"og:type\" content=\"article\" \/>\n<meta property=\"og:title\" content=\"MID Magazin: &quot;Logisztika 4.0 - n\u00e9zd meg \u00e9s pr\u00f3b\u00e1ld ki&quot; - &quot;Logistyka 4.0 - zobaczy\u0107 i spr\u00f3bowa\u0107&quot; - Anter System\" \/>\n<meta property=\"og:description\" content=\"W trzecim numerze magazynu MID na ten rok Anter System pojawi\u0142 si\u0119 jako partner technologiczny XI edycji projektu In4Log. Przypad\u0142a nam zaszczytna rola prezentowania trend\u00f3w na rynku w kategorii: najnowszych rozwi\u0105za\u0144 sprz\u0119towych, poprawiaj\u0105cych jako\u015b\u0107 i wydajno\u015b\u0107 pracy.\" \/>\n<meta property=\"og:url\" content=\"https:\/\/antersystem.com\/hu\/hirek\/mid-magazine-logistics-4-0-see-and-try\/\" \/>\n<meta property=\"og:site_name\" content=\"Anter System\" \/>\n<meta property=\"article:modified_time\" content=\"2026-02-04T13:04:24+00:00\" \/>\n<meta name=\"twitter:card\" content=\"summary_large_image\" \/>\n<meta name=\"twitter:label1\" content=\"Becs\u00fclt olvas\u00e1si id\u0151\" \/>\n\t<meta name=\"twitter:data1\" content=\"1 perc\" \/>\n<script type=\"application\/ld+json\" class=\"yoast-schema-graph\">{\"@context\":\"https:\/\/schema.org\",\"@graph\":[{\"@type\":\"WebPage\",\"@id\":\"https:\/\/antersystem.com\/hu\/hirek\/mid-magazine-logistics-4-0-see-and-try\/\",\"url\":\"https:\/\/antersystem.com\/hu\/hirek\/mid-magazine-logistics-4-0-see-and-try\/\",\"name\":\"MID Magazin: \\\"Logisztika 4.0 - n\u00e9zd meg \u00e9s pr\u00f3b\u00e1ld ki\\\" - \\\"Logistyka 4.0 - zobaczy\u0107 i spr\u00f3bowa\u0107\\\" - Anter System\",\"isPartOf\":{\"@id\":\"https:\/\/antersystem.com\/hu\/#website\"},\"datePublished\":\"2023-10-10T10:12:18+00:00\",\"dateModified\":\"2026-02-04T13:04:24+00:00\",\"description\":\"W trzecim numerze magazynu MID na ten rok Anter System pojawi\u0142 si\u0119 jako partner technologiczny XI edycji projektu In4Log. Przypad\u0142a nam zaszczytna rola prezentowania trend\u00f3w na rynku w kategorii: najnowszych rozwi\u0105za\u0144 sprz\u0119towych, poprawiaj\u0105cych jako\u015b\u0107 i wydajno\u015b\u0107 pracy.\",\"breadcrumb\":{\"@id\":\"https:\/\/antersystem.com\/hu\/hirek\/mid-magazine-logistics-4-0-see-and-try\/#breadcrumb\"},\"inLanguage\":\"hu\",\"potentialAction\":[{\"@type\":\"ReadAction\",\"target\":[\"https:\/\/antersystem.com\/hu\/hirek\/mid-magazine-logistics-4-0-see-and-try\/\"]}]},{\"@type\":\"BreadcrumbList\",\"@id\":\"https:\/\/antersystem.com\/hu\/hirek\/mid-magazine-logistics-4-0-see-and-try\/#breadcrumb\",\"itemListElement\":[{\"@type\":\"ListItem\",\"position\":1,\"name\":\"AnterSystem\",\"item\":\"https:\/\/antersystem.com\/hu\/\"},{\"@type\":\"ListItem\",\"position\":2,\"name\":\"H\u00edrek\",\"item\":\"https:\/\/antersystem.com\/hu\/hirek\/\"},{\"@type\":\"ListItem\",\"position\":3,\"name\":\"MID Magazin: &#8220;Logisztika 4.0 &#8211; n\u00e9zd meg \u00e9s pr\u00f3b\u00e1ld ki&#8221; &#8211; &#8220;Logistyka 4.0 &#8211; zobaczy\u0107 i spr\u00f3bowa\u0107&#8221;\"}]},{\"@type\":\"WebSite\",\"@id\":\"https:\/\/antersystem.com\/hu\/#website\",\"url\":\"https:\/\/antersystem.com\/hu\/\",\"name\":\"Anter System\",\"description\":\"Jeste\u015bmy polskim producentem elastycznych barier ochronnych wykonywanych z polimerowych tworzyw sztucznych. Na rynku krajowym i zagranicznym dzia\u0142amy od ponad 15 lat dbaj\u0105c o zapewnienie bezpiecze\u0144stwa w zak\u0142adach produkcyjnych, magazynach oraz centrach logistycznych.\",\"potentialAction\":[{\"@type\":\"SearchAction\",\"target\":{\"@type\":\"EntryPoint\",\"urlTemplate\":\"https:\/\/antersystem.com\/hu\/?s={search_term_string}\"},\"query-input\":{\"@type\":\"PropertyValueSpecification\",\"valueRequired\":true,\"valueName\":\"search_term_string\"}}],\"inLanguage\":\"hu\"}]}<\/script>\n<!-- \/ Yoast SEO plugin. -->","yoast_head_json":{"title":"MID Magazin: \"Logisztika 4.0 - n\u00e9zd meg \u00e9s pr\u00f3b\u00e1ld ki\" - \"Logistyka 4.0 - zobaczy\u0107 i spr\u00f3bowa\u0107\" - Anter System","description":"W trzecim numerze magazynu MID na ten rok Anter System pojawi\u0142 si\u0119 jako partner technologiczny XI edycji projektu In4Log. Przypad\u0142a nam zaszczytna rola prezentowania trend\u00f3w na rynku w kategorii: najnowszych rozwi\u0105za\u0144 sprz\u0119towych, poprawiaj\u0105cych jako\u015b\u0107 i wydajno\u015b\u0107 pracy.","robots":{"index":"index","follow":"follow","max-snippet":"max-snippet:-1","max-image-preview":"max-image-preview:large","max-video-preview":"max-video-preview:-1"},"canonical":"https:\/\/antersystem.com\/hu\/hirek\/mid-magazine-logistics-4-0-see-and-try\/","og_locale":"hu_HU","og_type":"article","og_title":"MID Magazin: \"Logisztika 4.0 - n\u00e9zd meg \u00e9s pr\u00f3b\u00e1ld ki\" - \"Logistyka 4.0 - zobaczy\u0107 i spr\u00f3bowa\u0107\" - Anter System","og_description":"W trzecim numerze magazynu MID na ten rok Anter System pojawi\u0142 si\u0119 jako partner technologiczny XI edycji projektu In4Log. Przypad\u0142a nam zaszczytna rola prezentowania trend\u00f3w na rynku w kategorii: najnowszych rozwi\u0105za\u0144 sprz\u0119towych, poprawiaj\u0105cych jako\u015b\u0107 i wydajno\u015b\u0107 pracy.","og_url":"https:\/\/antersystem.com\/hu\/hirek\/mid-magazine-logistics-4-0-see-and-try\/","og_site_name":"Anter System","article_modified_time":"2026-02-04T13:04:24+00:00","twitter_card":"summary_large_image","twitter_misc":{"Becs\u00fclt olvas\u00e1si id\u0151":"1 perc"},"schema":{"@context":"https:\/\/schema.org","@graph":[{"@type":"WebPage","@id":"https:\/\/antersystem.com\/hu\/hirek\/mid-magazine-logistics-4-0-see-and-try\/","url":"https:\/\/antersystem.com\/hu\/hirek\/mid-magazine-logistics-4-0-see-and-try\/","name":"MID Magazin: \"Logisztika 4.0 - n\u00e9zd meg \u00e9s pr\u00f3b\u00e1ld ki\" - \"Logistyka 4.0 - zobaczy\u0107 i spr\u00f3bowa\u0107\" - Anter System","isPartOf":{"@id":"https:\/\/antersystem.com\/hu\/#website"},"datePublished":"2023-10-10T10:12:18+00:00","dateModified":"2026-02-04T13:04:24+00:00","description":"W trzecim numerze magazynu MID na ten rok Anter System pojawi\u0142 si\u0119 jako partner technologiczny XI edycji projektu In4Log. Przypad\u0142a nam zaszczytna rola prezentowania trend\u00f3w na rynku w kategorii: najnowszych rozwi\u0105za\u0144 sprz\u0119towych, poprawiaj\u0105cych jako\u015b\u0107 i wydajno\u015b\u0107 pracy.","breadcrumb":{"@id":"https:\/\/antersystem.com\/hu\/hirek\/mid-magazine-logistics-4-0-see-and-try\/#breadcrumb"},"inLanguage":"hu","potentialAction":[{"@type":"ReadAction","target":["https:\/\/antersystem.com\/hu\/hirek\/mid-magazine-logistics-4-0-see-and-try\/"]}]},{"@type":"BreadcrumbList","@id":"https:\/\/antersystem.com\/hu\/hirek\/mid-magazine-logistics-4-0-see-and-try\/#breadcrumb","itemListElement":[{"@type":"ListItem","position":1,"name":"AnterSystem","item":"https:\/\/antersystem.com\/hu\/"},{"@type":"ListItem","position":2,"name":"H\u00edrek","item":"https:\/\/antersystem.com\/hu\/hirek\/"},{"@type":"ListItem","position":3,"name":"MID Magazin: &#8220;Logisztika 4.0 &#8211; n\u00e9zd meg \u00e9s pr\u00f3b\u00e1ld ki&#8221; &#8211; &#8220;Logistyka 4.0 &#8211; zobaczy\u0107 i spr\u00f3bowa\u0107&#8221;"}]},{"@type":"WebSite","@id":"https:\/\/antersystem.com\/hu\/#website","url":"https:\/\/antersystem.com\/hu\/","name":"Anter System","description":"Jeste\u015bmy polskim producentem elastycznych barier ochronnych wykonywanych z polimerowych tworzyw sztucznych. Na rynku krajowym i zagranicznym dzia\u0142amy od ponad 15 lat dbaj\u0105c o zapewnienie bezpiecze\u0144stwa w zak\u0142adach produkcyjnych, magazynach oraz centrach logistycznych.","potentialAction":[{"@type":"SearchAction","target":{"@type":"EntryPoint","urlTemplate":"https:\/\/antersystem.com\/hu\/?s={search_term_string}"},"query-input":{"@type":"PropertyValueSpecification","valueRequired":true,"valueName":"search_term_string"}}],"inLanguage":"hu"}]}},"_links":{"self":[{"href":"https:\/\/antersystem.com\/hu\/wp-json\/wp\/v2\/pages\/39562","targetHints":{"allow":["GET"]}}],"collection":[{"href":"https:\/\/antersystem.com\/hu\/wp-json\/wp\/v2\/pages"}],"about":[{"href":"https:\/\/antersystem.com\/hu\/wp-json\/wp\/v2\/types\/page"}],"author":[{"embeddable":true,"href":"https:\/\/antersystem.com\/hu\/wp-json\/wp\/v2\/users\/1"}],"replies":[{"embeddable":true,"href":"https:\/\/antersystem.com\/hu\/wp-json\/wp\/v2\/comments?post=39562"}],"version-history":[{"count":1,"href":"https:\/\/antersystem.com\/hu\/wp-json\/wp\/v2\/pages\/39562\/revisions"}],"predecessor-version":[{"id":39563,"href":"https:\/\/antersystem.com\/hu\/wp-json\/wp\/v2\/pages\/39562\/revisions\/39563"}],"up":[{"embeddable":true,"href":"https:\/\/antersystem.com\/hu\/wp-json\/wp\/v2\/pages\/30300"}],"wp:attachment":[{"href":"https:\/\/antersystem.com\/hu\/wp-json\/wp\/v2\/media?parent=39562"}],"curies":[{"name":"wp","href":"https:\/\/api.w.org\/{rel}","templated":true}]}}